{"id":10085,"date":"2026-02-20T08:06:53","date_gmt":"2026-02-20T07:06:53","guid":{"rendered":"https:\/\/toutcourtfestival.fr\/?page_id=10085"},"modified":"2026-02-20T09:10:13","modified_gmt":"2026-02-20T08:10:13","slug":"tout-court-fait-son-cinema-programme-2026","status":"publish","type":"page","link":"https:\/\/toutcourtfestival.fr\/index.php\/selections-2026\/tout-court-fait-son-cinema-programme-2026\/","title":{"rendered":"Tout Court! Fait Son Cin\u00e9ma &#8211; Programme 2026"},"content":{"rendered":"<div id=\"pl-10085\"  class=\"panel-layout\" ><div id=\"pg-10085-0\"  class=\"panel-grid panel-no-style\" ><div id=\"pgc-10085-0-0\"  class=\"panel-grid-cell\" ><div id=\"panel-10085-0-0-0\" class=\"so-panel widget widget_sow-image panel-first-child\" data-index=\"0\" ><div\n\t\t\t\n\t\t\tclass=\"so-widget-sow-image so-widget-sow-image-default-113ccd71f3e6-10085\"\n\t\t\t\n\t\t>\n<div class=\"sow-image-container\">\n\t\t<img \n\tsrc=\"https:\/\/i0.wp.com\/toutcourtfestival.fr\/wp-content\/uploads\/2025\/02\/ToutCourt-Fait-Son-Cinema-1.png?fit=300%2C300&amp;ssl=1\" width=\"300\" height=\"300\" srcset=\"https:\/\/i0.wp.com\/toutcourtfestival.fr\/wp-content\/uploads\/2025\/02\/ToutCourt-Fait-Son-Cinema-1.png?w=500&amp;ssl=1 500w, https:\/\/i0.wp.com\/toutcourtfestival.fr\/wp-content\/uploads\/2025\/02\/ToutCourt-Fait-Son-Cinema-1.png?resize=300%2C300&amp;ssl=1 300w, https:\/\/i0.wp.com\/toutcourtfestival.fr\/wp-content\/uploads\/2025\/02\/ToutCourt-Fait-Son-Cinema-1.png?resize=150%2C150&amp;ssl=1 150w\" title=\"ToutCourt Fait Son Cin\u00e9ma\" alt=\"\" \t\tclass=\"so-widget-image\"\/>\n\t<\/div>\n\n<\/div><\/div><div id=\"panel-10085-0-0-1\" class=\"so-panel widget widget_sow-headline panel-last-child\" data-index=\"1\" ><div\n\t\t\t\n\t\t\tclass=\"so-widget-sow-headline so-widget-sow-headline-default-5dfcb4f5b9f8-10085\"\n\t\t\t\n\t\t><div class=\"sow-headline-container \">\n\t\t\t\t\t\t\t<h1 class=\"sow-headline\">\n\t\t\t\t\t\tTout Court! Fait Son Cin\u00e9ma\t\t\t\t\t\t<\/h1>\n\t\t\t\t\t\t\t\t\t\t\t<div class=\"decoration\">\n\t\t\t\t\t\t<div class=\"decoration-inside\"><\/div>\n\t\t\t\t\t<\/div>\n\t\t\t\t\t<\/div>\n<\/div><\/div><\/div><\/div><div id=\"pg-10085-1\"  class=\"panel-grid panel-no-style\" ><div id=\"pgc-10085-1-0\"  class=\"panel-grid-cell panel-grid-cell-empty\" ><\/div><div id=\"pgc-10085-1-1\"  class=\"panel-grid-cell panel-grid-cell-mobile-last\" ><div id=\"panel-10085-1-1-0\" class=\"so-panel widget widget_sow-editor panel-first-child panel-last-child\" data-index=\"2\" ><div\n\t\t\t\n\t\t\tclass=\"so-widget-sow-editor so-widget-sow-editor-base\"\n\t\t\t\n\t\t>\n<div class=\"siteorigin-widget-tinymce textwidget\">\n\t<p>Chaque ann\u00e9e, les membres de l\u2019association <strong>Tout Court!<\/strong> rel\u00e8vent un d\u00e9fi un peu fou : participer au <strong>48 Hour Film Project<\/strong>, \u00e0 Paris \u00e0 l\u2019automne et en version France Online durant l\u2019\u00e9t\u00e9. Le principe est simple\u2026 et intense : <strong>48 heures chrono<\/strong> pour imaginer, tourner et monter un film, avec des contraintes impos\u00e9es le jour J. Une vraie aventure collective.<\/p>\n<p>Mais notre cr\u00e9ativit\u00e9 ne s\u2019arr\u00eate pas l\u00e0. Plusieurs adh\u00e9rents r\u00e9alisent aussi des films tout au long de l\u2019ann\u00e9e, en solo ou avec d\u2019autres structures. <strong>Cette s\u00e9ance du dimanche matin, c\u2019est notre moment \u00e0 nous : celui o\u00f9 l\u2019on partage nos cr\u00e9ations avec vous.<\/strong><\/p>\n<p>Alors installez-vous confortablement, laissez-vous surprendre, et venez d\u00e9couvrir nos projets dans cette premi\u00e8re s\u00e9ance\u2026 juste apr\u00e8s le passage \u00e0 l\u2019heure d\u2019\u00e9t\u00e9.<\/p>\n<p style=\"text-align: center;\"><em><strong>X films<\/strong> - Dur\u00e9e 0h00 plus \u00e9changes avec l'\u00e9quipe du ToutCourt!<\/em><\/p>\n<p style=\"text-align: center;\"><em>Projection le&nbsp;<strong>dimanche 29 mars 2026 <\/strong>\u00e0&nbsp;<strong>11h00 <\/strong><span style=\"text-decoration: underline;\">(ATTENTION, PASSAGE A L'HEURE D'ETE)<\/span> \u00e0 l'<strong>Espace Dany Duriz (ex-salle polyvalente) de Gisors<\/strong>.<\/em><\/p>\n<\/div>\n<\/div><\/div><\/div><div id=\"pgc-10085-1-2\"  class=\"panel-grid-cell panel-grid-cell-empty\" ><\/div><\/div><div id=\"pg-10085-2\"  class=\"panel-grid panel-has-style\" ><div class=\"panel-row-style panel-row-style-for-10085-2\" ><div id=\"pgc-10085-2-0\"  class=\"panel-grid-cell\" ><div id=\"panel-10085-2-0-0\" class=\"so-panel widget widget_sow-editor panel-first-child\" data-index=\"3\" ><div class=\"panel-widget-style panel-widget-style-for-10085-2-0-0\" ><div\n\t\t\t\n\t\t\tclass=\"so-widget-sow-editor so-widget-sow-editor-base\"\n\t\t\t\n\t\t>\n<div class=\"siteorigin-widget-tinymce textwidget\">\n\t<h1 style=\"text-align: justify;\"><span style=\"color: #e6e6e6;\"><b>Bloody Angel<\/b><\/span><\/h1>\n<\/div>\n<\/div><\/div><\/div><div id=\"panel-10085-2-0-1\" class=\"so-panel widget widget_siteorigin-panels-builder panel-last-child\" data-index=\"4\" ><div id=\"pl-w69980a7952dde\"  class=\"panel-layout\" ><div id=\"pg-w69980a7952dde-0\"  class=\"panel-grid panel-no-style\" ><div id=\"pgc-w69980a7952dde-0-0\"  class=\"panel-grid-cell panel-grid-cell-empty\" ><\/div><div id=\"pgc-w69980a7952dde-0-1\"  class=\"panel-grid-cell\" ><div id=\"panel-w69980a7952dde-0-1-0\" class=\"so-panel widget widget_sow-image panel-first-child panel-last-child\" data-index=\"0\" ><div class=\"panel-widget-style panel-widget-style-for-w69980a7952dde-0-1-0\" ><div\n\t\t\t\n\t\t\tclass=\"so-widget-sow-image so-widget-sow-image-default-4e6925654b7a\"\n\t\t\t\n\t\t>\n<div class=\"sow-image-container\">\n\t\t<img \n\tsrc=\"https:\/\/i0.wp.com\/toutcourtfestival.fr\/wp-content\/uploads\/2026\/02\/Bloody-Angel-scaled.jpg?resize=272%2C182&amp;ssl=1\" width=\"272\" height=\"182\" srcset=\"https:\/\/i0.wp.com\/toutcourtfestival.fr\/wp-content\/uploads\/2026\/02\/Bloody-Angel-scaled.jpg?resize=272%2C182&amp;ssl=1 272w, https:\/\/i0.wp.com\/toutcourtfestival.fr\/wp-content\/uploads\/2026\/02\/Bloody-Angel-scaled.jpg?zoom=2&amp;resize=272%2C182&amp;ssl=1 544w, https:\/\/i0.wp.com\/toutcourtfestival.fr\/wp-content\/uploads\/2026\/02\/Bloody-Angel-scaled.jpg?zoom=3&amp;resize=272%2C182&amp;ssl=1 816w\" title=\"Bloody Angel\" alt=\"\" \t\tclass=\"so-widget-image\"\/>\n\t<\/div>\n\n<\/div><\/div><\/div><\/div><div id=\"pgc-w69980a7952dde-0-2\"  class=\"panel-grid-cell\" ><div id=\"panel-w69980a7952dde-0-2-0\" class=\"so-panel widget widget_sow-editor panel-first-child panel-last-child\" data-index=\"1\" ><div\n\t\t\t\n\t\t\tclass=\"so-widget-sow-editor so-widget-sow-editor-base\"\n\t\t\t\n\t\t>\n<div class=\"siteorigin-widget-tinymce textwidget\">\n\t<p style=\"text-align: justify;\"><span style=\"font-size: 12pt; color: #e6e6e6;\"><em>Com\u00e9die noire de Hanya Zamora et Yvon Aubin - France - 07'58\"<\/em><\/span><\/p>\n<p style=\"text-align: justify;\"><span style=\"font-size: 12pt; color: #e6e6e6;\">Bloody Angel raconte une histoire plus commune qu\u2019on ne l\u2019imagine : celle d\u2019un jeune gar\u00e7on qui imite son p\u00e8re. \u00c0 un \u00e2ge o\u00f9 l\u2019on cherche des mod\u00e8les solides, il suit naturellement les traces de son paternel. Avec son groupe d\u2019amis, il va tenter de nouvelles exp\u00e9riences qui marqueront profond\u00e9ment sa vie.<\/span><\/p>\n<p>&nbsp;<\/p>\n<\/div>\n<\/div><\/div><\/div><\/div><\/div><\/div><\/div><\/div><\/div><div id=\"pg-10085-3\"  class=\"panel-grid panel-has-style\" ><div class=\"panel-row-style panel-row-style-for-10085-3\" ><div id=\"pgc-10085-3-0\"  class=\"panel-grid-cell\" ><div id=\"panel-10085-3-0-0\" class=\"so-panel widget widget_sow-editor panel-first-child\" data-index=\"5\" ><div class=\"panel-widget-style panel-widget-style-for-10085-3-0-0\" ><div\n\t\t\t\n\t\t\tclass=\"so-widget-sow-editor so-widget-sow-editor-base\"\n\t\t\t\n\t\t>\n<div class=\"siteorigin-widget-tinymce textwidget\">\n\t<h1 style=\"text-align: justify;\"><b>Mes Potes, Ces Batards<br \/>\n<\/b><b><\/b><\/h1>\n<\/div>\n<\/div><\/div><\/div><div id=\"panel-10085-3-0-1\" class=\"so-panel widget widget_siteorigin-panels-builder panel-last-child\" data-index=\"6\" ><div id=\"pl-w699816e563aef\"  class=\"panel-layout\" ><div id=\"pg-w699816e563aef-0\"  class=\"panel-grid panel-no-style\" ><div id=\"pgc-w699816e563aef-0-0\"  class=\"panel-grid-cell panel-grid-cell-empty\" ><\/div><div id=\"pgc-w699816e563aef-0-1\"  class=\"panel-grid-cell\" ><div id=\"panel-w699816e563aef-0-1-0\" class=\"so-panel widget widget_sow-image panel-first-child panel-last-child\" data-index=\"0\" ><div class=\"panel-widget-style panel-widget-style-for-w699816e563aef-0-1-0\" ><div\n\t\t\t\n\t\t\tclass=\"so-widget-sow-image so-widget-sow-image-default-4e6925654b7a\"\n\t\t\t\n\t\t>\n<div class=\"sow-image-container\">\n\t\t<img \n\tsrc=\"https:\/\/i0.wp.com\/toutcourtfestival.fr\/wp-content\/uploads\/2026\/02\/Mes-potes-ces-batards-scaled.png?resize=272%2C182&amp;ssl=1\" width=\"272\" height=\"182\" srcset=\"https:\/\/i0.wp.com\/toutcourtfestival.fr\/wp-content\/uploads\/2026\/02\/Mes-potes-ces-batards-scaled.png?resize=272%2C182&amp;ssl=1 272w, https:\/\/i0.wp.com\/toutcourtfestival.fr\/wp-content\/uploads\/2026\/02\/Mes-potes-ces-batards-scaled.png?zoom=2&amp;resize=272%2C182&amp;ssl=1 544w, https:\/\/i0.wp.com\/toutcourtfestival.fr\/wp-content\/uploads\/2026\/02\/Mes-potes-ces-batards-scaled.png?zoom=3&amp;resize=272%2C182&amp;ssl=1 816w\" title=\"Mes potes ces batards\" alt=\"\" \t\tclass=\"so-widget-image\"\/>\n\t<\/div>\n\n<\/div><\/div><\/div><\/div><div id=\"pgc-w699816e563aef-0-2\"  class=\"panel-grid-cell\" ><div id=\"panel-w699816e563aef-0-2-0\" class=\"so-panel widget widget_sow-editor panel-first-child panel-last-child\" data-index=\"1\" ><div\n\t\t\t\n\t\t\tclass=\"so-widget-sow-editor so-widget-sow-editor-base\"\n\t\t\t\n\t\t>\n<div class=\"siteorigin-widget-tinymce textwidget\">\n\t<p style=\"text-align: justify;\"><span style=\"font-size: 12pt;\"><em>Com\u00e9die (de vacances) - Manon Romet et Thomas Fran\u00e7ois - France - 08\u201910\u201d<br \/>\n<\/em><\/span><\/p>\n<p style=\"text-align: justify;\"><span style=\"font-size: 12pt;\">L'histoire d'une bande de potes qui souhaite retrouver un ami tout en lui faisant la surprise avec de nombreux subterfuge.<\/span><\/p>\n<p>&nbsp;<\/p>\n<\/div>\n<\/div><\/div><\/div><\/div><\/div><\/div><\/div><\/div><\/div><div id=\"pg-10085-4\"  class=\"panel-grid panel-has-style\" ><div class=\"panel-row-style panel-row-style-for-10085-4\" ><div id=\"pgc-10085-4-0\"  class=\"panel-grid-cell\" ><div id=\"panel-10085-4-0-0\" class=\"so-panel widget widget_sow-editor panel-first-child\" data-index=\"7\" ><div class=\"panel-widget-style panel-widget-style-for-10085-4-0-0\" ><div\n\t\t\t\n\t\t\tclass=\"so-widget-sow-editor so-widget-sow-editor-base\"\n\t\t\t\n\t\t>\n<div class=\"siteorigin-widget-tinymce textwidget\">\n\t<h1 style=\"text-align: justify;\"><span style=\"color: #e6e6e6;\"><b>Faux Visages<br \/>\n<\/b><\/span><\/h1>\n<\/div>\n<\/div><\/div><\/div><div id=\"panel-10085-4-0-1\" class=\"so-panel widget widget_siteorigin-panels-builder panel-last-child\" data-index=\"8\" ><div id=\"pl-w699102d5311b6\"  class=\"panel-layout\" ><div id=\"pg-w699102d5311b6-0\"  class=\"panel-grid panel-no-style\" ><div id=\"pgc-w699102d5311b6-0-0\"  class=\"panel-grid-cell panel-grid-cell-empty\" ><\/div><div id=\"pgc-w699102d5311b6-0-1\"  class=\"panel-grid-cell\" ><div id=\"panel-w699102d5311b6-0-1-0\" class=\"so-panel widget widget_sow-image panel-first-child panel-last-child\" data-index=\"0\" ><div class=\"panel-widget-style panel-widget-style-for-w699102d5311b6-0-1-0\" ><div\n\t\t\t\n\t\t\tclass=\"so-widget-sow-image so-widget-sow-image-default-4e6925654b7a\"\n\t\t\t\n\t\t>\n<div class=\"sow-image-container\">\n\t\t<img \n\tsrc=\"https:\/\/i0.wp.com\/toutcourtfestival.fr\/wp-content\/uploads\/2026\/02\/Faux-visages-avec-Alan-scaled.jpg?resize=272%2C182&amp;ssl=1\" width=\"272\" height=\"182\" srcset=\"https:\/\/i0.wp.com\/toutcourtfestival.fr\/wp-content\/uploads\/2026\/02\/Faux-visages-avec-Alan-scaled.jpg?resize=272%2C182&amp;ssl=1 272w, https:\/\/i0.wp.com\/toutcourtfestival.fr\/wp-content\/uploads\/2026\/02\/Faux-visages-avec-Alan-scaled.jpg?zoom=2&amp;resize=272%2C182&amp;ssl=1 544w, https:\/\/i0.wp.com\/toutcourtfestival.fr\/wp-content\/uploads\/2026\/02\/Faux-visages-avec-Alan-scaled.jpg?zoom=3&amp;resize=272%2C182&amp;ssl=1 816w\" title=\"Faux visages avec Alan\" alt=\"\" \t\tclass=\"so-widget-image\"\/>\n\t<\/div>\n\n<\/div><\/div><\/div><\/div><div id=\"pgc-w699102d5311b6-0-2\"  class=\"panel-grid-cell\" ><div id=\"panel-w699102d5311b6-0-2-0\" class=\"so-panel widget widget_sow-editor panel-first-child panel-last-child\" data-index=\"1\" ><div\n\t\t\t\n\t\t\tclass=\"so-widget-sow-editor so-widget-sow-editor-base\"\n\t\t\t\n\t\t>\n<div class=\"siteorigin-widget-tinymce textwidget\">\n\t<p style=\"text-align: justify;\"><span style=\"font-size: 12pt; font-family: arial, helvetica, sans-serif; color: #e6e6e6;\"><em>Com\u00e9die de Mathis Hamm- France - 2\u201920\u201d<br \/>\n<\/em><\/span><\/p>\n<p style=\"text-align: justify;\"><span style=\"font-size: 12pt; color: #e6e6e6;\">Paul invite ses amis, Alexandre, Pierre et L\u00e9a \u00e0 d\u00eener pour enfin se retrouver apr\u00e8s une longue p\u00e9riode sans nouvelles. L'ambiance s'installe entre Paul et ses amis mais quelque chose cloche. L'ambiance devient de plus en plus pesante, la maison de se resserrer autour d'eux. Entre tension et malaise grandissant, la soir\u00e9e prend un tournant inattendu....sans que personne ne sache vraiment ce qui est en train de se jouer.<br \/>\n<\/span><\/p>\n<p>&nbsp;<\/p>\n<\/div>\n<\/div><\/div><\/div><\/div><\/div><\/div><\/div><\/div><\/div><div id=\"pg-10085-5\"  class=\"panel-grid panel-no-style\" ><div id=\"pgc-10085-5-0\"  class=\"panel-grid-cell\" ><div id=\"panel-10085-5-0-0\" class=\"so-panel widget widget_text panel-first-child panel-last-child\" data-index=\"9\" >\t\t\t<div class=\"textwidget\"><style>.entry-title {display:none;}<\/style> <\/div>\n\t\t<\/div><\/div><\/div><\/div>","protected":false},"excerpt":{"rendered":"<p>Tout Court! Fait Son Cin\u00e9ma <\/p>\n<p>Chaque ann\u00e9e, les membres de l\u2019association <strong>Tout Court!<\/strong> rel\u00e8vent un d\u00e9fi un peu fou : participer au <strong>48 Hour Film Project<\/strong>, \u00e0 Paris \u00e0 l\u2019automne et en version France Online durant l\u2019\u00e9t\u00e9. Le principe est simple\u2026 et intense : <strong>48 heures chrono<\/strong> pour imaginer, tourner et monter un film, avec &hellip; <\/p>\n<p><a class=\"more-link btn\" href=\"https:\/\/toutcourtfestival.fr\/index.php\/selections-2026\/tout-court-fait-son-cinema-programme-2026\/\">Continue reading<\/a><\/p>\n","protected":false},"author":4,"featured_media":0,"parent":9949,"menu_order":0,"comment_status":"closed","ping_status":"closed","template":"","meta":{"ngg_post_thumbnail":0,"jetpack_post_was_ever_published":false,"footnotes":""},"class_list":["post-10085","page","type-page","status-publish","hentry","nodate","item-wrap"],"jetpack_sharing_enabled":true,"jetpack_shortlink":"https:\/\/wp.me\/P8k6iw-2CF","jetpack_likes_enabled":true,"_links":{"self":[{"href":"https:\/\/toutcourtfestival.fr\/index.php\/wp-json\/wp\/v2\/pages\/10085","targetHints":{"allow":["GET"]}}],"collection":[{"href":"https:\/\/toutcourtfestival.fr\/index.php\/wp-json\/wp\/v2\/pages"}],"about":[{"href":"https:\/\/toutcourtfestival.fr\/index.php\/wp-json\/wp\/v2\/types\/page"}],"author":[{"embeddable":true,"href":"https:\/\/toutcourtfestival.fr\/index.php\/wp-json\/wp\/v2\/users\/4"}],"replies":[{"embeddable":true,"href":"https:\/\/toutcourtfestival.fr\/index.php\/wp-json\/wp\/v2\/comments?post=10085"}],"version-history":[{"count":9,"href":"https:\/\/toutcourtfestival.fr\/index.php\/wp-json\/wp\/v2\/pages\/10085\/revisions"}],"predecessor-version":[{"id":10159,"href":"https:\/\/toutcourtfestival.fr\/index.php\/wp-json\/wp\/v2\/pages\/10085\/revisions\/10159"}],"up":[{"embeddable":true,"href":"https:\/\/toutcourtfestival.fr\/index.php\/wp-json\/wp\/v2\/pages\/9949"}],"wp:attachment":[{"href":"https:\/\/toutcourtfestival.fr\/index.php\/wp-json\/wp\/v2\/media?parent=10085"}],"curies":[{"name":"wp","href":"https:\/\/api.w.org\/{rel}","templated":true}]}}