{"id":116,"date":"2017-01-05T23:24:16","date_gmt":"2017-01-05T22:24:16","guid":{"rendered":"http:\/\/toutcourtfestival.fr\/?page_id=116"},"modified":"2017-03-18T11:48:31","modified_gmt":"2017-03-18T10:48:31","slug":"association-cine-jeunes-de-gisors","status":"publish","type":"page","link":"https:\/\/toutcourtfestival.fr\/index.php\/association-cine-jeunes-de-gisors\/","title":{"rendered":"Association Cin\u00e9-Jeunes Gisors"},"content":{"rendered":"<div id=\"pl-116\"  class=\"panel-layout\" ><div id=\"pg-116-0\"  class=\"panel-grid panel-no-style\" ><div id=\"pgc-116-0-0\"  class=\"panel-grid-cell\" ><div id=\"panel-116-0-0-0\" class=\"so-panel widget widget_sow-headline panel-first-child panel-last-child\" data-index=\"0\" ><div\n\t\t\t\n\t\t\tclass=\"so-widget-sow-headline so-widget-sow-headline-default-6090f20097d1-116\"\n\t\t\t\n\t\t><div class=\"sow-headline-container \">\n\t\t\t\t\t\t\t<h1 class=\"sow-headline\">\n\t\t\t\t\t\tAssociation Cin\u00e9-Jeunes Gisors\t\t\t\t\t\t<\/h1>\n\t\t\t\t\t\t\t\t\t\t\t<div class=\"decoration\">\n\t\t\t\t\t\t<div class=\"decoration-inside\"><\/div>\n\t\t\t\t\t<\/div>\n\t\t\t\t\t<\/div>\n<\/div><\/div><\/div><\/div><div id=\"pg-116-1\"  class=\"panel-grid panel-no-style\" ><div id=\"pgc-116-1-0\"  class=\"panel-grid-cell\" ><div id=\"panel-116-1-0-0\" class=\"so-panel widget widget_siteorigin-panels-builder panel-first-child panel-last-child\" data-index=\"1\" ><div id=\"pl-w58cd102fdbe18\"  class=\"panel-layout\" ><div id=\"pg-w58cd102fdbe18-0\"  class=\"panel-grid panel-no-style\" ><div id=\"pgc-w58cd102fdbe18-0-0\"  class=\"panel-grid-cell\" ><div id=\"panel-w58cd102fdbe18-0-0-0\" class=\"so-panel widget widget_sow-image panel-first-child panel-last-child\" data-index=\"0\" ><div\n\t\t\t\n\t\t\tclass=\"so-widget-sow-image so-widget-sow-image-default-8b5b6f678277\"\n\t\t\t\n\t\t>\n<div class=\"sow-image-container\">\n\t\t<img \n\tsrc=\"https:\/\/i0.wp.com\/toutcourtfestival.fr\/wp-content\/uploads\/2017\/01\/Ass.-pour-un-Festival-Cin%C3%A9-Jeunes-logo3.png?fit=500%2C604&amp;ssl=1\" width=\"500\" height=\"604\" title=\"Cin\u00e9-Jeunes Gisors\" alt=\"\" \t\tclass=\"so-widget-image\"\/>\n\t<\/div>\n\n<\/div><\/div><\/div><div id=\"pgc-w58cd102fdbe18-0-1\"  class=\"panel-grid-cell\" ><div id=\"panel-w58cd102fdbe18-0-1-0\" class=\"so-panel widget widget_sow-editor panel-first-child panel-last-child\" data-index=\"1\" ><div\n\t\t\t\n\t\t\tclass=\"so-widget-sow-editor so-widget-sow-editor-base\"\n\t\t\t\n\t\t>\n<div class=\"siteorigin-widget-tinymce textwidget\">\n\t<p style=\"text-align: justify;\"><strong>L'association pour un Festival Cin\u00e9-Jeunes<\/strong> de Gisors (en abr\u00e9g\u00e9: <strong>Cin\u00e9-Jeunes Gisors<\/strong>) a \u00e9t\u00e9 cr\u00e9\u00e9 en juin 2016 par des membres de l'<a href=\"http:\/\/cinemacam.fr\">atelier Cin\u00e9macam<\/a>, dont son fondateur et animateur. Elle&nbsp;est porteuse de <a href=\"http:\/\/toutcourtfestival.fr\/index.php\/accueil\/projet-cine-jeunes\/\">projet Cin\u00e9-Jeunes<\/a> et se charge de l'organisation du festival (partie \u00e9v\u00e9nement et logistique) ainsi que de la coordination des activit\u00e9s partenaires.<\/p>\n<p>Site web: <a href=\"http:\/\/cinejeunesgisors.fr\">http:\/\/cinejeunesgisors.fr<\/a>&nbsp;<\/p>\n<p>Page Facebook:&nbsp;<a href=\"https:\/\/www.facebook.com\/CineJeunesGisors\/\">https:\/\/www.facebook.com\/CineJeunesGisors\/<\/a>&nbsp; &nbsp;<\/p>\n<p><a href=\"http:\/\/toutcourtfestival.fr\/wp-content\/uploads\/2017\/01\/Association-festival-Statuts.pdf\">T\u00e9l\u00e9charger les statuts de l'association<\/a>&nbsp;(PDF).<\/p>\n<\/div>\n<\/div><\/div><\/div><\/div><div id=\"pg-w58cd102fdbe18-1\"  class=\"panel-grid panel-no-style\" ><div id=\"pgc-w58cd102fdbe18-1-0\"  class=\"panel-grid-cell\" ><div id=\"panel-w58cd102fdbe18-1-0-0\" class=\"so-panel widget widget_sow-editor panel-first-child panel-last-child\" data-index=\"2\" ><div\n\t\t\t\n\t\t\tclass=\"so-widget-sow-editor so-widget-sow-editor-base\"\n\t\t\t\n\t\t>\n<div class=\"siteorigin-widget-tinymce textwidget\">\n\t<h1 style=\"text-align: justify;\">Extrait des statuts<\/h1>\n<p style=\"text-align: justify;\">Le but de l\u2019association est culturel et \u00e9ducatif. Il est li\u00e9 au cin\u00e9ma et \u00e0 l\u2019audiovisuel \u00e0 travers la promotion du court-m\u00e9trage, avec une forte orientation vers l\u2019\u00e9ducation \u00e0 l\u2019image.<\/p>\n<p style=\"text-align: justify;\">L'objet de l'association est la cr\u00e9ation et la coordination d\u2019un Festival de Court-M\u00e9trages ayant lieu dans la commune de Gisors (Eure, 27) mais \u00e9tendant son rayon d\u2019action aux alentours sur les territoires de l\u2019Eure, de l\u2019Oise et du Val d\u2019Oise, notamment en milieu rural, en impliquant des jeunes de 12 \u00e0 25 ans \u00e0 tous les niveaux de sa r\u00e9alisation, et en impliquant des partenaires institutionnels et priv\u00e9s provenant des trois territoires.<\/p>\n<p style=\"text-align: justify;\">Le Festival est r\u00e9git par les quatre principes suivants&nbsp;:<\/p>\n<p style=\"text-align: justify;\"><strong>1) <\/strong>Impliquer des jeunes au c\u0153ur de la conception du festival, notamment en leur confiant la direction artistique avec encadrement adulte.<\/p>\n<p style=\"text-align: justify;\"><strong>2)<\/strong> Favoriser et provoquer les rencontres entre artistes\/professionnels du cin\u00e9ma et amateur passionn\u00e9s en accordant, parall\u00e8lement aux s\u00e9lections professionnelles, une place importante \u00e0 la cr\u00e9ation audiovisuelle amateur, notamment celle r\u00e9alis\u00e9es en atelier au sein de structures jeunesses.<\/p>\n<p style=\"text-align: justify;\"><strong>3) <\/strong>Promouvoir et soutenir les structures jeunesses des environs de Gisors dans le d\u00e9veloppement d\u2019une d\u00e9marche cr\u00e9atrice en vue du festival.<\/p>\n<p style=\"text-align: justify;\"><strong>4) <\/strong>Promouvoir et soutenir la diffusion du court-m\u00e9trage en milieu rural.<\/p>\n<p style=\"text-align: justify;\">Les actions de l\u2019association sont les suivantes&nbsp;:<\/p>\n<p style=\"text-align: justify;\">- Mettre en \u0153uvre le volet \u00ab&nbsp;\u00e9v\u00e9nement Festival&nbsp;\u00bb \u00e0 Gisors, notamment dans ses aspects logistiques.<\/p>\n<p style=\"text-align: justify;\">- Coordonner les diff\u00e9rentes actions mises en \u0153uvre autour du festival, dont sa direction artistique, par l\u2019ensemble des partenaires et structures impliqu\u00e9es.<\/p>\n<p style=\"text-align: justify;\">- Coordonner la communication autour du projet et de l\u2019\u00e9v\u00e8nement Festival.<\/p>\n<p style=\"text-align: justify;\">- Identifier les structures potentiellement int\u00e9ress\u00e9es (tel que structures jeunesses ou partenaires potentiels), promouvoir le projet aupr\u00e8s d\u2019eux, les int\u00e9grer au projet le cas \u00e9ch\u00e9ant.<\/p>\n<p style=\"text-align: justify;\">L\u2019association est susceptible d\u2019exercer des activit\u00e9s \u00e9conomiques li\u00e9es \u00e0 son objet tel que&nbsp;: billetterie, buvette, vente d\u2019objets publicitaires li\u00e9s au festival, location de stands pour exposition (liste non exhaustive).<\/p>\n<\/div>\n<\/div><\/div><\/div><\/div><\/div><\/div><\/div><div id=\"pgc-116-1-1\"  class=\"panel-grid-cell\" ><div id=\"panel-116-1-1-0\" class=\"so-panel widget panel-first-child panel-last-child\" data-index=\"2\" ><div class=\"panel-widget-style panel-widget-style-for-116-1-1-0\" ><\/div><\/div><\/div><\/div><div id=\"pg-116-2\"  class=\"panel-grid panel-no-style\" ><div id=\"pgc-116-2-0\"  class=\"panel-grid-cell\" ><div id=\"panel-116-2-0-0\" class=\"so-panel widget widget_text panel-first-child panel-last-child\" data-index=\"3\" >\t\t\t<div class=\"textwidget\"><style>.entry-title {display:none;}<\/style> <\/div>\n\t\t<\/div><\/div><\/div><\/div>","protected":false},"excerpt":{"rendered":"<p>Association Cin\u00e9-Jeunes Gisors <\/p>\n<p style=\"text-align: justify;\"><strong>L&#8217;association pour un Festival Cin\u00e9-Jeunes<\/strong> de Gisors (en abr\u00e9g\u00e9: <strong>Cin\u00e9-Jeunes Gisors<\/strong>) a \u00e9t\u00e9 cr\u00e9\u00e9 en juin 2016 par des membres de l&#8217;<a href=\"http:\/\/cinemacam.fr\">atelier Cin\u00e9macam<\/a>, dont son fondateur et animateur. Elle&nbsp;est porteuse de <a href=\"http:\/\/toutcourtfestival.fr\/index.php\/accueil\/projet-cine-jeunes\/\">projet Cin\u00e9-Jeunes<\/a> et se charge de l&#8217;organisation du festival (partie \u00e9v\u00e9nement et logistique) ainsi que de la &hellip; <\/p>\n<p><a class=\"more-link btn\" href=\"https:\/\/toutcourtfestival.fr\/index.php\/association-cine-jeunes-de-gisors\/\">Continue reading<\/a><\/p>\n","protected":false},"author":1,"featured_media":127,"parent":0,"menu_order":40,"comment_status":"closed","ping_status":"closed","template":"","meta":{"ngg_post_thumbnail":0,"jetpack_post_was_ever_published":false,"footnotes":""},"class_list":["post-116","page","type-page","status-publish","has-post-thumbnail","hentry","nodate","item-wrap"],"jetpack_sharing_enabled":true,"jetpack_shortlink":"https:\/\/wp.me\/P8k6iw-1S","jetpack_likes_enabled":true,"_links":{"self":[{"href":"https:\/\/toutcourtfestival.fr\/index.php\/wp-json\/wp\/v2\/pages\/116","targetHints":{"allow":["GET"]}}],"collection":[{"href":"https:\/\/toutcourtfestival.fr\/index.php\/wp-json\/wp\/v2\/pages"}],"about":[{"href":"https:\/\/toutcourtfestival.fr\/index.php\/wp-json\/wp\/v2\/types\/page"}],"author":[{"embeddable":true,"href":"https:\/\/toutcourtfestival.fr\/index.php\/wp-json\/wp\/v2\/users\/1"}],"replies":[{"embeddable":true,"href":"https:\/\/toutcourtfestival.fr\/index.php\/wp-json\/wp\/v2\/comments?post=116"}],"version-history":[{"count":0,"href":"https:\/\/toutcourtfestival.fr\/index.php\/wp-json\/wp\/v2\/pages\/116\/revisions"}],"wp:featuredmedia":[{"embeddable":true,"href":"https:\/\/toutcourtfestival.fr\/index.php\/wp-json\/wp\/v2\/media\/127"}],"wp:attachment":[{"href":"https:\/\/toutcourtfestival.fr\/index.php\/wp-json\/wp\/v2\/media?parent=116"}],"curies":[{"name":"wp","href":"https:\/\/api.w.org\/{rel}","templated":true}]}}