{"id":1269,"date":"2017-03-07T15:51:03","date_gmt":"2017-03-07T14:51:03","guid":{"rendered":"http:\/\/toutcourtfestival.fr\/?page_id=1269"},"modified":"2017-03-07T17:45:33","modified_gmt":"2017-03-07T16:45:33","slug":"tests-page-dacceuil","status":"publish","type":"page","link":"https:\/\/toutcourtfestival.fr\/index.php\/tests-page-dacceuil\/","title":{"rendered":"Tests Page d&#8217;acceuil"},"content":{"rendered":"<div id=\"pl-1269\"  class=\"panel-layout\" ><div id=\"pg-1269-0\"  class=\"panel-grid panel-has-style\" ><div class=\"siteorigin-panels-stretch panel-row-style panel-row-style-for-1269-0\" data-stretch-type=\"full\" ><div id=\"pgc-1269-0-0\"  class=\"panel-grid-cell\" ><div id=\"panel-1269-0-0-0\" class=\"so-panel widget widget_sow-post-carousel panel-first-child panel-last-child\" data-index=\"0\" ><div class=\"panel-widget-style panel-widget-style-for-1269-0-0-0\" ><div\n\t\t\t\n\t\t\tclass=\"so-widget-sow-post-carousel so-widget-sow-post-carousel-base-ad93eedad001-1269\"\n\t\t\t\n\t\t>\t<div\n\t\tclass=\"sow-post-carousel-wrapper sow-post-carousel-theme-base\"\n\t\tstyle=\"overflow: hidden; max-width: 100%; min-height: 182px\"\n\t>\n\t\t<div class=\"sow-carousel-title has-title\">\n\t<h3 class=\"widget-title\">Actualit\u00e9s du Festival<\/h3>\t\t<div class=\"sow-carousel-navigation \">\n\t\t\t\t\t\t<a href=\"#\" class=\"sow-carousel-next\" title=\"Next\" aria-label=\"Next Posts\" role=\"button\"><\/a>\n\t\t\t\t\t\t<a href=\"#\" class=\"sow-carousel-previous\" title=\"Previous\" aria-label=\"Previous Posts\" role=\"button\"><\/a>\n\t\t\t\t\t<\/div>\n\t<\/div>\n\n<div class=\"sow-carousel-container \">\n\t\t<div class=\"sow-carousel-wrapper\"\n\t\tdata-dir=\"ltr\"\n\t\tstyle=\"opacity: 0;\"\n\t\tdata-widget=\"post\" data-fetching=\"false\" data-page=\"1\" data-ajax-url=\"https:\/\/toutcourtfestival.fr\/wp-admin\/admin-ajax.php?_widgets_nonce=ee88c0e0bb\" data-item_count=\"47\" data-carousel_settings=\"{&quot;loop&quot;:true,&quot;animation&quot;:&quot;Ease&quot;,&quot;animation_speed&quot;:400,&quot;autoplay&quot;:&quot;&quot;,&quot;pauseOnHover&quot;:&quot;&quot;,&quot;autoplaySpeed&quot;:8000,&quot;item_overflow&quot;:true,&quot;autoplay_continuous_scroll&quot;:false}\" data-responsive=\"{&quot;desktop_slides_to_scroll&quot;:1,&quot;tablet_landscape_breakpoint&quot;:1366,&quot;tablet_landscape_slides_to_scroll&quot;:2,&quot;tablet_portrait_breakpoint&quot;:1025,&quot;tablet_portrait_slides_to_scroll&quot;:2,&quot;mobile_breakpoint&quot;:480,&quot;mobile_slides_to_scroll&quot;:1}\" data-variable_width=\"true\" \t>\n\t\t<div\n\t\t\tclass=\"sow-carousel-items\"\n\t\t\t\t\t>\n\t\t\t\t<div class=\"sow-carousel-item\" tabindex=\"-1\" style=\"float: left;\">\n\t\t<div class=\"sow-carousel-thumbnail\">\n\t\t\t\t\t\t\t<a\n\t\t\t\t\thref=\"https:\/\/toutcourtfestival.fr\/index.php\/2026\/03\/17\/tout-court-festival-edition-2026\/\"\n\t\t\t\t\t\t\t\t\t\tstyle=\"background-image: url( https:\/\/i0.wp.com\/toutcourtfestival.fr\/wp-content\/uploads\/2026\/03\/Affiche-Tout-Court-2026-Web.jpg-scaled.jpeg?resize=272%2C182&#038;ssl=1 )\"\n\t\t\t\t\taria-labelledby=\"sow-carousel-id-10324\"\n\t\t\t\t\ttabindex=\"-1\"\n\t\t\t\t>\n\t\t\t\t\t<span class=\"overlay\"><\/span>\n\t\t\t\t<\/a>\n\t\t\t\t\t<\/div>\n\t\t<h3 class=\"sow-carousel-item-title\">\n\t\t\t<a\n\t\t\t\thref=\"https:\/\/toutcourtfestival.fr\/index.php\/2026\/03\/17\/tout-court-festival-edition-2026\/\"\n\t\t\t\tid=\"sow-carousel-id-10324\"\n\t\t\t\t\t\t\t\ttabindex=\"-1\"\n\t\t\t>\n\n\t\t\t\tTout Court ! Festival \u2022 Edition 2026\t\t\t<\/a>\n\t\t<\/h3>\n\t<\/div>\n\t\t<div class=\"sow-carousel-item\" tabindex=\"-1\" style=\"float: left;\">\n\t\t<div class=\"sow-carousel-thumbnail\">\n\t\t\t\t\t\t\t<a\n\t\t\t\t\thref=\"https:\/\/toutcourtfestival.fr\/index.php\/2025\/09\/12\/tout-court-ateliers-fait-sa-rentree\/\"\n\t\t\t\t\t\t\t\t\t\tstyle=\"background-image: url( https:\/\/i0.wp.com\/toutcourtfestival.fr\/wp-content\/uploads\/2025\/09\/EQUIPE.jpg?resize=272%2C182&#038;ssl=1 )\"\n\t\t\t\t\taria-labelledby=\"sow-carousel-id-9888\"\n\t\t\t\t\ttabindex=\"-1\"\n\t\t\t\t>\n\t\t\t\t\t<span class=\"overlay\"><\/span>\n\t\t\t\t<\/a>\n\t\t\t\t\t<\/div>\n\t\t<h3 class=\"sow-carousel-item-title\">\n\t\t\t<a\n\t\t\t\thref=\"https:\/\/toutcourtfestival.fr\/index.php\/2025\/09\/12\/tout-court-ateliers-fait-sa-rentree\/\"\n\t\t\t\tid=\"sow-carousel-id-9888\"\n\t\t\t\t\t\t\t\ttabindex=\"-1\"\n\t\t\t>\n\n\t\t\t\t&#8220;Tout Court! Ateliers&#8221; fait sa rentr\u00e9e\t\t\t<\/a>\n\t\t<\/h3>\n\t<\/div>\n\t\t<div class=\"sow-carousel-item\" tabindex=\"-1\" style=\"float: left;\">\n\t\t<div class=\"sow-carousel-thumbnail\">\n\t\t\t\t\t\t\t<a\n\t\t\t\t\thref=\"https:\/\/toutcourtfestival.fr\/index.php\/2025\/03\/19\/tout-court-festival-edition-2025\/\"\n\t\t\t\t\t\t\t\t\t\tstyle=\"background-image: url( https:\/\/i0.wp.com\/toutcourtfestival.fr\/wp-content\/uploads\/2025\/02\/Flyer-2025_Page_1-1.jpg?resize=272%2C182&#038;ssl=1 )\"\n\t\t\t\t\taria-labelledby=\"sow-carousel-id-9537\"\n\t\t\t\t\ttabindex=\"-1\"\n\t\t\t\t>\n\t\t\t\t\t<span class=\"overlay\"><\/span>\n\t\t\t\t<\/a>\n\t\t\t\t\t<\/div>\n\t\t<h3 class=\"sow-carousel-item-title\">\n\t\t\t<a\n\t\t\t\thref=\"https:\/\/toutcourtfestival.fr\/index.php\/2025\/03\/19\/tout-court-festival-edition-2025\/\"\n\t\t\t\tid=\"sow-carousel-id-9537\"\n\t\t\t\t\t\t\t\ttabindex=\"-1\"\n\t\t\t>\n\n\t\t\t\tTout Court! Festival Edition 2025\t\t\t<\/a>\n\t\t<\/h3>\n\t<\/div>\n\t\t\t<\/div>\n\t\t\t<\/div>\n\n\t<\/div>\n\t\t<input type=\"hidden\" name=\"instance_hash\" value=\"2d7f4680\"\/>\n\t<\/div>\n<\/div><\/div><\/div><\/div><div id=\"pgc-1269-0-1\"  class=\"panel-grid-cell\" ><div id=\"panel-1269-0-1-0\" class=\"so-panel widget widget_sow-editor panel-first-child panel-last-child\" data-index=\"1\" ><div class=\"panel-widget-style panel-widget-style-for-1269-0-1-0\" ><div\n\t\t\t\n\t\t\tclass=\"so-widget-sow-editor so-widget-sow-editor-base\"\n\t\t\t\n\t\t>\n<div class=\"siteorigin-widget-tinymce textwidget\">\n\t<p style=\"text-align: center;\">&nbsp;<\/p>\n<p style=\"text-align: center;\"><iframe loading=\"lazy\" src=\"\/\/www.youtube.com\/embed\/ejmlmeLErQU\" width=\"270\" height=\"151\" allowfullscreen=\"allowfullscreen\"><\/iframe><\/p>\n<p style=\"text-align: center;\"><span style=\"color: #ffffff;\"><a style=\"color: #ffffff;\" href=\"http:\/\/toutcourtfestival.fr\/index.php\/tout-court-2017\/appel-a-films-2017\/concours-video\/\">D\u00e9tails et inscriptions: cliquez ici<\/a><\/span><\/p>\n<\/div>\n<\/div><\/div><\/div><\/div><\/div><\/div><div id=\"pg-1269-1\"  class=\"panel-grid panel-has-style\" ><div class=\"panel-row-style panel-row-style-for-1269-1\" ><div id=\"pgc-1269-1-0\"  class=\"panel-grid-cell\" ><div id=\"panel-1269-1-0-0\" class=\"so-panel widget widget_sow-editor panel-first-child panel-last-child\" data-index=\"2\" ><div class=\"panel-widget-style panel-widget-style-for-1269-1-0-0\" ><div\n\t\t\t\n\t\t\tclass=\"so-widget-sow-editor so-widget-sow-editor-base\"\n\t\t\t\n\t\t>\n<div class=\"siteorigin-widget-tinymce textwidget\">\n\t<div id=\"panel-1027-0-0-0\" class=\"so-panel widget widget_sow-editor panel-first-child\" data-index=\"0\">\n<div class=\"so-widget-sow-editor so-widget-sow-editor-base\">\n<div class=\"siteorigin-widget-tinymce textwidget\">\n<h1><span style=\"font-size: 24pt;\">Tout Court ! Premi\u00e8re \u00e9dition : <\/span><strong><span style=\"font-size: 24pt;\">7 - 9 juillet 2017<\/span><br \/><\/strong><\/h1>\n<\/div>\n<\/div>\n<\/div>\n<p style=\"text-align: justify;\"><span style=\"font-size: 12pt;\">Le Tout Court !&nbsp;c'est le festival du court m\u00e9trage de Gisors!<\/span><\/p>\n<p style=\"text-align: justify;\"><span style=\"font-size: 12pt;\">Il a lieu tous les ans fin juin ou d\u00e9but juillet dans la ville de Gisors, Eure.&nbsp;<\/span><span style=\"font-size: 12pt;\">Il pr\u00e9sente une comp\u00e9tition professionnelle, un concours amateur et une s\u00e9lection de films d'atelier hors concours.<\/span><\/p>\n<p style=\"text-align: justify;\"><span style=\"font-size: 12pt;\">Le Tout Court ! c'est aussi le point d'orgue d'un <a href=\"http:\/\/toutcourtfestival.fr\/index.php\/accueil\/projet-cine-jeunes\/\">projet ambitieux <\/a>port\u00e9 en milieu associatif depuis fin 2015&nbsp;en partenariat avec la commune de Gisors et de nombreux acteurs du territoire.<\/span><\/p>\n<p style=\"text-align: justify;\"><span style=\"font-size: 12pt;\">Sa principale caract\u00e9ristique est d'\u00eatre dirig\u00e9 (<a href=\"http:\/\/toutcourtfestival.fr\/index.php\/accueil\/direction-artistique\/\">Direction Artistique<\/a>) par des adolescents et jeunes adultes. Il se veut un creuset pour inciter et favoriser la cr\u00e9ation audio-visuelle amateur et en atelier, notamment en milieu associatif et scolaire. Il est tr\u00e8s li\u00e9 aux enjeux de l'\u00e9ducation \u00e0 l'image.<\/span><\/p>\n<\/div>\n<\/div><\/div><\/div><\/div><div id=\"pgc-1269-1-1\"  class=\"panel-grid-cell\" ><div id=\"panel-1269-1-1-0\" class=\"so-panel widget widget_sow-image panel-first-child\" data-index=\"3\" ><div class=\"panel-widget-style panel-widget-style-for-1269-1-1-0\" ><div\n\t\t\t\n\t\t\tclass=\"so-widget-sow-image so-widget-sow-image-default-e4c2d9f6c920-9537\"\n\t\t\t\n\t\t>\n<div class=\"sow-image-container\">\n\t\t<img \n\tsrc=\"https:\/\/i0.wp.com\/toutcourtfestival.fr\/wp-content\/uploads\/2017\/02\/poussin3-original-2.png?fit=1200%2C1067&amp;ssl=1\" width=\"1200\" height=\"1067\" srcset=\"https:\/\/i0.wp.com\/toutcourtfestival.fr\/wp-content\/uploads\/2017\/02\/poussin3-original-2.png?w=1200&amp;ssl=1 1200w, https:\/\/i0.wp.com\/toutcourtfestival.fr\/wp-content\/uploads\/2017\/02\/poussin3-original-2.png?resize=300%2C267&amp;ssl=1 300w, https:\/\/i0.wp.com\/toutcourtfestival.fr\/wp-content\/uploads\/2017\/02\/poussin3-original-2.png?resize=768%2C683&amp;ssl=1 768w, https:\/\/i0.wp.com\/toutcourtfestival.fr\/wp-content\/uploads\/2017\/02\/poussin3-original-2.png?resize=1024%2C911&amp;ssl=1 1024w\" alt=\"\" \t\tclass=\"so-widget-image\"\/>\n\t<\/div>\n\n<\/div><\/div><\/div><div id=\"panel-1269-1-1-1\" class=\"so-panel widget widget_sow-button panel-last-child\" data-index=\"4\" ><div class=\"panel-widget-style panel-widget-style-for-1269-1-1-1\" ><div\n\t\t\t\n\t\t\tclass=\"so-widget-sow-button so-widget-sow-button-wire-2bb73bccd470-9537\"\n\t\t\t\n\t\t><div class=\"ow-button-base ow-button-align-center\"\n>\n\t\t\t<a\n\t\t\t\t\thref=\"http:\/\/toutcourtfestival.fr\/index.php\/tout-court-2017\/appel-a-films-2017\/\"\n\t\t\t\t\tclass=\"sowb-button ow-icon-placement-left ow-button-hover\" \t>\n\t\t<span>\n\t\t\t\n\t\t\tAppel \u00e0 films 2017\t\t<\/span>\n\t\t\t<\/a>\n\t<\/div>\n<\/div><\/div><\/div><\/div><\/div><\/div><div id=\"pg-1269-2\"  class=\"panel-grid panel-no-style\" ><div id=\"pgc-1269-2-0\"  class=\"panel-grid-cell\" ><div id=\"panel-1269-2-0-0\" class=\"so-panel widget widget_sow-headline panel-first-child panel-last-child\" data-index=\"5\" ><div\n\t\t\t\n\t\t\tclass=\"so-widget-sow-headline so-widget-sow-headline-default-6090f20097d1-9537\"\n\t\t\t\n\t\t><div class=\"sow-headline-container \">\n\t\t\t\t\t\t\t<h1 class=\"sow-headline\">\n\t\t\t\t\t\tUn festival impliquant coll\u00e9giens et lyc\u00e9ens au c\u0153ur de son \u00e9laboration !\t\t\t\t\t\t<\/h1>\n\t\t\t\t\t\t\t\t\t\t\t<div class=\"decoration\">\n\t\t\t\t\t\t<div class=\"decoration-inside\"><\/div>\n\t\t\t\t\t<\/div>\n\t\t\t\t\t\t\t\t\t\t\t<h3 class=\"sow-sub-headline\">\n\t\t\t\t\t\tDirection artistique, comit\u00e9 de s\u00e9lection et jury jeunes - en parall\u00e8le au jury professionnel\t\t\t\t\t\t<\/h3>\n\t\t\t\t\t\t<\/div>\n<\/div><\/div><\/div><\/div><div id=\"pg-1269-3\"  class=\"panel-grid panel-no-style\" ><div id=\"pgc-1269-3-0\"  class=\"panel-grid-cell\" ><div id=\"panel-1269-3-0-0\" class=\"so-panel widget widget_sow-editor panel-first-child\" data-index=\"6\" ><div class=\"panel-widget-style panel-widget-style-for-1269-3-0-0\" ><div\n\t\t\t\n\t\t\tclass=\"so-widget-sow-editor so-widget-sow-editor-base\"\n\t\t\t\n\t\t>\n<div class=\"siteorigin-widget-tinymce textwidget\">\n\t<h2><a href=\"http:\/\/toutcourtfestival.fr\/index.php\/accueil\/direction-artistique\/\"><img data-recalc-dims=\"1\" loading=\"lazy\" decoding=\"async\" class=\"aligncenter wp-image-729 size-full\" src=\"https:\/\/i0.wp.com\/toutcourtfestival.fr\/wp-content\/uploads\/2017\/01\/CDA-00106.png?resize=1370%2C778\" alt=\"\" width=\"1370\" height=\"778\" srcset=\"https:\/\/i0.wp.com\/toutcourtfestival.fr\/wp-content\/uploads\/2017\/01\/CDA-00106.png?w=1920&amp;ssl=1 1920w, https:\/\/i0.wp.com\/toutcourtfestival.fr\/wp-content\/uploads\/2017\/01\/CDA-00106.png?resize=300%2C170&amp;ssl=1 300w, https:\/\/i0.wp.com\/toutcourtfestival.fr\/wp-content\/uploads\/2017\/01\/CDA-00106.png?resize=768%2C436&amp;ssl=1 768w, https:\/\/i0.wp.com\/toutcourtfestival.fr\/wp-content\/uploads\/2017\/01\/CDA-00106.png?resize=1024%2C581&amp;ssl=1 1024w\" sizes=\"auto, (max-width: 1370px) 100vw, 1370px\" \/><\/a><\/h2>\n<h2><span style=\"color: #000000; font-size: 14pt;\"><a style=\"color: #000000;\" href=\"http:\/\/toutcourtfestival.fr\/index.php\/accueil\/direction-artistique\/\">Direction Artistique en atelier<\/a><\/span><\/h2>\n<hr \/>\n<p style=\"text-align: justify;\">La direction artistique du Festival Tout Court de Gisors est prise en charge par un groupe d'adolescents et jeunes adultes, encadr\u00e9s par des adultes.<\/p>\n<p style=\"text-align: justify;\">Le BIJ (<a href=\"http:\/\/www.ville-gisors.fr\/fr\/bij\">Bureau Info-jeunesse<\/a>) de Gisors et l'<a href=\"http:\/\/cinemacam.fr\/\">atelier Cin\u00e9macam<\/a> de Montagny-en-Vexin (commune proche de Gisors mais c\u00f4t\u00e9 Oise) &nbsp;ont pris en charge cette partie du projet.<\/p>\n<\/div>\n<\/div><\/div><\/div><div id=\"panel-1269-3-0-1\" class=\"so-panel widget widget_sow-button panel-last-child\" data-index=\"7\" ><div class=\"panel-widget-style panel-widget-style-for-1269-3-0-1\" ><div\n\t\t\t\n\t\t\tclass=\"so-widget-sow-button so-widget-sow-button-wire-4f1f43309adc-9537\"\n\t\t\t\n\t\t><div class=\"ow-button-base ow-button-align-left\"\n>\n\t\t\t<a\n\t\t\t\t\thref=\"http:\/\/toutcourtfestival.fr\/index.php\/accueil\/direction-artistique\/\"\n\t\t\t\t\tclass=\"sowb-button ow-icon-placement-left ow-button-hover\" \t>\n\t\t<span>\n\t\t\t\n\t\t\tLire la suite\t\t<\/span>\n\t\t\t<\/a>\n\t<\/div>\n<\/div><\/div><\/div><\/div><div id=\"pgc-1269-3-1\"  class=\"panel-grid-cell\" ><div id=\"panel-1269-3-1-0\" class=\"so-panel widget widget_sow-editor panel-first-child\" data-index=\"8\" ><div class=\"panel-widget-style panel-widget-style-for-1269-3-1-0\" ><div\n\t\t\t\n\t\t\tclass=\"so-widget-sow-editor so-widget-sow-editor-base\"\n\t\t\t\n\t\t>\n<div class=\"siteorigin-widget-tinymce textwidget\">\n\t<h2><a href=\"http:\/\/toutcourtfestival.fr\/index.php\/accueil\/projet-cine-jeunes\/\"><img data-recalc-dims=\"1\" loading=\"lazy\" decoding=\"async\" class=\"wp-image-51 size-full aligncenter\" src=\"https:\/\/i0.wp.com\/toutcourtfestival.fr\/wp-content\/uploads\/2017\/01\/vlcsnap-2014-07-09-23h43m45s102.jpg?resize=800%2C450\" alt=\"\" width=\"800\" height=\"450\" srcset=\"https:\/\/i0.wp.com\/toutcourtfestival.fr\/wp-content\/uploads\/2017\/01\/vlcsnap-2014-07-09-23h43m45s102.jpg?w=800&amp;ssl=1 800w, https:\/\/i0.wp.com\/toutcourtfestival.fr\/wp-content\/uploads\/2017\/01\/vlcsnap-2014-07-09-23h43m45s102.jpg?resize=300%2C169&amp;ssl=1 300w, https:\/\/i0.wp.com\/toutcourtfestival.fr\/wp-content\/uploads\/2017\/01\/vlcsnap-2014-07-09-23h43m45s102.jpg?resize=768%2C432&amp;ssl=1 768w\" sizes=\"auto, (max-width: 800px) 100vw, 800px\" \/><\/a><\/h2>\n<h2><span style=\"color: #000000; font-size: 14pt;\"><a style=\"color: #000000;\" href=\"http:\/\/toutcourtfestival.fr\/index.php\/accueil\/projet-cine-jeunes\/\">Projet Cin\u00e9-Jeunes \/ Education \u00e0 l\u2019image<\/a><\/span><\/h2>\n<hr \/>\n<p style=\"text-align: justify;\">Le projet Festival Cin\u00e9-Jeunes est n\u00e9 d\u00e9but 2016.<\/p>\n<p style=\"text-align: justify;\">Initialement d\u00e9velopp\u00e9&nbsp;dans le petit village de Montagny-en-Vexin, il a gagn\u00e9 en ampleur et a d\u00e9plac\u00e9 son centre n\u00e9vralgique dans la commune de Gisors, toute proche bien que dans une autre r\u00e9gion.<\/p>\n<p style=\"text-align: justify;\">Il est port\u00e9 par l'<a href=\"http:\/\/toutcourtfestival.fr\/index.php\/accueil\/association-cine-jeunes-de-gisors\/\">Association Cin\u00e9-Jeunes de Gisors<\/a>&nbsp;en partenariat avec la mairie de Gisors et plusieurs autres partenaires.<\/p>\n<\/div>\n<\/div><\/div><\/div><div id=\"panel-1269-3-1-1\" class=\"so-panel widget widget_sow-button panel-last-child\" data-index=\"9\" ><div class=\"panel-widget-style panel-widget-style-for-1269-3-1-1\" ><div\n\t\t\t\n\t\t\tclass=\"so-widget-sow-button so-widget-sow-button-wire-4f1f43309adc-9537\"\n\t\t\t\n\t\t><div class=\"ow-button-base ow-button-align-left\"\n>\n\t\t\t<a\n\t\t\t\t\thref=\"http:\/\/toutcourtfestival.fr\/index.php\/accueil\/projet-cine-jeunes\/\"\n\t\t\t\t\tclass=\"sowb-button ow-icon-placement-left ow-button-hover\" \t>\n\t\t<span>\n\t\t\t\n\t\t\tLire la suite\t\t<\/span>\n\t\t\t<\/a>\n\t<\/div>\n<\/div><\/div><\/div><\/div><div id=\"pgc-1269-3-2\"  class=\"panel-grid-cell\" ><div id=\"panel-1269-3-2-0\" class=\"so-panel widget widget_sow-editor panel-first-child\" data-index=\"10\" ><div class=\"panel-widget-style panel-widget-style-for-1269-3-2-0\" ><div\n\t\t\t\n\t\t\tclass=\"so-widget-sow-editor so-widget-sow-editor-base\"\n\t\t\t\n\t\t>\n<div class=\"siteorigin-widget-tinymce textwidget\">\n\t<h2><a href=\"http:\/\/toutcourtfestival.fr\/index.php\/accueil\/association-cine-jeunes-de-gisors\/\"><img data-recalc-dims=\"1\" loading=\"lazy\" decoding=\"async\" class=\"wp-image-12 size-full aligncenter\" src=\"https:\/\/i0.wp.com\/toutcourtfestival.fr\/wp-content\/uploads\/2017\/01\/vlcsnap-2014-07-09-23h54m09s191.jpg?resize=800%2C450\" alt=\"\" width=\"800\" height=\"450\" srcset=\"https:\/\/i0.wp.com\/toutcourtfestival.fr\/wp-content\/uploads\/2017\/01\/vlcsnap-2014-07-09-23h54m09s191.jpg?w=800&amp;ssl=1 800w, https:\/\/i0.wp.com\/toutcourtfestival.fr\/wp-content\/uploads\/2017\/01\/vlcsnap-2014-07-09-23h54m09s191.jpg?resize=300%2C169&amp;ssl=1 300w, https:\/\/i0.wp.com\/toutcourtfestival.fr\/wp-content\/uploads\/2017\/01\/vlcsnap-2014-07-09-23h54m09s191.jpg?resize=768%2C432&amp;ssl=1 768w\" sizes=\"auto, (max-width: 800px) 100vw, 800px\" \/><\/a><\/h2>\n<h2 class=\"widget-title\"><span style=\"font-size: 14pt; color: #000000;\"><a style=\"color: #000000;\" href=\"http:\/\/toutcourtfestival.fr\/index.php\/accueil\/association-cine-jeunes-de-gisors\/\">Association Cin\u00e9-Jeunes Gisors<\/a><\/span><\/h2>\n<hr \/>\n<p style=\"text-align: justify;\">L'association pour un Festival Cin\u00e9-Jeunes de Gisors (en abr\u00e9g\u00e9: Cin\u00e9-Jeunes Gisors) a \u00e9t\u00e9 cr\u00e9\u00e9 en juin 2016 par des membres de l'<a href=\"http:\/\/cinemacam.fr\/\">atelier Cin\u00e9macam<\/a>, dont son fondateur et animateur.<\/p>\n<p style=\"text-align: justify;\">Elle&nbsp;est porteuse de <a href=\"http:\/\/toutcourtfestival.fr\/index.php\/accueil\/projet-cine-jeunes\/\">projet Cin\u00e9-Jeunes<\/a> et se charge de l'organisation du festival (partie \u00e9v\u00e9nement et logistique) ainsi que de la coordination des activit\u00e9s partenaire<\/p>\n<\/div>\n<\/div><\/div><\/div><div id=\"panel-1269-3-2-1\" class=\"so-panel widget widget_sow-button panel-last-child\" data-index=\"11\" ><div class=\"panel-widget-style panel-widget-style-for-1269-3-2-1\" ><div\n\t\t\t\n\t\t\tclass=\"so-widget-sow-button so-widget-sow-button-wire-4f1f43309adc-9537\"\n\t\t\t\n\t\t><div class=\"ow-button-base ow-button-align-left\"\n>\n\t\t\t<a\n\t\t\t\t\thref=\"http:\/\/toutcourtfestival.fr\/index.php\/accueil\/association-cine-jeunes-de-gisors\/\"\n\t\t\t\t\tclass=\"sowb-button ow-icon-placement-left ow-button-hover\" \t>\n\t\t<span>\n\t\t\t\n\t\t\tLire la suite\t\t<\/span>\n\t\t\t<\/a>\n\t<\/div>\n<\/div><\/div><\/div><\/div><\/div><div id=\"pg-1269-4\"  class=\"panel-grid panel-has-style\" ><div class=\"siteorigin-panels-stretch panel-row-style panel-row-style-for-1269-4\" data-stretch-type=\"full\" ><div id=\"pgc-1269-4-0\"  class=\"panel-grid-cell\" ><div id=\"panel-1269-4-0-0\" class=\"so-panel widget widget_widget_contact_info widget_contact_info panel-first-child panel-last-child\" data-index=\"12\" ><div class=\"panel-widget-style panel-widget-style-for-1269-4-0-0\" ><h3 class=\"widget-title\">Acc\u00e9der au festival<\/h3><div itemscope itemtype=\"http:\/\/schema.org\/LocalBusiness\"><iframe loading=\"lazy\" width=\"600\"  height=\"216\" frameborder=\"0\" src=\"https:\/\/www.google.com\/maps\/embed\/v1\/place?q=salle+des+f%C3%AAtes+de+Gisors%2C+Place+des+libert%C3%A9s%2C+27140+Gisors.&#038;key=AIzaSyAGt9DkdQUO53WlIj5KzokpVd16337pItI\" title=\"Google Map Embed\" class=\"contact-map\"><\/iframe><div class=\"confit-address\" itemscope itemtype=\"http:\/\/schema.org\/PostalAddress\" itemprop=\"address\"><a href=\"https:\/\/maps.google.com\/maps?z=16&#038;q=salle%2Bdes%2Bf%C3%AAtes%2Bde%2Bgisors%2C%2Bplace%2Bdes%2Blibert%C3%A9s%2C%2B27140%2Bgisors.\" target=\"_blank\" rel=\"noopener noreferrer\">salle des f\u00eates de Gisors, Place des libert\u00e9s, 27140 Gisors.<\/a><\/div><div class=\"confit-hours\" itemprop=\"openingHours\">Par le train: ligne J du Transilien (depuis Gare Saint Lazare)<\/div><\/div><\/div><\/div><\/div><div id=\"pgc-1269-4-1\"  class=\"panel-grid-cell\" ><div id=\"panel-1269-4-1-0\" class=\"so-panel widget widget_mc4wp_form_widget panel-first-child panel-last-child\" data-index=\"13\" ><div class=\"panel-widget-style panel-widget-style-for-1269-4-1-0\" ><h3 class=\"widget-title\">Newsletter<\/h3><script>(function() {\n\twindow.mc4wp = window.mc4wp || {\n\t\tlisteners: [],\n\t\tforms: {\n\t\t\ton: function(evt, cb) {\n\t\t\t\twindow.mc4wp.listeners.push(\n\t\t\t\t\t{\n\t\t\t\t\t\tevent   : evt,\n\t\t\t\t\t\tcallback: cb\n\t\t\t\t\t}\n\t\t\t\t);\n\t\t\t}\n\t\t}\n\t}\n})();\n<\/script><!-- Mailchimp for WordPress v4.11.1 - https:\/\/wordpress.org\/plugins\/mailchimp-for-wp\/ --><form id=\"mc4wp-form-1\" class=\"mc4wp-form mc4wp-form-716\" method=\"post\" data-id=\"716\" data-name=\"Lettre d&#039;information du Tout Court de Gisors\" ><div class=\"mc4wp-form-fields\"><p>\r\n\t<label>Adresse e-mail: <\/label>\r\n\t<input type=\"email\" name=\"EMAIL\" placeholder=\"Votre adresse mail\" required \/>\r\n  <\/p>\r\n<p><align=right>\r\n  \t<input type=\"submit\" value=\"Abonnez-vous\" \/>\r\n  <\/align>\r\n<\/p><\/div><label style=\"display: none !important;\">Leave this field empty if you're human: <input type=\"text\" name=\"_mc4wp_honeypot\" value=\"\" tabindex=\"-1\" autocomplete=\"off\" \/><\/label><input type=\"hidden\" name=\"_mc4wp_timestamp\" value=\"1778025900\" \/><input type=\"hidden\" name=\"_mc4wp_form_id\" value=\"716\" \/><input type=\"hidden\" name=\"_mc4wp_form_element_id\" value=\"mc4wp-form-1\" \/><div class=\"mc4wp-response\"><\/div><\/form><!-- \/ Mailchimp for WordPress Plugin --><\/div><\/div><\/div><div id=\"pgc-1269-4-2\"  class=\"panel-grid-cell\" ><div id=\"panel-1269-4-2-0\" class=\"so-panel widget panel-first-child panel-last-child\" data-index=\"14\" ><div class=\"panel-widget-style panel-widget-style-for-1269-4-2-0\" ><\/div><\/div><\/div><\/div><\/div><div id=\"pg-1269-5\"  class=\"panel-grid panel-no-style\" ><div id=\"pgc-1269-5-0\"  class=\"panel-grid-cell\" ><div id=\"panel-1269-5-0-0\" class=\"so-panel widget widget_text panel-first-child panel-last-child\" data-index=\"15\" >\t\t\t<div class=\"textwidget\"><style>.entry-title {display:none;}\n\n.panel-grid-cell .widget-title {\n    margin-top: 0;\n    color: white;\n}\n\n<\/style> <\/div>\n\t\t<\/div><\/div><\/div><\/div>","protected":false},"excerpt":{"rendered":"<p>Apr\u00e8s plusieurs mois de travail de la part des jeunes et des adultes de &#8220;Tout Court ! Ateliers&#8221; sur la s\u00e9lection des films, la cr\u00e9ation des nouveaux habillages visuels pour le festival 2025 (logo et affiches), la cr\u00e9ation de la bande annonce et l&#8217;ouverture d&#8217;un compte <a href=\"https:\/\/www.instagram.com\/toutcourtateliers\">Instagram<\/a> et <a href=\"https:\/\/www.tiktok.com\/@toutcourtateliers\" target=\"_blank\" rel=\"noopener\">Tiktok<\/a> pour &#8220;Tout &hellip; <\/p>\n<p><a class=\"more-link btn\" href=\"https:\/\/toutcourtfestival.fr\/index.php\/2025\/03\/19\/tout-court-festival-edition-2025\/\">Continue reading<\/a><\/p>\n","protected":false},"author":1,"featured_media":0,"parent":0,"menu_order":0,"comment_status":"closed","ping_status":"closed","template":"","meta":{"ngg_post_thumbnail":0,"jetpack_post_was_ever_published":false,"footnotes":""},"class_list":["post-1269","page","type-page","status-publish","hentry","nodate","item-wrap"],"jetpack_sharing_enabled":false,"jetpack_shortlink":"https:\/\/wp.me\/P8k6iw-kt","jetpack_likes_enabled":true,"_links":{"self":[{"href":"https:\/\/toutcourtfestival.fr\/index.php\/wp-json\/wp\/v2\/pages\/1269","targetHints":{"allow":["GET"]}}],"collection":[{"href":"https:\/\/toutcourtfestival.fr\/index.php\/wp-json\/wp\/v2\/pages"}],"about":[{"href":"https:\/\/toutcourtfestival.fr\/index.php\/wp-json\/wp\/v2\/types\/page"}],"author":[{"embeddable":true,"href":"https:\/\/toutcourtfestival.fr\/index.php\/wp-json\/wp\/v2\/users\/1"}],"replies":[{"embeddable":true,"href":"https:\/\/toutcourtfestival.fr\/index.php\/wp-json\/wp\/v2\/comments?post=1269"}],"version-history":[{"count":0,"href":"https:\/\/toutcourtfestival.fr\/index.php\/wp-json\/wp\/v2\/pages\/1269\/revisions"}],"wp:attachment":[{"href":"https:\/\/toutcourtfestival.fr\/index.php\/wp-json\/wp\/v2\/media?parent=1269"}],"curies":[{"name":"wp","href":"https:\/\/api.w.org\/{rel}","templated":true}]}}