{"id":140,"date":"2017-01-05T23:54:21","date_gmt":"2017-01-05T22:54:21","guid":{"rendered":"http:\/\/toutcourtfestival.fr\/?page_id=140"},"modified":"2017-06-01T10:44:58","modified_gmt":"2017-06-01T08:44:58","slug":"appel-a-films-2017","status":"publish","type":"page","link":"https:\/\/toutcourtfestival.fr\/index.php\/appel-a-films-2017\/","title":{"rendered":"Appel \u00e0 films 2017"},"content":{"rendered":"<div id=\"pl-140\"  class=\"panel-layout\" ><div id=\"pg-140-0\"  class=\"panel-grid panel-has-style\" ><div class=\"siteorigin-panels-stretch panel-row-style panel-row-style-for-140-0\" data-stretch-type=\"full\" ><div id=\"pgc-140-0-0\"  class=\"panel-grid-cell\" ><div id=\"panel-140-0-0-0\" class=\"so-panel widget widget_sow-headline panel-first-child panel-last-child\" data-index=\"0\" ><div\n\t\t\t\n\t\t\tclass=\"so-widget-sow-headline so-widget-sow-headline-default-52815de14040-140\"\n\t\t\t\n\t\t><div class=\"sow-headline-container \">\n\t\t\t\t\t\t\t<h1 class=\"sow-headline\">\n\t\t\t\t\t\tAppel \u00e0 films pour le Tout Court ! \u00e9dition 2017 (7\/9 juillet 2017)\t\t\t\t\t\t<\/h1>\n\t\t\t\t\t\t\t\t\t\t\t<div class=\"decoration\">\n\t\t\t\t\t\t<div class=\"decoration-inside\"><\/div>\n\t\t\t\t\t<\/div>\n\t\t\t\t\t<\/div>\n<\/div><\/div><\/div><\/div><\/div><div id=\"pg-140-1\"  class=\"panel-grid panel-has-style\" ><div class=\"panel-row-style panel-row-style-for-140-1\" ><div id=\"pgc-140-1-0\"  class=\"panel-grid-cell\" ><div id=\"panel-140-1-0-0\" class=\"so-panel widget widget_sow-editor panel-first-child panel-last-child\" data-index=\"1\" ><div\n\t\t\t\n\t\t\tclass=\"so-widget-sow-editor so-widget-sow-editor-base\"\n\t\t\t\n\t\t>\n<div class=\"siteorigin-widget-tinymce textwidget\">\n\t<p style=\"text-align: justify;\"><span style=\"font-size: 12pt;\"><strong><span style=\"color: #ff0000;\">Les inscriptions pour l'\u00e9dition 2017 sont closes<\/span>. <\/strong><\/span><\/p>\n<p style=\"text-align: justify;\"><span style=\"font-size: 12pt;\"><strong><span style=\"color: #ff0000;\">Merci aux plus de 620 participants, toutes sections confondues! \ud83d\ude42<\/span><\/strong><\/span><\/p>\n<p style=\"text-align: justify;\">Mode d'emploi pour inscrire un film:<\/p>\n<ul style=\"text-align: justify;\">\n<li>Choisissez une s\u00e9lections ci-dessous. Attention: vous ne pouvez inscrire votre film qu'\u00e0 une seule des s\u00e9lections!<\/li>\n<li>Lisez attentivement le <a href=\"http:\/\/toutcourtfestival.fr\/wp-content\/uploads\/2017\/01\/R\u00e8glement-festival-Tout-Court-de-Gisors-2017-1.pdf\">r\u00e8glement du Tout Court \u00e9dition 2017<\/a>&nbsp; <span style=\"text-decoration: underline;\">L'inscription de votre film vaut acceptation de ce r\u00e8glement<\/span><strong>.<\/strong><\/li>\n<li><strong>M\u00e9thode n\u00b01<\/strong> (r\u00e9serv\u00e9e \u00e0 la s\u00e9lection amateur hors comp\u00e9tition):&nbsp;\u00e0 travers le site&nbsp;<a href=\"http:\/\/www.filmfestplatform.com\/\" target=\"_blank\" rel=\"noopener noreferrer\">Filmfestplatform.com<\/a>. Mode d'emploi:\n<ol>\n<li>Allez sur&nbsp;<a href=\"http:\/\/www.filmfestplatform.com\/\" target=\"_blank\" rel=\"noopener noreferrer\">Filmfestplatform.com<\/a>.<\/li>\n<li>Cr\u00e9ez un compte (gratuit) \u00ab R\u00e9alisateur ou producteur \u00bb<\/li>\n<li>Inscrivez-y votre film en suivant les instructions fournies par la plate-forme.<\/li>\n<li>Allez dans la section \u00ab Festival \u00bb, trouvez \u00ab Tout Court ! \u00bb et cliquez sur \u00ab Postulez ! \u00bb puis suivez les instructions. Note: la plateforme demande une participation de 2 euros par festival o\u00f9 vous vous inscrivez.<\/li>\n<\/ol>\n<\/li>\n<li><strong>M\u00e9thode n\u00b02<\/strong>&nbsp;(valable pour pour les deux s\u00e9lections): \u00e0 travers le <a href=\"http:\/\/toutcourtfestival.fr\/wp-content\/uploads\/2017\/01\/Festival-Tout-Court-de-Gisors-2017-Formulaire-inscription-avec-r\u00e8glement.pdf\">formulaire d'inscription t\u00e9l\u00e9chargeable en cliquant ici<\/a>. Vous devez le remplir et nous le renvoyer par email avec un ou plusieurs visuel(s), puis envoyer votre film par transfert de fichier - ou bien un lien s'il est en ligne. Les instructions d\u00e9taill\u00e9es figurent dans le formulaire ainsi que l'adresse email o\u00f9 envoyer les \u00e9l\u00e9ments.<\/li>\n<\/ul>\n<p style=\"text-align: justify;\">Vous pouvez inscrire plusieurs films mais un seul pourra \u00eatre s\u00e9lectionn\u00e9 par r\u00e9alisateur. En cas de questions ou de difficult\u00e9s, n'h\u00e9sitez pas \u00e0 <a href=\"http:\/\/toutcourtfestival.fr\/index.php\/contacts-et-pratique\/\">nous contacter.<\/a><\/p>\n<\/div>\n<\/div><\/div><\/div><div id=\"pgc-140-1-1\"  class=\"panel-grid-cell\" ><div id=\"panel-140-1-1-0\" class=\"so-panel widget widget_sow-editor panel-first-child panel-last-child\" data-index=\"2\" ><div\n\t\t\t\n\t\t\tclass=\"so-widget-sow-editor so-widget-sow-editor-base\"\n\t\t\t\n\t\t>\n<div class=\"siteorigin-widget-tinymce textwidget\">\n\t<h1 style=\"text-align: justify;\"><img data-recalc-dims=\"1\" loading=\"lazy\" decoding=\"async\" class=\"alignnone wp-image-1402 size-full\" src=\"https:\/\/i0.wp.com\/toutcourtfestival.fr\/wp-content\/uploads\/2017\/03\/ToutCourt-logo-rouge-FOND-BLANC.png?resize=1352%2C988\" alt=\"\" width=\"1352\" height=\"988\" srcset=\"https:\/\/i0.wp.com\/toutcourtfestival.fr\/wp-content\/uploads\/2017\/03\/ToutCourt-logo-rouge-FOND-BLANC.png?w=1352&amp;ssl=1 1352w, https:\/\/i0.wp.com\/toutcourtfestival.fr\/wp-content\/uploads\/2017\/03\/ToutCourt-logo-rouge-FOND-BLANC.png?resize=300%2C219&amp;ssl=1 300w, https:\/\/i0.wp.com\/toutcourtfestival.fr\/wp-content\/uploads\/2017\/03\/ToutCourt-logo-rouge-FOND-BLANC.png?resize=768%2C561&amp;ssl=1 768w, https:\/\/i0.wp.com\/toutcourtfestival.fr\/wp-content\/uploads\/2017\/03\/ToutCourt-logo-rouge-FOND-BLANC.png?resize=1024%2C748&amp;ssl=1 1024w\" sizes=\"auto, (max-width: 1352px) 100vw, 1352px\" \/><\/h1>\n<p>&nbsp;<\/p>\n<\/div>\n<\/div><\/div><\/div><\/div><\/div><div id=\"pg-140-2\"  class=\"panel-grid panel-has-style\" ><div class=\"panel-row-style panel-row-style-for-140-2\" ><div id=\"pgc-140-2-0\"  class=\"panel-grid-cell\" ><div id=\"panel-140-2-0-0\" class=\"so-panel widget widget_sow-editor panel-first-child panel-last-child\" data-index=\"3\" ><div class=\"panel-widget-style panel-widget-style-for-140-2-0-0\" ><div\n\t\t\t\n\t\t\tclass=\"so-widget-sow-editor so-widget-sow-editor-base\"\n\t\t\t\n\t\t>\n<div class=\"siteorigin-widget-tinymce textwidget\">\n\t<p style=\"text-align: justify;\">Nous attirons votre attention sur l'article 1 du r\u00e8glement, tr\u00e8s important, que nous reproduisons ici:<\/p>\n<p style=\"text-align: justify;\"><strong>ARTICLE 1 \u2013 FESTIVAL TOUT PUBLIC<\/strong><\/p>\n<p style=\"text-align: justify;\">Le visionnage des films inscrits et les s\u00e9lections seront effectu\u00e9s par des jeunes de 12 \u00e0 25 ans. Il est donc express\u00e9ment demand\u00e9 aux participants de s\u2019abstenir d\u2019inscrire des films hors crit\u00e8res comportant des \u00e9l\u00e9ments r\u00e9serv\u00e9s \u00e0 un public exclusivement adulte (pornographie, violence extr\u00eame, etc\u2026).<\/p>\n<p style=\"text-align: justify;\">Par souci d\u2019accessibilit\u00e9 pour les sourds et malentendants nous recommandons aux participants d\u2019int\u00e9grer syst\u00e9matiquement \u00e0 leurs films des sous-titres en fran\u00e7ais (obligatoire pour les films non francophones).<\/p>\n<\/div>\n<\/div><\/div><\/div><\/div><\/div><\/div><div id=\"pg-140-3\"  class=\"panel-grid panel-no-style\" ><div id=\"pgc-140-3-0\"  class=\"panel-grid-cell\" ><div id=\"panel-140-3-0-0\" class=\"so-panel widget widget_sow-image panel-first-child\" data-index=\"4\" ><div\n\t\t\t\n\t\t\tclass=\"so-widget-sow-image so-widget-sow-image-default-8b5b6f678277-140\"\n\t\t\t\n\t\t>\n<div class=\"sow-image-container\">\n\t\t<img \n\tsrc=\"https:\/\/i0.wp.com\/toutcourtfestival.fr\/wp-content\/uploads\/2017\/01\/capture-2015-07-06-18h07m34s55.jpg?fit=768%2C432&amp;ssl=1\" width=\"768\" height=\"432\" srcset=\"https:\/\/i0.wp.com\/toutcourtfestival.fr\/wp-content\/uploads\/2017\/01\/capture-2015-07-06-18h07m34s55.jpg?w=1920&amp;ssl=1 1920w, https:\/\/i0.wp.com\/toutcourtfestival.fr\/wp-content\/uploads\/2017\/01\/capture-2015-07-06-18h07m34s55.jpg?resize=300%2C169&amp;ssl=1 300w, https:\/\/i0.wp.com\/toutcourtfestival.fr\/wp-content\/uploads\/2017\/01\/capture-2015-07-06-18h07m34s55.jpg?resize=768%2C432&amp;ssl=1 768w, https:\/\/i0.wp.com\/toutcourtfestival.fr\/wp-content\/uploads\/2017\/01\/capture-2015-07-06-18h07m34s55.jpg?resize=1024%2C576&amp;ssl=1 1024w\" alt=\"\" \t\tclass=\"so-widget-image\"\/>\n\t<\/div>\n\n<\/div><\/div><div id=\"panel-140-3-0-1\" class=\"so-panel widget widget_sow-editor panel-last-child\" data-index=\"5\" ><div\n\t\t\t\n\t\t\tclass=\"so-widget-sow-editor so-widget-sow-editor-base\"\n\t\t\t\n\t\t>\n<div class=\"siteorigin-widget-tinymce textwidget\">\n\t<h1 style=\"text-align: center;\">S\u00e9lection n\u00b01<\/h1>\n<hr \/>\n<h1 style=\"text-align: center;\"><strong>Comp\u00e9tition professionnelle<\/strong><\/h1>\n<p style=\"text-align: justify;\"><span style=\"color: #ff0000; font-size: 10pt;\"><strong>Inscriptions closes depuis le 14\/04\/2017.<\/strong><\/span><\/p>\n<p style=\"text-align: justify;\">Crit\u00e8res :<\/p>\n<ul style=\"text-align: justify;\">\n<li>Fiction<\/li>\n<li>Dur\u00e9e maximale 15 minutes (g\u00e9n\u00e9rique non compris)<\/li>\n<li>Tout public<\/li>\n<li>Sous-titres fran\u00e7ais pour les films non francophones.<\/li>\n<\/ul>\n<p style=\"text-align: justify;\">Les films d\u2019animation sont accept\u00e9s tout comme les prises de vues r\u00e9elles, aucun genre n\u2019est impos\u00e9.<\/p>\n<p style=\"text-align: justify;\">Cette s\u00e9lection fait l\u2019objet d\u2019une <strong>comp\u00e9tition avec un jury compos\u00e9 de professionnels et artistes du cin\u00e9ma.<\/strong><\/p>\n<p style=\"text-align: justify;\">Selon les avanc\u00e9es du projet, une deuxi\u00e8me comp\u00e9tition avec un jury jeune pourra \u00eatre propos\u00e9e.<\/p>\n<\/div>\n<\/div><\/div><\/div><div id=\"pgc-140-3-1\"  class=\"panel-grid-cell\" ><div id=\"panel-140-3-1-0\" class=\"so-panel widget widget_sow-image panel-first-child\" data-index=\"6\" ><div\n\t\t\t\n\t\t\tclass=\"so-widget-sow-image so-widget-sow-image-default-8b5b6f678277-140\"\n\t\t\t\n\t\t>\n<div class=\"sow-image-container\">\n\t\t\t<a href=\"http:\/\/toutcourtfestival.fr\/index.php\/tout-court-2017\/appel-a-films-2017\/concours-video\/\"\n\t\t\t\t\t>\n\t\t\t<img \n\tsrc=\"https:\/\/i0.wp.com\/toutcourtfestival.fr\/wp-content\/uploads\/2017\/03\/cda-00075.jpg?fit=768%2C432&amp;ssl=1\" width=\"768\" height=\"432\" srcset=\"https:\/\/i0.wp.com\/toutcourtfestival.fr\/wp-content\/uploads\/2017\/03\/cda-00075.jpg?w=1920&amp;ssl=1 1920w, https:\/\/i0.wp.com\/toutcourtfestival.fr\/wp-content\/uploads\/2017\/03\/cda-00075.jpg?resize=300%2C169&amp;ssl=1 300w, https:\/\/i0.wp.com\/toutcourtfestival.fr\/wp-content\/uploads\/2017\/03\/cda-00075.jpg?resize=768%2C432&amp;ssl=1 768w, https:\/\/i0.wp.com\/toutcourtfestival.fr\/wp-content\/uploads\/2017\/03\/cda-00075.jpg?resize=1024%2C576&amp;ssl=1 1024w\" title=\"Les jeunes en tournage\" alt=\"\" \t\tclass=\"so-widget-image\"\/>\n\t\t\t<\/a><\/div>\n\n<\/div><\/div><div id=\"panel-140-3-1-1\" class=\"so-panel widget widget_sow-editor\" data-index=\"7\" ><div\n\t\t\t\n\t\t\tclass=\"so-widget-sow-editor so-widget-sow-editor-base\"\n\t\t\t\n\t\t>\n<div class=\"siteorigin-widget-tinymce textwidget\">\n\t<h1 style=\"text-align: center;\"><span style=\"color: #000000;\"><a style=\"color: #000000;\" href=\"http:\/\/toutcourtfestival.fr\/index.php\/tout-court-2017\/appel-a-films-2017\/concours-video\/\">S\u00e9lection n\u00b02<\/a><\/span><\/h1>\n<hr \/>\n<h1 style=\"text-align: center;\"><span style=\"color: #000000;\"><a style=\"color: #000000;\" href=\"http:\/\/toutcourtfestival.fr\/index.php\/tout-court-2017\/appel-a-films-2017\/concours-video\/\"><strong>Concours amateur<\/strong><\/a><\/span><\/h1>\n<p style=\"text-align: justify;\"><span style=\"font-size: 10pt; color: #ff0000;\"><strong>Inscriptions closes depuis le 31\/05\/2017.<\/strong><\/span><\/p>\n<p style=\"text-align: justify;\">Le festival organise un concours ouvert aux amateurs et films d\u2019ateliers.<\/p>\n<p style=\"text-align: justify;\">Le sujet du concours est compos\u00e9 d\u2019un th\u00e8me impos\u00e9, d\u2019un \u00e9l\u00e9ment sc\u00e9naristique impos\u00e9 et d\u2019une phrase de dialogue impos\u00e9e. Cette derni\u00e8re peut \u00eatre prononc\u00e9e ou appara\u00eetre \u00e0 l\u2019\u00e9crit dans le film (hors g\u00e9n\u00e9rique) mais ne doit pas subir de modification - seule la ponctuation finale est libre dans le cas de l\u2019\u00e9crit.<\/p>\n<ul style=\"text-align: justify;\">\n<li style=\"text-align: justify;\"><strong>Th\u00e8me impos\u00e9 :<\/strong> Pourquoi ?<\/li>\n<li style=\"text-align: justify;\"><strong>\u00c9l\u00e9ment sc\u00e9naristique impos\u00e9 :<\/strong> Quelque chose s\u2019\u00e9teint.<\/li>\n<li style=\"text-align: justify;\"><strong>Phrase de dialogue impos\u00e9e<\/strong> : \u00ab Ce n\u2019est pas ce que tu crois \u00bb ou bien \u00ab C\u2019est pas ce que tu crois \u00bb.<\/li>\n<\/ul>\n<p style=\"text-align: justify;\">Les films concourants devront r\u00e9pondre aux crit\u00e8res suivants :<\/p>\n<ul style=\"text-align: justify;\">\n<li style=\"text-align: justify;\">Production et r\u00e9alisation amateur ou en ateliers (associatifs, scolaires, etc\u2026)<\/li>\n<li style=\"text-align: justify;\">Fiction.<\/li>\n<li style=\"text-align: justify;\">Dur\u00e9e maximale 15 minutes (g\u00e9n\u00e9rique non compris)<\/li>\n<li style=\"text-align: justify;\">Tout public.<\/li>\n<li style=\"text-align: justify;\">Respect du sujet.<\/li>\n<li style=\"text-align: justify;\">Sous-titres fran\u00e7ais pour les films non francophones.<\/li>\n<\/ul>\n<p style=\"text-align: justify;\">Les films d\u2019animation sont accept\u00e9s tout comme les prises de vues r\u00e9elles, aucun genre n\u2019est impos\u00e9.<\/p>\n<\/div>\n<\/div><\/div><div id=\"panel-140-3-1-2\" class=\"so-panel widget widget_sow-button panel-last-child\" data-index=\"8\" ><div\n\t\t\t\n\t\t\tclass=\"so-widget-sow-button so-widget-sow-button-wire-4f1f43309adc-140\"\n\t\t\t\n\t\t><div class=\"ow-button-base ow-button-align-left\"\n>\n\t\t\t<a\n\t\t\t\t\thref=\"http:\/\/toutcourtfestival.fr\/index.php\/tout-court-2017\/appel-a-films-2017\/concours-video\/\"\n\t\t\t\t\tclass=\"sowb-button ow-icon-placement-left ow-button-hover\" \t>\n\t\t<span>\n\t\t\t\n\t\t\tPlus de d\u00e9tails\t\t<\/span>\n\t\t\t<\/a>\n\t<\/div>\n<\/div><\/div><\/div><div id=\"pgc-140-3-2\"  class=\"panel-grid-cell\" ><div id=\"panel-140-3-2-0\" class=\"so-panel widget widget_sow-image panel-first-child\" data-index=\"9\" ><div\n\t\t\t\n\t\t\tclass=\"so-widget-sow-image so-widget-sow-image-default-8b5b6f678277-140\"\n\t\t\t\n\t\t>\n<div class=\"sow-image-container\">\n\t\t<img \n\tsrc=\"https:\/\/i0.wp.com\/toutcourtfestival.fr\/wp-content\/uploads\/2017\/03\/cap-n-t-2015-09-24-23h43m13s38.png?fit=768%2C432&amp;ssl=1\" width=\"768\" height=\"432\" srcset=\"https:\/\/i0.wp.com\/toutcourtfestival.fr\/wp-content\/uploads\/2017\/03\/cap-n-t-2015-09-24-23h43m13s38.png?w=1920&amp;ssl=1 1920w, https:\/\/i0.wp.com\/toutcourtfestival.fr\/wp-content\/uploads\/2017\/03\/cap-n-t-2015-09-24-23h43m13s38.png?resize=300%2C169&amp;ssl=1 300w, https:\/\/i0.wp.com\/toutcourtfestival.fr\/wp-content\/uploads\/2017\/03\/cap-n-t-2015-09-24-23h43m13s38.png?resize=768%2C432&amp;ssl=1 768w, https:\/\/i0.wp.com\/toutcourtfestival.fr\/wp-content\/uploads\/2017\/03\/cap-n-t-2015-09-24-23h43m13s38.png?resize=1024%2C576&amp;ssl=1 1024w\" title=\"Les jeunes en tournage\" alt=\"\" \t\tclass=\"so-widget-image\"\/>\n\t<\/div>\n\n<\/div><\/div><div id=\"panel-140-3-2-1\" class=\"so-panel widget widget_sow-editor panel-last-child\" data-index=\"10\" ><div\n\t\t\t\n\t\t\tclass=\"so-widget-sow-editor so-widget-sow-editor-base\"\n\t\t\t\n\t\t>\n<div class=\"siteorigin-widget-tinymce textwidget\">\n\t<h1 style=\"text-align: center;\">S\u00e9lection n\u00b03<\/h1>\n<hr \/>\n<h1 style=\"text-align: center;\"><strong>Films amateurs ou d'atelier<\/strong><\/h1>\n<p style=\"text-align: justify;\"><span style=\"color: #ff0000; font-size: 10pt;\"><strong>Inscriptions closes depuis le 31\/05\/2017.<\/strong><\/span><\/p>\n<p style=\"text-align: justify;\">Le festival fait \u00e9galement appel \u00e0 des films amateur ou d\u2019atelier qui seront montr\u00e9 au public mais<strong> ne feront pas l\u2019objet d\u2019une comp\u00e9tition.<\/strong><\/p>\n<p style=\"text-align: justify;\">Cette s\u00e9lection est ouverte \u00e0 tous les films r\u00e9pondant aux crit\u00e8res suivants :<\/p>\n<ul>\n<li style=\"text-align: justify;\">Production et r\u00e9alisation amateur ou en atelier (associatifs, scolaires, etc\u2026)<\/li>\n<li style=\"text-align: justify;\">Fiction<\/li>\n<li style=\"text-align: justify;\">Dur\u00e9e maximale 15 minutes (g\u00e9n\u00e9rique non compris)<\/li>\n<li style=\"text-align: justify;\">Tout public<\/li>\n<li style=\"text-align: justify;\">Sous-titres fran\u00e7ais pour les films non francophones.<\/li>\n<\/ul>\n<p style=\"text-align: justify;\">Les films d\u2019animation sont accept\u00e9s tout comme les prises de vues r\u00e9elles, aucun genre n\u2019est impos\u00e9.<\/p>\n<\/div>\n<\/div><\/div><\/div><\/div><div id=\"pg-140-4\"  class=\"panel-grid panel-has-style\" ><div class=\"siteorigin-panels-stretch panel-row-style panel-row-style-for-140-4\" data-stretch-type=\"full\" ><div id=\"pgc-140-4-0\"  class=\"panel-grid-cell\" ><div id=\"panel-140-4-0-0\" class=\"so-panel widget widget_sow-editor panel-first-child\" data-index=\"11\" ><div class=\"panel-widget-style panel-widget-style-for-140-4-0-0\" ><div\n\t\t\t\n\t\t\tclass=\"so-widget-sow-editor so-widget-sow-editor-base\"\n\t\t\t\n\t\t>\n<div class=\"siteorigin-widget-tinymce textwidget\">\n\t<p style=\"text-align: center;\"><span style=\"color: #ffffff; font-size: 10pt;\">Les films seront jug\u00e9s par un jury professionnel, un jury lyc\u00e9en et le public.<\/span><\/p>\n<p style=\"text-align: center;\"><span style=\"color: #ffffff; font-size: 10pt;\"> Les prix et dotations (lots) seront alors d\u00e9cid\u00e9s en commun entre les<strong> <a style=\"color: #ffffff;\" href=\"http:\/\/toutcourtfestival.fr\/index.php\/accueil\/direction-artistique\/\">jeunes de la direction artistique<\/a><\/strong>&nbsp;et les jury, et seront communiqu\u00e9s ici apr\u00e8s les s\u00e9lections.&nbsp;<\/span><\/p>\n<\/div>\n<\/div><\/div><\/div><div id=\"panel-140-4-0-1\" class=\"so-panel widget widget_sow-button panel-last-child\" data-index=\"12\" ><div\n\t\t\t\n\t\t\tclass=\"so-widget-sow-button so-widget-sow-button-wire-190f4d27f997-140\"\n\t\t\t\n\t\t><div class=\"ow-button-base ow-button-align-center\"\n>\n\t\t\t<a\n\t\t\t\t\thref=\"http:\/\/toutcourtfestival.fr\/index.php\/jury-du-tout-court-2017\/\"\n\t\t\t\t\tclass=\"sowb-button ow-icon-placement-left ow-button-hover\" \t>\n\t\t<span>\n\t\t\t\n\t\t\tJury du Tout Court ! 2017\t\t<\/span>\n\t\t\t<\/a>\n\t<\/div>\n<\/div><\/div><\/div><\/div><\/div><div id=\"pg-140-5\"  class=\"panel-grid panel-no-style\" ><div id=\"pgc-140-5-0\"  class=\"panel-grid-cell\" ><div id=\"panel-140-5-0-0\" class=\"so-panel widget widget_text panel-first-child panel-last-child\" data-index=\"13\" >\t\t\t<div class=\"textwidget\"><style>.entry-title {display:none;}<\/style> <\/div>\n\t\t<\/div><\/div><\/div><\/div>","protected":false},"excerpt":{"rendered":"<p>Appel \u00e0 films pour le Tout Court ! \u00e9dition 2017 (7\/9 juillet 2017) <\/p>\n<p style=\"text-align: justify;\"><strong>Les inscriptions pour l&#8217;\u00e9dition 2017 sont closes. <\/strong><\/p>\n<p style=\"text-align: justify;\"><strong>Merci aux plus de 620 participants, toutes sections confondues! \ud83d\ude42<\/strong><\/p>\n<p style=\"text-align: justify;\">Mode d&#8217;emploi pour inscrire un film:<\/p>\n<ul style=\"text-align: justify;\">\n<li>Choisissez une s\u00e9lections ci-dessous. Attention: vous ne pouvez inscrire &hellip;\n<p><a class=\"more-link btn\" href=\"https:\/\/toutcourtfestival.fr\/index.php\/appel-a-films-2017\/\">Continue reading<\/a><\/p>\n<\/li>\n<\/ul>\n","protected":false},"author":1,"featured_media":0,"parent":0,"menu_order":0,"comment_status":"closed","ping_status":"closed","template":"","meta":{"ngg_post_thumbnail":0,"jetpack_post_was_ever_published":false,"footnotes":""},"class_list":["post-140","page","type-page","status-publish","hentry","nodate","item-wrap"],"jetpack_sharing_enabled":false,"jetpack_shortlink":"https:\/\/wp.me\/P8k6iw-2g","jetpack_likes_enabled":true,"_links":{"self":[{"href":"https:\/\/toutcourtfestival.fr\/index.php\/wp-json\/wp\/v2\/pages\/140","targetHints":{"allow":["GET"]}}],"collection":[{"href":"https:\/\/toutcourtfestival.fr\/index.php\/wp-json\/wp\/v2\/pages"}],"about":[{"href":"https:\/\/toutcourtfestival.fr\/index.php\/wp-json\/wp\/v2\/types\/page"}],"author":[{"embeddable":true,"href":"https:\/\/toutcourtfestival.fr\/index.php\/wp-json\/wp\/v2\/users\/1"}],"replies":[{"embeddable":true,"href":"https:\/\/toutcourtfestival.fr\/index.php\/wp-json\/wp\/v2\/comments?post=140"}],"version-history":[{"count":0,"href":"https:\/\/toutcourtfestival.fr\/index.php\/wp-json\/wp\/v2\/pages\/140\/revisions"}],"wp:attachment":[{"href":"https:\/\/toutcourtfestival.fr\/index.php\/wp-json\/wp\/v2\/media?parent=140"}],"curies":[{"name":"wp","href":"https:\/\/api.w.org\/{rel}","templated":true}]}}