{"id":1697,"date":"2017-06-15T14:50:00","date_gmt":"2017-06-15T12:50:00","guid":{"rendered":"http:\/\/toutcourtfestival.fr\/?page_id=1697"},"modified":"2017-06-28T14:30:54","modified_gmt":"2017-06-28T12:30:54","slug":"pas-pour-les-petits-14-ans","status":"publish","type":"page","link":"https:\/\/toutcourtfestival.fr\/index.php\/tout-court-2017\/selections-2017\/pas-pour-les-petits-14-ans\/","title":{"rendered":"Pas pour les petits"},"content":{"rendered":"<div id=\"pl-1697\"  class=\"panel-layout\" ><div id=\"pg-1697-0\"  class=\"panel-grid panel-no-style\" ><div id=\"pgc-1697-0-0\"  class=\"panel-grid-cell\" ><div id=\"panel-1697-0-0-0\" class=\"so-panel widget widget_sow-headline panel-first-child panel-last-child\" data-index=\"0\" ><div\n\t\t\t\n\t\t\tclass=\"so-widget-sow-headline so-widget-sow-headline-default-a7e3676c1557-1697\"\n\t\t\t\n\t\t><div class=\"sow-headline-container \">\n\t\t\t\t\t\t\t<h1 class=\"sow-headline\">\n\t\t\t\t\t\tSoir\u00e9e pas pour les petits !\t\t\t\t\t\t<\/h1>\n\t\t\t\t\t\t\t\t\t\t\t<div class=\"decoration\">\n\t\t\t\t\t\t<div class=\"decoration-inside\"><\/div>\n\t\t\t\t\t<\/div>\n\t\t\t\t\t<\/div>\n<\/div><\/div><\/div><\/div><div id=\"pg-1697-1\"  class=\"panel-grid panel-no-style\" ><div id=\"pgc-1697-1-0\"  class=\"panel-grid-cell panel-grid-cell-empty\" ><\/div><div id=\"pgc-1697-1-1\"  class=\"panel-grid-cell panel-grid-cell-mobile-last\" ><div id=\"panel-1697-1-1-0\" class=\"so-panel widget widget_sow-editor panel-first-child panel-last-child\" data-index=\"1\" ><div\n\t\t\t\n\t\t\tclass=\"so-widget-sow-editor so-widget-sow-editor-base\"\n\t\t\t\n\t\t>\n<div class=\"siteorigin-widget-tinymce textwidget\">\n\t<p style=\"text-align: justify;\"><span style=\"font-size: 12pt;\">Parce que certains films inscrits au Tout Court ! nous ont paru un peu trop durs pour les plus jeunes, nous avons charg\u00e9 un grand ado de l'\u00e9quipe direction artistique du festival de vous concocter, en partenariat avec un animateur de l'atelier Cin\u00e9macam, un programme de films \"pas pour les petits\" qui sera projet\u00e9 tard le samedi soir en deuxi\u00e8me partie de soir\u00e9e - quand les enfants sont couch\u00e9s!<\/span><\/p>\n<p style=\"text-align: center;\"><span style=\"font-size: 12pt;\"><em><strong>11 films<\/strong> - Dur\u00e9e 1'51 plus \u00e9changes avec les r\u00e9alisateurs.<\/em><\/span><\/p>\n<h1 style=\"text-align: center;\"><strong>Projections:<\/strong><\/h1>\n<p style=\"text-align: center;\"><span style=\"font-size: 12pt;\"><span style=\"color: #ff0000;\"><strong>Avertissement:<\/strong> <\/span>s\u00e9ance d\u00e9conseill\u00e9e aux moins de 14 ans.<\/span><\/p>\n<p style=\"text-align: center;\"><span style=\"font-size: 12pt;\">Samedi 08\/07 22h00 - Salle des f\u00eates<br \/><\/span><\/p>\n<\/div>\n<\/div><\/div><\/div><div id=\"pgc-1697-1-2\"  class=\"panel-grid-cell panel-grid-cell-empty\" ><\/div><\/div><div id=\"pg-1697-2\"  class=\"panel-grid panel-no-style\" ><div id=\"pgc-1697-2-0\"  class=\"panel-grid-cell\" ><div id=\"panel-1697-2-0-0\" class=\"so-panel widget widget_sow-headline panel-first-child panel-last-child\" data-index=\"2\" ><div\n\t\t\t\n\t\t\tclass=\"so-widget-sow-headline so-widget-sow-headline-default-6090f20097d1-1697\"\n\t\t\t\n\t\t><div class=\"sow-headline-container \">\n\t\t\t\t\t\t<div class=\"decoration\">\n\t\t\t\t\t\t<div class=\"decoration-inside\"><\/div>\n\t\t\t\t\t<\/div>\n\t\t\t\t\t<\/div>\n<\/div><\/div><\/div><\/div><div id=\"pg-1697-3\"  class=\"panel-grid panel-has-style\" ><div class=\"panel-row-style panel-row-style-for-1697-3\" ><div id=\"pgc-1697-3-0\"  class=\"panel-grid-cell\" ><div id=\"panel-1697-3-0-0\" class=\"so-panel widget widget_sow-image panel-first-child panel-last-child\" data-index=\"3\" ><div\n\t\t\t\n\t\t\tclass=\"so-widget-sow-image so-widget-sow-image-default-8b5b6f678277-1697\"\n\t\t\t\n\t\t>\n<div class=\"sow-image-container\">\n\t\t<img \n\tsrc=\"https:\/\/i0.wp.com\/toutcourtfestival.fr\/wp-content\/uploads\/2017\/06\/photo2_%C3%89criture_en_Cours.jpeg?fit=1920%2C1080&amp;ssl=1\" width=\"1920\" height=\"1080\" alt=\"\" \t\tclass=\"so-widget-image\"\/>\n\t<\/div>\n\n<\/div><\/div><\/div><div id=\"pgc-1697-3-1\"  class=\"panel-grid-cell\" ><div id=\"panel-1697-3-1-0\" class=\"so-panel widget widget_sow-editor panel-first-child panel-last-child\" data-index=\"4\" ><div\n\t\t\t\n\t\t\tclass=\"so-widget-sow-editor so-widget-sow-editor-base\"\n\t\t\t\n\t\t>\n<div class=\"siteorigin-widget-tinymce textwidget\">\n\t<h1 style=\"text-align: justify;\"><strong>\u00c9criture en Cours<\/strong><\/h1>\n<p style=\"text-align: justify;\"><span style=\"font-size: 12pt;\"><em>Com\u00e9die de <strong>Baujat Gr\u00e9goire<\/strong>&nbsp;- 2'24<\/em><\/span><\/p>\n<p style=\"text-align: justify;\"><span style=\"font-size: 12pt;\">La cr\u00e9ation est un pr\u00e9texte comme un autre pour passer du temps entre amis.<\/span><\/p>\n<p>&nbsp;<\/p>\n<\/div>\n<\/div><\/div><\/div><\/div><\/div><div id=\"pg-1697-4\"  class=\"panel-grid panel-has-style\" ><div class=\"panel-row-style panel-row-style-for-1697-4\" ><div id=\"pgc-1697-4-0\"  class=\"panel-grid-cell\" ><div id=\"panel-1697-4-0-0\" class=\"so-panel widget widget_sow-image panel-first-child panel-last-child\" data-index=\"5\" ><div\n\t\t\t\n\t\t\tclass=\"so-widget-sow-image so-widget-sow-image-default-8b5b6f678277-1697\"\n\t\t\t\n\t\t>\n<div class=\"sow-image-container\">\n\t\t<img \n\tsrc=\"https:\/\/i0.wp.com\/toutcourtfestival.fr\/wp-content\/uploads\/2017\/06\/MAHI-VA-MAN.jpeg?fit=1000%2C562&amp;ssl=1\" width=\"1000\" height=\"562\" srcset=\"https:\/\/i0.wp.com\/toutcourtfestival.fr\/wp-content\/uploads\/2017\/06\/MAHI-VA-MAN.jpeg?w=1000&amp;ssl=1 1000w, https:\/\/i0.wp.com\/toutcourtfestival.fr\/wp-content\/uploads\/2017\/06\/MAHI-VA-MAN.jpeg?resize=300%2C169&amp;ssl=1 300w, https:\/\/i0.wp.com\/toutcourtfestival.fr\/wp-content\/uploads\/2017\/06\/MAHI-VA-MAN.jpeg?resize=768%2C432&amp;ssl=1 768w\" title=\"MAHI VA MAN\" alt=\"\" \t\tclass=\"so-widget-image\"\/>\n\t<\/div>\n\n<\/div><\/div><\/div><div id=\"pgc-1697-4-1\"  class=\"panel-grid-cell\" ><div id=\"panel-1697-4-1-0\" class=\"so-panel widget widget_sow-editor panel-first-child panel-last-child\" data-index=\"6\" ><div\n\t\t\t\n\t\t\tclass=\"so-widget-sow-editor so-widget-sow-editor-base\"\n\t\t\t\n\t\t>\n<div class=\"siteorigin-widget-tinymce textwidget\">\n\t<h1 style=\"text-align: justify;\"><strong>MAHI VA MAN<\/strong><\/h1>\n<p style=\"text-align: justify;\"><span style=\"font-size: 12pt;\"><em>Drame de <strong>Babak Habibifar<\/strong>&nbsp;- 6'00<\/em><\/span><\/p>\n<p style=\"text-align: justify;\"><span style=\"font-size: 12pt;\">Un aveugle tente de sauver la vie d'un poisson rouge.<\/span><\/p>\n<p>&nbsp;<\/p>\n<\/div>\n<\/div><\/div><\/div><\/div><\/div><div id=\"pg-1697-5\"  class=\"panel-grid panel-has-style\" ><div class=\"panel-row-style panel-row-style-for-1697-5\" ><div id=\"pgc-1697-5-0\"  class=\"panel-grid-cell\" ><div id=\"panel-1697-5-0-0\" class=\"so-panel widget widget_sow-image panel-first-child panel-last-child\" data-index=\"7\" ><div\n\t\t\t\n\t\t\tclass=\"so-widget-sow-image so-widget-sow-image-default-8b5b6f678277-1697\"\n\t\t\t\n\t\t>\n<div class=\"sow-image-container\">\n\t\t<img \n\tsrc=\"https:\/\/i0.wp.com\/toutcourtfestival.fr\/wp-content\/uploads\/2017\/06\/Bleu-Gris.jpeg?fit=1000%2C562&amp;ssl=1\" width=\"1000\" height=\"562\" srcset=\"https:\/\/i0.wp.com\/toutcourtfestival.fr\/wp-content\/uploads\/2017\/06\/Bleu-Gris.jpeg?w=1000&amp;ssl=1 1000w, https:\/\/i0.wp.com\/toutcourtfestival.fr\/wp-content\/uploads\/2017\/06\/Bleu-Gris.jpeg?resize=300%2C169&amp;ssl=1 300w, https:\/\/i0.wp.com\/toutcourtfestival.fr\/wp-content\/uploads\/2017\/06\/Bleu-Gris.jpeg?resize=768%2C432&amp;ssl=1 768w\" alt=\"\" \t\tclass=\"so-widget-image\"\/>\n\t<\/div>\n\n<\/div><\/div><\/div><div id=\"pgc-1697-5-1\"  class=\"panel-grid-cell\" ><div id=\"panel-1697-5-1-0\" class=\"so-panel widget widget_sow-editor panel-first-child panel-last-child\" data-index=\"8\" ><div\n\t\t\t\n\t\t\tclass=\"so-widget-sow-editor so-widget-sow-editor-base\"\n\t\t\t\n\t\t>\n<div class=\"siteorigin-widget-tinymce textwidget\">\n\t<h1 style=\"text-align: justify;\"><strong>Bleu-Gris<\/strong><\/h1>\n<p style=\"text-align: justify;\"><span style=\"font-size: 12pt;\"><em>Drame de <strong>La\u00ebtitia Martinucci&nbsp;<\/strong>- 15'00<\/em><\/span><\/p>\n<p style=\"text-align: justify;\"><span style=\"font-size: 12pt;\">Fin ao\u00fbt. Corse. Elbe, 17 ans, sourde de naissance est en vacances chez sa grande s\u0153ur Mathilde.&nbsp;<\/span><span style=\"font-size: 12pt;\">Un jour, alors qu\u2019elle se rend au phare de la Revellata, elle aper\u00e7oit un homme qui remonte seul d\u2019une plong\u00e9e-sous-marine\u2026<\/span><\/p>\n<p>&nbsp;<\/p>\n<\/div>\n<\/div><\/div><\/div><\/div><\/div><div id=\"pg-1697-6\"  class=\"panel-grid panel-has-style\" ><div class=\"panel-row-style panel-row-style-for-1697-6\" ><div id=\"pgc-1697-6-0\"  class=\"panel-grid-cell\" ><div id=\"panel-1697-6-0-0\" class=\"so-panel widget widget_sow-image panel-first-child panel-last-child\" data-index=\"9\" ><div\n\t\t\t\n\t\t\tclass=\"so-widget-sow-image so-widget-sow-image-default-8b5b6f678277-1697\"\n\t\t\t\n\t\t>\n<div class=\"sow-image-container\">\n\t\t<img \n\tsrc=\"https:\/\/i0.wp.com\/toutcourtfestival.fr\/wp-content\/uploads\/2017\/06\/Glasp%C3%A4rlan.jpeg?fit=1000%2C495&amp;ssl=1\" width=\"1000\" height=\"495\" alt=\"\" \t\tclass=\"so-widget-image\"\/>\n\t<\/div>\n\n<\/div><\/div><\/div><div id=\"pgc-1697-6-1\"  class=\"panel-grid-cell\" ><div id=\"panel-1697-6-1-0\" class=\"so-panel widget widget_sow-editor panel-first-child panel-last-child\" data-index=\"10\" ><div\n\t\t\t\n\t\t\tclass=\"so-widget-sow-editor so-widget-sow-editor-base\"\n\t\t\t\n\t\t>\n<div class=\"siteorigin-widget-tinymce textwidget\">\n\t<h1 style=\"text-align: justify;\"><strong>Glasp\u00e4rlan<\/strong><\/h1>\n<p style=\"text-align: justify;\"><span style=\"font-size: 12pt;\"><em>Drame de <strong>Tommi Seitajoki<\/strong>&nbsp;- 15'00<\/em><\/span><\/p>\n<p style=\"text-align: justify;\"><span style=\"font-size: 12pt;\">Un gar\u00e7on de 12 ans fouille r\u00e9guli\u00e8rement les poubelles de sa banlieue \u00e0 la recherche de nourriture comestible qu'il va pouvoir \u00e9changer contre une myst\u00e9rieuse r\u00e9compense.<\/span><\/p>\n<p>&nbsp;<\/p>\n<\/div>\n<\/div><\/div><\/div><\/div><\/div><div id=\"pg-1697-7\"  class=\"panel-grid panel-has-style\" ><div class=\"panel-row-style panel-row-style-for-1697-7\" ><div id=\"pgc-1697-7-0\"  class=\"panel-grid-cell\" ><div id=\"panel-1697-7-0-0\" class=\"so-panel widget widget_sow-image panel-first-child panel-last-child\" data-index=\"11\" ><div\n\t\t\t\n\t\t\tclass=\"so-widget-sow-image so-widget-sow-image-default-8b5b6f678277-1697\"\n\t\t\t\n\t\t>\n<div class=\"sow-image-container\">\n\t\t<img \n\tsrc=\"https:\/\/i0.wp.com\/toutcourtfestival.fr\/wp-content\/uploads\/2017\/06\/Aux-battements-du-parloir.jpeg?fit=1000%2C418&amp;ssl=1\" width=\"1000\" height=\"418\" srcset=\"https:\/\/i0.wp.com\/toutcourtfestival.fr\/wp-content\/uploads\/2017\/06\/Aux-battements-du-parloir.jpeg?w=1000&amp;ssl=1 1000w, https:\/\/i0.wp.com\/toutcourtfestival.fr\/wp-content\/uploads\/2017\/06\/Aux-battements-du-parloir.jpeg?resize=300%2C125&amp;ssl=1 300w, https:\/\/i0.wp.com\/toutcourtfestival.fr\/wp-content\/uploads\/2017\/06\/Aux-battements-du-parloir.jpeg?resize=768%2C321&amp;ssl=1 768w\" alt=\"\" \t\tclass=\"so-widget-image\"\/>\n\t<\/div>\n\n<\/div><\/div><\/div><div id=\"pgc-1697-7-1\"  class=\"panel-grid-cell\" ><div id=\"panel-1697-7-1-0\" class=\"so-panel widget widget_sow-editor panel-first-child panel-last-child\" data-index=\"12\" ><div\n\t\t\t\n\t\t\tclass=\"so-widget-sow-editor so-widget-sow-editor-base\"\n\t\t\t\n\t\t>\n<div class=\"siteorigin-widget-tinymce textwidget\">\n\t<h1 style=\"text-align: justify;\"><strong>Aux battements du parloir<\/strong><\/h1>\n<p style=\"text-align: justify;\"><span style=\"font-size: 12pt;\"><em>Drame de <strong>Pascal Marc<\/strong>&nbsp;- 13'30<\/em><\/span><\/p>\n<p style=\"text-align: justify;\"><span style=\"font-size: 12pt;\">De 8 \u00e0 24 ans, la vie d'un enfant puis d'un jeune adulte \u00e0 travers ses visites \u00e0 son p\u00e8re, incarc\u00e9r\u00e9.<\/span><\/p>\n<p>&nbsp;<\/p>\n<\/div>\n<\/div><\/div><\/div><\/div><\/div><div id=\"pg-1697-8\"  class=\"panel-grid panel-has-style\" ><div class=\"panel-row-style panel-row-style-for-1697-8\" ><div id=\"pgc-1697-8-0\"  class=\"panel-grid-cell\" ><div id=\"panel-1697-8-0-0\" class=\"so-panel widget widget_sow-image panel-first-child panel-last-child\" data-index=\"13\" ><div\n\t\t\t\n\t\t\tclass=\"so-widget-sow-image so-widget-sow-image-default-8b5b6f678277-1697\"\n\t\t\t\n\t\t>\n<div class=\"sow-image-container\">\n\t\t<img \n\tsrc=\"https:\/\/i0.wp.com\/toutcourtfestival.fr\/wp-content\/uploads\/2017\/06\/Beautiful-Injuries.jpeg?fit=812%2C1000&amp;ssl=1\" width=\"812\" height=\"1000\" srcset=\"https:\/\/i0.wp.com\/toutcourtfestival.fr\/wp-content\/uploads\/2017\/06\/Beautiful-Injuries.jpeg?w=812&amp;ssl=1 812w, https:\/\/i0.wp.com\/toutcourtfestival.fr\/wp-content\/uploads\/2017\/06\/Beautiful-Injuries.jpeg?resize=244%2C300&amp;ssl=1 244w, https:\/\/i0.wp.com\/toutcourtfestival.fr\/wp-content\/uploads\/2017\/06\/Beautiful-Injuries.jpeg?resize=768%2C946&amp;ssl=1 768w\" title=\"Beautiful Injuries\" alt=\"\" \t\tclass=\"so-widget-image\"\/>\n\t<\/div>\n\n<\/div><\/div><\/div><div id=\"pgc-1697-8-1\"  class=\"panel-grid-cell\" ><div id=\"panel-1697-8-1-0\" class=\"so-panel widget widget_sow-editor panel-first-child panel-last-child\" data-index=\"14\" ><div\n\t\t\t\n\t\t\tclass=\"so-widget-sow-editor so-widget-sow-editor-base\"\n\t\t\t\n\t\t>\n<div class=\"siteorigin-widget-tinymce textwidget\">\n\t<h1 style=\"text-align: justify;\"><strong>Beautiful Injuries<\/strong><\/h1>\n<p style=\"text-align: justify;\"><span style=\"font-size: 12pt;\"><em>Epouvante de <strong>Judith Beauvallet<\/strong>&nbsp;- 8'44<\/em><\/span><\/p>\n<p style=\"text-align: justify;\"><span style=\"font-size: 12pt;\">A chaque fois qu'elle est triste, Rebecca souffre de visions morbides de son visage mutil\u00e9. Le jour ou Fr\u00e9d\u00e9ric, le charmant pr\u00e9sentateur de la radio dans laquelle elle travaille, entame une relation avec une autre femme, la violence de ses visions semble contaminer la r\u00e9alit\u00e9.<\/span><\/p>\n<p>&nbsp;<\/p>\n<\/div>\n<\/div><\/div><\/div><\/div><\/div><div id=\"pg-1697-9\"  class=\"panel-grid panel-has-style\" ><div class=\"panel-row-style panel-row-style-for-1697-9\" ><div id=\"pgc-1697-9-0\"  class=\"panel-grid-cell\" ><div id=\"panel-1697-9-0-0\" class=\"so-panel widget widget_sow-image panel-first-child panel-last-child\" data-index=\"15\" ><div\n\t\t\t\n\t\t\tclass=\"so-widget-sow-image so-widget-sow-image-default-8b5b6f678277-1697\"\n\t\t\t\n\t\t>\n<div class=\"sow-image-container\">\n\t\t<img \n\tsrc=\"https:\/\/i0.wp.com\/toutcourtfestival.fr\/wp-content\/uploads\/2017\/06\/Family-Portrait.jpeg?fit=1000%2C594&amp;ssl=1\" width=\"1000\" height=\"594\" srcset=\"https:\/\/i0.wp.com\/toutcourtfestival.fr\/wp-content\/uploads\/2017\/06\/Family-Portrait.jpeg?w=1000&amp;ssl=1 1000w, https:\/\/i0.wp.com\/toutcourtfestival.fr\/wp-content\/uploads\/2017\/06\/Family-Portrait.jpeg?resize=300%2C178&amp;ssl=1 300w, https:\/\/i0.wp.com\/toutcourtfestival.fr\/wp-content\/uploads\/2017\/06\/Family-Portrait.jpeg?resize=768%2C456&amp;ssl=1 768w\" alt=\"\" \t\tclass=\"so-widget-image\"\/>\n\t<\/div>\n\n<\/div><\/div><\/div><div id=\"pgc-1697-9-1\"  class=\"panel-grid-cell\" ><div id=\"panel-1697-9-1-0\" class=\"so-panel widget widget_sow-editor panel-first-child panel-last-child\" data-index=\"16\" ><div\n\t\t\t\n\t\t\tclass=\"so-widget-sow-editor so-widget-sow-editor-base\"\n\t\t\t\n\t\t>\n<div class=\"siteorigin-widget-tinymce textwidget\">\n\t<h1 style=\"text-align: justify;\"><strong>Family Portrait<\/strong><\/h1>\n<p style=\"text-align: justify;\"><span style=\"font-size: 12pt;\"><em>Drame de <strong>Kelly Holmes<\/strong>&nbsp;- 14'27<\/em><\/span><\/p>\n<p style=\"text-align: justify;\"><span style=\"font-size: 12pt;\">Margaret doit convaincre sa fille Louise de prendre ses responsabilit\u00e9s apr\u00e8s la mort de son p\u00e8re, tout en gardant les apparences d'un \"portrait de famille\".&nbsp;<\/span><span style=\"font-size: 12pt;\">Pour Louise, cela signifie perdre sa libert\u00e9.&nbsp;<\/span><span style=\"font-size: 12pt;\">Va-t-elle faire ce qu'il faut pour sa famille ou s'enfuir?<\/span><\/p>\n<p>&nbsp;<\/p>\n<\/div>\n<\/div><\/div><\/div><\/div><\/div><div id=\"pg-1697-10\"  class=\"panel-grid panel-has-style\" ><div class=\"panel-row-style panel-row-style-for-1697-10\" ><div id=\"pgc-1697-10-0\"  class=\"panel-grid-cell\" ><div id=\"panel-1697-10-0-0\" class=\"so-panel widget widget_sow-image panel-first-child panel-last-child\" data-index=\"17\" ><div\n\t\t\t\n\t\t\tclass=\"so-widget-sow-image so-widget-sow-image-default-8b5b6f678277-1697\"\n\t\t\t\n\t\t>\n<div class=\"sow-image-container\">\n\t\t<img \n\tsrc=\"https:\/\/i0.wp.com\/toutcourtfestival.fr\/wp-content\/uploads\/2017\/06\/Pot-de-D%C3%A9part.jpeg?fit=1000%2C562&amp;ssl=1\" width=\"1000\" height=\"562\" title=\"Pot de D\u00e9part\" alt=\"\" \t\tclass=\"so-widget-image\"\/>\n\t<\/div>\n\n<\/div><\/div><\/div><div id=\"pgc-1697-10-1\"  class=\"panel-grid-cell\" ><div id=\"panel-1697-10-1-0\" class=\"so-panel widget widget_sow-editor panel-first-child panel-last-child\" data-index=\"18\" ><div\n\t\t\t\n\t\t\tclass=\"so-widget-sow-editor so-widget-sow-editor-base\"\n\t\t\t\n\t\t>\n<div class=\"siteorigin-widget-tinymce textwidget\">\n\t<h1 style=\"text-align: justify;\"><strong>Pot de D\u00e9part<\/strong><\/h1>\n<p style=\"text-align: justify;\"><span style=\"font-size: 12pt;\"><em>Humour de <strong>Julien Ivanowich<\/strong>&nbsp;- 5'18<\/em><\/span><\/p>\n<p style=\"text-align: justify;\"><span style=\"font-size: 12pt;\">Julie c\u00e9l\u00e8bre la fin de son stage en invitant ses coll\u00e8gues de bureau \u00e0 partager une raclette. Elle compte bien profiter de ce repas pour faire passer un message percutant.<\/span><\/p>\n<p>&nbsp;<\/p>\n<\/div>\n<\/div><\/div><\/div><\/div><\/div><div id=\"pg-1697-11\"  class=\"panel-grid panel-has-style\" ><div class=\"panel-row-style panel-row-style-for-1697-11\" ><div id=\"pgc-1697-11-0\"  class=\"panel-grid-cell\" ><div id=\"panel-1697-11-0-0\" class=\"so-panel widget widget_sow-image panel-first-child panel-last-child\" data-index=\"19\" ><div\n\t\t\t\n\t\t\tclass=\"so-widget-sow-image so-widget-sow-image-default-8b5b6f678277-1697\"\n\t\t\t\n\t\t>\n<div class=\"sow-image-container\">\n\t\t<img \n\tsrc=\"https:\/\/i0.wp.com\/toutcourtfestival.fr\/wp-content\/uploads\/2017\/06\/Play-Or-Die.jpeg?fit=707%2C1000&amp;ssl=1\" width=\"707\" height=\"1000\" srcset=\"https:\/\/i0.wp.com\/toutcourtfestival.fr\/wp-content\/uploads\/2017\/06\/Play-Or-Die.jpeg?w=707&amp;ssl=1 707w, https:\/\/i0.wp.com\/toutcourtfestival.fr\/wp-content\/uploads\/2017\/06\/Play-Or-Die.jpeg?resize=212%2C300&amp;ssl=1 212w\" title=\"Play Or Die\" alt=\"\" \t\tclass=\"so-widget-image\"\/>\n\t<\/div>\n\n<\/div><\/div><\/div><div id=\"pgc-1697-11-1\"  class=\"panel-grid-cell\" ><div id=\"panel-1697-11-1-0\" class=\"so-panel widget widget_sow-editor panel-first-child panel-last-child\" data-index=\"20\" ><div\n\t\t\t\n\t\t\tclass=\"so-widget-sow-editor so-widget-sow-editor-base\"\n\t\t\t\n\t\t>\n<div class=\"siteorigin-widget-tinymce textwidget\">\n\t<h1 style=\"text-align: justify;\"><strong>Play Or Die<\/strong><\/h1>\n<p style=\"text-align: justify;\"><span style=\"font-size: 12pt;\"><em>Humour de <strong>Florian Cioffi<\/strong>&nbsp;- 12'40<\/em><\/span><\/p>\n<p style=\"text-align: justify;\"><span style=\"font-size: 12pt;\">Eric est fan de Brad Pitt. A cause de cette obsession pour lui, il se retrouve dans une situation d\u00e9licate et est amen\u00e9 \u00e0 faire un braquage qui tourne mal avec sa s\u0153ur et son meilleur ami.<\/span><\/p>\n<p>&nbsp;<\/p>\n<\/div>\n<\/div><\/div><\/div><\/div><\/div><div id=\"pg-1697-12\"  class=\"panel-grid panel-has-style\" ><div class=\"panel-row-style panel-row-style-for-1697-12\" ><div id=\"pgc-1697-12-0\"  class=\"panel-grid-cell\" ><div id=\"panel-1697-12-0-0\" class=\"so-panel widget widget_sow-image panel-first-child panel-last-child\" data-index=\"21\" ><div\n\t\t\t\n\t\t\tclass=\"so-widget-sow-image so-widget-sow-image-default-8b5b6f678277-1697\"\n\t\t\t\n\t\t>\n<div class=\"sow-image-container\">\n\t\t<img \n\tsrc=\"https:\/\/i0.wp.com\/toutcourtfestival.fr\/wp-content\/uploads\/2017\/06\/Cadors.jpeg?fit=1000%2C418&amp;ssl=1\" width=\"1000\" height=\"418\" srcset=\"https:\/\/i0.wp.com\/toutcourtfestival.fr\/wp-content\/uploads\/2017\/06\/Cadors.jpeg?w=1000&amp;ssl=1 1000w, https:\/\/i0.wp.com\/toutcourtfestival.fr\/wp-content\/uploads\/2017\/06\/Cadors.jpeg?resize=300%2C125&amp;ssl=1 300w, https:\/\/i0.wp.com\/toutcourtfestival.fr\/wp-content\/uploads\/2017\/06\/Cadors.jpeg?resize=768%2C321&amp;ssl=1 768w\" alt=\"\" \t\tclass=\"so-widget-image\"\/>\n\t<\/div>\n\n<\/div><\/div><\/div><div id=\"pgc-1697-12-1\"  class=\"panel-grid-cell\" ><div id=\"panel-1697-12-1-0\" class=\"so-panel widget widget_sow-editor panel-first-child panel-last-child\" data-index=\"22\" ><div\n\t\t\t\n\t\t\tclass=\"so-widget-sow-editor so-widget-sow-editor-base\"\n\t\t\t\n\t\t>\n<div class=\"siteorigin-widget-tinymce textwidget\">\n\t<h1 style=\"text-align: justify;\"><strong>Cadors<\/strong><\/h1>\n<p style=\"text-align: justify;\"><span style=\"font-size: 12pt;\"><em>Fiction de <strong>Matthieu Vollaire<\/strong>&nbsp;- 11'22<\/em><\/span><\/p>\n<p style=\"text-align: justify;\"><span style=\"font-size: 12pt;\">Dans la famille Boniek on g\u00e8re \u00ab les affaires \u00bb en famille. Lorsque Otto, le patriarche, meurt, tradition oblige c\u2019est \u00e0 Daniel, le fils a\u00een\u00e9 de prendre la rel\u00e8ve.&nbsp;<\/span><span style=\"font-size: 12pt;\">Et cela commence par un enterrement \u00e0 organiser et une famille encombrante, amorale et d\u00e9bile \u00e0 canaliser.<\/span><\/p>\n<p>&nbsp;<\/p>\n<\/div>\n<\/div><\/div><\/div><\/div><\/div><div id=\"pg-1697-13\"  class=\"panel-grid panel-has-style\" ><div class=\"panel-row-style panel-row-style-for-1697-13\" ><div id=\"pgc-1697-13-0\"  class=\"panel-grid-cell\" ><div id=\"panel-1697-13-0-0\" class=\"so-panel widget widget_sow-image panel-first-child panel-last-child\" data-index=\"23\" ><div\n\t\t\t\n\t\t\tclass=\"so-widget-sow-image so-widget-sow-image-default-8b5b6f678277-1697\"\n\t\t\t\n\t\t>\n<div class=\"sow-image-container\">\n\t\t<img \n\tsrc=\"https:\/\/i0.wp.com\/toutcourtfestival.fr\/wp-content\/uploads\/2017\/06\/Garden-Party.png?fit=1000%2C540&amp;ssl=1\" width=\"1000\" height=\"540\" srcset=\"https:\/\/i0.wp.com\/toutcourtfestival.fr\/wp-content\/uploads\/2017\/06\/Garden-Party.png?w=1000&amp;ssl=1 1000w, https:\/\/i0.wp.com\/toutcourtfestival.fr\/wp-content\/uploads\/2017\/06\/Garden-Party.png?resize=300%2C162&amp;ssl=1 300w, https:\/\/i0.wp.com\/toutcourtfestival.fr\/wp-content\/uploads\/2017\/06\/Garden-Party.png?resize=768%2C415&amp;ssl=1 768w\" title=\"Garden Party\" alt=\"\" \t\tclass=\"so-widget-image\"\/>\n\t<\/div>\n\n<\/div><\/div><\/div><div id=\"pgc-1697-13-1\"  class=\"panel-grid-cell\" ><div id=\"panel-1697-13-1-0\" class=\"so-panel widget widget_sow-editor panel-first-child panel-last-child\" data-index=\"24\" ><div\n\t\t\t\n\t\t\tclass=\"so-widget-sow-editor so-widget-sow-editor-base\"\n\t\t\t\n\t\t>\n<div class=\"siteorigin-widget-tinymce textwidget\">\n\t<h1 style=\"text-align: justify;\"><strong>Garden Party<\/strong><\/h1>\n<p style=\"text-align: justify;\"><span style=\"font-size: 12pt;\"><em>Fable de <strong>Florian Babikian<\/strong>&nbsp;- 6'50 [Film d'animation]<\/em><\/span><\/p>\n<p style=\"text-align: justify;\"><span style=\"font-size: 12pt;\">Dans une villa abandonn\u00e9e, des amphibiens explorent les environs, pouss\u00e9s par leurs instincts primaires.<\/span><\/p>\n<p>&nbsp;<\/p>\n<\/div>\n<\/div><\/div><\/div><\/div><\/div><div id=\"pg-1697-14\"  class=\"panel-grid panel-no-style\" ><div id=\"pgc-1697-14-0\"  class=\"panel-grid-cell\" ><div id=\"panel-1697-14-0-0\" class=\"so-panel widget widget_text panel-first-child panel-last-child\" data-index=\"25\" >\t\t\t<div class=\"textwidget\"><style>.entry-title {display:none;}<\/style>\n<\/div>\n\t\t<\/div><\/div><\/div><\/div>","protected":false},"excerpt":{"rendered":"<p>Soir\u00e9e pas pour les petits ! <\/p>\n<p style=\"text-align: justify;\">Parce que certains films inscrits au Tout Court ! nous ont paru un peu trop durs pour les plus jeunes, nous avons charg\u00e9 un grand ado de l&#8217;\u00e9quipe direction artistique du festival de vous concocter, en partenariat avec un animateur de l&#8217;atelier Cin\u00e9macam, un programme de films &hellip; <\/p>\n<p><a class=\"more-link btn\" href=\"https:\/\/toutcourtfestival.fr\/index.php\/tout-court-2017\/selections-2017\/pas-pour-les-petits-14-ans\/\">Continue reading<\/a><\/p>\n","protected":false},"author":1,"featured_media":0,"parent":1654,"menu_order":0,"comment_status":"closed","ping_status":"closed","template":"","meta":{"ngg_post_thumbnail":0,"jetpack_post_was_ever_published":false,"footnotes":""},"class_list":["post-1697","page","type-page","status-publish","hentry","nodate","item-wrap"],"jetpack_sharing_enabled":true,"jetpack_shortlink":"https:\/\/wp.me\/P8k6iw-rn","jetpack_likes_enabled":true,"_links":{"self":[{"href":"https:\/\/toutcourtfestival.fr\/index.php\/wp-json\/wp\/v2\/pages\/1697","targetHints":{"allow":["GET"]}}],"collection":[{"href":"https:\/\/toutcourtfestival.fr\/index.php\/wp-json\/wp\/v2\/pages"}],"about":[{"href":"https:\/\/toutcourtfestival.fr\/index.php\/wp-json\/wp\/v2\/types\/page"}],"author":[{"embeddable":true,"href":"https:\/\/toutcourtfestival.fr\/index.php\/wp-json\/wp\/v2\/users\/1"}],"replies":[{"embeddable":true,"href":"https:\/\/toutcourtfestival.fr\/index.php\/wp-json\/wp\/v2\/comments?post=1697"}],"version-history":[{"count":0,"href":"https:\/\/toutcourtfestival.fr\/index.php\/wp-json\/wp\/v2\/pages\/1697\/revisions"}],"up":[{"embeddable":true,"href":"https:\/\/toutcourtfestival.fr\/index.php\/wp-json\/wp\/v2\/pages\/1654"}],"wp:attachment":[{"href":"https:\/\/toutcourtfestival.fr\/index.php\/wp-json\/wp\/v2\/media?parent=1697"}],"curies":[{"name":"wp","href":"https:\/\/api.w.org\/{rel}","templated":true}]}}