{"id":1725,"date":"2017-06-15T15:04:56","date_gmt":"2017-06-15T13:04:56","guid":{"rendered":"http:\/\/toutcourtfestival.fr\/?page_id=1725"},"modified":"2017-06-22T16:08:42","modified_gmt":"2017-06-22T14:08:42","slug":"jeune-public-5-ans","status":"publish","type":"page","link":"https:\/\/toutcourtfestival.fr\/index.php\/tout-court-2017\/selections-2017\/jeune-public-5-ans\/","title":{"rendered":"Jeune public +5 ans"},"content":{"rendered":"<div id=\"pl-1725\"  class=\"panel-layout\" ><div id=\"pg-1725-0\"  class=\"panel-grid panel-no-style\" ><div id=\"pgc-1725-0-0\"  class=\"panel-grid-cell\" ><div id=\"panel-1725-0-0-0\" class=\"so-panel widget widget_sow-headline panel-first-child panel-last-child\" data-index=\"0\" ><div\n\t\t\t\n\t\t\tclass=\"so-widget-sow-headline so-widget-sow-headline-default-302fc0a1f3a9-1725\"\n\t\t\t\n\t\t><div class=\"sow-headline-container \">\n\t\t\t\t\t\t\t<h1 class=\"sow-headline\">\n\t\t\t\t\t\tS\u00e9ance jeune public 1\u00e8re partie - A partir de 5 ans\t\t\t\t\t\t<\/h1>\n\t\t\t\t\t\t\t\t\t\t\t<div class=\"decoration\">\n\t\t\t\t\t\t<div class=\"decoration-inside\"><\/div>\n\t\t\t\t\t<\/div>\n\t\t\t\t\t<\/div>\n<\/div><\/div><\/div><\/div><div id=\"pg-1725-1\"  class=\"panel-grid panel-no-style\" ><div id=\"pgc-1725-1-0\"  class=\"panel-grid-cell panel-grid-cell-empty\" ><\/div><div id=\"pgc-1725-1-1\"  class=\"panel-grid-cell panel-grid-cell-mobile-last\" ><div id=\"panel-1725-1-1-0\" class=\"so-panel widget widget_sow-editor panel-first-child panel-last-child\" data-index=\"1\" ><div\n\t\t\t\n\t\t\tclass=\"so-widget-sow-editor so-widget-sow-editor-base\"\n\t\t\t\n\t\t>\n<div class=\"siteorigin-widget-tinymce textwidget\">\n\t<p style=\"text-align: justify;\"><span style=\"font-size: 12pt;\">Parce que nos plus jeunes spectateurs ont droit eux aussi \u00e0 profiter du Tout Court ! nous vous pr\u00e9sentons une s\u00e9lection de films qui leur sont particuli\u00e8rement adress\u00e9s - mais les adultes peuvent aussi appr\u00e9cier ! Ils seront projet\u00e9s en deux partie: une premi\u00e8re avec des films accessibles d\u00e8s 5 ans, une <a href=\"http:\/\/toutcourtfestival.fr\/index.php\/selections-2017\/jeune-public-9-ans\/\">deuxi\u00e8me<\/a> \u00e0 partir de 9 ans. Entre deux, une pause de quelques minutes pour laisser sortir ceux qui ne souhaitent voir que la premi\u00e8re. Bien s\u00fbr, un m\u00eame billet d'entr\u00e9e vous permettra d'assister aux deux parties de la s\u00e9ance.<\/span><\/p>\n<p style=\"text-align: center;\"><span style=\"font-size: 12pt;\"><em><strong>8 films<\/strong> - Dur\u00e9e 48 minutes<\/em><\/span><\/p>\n<h1 style=\"text-align: center;\"><strong>Projections:<\/strong><\/h1>\n<p style=\"text-align: center;\"><span style=\"font-size: 12pt;\">Dimanche 09\/07 15h30 - Lyc\u00e9e Louise Michel<br \/>(Suivie imm\u00e9diatement de la <a href=\"http:\/\/toutcourtfestival.fr\/index.php\/selections-2017\/jeune-public-9-ans\/\">deuxi\u00e8me partie<\/a> \u00e0 16h30)<\/span><\/p>\n<\/div>\n<\/div><\/div><\/div><div id=\"pgc-1725-1-2\"  class=\"panel-grid-cell panel-grid-cell-empty\" ><\/div><\/div><div id=\"pg-1725-2\"  class=\"panel-grid panel-no-style\" ><div id=\"pgc-1725-2-0\"  class=\"panel-grid-cell\" ><div id=\"panel-1725-2-0-0\" class=\"so-panel widget widget_sow-headline panel-first-child panel-last-child\" data-index=\"2\" ><div\n\t\t\t\n\t\t\tclass=\"so-widget-sow-headline so-widget-sow-headline-default-6090f20097d1-1725\"\n\t\t\t\n\t\t><div class=\"sow-headline-container \">\n\t\t\t\t\t\t<div class=\"decoration\">\n\t\t\t\t\t\t<div class=\"decoration-inside\"><\/div>\n\t\t\t\t\t<\/div>\n\t\t\t\t\t<\/div>\n<\/div><\/div><\/div><\/div><div id=\"pg-1725-3\"  class=\"panel-grid panel-has-style\" ><div class=\"panel-row-style panel-row-style-for-1725-3\" ><div id=\"pgc-1725-3-0\"  class=\"panel-grid-cell\" ><div id=\"panel-1725-3-0-0\" class=\"so-panel widget widget_sow-image panel-first-child panel-last-child\" data-index=\"3\" ><div\n\t\t\t\n\t\t\tclass=\"so-widget-sow-image so-widget-sow-image-default-8b5b6f678277-1725\"\n\t\t\t\n\t\t>\n<div class=\"sow-image-container\">\n\t\t<img \n\tsrc=\"https:\/\/i0.wp.com\/toutcourtfestival.fr\/wp-content\/uploads\/2017\/06\/clockwork2.jpg?fit=1772%2C997&amp;ssl=1\" width=\"1772\" height=\"997\" srcset=\"https:\/\/i0.wp.com\/toutcourtfestival.fr\/wp-content\/uploads\/2017\/06\/clockwork2.jpg?w=1772&amp;ssl=1 1772w, https:\/\/i0.wp.com\/toutcourtfestival.fr\/wp-content\/uploads\/2017\/06\/clockwork2.jpg?resize=300%2C169&amp;ssl=1 300w, https:\/\/i0.wp.com\/toutcourtfestival.fr\/wp-content\/uploads\/2017\/06\/clockwork2.jpg?resize=768%2C432&amp;ssl=1 768w, https:\/\/i0.wp.com\/toutcourtfestival.fr\/wp-content\/uploads\/2017\/06\/clockwork2.jpg?resize=1024%2C576&amp;ssl=1 1024w\" title=\"clockwork(2)\" alt=\"\" \t\tclass=\"so-widget-image\"\/>\n\t<\/div>\n\n<\/div><\/div><\/div><div id=\"pgc-1725-3-1\"  class=\"panel-grid-cell\" ><div id=\"panel-1725-3-1-0\" class=\"so-panel widget widget_sow-editor panel-first-child panel-last-child\" data-index=\"4\" ><div\n\t\t\t\n\t\t\tclass=\"so-widget-sow-editor so-widget-sow-editor-base\"\n\t\t\t\n\t\t>\n<div class=\"siteorigin-widget-tinymce textwidget\">\n\t<h1 style=\"text-align: justify;\"><strong>Clockwork<\/strong><\/h1>\n<p style=\"text-align: justify;\"><span style=\"font-size: 12pt;\"><em>Fiction Onirique de <strong>Marine Perrin<\/strong>&nbsp;- 3'24 [Film d'animation]<\/em><\/span><\/p>\n<p style=\"text-align: justify;\"><span style=\"font-size: 12pt;\">De petites cr\u00e9atures vivant dans une horloge doivent emp\u00eacher le temps de s\u2019arr\u00eater.<\/span><\/p>\n<\/div>\n<\/div><\/div><\/div><\/div><\/div><div id=\"pg-1725-4\"  class=\"panel-grid panel-has-style\" ><div class=\"panel-row-style panel-row-style-for-1725-4\" ><div id=\"pgc-1725-4-0\"  class=\"panel-grid-cell\" ><div id=\"panel-1725-4-0-0\" class=\"so-panel widget widget_sow-image panel-first-child panel-last-child\" data-index=\"5\" ><div\n\t\t\t\n\t\t\tclass=\"so-widget-sow-image so-widget-sow-image-default-8b5b6f678277-1725\"\n\t\t\t\n\t\t>\n<div class=\"sow-image-container\">\n\t\t<img \n\tsrc=\"https:\/\/i0.wp.com\/toutcourtfestival.fr\/wp-content\/uploads\/2017\/06\/En-Vol.jpeg?fit=1000%2C562&amp;ssl=1\" width=\"1000\" height=\"562\" srcset=\"https:\/\/i0.wp.com\/toutcourtfestival.fr\/wp-content\/uploads\/2017\/06\/En-Vol.jpeg?w=1000&amp;ssl=1 1000w, https:\/\/i0.wp.com\/toutcourtfestival.fr\/wp-content\/uploads\/2017\/06\/En-Vol.jpeg?resize=300%2C169&amp;ssl=1 300w, https:\/\/i0.wp.com\/toutcourtfestival.fr\/wp-content\/uploads\/2017\/06\/En-Vol.jpeg?resize=768%2C432&amp;ssl=1 768w\" title=\"En Vol\" alt=\"\" \t\tclass=\"so-widget-image\"\/>\n\t<\/div>\n\n<\/div><\/div><\/div><div id=\"pgc-1725-4-1\"  class=\"panel-grid-cell\" ><div id=\"panel-1725-4-1-0\" class=\"so-panel widget widget_sow-editor panel-first-child panel-last-child\" data-index=\"6\" ><div\n\t\t\t\n\t\t\tclass=\"so-widget-sow-editor so-widget-sow-editor-base\"\n\t\t\t\n\t\t>\n<div class=\"siteorigin-widget-tinymce textwidget\">\n\t<h1 style=\"text-align: justify;\"><strong>En Vol<\/strong><\/h1>\n<p style=\"text-align: justify;\"><span style=\"font-size: 12pt;\"><em>Conte de <strong>Britanny Lefevre<\/strong>&nbsp;- 3'00 [Film d'animation]<\/em><\/span><\/p>\n<p style=\"text-align: justify;\"><span style=\"font-size: 12pt;\">Un petit \u00eatre de la for\u00eat et une pie se disputent des objets brillants.<\/span><\/p>\n<p>&nbsp;<\/p>\n<\/div>\n<\/div><\/div><\/div><\/div><\/div><div id=\"pg-1725-5\"  class=\"panel-grid panel-has-style\" ><div class=\"panel-row-style panel-row-style-for-1725-5\" ><div id=\"pgc-1725-5-0\"  class=\"panel-grid-cell\" ><div id=\"panel-1725-5-0-0\" class=\"so-panel widget widget_sow-image panel-first-child panel-last-child\" data-index=\"7\" ><div\n\t\t\t\n\t\t\tclass=\"so-widget-sow-image so-widget-sow-image-default-8b5b6f678277-1725\"\n\t\t\t\n\t\t>\n<div class=\"sow-image-container\">\n\t\t<img \n\tsrc=\"https:\/\/i0.wp.com\/toutcourtfestival.fr\/wp-content\/uploads\/2017\/06\/Minouche.jpeg?fit=1000%2C562&amp;ssl=1\" width=\"1000\" height=\"562\" srcset=\"https:\/\/i0.wp.com\/toutcourtfestival.fr\/wp-content\/uploads\/2017\/06\/Minouche.jpeg?w=1000&amp;ssl=1 1000w, https:\/\/i0.wp.com\/toutcourtfestival.fr\/wp-content\/uploads\/2017\/06\/Minouche.jpeg?resize=300%2C169&amp;ssl=1 300w, https:\/\/i0.wp.com\/toutcourtfestival.fr\/wp-content\/uploads\/2017\/06\/Minouche.jpeg?resize=768%2C432&amp;ssl=1 768w\" alt=\"\" \t\tclass=\"so-widget-image\"\/>\n\t<\/div>\n\n<\/div><\/div><\/div><div id=\"pgc-1725-5-1\"  class=\"panel-grid-cell\" ><div id=\"panel-1725-5-1-0\" class=\"so-panel widget widget_sow-editor panel-first-child panel-last-child\" data-index=\"8\" ><div\n\t\t\t\n\t\t\tclass=\"so-widget-sow-editor so-widget-sow-editor-base\"\n\t\t\t\n\t\t>\n<div class=\"siteorigin-widget-tinymce textwidget\">\n\t<h1 style=\"text-align: justify;\"><strong>Minouche<\/strong><\/h1>\n<p style=\"text-align: justify;\"><span style=\"font-size: 12pt;\"><em>Portrait de <strong>Marija Grujicic<\/strong>&nbsp;- 3'59 [Film d'animation]<\/em><\/span><\/p>\n<p style=\"text-align: justify;\"><span style=\"font-size: 12pt;\">Une petite fille rend le quotidien de ses proches beaucoup moins ennuyeux.<\/span><\/p>\n<p>&nbsp;<\/p>\n<\/div>\n<\/div><\/div><\/div><\/div><\/div><div id=\"pg-1725-6\"  class=\"panel-grid panel-has-style\" ><div class=\"panel-row-style panel-row-style-for-1725-6\" ><div id=\"pgc-1725-6-0\"  class=\"panel-grid-cell\" ><div id=\"panel-1725-6-0-0\" class=\"so-panel widget widget_sow-image panel-first-child panel-last-child\" data-index=\"9\" ><div\n\t\t\t\n\t\t\tclass=\"so-widget-sow-image so-widget-sow-image-default-8b5b6f678277-1725\"\n\t\t\t\n\t\t>\n<div class=\"sow-image-container\">\n\t\t<img \n\tsrc=\"https:\/\/i0.wp.com\/toutcourtfestival.fr\/wp-content\/uploads\/2017\/06\/Manolo.jpeg?fit=1000%2C562&amp;ssl=1\" width=\"1000\" height=\"562\" srcset=\"https:\/\/i0.wp.com\/toutcourtfestival.fr\/wp-content\/uploads\/2017\/06\/Manolo.jpeg?w=1000&amp;ssl=1 1000w, https:\/\/i0.wp.com\/toutcourtfestival.fr\/wp-content\/uploads\/2017\/06\/Manolo.jpeg?resize=300%2C169&amp;ssl=1 300w, https:\/\/i0.wp.com\/toutcourtfestival.fr\/wp-content\/uploads\/2017\/06\/Manolo.jpeg?resize=768%2C432&amp;ssl=1 768w\" alt=\"\" \t\tclass=\"so-widget-image\"\/>\n\t<\/div>\n\n<\/div><\/div><\/div><div id=\"pgc-1725-6-1\"  class=\"panel-grid-cell\" ><div id=\"panel-1725-6-1-0\" class=\"so-panel widget widget_sow-editor panel-first-child panel-last-child\" data-index=\"10\" ><div\n\t\t\t\n\t\t\tclass=\"so-widget-sow-editor so-widget-sow-editor-base\"\n\t\t\t\n\t\t>\n<div class=\"siteorigin-widget-tinymce textwidget\">\n\t<h1 style=\"text-align: justify;\"><strong>Manolo<\/strong><\/h1>\n<p style=\"text-align: justify;\"><span style=\"font-size: 12pt;\"><em>Film fantastique de <strong>Abel Ringot<\/strong>&nbsp;- 11'30 [Film d'animation]<\/em><\/span><\/p>\n<p style=\"text-align: justify;\"><span style=\"font-size: 12pt;\">Manolo est une marionnette de papier n\u00e9e des mains d\u2019Alice, r\u00e9alisatrice de films d'animation. Apr\u00e8s avoir fait connaissance avec sa cr\u00e9atrice, il d\u00e9cide de vivre joyeusement sa propre aventure filmique dans la for\u00eat...<\/span><\/p>\n<p>&nbsp;<\/p>\n<\/div>\n<\/div><\/div><\/div><\/div><\/div><div id=\"pg-1725-7\"  class=\"panel-grid panel-has-style\" ><div class=\"panel-row-style panel-row-style-for-1725-7\" ><div id=\"pgc-1725-7-0\"  class=\"panel-grid-cell\" ><div id=\"panel-1725-7-0-0\" class=\"so-panel widget widget_sow-image panel-first-child panel-last-child\" data-index=\"11\" ><div\n\t\t\t\n\t\t\tclass=\"so-widget-sow-image so-widget-sow-image-default-8b5b6f678277-1725\"\n\t\t\t\n\t\t>\n<div class=\"sow-image-container\">\n\t\t<img \n\tsrc=\"https:\/\/i0.wp.com\/toutcourtfestival.fr\/wp-content\/uploads\/2017\/06\/Pica-Pica.png?fit=1000%2C562&amp;ssl=1\" width=\"1000\" height=\"562\" srcset=\"https:\/\/i0.wp.com\/toutcourtfestival.fr\/wp-content\/uploads\/2017\/06\/Pica-Pica.png?w=1000&amp;ssl=1 1000w, https:\/\/i0.wp.com\/toutcourtfestival.fr\/wp-content\/uploads\/2017\/06\/Pica-Pica.png?resize=300%2C169&amp;ssl=1 300w, https:\/\/i0.wp.com\/toutcourtfestival.fr\/wp-content\/uploads\/2017\/06\/Pica-Pica.png?resize=768%2C432&amp;ssl=1 768w\" title=\"Pica Pica\" alt=\"\" \t\tclass=\"so-widget-image\"\/>\n\t<\/div>\n\n<\/div><\/div><\/div><div id=\"pgc-1725-7-1\"  class=\"panel-grid-cell\" ><div id=\"panel-1725-7-1-0\" class=\"so-panel widget widget_sow-editor panel-first-child panel-last-child\" data-index=\"12\" ><div\n\t\t\t\n\t\t\tclass=\"so-widget-sow-editor so-widget-sow-editor-base\"\n\t\t\t\n\t\t>\n<div class=\"siteorigin-widget-tinymce textwidget\">\n\t<h1 style=\"text-align: justify;\"><strong>Pica Pica<\/strong><\/h1>\n<p style=\"text-align: justify;\"><span style=\"font-size: 12pt;\"><em>Film aventure de <strong>Mojgan Ghanaatgar<\/strong>&nbsp;- 6'10 [Film d'animation]<\/em><\/span><\/p>\n<p style=\"text-align: justify;\"><span style=\"font-size: 12pt;\">L\u2019arriv\u00e9e d\u2019une pie dans une petite ville d\u00e9clenche une s\u00e9rie de catastrophe en raison de l\u2019avidit\u00e9 des habitants.<\/span><\/p>\n<p>&nbsp;<\/p>\n<\/div>\n<\/div><\/div><\/div><\/div><\/div><div id=\"pg-1725-8\"  class=\"panel-grid panel-has-style\" ><div class=\"panel-row-style panel-row-style-for-1725-8\" ><div id=\"pgc-1725-8-0\"  class=\"panel-grid-cell\" ><div id=\"panel-1725-8-0-0\" class=\"so-panel widget widget_sow-image panel-first-child panel-last-child\" data-index=\"13\" ><div\n\t\t\t\n\t\t\tclass=\"so-widget-sow-image so-widget-sow-image-default-8b5b6f678277-1725\"\n\t\t\t\n\t\t>\n<div class=\"sow-image-container\">\n\t\t<img \n\tsrc=\"https:\/\/i0.wp.com\/toutcourtfestival.fr\/wp-content\/uploads\/2017\/06\/Charlie-et-ses-grandes-dents.png?fit=1000%2C562&amp;ssl=1\" width=\"1000\" height=\"562\" srcset=\"https:\/\/i0.wp.com\/toutcourtfestival.fr\/wp-content\/uploads\/2017\/06\/Charlie-et-ses-grandes-dents.png?w=1000&amp;ssl=1 1000w, https:\/\/i0.wp.com\/toutcourtfestival.fr\/wp-content\/uploads\/2017\/06\/Charlie-et-ses-grandes-dents.png?resize=300%2C169&amp;ssl=1 300w, https:\/\/i0.wp.com\/toutcourtfestival.fr\/wp-content\/uploads\/2017\/06\/Charlie-et-ses-grandes-dents.png?resize=768%2C432&amp;ssl=1 768w\" title=\"Charlie et ses grandes dents\" alt=\"\" \t\tclass=\"so-widget-image\"\/>\n\t<\/div>\n\n<\/div><\/div><\/div><div id=\"pgc-1725-8-1\"  class=\"panel-grid-cell\" ><div id=\"panel-1725-8-1-0\" class=\"so-panel widget widget_sow-editor panel-first-child panel-last-child\" data-index=\"14\" ><div\n\t\t\t\n\t\t\tclass=\"so-widget-sow-editor so-widget-sow-editor-base\"\n\t\t\t\n\t\t>\n<div class=\"siteorigin-widget-tinymce textwidget\">\n\t<h1 style=\"text-align: justify;\"><strong>Charlie et ses grandes dents<\/strong><\/h1>\n<p style=\"text-align: justify;\"><span style=\"font-size: 12pt;\"><em>Com\u00e9die de <strong>Esther Lalanne<\/strong>&nbsp;- 6'13 [Film d'animation]<\/em><\/span><\/p>\n<p style=\"text-align: justify;\"><span style=\"font-size: 12pt;\">Charlie, un petit gar\u00e7on avec de tr\u00e8s longues dents, se cache derri\u00e8re son \u00e9charpe afin d'\u00e9viter les moqueries de ses camarades. Mais un jour, son \u00e9charpe s'envole dans une for\u00eat, et honteux, il n'a d'autres choix que d'aller la chercher... et le voil\u00e0 parti pour un fantastique voyage !<\/span><\/p>\n<p>&nbsp;<\/p>\n<\/div>\n<\/div><\/div><\/div><\/div><\/div><div id=\"pg-1725-9\"  class=\"panel-grid panel-has-style\" ><div class=\"panel-row-style panel-row-style-for-1725-9\" ><div id=\"pgc-1725-9-0\"  class=\"panel-grid-cell\" ><div id=\"panel-1725-9-0-0\" class=\"so-panel widget widget_sow-image panel-first-child panel-last-child\" data-index=\"15\" ><div\n\t\t\t\n\t\t\tclass=\"so-widget-sow-image so-widget-sow-image-default-8b5b6f678277-1725\"\n\t\t\t\n\t\t>\n<div class=\"sow-image-container\">\n\t\t<img \n\tsrc=\"https:\/\/i0.wp.com\/toutcourtfestival.fr\/wp-content\/uploads\/2017\/06\/Jubil%C3%A9.jpeg?fit=1000%2C563&amp;ssl=1\" width=\"1000\" height=\"563\" alt=\"\" \t\tclass=\"so-widget-image\"\/>\n\t<\/div>\n\n<\/div><\/div><\/div><div id=\"pgc-1725-9-1\"  class=\"panel-grid-cell\" ><div id=\"panel-1725-9-1-0\" class=\"so-panel widget widget_sow-editor panel-first-child panel-last-child\" data-index=\"16\" ><div\n\t\t\t\n\t\t\tclass=\"so-widget-sow-editor so-widget-sow-editor-base\"\n\t\t\t\n\t\t>\n<div class=\"siteorigin-widget-tinymce textwidget\">\n\t<h1 style=\"text-align: justify;\"><strong>Jubil\u00e9<\/strong><\/h1>\n<p style=\"text-align: justify;\"><span style=\"font-size: 12pt;\"><em>Film humour de <strong>Coralie Soudet<\/strong>- 7'27 [Film d'animation]<\/em><\/span><\/p>\n<p style=\"text-align: justify;\"><span style=\"font-size: 12pt;\">La r\u00e9ponse, mon ami, souffle dans le vent.<\/span><\/p>\n<p>&nbsp;<\/p>\n<\/div>\n<\/div><\/div><\/div><\/div><\/div><div id=\"pg-1725-10\"  class=\"panel-grid panel-has-style\" ><div class=\"panel-row-style panel-row-style-for-1725-10\" ><div id=\"pgc-1725-10-0\"  class=\"panel-grid-cell\" ><div id=\"panel-1725-10-0-0\" class=\"so-panel widget widget_sow-image panel-first-child panel-last-child\" data-index=\"17\" ><div\n\t\t\t\n\t\t\tclass=\"so-widget-sow-image so-widget-sow-image-default-8b5b6f678277-1725\"\n\t\t\t\n\t\t>\n<div class=\"sow-image-container\">\n\t\t<img \n\tsrc=\"https:\/\/i0.wp.com\/toutcourtfestival.fr\/wp-content\/uploads\/2017\/06\/Gokurosama-1.png?fit=1000%2C419&amp;ssl=1\" width=\"1000\" height=\"419\" srcset=\"https:\/\/i0.wp.com\/toutcourtfestival.fr\/wp-content\/uploads\/2017\/06\/Gokurosama-1.png?w=1000&amp;ssl=1 1000w, https:\/\/i0.wp.com\/toutcourtfestival.fr\/wp-content\/uploads\/2017\/06\/Gokurosama-1.png?resize=300%2C126&amp;ssl=1 300w, https:\/\/i0.wp.com\/toutcourtfestival.fr\/wp-content\/uploads\/2017\/06\/Gokurosama-1.png?resize=768%2C322&amp;ssl=1 768w\" title=\"Gokurosama\" alt=\"\" \t\tclass=\"so-widget-image\"\/>\n\t<\/div>\n\n<\/div><\/div><\/div><div id=\"pgc-1725-10-1\"  class=\"panel-grid-cell\" ><div id=\"panel-1725-10-1-0\" class=\"so-panel widget widget_sow-editor panel-first-child panel-last-child\" data-index=\"18\" ><div\n\t\t\t\n\t\t\tclass=\"so-widget-sow-editor so-widget-sow-editor-base\"\n\t\t\t\n\t\t>\n<div class=\"siteorigin-widget-tinymce textwidget\">\n\t<h1 style=\"text-align: justify;\"><strong>Gokurosama<\/strong><\/h1>\n<p style=\"text-align: justify;\"><span style=\"font-size: 12pt;\"><em>Com\u00e9die de <strong>Cl\u00e9mentine Fr\u00e8re, Aurore Gal, Yukiko Meignien, Anna Mertz, Robin Migliorelli, Romain Salvini<\/strong>&nbsp;- 6'53 [Film d'animation]<\/em><\/span><\/p>\n<p style=\"text-align: justify;\"><span style=\"font-size: 12pt;\">Dans un centre commercial japonais, avant l\u2019ouverture, une commer\u00e7ante se retrouve soudainement paralys\u00e9e. Pour lui venir en aide, sa jeune employ\u00e9e entreprend de traverser le centre avec elle.<\/span><\/p>\n<p>&nbsp;<\/p>\n<\/div>\n<\/div><\/div><\/div><\/div><\/div><div id=\"pg-1725-11\"  class=\"panel-grid panel-no-style\" ><div id=\"pgc-1725-11-0\"  class=\"panel-grid-cell\" ><div id=\"panel-1725-11-0-0\" class=\"so-panel widget widget_text panel-first-child panel-last-child\" data-index=\"19\" >\t\t\t<div class=\"textwidget\"><style>.entry-title {display:none;}<\/style>\n<\/div>\n\t\t<\/div><\/div><\/div><\/div>","protected":false},"excerpt":{"rendered":"<p>S\u00e9ance jeune public 1\u00e8re partie &#8211; A partir de 5 ans <\/p>\n<p style=\"text-align: justify;\">Parce que nos plus jeunes spectateurs ont droit eux aussi \u00e0 profiter du Tout Court ! nous vous pr\u00e9sentons une s\u00e9lection de films qui leur sont particuli\u00e8rement adress\u00e9s &#8211; mais les adultes peuvent aussi appr\u00e9cier ! Ils seront projet\u00e9s en deux partie: &hellip; <\/p>\n<p><a class=\"more-link btn\" href=\"https:\/\/toutcourtfestival.fr\/index.php\/tout-court-2017\/selections-2017\/jeune-public-5-ans\/\">Continue reading<\/a><\/p>\n","protected":false},"author":1,"featured_media":0,"parent":1654,"menu_order":0,"comment_status":"closed","ping_status":"closed","template":"","meta":{"ngg_post_thumbnail":0,"jetpack_post_was_ever_published":false,"footnotes":""},"class_list":["post-1725","page","type-page","status-publish","hentry","nodate","item-wrap"],"jetpack_sharing_enabled":true,"jetpack_shortlink":"https:\/\/wp.me\/P8k6iw-rP","jetpack_likes_enabled":true,"_links":{"self":[{"href":"https:\/\/toutcourtfestival.fr\/index.php\/wp-json\/wp\/v2\/pages\/1725","targetHints":{"allow":["GET"]}}],"collection":[{"href":"https:\/\/toutcourtfestival.fr\/index.php\/wp-json\/wp\/v2\/pages"}],"about":[{"href":"https:\/\/toutcourtfestival.fr\/index.php\/wp-json\/wp\/v2\/types\/page"}],"author":[{"embeddable":true,"href":"https:\/\/toutcourtfestival.fr\/index.php\/wp-json\/wp\/v2\/users\/1"}],"replies":[{"embeddable":true,"href":"https:\/\/toutcourtfestival.fr\/index.php\/wp-json\/wp\/v2\/comments?post=1725"}],"version-history":[{"count":0,"href":"https:\/\/toutcourtfestival.fr\/index.php\/wp-json\/wp\/v2\/pages\/1725\/revisions"}],"up":[{"embeddable":true,"href":"https:\/\/toutcourtfestival.fr\/index.php\/wp-json\/wp\/v2\/pages\/1654"}],"wp:attachment":[{"href":"https:\/\/toutcourtfestival.fr\/index.php\/wp-json\/wp\/v2\/media?parent=1725"}],"curies":[{"name":"wp","href":"https:\/\/api.w.org\/{rel}","templated":true}]}}