{"id":1747,"date":"2017-06-15T15:38:02","date_gmt":"2017-06-15T13:38:02","guid":{"rendered":"http:\/\/toutcourtfestival.fr\/?page_id=1747"},"modified":"2017-06-22T16:01:56","modified_gmt":"2017-06-22T14:01:56","slug":"jeune-public-9-ans","status":"publish","type":"page","link":"https:\/\/toutcourtfestival.fr\/index.php\/tout-court-2017\/selections-2017\/jeune-public-9-ans\/","title":{"rendered":"Jeune public +9 ans"},"content":{"rendered":"<div id=\"pl-1747\"  class=\"panel-layout\" ><div id=\"pg-1747-0\"  class=\"panel-grid panel-no-style\" ><div id=\"pgc-1747-0-0\"  class=\"panel-grid-cell\" ><div id=\"panel-1747-0-0-0\" class=\"so-panel widget widget_sow-headline panel-first-child panel-last-child\" data-index=\"0\" ><div\n\t\t\t\n\t\t\tclass=\"so-widget-sow-headline so-widget-sow-headline-default-302fc0a1f3a9-1747\"\n\t\t\t\n\t\t><div class=\"sow-headline-container \">\n\t\t\t\t\t\t\t<h1 class=\"sow-headline\">\n\t\t\t\t\t\tS\u00e9ance jeune public 2\u00e8me partie - A partir de 9 ans\t\t\t\t\t\t<\/h1>\n\t\t\t\t\t\t\t\t\t\t\t<div class=\"decoration\">\n\t\t\t\t\t\t<div class=\"decoration-inside\"><\/div>\n\t\t\t\t\t<\/div>\n\t\t\t\t\t<\/div>\n<\/div><\/div><\/div><\/div><div id=\"pg-1747-1\"  class=\"panel-grid panel-no-style\" ><div id=\"pgc-1747-1-0\"  class=\"panel-grid-cell panel-grid-cell-empty\" ><\/div><div id=\"pgc-1747-1-1\"  class=\"panel-grid-cell panel-grid-cell-mobile-last\" ><div id=\"panel-1747-1-1-0\" class=\"so-panel widget widget_sow-editor panel-first-child panel-last-child\" data-index=\"1\" ><div\n\t\t\t\n\t\t\tclass=\"so-widget-sow-editor so-widget-sow-editor-base\"\n\t\t\t\n\t\t>\n<div class=\"siteorigin-widget-tinymce textwidget\">\n\t<p style=\"text-align: justify;\"><span style=\"font-size: 12pt;\">Parce que nos plus jeunes spectateurs ont droit eux aussi \u00e0 profiter du Tout Court ! nous vous pr\u00e9sentons une s\u00e9lection de films qui leur sont particuli\u00e8rement adress\u00e9s - mais les adultes peuvent aussi appr\u00e9cier ! Ils seront projet\u00e9s en deux partie: une <a href=\"http:\/\/toutcourtfestival.fr\/index.php\/selections-2017\/jeune-public-5-ans\/\">premi\u00e8re<\/a> avec des films accessibles d\u00e8s 5 ans, une deuxi\u00e8me \u00e0 partir de 9 ans. Entre deux, une pause de quelques minutes pour laisser sortir ceux qui ne souhaitent voir que la premi\u00e8re. Bien s\u00fbr, un m\u00eame billet d'entr\u00e9e vous permettra d'assister aux deux parties de la s\u00e9ance.<\/span><\/p>\n<p style=\"text-align: center;\"><span style=\"font-size: 12pt;\"><em><strong>7 films<\/strong> - Dur\u00e9e 55 minutes<\/em><\/span><\/p>\n<h1 style=\"text-align: center;\"><strong>Projections:<\/strong><\/h1>\n<p style=\"text-align: center;\"><span style=\"font-size: 12pt;\">Dimanche 09\/07 16h30 - Lyc\u00e9e Louise Michel<br \/>(Pr\u00e9c\u00e9d\u00e9e de la <a href=\"http:\/\/toutcourtfestival.fr\/index.php\/selections-2017\/jeune-public-5-ans\/\">premi\u00e8re parti<\/a>e \u00e0 15h30)<\/span><\/p>\n<\/div>\n<\/div><\/div><\/div><div id=\"pgc-1747-1-2\"  class=\"panel-grid-cell panel-grid-cell-empty\" ><\/div><\/div><div id=\"pg-1747-2\"  class=\"panel-grid panel-no-style\" ><div id=\"pgc-1747-2-0\"  class=\"panel-grid-cell\" ><div id=\"panel-1747-2-0-0\" class=\"so-panel widget widget_sow-headline panel-first-child panel-last-child\" data-index=\"2\" ><div\n\t\t\t\n\t\t\tclass=\"so-widget-sow-headline so-widget-sow-headline-default-6090f20097d1-1747\"\n\t\t\t\n\t\t><div class=\"sow-headline-container \">\n\t\t\t\t\t\t<div class=\"decoration\">\n\t\t\t\t\t\t<div class=\"decoration-inside\"><\/div>\n\t\t\t\t\t<\/div>\n\t\t\t\t\t<\/div>\n<\/div><\/div><\/div><\/div><div id=\"pg-1747-3\"  class=\"panel-grid panel-has-style\" ><div class=\"panel-row-style panel-row-style-for-1747-3\" ><div id=\"pgc-1747-3-0\"  class=\"panel-grid-cell\" ><div id=\"panel-1747-3-0-0\" class=\"so-panel widget widget_sow-image panel-first-child panel-last-child\" data-index=\"3\" ><div\n\t\t\t\n\t\t\tclass=\"so-widget-sow-image so-widget-sow-image-default-8b5b6f678277-1747\"\n\t\t\t\n\t\t>\n<div class=\"sow-image-container\">\n\t\t<img \n\tsrc=\"https:\/\/i0.wp.com\/toutcourtfestival.fr\/wp-content\/uploads\/2017\/06\/Oripeaux.jpeg?fit=1000%2C562&amp;ssl=1\" width=\"1000\" height=\"562\" srcset=\"https:\/\/i0.wp.com\/toutcourtfestival.fr\/wp-content\/uploads\/2017\/06\/Oripeaux.jpeg?w=1000&amp;ssl=1 1000w, https:\/\/i0.wp.com\/toutcourtfestival.fr\/wp-content\/uploads\/2017\/06\/Oripeaux.jpeg?resize=300%2C169&amp;ssl=1 300w, https:\/\/i0.wp.com\/toutcourtfestival.fr\/wp-content\/uploads\/2017\/06\/Oripeaux.jpeg?resize=768%2C432&amp;ssl=1 768w\" alt=\"\" \t\tclass=\"so-widget-image\"\/>\n\t<\/div>\n\n<\/div><\/div><\/div><div id=\"pgc-1747-3-1\"  class=\"panel-grid-cell\" ><div id=\"panel-1747-3-1-0\" class=\"so-panel widget widget_sow-editor panel-first-child panel-last-child\" data-index=\"4\" ><div\n\t\t\t\n\t\t\tclass=\"so-widget-sow-editor so-widget-sow-editor-base\"\n\t\t\t\n\t\t>\n<div class=\"siteorigin-widget-tinymce textwidget\">\n\t<h1 style=\"text-align: justify;\"><strong>Oripeaux<\/strong><\/h1>\n<p style=\"text-align: justify;\"><span style=\"font-size: 12pt;\"><em>Film fantastique de <strong>Sonia Gerbeaud<\/strong>&nbsp;- 10'04 [Film d'animation]<\/em><\/span><\/p>\n<p style=\"text-align: justify;\"><span style=\"font-size: 12pt;\">Dans un village isol\u00e9, une petite fille se lie d\u2019amiti\u00e9 avec une meute de coyotes. Les villageois mettent brutalement fin \u00e0 cette relation sans se douter du soul\u00e8vement qui les guette\u2026<\/span><\/p>\n<p>&nbsp;<\/p>\n<\/div>\n<\/div><\/div><\/div><\/div><\/div><div id=\"pg-1747-4\"  class=\"panel-grid panel-has-style\" ><div class=\"panel-row-style panel-row-style-for-1747-4\" ><div id=\"pgc-1747-4-0\"  class=\"panel-grid-cell\" ><div id=\"panel-1747-4-0-0\" class=\"so-panel widget widget_sow-image panel-first-child panel-last-child\" data-index=\"5\" ><div\n\t\t\t\n\t\t\tclass=\"so-widget-sow-image so-widget-sow-image-default-8b5b6f678277-1747\"\n\t\t\t\n\t\t>\n<div class=\"sow-image-container\">\n\t\t<img \n\tsrc=\"https:\/\/i0.wp.com\/toutcourtfestival.fr\/wp-content\/uploads\/2017\/06\/E%C3%B1vor-1.jpeg?fit=1000%2C418&amp;ssl=1\" width=\"1000\" height=\"418\" title=\"E\u00f1vor\" alt=\"\" \t\tclass=\"so-widget-image\"\/>\n\t<\/div>\n\n<\/div><\/div><\/div><div id=\"pgc-1747-4-1\"  class=\"panel-grid-cell\" ><div id=\"panel-1747-4-1-0\" class=\"so-panel widget widget_sow-editor panel-first-child panel-last-child\" data-index=\"6\" ><div\n\t\t\t\n\t\t\tclass=\"so-widget-sow-editor so-widget-sow-editor-base\"\n\t\t\t\n\t\t>\n<div class=\"siteorigin-widget-tinymce textwidget\">\n\t<h1 style=\"text-align: justify;\"><strong>E\u00f1vor<\/strong><\/h1>\n<p style=\"text-align: justify;\"><span style=\"font-size: 12pt;\"><em>Film Dramatique de <strong>Le\u00efla Courtillon<\/strong>&nbsp;- 3'17 [Film d'animation]<\/em><\/span><\/p>\n<p style=\"text-align: justify;\"><span style=\"font-size: 12pt;\">Deux s\u0153urs rentrent de l'\u00e9cole, quand un myst\u00e9rieux son de bateau va les s\u00e9parer \u00e0 travers la brume...<\/span><\/p>\n<p>&nbsp;<\/p>\n<\/div>\n<\/div><\/div><\/div><\/div><\/div><div id=\"pg-1747-5\"  class=\"panel-grid panel-has-style\" ><div class=\"panel-row-style panel-row-style-for-1747-5\" ><div id=\"pgc-1747-5-0\"  class=\"panel-grid-cell\" ><div id=\"panel-1747-5-0-0\" class=\"so-panel widget widget_sow-image panel-first-child panel-last-child\" data-index=\"7\" ><div\n\t\t\t\n\t\t\tclass=\"so-widget-sow-image so-widget-sow-image-default-8b5b6f678277-1747\"\n\t\t\t\n\t\t>\n<div class=\"sow-image-container\">\n\t\t<img \n\tsrc=\"https:\/\/i0.wp.com\/toutcourtfestival.fr\/wp-content\/uploads\/2017\/06\/Le-JARDIN-DE-MINUIT.jpeg?fit=1000%2C418&amp;ssl=1\" width=\"1000\" height=\"418\" srcset=\"https:\/\/i0.wp.com\/toutcourtfestival.fr\/wp-content\/uploads\/2017\/06\/Le-JARDIN-DE-MINUIT.jpeg?w=1000&amp;ssl=1 1000w, https:\/\/i0.wp.com\/toutcourtfestival.fr\/wp-content\/uploads\/2017\/06\/Le-JARDIN-DE-MINUIT.jpeg?resize=300%2C125&amp;ssl=1 300w, https:\/\/i0.wp.com\/toutcourtfestival.fr\/wp-content\/uploads\/2017\/06\/Le-JARDIN-DE-MINUIT.jpeg?resize=768%2C321&amp;ssl=1 768w\" title=\"Le JARDIN DE MINUIT\" alt=\"\" \t\tclass=\"so-widget-image\"\/>\n\t<\/div>\n\n<\/div><\/div><\/div><div id=\"pgc-1747-5-1\"  class=\"panel-grid-cell\" ><div id=\"panel-1747-5-1-0\" class=\"so-panel widget widget_sow-editor panel-first-child panel-last-child\" data-index=\"8\" ><div\n\t\t\t\n\t\t\tclass=\"so-widget-sow-editor so-widget-sow-editor-base\"\n\t\t\t\n\t\t>\n<div class=\"siteorigin-widget-tinymce textwidget\">\n\t<h1 style=\"text-align: justify;\"><strong>Le JARDIN DE MINUIT<\/strong><\/h1>\n<p style=\"text-align: justify;\"><span style=\"font-size: 12pt;\"><em>Film Fantastique de <strong>Benoit Chieux<\/strong>&nbsp;- 10'00 [Film d'animation]<\/em><\/span><\/p>\n<p style=\"text-align: justify;\"><span style=\"font-size: 12pt;\">La lune brille, un jeune couple joue dans la for\u00eat. Leur jeu les entra\u00eene vers un jardin&nbsp;inconnu, au milieu d\u2019une clairi\u00e8re.&nbsp;<\/span><span style=\"font-size: 12pt;\">Inconscients du danger, les&nbsp;jeunes amoureux&nbsp;s'enfoncent dans les m\u00e9andres du jardin de minuit. Peu \u00e0 peu submerg\u00e9s par un charme envo\u00fbtant, ils s'\u00e9garent dans l'\u00e9trange labyrinthe.<\/span><\/p>\n<p>&nbsp;<\/p>\n<\/div>\n<\/div><\/div><\/div><\/div><\/div><div id=\"pg-1747-6\"  class=\"panel-grid panel-has-style\" ><div class=\"panel-row-style panel-row-style-for-1747-6\" ><div id=\"pgc-1747-6-0\"  class=\"panel-grid-cell\" ><div id=\"panel-1747-6-0-0\" class=\"so-panel widget widget_sow-image panel-first-child panel-last-child\" data-index=\"9\" ><div\n\t\t\t\n\t\t\tclass=\"so-widget-sow-image so-widget-sow-image-default-8b5b6f678277-1747\"\n\t\t\t\n\t\t>\n<div class=\"sow-image-container\">\n\t\t<img \n\tsrc=\"https:\/\/i0.wp.com\/toutcourtfestival.fr\/wp-content\/uploads\/2017\/06\/Malgrin-Debott%C3%A9.png?fit=1000%2C562&amp;ssl=1\" width=\"1000\" height=\"562\" title=\"Malgrin Debott\u00e9\" alt=\"\" \t\tclass=\"so-widget-image\"\/>\n\t<\/div>\n\n<\/div><\/div><\/div><div id=\"pgc-1747-6-1\"  class=\"panel-grid-cell\" ><div id=\"panel-1747-6-1-0\" class=\"so-panel widget widget_sow-editor panel-first-child panel-last-child\" data-index=\"10\" ><div\n\t\t\t\n\t\t\tclass=\"so-widget-sow-editor so-widget-sow-editor-base\"\n\t\t\t\n\t\t>\n<div class=\"siteorigin-widget-tinymce textwidget\">\n\t<h1 style=\"text-align: justify;\"><strong>Malgrin Debott\u00e9<\/strong><\/h1>\n<p style=\"text-align: justify;\"><span style=\"font-size: 12pt;\"><em>Com\u00e9die sentimentale&nbsp;de <strong>Morgane Marinos<\/strong>&nbsp;- 6'08 [Film d'animation]<\/em><\/span><\/p>\n<p style=\"text-align: justify;\"><span style=\"font-size: 12pt;\">C'est sous les n\u00e9ons d'une ville \u00e9lectrique qu'un jeune homme, marginal et complex\u00e9, va faire la rencontre d'une musicienne envo\u00fbtante. C'est par les pulsations du corps et du c\u0153ur qu'ils d\u00e9couvriront ensemble l'\u00e9trange loi de l'attraction\u2026<\/span><\/p>\n<p>&nbsp;<\/p>\n<\/div>\n<\/div><\/div><\/div><\/div><\/div><div id=\"pg-1747-7\"  class=\"panel-grid panel-has-style\" ><div class=\"panel-row-style panel-row-style-for-1747-7\" ><div id=\"pgc-1747-7-0\"  class=\"panel-grid-cell\" ><div id=\"panel-1747-7-0-0\" class=\"so-panel widget widget_sow-image panel-first-child panel-last-child\" data-index=\"11\" ><div\n\t\t\t\n\t\t\tclass=\"so-widget-sow-image so-widget-sow-image-default-8b5b6f678277-1747\"\n\t\t\t\n\t\t>\n<div class=\"sow-image-container\">\n\t\t<img \n\tsrc=\"https:\/\/i0.wp.com\/toutcourtfestival.fr\/wp-content\/uploads\/2017\/06\/Beyond-the-Books.jpeg?fit=1000%2C418&amp;ssl=1\" width=\"1000\" height=\"418\" srcset=\"https:\/\/i0.wp.com\/toutcourtfestival.fr\/wp-content\/uploads\/2017\/06\/Beyond-the-Books.jpeg?w=1000&amp;ssl=1 1000w, https:\/\/i0.wp.com\/toutcourtfestival.fr\/wp-content\/uploads\/2017\/06\/Beyond-the-Books.jpeg?resize=300%2C125&amp;ssl=1 300w, https:\/\/i0.wp.com\/toutcourtfestival.fr\/wp-content\/uploads\/2017\/06\/Beyond-the-Books.jpeg?resize=768%2C321&amp;ssl=1 768w\" title=\"Beyond the Books\" alt=\"\" \t\tclass=\"so-widget-image\"\/>\n\t<\/div>\n\n<\/div><\/div><\/div><div id=\"pgc-1747-7-1\"  class=\"panel-grid-cell\" ><div id=\"panel-1747-7-1-0\" class=\"so-panel widget widget_sow-editor panel-first-child panel-last-child\" data-index=\"12\" ><div\n\t\t\t\n\t\t\tclass=\"so-widget-sow-editor so-widget-sow-editor-base\"\n\t\t\t\n\t\t>\n<div class=\"siteorigin-widget-tinymce textwidget\">\n\t<h1 style=\"text-align: justify;\"><strong>Beyond the Books<\/strong><\/h1>\n<p style=\"text-align: justify;\"><span style=\"font-size: 12pt;\"><em>Film Aventure de <strong>J\u00e9r\u00f4me Battistelli<\/strong>&nbsp;- 6'37 [Film d'animation]<\/em><\/span><\/p>\n<p style=\"text-align: justify;\"><span style=\"font-size: 12pt;\">Dans une biblioth\u00e8que gigantesque, on suit le quotidien d\u2019un vieux biblioth\u00e9caire jusqu\u2019\u00e0 ce qu\u2019un \u00e9v\u00e9nement impr\u00e9vu vienne bouleverser sa vie. Il va alors red\u00e9couvrir sa biblioth\u00e8que, accompagn\u00e9 par le concierge des lieux ainsi que d\u2019un petit gar\u00e7on, fan de bandes-dessin\u00e9es.<\/span><\/p>\n<p>&nbsp;<\/p>\n<\/div>\n<\/div><\/div><\/div><\/div><\/div><div id=\"pg-1747-8\"  class=\"panel-grid panel-has-style\" ><div class=\"panel-row-style panel-row-style-for-1747-8\" ><div id=\"pgc-1747-8-0\"  class=\"panel-grid-cell\" ><div id=\"panel-1747-8-0-0\" class=\"so-panel widget widget_sow-image panel-first-child panel-last-child\" data-index=\"13\" ><div\n\t\t\t\n\t\t\tclass=\"so-widget-sow-image so-widget-sow-image-default-8b5b6f678277-1747\"\n\t\t\t\n\t\t>\n<div class=\"sow-image-container\">\n\t\t<img \n\tsrc=\"https:\/\/i0.wp.com\/toutcourtfestival.fr\/wp-content\/uploads\/2017\/06\/Homegrown.jpeg?fit=1000%2C562&amp;ssl=1\" width=\"1000\" height=\"562\" srcset=\"https:\/\/i0.wp.com\/toutcourtfestival.fr\/wp-content\/uploads\/2017\/06\/Homegrown.jpeg?w=1000&amp;ssl=1 1000w, https:\/\/i0.wp.com\/toutcourtfestival.fr\/wp-content\/uploads\/2017\/06\/Homegrown.jpeg?resize=300%2C169&amp;ssl=1 300w, https:\/\/i0.wp.com\/toutcourtfestival.fr\/wp-content\/uploads\/2017\/06\/Homegrown.jpeg?resize=768%2C432&amp;ssl=1 768w\" alt=\"\" \t\tclass=\"so-widget-image\"\/>\n\t<\/div>\n\n<\/div><\/div><\/div><div id=\"pgc-1747-8-1\"  class=\"panel-grid-cell\" ><div id=\"panel-1747-8-1-0\" class=\"so-panel widget widget_sow-editor panel-first-child panel-last-child\" data-index=\"14\" ><div\n\t\t\t\n\t\t\tclass=\"so-widget-sow-editor so-widget-sow-editor-base\"\n\t\t\t\n\t\t>\n<div class=\"siteorigin-widget-tinymce textwidget\">\n\t<h1 style=\"text-align: justify;\"><strong>Homegrown<\/strong><\/h1>\n<p style=\"text-align: justify;\"><span style=\"font-size: 12pt;\"><em>Film dramatique de <strong>Quentin Haberham<\/strong>&nbsp;- 9'20 [Film d'animation]<\/em><\/span><\/p>\n<p style=\"text-align: justify;\"><span style=\"font-size: 12pt;\">Francis raises his son Kip in isolation. However when the boy outgrows his father's protective confines, Francis learns that what is right for himself may not be best for his son.<\/span><\/p>\n<p>&nbsp;<\/p>\n<\/div>\n<\/div><\/div><\/div><\/div><\/div><div id=\"pg-1747-9\"  class=\"panel-grid panel-has-style\" ><div class=\"panel-row-style panel-row-style-for-1747-9\" ><div id=\"pgc-1747-9-0\"  class=\"panel-grid-cell\" ><div id=\"panel-1747-9-0-0\" class=\"so-panel widget widget_sow-image panel-first-child panel-last-child\" data-index=\"15\" ><div\n\t\t\t\n\t\t\tclass=\"so-widget-sow-image so-widget-sow-image-default-8b5b6f678277-1747\"\n\t\t\t\n\t\t>\n<div class=\"sow-image-container\">\n\t\t<img \n\tsrc=\"https:\/\/i0.wp.com\/toutcourtfestival.fr\/wp-content\/uploads\/2017\/06\/Vent-de-Fete.jpeg?fit=1000%2C562&amp;ssl=1\" width=\"1000\" height=\"562\" srcset=\"https:\/\/i0.wp.com\/toutcourtfestival.fr\/wp-content\/uploads\/2017\/06\/Vent-de-Fete.jpeg?w=1000&amp;ssl=1 1000w, https:\/\/i0.wp.com\/toutcourtfestival.fr\/wp-content\/uploads\/2017\/06\/Vent-de-Fete.jpeg?resize=300%2C169&amp;ssl=1 300w, https:\/\/i0.wp.com\/toutcourtfestival.fr\/wp-content\/uploads\/2017\/06\/Vent-de-Fete.jpeg?resize=768%2C432&amp;ssl=1 768w\" title=\"Vent de Fete\" alt=\"\" \t\tclass=\"so-widget-image\"\/>\n\t<\/div>\n\n<\/div><\/div><\/div><div id=\"pgc-1747-9-1\"  class=\"panel-grid-cell\" ><div id=\"panel-1747-9-1-0\" class=\"so-panel widget widget_sow-editor panel-first-child panel-last-child\" data-index=\"16\" ><div\n\t\t\t\n\t\t\tclass=\"so-widget-sow-editor so-widget-sow-editor-base\"\n\t\t\t\n\t\t>\n<div class=\"siteorigin-widget-tinymce textwidget\">\n\t<h1 style=\"text-align: justify;\"><strong>Vent de Fete<\/strong><\/h1>\n<p style=\"text-align: justify;\"><span style=\"font-size: 12pt;\"><em>Com\u00e9die de <strong>Marjolaine Perreten<\/strong>&nbsp;- 9'50 [Film d'animation]<\/em><\/span><\/p>\n<p style=\"text-align: justify;\"><span style=\"font-size: 12pt;\">Une place du village. Des musiciens. Une pr\u00e9paration. Un oiseau. Des concours. Une tache sur un uniforme. Puis la f\u00eate<\/span><\/p>\n<p>&nbsp;<\/p>\n<\/div>\n<\/div><\/div><\/div><\/div><\/div><div id=\"pg-1747-10\"  class=\"panel-grid panel-no-style\" ><div id=\"pgc-1747-10-0\"  class=\"panel-grid-cell\" ><div id=\"panel-1747-10-0-0\" class=\"so-panel widget widget_text panel-first-child panel-last-child\" data-index=\"17\" >\t\t\t<div class=\"textwidget\"><style>.entry-title {display:none;}<\/style>\n<\/div>\n\t\t<\/div><\/div><\/div><\/div>","protected":false},"excerpt":{"rendered":"<p>S\u00e9ance jeune public 2\u00e8me partie &#8211; A partir de 9 ans <\/p>\n<p style=\"text-align: justify;\">Parce que nos plus jeunes spectateurs ont droit eux aussi \u00e0 profiter du Tout Court ! nous vous pr\u00e9sentons une s\u00e9lection de films qui leur sont particuli\u00e8rement adress\u00e9s &#8211; mais les adultes peuvent aussi appr\u00e9cier ! Ils seront projet\u00e9s en deux partie: &hellip; <\/p>\n<p><a class=\"more-link btn\" href=\"https:\/\/toutcourtfestival.fr\/index.php\/tout-court-2017\/selections-2017\/jeune-public-9-ans\/\">Continue reading<\/a><\/p>\n","protected":false},"author":1,"featured_media":0,"parent":1654,"menu_order":0,"comment_status":"closed","ping_status":"closed","template":"","meta":{"ngg_post_thumbnail":0,"jetpack_post_was_ever_published":false,"footnotes":""},"class_list":["post-1747","page","type-page","status-publish","hentry","nodate","item-wrap"],"jetpack_sharing_enabled":true,"jetpack_shortlink":"https:\/\/wp.me\/P8k6iw-sb","jetpack_likes_enabled":true,"_links":{"self":[{"href":"https:\/\/toutcourtfestival.fr\/index.php\/wp-json\/wp\/v2\/pages\/1747","targetHints":{"allow":["GET"]}}],"collection":[{"href":"https:\/\/toutcourtfestival.fr\/index.php\/wp-json\/wp\/v2\/pages"}],"about":[{"href":"https:\/\/toutcourtfestival.fr\/index.php\/wp-json\/wp\/v2\/types\/page"}],"author":[{"embeddable":true,"href":"https:\/\/toutcourtfestival.fr\/index.php\/wp-json\/wp\/v2\/users\/1"}],"replies":[{"embeddable":true,"href":"https:\/\/toutcourtfestival.fr\/index.php\/wp-json\/wp\/v2\/comments?post=1747"}],"version-history":[{"count":0,"href":"https:\/\/toutcourtfestival.fr\/index.php\/wp-json\/wp\/v2\/pages\/1747\/revisions"}],"up":[{"embeddable":true,"href":"https:\/\/toutcourtfestival.fr\/index.php\/wp-json\/wp\/v2\/pages\/1654"}],"wp:attachment":[{"href":"https:\/\/toutcourtfestival.fr\/index.php\/wp-json\/wp\/v2\/media?parent=1747"}],"curies":[{"name":"wp","href":"https:\/\/api.w.org\/{rel}","templated":true}]}}