{"id":1762,"date":"2017-06-15T15:48:21","date_gmt":"2017-06-15T13:48:21","guid":{"rendered":"http:\/\/toutcourtfestival.fr\/?page_id=1762"},"modified":"2017-06-22T15:50:29","modified_gmt":"2017-06-22T13:50:29","slug":"competition-cinemacam","status":"publish","type":"page","link":"https:\/\/toutcourtfestival.fr\/index.php\/tout-court-2017\/selections-2017\/competition-cinemacam\/","title":{"rendered":"Comp\u00e9tition Cin\u00e9macam"},"content":{"rendered":"<div id=\"pl-1762\"  class=\"panel-layout\" ><div id=\"pg-1762-0\"  class=\"panel-grid panel-no-style\" ><div id=\"pgc-1762-0-0\"  class=\"panel-grid-cell\" ><div id=\"panel-1762-0-0-0\" class=\"so-panel widget widget_sow-headline panel-first-child panel-last-child\" data-index=\"0\" ><div\n\t\t\t\n\t\t\tclass=\"so-widget-sow-headline so-widget-sow-headline-default-0115510059e4-1762\"\n\t\t\t\n\t\t><div class=\"sow-headline-container \">\n\t\t\t\t\t\t\t<h1 class=\"sow-headline\">\n\t\t\t\t\t\tS\u00e9lection comp\u00e9tition Cin\u00e9macam\t\t\t\t\t\t<\/h1>\n\t\t\t\t\t\t\t\t\t\t\t<div class=\"decoration\">\n\t\t\t\t\t\t<div class=\"decoration-inside\"><\/div>\n\t\t\t\t\t<\/div>\n\t\t\t\t\t<\/div>\n<\/div><\/div><\/div><\/div><div id=\"pg-1762-1\"  class=\"panel-grid panel-no-style\" ><div id=\"pgc-1762-1-0\"  class=\"panel-grid-cell panel-grid-cell-empty\" ><\/div><div id=\"pgc-1762-1-1\"  class=\"panel-grid-cell panel-grid-cell-mobile-last\" ><div id=\"panel-1762-1-1-0\" class=\"so-panel widget widget_sow-editor panel-first-child panel-last-child\" data-index=\"1\" ><div\n\t\t\t\n\t\t\tclass=\"so-widget-sow-editor so-widget-sow-editor-base\"\n\t\t\t\n\t\t>\n<div class=\"siteorigin-widget-tinymce textwidget\">\n\t<p style=\"text-align: justify;\"><span style=\"font-size: 12pt;\">Films s\u00e9lectionn\u00e9s pour la comp\u00e9tition par les jeunes de l'atelier Cin\u00e9macam de Montagny-en-Vexin, encadr\u00e9s par leurs animateurs. Tout comme les jeunes du BIJ de Gisors, pendant 4 mois ils ont regard\u00e9 et not\u00e9 des centaines de films! Avant de se mettre peu \u00e0 peu d'accord sur une s\u00e9lection finale au bout d'une dizaine de tours de table.&nbsp;<\/span><\/p>\n<p style=\"text-align: center;\"><span style=\"font-size: 12pt;\"><em><strong>9 films<\/strong> - Dur\u00e9e 1'37 plus \u00e9changes avec les r\u00e9alisateurs.<\/em><\/span><\/p>\n<h1 style=\"text-align: center;\"><strong>Projections:<\/strong><\/h1>\n<p style=\"text-align: center;\"><span style=\"font-size: 12pt;\">Samedi 08\/07 16h - Salle des f\u00eates<br \/>Dimanche 09\/07 13h30 - Cin\u00e9ma Jour-de-F\u00eate<\/span><\/p>\n<\/div>\n<\/div><\/div><\/div><div id=\"pgc-1762-1-2\"  class=\"panel-grid-cell panel-grid-cell-empty\" ><\/div><\/div><div id=\"pg-1762-2\"  class=\"panel-grid panel-no-style\" ><div id=\"pgc-1762-2-0\"  class=\"panel-grid-cell\" ><div id=\"panel-1762-2-0-0\" class=\"so-panel widget widget_sow-headline panel-first-child panel-last-child\" data-index=\"2\" ><div\n\t\t\t\n\t\t\tclass=\"so-widget-sow-headline so-widget-sow-headline-default-6090f20097d1-1762\"\n\t\t\t\n\t\t><div class=\"sow-headline-container \">\n\t\t\t\t\t\t<div class=\"decoration\">\n\t\t\t\t\t\t<div class=\"decoration-inside\"><\/div>\n\t\t\t\t\t<\/div>\n\t\t\t\t\t<\/div>\n<\/div><\/div><\/div><\/div><div id=\"pg-1762-3\"  class=\"panel-grid panel-has-style\" ><div class=\"panel-row-style panel-row-style-for-1762-3\" ><div id=\"pgc-1762-3-0\"  class=\"panel-grid-cell\" ><div id=\"panel-1762-3-0-0\" class=\"so-panel widget widget_sow-image panel-first-child panel-last-child\" data-index=\"3\" ><div\n\t\t\t\n\t\t\tclass=\"so-widget-sow-image so-widget-sow-image-default-8b5b6f678277-1762\"\n\t\t\t\n\t\t>\n<div class=\"sow-image-container\">\n\t\t<img \n\tsrc=\"https:\/\/i0.wp.com\/toutcourtfestival.fr\/wp-content\/uploads\/2017\/06\/JIMBO.jpeg?fit=720%2C960&amp;ssl=1\" width=\"720\" height=\"960\" srcset=\"https:\/\/i0.wp.com\/toutcourtfestival.fr\/wp-content\/uploads\/2017\/06\/JIMBO.jpeg?w=720&amp;ssl=1 720w, https:\/\/i0.wp.com\/toutcourtfestival.fr\/wp-content\/uploads\/2017\/06\/JIMBO.jpeg?resize=225%2C300&amp;ssl=1 225w\" alt=\"\" \t\tclass=\"so-widget-image\"\/>\n\t<\/div>\n\n<\/div><\/div><\/div><div id=\"pgc-1762-3-1\"  class=\"panel-grid-cell\" ><div id=\"panel-1762-3-1-0\" class=\"so-panel widget widget_sow-editor panel-first-child panel-last-child\" data-index=\"4\" ><div\n\t\t\t\n\t\t\tclass=\"so-widget-sow-editor so-widget-sow-editor-base\"\n\t\t\t\n\t\t>\n<div class=\"siteorigin-widget-tinymce textwidget\">\n\t<h1 style=\"text-align: justify;\"><strong>JIMBO<\/strong><\/h1>\n<p style=\"text-align: justify;\"><span style=\"font-size: 12pt;\"><em>Conte de <strong>Louisiane Brosseau<\/strong>&nbsp;- 10'26<\/em><\/span><\/p>\n<p style=\"text-align: justify;\"><span style=\"font-size: 12pt;\">Dans une soci\u00e9t\u00e9 o\u00f9 toute joie est d\u00e9sormais proscrite, un clown au ch\u00f4mage est embauch\u00e9 comme cuisinier dans une \u00e9cole primaire. &nbsp;<\/span><span style=\"font-size: 12pt;\">Bravant l'autorit\u00e9, il va tenter d'initier les enfants au rire.<\/span><\/p>\n<p>&nbsp;<\/p>\n<\/div>\n<\/div><\/div><\/div><\/div><\/div><div id=\"pg-1762-4\"  class=\"panel-grid panel-has-style\" ><div class=\"panel-row-style panel-row-style-for-1762-4\" ><div id=\"pgc-1762-4-0\"  class=\"panel-grid-cell\" ><div id=\"panel-1762-4-0-0\" class=\"so-panel widget widget_sow-image panel-first-child panel-last-child\" data-index=\"5\" ><div\n\t\t\t\n\t\t\tclass=\"so-widget-sow-image so-widget-sow-image-default-8b5b6f678277-1762\"\n\t\t\t\n\t\t>\n<div class=\"sow-image-container\">\n\t\t<img \n\tsrc=\"https:\/\/i0.wp.com\/toutcourtfestival.fr\/wp-content\/uploads\/2017\/06\/Un_candidat_id%C3%A9al.jpeg?fit=1000%2C750&amp;ssl=1\" width=\"1000\" height=\"750\" alt=\"\" \t\tclass=\"so-widget-image\"\/>\n\t<\/div>\n\n<\/div><\/div><\/div><div id=\"pgc-1762-4-1\"  class=\"panel-grid-cell\" ><div id=\"panel-1762-4-1-0\" class=\"so-panel widget widget_sow-editor panel-first-child panel-last-child\" data-index=\"6\" ><div\n\t\t\t\n\t\t\tclass=\"so-widget-sow-editor so-widget-sow-editor-base\"\n\t\t\t\n\t\t>\n<div class=\"siteorigin-widget-tinymce textwidget\">\n\t<h1 style=\"text-align: justify;\"><strong>Un candidat id\u00e9al<\/strong><\/h1>\n<p style=\"text-align: justify;\"><span style=\"font-size: 12pt;\"><em>Com\u00e9die &nbsp;de <strong>Mathieu ROBIN<\/strong>&nbsp;- 9'00<\/em><\/span><\/p>\n<p style=\"text-align: justify;\"><span style=\"font-size: 12pt;\">Un jour comme les autres. La sc\u00e8ne se passe dans un bureau. La responsable des ressources humaines d\u2019une soci\u00e9t\u00e9 informatique fait passer des entretiens d\u2019embauche \u00e0 la recherche du candidat id\u00e9al...&nbsp;<\/span><\/p>\n<p>&nbsp;<\/p>\n<\/div>\n<\/div><\/div><\/div><\/div><\/div><div id=\"pg-1762-5\"  class=\"panel-grid panel-has-style\" ><div class=\"panel-row-style panel-row-style-for-1762-5\" ><div id=\"pgc-1762-5-0\"  class=\"panel-grid-cell\" ><div id=\"panel-1762-5-0-0\" class=\"so-panel widget widget_sow-image panel-first-child panel-last-child\" data-index=\"7\" ><div\n\t\t\t\n\t\t\tclass=\"so-widget-sow-image so-widget-sow-image-default-8b5b6f678277-1762\"\n\t\t\t\n\t\t>\n<div class=\"sow-image-container\">\n\t\t<img \n\tsrc=\"https:\/\/i0.wp.com\/toutcourtfestival.fr\/wp-content\/uploads\/2017\/06\/Merci_monsieur_Imada.jpeg?fit=1000%2C667&amp;ssl=1\" width=\"1000\" height=\"667\" srcset=\"https:\/\/i0.wp.com\/toutcourtfestival.fr\/wp-content\/uploads\/2017\/06\/Merci_monsieur_Imada.jpeg?w=1000&amp;ssl=1 1000w, https:\/\/i0.wp.com\/toutcourtfestival.fr\/wp-content\/uploads\/2017\/06\/Merci_monsieur_Imada.jpeg?resize=300%2C200&amp;ssl=1 300w, https:\/\/i0.wp.com\/toutcourtfestival.fr\/wp-content\/uploads\/2017\/06\/Merci_monsieur_Imada.jpeg?resize=768%2C512&amp;ssl=1 768w, https:\/\/i0.wp.com\/toutcourtfestival.fr\/wp-content\/uploads\/2017\/06\/Merci_monsieur_Imada.jpeg?resize=272%2C182&amp;ssl=1 272w\" alt=\"\" \t\tclass=\"so-widget-image\"\/>\n\t<\/div>\n\n<\/div><\/div><\/div><div id=\"pgc-1762-5-1\"  class=\"panel-grid-cell\" ><div id=\"panel-1762-5-1-0\" class=\"so-panel widget widget_sow-editor panel-first-child panel-last-child\" data-index=\"8\" ><div\n\t\t\t\n\t\t\tclass=\"so-widget-sow-editor so-widget-sow-editor-base\"\n\t\t\t\n\t\t>\n<div class=\"siteorigin-widget-tinymce textwidget\">\n\t<h1 style=\"text-align: justify;\"><strong>Merci monsieur Imada<\/strong><\/h1>\n<p style=\"text-align: justify;\"><span style=\"font-size: 12pt;\"><em>Humour Noir de <strong>Sylvain CHOMET<\/strong>&nbsp;- 11'52<\/em><\/span><\/p>\n<p style=\"text-align: justify;\"><span style=\"font-size: 12pt;\">Sur le d\u00e9cor d\u2019un plateau de tournage, quatre jeunes acteurs attendent, f\u00e9briles, le r\u00e9alisateur Mirko IMADA. Au centre de la pi\u00e8ce, sur un grand lit, deux techniciens viennent d\u00e9poser le corps d\u2019un homme inanim\u00e9. Moteur. Action !<\/span><\/p>\n<p>&nbsp;<\/p>\n<\/div>\n<\/div><\/div><\/div><\/div><\/div><div id=\"pg-1762-6\"  class=\"panel-grid panel-has-style\" ><div class=\"panel-row-style panel-row-style-for-1762-6\" ><div id=\"pgc-1762-6-0\"  class=\"panel-grid-cell\" ><div id=\"panel-1762-6-0-0\" class=\"so-panel widget widget_sow-image panel-first-child panel-last-child\" data-index=\"9\" ><div\n\t\t\t\n\t\t\tclass=\"so-widget-sow-image so-widget-sow-image-default-8b5b6f678277-1762\"\n\t\t\t\n\t\t>\n<div class=\"sow-image-container\">\n\t\t<img \n\tsrc=\"https:\/\/i0.wp.com\/toutcourtfestival.fr\/wp-content\/uploads\/2017\/06\/Le_MONDE_DU_PETIT_MONDE.jpeg?fit=1000%2C560&amp;ssl=1\" width=\"1000\" height=\"560\" srcset=\"https:\/\/i0.wp.com\/toutcourtfestival.fr\/wp-content\/uploads\/2017\/06\/Le_MONDE_DU_PETIT_MONDE.jpeg?w=1000&amp;ssl=1 1000w, https:\/\/i0.wp.com\/toutcourtfestival.fr\/wp-content\/uploads\/2017\/06\/Le_MONDE_DU_PETIT_MONDE.jpeg?resize=300%2C168&amp;ssl=1 300w, https:\/\/i0.wp.com\/toutcourtfestival.fr\/wp-content\/uploads\/2017\/06\/Le_MONDE_DU_PETIT_MONDE.jpeg?resize=768%2C430&amp;ssl=1 768w\" alt=\"\" \t\tclass=\"so-widget-image\"\/>\n\t<\/div>\n\n<\/div><\/div><\/div><div id=\"pgc-1762-6-1\"  class=\"panel-grid-cell\" ><div id=\"panel-1762-6-1-0\" class=\"so-panel widget widget_sow-editor panel-first-child panel-last-child\" data-index=\"10\" ><div\n\t\t\t\n\t\t\tclass=\"so-widget-sow-editor so-widget-sow-editor-base\"\n\t\t\t\n\t\t>\n<div class=\"siteorigin-widget-tinymce textwidget\">\n\t<h1 style=\"text-align: justify;\"><strong>Le monde du petit monde<\/strong><\/h1>\n<p style=\"text-align: justify;\"><span style=\"font-size: 12pt;\"><em>Conte de <strong>Fabrice BRACQ<\/strong>&nbsp;- 15'00<\/em><\/span><\/p>\n<p style=\"text-align: justify;\"><span style=\"font-size: 12pt;\">Une femme raconte une belle histoire \u00e0 son b\u00e9b\u00e9. A la mani\u00e8re d\u2019un conte, peupl\u00e9 de princes et princesses, elle se replonge dans ses souvenirs afin de les transmettre \u00e0 sa fille.<\/span><\/p>\n<p>&nbsp;<\/p>\n<\/div>\n<\/div><\/div><\/div><\/div><\/div><div id=\"pg-1762-7\"  class=\"panel-grid panel-has-style\" ><div class=\"panel-row-style panel-row-style-for-1762-7\" ><div id=\"pgc-1762-7-0\"  class=\"panel-grid-cell\" ><div id=\"panel-1762-7-0-0\" class=\"so-panel widget widget_sow-image panel-first-child panel-last-child\" data-index=\"11\" ><div\n\t\t\t\n\t\t\tclass=\"so-widget-sow-image so-widget-sow-image-default-8b5b6f678277-1762\"\n\t\t\t\n\t\t>\n<div class=\"sow-image-container\">\n\t\t<img \n\tsrc=\"https:\/\/i0.wp.com\/toutcourtfestival.fr\/wp-content\/uploads\/2017\/06\/Catherine.jpeg?fit=1000%2C562&amp;ssl=1\" width=\"1000\" height=\"562\" srcset=\"https:\/\/i0.wp.com\/toutcourtfestival.fr\/wp-content\/uploads\/2017\/06\/Catherine.jpeg?w=1000&amp;ssl=1 1000w, https:\/\/i0.wp.com\/toutcourtfestival.fr\/wp-content\/uploads\/2017\/06\/Catherine.jpeg?resize=300%2C169&amp;ssl=1 300w, https:\/\/i0.wp.com\/toutcourtfestival.fr\/wp-content\/uploads\/2017\/06\/Catherine.jpeg?resize=768%2C432&amp;ssl=1 768w\" alt=\"\" \t\tclass=\"so-widget-image\"\/>\n\t<\/div>\n\n<\/div><\/div><\/div><div id=\"pgc-1762-7-1\"  class=\"panel-grid-cell\" ><div id=\"panel-1762-7-1-0\" class=\"so-panel widget widget_sow-editor panel-first-child panel-last-child\" data-index=\"12\" ><div\n\t\t\t\n\t\t\tclass=\"so-widget-sow-editor so-widget-sow-editor-base\"\n\t\t\t\n\t\t>\n<div class=\"siteorigin-widget-tinymce textwidget\">\n\t<h1 style=\"text-align: justify;\"><strong>Catherine<\/strong><\/h1>\n<p style=\"text-align: justify;\"><span style=\"font-size: 12pt;\"><em>Humour noir de <strong>Brit Raes<\/strong>&nbsp;- 11'51 [Film d'animation - version originale anglaise sous-titr\u00e9 fran\u00e7ais]<\/em><\/span><\/p>\n<p style=\"text-align: justify;\"><span style=\"font-size: 12pt;\">Catherine adore les animaux ! Mais plus que tout, elle aime son chat.&nbsp;En grandissant, elle n'arrive pas \u00e0 se lier aux autres enfants.&nbsp;<\/span><span style=\"font-size: 12pt;\">Son chat est sa vie et petit \u00e0 petit elle devient une vieille dame \u00e0 chats.&nbsp;Trouvera-t-elle un jour l'amiti\u00e9, ou l'amour?<\/span><\/p>\n<p>&nbsp;<\/p>\n<\/div>\n<\/div><\/div><\/div><\/div><\/div><div id=\"pg-1762-8\"  class=\"panel-grid panel-has-style\" ><div class=\"panel-row-style panel-row-style-for-1762-8\" ><div id=\"pgc-1762-8-0\"  class=\"panel-grid-cell\" ><div id=\"panel-1762-8-0-0\" class=\"so-panel widget widget_sow-image panel-first-child panel-last-child\" data-index=\"13\" ><div\n\t\t\t\n\t\t\tclass=\"so-widget-sow-image so-widget-sow-image-default-8b5b6f678277-1762\"\n\t\t\t\n\t\t>\n<div class=\"sow-image-container\">\n\t\t<img \n\tsrc=\"https:\/\/i0.wp.com\/toutcourtfestival.fr\/wp-content\/uploads\/2017\/06\/Troc_Mort.png?fit=1000%2C448&amp;ssl=1\" width=\"1000\" height=\"448\" srcset=\"https:\/\/i0.wp.com\/toutcourtfestival.fr\/wp-content\/uploads\/2017\/06\/Troc_Mort.png?w=1000&amp;ssl=1 1000w, https:\/\/i0.wp.com\/toutcourtfestival.fr\/wp-content\/uploads\/2017\/06\/Troc_Mort.png?resize=300%2C134&amp;ssl=1 300w, https:\/\/i0.wp.com\/toutcourtfestival.fr\/wp-content\/uploads\/2017\/06\/Troc_Mort.png?resize=768%2C344&amp;ssl=1 768w\" alt=\"\" \t\tclass=\"so-widget-image\"\/>\n\t<\/div>\n\n<\/div><\/div><\/div><div id=\"pgc-1762-8-1\"  class=\"panel-grid-cell\" ><div id=\"panel-1762-8-1-0\" class=\"so-panel widget widget_sow-editor panel-first-child panel-last-child\" data-index=\"14\" ><div\n\t\t\t\n\t\t\tclass=\"so-widget-sow-editor so-widget-sow-editor-base\"\n\t\t\t\n\t\t>\n<div class=\"siteorigin-widget-tinymce textwidget\">\n\t<h1 style=\"text-align: justify;\"><strong>Troc Mort<\/strong><\/h1>\n<p style=\"text-align: justify;\"><span style=\"font-size: 12pt;\"><em>Com\u00e9die de <strong>Martin Darondeau<\/strong>&nbsp;- 14'59<\/em><\/span><\/p>\n<p style=\"text-align: justify;\"><span style=\"font-size: 12pt;\">Deux croque-morts, \u00e0 l\u2019issue d\u2019un braquage, se retrouvent d\u00e9poss\u00e9d\u00e9s du cercueil et du corps dont ils avaient la charge pour trouver \u00e0 leur place le butin des malfaiteurs. Cette brochette de bras cass\u00e9s va devoir organiser un \u00e9change.<\/span><\/p>\n<p>&nbsp;<\/p>\n<\/div>\n<\/div><\/div><\/div><\/div><\/div><div id=\"pg-1762-9\"  class=\"panel-grid panel-has-style\" ><div class=\"panel-row-style panel-row-style-for-1762-9\" ><div id=\"pgc-1762-9-0\"  class=\"panel-grid-cell\" ><div id=\"panel-1762-9-0-0\" class=\"so-panel widget widget_sow-image panel-first-child panel-last-child\" data-index=\"15\" ><div\n\t\t\t\n\t\t\tclass=\"so-widget-sow-image so-widget-sow-image-default-8b5b6f678277-1762\"\n\t\t\t\n\t\t>\n<div class=\"sow-image-container\">\n\t\t<img \n\tsrc=\"https:\/\/i0.wp.com\/toutcourtfestival.fr\/wp-content\/uploads\/2017\/06\/Gokurosama.png?fit=1000%2C419&amp;ssl=1\" width=\"1000\" height=\"419\" srcset=\"https:\/\/i0.wp.com\/toutcourtfestival.fr\/wp-content\/uploads\/2017\/06\/Gokurosama.png?w=1000&amp;ssl=1 1000w, https:\/\/i0.wp.com\/toutcourtfestival.fr\/wp-content\/uploads\/2017\/06\/Gokurosama.png?resize=300%2C126&amp;ssl=1 300w, https:\/\/i0.wp.com\/toutcourtfestival.fr\/wp-content\/uploads\/2017\/06\/Gokurosama.png?resize=768%2C322&amp;ssl=1 768w\" alt=\"\" \t\tclass=\"so-widget-image\"\/>\n\t<\/div>\n\n<\/div><\/div><\/div><div id=\"pgc-1762-9-1\"  class=\"panel-grid-cell\" ><div id=\"panel-1762-9-1-0\" class=\"so-panel widget widget_sow-editor panel-first-child panel-last-child\" data-index=\"16\" ><div\n\t\t\t\n\t\t\tclass=\"so-widget-sow-editor so-widget-sow-editor-base\"\n\t\t\t\n\t\t>\n<div class=\"siteorigin-widget-tinymce textwidget\">\n\t<h1 style=\"text-align: justify;\"><strong>Gokurosama<\/strong><\/h1>\n<p style=\"text-align: justify;\"><span style=\"font-size: 12pt;\"><em>Com\u00e9die de <strong>Cl\u00e9mentine Fr\u00e8re, Aurore Gal, Yukiko Meignien, Anna Mertz, Robin Migliorelli, Romain Salvini<\/strong>&nbsp;- 6'53 [Film d'animation]<\/em><\/span><\/p>\n<p style=\"text-align: justify;\"><span style=\"font-size: 12pt;\">Dans un centre commercial japonais, avant l\u2019ouverture, une commer\u00e7ante se retrouve soudainement paralys\u00e9e. Pour lui venir en aide, sa jeune employ\u00e9e entreprend de traverser le centre avec elle.<\/span><\/p>\n<p>&nbsp;<\/p>\n<\/div>\n<\/div><\/div><\/div><\/div><\/div><div id=\"pg-1762-10\"  class=\"panel-grid panel-has-style\" ><div class=\"panel-row-style panel-row-style-for-1762-10\" ><div id=\"pgc-1762-10-0\"  class=\"panel-grid-cell\" ><div id=\"panel-1762-10-0-0\" class=\"so-panel widget widget_sow-image panel-first-child panel-last-child\" data-index=\"17\" ><div\n\t\t\t\n\t\t\tclass=\"so-widget-sow-image so-widget-sow-image-default-8b5b6f678277-1762\"\n\t\t\t\n\t\t>\n<div class=\"sow-image-container\">\n\t\t<img \n\tsrc=\"https:\/\/i0.wp.com\/toutcourtfestival.fr\/wp-content\/uploads\/2017\/06\/Gar%C3%A7on.png?fit=540%2C720&amp;ssl=1\" width=\"540\" height=\"720\" title=\"Gar\u00e7on!\" alt=\"\" \t\tclass=\"so-widget-image\"\/>\n\t<\/div>\n\n<\/div><\/div><\/div><div id=\"pgc-1762-10-1\"  class=\"panel-grid-cell\" ><div id=\"panel-1762-10-1-0\" class=\"so-panel widget widget_sow-editor panel-first-child panel-last-child\" data-index=\"18\" ><div\n\t\t\t\n\t\t\tclass=\"so-widget-sow-editor so-widget-sow-editor-base\"\n\t\t\t\n\t\t>\n<div class=\"siteorigin-widget-tinymce textwidget\">\n\t<h1 style=\"text-align: justify;\"><strong>Gar\u00e7on!<\/strong><\/h1>\n<p style=\"text-align: justify;\"><span style=\"font-size: 12pt;\"><em>Com\u00e9die de <strong>Olivier Lallart<\/strong>&nbsp;- 14'39<\/em><\/span><\/p>\n<p style=\"text-align: justify;\"><span style=\"font-size: 12pt;\">Mathieu, serveur au restaurant de l'Abbaye, va devoir faire face au pire client qu'il lui ait jamais \u00e9t\u00e9 donn\u00e9 de servir !<\/span><\/p>\n<p>&nbsp;<\/p>\n<\/div>\n<\/div><\/div><\/div><\/div><\/div><div id=\"pg-1762-11\"  class=\"panel-grid panel-has-style\" ><div class=\"panel-row-style panel-row-style-for-1762-11\" ><div id=\"pgc-1762-11-0\"  class=\"panel-grid-cell\" ><div id=\"panel-1762-11-0-0\" class=\"so-panel widget widget_sow-image panel-first-child panel-last-child\" data-index=\"19\" ><div\n\t\t\t\n\t\t\tclass=\"so-widget-sow-image so-widget-sow-image-default-8b5b6f678277-1762\"\n\t\t\t\n\t\t>\n<div class=\"sow-image-container\">\n\t\t<img \n\tsrc=\"https:\/\/i0.wp.com\/toutcourtfestival.fr\/wp-content\/uploads\/2017\/06\/Off.jpeg?fit=1000%2C450&amp;ssl=1\" width=\"1000\" height=\"450\" srcset=\"https:\/\/i0.wp.com\/toutcourtfestival.fr\/wp-content\/uploads\/2017\/06\/Off.jpeg?w=1000&amp;ssl=1 1000w, https:\/\/i0.wp.com\/toutcourtfestival.fr\/wp-content\/uploads\/2017\/06\/Off.jpeg?resize=300%2C135&amp;ssl=1 300w, https:\/\/i0.wp.com\/toutcourtfestival.fr\/wp-content\/uploads\/2017\/06\/Off.jpeg?resize=768%2C346&amp;ssl=1 768w\" alt=\"\" \t\tclass=\"so-widget-image\"\/>\n\t<\/div>\n\n<\/div><\/div><\/div><div id=\"pgc-1762-11-1\"  class=\"panel-grid-cell\" ><div id=\"panel-1762-11-1-0\" class=\"so-panel widget widget_sow-editor panel-first-child panel-last-child\" data-index=\"20\" ><div\n\t\t\t\n\t\t\tclass=\"so-widget-sow-editor so-widget-sow-editor-base\"\n\t\t\t\n\t\t>\n<div class=\"siteorigin-widget-tinymce textwidget\">\n\t<h1 style=\"text-align: justify;\"><strong>Off<\/strong><\/h1>\n<p style=\"text-align: justify;\"><span style=\"font-size: 12pt;\"><em>Com\u00e9die de <strong>Thomas Scohy<\/strong>&nbsp;- 2'47<\/em><\/span><\/p>\n<p style=\"text-align: justify;\"><span style=\"font-size: 12pt;\">Je suis interpell\u00e9, je suis intrigu\u00e9, je suis obstin\u00e9, je suis obs\u00e9d\u00e9, je suis terrass\u00e9... Je suis... Off.<\/span><\/p>\n<p>&nbsp;<\/p>\n<\/div>\n<\/div><\/div><\/div><\/div><\/div><div id=\"pg-1762-12\"  class=\"panel-grid panel-no-style\" ><div id=\"pgc-1762-12-0\"  class=\"panel-grid-cell\" ><div id=\"panel-1762-12-0-0\" class=\"so-panel widget widget_text panel-first-child panel-last-child\" data-index=\"21\" >\t\t\t<div class=\"textwidget\"><style>.entry-title {display:none;}<\/style>\n<\/div>\n\t\t<\/div><\/div><\/div><\/div>","protected":false},"excerpt":{"rendered":"<p>S\u00e9lection comp\u00e9tition Cin\u00e9macam <\/p>\n<p style=\"text-align: justify;\">Films s\u00e9lectionn\u00e9s pour la comp\u00e9tition par les jeunes de l&#8217;atelier Cin\u00e9macam de Montagny-en-Vexin, encadr\u00e9s par leurs animateurs. Tout comme les jeunes du BIJ de Gisors, pendant 4 mois ils ont regard\u00e9 et not\u00e9 des centaines de films! Avant de se mettre peu \u00e0 peu d&#8217;accord sur une s\u00e9lection finale au &hellip; <\/p>\n<p><a class=\"more-link btn\" href=\"https:\/\/toutcourtfestival.fr\/index.php\/tout-court-2017\/selections-2017\/competition-cinemacam\/\">Continue reading<\/a><\/p>\n","protected":false},"author":1,"featured_media":0,"parent":1654,"menu_order":0,"comment_status":"closed","ping_status":"closed","template":"","meta":{"ngg_post_thumbnail":0,"jetpack_post_was_ever_published":false,"footnotes":""},"class_list":["post-1762","page","type-page","status-publish","hentry","nodate","item-wrap"],"jetpack_sharing_enabled":true,"jetpack_shortlink":"https:\/\/wp.me\/P8k6iw-sq","jetpack_likes_enabled":true,"_links":{"self":[{"href":"https:\/\/toutcourtfestival.fr\/index.php\/wp-json\/wp\/v2\/pages\/1762","targetHints":{"allow":["GET"]}}],"collection":[{"href":"https:\/\/toutcourtfestival.fr\/index.php\/wp-json\/wp\/v2\/pages"}],"about":[{"href":"https:\/\/toutcourtfestival.fr\/index.php\/wp-json\/wp\/v2\/types\/page"}],"author":[{"embeddable":true,"href":"https:\/\/toutcourtfestival.fr\/index.php\/wp-json\/wp\/v2\/users\/1"}],"replies":[{"embeddable":true,"href":"https:\/\/toutcourtfestival.fr\/index.php\/wp-json\/wp\/v2\/comments?post=1762"}],"version-history":[{"count":0,"href":"https:\/\/toutcourtfestival.fr\/index.php\/wp-json\/wp\/v2\/pages\/1762\/revisions"}],"up":[{"embeddable":true,"href":"https:\/\/toutcourtfestival.fr\/index.php\/wp-json\/wp\/v2\/pages\/1654"}],"wp:attachment":[{"href":"https:\/\/toutcourtfestival.fr\/index.php\/wp-json\/wp\/v2\/media?parent=1762"}],"curies":[{"name":"wp","href":"https:\/\/api.w.org\/{rel}","templated":true}]}}