{"id":2429,"date":"2017-06-17T11:54:45","date_gmt":"2017-06-17T09:54:45","guid":{"rendered":"http:\/\/toutcourtfestival.fr\/?page_id=2429"},"modified":"2017-06-22T16:06:30","modified_gmt":"2017-06-22T14:06:30","slug":"cine-concert","status":"publish","type":"page","link":"https:\/\/toutcourtfestival.fr\/index.php\/tout-court-2017\/selections-2017\/cine-concert\/","title":{"rendered":"Cin\u00e9-Concert"},"content":{"rendered":"<div id=\"pl-2429\"  class=\"panel-layout\" ><div id=\"pg-2429-0\"  class=\"panel-grid panel-no-style\" ><div id=\"pgc-2429-0-0\"  class=\"panel-grid-cell\" ><div id=\"panel-2429-0-0-0\" class=\"so-panel widget widget_sow-headline panel-first-child panel-last-child\" data-index=\"0\" ><div\n\t\t\t\n\t\t\tclass=\"so-widget-sow-headline so-widget-sow-headline-default-1a3c0a56c48b-2429\"\n\t\t\t\n\t\t><div class=\"sow-headline-container \">\n\t\t\t\t\t\t\t<h1 class=\"sow-headline\">\n\t\t\t\t\t\tCin\u00e9-Concert : Betty Boop et Buster Keaton\t\t\t\t\t\t<\/h1>\n\t\t\t\t\t\t\t\t\t\t\t<div class=\"decoration\">\n\t\t\t\t\t\t<div class=\"decoration-inside\"><\/div>\n\t\t\t\t\t<\/div>\n\t\t\t\t\t<\/div>\n<\/div><\/div><\/div><\/div><div id=\"pg-2429-1\"  class=\"panel-grid panel-no-style\" ><div id=\"pgc-2429-1-0\"  class=\"panel-grid-cell panel-grid-cell-empty\" ><\/div><div id=\"pgc-2429-1-1\"  class=\"panel-grid-cell panel-grid-cell-mobile-last\" ><div id=\"panel-2429-1-1-0\" class=\"so-panel widget widget_sow-editor panel-first-child panel-last-child\" data-index=\"1\" ><div\n\t\t\t\n\t\t\tclass=\"so-widget-sow-editor so-widget-sow-editor-base\"\n\t\t\t\n\t\t>\n<div class=\"siteorigin-widget-tinymce textwidget\">\n\t<p style=\"text-align: justify;\"><span style=\"font-size: 12pt;\">Cin\u00e9-Concert le samedi soir: des musiciens jouent en live sur des films des ann\u00e9es 20 et 30 !<\/span><\/p>\n<p style=\"text-align: justify;\"><span style=\"font-size: 12pt;\"><strong>Premi\u00e8re partie:<\/strong> duo Nicolas Dumas (piano) et Salom\u00e9 Dumas (trompette) sur des dessins anim\u00e9s des fr\u00e8res Fleisher (Betty Boop) \/&nbsp;<\/span><span style=\"font-size: 12pt;\"><strong>Deuxi\u00e8me partie:<\/strong> Alain Zingg et Louis Malli\u00e9 (piano) sur des films de Buster Keaton.<\/span><\/p>\n<p><span style=\"font-size: 12pt;\">Avec notre partenaire et sponsor Dumas Piano qui nous pr\u00eate gracieusement les instruments.<\/span><\/p>\n<h1 style=\"text-align: center;\"><strong>Cin\u00e9-Concert<\/strong><\/h1>\n<p style=\"text-align: center;\"><span style=\"font-size: 12pt;\">Samedi 07\/07 20h30 - Salle des f\u00eates<\/p>\n<p><\/span><\/p>\n<\/div>\n<\/div><\/div><\/div><div id=\"pgc-2429-1-2\"  class=\"panel-grid-cell panel-grid-cell-empty\" ><\/div><\/div><div id=\"pg-2429-2\"  class=\"panel-grid panel-no-style\" ><div id=\"pgc-2429-2-0\"  class=\"panel-grid-cell\" ><div id=\"panel-2429-2-0-0\" class=\"so-panel widget widget_sow-headline panel-first-child panel-last-child\" data-index=\"2\" ><div\n\t\t\t\n\t\t\tclass=\"so-widget-sow-headline so-widget-sow-headline-default-6090f20097d1-2429\"\n\t\t\t\n\t\t><div class=\"sow-headline-container \">\n\t\t\t\t\t\t<div class=\"decoration\">\n\t\t\t\t\t\t<div class=\"decoration-inside\"><\/div>\n\t\t\t\t\t<\/div>\n\t\t\t\t\t<\/div>\n<\/div><\/div><\/div><\/div><div id=\"pg-2429-3\"  class=\"panel-grid panel-has-style\" ><div class=\"panel-row-style panel-row-style-for-2429-3\" ><div id=\"pgc-2429-3-0\"  class=\"panel-grid-cell\" ><div id=\"panel-2429-3-0-0\" class=\"so-panel widget widget_sow-image panel-first-child panel-last-child\" data-index=\"3\" ><div\n\t\t\t\n\t\t\tclass=\"so-widget-sow-image so-widget-sow-image-default-8b5b6f678277-2429\"\n\t\t\t\n\t\t>\n<div class=\"sow-image-container\">\n\t\t<img \n\tsrc=\"https:\/\/i0.wp.com\/toutcourtfestival.fr\/wp-content\/uploads\/2017\/06\/hqdefault.jpg?fit=480%2C360&amp;ssl=1\" width=\"480\" height=\"360\" srcset=\"https:\/\/i0.wp.com\/toutcourtfestival.fr\/wp-content\/uploads\/2017\/06\/hqdefault.jpg?w=480&amp;ssl=1 480w, https:\/\/i0.wp.com\/toutcourtfestival.fr\/wp-content\/uploads\/2017\/06\/hqdefault.jpg?resize=300%2C225&amp;ssl=1 300w\" alt=\"\" \t\tclass=\"so-widget-image\"\/>\n\t<\/div>\n\n<\/div><\/div><\/div><div id=\"pgc-2429-3-1\"  class=\"panel-grid-cell\" ><div id=\"panel-2429-3-1-0\" class=\"so-panel widget widget_sow-editor panel-first-child panel-last-child\" data-index=\"4\" ><div\n\t\t\t\n\t\t\tclass=\"so-widget-sow-editor so-widget-sow-editor-base\"\n\t\t\t\n\t\t>\n<div class=\"siteorigin-widget-tinymce textwidget\">\n\t<h1 style=\"text-align: justify;\"><strong>Betty Boop<\/strong><\/h1>\n<p style=\"text-align: justify;\"><span style=\"font-size: 12pt;\"><em>Dessins anim\u00e9s de&nbsp;<strong>Max et Dave Fleisher<\/strong>&nbsp;- (ann\u00e9es 30)<\/em><\/span><\/p>\n<p style=\"text-align: justify;\"><span style=\"font-size: 12pt;\">Betty Boop est la premi\u00e8re h\u00e9ro\u00efne de dessins-anim\u00e9s! Souvent censur\u00e9e pour des traits jug\u00e9s trop aguicheurs dans une Am\u00e9rique puritaine, elle est pourtant devenue au fil des d\u00e9cennies une figure majeure de l'histoire du cin\u00e9ma d'animation.<\/span><\/p>\n<\/div>\n<\/div><\/div><\/div><\/div><\/div><div id=\"pg-2429-4\"  class=\"panel-grid panel-has-style\" ><div class=\"panel-row-style panel-row-style-for-2429-4\" ><div id=\"pgc-2429-4-0\"  class=\"panel-grid-cell\" ><div id=\"panel-2429-4-0-0\" class=\"so-panel widget widget_sow-image panel-first-child panel-last-child\" data-index=\"5\" ><div\n\t\t\t\n\t\t\tclass=\"so-widget-sow-image so-widget-sow-image-default-8b5b6f678277-2429\"\n\t\t\t\n\t\t>\n<div class=\"sow-image-container\">\n\t\t<img \n\tsrc=\"https:\/\/i0.wp.com\/toutcourtfestival.fr\/wp-content\/uploads\/2017\/06\/buster-keaton-1708958_960_720.jpg?fit=713%2C720&amp;ssl=1\" width=\"713\" height=\"720\" srcset=\"https:\/\/i0.wp.com\/toutcourtfestival.fr\/wp-content\/uploads\/2017\/06\/buster-keaton-1708958_960_720.jpg?w=713&amp;ssl=1 713w, https:\/\/i0.wp.com\/toutcourtfestival.fr\/wp-content\/uploads\/2017\/06\/buster-keaton-1708958_960_720.jpg?resize=150%2C150&amp;ssl=1 150w, https:\/\/i0.wp.com\/toutcourtfestival.fr\/wp-content\/uploads\/2017\/06\/buster-keaton-1708958_960_720.jpg?resize=297%2C300&amp;ssl=1 297w\" alt=\"\" \t\tclass=\"so-widget-image\"\/>\n\t<\/div>\n\n<\/div><\/div><\/div><div id=\"pgc-2429-4-1\"  class=\"panel-grid-cell\" ><div id=\"panel-2429-4-1-0\" class=\"so-panel widget widget_sow-editor panel-first-child panel-last-child\" data-index=\"6\" ><div\n\t\t\t\n\t\t\tclass=\"so-widget-sow-editor so-widget-sow-editor-base\"\n\t\t\t\n\t\t>\n<div class=\"siteorigin-widget-tinymce textwidget\">\n\t<h1 style=\"text-align: justify;\"><strong>Buster Keaton<\/strong><\/h1>\n<p style=\"text-align: justify;\"><span style=\"font-size: 12pt;\">L'homme qui ne souriait jamais ! Mais qui fait rire aux \u00e9clats aujourd'hui encore. R\u00e9alisateur, producteur et acteur de ses propres films, Buster Keaton n'avait peur de rien: il r\u00e9alisait ses propres cascades, parfois particuli\u00e8rement p\u00e9rilleuses et sportives, sans jamais utiliser de doublure!<\/span><\/p>\n<\/div>\n<\/div><\/div><\/div><\/div><\/div><div id=\"pg-2429-5\"  class=\"panel-grid panel-no-style\" ><div id=\"pgc-2429-5-0\"  class=\"panel-grid-cell\" ><div id=\"panel-2429-5-0-0\" class=\"so-panel widget widget_text panel-first-child panel-last-child\" data-index=\"7\" >\t\t\t<div class=\"textwidget\"><style>.entry-title {display:none;}<\/style>\n<\/div>\n\t\t<\/div><\/div><\/div><\/div>","protected":false},"excerpt":{"rendered":"<p>Cin\u00e9-Concert : Betty Boop et Buster Keaton <\/p>\n<p style=\"text-align: justify;\">Cin\u00e9-Concert le samedi soir: des musiciens jouent en live sur des films des ann\u00e9es 20 et 30 !<\/p>\n<p style=\"text-align: justify;\"><strong>Premi\u00e8re partie:<\/strong> duo Nicolas Dumas (piano) et Salom\u00e9 Dumas (trompette) sur des dessins anim\u00e9s des fr\u00e8res Fleisher (Betty Boop) \/&nbsp;<strong>Deuxi\u00e8me partie:<\/strong> Alain Zingg et Louis Malli\u00e9 &hellip; <\/p>\n<p><a class=\"more-link btn\" href=\"https:\/\/toutcourtfestival.fr\/index.php\/tout-court-2017\/selections-2017\/cine-concert\/\">Continue reading<\/a><\/p>\n","protected":false},"author":1,"featured_media":0,"parent":1654,"menu_order":0,"comment_status":"closed","ping_status":"closed","template":"","meta":{"ngg_post_thumbnail":0,"jetpack_post_was_ever_published":false,"footnotes":""},"class_list":["post-2429","page","type-page","status-publish","hentry","nodate","item-wrap"],"jetpack_sharing_enabled":true,"jetpack_shortlink":"https:\/\/wp.me\/P8k6iw-Db","jetpack_likes_enabled":true,"_links":{"self":[{"href":"https:\/\/toutcourtfestival.fr\/index.php\/wp-json\/wp\/v2\/pages\/2429","targetHints":{"allow":["GET"]}}],"collection":[{"href":"https:\/\/toutcourtfestival.fr\/index.php\/wp-json\/wp\/v2\/pages"}],"about":[{"href":"https:\/\/toutcourtfestival.fr\/index.php\/wp-json\/wp\/v2\/types\/page"}],"author":[{"embeddable":true,"href":"https:\/\/toutcourtfestival.fr\/index.php\/wp-json\/wp\/v2\/users\/1"}],"replies":[{"embeddable":true,"href":"https:\/\/toutcourtfestival.fr\/index.php\/wp-json\/wp\/v2\/comments?post=2429"}],"version-history":[{"count":0,"href":"https:\/\/toutcourtfestival.fr\/index.php\/wp-json\/wp\/v2\/pages\/2429\/revisions"}],"up":[{"embeddable":true,"href":"https:\/\/toutcourtfestival.fr\/index.php\/wp-json\/wp\/v2\/pages\/1654"}],"wp:attachment":[{"href":"https:\/\/toutcourtfestival.fr\/index.php\/wp-json\/wp\/v2\/media?parent=2429"}],"curies":[{"name":"wp","href":"https:\/\/api.w.org\/{rel}","templated":true}]}}