{"id":2927,"date":"2017-07-10T01:05:53","date_gmt":"2017-07-09T23:05:53","guid":{"rendered":"http:\/\/toutcourtfestival.fr\/?page_id=2927"},"modified":"2017-07-10T07:47:46","modified_gmt":"2017-07-10T05:47:46","slug":"palmares-2017","status":"publish","type":"page","link":"https:\/\/toutcourtfestival.fr\/index.php\/palmares-2017\/","title":{"rendered":"Palmar\u00e8s 2017"},"content":{"rendered":"<div id=\"pl-2927\"  class=\"panel-layout\" ><div id=\"pg-2927-0\"  class=\"panel-grid panel-no-style\" ><div id=\"pgc-2927-0-0\"  class=\"panel-grid-cell\" ><div id=\"panel-2927-0-0-0\" class=\"so-panel widget widget_sow-headline panel-first-child panel-last-child\" data-index=\"0\" ><div\n\t\t\t\n\t\t\tclass=\"so-widget-sow-headline so-widget-sow-headline-default-1a3c0a56c48b-2927\"\n\t\t\t\n\t\t><div class=\"sow-headline-container \">\n\t\t\t\t\t\t\t<h1 class=\"sow-headline\">\n\t\t\t\t\t\tPalmar\u00e8s du Tout Court ! 2017 premi\u00e8re \u00e9dition\t\t\t\t\t\t<\/h1>\n\t\t\t\t\t\t\t\t\t\t\t<div class=\"decoration\">\n\t\t\t\t\t\t<div class=\"decoration-inside\"><\/div>\n\t\t\t\t\t<\/div>\n\t\t\t\t\t<\/div>\n<\/div><\/div><\/div><\/div><div id=\"pg-2927-1\"  class=\"panel-grid panel-has-style\" ><div class=\"panel-row-style panel-row-style-for-2927-1\" ><div id=\"pgc-2927-1-0\"  class=\"panel-grid-cell\" ><div id=\"panel-2927-1-0-0\" class=\"so-panel widget widget_sow-image panel-first-child panel-last-child\" data-index=\"1\" ><div\n\t\t\t\n\t\t\tclass=\"so-widget-sow-image so-widget-sow-image-default-8b5b6f678277-2927\"\n\t\t\t\n\t\t>\n<div class=\"sow-image-container\">\n\t\t<img \n\tsrc=\"https:\/\/i0.wp.com\/toutcourtfestival.fr\/wp-content\/uploads\/2017\/06\/photo1_La_vile_de_Rouja.png?fit=939%2C530&amp;ssl=1\" width=\"939\" height=\"530\" srcset=\"https:\/\/i0.wp.com\/toutcourtfestival.fr\/wp-content\/uploads\/2017\/06\/photo1_La_vile_de_Rouja.png?w=939&amp;ssl=1 939w, https:\/\/i0.wp.com\/toutcourtfestival.fr\/wp-content\/uploads\/2017\/06\/photo1_La_vile_de_Rouja.png?resize=300%2C169&amp;ssl=1 300w, https:\/\/i0.wp.com\/toutcourtfestival.fr\/wp-content\/uploads\/2017\/06\/photo1_La_vile_de_Rouja.png?resize=768%2C433&amp;ssl=1 768w\" alt=\"\" \t\tclass=\"so-widget-image\"\/>\n\t<\/div>\n\n<\/div><\/div><\/div><div id=\"pgc-2927-1-1\"  class=\"panel-grid-cell\" ><div id=\"panel-2927-1-1-0\" class=\"so-panel widget widget_sow-editor panel-first-child panel-last-child\" data-index=\"2\" ><div\n\t\t\t\n\t\t\tclass=\"so-widget-sow-editor so-widget-sow-editor-base\"\n\t\t\t\n\t\t>\n<div class=\"siteorigin-widget-tinymce textwidget\">\n\t<h1 style=\"text-align: justify;\">Grand prix du Jury :<\/h1>\n<p style=\"text-align: justify;\"><span style=\"font-size: 16px;\"><span style=\"font-size: 18pt;\"><strong>La vile de Rouja<\/strong><\/span> de Bertrand et Maya Leduc.<\/span><\/p>\n<p>&nbsp;<\/p>\n<\/div>\n<\/div><\/div><\/div><\/div><\/div><div id=\"pg-2927-2\"  class=\"panel-grid panel-has-style\" ><div class=\"panel-row-style panel-row-style-for-2927-2\" ><div id=\"pgc-2927-2-0\"  class=\"panel-grid-cell\" ><div id=\"panel-2927-2-0-0\" class=\"so-panel widget widget_sow-image panel-first-child panel-last-child\" data-index=\"3\" ><div\n\t\t\t\n\t\t\tclass=\"so-widget-sow-image so-widget-sow-image-default-8b5b6f678277-2927\"\n\t\t\t\n\t\t>\n<div class=\"sow-image-container\">\n\t\t<img \n\tsrc=\"https:\/\/i0.wp.com\/toutcourtfestival.fr\/wp-content\/uploads\/2017\/06\/Il_Silenzio.jpeg?fit=960%2C355&amp;ssl=1\" width=\"960\" height=\"355\" srcset=\"https:\/\/i0.wp.com\/toutcourtfestival.fr\/wp-content\/uploads\/2017\/06\/Il_Silenzio.jpeg?w=960&amp;ssl=1 960w, https:\/\/i0.wp.com\/toutcourtfestival.fr\/wp-content\/uploads\/2017\/06\/Il_Silenzio.jpeg?resize=300%2C111&amp;ssl=1 300w, https:\/\/i0.wp.com\/toutcourtfestival.fr\/wp-content\/uploads\/2017\/06\/Il_Silenzio.jpeg?resize=768%2C284&amp;ssl=1 768w\" alt=\"\" \t\tclass=\"so-widget-image\"\/>\n\t<\/div>\n\n<\/div><\/div><\/div><div id=\"pgc-2927-2-1\"  class=\"panel-grid-cell\" ><div id=\"panel-2927-2-1-0\" class=\"so-panel widget widget_sow-editor panel-first-child panel-last-child\" data-index=\"4\" ><div\n\t\t\t\n\t\t\tclass=\"so-widget-sow-editor so-widget-sow-editor-base\"\n\t\t\t\n\t\t>\n<div class=\"siteorigin-widget-tinymce textwidget\">\n\t<h1 style=\"text-align: justify;\">Prix de la ville de Gisors :<\/h1>\n<p style=\"text-align: justify;\"><span style=\"font-size: 16px;\"><span style=\"font-size: 18pt;\"><strong>Il silenzio&nbsp;<\/strong><\/span>de Ali Asgari.<\/span><\/p>\n<\/div>\n<\/div><\/div><\/div><\/div><\/div><div id=\"pg-2927-3\"  class=\"panel-grid panel-has-style\" ><div class=\"panel-row-style panel-row-style-for-2927-3\" ><div id=\"pgc-2927-3-0\"  class=\"panel-grid-cell\" ><div id=\"panel-2927-3-0-0\" class=\"so-panel widget widget_sow-image panel-first-child panel-last-child\" data-index=\"5\" ><div\n\t\t\t\n\t\t\tclass=\"so-widget-sow-image so-widget-sow-image-default-8b5b6f678277-2927\"\n\t\t\t\n\t\t>\n<div class=\"sow-image-container\">\n\t\t<img \n\tsrc=\"https:\/\/i0.wp.com\/toutcourtfestival.fr\/wp-content\/uploads\/2017\/06\/Troc_Mort.png?fit=1000%2C448&amp;ssl=1\" width=\"1000\" height=\"448\" srcset=\"https:\/\/i0.wp.com\/toutcourtfestival.fr\/wp-content\/uploads\/2017\/06\/Troc_Mort.png?w=1000&amp;ssl=1 1000w, https:\/\/i0.wp.com\/toutcourtfestival.fr\/wp-content\/uploads\/2017\/06\/Troc_Mort.png?resize=300%2C134&amp;ssl=1 300w, https:\/\/i0.wp.com\/toutcourtfestival.fr\/wp-content\/uploads\/2017\/06\/Troc_Mort.png?resize=768%2C344&amp;ssl=1 768w\" alt=\"\" \t\tclass=\"so-widget-image\"\/>\n\t<\/div>\n\n<\/div><\/div><\/div><div id=\"pgc-2927-3-1\"  class=\"panel-grid-cell\" ><div id=\"panel-2927-3-1-0\" class=\"so-panel widget widget_sow-editor panel-first-child panel-last-child\" data-index=\"6\" ><div\n\t\t\t\n\t\t\tclass=\"so-widget-sow-editor so-widget-sow-editor-base\"\n\t\t\t\n\t\t>\n<div class=\"siteorigin-widget-tinymce textwidget\">\n\t<h1 style=\"text-align: justify;\">Prix du jury Lyc\u00e9en :<\/h1>\n<p style=\"text-align: justify;\"><span style=\"font-size: 16px;\"><span style=\"font-size: 18pt;\"><strong>Troc Mort&nbsp;<\/strong><\/span>de Martin Darondeau.<\/span><\/p>\n<h1 style=\"text-align: right;\">Coup de c\u0153ur du jury Lyc\u00e9en :<\/h1>\n<p style=\"text-align: right;\"><strong><span style=\"font-size: 18pt;\">Le monde du petit monde<\/span>&nbsp;<\/strong><span style=\"font-size: 12pt;\">de Fabrice Bracq.<\/span><\/p>\n<\/div>\n<\/div><\/div><\/div><div id=\"pgc-2927-3-2\"  class=\"panel-grid-cell\" ><div id=\"panel-2927-3-2-0\" class=\"so-panel widget widget_sow-editor panel-first-child\" data-index=\"7\" ><div\n\t\t\t\n\t\t\tclass=\"so-widget-sow-editor so-widget-sow-editor-base\"\n\t\t\t\n\t\t>\n<div class=\"siteorigin-widget-tinymce textwidget\">\n\t<p>&nbsp;<\/p>\n<p>&nbsp;<\/p>\n<\/div>\n<\/div><\/div><div id=\"panel-2927-3-2-1\" class=\"so-panel widget widget_sow-image panel-last-child\" data-index=\"8\" ><div\n\t\t\t\n\t\t\tclass=\"so-widget-sow-image so-widget-sow-image-default-8b5b6f678277-2927\"\n\t\t\t\n\t\t>\n<div class=\"sow-image-container\">\n\t\t<img \n\tsrc=\"https:\/\/i0.wp.com\/toutcourtfestival.fr\/wp-content\/uploads\/2017\/06\/Le_MONDE_DU_PETIT_MONDE.jpeg?fit=1000%2C560&amp;ssl=1\" width=\"1000\" height=\"560\" srcset=\"https:\/\/i0.wp.com\/toutcourtfestival.fr\/wp-content\/uploads\/2017\/06\/Le_MONDE_DU_PETIT_MONDE.jpeg?w=1000&amp;ssl=1 1000w, https:\/\/i0.wp.com\/toutcourtfestival.fr\/wp-content\/uploads\/2017\/06\/Le_MONDE_DU_PETIT_MONDE.jpeg?resize=300%2C168&amp;ssl=1 300w, https:\/\/i0.wp.com\/toutcourtfestival.fr\/wp-content\/uploads\/2017\/06\/Le_MONDE_DU_PETIT_MONDE.jpeg?resize=768%2C430&amp;ssl=1 768w\" alt=\"\" \t\tclass=\"so-widget-image\"\/>\n\t<\/div>\n\n<\/div><\/div><\/div><\/div><\/div><div id=\"pg-2927-4\"  class=\"panel-grid panel-has-style\" ><div class=\"panel-row-style panel-row-style-for-2927-4\" ><div id=\"pgc-2927-4-0\"  class=\"panel-grid-cell\" ><div id=\"panel-2927-4-0-0\" class=\"so-panel widget widget_sow-image panel-first-child panel-last-child\" data-index=\"9\" ><div\n\t\t\t\n\t\t\tclass=\"so-widget-sow-image so-widget-sow-image-default-8b5b6f678277-2927\"\n\t\t\t\n\t\t>\n<div class=\"sow-image-container\">\n\t\t<img \n\tsrc=\"https:\/\/i0.wp.com\/toutcourtfestival.fr\/wp-content\/uploads\/2017\/06\/Oripeaux.jpeg?fit=1000%2C562&amp;ssl=1\" width=\"1000\" height=\"562\" srcset=\"https:\/\/i0.wp.com\/toutcourtfestival.fr\/wp-content\/uploads\/2017\/06\/Oripeaux.jpeg?w=1000&amp;ssl=1 1000w, https:\/\/i0.wp.com\/toutcourtfestival.fr\/wp-content\/uploads\/2017\/06\/Oripeaux.jpeg?resize=300%2C169&amp;ssl=1 300w, https:\/\/i0.wp.com\/toutcourtfestival.fr\/wp-content\/uploads\/2017\/06\/Oripeaux.jpeg?resize=768%2C432&amp;ssl=1 768w\" alt=\"\" \t\tclass=\"so-widget-image\"\/>\n\t<\/div>\n\n<\/div><\/div><\/div><div id=\"pgc-2927-4-1\"  class=\"panel-grid-cell\" ><div id=\"panel-2927-4-1-0\" class=\"so-panel widget widget_sow-editor panel-first-child panel-last-child\" data-index=\"10\" ><div\n\t\t\t\n\t\t\tclass=\"so-widget-sow-editor so-widget-sow-editor-base\"\n\t\t\t\n\t\t>\n<div class=\"siteorigin-widget-tinymce textwidget\">\n\t<h1 style=\"text-align: justify;\">Prix des enfants du Tout Court !<\/h1>\n<p><em>(prix d\u00e9cern\u00e9 par un vote du public enfantin \u00e0 l'issue de la s\u00e9ance sp\u00e9ciale Jeune Public)<\/em><\/p>\n<p style=\"text-align: justify;\"><span style=\"font-size: 16px;\"><span style=\"font-size: 18pt;\"><strong>Oripeaux&nbsp;<\/strong><\/span>de Sonia Gerbeaud.<\/span><\/p>\n<\/div>\n<\/div><\/div><\/div><\/div><\/div><div id=\"pg-2927-5\"  class=\"panel-grid panel-has-style\" ><div class=\"panel-row-style panel-row-style-for-2927-5\" ><div id=\"pgc-2927-5-0\"  class=\"panel-grid-cell\" ><div id=\"panel-2927-5-0-0\" class=\"so-panel widget widget_sow-image panel-first-child panel-last-child\" data-index=\"11\" ><div\n\t\t\t\n\t\t\tclass=\"so-widget-sow-image so-widget-sow-image-default-8b5b6f678277-2927\"\n\t\t\t\n\t\t>\n<div class=\"sow-image-container\">\n\t\t<img \n\tsrc=\"https:\/\/i0.wp.com\/toutcourtfestival.fr\/wp-content\/uploads\/2017\/06\/CDA-00127.png?fit=1920%2C1090&amp;ssl=1\" width=\"1920\" height=\"1090\" srcset=\"https:\/\/i0.wp.com\/toutcourtfestival.fr\/wp-content\/uploads\/2017\/06\/CDA-00127.png?w=1920&amp;ssl=1 1920w, https:\/\/i0.wp.com\/toutcourtfestival.fr\/wp-content\/uploads\/2017\/06\/CDA-00127.png?resize=300%2C170&amp;ssl=1 300w, https:\/\/i0.wp.com\/toutcourtfestival.fr\/wp-content\/uploads\/2017\/06\/CDA-00127.png?resize=768%2C436&amp;ssl=1 768w, https:\/\/i0.wp.com\/toutcourtfestival.fr\/wp-content\/uploads\/2017\/06\/CDA-00127.png?resize=1024%2C581&amp;ssl=1 1024w\" alt=\"\" \t\tclass=\"so-widget-image\"\/>\n\t<\/div>\n\n<\/div><\/div><\/div><div id=\"pgc-2927-5-1\"  class=\"panel-grid-cell\" ><div id=\"panel-2927-5-1-0\" class=\"so-panel widget widget_sow-editor panel-first-child panel-last-child\" data-index=\"12\" ><div\n\t\t\t\n\t\t\tclass=\"so-widget-sow-editor so-widget-sow-editor-base\"\n\t\t\t\n\t\t>\n<div class=\"siteorigin-widget-tinymce textwidget\">\n\t<h1 style=\"text-align: justify;\">Gagnant du concours amateur:<\/h1>\n<p style=\"text-align: justify;\"><span style=\"font-size: 16px;\"><span style=\"font-size: 18pt;\"><strong>La vie de pirate ce n'est pas ce que tu crois&nbsp;<\/strong><\/span>Chlo\u00e9 Rougier et les jeunes de l'atelier Animez-moi 2017 \/ Hybride de Lille.<\/span><\/p>\n<\/div>\n<\/div><\/div><\/div><\/div><\/div><div id=\"pg-2927-6\"  class=\"panel-grid panel-no-style\" ><div id=\"pgc-2927-6-0\"  class=\"panel-grid-cell\" ><div id=\"panel-2927-6-0-0\" class=\"so-panel widget widget_text panel-first-child panel-last-child\" data-index=\"13\" >\t\t\t<div class=\"textwidget\"><style>.entry-title {display:none;}<\/style>\n<\/div>\n\t\t<\/div><\/div><\/div><\/div>","protected":false},"excerpt":{"rendered":"<p>Palmar\u00e8s du Tout Court ! 2017 premi\u00e8re \u00e9dition Grand prix du Jury : <\/p>\n<p style=\"text-align: justify;\"><strong>La vile de Rouja<\/strong> de Bertrand et Maya Leduc.<\/p>\n<p>&nbsp;<\/p>\n<p> Prix de la ville de Gisors : <\/p>\n<p style=\"text-align: justify;\"><strong>Il silenzio&nbsp;<\/strong>de Ali Asgari.<\/p>\n<p> Prix du jury Lyc\u00e9en : <\/p>\n<p style=\"text-align: justify;\"><strong>Troc Mort&nbsp;<\/strong>de Martin Darondeau.<\/p>\n<p> Coup de c\u0153ur du jury Lyc\u00e9en &hellip; <\/p>\n<p><a class=\"more-link btn\" href=\"https:\/\/toutcourtfestival.fr\/index.php\/palmares-2017\/\">Continue reading<\/a><\/p>\n","protected":false},"author":1,"featured_media":0,"parent":0,"menu_order":0,"comment_status":"closed","ping_status":"closed","template":"","meta":{"ngg_post_thumbnail":0,"jetpack_post_was_ever_published":false,"footnotes":""},"class_list":["post-2927","page","type-page","status-publish","hentry","nodate","item-wrap"],"jetpack_sharing_enabled":true,"jetpack_shortlink":"https:\/\/wp.me\/P8k6iw-Ld","jetpack_likes_enabled":true,"_links":{"self":[{"href":"https:\/\/toutcourtfestival.fr\/index.php\/wp-json\/wp\/v2\/pages\/2927","targetHints":{"allow":["GET"]}}],"collection":[{"href":"https:\/\/toutcourtfestival.fr\/index.php\/wp-json\/wp\/v2\/pages"}],"about":[{"href":"https:\/\/toutcourtfestival.fr\/index.php\/wp-json\/wp\/v2\/types\/page"}],"author":[{"embeddable":true,"href":"https:\/\/toutcourtfestival.fr\/index.php\/wp-json\/wp\/v2\/users\/1"}],"replies":[{"embeddable":true,"href":"https:\/\/toutcourtfestival.fr\/index.php\/wp-json\/wp\/v2\/comments?post=2927"}],"version-history":[{"count":0,"href":"https:\/\/toutcourtfestival.fr\/index.php\/wp-json\/wp\/v2\/pages\/2927\/revisions"}],"wp:attachment":[{"href":"https:\/\/toutcourtfestival.fr\/index.php\/wp-json\/wp\/v2\/media?parent=2927"}],"curies":[{"name":"wp","href":"https:\/\/api.w.org\/{rel}","templated":true}]}}