{"id":3156,"date":"2017-08-21T13:14:23","date_gmt":"2017-08-21T11:14:23","guid":{"rendered":"http:\/\/toutcourtfestival.fr\/?page_id=3156"},"modified":"2025-09-24T18:29:08","modified_gmt":"2025-09-24T16:29:08","slug":"ateliers_cinema","status":"publish","type":"page","link":"https:\/\/toutcourtfestival.fr\/index.php\/ateliers_cinema\/","title":{"rendered":"Cr\u00e9ation \/ \u00e9ducation \u00e0 l&#8217;image"},"content":{"rendered":"<div id=\"pl-3156\"  class=\"panel-layout\" ><div id=\"pg-3156-0\"  class=\"panel-grid panel-no-style\" ><div id=\"pgc-3156-0-0\"  class=\"panel-grid-cell\" ><div id=\"panel-3156-0-0-0\" class=\"so-panel widget widget_sow-headline panel-first-child panel-last-child\" data-index=\"0\" ><div\n\t\t\t\n\t\t\tclass=\"so-widget-sow-headline so-widget-sow-headline-default-9d8fb914372a-3156\"\n\t\t\t\n\t\t><div class=\"sow-headline-container \">\n\t\t\t\t\t\t\t<h1 class=\"sow-headline\">\n\t\t\t\t\t\tLes Ateliers Cin\u00e9ma du Tout Court !\t\t\t\t\t\t<\/h1>\n\t\t\t\t\t\t\t\t\t\t\t<div class=\"decoration\">\n\t\t\t\t\t\t<div class=\"decoration-inside\"><\/div>\n\t\t\t\t\t<\/div>\n\t\t\t\t\t<\/div>\n<\/div><\/div><\/div><\/div><div id=\"pg-3156-1\"  class=\"panel-grid panel-no-style\" ><div id=\"pgc-3156-1-0\"  class=\"panel-grid-cell panel-grid-cell-empty\" ><\/div><div id=\"pgc-3156-1-1\"  class=\"panel-grid-cell\" ><div id=\"panel-3156-1-1-0\" class=\"so-panel widget widget_sow-image panel-first-child\" data-index=\"1\" ><div\n\t\t\t\n\t\t\tclass=\"so-widget-sow-image so-widget-sow-image-default-8b5b6f678277-3156\"\n\t\t\t\n\t\t>\n<div class=\"sow-image-container\">\n\t\t<img \n\tsrc=\"https:\/\/i0.wp.com\/toutcourtfestival.fr\/wp-content\/uploads\/2018\/04\/28701105_785189455025426_7856122635626269420_o-e1540510806938.jpg?fit=1139%2C440&amp;ssl=1\" width=\"1139\" height=\"440\" srcset=\"https:\/\/i0.wp.com\/toutcourtfestival.fr\/wp-content\/uploads\/2018\/04\/28701105_785189455025426_7856122635626269420_o-e1540510806938.jpg?w=1139&amp;ssl=1 1139w, https:\/\/i0.wp.com\/toutcourtfestival.fr\/wp-content\/uploads\/2018\/04\/28701105_785189455025426_7856122635626269420_o-e1540510806938.jpg?resize=300%2C116&amp;ssl=1 300w, https:\/\/i0.wp.com\/toutcourtfestival.fr\/wp-content\/uploads\/2018\/04\/28701105_785189455025426_7856122635626269420_o-e1540510806938.jpg?resize=768%2C297&amp;ssl=1 768w, https:\/\/i0.wp.com\/toutcourtfestival.fr\/wp-content\/uploads\/2018\/04\/28701105_785189455025426_7856122635626269420_o-e1540510806938.jpg?resize=1024%2C396&amp;ssl=1 1024w\" title=\"Tournage\" alt=\"\" \t\tclass=\"so-widget-image\"\/>\n\t<\/div>\n\n<\/div><\/div><div id=\"panel-3156-1-1-1\" class=\"so-panel widget widget_sow-image\" data-index=\"2\" ><div\n\t\t\t\n\t\t\tclass=\"so-widget-sow-image so-widget-sow-image-default-8b5b6f678277-3156\"\n\t\t\t\n\t\t>\n<div class=\"sow-image-container\">\n\t\t<img \n\tsrc=\"https:\/\/i0.wp.com\/toutcourtfestival.fr\/wp-content\/uploads\/2017\/06\/CDA-00185.png?fit=1920%2C1090&amp;ssl=1\" width=\"1920\" height=\"1090\" srcset=\"https:\/\/i0.wp.com\/toutcourtfestival.fr\/wp-content\/uploads\/2017\/06\/CDA-00185.png?w=1920&amp;ssl=1 1920w, https:\/\/i0.wp.com\/toutcourtfestival.fr\/wp-content\/uploads\/2017\/06\/CDA-00185.png?resize=300%2C170&amp;ssl=1 300w, https:\/\/i0.wp.com\/toutcourtfestival.fr\/wp-content\/uploads\/2017\/06\/CDA-00185.png?resize=768%2C436&amp;ssl=1 768w, https:\/\/i0.wp.com\/toutcourtfestival.fr\/wp-content\/uploads\/2017\/06\/CDA-00185.png?resize=1024%2C581&amp;ssl=1 1024w\" alt=\"\" \t\tclass=\"so-widget-image\"\/>\n\t<\/div>\n\n<\/div><\/div><div id=\"panel-3156-1-1-2\" class=\"so-panel widget widget_sow-image panel-last-child\" data-index=\"3\" ><div\n\t\t\t\n\t\t\tclass=\"so-widget-sow-image so-widget-sow-image-default-8b5b6f678277-3156\"\n\t\t\t\n\t\t>\n<div class=\"sow-image-container\">\n\t\t<img \n\tsrc=\"https:\/\/i0.wp.com\/toutcourtfestival.fr\/wp-content\/uploads\/2017\/01\/20170128_121514.jpg?fit=3264%2C1836&amp;ssl=1\" width=\"3264\" height=\"1836\" srcset=\"https:\/\/i0.wp.com\/toutcourtfestival.fr\/wp-content\/uploads\/2017\/01\/20170128_121514.jpg?w=3264&amp;ssl=1 3264w, https:\/\/i0.wp.com\/toutcourtfestival.fr\/wp-content\/uploads\/2017\/01\/20170128_121514.jpg?resize=300%2C169&amp;ssl=1 300w, https:\/\/i0.wp.com\/toutcourtfestival.fr\/wp-content\/uploads\/2017\/01\/20170128_121514.jpg?resize=768%2C432&amp;ssl=1 768w, https:\/\/i0.wp.com\/toutcourtfestival.fr\/wp-content\/uploads\/2017\/01\/20170128_121514.jpg?resize=1024%2C576&amp;ssl=1 1024w, https:\/\/i0.wp.com\/toutcourtfestival.fr\/wp-content\/uploads\/2017\/01\/20170128_121514.jpg?w=2740&amp;ssl=1 2740w\" title=\"Sortie au festival Premiers Plans\" alt=\"\" \t\tclass=\"so-widget-image\"\/>\n\t<\/div>\n\n<\/div><\/div><\/div><div id=\"pgc-3156-1-2\"  class=\"panel-grid-cell panel-grid-cell-mobile-last\" ><div id=\"panel-3156-1-2-0\" class=\"so-panel widget widget_sow-editor panel-first-child panel-last-child\" data-index=\"4\" ><div\n\t\t\t\n\t\t\tclass=\"so-widget-sow-editor so-widget-sow-editor-base\"\n\t\t\t\n\t\t>\n<div class=\"siteorigin-widget-tinymce textwidget\">\n\t<p style=\"text-align: justify;\">En plus de leur implication dans le festival de court-m\u00e9trage, Les Ateliers Cin\u00e9ma du Tout Court ! proposent aux jeunes \u00e0 partir de 11 ans des activit\u00e9s de cr\u00e9ation et de d\u00e9couverte du Cin\u00e9ma. Ils proposent \u00e9galement quelques activit\u00e9s pour les adultes. <a href=\"https:\/\/toutcourtfestival.fr\/wp-content\/uploads\/2025\/09\/TC-Plaquette-A5-.pdf\" target=\"_blank\" rel=\"noopener\">Plaquette de pr\u00e9sentation \u00e0 t\u00e9l\u00e9charger ici<\/a>.<\/p>\n<p>Pour vous inscrire: <a href=\"http:\/\/toutcourtfestival.fr\/index.php\/inscriptions-et-adhesions\/\">cliquez ici.<\/a><\/p>\n<p style=\"text-align: justify;\">Exemple d'activit\u00e9s :<\/p>\n<ul style=\"text-align: justify;\">\n<li><a href=\"http:\/\/toutcourtfestival.fr\/index.php\/faire-un-film-en-48h\/\"><strong>Faire un film en 48h !<\/strong><\/a>&nbsp;Participation tous les ans au concours \"48h film project\" de Paris fin septembre ou d\u00e9but octobre. Tous les d\u00e9tails et modalit\u00e9s d'inscription <a href=\"http:\/\/toutcourtfestival.fr\/index.php\/faire-un-film-en-48h\/\">sur cette page<\/a>.<\/li>\n<li><a href=\"http:\/\/toutcourtfestival.fr\/index.php\/2018\/04\/02\/ca-tourne-action\/\"><strong>Tournage d'un film r\u00e9alis\u00e9 par un jeune du Tout Court !&nbsp;&nbsp;<\/strong><\/a>en partenariat avec une structure de production cin\u00e9ma, avec des stages organis\u00e9s sur le tournage.<\/li>\n<li><a href=\"http:\/\/toutcourtfestival.fr\/index.php\/2018\/01\/28\/4469\/\"><strong>Sortie au festival Premier Plans \u00e0 Angers<\/strong><\/a>.&nbsp;<\/li>\n<li>Ateliers d\u00e9couverte cin\u00e9ma sur plusieurs th\u00e8mes: pocket film, animation, bruitage, effets sp\u00e9ciaux, acting...<\/li>\n<li>Rencontres et interviews d'artistes (acteurs, r\u00e9alisateur, producteurs...) pendant le festival<\/li>\n<li>D'autres projets peuvent se monter en fonction des opportunit\u00e9s et des envies...<\/li>\n<li><a href=\"https:\/\/toutcourtfestival.fr\/index.php\/scenario_lab\/\"><strong>Sc\u00e9nario Lab<\/strong><\/a> (pour adultes + 16 ans) : atelier \u00e9criture \/ accompagnement \u00e0 l'\u00e9criture de sc\u00e9nario.<\/li>\n<\/ul>\n<p>&nbsp;<\/p>\n<\/div>\n<\/div><\/div><\/div><div id=\"pgc-3156-1-3\"  class=\"panel-grid-cell panel-grid-cell-empty\" ><\/div><\/div><div id=\"pg-3156-2\"  class=\"panel-grid panel-no-style\" ><div id=\"pgc-3156-2-0\"  class=\"panel-grid-cell\" ><div id=\"panel-3156-2-0-0\" class=\"so-panel widget widget_sow-headline panel-first-child panel-last-child\" data-index=\"5\" ><div\n\t\t\t\n\t\t\tclass=\"so-widget-sow-headline so-widget-sow-headline-default-e5967d8b1dd1-3156\"\n\t\t\t\n\t\t><div class=\"sow-headline-container \">\n\t\t\t\t\t\t\t<h1 class=\"sow-headline\">\n\t\t\t\t\t\tFonctionnement des ateliers\t\t\t\t\t\t<\/h1>\n\t\t\t\t\t\t\t\t\t\t\t<div class=\"decoration\">\n\t\t\t\t\t\t<div class=\"decoration-inside\"><\/div>\n\t\t\t\t\t<\/div>\n\t\t\t\t\t<\/div>\n<\/div><\/div><\/div><\/div><div id=\"pg-3156-3\"  class=\"panel-grid panel-no-style\" ><div id=\"pgc-3156-3-0\"  class=\"panel-grid-cell panel-grid-cell-empty\" ><\/div><div id=\"pgc-3156-3-1\"  class=\"panel-grid-cell panel-grid-cell-mobile-last\" ><div id=\"panel-3156-3-1-0\" class=\"so-panel widget widget_sow-editor panel-first-child panel-last-child\" data-index=\"6\" ><div\n\t\t\t\n\t\t\tclass=\"so-widget-sow-editor so-widget-sow-editor-base\"\n\t\t\t\n\t\t>\n<div class=\"siteorigin-widget-tinymce textwidget\">\n\t<h2 style=\"text-align: left;\"><span style=\"color: #000000;\">Associations<\/span><\/h2>\n<p style=\"text-align: left;\"><span style=\"color: #000000;\">Les ateliers sont port\u00e9s par trois associations loi 1901 : Tout Court ! Eure, Tout Court ! Oise et Tout Court ! Val d'Oise. &nbsp;Ils sont li\u00e9s aux Tout Court ! festival du court-m\u00e9trage de Gisors.<\/span><\/p>\n<h2 style=\"text-align: left;\"><span style=\"color: #000000;\">Participants<\/span><\/h2>\n<p style=\"text-align: left;\"><span style=\"color: #000000;\">Les ateliers sont ouverts \u00e0 tous \u00e0 partir de 11 ans. Les activit\u00e9s sont majoritairement orient\u00e9es en direction des ados \u2013 coll\u00e9giens et lyc\u00e9es - mais des adultes peuvent y trouver leur compte (et nous aider \u00e0 encadrer les jeunes !).<\/span><\/p>\n<p style=\"text-align: left;\"><span style=\"color: #000000;\">Les participants doivent \u00eatre adh\u00e9rents et avoir rempli le dossier d\u2019inscription. Voir <a style=\"color: #000000;\" href=\"http:\/\/toutcourtfestival.fr\/index.php\/inscriptions-et-adhesions\/\">https:\/\/toutcourtfestival.fr\/ section \u00ab&nbsp;Inscriptions&nbsp;\u00bb.<\/a><\/span><\/p>\n<h2 style=\"text-align: left;\"><span style=\"color: #000000;\">Co\u00fbt<\/span><\/h2>\n<p style=\"text-align: left;\"><span style=\"color: #000000;\">L\u2019adh\u00e9sion obligatoire co\u00fbte 10 euros l\u2019ann\u00e9e. La plupart des activit\u00e9s sont gratuites, mais pour certaines une participation \u2013 toujours tr\u00e8s r\u00e9duite \u2013 pourra \u00eatre demand\u00e9e.<\/span><\/p>\n<h2 style=\"text-align: left;\"><span style=\"color: #000000;\">Lieux<\/span><\/h2>\n<p style=\"text-align: left;\"><span style=\"color: #000000;\">A <strong>Gisors<\/strong> nos activit\u00e9s se d\u00e9roulent dans l'ancien r\u00e9fectoire au rez-de-jardin de la r<strong>\u00e9sidence Boscage, rue de la Reine Blanche.<\/strong><\/span><\/p>\n<p style=\"text-align: left;\"><span style=\"color: #000000;\">Dans l\u2019<strong>Oise<\/strong> nous exer\u00e7ons \u00e0 <strong>Lincourt (Flavacourt)<\/strong> au <strong>14 rue de Marseille<\/strong> \u00e0 l\u2019Ecole Buissonni\u00e8re. Il s\u2019agit d\u2019un local associatif \u00e9quip\u00e9 d\u2019une v\u00e9ritable salle de cin\u00e9ma, pr\u00eat\u00e9 par une association partenaire.<\/span><\/p>\n<p>Dans le<strong> Val d'Oise<\/strong> nous commen\u00e7ons \u00e0 exercer quelques activit\u00e9s \u00e0 <strong>Magny-en-Vexin<\/strong> \u00e0 la maison de la jeunesse. En 2024 c'est encore un d\u00e9but, l'association c\u00f4t\u00e9 Val d'Oise venant d'\u00eatre cr\u00e9\u00e9, mais on esp\u00e8re s'y d\u00e9velopper bien plus \u00e0 l'avenir.<\/p>\n<p style=\"text-align: left;\"><span style=\"color: #000000;\">D\u2019autres lieux peuvent \u00eatre utilis\u00e9 ponctuellement, selon projets.<\/span><\/p>\n<h2 style=\"text-align: left;\"><span style=\"color: #000000;\">Dates et horaires<\/span><\/h2>\n<p style=\"text-align: left;\"><span style=\"color: #000000;\">Nos activit\u00e9s se d\u00e9roulent le plus souvent le <strong>samedi de 14h30 \u00e0 17h30. <\/strong>Ponctuellement, des projets peuvent d\u00e9rouler leurs activit\u00e9s \u00e0 d\u2019autres jours et horaires.<\/span><\/p>\n<h2 style=\"text-align: left;\"><span style=\"color: #000000;\">Communication<\/span><\/h2>\n<p style=\"text-align: left;\"><span style=\"color: #000000;\">Des pr\u00e9cisions sur les activit\u00e9s sont communiqu\u00e9s par email le jeudi soir pour celle du samedi, ou bien quelques jours avant qu\u2019elles aient lieu. Merci de renseigner une adresse email valide \u2013 et que vous consultez r\u00e9guli\u00e8rement - lors de votre inscription&nbsp;!<\/span><\/p>\n<h2 style=\"text-align: left;\"><span style=\"color: #000000;\">Implication<\/span><\/h2>\n<p style=\"text-align: left;\"><span style=\"color: #000000;\">Rien n\u2019est obligatoire&nbsp;: on participe aux activit\u00e9s qui nous font envie, l\u2019important est de se faire plaisir&nbsp;! Toutefois certaines activit\u00e9s peuvent \u00eatre plus engageantes que d\u2019autres&nbsp;: impliquez-vous selon votre motivation et disponibilit\u00e9&nbsp;!<\/span><\/p>\n<\/div>\n<\/div><\/div><\/div><div id=\"pgc-3156-3-2\"  class=\"panel-grid-cell panel-grid-cell-empty\" ><\/div><\/div><div id=\"pg-3156-4\"  class=\"panel-grid panel-no-style\" ><div id=\"pgc-3156-4-0\"  class=\"panel-grid-cell\" ><div id=\"panel-3156-4-0-0\" class=\"so-panel widget widget_sow-headline panel-first-child panel-last-child\" data-index=\"7\" ><div\n\t\t\t\n\t\t\tclass=\"so-widget-sow-headline so-widget-sow-headline-default-9d8fb914372a-3156\"\n\t\t\t\n\t\t><div class=\"sow-headline-container \">\n\t\t\t\t\t\t\t<h1 class=\"sow-headline\">\n\t\t\t\t\t\tDescription des activit\u00e9s\t\t\t\t\t\t<\/h1>\n\t\t\t\t\t\t\t\t\t\t\t<div class=\"decoration\">\n\t\t\t\t\t\t<div class=\"decoration-inside\"><\/div>\n\t\t\t\t\t<\/div>\n\t\t\t\t\t<\/div>\n<\/div><\/div><\/div><\/div><div id=\"pg-3156-5\"  class=\"panel-grid panel-no-style\" ><div id=\"pgc-3156-5-0\"  class=\"panel-grid-cell panel-grid-cell-empty\" ><\/div><div id=\"pgc-3156-5-1\"  class=\"panel-grid-cell panel-grid-cell-mobile-last\" ><div id=\"panel-3156-5-1-0\" class=\"so-panel widget widget_sow-editor panel-first-child panel-last-child\" data-index=\"8\" ><div\n\t\t\t\n\t\t\tclass=\"so-widget-sow-editor so-widget-sow-editor-base\"\n\t\t\t\n\t\t>\n<div class=\"siteorigin-widget-tinymce textwidget\">\n\t<p style=\"text-align: left;\"><strong>Nous proposons de nombreuses activit\u00e9s et sommes ouverts aux nouveaux projets. Voici celles qui reviennent le plus souvent, mais ce n\u2019est pas exhaustif&nbsp;!<\/strong><\/p>\n<h2 style=\"text-align: left;\">S\u00e9lections pour le festival<\/h2>\n<p style=\"text-align: left;\">Les jeunes visionnent des films pr\u00e9s\u00e9lectionn\u00e9s par les adultes. Ils en discutent puis s\u00e9lectionnent et programment une ou plusieurs s\u00e9ances du festival Tout Court&nbsp;! de Gisors.<\/p>\n<h2 style=\"text-align: left;\">Pr\u00e9parations et participation au festival<\/h2>\n<p style=\"text-align: left;\">Implication dans les travaux pr\u00e9paratoire, la communication, le b\u00e9n\u00e9volat, l\u2019animation des s\u00e9ances\u2026<\/p>\n<h2 style=\"text-align: left;\">Ateliers et stages avec intervenant<\/h2>\n<p style=\"text-align: left;\">De quelques heures \u00e0 plusieurs jours selon les stages, sur des th\u00e8mes tr\u00e8s vari\u00e9s comme le jeu d\u2019acteur (Actor Studio), le bruitage, l\u2019animation, les effets sp\u00e9ciaux\u2026 Le plus souvent pendant les cong\u00e9s scolaires.<\/p>\n<h2 style=\"text-align: left;\">Concours \u00ab&nbsp;faire un film en 48h&nbsp;\u00bb<\/h2>\n<p style=\"text-align: left;\">Un marathon de cin\u00e9ma sur 48h chaque ann\u00e9e d\u00e9but octobre&nbsp;: \u00e0 la fois grande aventure et week-end d\u2019int\u00e9gration pour les nouveaux&nbsp;! Plus de d\u00e9tails sur&nbsp;: <a href=\"https:\/\/toutcourtfestival.fr\/index.php\/faire-un-film-en-48h\/\">https:\/\/toutcourtfestival.fr\/index.php\/faire-un-film-en-48h\/<\/a><\/p>\n<h2 style=\"text-align: left;\">Dispositif \u00ab&nbsp;Premier Clap&nbsp;\u00bb<\/h2>\n<p style=\"text-align: left;\">Nous accompagnons un jeune particuli\u00e8rement motiv\u00e9 pendant deux ans sur la cr\u00e9ation d\u2019un premier court-m\u00e9trage \u00e0 un niveau semi-professionnel, avec l\u2019aide d\u2019artistes et techniciens du cin\u00e9ma. D\u2019autres jeunes (et moins jeunes) de l\u2019association s\u2019impliquent dans le projet \u00e0 travers des ateliers d\u2019\u00e9criture, des stages sur le tournage, etc\u2026<\/p>\n<h2 style=\"text-align: left;\">Films d\u2019atelier<\/h2>\n<p style=\"text-align: left;\">Les jeunes cr\u00e9ent des petits films, \u00e9laborent des projets\u2026 On est \u00e0 l\u2019\u00e9coute de leurs envies, de leurs propositions&nbsp;!<\/p>\n<h2 style=\"text-align: left;\">Sorties, rencontres\u2026<\/h2>\n<p style=\"text-align: left;\">Sortie traditionnelle au Festival Premiers Plans d\u2019Anger en janvier, et d\u2019autres sorties selon opportunit\u00e9s.<\/p>\n<\/div>\n<\/div><\/div><\/div><div id=\"pgc-3156-5-2\"  class=\"panel-grid-cell panel-grid-cell-empty\" ><\/div><\/div><div id=\"pg-3156-6\"  class=\"panel-grid panel-no-style\" ><div id=\"pgc-3156-6-0\"  class=\"panel-grid-cell\" ><div id=\"panel-3156-6-0-0\" class=\"so-panel widget widget_text panel-first-child panel-last-child\" data-index=\"9\" >\t\t\t<div class=\"textwidget\"><style>.entry-title {display:none;}<\/style> <\/div>\n\t\t<\/div><\/div><\/div><\/div>","protected":false},"excerpt":{"rendered":"<p>Les Ateliers Cin\u00e9ma du Tout Court ! <\/p>\n<p style=\"text-align: justify;\">En plus de leur implication dans le festival de court-m\u00e9trage, Les Ateliers Cin\u00e9ma du Tout Court ! proposent aux jeunes \u00e0 partir de 11 ans des activit\u00e9s de cr\u00e9ation et de d\u00e9couverte du Cin\u00e9ma. Ils proposent \u00e9galement quelques activit\u00e9s pour les adultes. <a href=\"https:\/\/toutcourtfestival.fr\/wp-content\/uploads\/2025\/09\/TC-Plaquette-A5-.pdf\" target=\"_blank\" rel=\"noopener\">Plaquette &hellip; <\/a><\/p>\n<p><a class=\"more-link btn\" href=\"https:\/\/toutcourtfestival.fr\/index.php\/ateliers_cinema\/\">Continue reading<\/a><\/p>\n","protected":false},"author":1,"featured_media":0,"parent":0,"menu_order":0,"comment_status":"closed","ping_status":"closed","template":"","meta":{"ngg_post_thumbnail":0,"jetpack_post_was_ever_published":false,"footnotes":""},"class_list":["post-3156","page","type-page","status-publish","hentry","nodate","item-wrap"],"jetpack_sharing_enabled":true,"jetpack_shortlink":"https:\/\/wp.me\/P8k6iw-OU","jetpack_likes_enabled":true,"_links":{"self":[{"href":"https:\/\/toutcourtfestival.fr\/index.php\/wp-json\/wp\/v2\/pages\/3156","targetHints":{"allow":["GET"]}}],"collection":[{"href":"https:\/\/toutcourtfestival.fr\/index.php\/wp-json\/wp\/v2\/pages"}],"about":[{"href":"https:\/\/toutcourtfestival.fr\/index.php\/wp-json\/wp\/v2\/types\/page"}],"author":[{"embeddable":true,"href":"https:\/\/toutcourtfestival.fr\/index.php\/wp-json\/wp\/v2\/users\/1"}],"replies":[{"embeddable":true,"href":"https:\/\/toutcourtfestival.fr\/index.php\/wp-json\/wp\/v2\/comments?post=3156"}],"version-history":[{"count":7,"href":"https:\/\/toutcourtfestival.fr\/index.php\/wp-json\/wp\/v2\/pages\/3156\/revisions"}],"predecessor-version":[{"id":9910,"href":"https:\/\/toutcourtfestival.fr\/index.php\/wp-json\/wp\/v2\/pages\/3156\/revisions\/9910"}],"wp:attachment":[{"href":"https:\/\/toutcourtfestival.fr\/index.php\/wp-json\/wp\/v2\/media?parent=3156"}],"curies":[{"name":"wp","href":"https:\/\/api.w.org\/{rel}","templated":true}]}}