{"id":3462,"date":"2017-09-17T15:16:01","date_gmt":"2017-09-17T13:16:01","guid":{"rendered":"http:\/\/toutcourtfestival.fr\/?page_id=3462"},"modified":"2026-03-06T17:50:17","modified_gmt":"2026-03-06T16:50:17","slug":"inscriptions-et-adhesions","status":"publish","type":"page","link":"https:\/\/toutcourtfestival.fr\/index.php\/inscriptions-et-adhesions\/","title":{"rendered":"Inscriptions et adh\u00e9sions"},"content":{"rendered":"<div id=\"pl-3462\"  class=\"panel-layout\" ><div id=\"pg-3462-0\"  class=\"panel-grid panel-no-style\" ><div id=\"pgc-3462-0-0\"  class=\"panel-grid-cell\" ><div id=\"panel-3462-0-0-0\" class=\"so-panel widget widget_sow-headline panel-first-child panel-last-child\" data-index=\"0\" ><div\n\t\t\t\n\t\t\tclass=\"so-widget-sow-headline so-widget-sow-headline-default-6090f20097d1-3462\"\n\t\t\t\n\t\t><div class=\"sow-headline-container \">\n\t\t\t\t\t\t\t<h1 class=\"sow-headline\">\n\t\t\t\t\t\tAdh\u00e9sion et inscription\t\t\t\t\t\t<\/h1>\n\t\t\t\t\t\t\t\t\t\t\t<div class=\"decoration\">\n\t\t\t\t\t\t<div class=\"decoration-inside\"><\/div>\n\t\t\t\t\t<\/div>\n\t\t\t\t\t<\/div>\n<\/div><\/div><\/div><\/div><div id=\"pg-3462-1\"  class=\"panel-grid panel-no-style\" ><div id=\"pgc-3462-1-0\"  class=\"panel-grid-cell panel-grid-cell-empty\" ><\/div><div id=\"pgc-3462-1-1\"  class=\"panel-grid-cell panel-grid-cell-mobile-last\" ><div id=\"panel-3462-1-1-0\" class=\"so-panel widget widget_sow-editor panel-first-child panel-last-child\" data-index=\"1\" ><div\n\t\t\t\n\t\t\tclass=\"so-widget-sow-editor so-widget-sow-editor-base\"\n\t\t\t\n\t\t>\n<div class=\"siteorigin-widget-tinymce textwidget\">\n\t<p><img data-recalc-dims=\"1\" loading=\"lazy\" decoding=\"async\" class=\"wp-image-9684 size-medium alignright\" src=\"https:\/\/i0.wp.com\/toutcourtfestival.fr\/wp-content\/uploads\/2025\/02\/Logo_temporaire_Tout_Court.png?resize=300%2C276&#038;ssl=1\" alt=\"\" width=\"300\" height=\"276\" srcset=\"https:\/\/i0.wp.com\/toutcourtfestival.fr\/wp-content\/uploads\/2025\/02\/Logo_temporaire_Tout_Court.png?resize=300%2C276&amp;ssl=1 300w, https:\/\/i0.wp.com\/toutcourtfestival.fr\/wp-content\/uploads\/2025\/02\/Logo_temporaire_Tout_Court.png?w=732&amp;ssl=1 732w\" sizes=\"auto, (max-width: 300px) 100vw, 300px\" \/><\/p>\n<p style=\"text-align: justify;\">L'inscription vous permet de participer aux <a href=\"https:\/\/toutcourtfestival.fr\/index.php\/ateliers_cinema\/\">Ateliers Cin\u00e9ma<\/a> et aux activit\u00e9s qui leur sont associ\u00e9 durant tout l'exercice courant (janvier \u00e0 d\u00e9cembre).<\/p>\n<p style=\"text-align: justify;\">Elle est gratuite - hors adh\u00e9sion obligatoire 10 euros. Les activit\u00e9s sont g\u00e9n\u00e9ralement gratuites. Pour certaines toutefois, une participation pourra \u00eatre demand\u00e9e.<\/p>\n<p style=\"text-align: justify;\">Elle est ouverte \u00e0 tous, ados comme adultes, \u00e0 partir de 11 ans.<\/p>\n<p style=\"text-align: justify;\">Les activit\u00e9s sont toujours annonc\u00e9es et d\u00e9crites par email =&gt; <strong>renseignez une adresse email que vous consultez r\u00e9guli\u00e8rement<\/strong>.&nbsp;&nbsp;<\/p>\n<p style=\"text-align: justify;\"><strong>L'adh\u00e9sion est obligatoire<\/strong> pour toute inscription .&nbsp;<\/p>\n<p style=\"text-align: justify;\"><strong>Pour vous inscrire ou inscrire votre enfant:<\/strong><\/p>\n<ul style=\"text-align: justify;\">\n<li>T\u00e9l\u00e9chargez le <a href=\"https:\/\/toutcourtfestival.fr\/wp-content\/uploads\/2026\/03\/Tout-Court-Dossier-inscription-aux-activites-2026-Interactif.pdf\" target=\"_blank\" rel=\"noopener\">dossier d'inscription<\/a><\/li>\n<li>Le remplir, le signer et nous le faire parvenir par <a href=\"http:\/\/toutcourtfestival.fr\/index.php\/contacts-et-pratique\/\" target=\"_blank\" rel=\"noopener\">courrier postal, par email<\/a> ou en main propre lors de votre premi\u00e8re participation.<\/li>\n<li>R\u00e8glement de l'adh\u00e9sion (10 euros) par carte bancaire en ligne ci-dessous ou bien par ch\u00e8que ou esp\u00e8ce lors de votre premi\u00e8re participation.<\/li>\n<\/ul>\n<p>Si vous inscrivez votre enfant, c'est lui qui sera adh\u00e9rent. Si vous souhaitez adh\u00e9rer pour vous m\u00eame, vous pouvez remplir un bulletin d'adh\u00e9sion simple (voir ci-dessous).<\/p>\n<p style=\"text-align: justify;\"><strong>Si vous souhaitez simplement adh\u00e9rer au Tout Court ! sans vous inscrire<\/strong> aux activit\u00e9s, vous avez deux possibilit\u00e9s au choix :<\/p>\n<ol style=\"text-align: justify;\">\n<li>T\u00e9l\u00e9chargez le <a href=\"https:\/\/toutcourtfestival.fr\/wp-content\/uploads\/2026\/03\/Tout-Court-Dossier-inscription-aux-activites-2026-Interactif.pdf\" target=\"_blank\" rel=\"noopener\">bulletin d'adh\u00e9sion<\/a>, le remplir, le signer et nous le faire parvenir par <a href=\"http:\/\/toutcourtfestival.fr\/index.php\/contacts-et-pratique\/\" target=\"_blank\" rel=\"noopener\">courrier postal, par email<\/a> ou en main propre. Le r\u00e8glement de l'adh\u00e9sion peut se faire en esp\u00e8ce, ch\u00e8que ou virement.<\/li>\n<li>Ou bien utilisez le formulaire en ligne ci-dessous (paiement en ligne par carte bancaire):<\/li>\n<\/ol>\n<p>L'adh\u00e9sion donne droit de vote aux assembl\u00e9es g\u00e9n\u00e9rales, ainsi que le droit de faire acte de candidature au conseil d'administration. En tant qu'adh\u00e9rent vous serez r\u00e9guli\u00e8rement tenu inform\u00e9 de nos \u00e9volutions, orientations et activit\u00e9s. Si vous le souhaitez, vous pourrez aussi nous aider en tant que <a href=\"https:\/\/toutcourtfestival.fr\/index.php\/nous-aider\/\">b\u00e9n\u00e9voles de l'association<\/a>.<\/p>\n<p style=\"text-align: justify;\">&nbsp;<\/p>\n<h3 style=\"text-align: center;\">Adh\u00e9sion en ligne<\/h3>\n<p>Les statuts auxquels vous adh\u00e9rez sont t\u00e9l\u00e9chargeables ici:&nbsp;<a href=\"http:\/\/toutcourtfestival.fr\/wp-content\/uploads\/2017\/09\/Statuts-communs-Tout-Court-Oise-et-Eure.pdf\">http:\/\/toutcourtfestival.fr\/wp-content\/uploads\/2017\/09\/Statuts-communs-Tout-Court-Oise-et-Eure.pdf<\/a><\/p>\n<p>Le prix de l'adh\u00e9sion (10 euros) vous permet d'adh\u00e9rer aux trois associations <b>Tout Court ! Oise, Tout Court ! Val d'Oise <\/b>et&nbsp;<b>Tout Court ! Eure&nbsp;<\/b>pour l'exercice en cours - soit jusqu'au 31 d\u00e9cembre suivant la date de votre adh\u00e9sion.<\/p>\n<p>Si vous souhaitez \u00e9galement vous inscrire aux activit\u00e9s vous devez remplir un dossier d'inscription (gratuit): voir ci-dessus.<\/p>\n<p><iframe id=\"haWidget\" style=\"width: 100%; height: 750px; border: none;\" src=\"https:\/\/www.helloasso.com\/associations\/tout-court-eure\/adhesions\/adhesion-tout-court-oise-eure-et-val-d-oise-2026\/widget\" scrolling=\"auto\"><span data-mce-type=\"bookmark\" style=\"display: inline-block; width: 0px; overflow: hidden; line-height: 0;\" class=\"mce_SELRES_start\">\ufeff<\/span><\/iframe><\/p>\n<\/div>\n<\/div><\/div><\/div><div id=\"pgc-3462-1-2\"  class=\"panel-grid-cell panel-grid-cell-empty\" ><\/div><\/div><div id=\"pg-3462-2\"  class=\"panel-grid panel-no-style\" ><div id=\"pgc-3462-2-0\"  class=\"panel-grid-cell\" ><div id=\"panel-3462-2-0-0\" class=\"so-panel widget widget_text panel-first-child panel-last-child\" data-index=\"2\" >\t\t\t<div class=\"textwidget\"><style>.entry-title {display:none;}<\/style> <\/div>\n\t\t<\/div><\/div><\/div><\/div>","protected":false},"excerpt":{"rendered":"<p>Adh\u00e9sion et inscription <\/p>\n<p style=\"text-align: justify;\">L&#8217;inscription vous permet de participer aux <a href=\"https:\/\/toutcourtfestival.fr\/index.php\/ateliers_cinema\/\">Ateliers Cin\u00e9ma<\/a> et aux activit\u00e9s qui leur sont associ\u00e9 durant tout l&#8217;exercice courant (janvier \u00e0 d\u00e9cembre).<\/p>\n<p style=\"text-align: justify;\">Elle est gratuite &#8211; hors adh\u00e9sion obligatoire 10 euros. Les activit\u00e9s sont g\u00e9n\u00e9ralement gratuites. Pour certaines toutefois, une participation pourra \u00eatre demand\u00e9e.<\/p>\n<p style=\"text-align: &hellip; <\/p>\n<p><a class=\"more-link btn\" href=\"https:\/\/toutcourtfestival.fr\/index.php\/inscriptions-et-adhesions\/\">Continue reading<\/a><\/p>\n","protected":false},"author":1,"featured_media":0,"parent":0,"menu_order":0,"comment_status":"closed","ping_status":"closed","template":"","meta":{"ngg_post_thumbnail":0,"jetpack_post_was_ever_published":false,"footnotes":""},"class_list":["post-3462","page","type-page","status-publish","hentry","nodate","item-wrap"],"jetpack_sharing_enabled":true,"jetpack_shortlink":"https:\/\/wp.me\/P8k6iw-TQ","jetpack_likes_enabled":true,"_links":{"self":[{"href":"https:\/\/toutcourtfestival.fr\/index.php\/wp-json\/wp\/v2\/pages\/3462","targetHints":{"allow":["GET"]}}],"collection":[{"href":"https:\/\/toutcourtfestival.fr\/index.php\/wp-json\/wp\/v2\/pages"}],"about":[{"href":"https:\/\/toutcourtfestival.fr\/index.php\/wp-json\/wp\/v2\/types\/page"}],"author":[{"embeddable":true,"href":"https:\/\/toutcourtfestival.fr\/index.php\/wp-json\/wp\/v2\/users\/1"}],"replies":[{"embeddable":true,"href":"https:\/\/toutcourtfestival.fr\/index.php\/wp-json\/wp\/v2\/comments?post=3462"}],"version-history":[{"count":24,"href":"https:\/\/toutcourtfestival.fr\/index.php\/wp-json\/wp\/v2\/pages\/3462\/revisions"}],"predecessor-version":[{"id":10277,"href":"https:\/\/toutcourtfestival.fr\/index.php\/wp-json\/wp\/v2\/pages\/3462\/revisions\/10277"}],"wp:attachment":[{"href":"https:\/\/toutcourtfestival.fr\/index.php\/wp-json\/wp\/v2\/media?parent=3462"}],"curies":[{"name":"wp","href":"https:\/\/api.w.org\/{rel}","templated":true}]}}