{"id":383,"date":"2017-01-12T16:11:22","date_gmt":"2017-01-12T15:11:22","guid":{"rendered":"http:\/\/toutcourtfestival.fr\/?page_id=383"},"modified":"2023-02-27T17:40:10","modified_gmt":"2023-02-27T16:40:10","slug":"direction-artistique","status":"publish","type":"page","link":"https:\/\/toutcourtfestival.fr\/index.php\/direction-artistique\/","title":{"rendered":"Implication des jeunes dans le festival"},"content":{"rendered":"<div id=\"pl-383\"  class=\"panel-layout\" ><div id=\"pg-383-0\"  class=\"panel-grid panel-no-style\" ><div id=\"pgc-383-0-0\"  class=\"panel-grid-cell\" ><div id=\"panel-383-0-0-0\" class=\"so-panel widget widget_sow-headline panel-first-child panel-last-child\" data-index=\"0\" ><div\n\t\t\t\n\t\t\tclass=\"so-widget-sow-headline so-widget-sow-headline-default-9d8fb914372a-383\"\n\t\t\t\n\t\t><div class=\"sow-headline-container \">\n\t\t\t\t\t\t\t<h1 class=\"sow-headline\">\n\t\t\t\t\t\tImplication des jeunes dans le festival\t\t\t\t\t\t<\/h1>\n\t\t\t\t\t\t\t\t\t\t\t<div class=\"decoration\">\n\t\t\t\t\t\t<div class=\"decoration-inside\"><\/div>\n\t\t\t\t\t<\/div>\n\t\t\t\t\t<\/div>\n<\/div><\/div><\/div><\/div><div id=\"pg-383-1\"  class=\"panel-grid panel-no-style\" ><div id=\"pgc-383-1-0\"  class=\"panel-grid-cell panel-grid-cell-empty\" ><\/div><div id=\"pgc-383-1-1\"  class=\"panel-grid-cell panel-grid-cell-mobile-last\" ><div id=\"panel-383-1-1-0\" class=\"so-panel widget widget_sow-editor panel-first-child panel-last-child\" data-index=\"1\" ><div class=\"panel-widget-style panel-widget-style-for-383-1-1-0\" ><div\n\t\t\t\n\t\t\tclass=\"so-widget-sow-editor so-widget-sow-editor-base\"\n\t\t\t\n\t\t>\n<div class=\"siteorigin-widget-tinymce textwidget\">\n\t<p style=\"text-align: justify;\">Encadr\u00e9s par des association (Tout Court ! Oise et Eure) et institutions (Bureau Info-Jeunesse de Gisors, Lyc\u00e9e Louise-Michel) les jeunes prennent en charge plusieurs aspects de la direction et de l'organisation du festival.<\/p>\n<p style=\"text-align: justify;\">Si vous avez entre 12 et 25 ans et que vous souhaitez participer \u00e0 l'aventure, <a href=\"http:\/\/toutcourtfestival.fr\/index.php\/inscriptions-et-adhesions\/\" target=\"_blank\" rel=\"noopener\">vous pouvez vous inscrire en cliquant ici!<\/a><\/p>\n<table>\n<tbody>\n<tr>\n<td>\n<h2 style=\"text-align: center;\">Direction Artistique<\/h2>\n<p>Cadrage artistique, choix des th\u00e8mes et sujets du concours, identit\u00e9 visuelle, lancement de l'appel \u00e0 films.<\/p>\n<ul>\n<li>R\u00e9unions de travail en atelier, \u00e9tal\u00e9es sur 3 mois.<\/li>\n<li>J-9 \u00e0 J-6 mois avant le festival.<\/li>\n<\/ul>\n<\/td>\n<td>\n<h2 style=\"text-align: center;\">Comit\u00e9s de s\u00e9lection<\/h2>\n<p>Visionnage des films inscrits et choix de ceux qui participeront au festival dans les divers s\u00e9lections, en comp\u00e9tition et hors comp\u00e9tition.<\/p>\n<ul>\n<li>Visionnage en ligne ou en atelier + r\u00e9unions ponctuelles, \u00e9tal\u00e9es sur 5 mois.<\/li>\n<li>J-7 \u00e0 J-2 mois avant le festival<\/li>\n<\/ul>\n<\/td>\n<\/tr>\n<tr>\n<td>\n<h2 style=\"text-align: center;\">Jury Lyc\u00e9en<\/h2>\n<p>Visionnage des films en comp\u00e9tition, d\u00e9lib\u00e9ration, d\u00e9cernement et remise d'un ou plusieurs prix.<\/p>\n<ul>\n<li>Quelques r\u00e9unions de pr\u00e9paration et sensibilisation, visionnage des films pendant le festival, d\u00e9lib\u00e9ration et remise des prix en fin de festival.<\/li>\n<\/ul>\n<\/td>\n<td>\n<h2 style=\"text-align: center;\">B\u00e9n\u00e9volat<\/h2>\n<p>Les jeunes participent avec les b\u00e9n\u00e9voles adultes \u00e0 l'organisation, la logistique et la tenue du festival.<\/p>\n<ul>\n<li>Quelques r\u00e9unions pr\u00e9paratoires, aide \u00e0 l'installation, tenue de la billetterie et de la buvette, orientation du public des invit\u00e9s, aide \u00e0 la s\u00e9curit\u00e9, aide au rangement.<\/li>\n<\/ul>\n<\/td>\n<\/tr>\n<\/tbody>\n<\/table>\n\n\t\t<style type=\"text\/css\">\n\t\t\t#gallery-1 {\n\t\t\t\tmargin: auto;\n\t\t\t}\n\t\t\t#gallery-1 .gallery-item {\n\t\t\t\tfloat: left;\n\t\t\t\tmargin-top: 10px;\n\t\t\t\ttext-align: center;\n\t\t\t\twidth: 50%;\n\t\t\t}\n\t\t\t#gallery-1 img {\n\t\t\t\tborder: 2px solid #cfcfcf;\n\t\t\t}\n\t\t\t#gallery-1 .gallery-caption {\n\t\t\t\tmargin-left: 0;\n\t\t\t}\n\t\t\t\/* see gallery_shortcode() in wp-includes\/media.php *\/\n\t\t<\/style>\n\t\t<div id='gallery-1' class='gallery galleryid-383 gallery-columns-2 gallery-size-large'><dl class='gallery-item'>\n\t\t\t<dt class='gallery-icon landscape'>\n\t\t\t\t<a href=\"https:\/\/i0.wp.com\/toutcourtfestival.fr\/wp-content\/uploads\/2017\/01\/jeunes-au-festival.jpg?ssl=1\"><img loading=\"lazy\" decoding=\"async\" width=\"1024\" height=\"516\" src=\"https:\/\/i0.wp.com\/toutcourtfestival.fr\/wp-content\/uploads\/2017\/01\/jeunes-au-festival.jpg?fit=1024%2C516&amp;ssl=1\" class=\"attachment-large size-large\" alt=\"\" aria-describedby=\"gallery-1-3361\" srcset=\"https:\/\/i0.wp.com\/toutcourtfestival.fr\/wp-content\/uploads\/2017\/01\/jeunes-au-festival.jpg?w=1682&amp;ssl=1 1682w, https:\/\/i0.wp.com\/toutcourtfestival.fr\/wp-content\/uploads\/2017\/01\/jeunes-au-festival.jpg?resize=300%2C151&amp;ssl=1 300w, https:\/\/i0.wp.com\/toutcourtfestival.fr\/wp-content\/uploads\/2017\/01\/jeunes-au-festival.jpg?resize=768%2C387&amp;ssl=1 768w, https:\/\/i0.wp.com\/toutcourtfestival.fr\/wp-content\/uploads\/2017\/01\/jeunes-au-festival.jpg?resize=1024%2C516&amp;ssl=1 1024w\" sizes=\"auto, (max-width: 1024px) 100vw, 1024px\" \/><\/a>\n\t\t\t<\/dt>\n\t\t\t\t<dd class='wp-caption-text gallery-caption' id='gallery-1-3361'>\n\t\t\t\tUn comit\u00e9 de s\u00e9lection avec des acteurs de films qu&#8217;ils ont s\u00e9lectionn\u00e9.\n\t\t\t\t<\/dd><\/dl><dl class='gallery-item'>\n\t\t\t<dt class='gallery-icon landscape'>\n\t\t\t\t<a href=\"https:\/\/i0.wp.com\/toutcourtfestival.fr\/wp-content\/uploads\/2023\/02\/selections.jpg?ssl=1\"><img loading=\"lazy\" decoding=\"async\" width=\"1024\" height=\"576\" src=\"https:\/\/i0.wp.com\/toutcourtfestival.fr\/wp-content\/uploads\/2023\/02\/selections.jpg?fit=1024%2C576&amp;ssl=1\" class=\"attachment-large size-large\" alt=\"\" aria-describedby=\"gallery-1-8905\" srcset=\"https:\/\/i0.wp.com\/toutcourtfestival.fr\/wp-content\/uploads\/2023\/02\/selections.jpg?w=2016&amp;ssl=1 2016w, https:\/\/i0.wp.com\/toutcourtfestival.fr\/wp-content\/uploads\/2023\/02\/selections.jpg?resize=300%2C169&amp;ssl=1 300w, https:\/\/i0.wp.com\/toutcourtfestival.fr\/wp-content\/uploads\/2023\/02\/selections.jpg?resize=1024%2C576&amp;ssl=1 1024w, https:\/\/i0.wp.com\/toutcourtfestival.fr\/wp-content\/uploads\/2023\/02\/selections.jpg?resize=768%2C432&amp;ssl=1 768w, https:\/\/i0.wp.com\/toutcourtfestival.fr\/wp-content\/uploads\/2023\/02\/selections.jpg?resize=1536%2C864&amp;ssl=1 1536w, https:\/\/i0.wp.com\/toutcourtfestival.fr\/wp-content\/uploads\/2023\/02\/selections.jpg?resize=1140%2C641&amp;ssl=1 1140w\" sizes=\"auto, (max-width: 1024px) 100vw, 1024px\" \/><\/a>\n\t\t\t<\/dt>\n\t\t\t\t<dd class='wp-caption-text gallery-caption' id='gallery-1-8905'>\n\t\t\t\tProgrammation et s\u00e9lections\n\t\t\t\t<\/dd><\/dl><br style=\"clear: both\" \/><dl class='gallery-item'>\n\t\t\t<dt class='gallery-icon landscape'>\n\t\t\t\t<a href=\"https:\/\/i0.wp.com\/toutcourtfestival.fr\/wp-content\/uploads\/2023\/02\/83341415_1259985357545831_8523549606083035136_n.jpg?ssl=1\"><img loading=\"lazy\" decoding=\"async\" width=\"1024\" height=\"576\" src=\"https:\/\/i0.wp.com\/toutcourtfestival.fr\/wp-content\/uploads\/2023\/02\/83341415_1259985357545831_8523549606083035136_n.jpg?fit=1024%2C576&amp;ssl=1\" class=\"attachment-large size-large\" alt=\"\" aria-describedby=\"gallery-1-8906\" srcset=\"https:\/\/i0.wp.com\/toutcourtfestival.fr\/wp-content\/uploads\/2023\/02\/83341415_1259985357545831_8523549606083035136_n.jpg?w=2016&amp;ssl=1 2016w, https:\/\/i0.wp.com\/toutcourtfestival.fr\/wp-content\/uploads\/2023\/02\/83341415_1259985357545831_8523549606083035136_n.jpg?resize=300%2C169&amp;ssl=1 300w, https:\/\/i0.wp.com\/toutcourtfestival.fr\/wp-content\/uploads\/2023\/02\/83341415_1259985357545831_8523549606083035136_n.jpg?resize=1024%2C576&amp;ssl=1 1024w, https:\/\/i0.wp.com\/toutcourtfestival.fr\/wp-content\/uploads\/2023\/02\/83341415_1259985357545831_8523549606083035136_n.jpg?resize=768%2C432&amp;ssl=1 768w, https:\/\/i0.wp.com\/toutcourtfestival.fr\/wp-content\/uploads\/2023\/02\/83341415_1259985357545831_8523549606083035136_n.jpg?resize=1536%2C864&amp;ssl=1 1536w, https:\/\/i0.wp.com\/toutcourtfestival.fr\/wp-content\/uploads\/2023\/02\/83341415_1259985357545831_8523549606083035136_n.jpg?resize=1140%2C641&amp;ssl=1 1140w\" sizes=\"auto, (max-width: 1024px) 100vw, 1024px\" \/><\/a>\n\t\t\t<\/dt>\n\t\t\t\t<dd class='wp-caption-text gallery-caption' id='gallery-1-8906'>\n\t\t\t\tVisionnages\n\t\t\t\t<\/dd><\/dl><dl class='gallery-item'>\n\t\t\t<dt class='gallery-icon landscape'>\n\t\t\t\t<a href=\"https:\/\/i0.wp.com\/toutcourtfestival.fr\/wp-content\/uploads\/2017\/01\/CDA-00106.png?ssl=1\"><img loading=\"lazy\" decoding=\"async\" width=\"1024\" height=\"581\" src=\"https:\/\/i0.wp.com\/toutcourtfestival.fr\/wp-content\/uploads\/2017\/01\/CDA-00106.png?fit=1024%2C581&amp;ssl=1\" class=\"attachment-large size-large\" alt=\"\" aria-describedby=\"gallery-1-729\" srcset=\"https:\/\/i0.wp.com\/toutcourtfestival.fr\/wp-content\/uploads\/2017\/01\/CDA-00106.png?w=1920&amp;ssl=1 1920w, https:\/\/i0.wp.com\/toutcourtfestival.fr\/wp-content\/uploads\/2017\/01\/CDA-00106.png?resize=300%2C170&amp;ssl=1 300w, https:\/\/i0.wp.com\/toutcourtfestival.fr\/wp-content\/uploads\/2017\/01\/CDA-00106.png?resize=768%2C436&amp;ssl=1 768w, https:\/\/i0.wp.com\/toutcourtfestival.fr\/wp-content\/uploads\/2017\/01\/CDA-00106.png?resize=1024%2C581&amp;ssl=1 1024w\" sizes=\"auto, (max-width: 1024px) 100vw, 1024px\" \/><\/a>\n\t\t\t<\/dt>\n\t\t\t\t<dd class='wp-caption-text gallery-caption' id='gallery-1-729'>\n\t\t\t\tTravail sur l&#8217;identit\u00e9 visuelle du festival\n\t\t\t\t<\/dd><\/dl><br style=\"clear: both\" \/><dl class='gallery-item'>\n\t\t\t<dt class='gallery-icon landscape'>\n\t\t\t\t<a href=\"https:\/\/i0.wp.com\/toutcourtfestival.fr\/wp-content\/uploads\/2023\/02\/81865303_1253444648199902_7606296723694026752_n.jpg?ssl=1\"><img loading=\"lazy\" decoding=\"async\" width=\"1024\" height=\"576\" src=\"https:\/\/i0.wp.com\/toutcourtfestival.fr\/wp-content\/uploads\/2023\/02\/81865303_1253444648199902_7606296723694026752_n.jpg?fit=1024%2C576&amp;ssl=1\" class=\"attachment-large size-large\" alt=\"\" aria-describedby=\"gallery-1-8907\" srcset=\"https:\/\/i0.wp.com\/toutcourtfestival.fr\/wp-content\/uploads\/2023\/02\/81865303_1253444648199902_7606296723694026752_n.jpg?w=2016&amp;ssl=1 2016w, https:\/\/i0.wp.com\/toutcourtfestival.fr\/wp-content\/uploads\/2023\/02\/81865303_1253444648199902_7606296723694026752_n.jpg?resize=300%2C169&amp;ssl=1 300w, https:\/\/i0.wp.com\/toutcourtfestival.fr\/wp-content\/uploads\/2023\/02\/81865303_1253444648199902_7606296723694026752_n.jpg?resize=1024%2C576&amp;ssl=1 1024w, https:\/\/i0.wp.com\/toutcourtfestival.fr\/wp-content\/uploads\/2023\/02\/81865303_1253444648199902_7606296723694026752_n.jpg?resize=768%2C432&amp;ssl=1 768w, https:\/\/i0.wp.com\/toutcourtfestival.fr\/wp-content\/uploads\/2023\/02\/81865303_1253444648199902_7606296723694026752_n.jpg?resize=1536%2C864&amp;ssl=1 1536w, https:\/\/i0.wp.com\/toutcourtfestival.fr\/wp-content\/uploads\/2023\/02\/81865303_1253444648199902_7606296723694026752_n.jpg?resize=1140%2C641&amp;ssl=1 1140w\" sizes=\"auto, (max-width: 1024px) 100vw, 1024px\" \/><\/a>\n\t\t\t<\/dt>\n\t\t\t\t<dd class='wp-caption-text gallery-caption' id='gallery-1-8907'>\n\t\t\t\tVisionnages et s\u00e9lections\n\t\t\t\t<\/dd><\/dl><dl class='gallery-item'>\n\t\t\t<dt class='gallery-icon landscape'>\n\t\t\t\t<a href=\"https:\/\/i0.wp.com\/toutcourtfestival.fr\/wp-content\/uploads\/2017\/07\/19787241_670692986475074_7409876740876366721_o.jpg?ssl=1\"><img loading=\"lazy\" decoding=\"async\" width=\"1024\" height=\"581\" src=\"https:\/\/i0.wp.com\/toutcourtfestival.fr\/wp-content\/uploads\/2017\/07\/19787241_670692986475074_7409876740876366721_o.jpg?fit=1024%2C581&amp;ssl=1\" class=\"attachment-large size-large\" alt=\"\" aria-describedby=\"gallery-1-3001\" srcset=\"https:\/\/i0.wp.com\/toutcourtfestival.fr\/wp-content\/uploads\/2017\/07\/19787241_670692986475074_7409876740876366721_o.jpg?w=1920&amp;ssl=1 1920w, https:\/\/i0.wp.com\/toutcourtfestival.fr\/wp-content\/uploads\/2017\/07\/19787241_670692986475074_7409876740876366721_o.jpg?resize=300%2C170&amp;ssl=1 300w, https:\/\/i0.wp.com\/toutcourtfestival.fr\/wp-content\/uploads\/2017\/07\/19787241_670692986475074_7409876740876366721_o.jpg?resize=768%2C436&amp;ssl=1 768w, https:\/\/i0.wp.com\/toutcourtfestival.fr\/wp-content\/uploads\/2017\/07\/19787241_670692986475074_7409876740876366721_o.jpg?resize=1024%2C581&amp;ssl=1 1024w\" sizes=\"auto, (max-width: 1024px) 100vw, 1024px\" \/><\/a>\n\t\t\t<\/dt>\n\t\t\t\t<dd class='wp-caption-text gallery-caption' id='gallery-1-3001'>\n\t\t\t\tBilletterie du festival\n\t\t\t\t<\/dd><\/dl><br style=\"clear: both\" \/>\n\t\t<\/div>\n\n<p style=\"text-align: justify;\">&nbsp;<\/p>\n<\/div>\n<\/div><\/div><\/div><\/div><div id=\"pgc-383-1-2\"  class=\"panel-grid-cell panel-grid-cell-empty\" ><\/div><\/div><div id=\"pg-383-2\"  class=\"panel-grid panel-no-style\" ><div id=\"pgc-383-2-0\"  class=\"panel-grid-cell\" ><div id=\"panel-383-2-0-0\" class=\"so-panel widget widget_text panel-first-child panel-last-child\" data-index=\"2\" >\t\t\t<div class=\"textwidget\"><style>.entry-title {display:none;}<\/style> <\/div>\n\t\t<\/div><\/div><\/div><\/div>","protected":false},"excerpt":{"rendered":"<p>Implication des jeunes dans le festival <\/p>\n<p style=\"text-align: justify;\">Encadr\u00e9s par des association (Tout Court ! Oise et Eure) et institutions (Bureau Info-Jeunesse de Gisors, Lyc\u00e9e Louise-Michel) les jeunes prennent en charge plusieurs aspects de la direction et de l&#8217;organisation du festival.<\/p>\n<p style=\"text-align: justify;\">Si vous avez entre 12 et 25 ans et que vous souhaitez &hellip; <\/p>\n<p><a class=\"more-link btn\" href=\"https:\/\/toutcourtfestival.fr\/index.php\/direction-artistique\/\">Continue reading<\/a><\/p>\n","protected":false},"author":1,"featured_media":412,"parent":0,"menu_order":20,"comment_status":"closed","ping_status":"closed","template":"template-onecolumn.php","meta":{"ngg_post_thumbnail":0,"jetpack_post_was_ever_published":false,"footnotes":""},"class_list":["post-383","page","type-page","status-publish","has-post-thumbnail","hentry","nodate","item-wrap"],"jetpack_sharing_enabled":true,"jetpack_shortlink":"https:\/\/wp.me\/P8k6iw-6b","jetpack_likes_enabled":true,"_links":{"self":[{"href":"https:\/\/toutcourtfestival.fr\/index.php\/wp-json\/wp\/v2\/pages\/383","targetHints":{"allow":["GET"]}}],"collection":[{"href":"https:\/\/toutcourtfestival.fr\/index.php\/wp-json\/wp\/v2\/pages"}],"about":[{"href":"https:\/\/toutcourtfestival.fr\/index.php\/wp-json\/wp\/v2\/types\/page"}],"author":[{"embeddable":true,"href":"https:\/\/toutcourtfestival.fr\/index.php\/wp-json\/wp\/v2\/users\/1"}],"replies":[{"embeddable":true,"href":"https:\/\/toutcourtfestival.fr\/index.php\/wp-json\/wp\/v2\/comments?post=383"}],"version-history":[{"count":2,"href":"https:\/\/toutcourtfestival.fr\/index.php\/wp-json\/wp\/v2\/pages\/383\/revisions"}],"predecessor-version":[{"id":8909,"href":"https:\/\/toutcourtfestival.fr\/index.php\/wp-json\/wp\/v2\/pages\/383\/revisions\/8909"}],"wp:featuredmedia":[{"embeddable":true,"href":"https:\/\/toutcourtfestival.fr\/index.php\/wp-json\/wp\/v2\/media\/412"}],"wp:attachment":[{"href":"https:\/\/toutcourtfestival.fr\/index.php\/wp-json\/wp\/v2\/media?parent=383"}],"curies":[{"name":"wp","href":"https:\/\/api.w.org\/{rel}","templated":true}]}}