{"id":4202,"date":"2017-12-04T21:37:33","date_gmt":"2017-12-04T20:37:33","guid":{"rendered":"http:\/\/toutcourtfestival.fr\/?page_id=4202"},"modified":"2018-04-08T19:39:51","modified_gmt":"2018-04-08T17:39:51","slug":"inscription-section-amateur-2018","status":"publish","type":"page","link":"https:\/\/toutcourtfestival.fr\/index.php\/appel-a-films-2018\/inscription-section-amateur-2018\/","title":{"rendered":"Inscription section amateur 2018"},"content":{"rendered":"<div id=\"pl-4202\"  class=\"panel-layout\" ><div id=\"pg-4202-0\"  class=\"panel-grid panel-has-style\" ><div class=\"panel-row-style panel-row-style-for-4202-0\" ><div id=\"pgc-4202-0-0\"  class=\"panel-grid-cell\" ><div id=\"panel-4202-0-0-0\" class=\"so-panel widget widget_sow-headline panel-first-child panel-last-child\" data-index=\"0\" ><div\n\t\t\t\n\t\t\tclass=\"so-widget-sow-headline so-widget-sow-headline-default-6090f20097d1-4202\"\n\t\t\t\n\t\t><div class=\"sow-headline-container \">\n\t\t\t\t\t\t\t<h1 class=\"sow-headline\">\n\t\t\t\t\t\tAppel \u00e0 film 2018 : section amateur\t\t\t\t\t\t<\/h1>\n\t\t\t\t\t\t\t\t\t\t\t<div class=\"decoration\">\n\t\t\t\t\t\t<div class=\"decoration-inside\"><\/div>\n\t\t\t\t\t<\/div>\n\t\t\t\t\t<\/div>\n<\/div><\/div><\/div><\/div><\/div><div id=\"pg-4202-1\"  class=\"panel-grid panel-no-style\" ><div id=\"pgc-4202-1-0\"  class=\"panel-grid-cell\" ><div id=\"panel-4202-1-0-0\" class=\"so-panel widget widget_sow-editor panel-first-child panel-last-child\" data-index=\"1\" ><div class=\"panel-widget-style panel-widget-style-for-4202-1-0-0\" ><div\n\t\t\t\n\t\t\tclass=\"so-widget-sow-editor so-widget-sow-editor-base\"\n\t\t\t\n\t\t>\n<div class=\"siteorigin-widget-tinymce textwidget\">\n\t<p style=\"text-align: justify;\">L'inscription \u00e0 la Section Amateur peut se faire soit \u00e0 travers la plate-forme <a href=\"http:\/\/www.filmfestplatform.com\" target=\"_blank\" rel=\"noopener\">filmfestplatform.com<\/a>, soit en utilisant le formulaire ci-dessous.<\/p>\n<p style=\"text-align: justify;\">Crit\u00e8res des films :<\/p>\n<ul style=\"text-align: justify;\">\n<li>Fiction<\/li>\n<li>Dur\u00e9e maximale 15 minutes (g\u00e9n\u00e9rique non compris)<\/li>\n<li>Tout public<\/li>\n<li>Sous-titres fran\u00e7ais pour les films non francophones.<\/li>\n<li>Production dans un contexte amateur. Notamment, le film ne doit pas avoir \u00e9t\u00e9 produit par une entreprise de production commerciale, un organisme de production professionnel (GREC, etc\u2026) ou un organisme de formation professionnelle aux m\u00e9tiers du cin\u00e9ma (\u00e9cole, etc\u2026).<\/li>\n<\/ul>\n<p style=\"text-align: justify;\">Les films d\u2019animation sont accept\u00e9s tout comme les prises de vues r\u00e9elles, aucun genre n\u2019est impos\u00e9.<\/p>\n<p style=\"text-align: justify;\">Cette section ne fera pas l'objet de comp\u00e9tition.<\/p>\n<p style=\"text-align: justify;\">Un film d\u00e9j\u00e0 inscrit l'an pass\u00e9 peut retenter sa chance s'il n'a pas \u00e9t\u00e9 s\u00e9lectionn\u00e9.\u00a0<\/p>\n<h2 style=\"text-align: justify;\">Modalit\u00e9s d'inscription<\/h2>\n<ol style=\"text-align: justify;\">\n<li>Lire le r\u00e8glement <a href=\"http:\/\/toutcourtfestival.fr\/wp-content\/uploads\/2017\/12\/Tout-court-R%C3%A8glement-appel-%C3%A0-films-%C3%A9dition-n%C2%B02.pdf\" target=\"_blank\" rel=\"noopener\">(cliquez ici pour l'afficher)<\/a>. Votre inscription vaut acceptation du r\u00e8glement.<\/li>\n<li>Remplissez le formulaire en ligne ci-dessous.<\/li>\n<li>Dans le formulaire vous pouvez indiquer un lien de visionnage de votre vid\u00e9o. Alternativement, vous pouvez nous envoyer un lien par email ou un fichier par syst\u00e8me de transfert.<\/li>\n<li>Nos \u00e9quipe vont v\u00e9rifier votre inscription et vous envoyer un email de validation sous quelques jours. Le cas \u00e9ch\u00e9ant, des questions vous seront pos\u00e9es pour compl\u00e9ter votre inscription.<\/li>\n<li>Apr\u00e8s la phase des s\u00e9lection, si votre film est retenu nous vous contacterons pour vous demander un fichier vid\u00e9o pour les projections (fichier HD, encodage H264, format AVI ou MP4).\u00a0<\/li>\n<\/ol>\n<p>&nbsp;<\/p>\n<p style=\"text-align: center;\"><span style=\"font-size: 18pt;\"><strong><span style=\"color: #ff0000;\">Date limite d\u00e9pass\u00e9e pour l'\u00e9dition 2018, merci \u00e0 tous les participants !<\/span><\/strong><\/span><\/p>\n<\/div>\n<\/div><\/div><\/div><\/div><\/div><div id=\"pg-4202-2\"  class=\"panel-grid panel-no-style\" ><div id=\"pgc-4202-2-0\"  class=\"panel-grid-cell\" ><div id=\"panel-4202-2-0-0\" class=\"so-panel widget widget_text panel-first-child panel-last-child\" data-index=\"2\" >\t\t\t<div class=\"textwidget\"><style>.entry-title {display:none;}<\/style> <\/div>\n\t\t<\/div><\/div><\/div><\/div>","protected":false},"excerpt":{"rendered":"<p>Appel \u00e0 film 2018 : section amateur <\/p>\n<p style=\"text-align: justify;\">L&#8217;inscription \u00e0 la Section Amateur peut se faire soit \u00e0 travers la plate-forme <a href=\"http:\/\/www.filmfestplatform.com\" target=\"_blank\" rel=\"noopener\">filmfestplatform.com<\/a>, soit en utilisant le formulaire ci-dessous.<\/p>\n<p style=\"text-align: justify;\">Crit\u00e8res des films :<\/p>\n<ul style=\"text-align: justify;\">\n<li>Fiction<\/li>\n<li>Dur\u00e9e maximale 15 minutes (g\u00e9n\u00e9rique non compris)<\/li>\n<li>Tout public<\/li>\n<li>Sous-titres fran\u00e7ais pour les &hellip;\n<p><a class=\"more-link btn\" href=\"https:\/\/toutcourtfestival.fr\/index.php\/appel-a-films-2018\/inscription-section-amateur-2018\/\">Continue reading<\/a><\/p>\n<\/li>\n<\/ul>\n","protected":false},"author":1,"featured_media":0,"parent":4138,"menu_order":0,"comment_status":"closed","ping_status":"closed","template":"","meta":{"ngg_post_thumbnail":0,"jetpack_post_was_ever_published":false,"footnotes":""},"class_list":["post-4202","page","type-page","status-publish","hentry","nodate","item-wrap"],"jetpack_sharing_enabled":true,"jetpack_shortlink":"https:\/\/wp.me\/P8k6iw-15M","jetpack_likes_enabled":true,"_links":{"self":[{"href":"https:\/\/toutcourtfestival.fr\/index.php\/wp-json\/wp\/v2\/pages\/4202","targetHints":{"allow":["GET"]}}],"collection":[{"href":"https:\/\/toutcourtfestival.fr\/index.php\/wp-json\/wp\/v2\/pages"}],"about":[{"href":"https:\/\/toutcourtfestival.fr\/index.php\/wp-json\/wp\/v2\/types\/page"}],"author":[{"embeddable":true,"href":"https:\/\/toutcourtfestival.fr\/index.php\/wp-json\/wp\/v2\/users\/1"}],"replies":[{"embeddable":true,"href":"https:\/\/toutcourtfestival.fr\/index.php\/wp-json\/wp\/v2\/comments?post=4202"}],"version-history":[{"count":0,"href":"https:\/\/toutcourtfestival.fr\/index.php\/wp-json\/wp\/v2\/pages\/4202\/revisions"}],"up":[{"embeddable":true,"href":"https:\/\/toutcourtfestival.fr\/index.php\/wp-json\/wp\/v2\/pages\/4138"}],"wp:attachment":[{"href":"https:\/\/toutcourtfestival.fr\/index.php\/wp-json\/wp\/v2\/media?parent=4202"}],"curies":[{"name":"wp","href":"https:\/\/api.w.org\/{rel}","templated":true}]}}