{"id":548,"date":"2017-01-19T10:45:46","date_gmt":"2017-01-19T09:45:46","guid":{"rendered":"http:\/\/toutcourtfestival.fr\/?page_id=548"},"modified":"2017-10-13T19:24:30","modified_gmt":"2017-10-13T17:24:30","slug":"projet-cine-jeunes","status":"publish","type":"page","link":"https:\/\/toutcourtfestival.fr\/index.php\/projet-cine-jeunes\/","title":{"rendered":"Tout Court ! : le projet associatif"},"content":{"rendered":"<div id=\"pl-548\"  class=\"panel-layout\" ><div id=\"pg-548-0\"  class=\"panel-grid panel-no-style\" ><div id=\"pgc-548-0-0\"  class=\"panel-grid-cell\" ><div id=\"panel-548-0-0-0\" class=\"so-panel widget widget_sow-headline panel-first-child panel-last-child\" data-index=\"0\" ><div\n\t\t\t\n\t\t\tclass=\"so-widget-sow-headline so-widget-sow-headline-default-9d8fb914372a-548\"\n\t\t\t\n\t\t><div class=\"sow-headline-container \">\n\t\t\t\t\t\t\t<h1 class=\"sow-headline\">\n\t\t\t\t\t\tTout Court ! : le projet associatif\t\t\t\t\t\t<\/h1>\n\t\t\t\t\t\t\t\t\t\t\t<div class=\"decoration\">\n\t\t\t\t\t\t<div class=\"decoration-inside\"><\/div>\n\t\t\t\t\t<\/div>\n\t\t\t\t\t<\/div>\n<\/div><\/div><\/div><\/div><div id=\"pg-548-1\"  class=\"panel-grid panel-no-style\" ><div id=\"pgc-548-1-0\"  class=\"panel-grid-cell panel-grid-cell-empty\" ><\/div><div id=\"pgc-548-1-1\"  class=\"panel-grid-cell panel-grid-cell-mobile-last\" ><div id=\"panel-548-1-1-0\" class=\"so-panel widget widget_sow-editor panel-first-child panel-last-child\" data-index=\"1\" ><div\n\t\t\t\n\t\t\tclass=\"so-widget-sow-editor so-widget-sow-editor-base\"\n\t\t\t\n\t\t>\n<div class=\"siteorigin-widget-tinymce textwidget\">\n\t<p>Le projet <strong>Festival Tout Court !<\/strong>, anciennement nomm\u00e9 \"Festival Cin\u00e9-Jeunes\", \u00a0est n\u00e9 fin 2015. Initialement d\u00e9velopp\u00e9\u00a0dans le petit village de Montagny-en-Vexin, il a gagn\u00e9 en ampleur et a d\u00e9plac\u00e9 son centre n\u00e9vralgique dans la commune de Gisors, toute proche bien que dans une autre r\u00e9gion. Il est port\u00e9 par deux structure associatives: <strong>Tout Court ! Eure<\/strong> et <strong>Tout Court ! Oise<\/strong> \u00a0(anciennement nomm\u00e9es \"Cin\u00e9-Jeunes Gisors\" et \"Premier Clap\") Les statuts communs aux deux associations peuvent \u00eatre consult\u00e9s <a href=\"http:\/\/toutcourtfestival.fr\/wp-content\/uploads\/2017\/09\/Statuts-communs-Tout-Court-Oise-et-Eure.pdf\" target=\"_blank\" rel=\"noopener\">en cliquant ici<\/a>.\u00a0<\/p>\n<\/div>\n<\/div><\/div><\/div><div id=\"pgc-548-1-2\"  class=\"panel-grid-cell panel-grid-cell-empty\" ><\/div><\/div><div id=\"pg-548-2\"  class=\"panel-grid panel-no-style\" ><div id=\"pgc-548-2-0\"  class=\"panel-grid-cell panel-grid-cell-empty\" ><\/div><div id=\"pgc-548-2-1\"  class=\"panel-grid-cell\" ><div id=\"panel-548-2-1-0\" class=\"so-panel widget widget_sow-editor panel-first-child panel-last-child\" data-index=\"2\" ><div class=\"panel-widget-style panel-widget-style-for-548-2-1-0\" ><div\n\t\t\t\n\t\t\tclass=\"so-widget-sow-editor so-widget-sow-editor-base\"\n\t\t\t\n\t\t>\n<div class=\"siteorigin-widget-tinymce textwidget\">\n\t<h1 style=\"text-align: justify;\">\u00a0Enjeux du projet \"Festival Tout Court !\"<\/h1>\n<p style=\"text-align: justify;\">Le projet Festival Tout Court ! s'inscrit dans des enjeux importants de notre \u00e9poque:<\/p>\n<ul style=\"text-align: justify;\">\n<li><strong>Education \u00e0 l'Image.<\/strong> Aujourd'hui l'image est omnipr\u00e9sente, notamment aupr\u00e8s des jeunes. Elle est porteuse de cr\u00e9ativit\u00e9 et d'information, mais elle peut \u00e9galement s'av\u00e9rer dangereuse: propagande, \"post-v\u00e9rit\u00e9\", droit \u00e0 l'image, atteinte \u00e0 la vie priv\u00e9e... Il importe aujourd'hui de donner aux jeunes un bagage culturel et technique leur permettant de prendre du recul et de r\u00e9fl\u00e9chir aux images.<\/li>\n<li><strong>Implication des jeunes, citoyennet\u00e9. <\/strong>Offrir aux jeunes de prendre des responsabilit\u00e9s sur un projet culturel d'envergure impliquant de nombreux partenaires et une rencontre avec le public, c'est participer \u00e0 leur sensibilisation de citoyen en devenir.<\/li>\n<li><strong>D\u00e9veloppement de l'offre culturelle en milieu rural.<\/strong> Gisors est une ville situ\u00e9e en milieu rural, entour\u00e9e par des champs, des bois et des villages - notamment le Vexin fran\u00e7ais. Les habitants des milieux ruraux, et particuli\u00e8rement les jeunes, ont moins d'opportunit\u00e9 pour acc\u00e9der \u00e0 la culture.<\/li>\n<\/ul>\n<h1 style=\"text-align: justify;\">Public vis\u00e9 par le projet<\/h1>\n<p style=\"text-align: justify;\">L\u2019\u00e9v\u00e9nement Festival vise le tout public ainsi que\u00a0les professionnels du cin\u00e9ma.<\/p>\n<p style=\"text-align: justify;\">Le projet, dans son ensemble, vise particuli\u00e8rement les jeunes de 12 \u00e0 25 ans mais sans exhaustivit\u00e9.<\/p>\n<h1 style=\"text-align: justify;\">Valeurs du projet \"Festival Tout Court !\"<\/h1>\n<ul style=\"text-align: justify;\">\n<li>Cr\u00e9er \u00e0 Gisors un <strong>p\u00f4le culturel et artistique autour du cin\u00e9ma<\/strong>, rayonnant sur trois r\u00e9gions\/d\u00e9partements.<\/li>\n<li>Offrir aux jeunes de Gisors et alentours un <strong>acc\u00e8s privil\u00e9gi\u00e9 au cin\u00e9ma<\/strong> en tant que:\n<ul>\n<li>Spectateurs<\/li>\n<li>Programmateurs<\/li>\n<li>Cr\u00e9ateurs<\/li>\n<\/ul>\n<\/li>\n<li><strong>Eduquer et responsabiliser<\/strong> les jeunes face \u00e0 l\u2019image sur un projet d\u2019envergure.<\/li>\n<li><strong>Favoriser la cr\u00e9ativit\u00e9<\/strong> des jeunes sur des cr\u00e9ations originales.<\/li>\n<li><strong>Cr\u00e9er des liens entre<\/strong> diff\u00e9rents acteurs culturels et artistiques autour d\u2019un \u00e9v\u00e9nement annuel.<\/li>\n<li>Porter le cin\u00e9ma vers le <strong>milieu rural,<\/strong> o\u00f9 son acc\u00e8s par la population \u2013 et surtout la jeunesse - est difficile.<\/li>\n<\/ul>\n<h1 style=\"text-align: justify;\">Objectifs\u00a0du projet \"Festival Tout Court !\"<\/h1>\n<ul style=\"text-align: justify;\">\n<li><strong>Cr\u00e9er un festival de cin\u00e9ma annuel dirig\u00e9 par des ados et jeunes adultes<\/strong>\n<ul>\n<li>Des jeunes encadr\u00e9s par des adultes en assurent la direction artistique (atelier DAF)<\/li>\n<li>Centr\u00e9 sur Gisors.<\/li>\n<li>Comp\u00e9tition nationale, voire internationale (appel public \u00e0 films)<\/li>\n<\/ul>\n<\/li>\n<li><strong>Porter le court m\u00e9trage en milieu rural<\/strong>\n<ul>\n<li>Les programmes du festival sont port\u00e9s en milieu rural sur les trois r\u00e9gions<\/li>\n<li>Partenariat avec les cin\u00e9mas itin\u00e9rants (Cin\u00e9-rural 60, etc\u2026)<\/li>\n<\/ul>\n<\/li>\n<li><strong>Favoriser la cr\u00e9ation cin\u00e9ma et audiovisuelle par les jeunes<\/strong>\n<ul>\n<li>Produire ou co-produire (en partenariat avec des structures de production) des projets port\u00e9s par des jeunes.<\/li>\n<li>Faire intervenir des jeunes dans des projets de cr\u00e9ation (stages...)<\/li>\n<li>Organiser des ateliers, rencontres, sorties en festival, etc...<\/li>\n<\/ul>\n<\/li>\n<li><strong>Inciter et aider les structures sociales et jeunesses \u00e0 la cr\u00e9ation audio-visuelle.<\/strong>\n<ul>\n<li>Les \u0153uvres d\u2019ateliers sont montr\u00e9es et valoris\u00e9es au festival (programmations sp\u00e9ciales).<\/li>\n<li>Incitation et support aux structures pour le montage d\u2019ateliers en vue du festival.<\/li>\n<li>Partenariats avec les structures d\u2019Education \u00e0 l\u2019Image (P\u00f4le Image Normandie, ACAP, etc\u2026).<\/li>\n<li>Extension \u00e9ventuelle aux milieux scolaires (TAP)<\/li>\n<\/ul>\n<\/li>\n<li><strong>Inscrire le projet au carrefour de trois r\u00e9gions<\/strong>\n<ul>\n<li>Projet centr\u00e9 sur Gisors (Normandie, Eure).<\/li>\n<li>Mais il profite de sa situation unique au carrefour de trois r\u00e9gions\/d\u00e9partements (Hauts-de-Franc avec l\u2019Oise et Ile-de-France avec le Val d\u2019Oise).<\/li>\n<li>Rayonnement sur les trois r\u00e9gions pour la diffusion (itin\u00e9rance) et la cr\u00e9ation (structures sociales et jeunesses locales)<\/li>\n<\/ul>\n<\/li>\n<\/ul>\n<h1 style=\"text-align: justify;\">\u00a0<\/h1>\n<\/div>\n<\/div><\/div><\/div><\/div><div id=\"pgc-548-2-2\"  class=\"panel-grid-cell panel-grid-cell-mobile-last\" ><div id=\"panel-548-2-2-0\" class=\"so-panel widget widget_sow-editor panel-first-child panel-last-child\" data-index=\"3\" ><div class=\"panel-widget-style panel-widget-style-for-548-2-2-0\" ><div\n\t\t\t\n\t\t\tclass=\"so-widget-sow-editor so-widget-sow-editor-base\"\n\t\t\t\n\t\t>\n<div class=\"siteorigin-widget-tinymce textwidget\">\n\t<h1 style=\"text-align: justify;\">Pr\u00e9c\u00e9dents<\/h1>\n<h1 style=\"text-align: justify;\"><a href=\"https:\/\/i0.wp.com\/toutcourtfestival.fr\/wp-content\/uploads\/2017\/01\/Pr%C3%A9c%C3%A9dents.jpg\"><img data-recalc-dims=\"1\" loading=\"lazy\" decoding=\"async\" class=\"wp-image-566 size-medium aligncenter\" src=\"https:\/\/i0.wp.com\/toutcourtfestival.fr\/wp-content\/uploads\/2017\/01\/Pr%C3%A9c%C3%A9dents-300x225.jpg?resize=300%2C225\" width=\"300\" height=\"225\" srcset=\"https:\/\/i0.wp.com\/toutcourtfestival.fr\/wp-content\/uploads\/2017\/01\/Pr%C3%A9c%C3%A9dents.jpg?resize=300%2C225&amp;ssl=1 300w, https:\/\/i0.wp.com\/toutcourtfestival.fr\/wp-content\/uploads\/2017\/01\/Pr%C3%A9c%C3%A9dents.jpg?resize=768%2C576&amp;ssl=1 768w, https:\/\/i0.wp.com\/toutcourtfestival.fr\/wp-content\/uploads\/2017\/01\/Pr%C3%A9c%C3%A9dents.jpg?w=960&amp;ssl=1 960w\" sizes=\"auto, (max-width: 300px) 100vw, 300px\" \/><\/a>D\u00e9coupage et calendrier du\u00a0projet<\/h1>\n\n\t\t<style type=\"text\/css\">\n\t\t\t#gallery-1 {\n\t\t\t\tmargin: auto;\n\t\t\t}\n\t\t\t#gallery-1 .gallery-item {\n\t\t\t\tfloat: left;\n\t\t\t\tmargin-top: 10px;\n\t\t\t\ttext-align: center;\n\t\t\t\twidth: 50%;\n\t\t\t}\n\t\t\t#gallery-1 img {\n\t\t\t\tborder: 2px solid #cfcfcf;\n\t\t\t}\n\t\t\t#gallery-1 .gallery-caption {\n\t\t\t\tmargin-left: 0;\n\t\t\t}\n\t\t\t\/* see gallery_shortcode() in wp-includes\/media.php *\/\n\t\t<\/style>\n\t\t<div id='gallery-1' class='gallery galleryid-548 gallery-columns-2 gallery-size-large'><dl class='gallery-item'>\n\t\t\t<dt class='gallery-icon landscape'>\n\t\t\t\t<a href=\"https:\/\/i0.wp.com\/toutcourtfestival.fr\/wp-content\/uploads\/2017\/01\/160601-Projet-festival-cine-jeunes-Presentation-v9.jpg?ssl=1\"><img loading=\"lazy\" decoding=\"async\" width=\"960\" height=\"720\" src=\"https:\/\/i0.wp.com\/toutcourtfestival.fr\/wp-content\/uploads\/2017\/01\/160601-Projet-festival-cine-jeunes-Presentation-v9.jpg?fit=960%2C720&amp;ssl=1\" class=\"attachment-large size-large\" alt=\"\" srcset=\"https:\/\/i0.wp.com\/toutcourtfestival.fr\/wp-content\/uploads\/2017\/01\/160601-Projet-festival-cine-jeunes-Presentation-v9.jpg?w=960&amp;ssl=1 960w, https:\/\/i0.wp.com\/toutcourtfestival.fr\/wp-content\/uploads\/2017\/01\/160601-Projet-festival-cine-jeunes-Presentation-v9.jpg?resize=300%2C225&amp;ssl=1 300w, https:\/\/i0.wp.com\/toutcourtfestival.fr\/wp-content\/uploads\/2017\/01\/160601-Projet-festival-cine-jeunes-Presentation-v9.jpg?resize=768%2C576&amp;ssl=1 768w\" sizes=\"auto, (max-width: 960px) 100vw, 960px\" \/><\/a>\n\t\t\t<\/dt><\/dl><dl class='gallery-item'>\n\t\t\t<dt class='gallery-icon landscape'>\n\t\t\t\t<a href=\"https:\/\/i0.wp.com\/toutcourtfestival.fr\/wp-content\/uploads\/2017\/01\/D%C3%A9coupage-projet-2.jpg?ssl=1\"><img loading=\"lazy\" decoding=\"async\" width=\"960\" height=\"720\" src=\"https:\/\/i0.wp.com\/toutcourtfestival.fr\/wp-content\/uploads\/2017\/01\/D%C3%A9coupage-projet-2.jpg?fit=960%2C720&amp;ssl=1\" class=\"attachment-large size-large\" alt=\"\" \/><\/a>\n\t\t\t<\/dt><\/dl><br style=\"clear: both\" \/><dl class='gallery-item'>\n\t\t\t<dt class='gallery-icon landscape'>\n\t\t\t\t<a href=\"https:\/\/i0.wp.com\/toutcourtfestival.fr\/wp-content\/uploads\/2017\/01\/160601-Projet-festival-cine-jeunes-Presentation-v91.jpg?ssl=1\"><img loading=\"lazy\" decoding=\"async\" width=\"960\" height=\"720\" src=\"https:\/\/i0.wp.com\/toutcourtfestival.fr\/wp-content\/uploads\/2017\/01\/160601-Projet-festival-cine-jeunes-Presentation-v91.jpg?fit=960%2C720&amp;ssl=1\" class=\"attachment-large size-large\" alt=\"\" srcset=\"https:\/\/i0.wp.com\/toutcourtfestival.fr\/wp-content\/uploads\/2017\/01\/160601-Projet-festival-cine-jeunes-Presentation-v91.jpg?w=960&amp;ssl=1 960w, https:\/\/i0.wp.com\/toutcourtfestival.fr\/wp-content\/uploads\/2017\/01\/160601-Projet-festival-cine-jeunes-Presentation-v91.jpg?resize=300%2C225&amp;ssl=1 300w, https:\/\/i0.wp.com\/toutcourtfestival.fr\/wp-content\/uploads\/2017\/01\/160601-Projet-festival-cine-jeunes-Presentation-v91.jpg?resize=768%2C576&amp;ssl=1 768w\" sizes=\"auto, (max-width: 960px) 100vw, 960px\" \/><\/a>\n\t\t\t<\/dt><\/dl><dl class='gallery-item'>\n\t\t\t<dt class='gallery-icon landscape'>\n\t\t\t\t<a href=\"https:\/\/i0.wp.com\/toutcourtfestival.fr\/wp-content\/uploads\/2017\/01\/Calendrier-2.jpg?ssl=1\"><img loading=\"lazy\" decoding=\"async\" width=\"1024\" height=\"313\" src=\"https:\/\/i0.wp.com\/toutcourtfestival.fr\/wp-content\/uploads\/2017\/01\/Calendrier-2.jpg?fit=1024%2C313&amp;ssl=1\" class=\"attachment-large size-large\" alt=\"\" aria-describedby=\"gallery-1-3353\" srcset=\"https:\/\/i0.wp.com\/toutcourtfestival.fr\/wp-content\/uploads\/2017\/01\/Calendrier-2.jpg?w=1639&amp;ssl=1 1639w, https:\/\/i0.wp.com\/toutcourtfestival.fr\/wp-content\/uploads\/2017\/01\/Calendrier-2.jpg?resize=300%2C92&amp;ssl=1 300w, https:\/\/i0.wp.com\/toutcourtfestival.fr\/wp-content\/uploads\/2017\/01\/Calendrier-2.jpg?resize=768%2C235&amp;ssl=1 768w, https:\/\/i0.wp.com\/toutcourtfestival.fr\/wp-content\/uploads\/2017\/01\/Calendrier-2.jpg?resize=1024%2C313&amp;ssl=1 1024w\" sizes=\"auto, (max-width: 1024px) 100vw, 1024px\" \/><\/a>\n\t\t\t<\/dt>\n\t\t\t\t<dd class='wp-caption-text gallery-caption' id='gallery-1-3353'>\n\t\t\t\tCalendrier du festival\n\t\t\t\t<\/dd><\/dl><br style=\"clear: both\" \/>\n\t\t<\/div>\n\n<h1 style=\"text-align: justify;\">Cartographie des partenariats<\/h1>\n<p><a href=\"https:\/\/i0.wp.com\/toutcourtfestival.fr\/wp-content\/uploads\/2017\/10\/Projet-Festival-Cin%C3%A9-Jeunes-Cartographie-des-partenariats.jpg\" target=\"_blank\" rel=\"noopener\"><img data-recalc-dims=\"1\" loading=\"lazy\" decoding=\"async\" class=\"alignnone wp-image-3955 size-medium\" src=\"https:\/\/i0.wp.com\/toutcourtfestival.fr\/wp-content\/uploads\/2017\/10\/Projet-Festival-Cin%C3%A9-Jeunes-Cartographie-des-partenariats-300x250.jpg?resize=300%2C250\" alt=\"\" width=\"300\" height=\"250\" srcset=\"https:\/\/i0.wp.com\/toutcourtfestival.fr\/wp-content\/uploads\/2017\/10\/Projet-Festival-Cin%C3%A9-Jeunes-Cartographie-des-partenariats.jpg?resize=300%2C250&amp;ssl=1 300w, https:\/\/i0.wp.com\/toutcourtfestival.fr\/wp-content\/uploads\/2017\/10\/Projet-Festival-Cin%C3%A9-Jeunes-Cartographie-des-partenariats.jpg?resize=768%2C641&amp;ssl=1 768w, https:\/\/i0.wp.com\/toutcourtfestival.fr\/wp-content\/uploads\/2017\/10\/Projet-Festival-Cin%C3%A9-Jeunes-Cartographie-des-partenariats.jpg?resize=1024%2C854&amp;ssl=1 1024w, https:\/\/i0.wp.com\/toutcourtfestival.fr\/wp-content\/uploads\/2017\/10\/Projet-Festival-Cin%C3%A9-Jeunes-Cartographie-des-partenariats.jpg?w=1437&amp;ssl=1 1437w\" sizes=\"auto, (max-width: 300px) 100vw, 300px\" \/><\/a><\/p>\n<p style=\"text-align: justify;\"><a href=\"http:\/\/toutcourtfestival.fr\/index.php\/category\/partenaires\/\">Cliquez ici <\/a>pour voir plus de d\u00e9tails sur chaque partenaire du projet.<\/p>\n<\/div>\n<\/div><\/div><\/div><\/div><div id=\"pgc-548-2-3\"  class=\"panel-grid-cell panel-grid-cell-empty\" ><\/div><\/div><div id=\"pg-548-3\"  class=\"panel-grid panel-no-style\" ><div id=\"pgc-548-3-0\"  class=\"panel-grid-cell\" ><div id=\"panel-548-3-0-0\" class=\"so-panel widget widget_text panel-first-child panel-last-child\" data-index=\"4\" >\t\t\t<div class=\"textwidget\"><style>.entry-title {display:none;}<\/style> <\/div>\n\t\t<\/div><\/div><\/div><\/div>","protected":false},"excerpt":{"rendered":"<p>Tout Court ! : le projet associatif <\/p>\n<p>Le projet <strong>Festival Tout Court !<\/strong>, anciennement nomm\u00e9 &#8220;Festival Cin\u00e9-Jeunes&#8221;, \u00a0est n\u00e9 fin 2015. Initialement d\u00e9velopp\u00e9\u00a0dans le petit village de Montagny-en-Vexin, il a gagn\u00e9 en ampleur et a d\u00e9plac\u00e9 son centre n\u00e9vralgique dans la commune de Gisors, toute proche bien que dans une autre r\u00e9gion. Il est port\u00e9 &hellip; <\/p>\n<p><a class=\"more-link btn\" href=\"https:\/\/toutcourtfestival.fr\/index.php\/projet-cine-jeunes\/\">Continue reading<\/a><\/p>\n","protected":false},"author":1,"featured_media":559,"parent":0,"menu_order":30,"comment_status":"closed","ping_status":"closed","template":"template-onecolumn.php","meta":{"ngg_post_thumbnail":0,"jetpack_post_was_ever_published":false,"footnotes":""},"class_list":["post-548","page","type-page","status-publish","has-post-thumbnail","hentry","nodate","item-wrap"],"jetpack_sharing_enabled":true,"jetpack_shortlink":"https:\/\/wp.me\/P8k6iw-8Q","jetpack_likes_enabled":true,"_links":{"self":[{"href":"https:\/\/toutcourtfestival.fr\/index.php\/wp-json\/wp\/v2\/pages\/548","targetHints":{"allow":["GET"]}}],"collection":[{"href":"https:\/\/toutcourtfestival.fr\/index.php\/wp-json\/wp\/v2\/pages"}],"about":[{"href":"https:\/\/toutcourtfestival.fr\/index.php\/wp-json\/wp\/v2\/types\/page"}],"author":[{"embeddable":true,"href":"https:\/\/toutcourtfestival.fr\/index.php\/wp-json\/wp\/v2\/users\/1"}],"replies":[{"embeddable":true,"href":"https:\/\/toutcourtfestival.fr\/index.php\/wp-json\/wp\/v2\/comments?post=548"}],"version-history":[{"count":0,"href":"https:\/\/toutcourtfestival.fr\/index.php\/wp-json\/wp\/v2\/pages\/548\/revisions"}],"wp:featuredmedia":[{"embeddable":true,"href":"https:\/\/toutcourtfestival.fr\/index.php\/wp-json\/wp\/v2\/media\/559"}],"wp:attachment":[{"href":"https:\/\/toutcourtfestival.fr\/index.php\/wp-json\/wp\/v2\/media?parent=548"}],"curies":[{"name":"wp","href":"https:\/\/api.w.org\/{rel}","templated":true}]}}