{"id":576,"date":"2017-01-19T12:47:19","date_gmt":"2017-01-19T11:47:19","guid":{"rendered":"http:\/\/toutcourtfestival.fr\/?page_id=576"},"modified":"2025-06-14T12:07:07","modified_gmt":"2025-06-14T10:07:07","slug":"nous-aider","status":"publish","type":"page","link":"https:\/\/toutcourtfestival.fr\/index.php\/nous-aider\/","title":{"rendered":"Appel \u00e0 B\u00e9n\u00e9voles et Sponsors"},"content":{"rendered":"<div id=\"pl-576\"  class=\"panel-layout\" ><div id=\"pg-576-0\"  class=\"panel-grid panel-no-style\" ><div id=\"pgc-576-0-0\"  class=\"panel-grid-cell\" ><div id=\"panel-576-0-0-0\" class=\"so-panel widget widget_sow-headline panel-first-child panel-last-child\" data-index=\"0\" ><div\n\t\t\t\n\t\t\tclass=\"so-widget-sow-headline so-widget-sow-headline-default-9d8fb914372a-576\"\n\t\t\t\n\t\t><div class=\"sow-headline-container \">\n\t\t\t\t\t\t\t<h1 class=\"sow-headline\">\n\t\t\t\t\t\tNous aider ou participer\t\t\t\t\t\t<\/h1>\n\t\t\t\t\t\t\t\t\t\t\t<div class=\"decoration\">\n\t\t\t\t\t\t<div class=\"decoration-inside\"><\/div>\n\t\t\t\t\t<\/div>\n\t\t\t\t\t<\/div>\n<\/div><\/div><\/div><\/div><div id=\"pg-576-1\"  class=\"panel-grid panel-has-style\" ><div class=\"panel-row-style panel-row-style-for-576-1\" ><div id=\"pgc-576-1-0\"  class=\"panel-grid-cell panel-grid-cell-empty\" ><\/div><div id=\"pgc-576-1-1\"  class=\"panel-grid-cell\" ><div id=\"panel-576-1-1-0\" class=\"so-panel widget widget_sow-editor panel-first-child panel-last-child\" data-index=\"1\" ><div class=\"panel-widget-style panel-widget-style-for-576-1-1-0\" ><div\n\t\t\t\n\t\t\tclass=\"so-widget-sow-editor so-widget-sow-editor-base\"\n\t\t\t\n\t\t>\n<div class=\"siteorigin-widget-tinymce textwidget\">\n\t<p><img data-recalc-dims=\"1\" loading=\"lazy\" decoding=\"async\" class=\"alignnone size-medium wp-image-9700\" src=\"https:\/\/i0.wp.com\/toutcourtfestival.fr\/wp-content\/uploads\/2025\/02\/Logo-temporaire-Tout-Court-avec-marges.png?resize=300%2C300&#038;ssl=1\" alt=\"\" width=\"300\" height=\"300\" srcset=\"https:\/\/i0.wp.com\/toutcourtfestival.fr\/wp-content\/uploads\/2025\/02\/Logo-temporaire-Tout-Court-avec-marges.png?resize=300%2C300&amp;ssl=1 300w, https:\/\/i0.wp.com\/toutcourtfestival.fr\/wp-content\/uploads\/2025\/02\/Logo-temporaire-Tout-Court-avec-marges.png?resize=150%2C150&amp;ssl=1 150w, https:\/\/i0.wp.com\/toutcourtfestival.fr\/wp-content\/uploads\/2025\/02\/Logo-temporaire-Tout-Court-avec-marges.png?resize=768%2C768&amp;ssl=1 768w, https:\/\/i0.wp.com\/toutcourtfestival.fr\/wp-content\/uploads\/2025\/02\/Logo-temporaire-Tout-Court-avec-marges.png?w=990&amp;ssl=1 990w\" sizes=\"auto, (max-width: 300px) 100vw, 300px\" \/><\/p>\n<\/div>\n<\/div><\/div><\/div><\/div><div id=\"pgc-576-1-2\"  class=\"panel-grid-cell panel-grid-cell-mobile-last\" ><div id=\"panel-576-1-2-0\" class=\"so-panel widget widget_sow-editor panel-first-child panel-last-child\" data-index=\"2\" ><div class=\"panel-widget-style panel-widget-style-for-576-1-2-0\" ><div\n\t\t\t\n\t\t\tclass=\"so-widget-sow-editor so-widget-sow-editor-base\"\n\t\t\t\n\t\t>\n<div class=\"siteorigin-widget-tinymce textwidget\">\n\t<h1><strong>Faites nous connaitre<\/strong><\/h1>\n<p>Un moyen simple de nous aider: parlez de nous! Partagez notre site, nos pages et nos articles sur vos r\u00e9seaux sociaux, etc... <strong>Nous avons besoin de nous faire conna\u00eetre.<\/strong><\/p>\n<ul>\n<li>Page Facebook:&nbsp;<a href=\"https:\/\/www.facebook.com\/toutcourtgisors\/\">https:\/\/www.facebook.com\/toutcourtgisors\/<\/a><\/li>\n<li>Cha\u00eene Youtube:<span style=\"color: #3366ff;\"><a href=\"https:\/\/www.youtube.com\/@ToutCourtAteliers\">&nbsp;https:\/\/www.youtube.com\/@ToutCourtAteliers<\/a><\/span><\/li>\n<li>Compte TikTok : <a href=\"https:\/\/www.tiktok.com\/@ToutCourtAteliers\">https:\/\/www.tiktok.com\/@ToutCourtAteliers<\/a><\/li>\n<li>Comptes Instagram : <a href=\"https:\/\/www.instagram.com\/toutcourtateliers\">https:\/\/www.instagram.com\/toutcourtateliers<\/a> et <a href=\"https:\/\/www.instagram.com\/toutcourtfestival\/\">https:\/\/www.instagram.com\/toutcourtfestival\/<\/a><\/li>\n<\/ul>\n<\/div>\n<\/div><\/div><\/div><\/div><div id=\"pgc-576-1-3\"  class=\"panel-grid-cell panel-grid-cell-empty\" ><\/div><\/div><\/div><div id=\"pg-576-2\"  class=\"panel-grid panel-no-style\" ><div id=\"pgc-576-2-0\"  class=\"panel-grid-cell panel-grid-cell-empty\" ><\/div><div id=\"pgc-576-2-1\"  class=\"panel-grid-cell panel-grid-cell-mobile-last\" ><div id=\"panel-576-2-1-0\" class=\"so-panel widget widget_sow-editor panel-first-child panel-last-child\" data-index=\"3\" ><div\n\t\t\t\n\t\t\tclass=\"so-widget-sow-editor so-widget-sow-editor-base\"\n\t\t\t\n\t\t>\n<div class=\"siteorigin-widget-tinymce textwidget\">\n\t<h2 style=\"text-align: justify;\"><strong>Devenez b\u00e9n\u00e9voles<\/strong><\/h2>\n<p style=\"text-align: justify;\">Le<strong> Tout Court !<\/strong> est un festival \u00e0 faibles ressources, organis\u00e9 par <strong>trois associations compos\u00e9es exclusivement de b\u00e9n\u00e9voles<\/strong>.<\/p>\n<p style=\"text-align: justify;\"><strong>Si vous \u00eates \u00e0 Gisors ou dans une commune proche, vous pouvez nous aider!<\/strong><\/p>\n<p style=\"text-align: justify;\">Avant et pendant le festival, nous avons besoin de quinze \u00e0 vingt b\u00e9n\u00e9voles qui se relaieront sur divers travaux comme faire de l'affichage, tenir la billetterie, tenir la buvette, nous aider \u00e0 installer la salle de projection, nous aider \u00e0 encadrer les jeunes, etc...<\/p>\n<p>En amont, des b\u00e9n\u00e9voles peuvent participer aux diff\u00e9rentes actions men\u00e9es par le Tout Court ! aupr\u00e8s des jeunes, des moins jeunes et des structures jeunesses et sociales du territoire, mais aussi aux aspects administratifs de la gestion associative.<\/p>\n<p style=\"text-align: justify;\">Si vous souhaitez nous aider&nbsp;vous pouvez vous manifester \u00e0 l'aide du formulaire suivant, ou bien en nous \u00e9crivant sur <strong>contact<\/strong>[arrobas)<strong>toutcourtfestival.fr<\/strong>.&nbsp;<\/p>\n<p style=\"text-align: justify;\">\n<div class=\"wpcf7 no-js\" id=\"wpcf7-f636-o1\" lang=\"fr-FR\" dir=\"ltr\" data-wpcf7-id=\"636\">\n<div class=\"screen-reader-response\"><p role=\"status\" aria-live=\"polite\" aria-atomic=\"true\"><\/p> <ul><\/ul><\/div>\n<form action=\"\/index.php\/wp-json\/wp\/v2\/pages\/576#wpcf7-f636-o1\" method=\"post\" class=\"wpcf7-form init\" aria-label=\"Formulaire de contact\" novalidate=\"novalidate\" data-status=\"init\">\n<fieldset class=\"hidden-fields-container\"><input type=\"hidden\" name=\"_wpcf7\" value=\"636\" \/><input type=\"hidden\" name=\"_wpcf7_version\" value=\"6.1.5\" \/><input type=\"hidden\" name=\"_wpcf7_locale\" value=\"fr_FR\" \/><input type=\"hidden\" name=\"_wpcf7_unit_tag\" value=\"wpcf7-f636-o1\" \/><input type=\"hidden\" name=\"_wpcf7_container_post\" value=\"0\" \/><input type=\"hidden\" name=\"_wpcf7_posted_data_hash\" value=\"\" \/>\n<\/fieldset>\n\n<p><label> Votre nom :<br \/>\n<span class=\"wpcf7-form-control-wrap\" data-name=\"your-name\"><input size=\"40\" maxlength=\"400\" class=\"wpcf7-form-control wpcf7-text wpcf7-validates-as-required\" aria-required=\"true\" aria-invalid=\"false\" value=\"\" type=\"text\" name=\"your-name\" \/><\/span> <\/label>\n<\/p>\n<p><label> Votre e-mail :<br \/>\n<span class=\"wpcf7-form-control-wrap\" data-name=\"your-email\"><input size=\"40\" maxlength=\"400\" class=\"wpcf7-form-control wpcf7-email wpcf7-validates-as-required wpcf7-text wpcf7-validates-as-email\" aria-required=\"true\" aria-invalid=\"false\" value=\"\" type=\"email\" name=\"your-email\" \/><\/span> <\/label>\n<\/p>\n<p>Les informations suivantes sont facultatives. Si vous les renseignez, elles nous aideront \u00e0 d\u00e9terminer sur quels travaux vous pourrez le mieux nous aider:\n<\/p>\n<p><label> Votre num\u00e9ro de t\u00e9l\u00e9phone :<br \/>\n<span class=\"wpcf7-form-control-wrap\" data-name=\"your-tel\"><input size=\"40\" maxlength=\"400\" class=\"wpcf7-form-control wpcf7-tel wpcf7-text wpcf7-validates-as-tel\" aria-invalid=\"false\" value=\"\" type=\"tel\" name=\"your-tel\" \/><\/span> <\/label>\n<\/p>\n<p><label> Votre commune de r\u00e9sidence ou adresse compl\u00e8te :<br \/>\n<span class=\"wpcf7-form-control-wrap\" data-name=\"your-adress\"><textarea cols=\"40\" rows=\"4\" maxlength=\"2000\" class=\"wpcf7-form-control wpcf7-textarea\" aria-invalid=\"false\" name=\"your-adress\"><\/textarea><\/span> <\/label>\n<\/p>\n<p><label> Votre age :<br \/>\n<span class=\"wpcf7-form-control-wrap\" data-name=\"your-age\"><input class=\"wpcf7-form-control wpcf7-number wpcf7-validates-as-number\" aria-invalid=\"false\" value=\"\" type=\"number\" name=\"your-age\" \/><\/span> <\/label>\n<\/p>\n<p><label> Pr\u00e9cisions (disponibilit\u00e9s, propositions d'aide sp\u00e9cifique, etc...) ou questions :<br \/>\n<span class=\"wpcf7-form-control-wrap\" data-name=\"your-message\"><textarea cols=\"60\" rows=\"4\" maxlength=\"2000\" class=\"wpcf7-form-control wpcf7-textarea\" aria-invalid=\"false\" name=\"your-message\"><\/textarea><\/span><br \/>\n<\/label><br \/>\n<input class=\"wpcf7-form-control wpcf7-submit has-spinner\" type=\"submit\" value=\"Envoyer\" \/>\n<\/p><p style=\"display: none !important;\" class=\"akismet-fields-container\" data-prefix=\"_wpcf7_ak_\"><label>&#916;<textarea name=\"_wpcf7_ak_hp_textarea\" cols=\"45\" rows=\"8\" maxlength=\"100\"><\/textarea><\/label><input type=\"hidden\" id=\"ak_js_1\" name=\"_wpcf7_ak_js\" value=\"55\"\/><script>document.getElementById( \"ak_js_1\" ).setAttribute( \"value\", ( new Date() ).getTime() );<\/script><\/p><div class=\"wpcf7-response-output\" aria-hidden=\"true\"><\/div>\n<\/form>\n<\/div>\n<\/p>\n<p style=\"text-align: justify;\">&nbsp;<\/p>\n<\/div>\n<\/div><\/div><\/div><div id=\"pgc-576-2-2\"  class=\"panel-grid-cell panel-grid-cell-empty\" ><\/div><\/div><div id=\"pg-576-3\"  class=\"panel-grid panel-no-style\" ><div id=\"pgc-576-3-0\"  class=\"panel-grid-cell panel-grid-cell-empty\" ><\/div><div id=\"pgc-576-3-1\"  class=\"panel-grid-cell panel-grid-cell-mobile-last\" ><div id=\"panel-576-3-1-0\" class=\"so-panel widget widget_sow-editor panel-first-child panel-last-child\" data-index=\"4\" ><div\n\t\t\t\n\t\t\tclass=\"so-widget-sow-editor so-widget-sow-editor-base\"\n\t\t\t\n\t\t>\n<div class=\"siteorigin-widget-tinymce textwidget\">\n\t<h2><strong>Devenez Sponsors ou M\u00e9c\u00e8nes<\/strong><\/h2>\n<p style=\"text-align: justify;\">Si vous \u00eates un commer\u00e7ant \u00e0 Gisors ou alentour, une entreprise, une association\u2026 ou m\u00eame, tout simplement, un philanthrope! Alors vous pouvez devenir partenaire, sponsor ou m\u00e9c\u00e8ne de notre projet et du Tout Court! <strong>En contrepartie vous serez abondamment cit\u00e9 dans nos communications<\/strong>, nos m\u00e9dias, notre programme, etc\u2026<\/p>\n<p style=\"text-align: justify;\"><strong>Nous cherchons des contributions financi\u00e8res ou&nbsp;en nature<\/strong>: services, r\u00e9ductions diverses, dotations\/lots \u00e0 d\u00e9cerner aux prim\u00e9s du festival, restauration du public du festival, etc etc etc\u2026<\/p>\n<p style=\"text-align: justify;\">Si vous \u00eates int\u00e9ress\u00e9 manifestez-vous \u00e0 travers le formulaire suivant, ou bien en nous \u00e9crivant sur <strong>contact<\/strong>[arrobas)<strong>toutcourtfestival.fr<\/strong>.&nbsp;<\/p>\n\n<div class=\"wpcf7 no-js\" id=\"wpcf7-f641-o2\" lang=\"fr-FR\" dir=\"ltr\" data-wpcf7-id=\"641\">\n<div class=\"screen-reader-response\"><p role=\"status\" aria-live=\"polite\" aria-atomic=\"true\"><\/p> <ul><\/ul><\/div>\n<form action=\"\/index.php\/wp-json\/wp\/v2\/pages\/576#wpcf7-f641-o2\" method=\"post\" class=\"wpcf7-form init\" aria-label=\"Formulaire de contact\" novalidate=\"novalidate\" data-status=\"init\">\n<fieldset class=\"hidden-fields-container\"><input type=\"hidden\" name=\"_wpcf7\" value=\"641\" \/><input type=\"hidden\" name=\"_wpcf7_version\" value=\"6.1.5\" \/><input type=\"hidden\" name=\"_wpcf7_locale\" value=\"fr_FR\" \/><input type=\"hidden\" name=\"_wpcf7_unit_tag\" value=\"wpcf7-f641-o2\" \/><input type=\"hidden\" name=\"_wpcf7_container_post\" value=\"0\" \/><input type=\"hidden\" name=\"_wpcf7_posted_data_hash\" value=\"\" \/>\n<\/fieldset>\n<p><label> Votre nom (obligatoire) :<br \/>\n<span class=\"wpcf7-form-control-wrap\" data-name=\"your-name\"><input size=\"40\" maxlength=\"400\" class=\"wpcf7-form-control wpcf7-text wpcf7-validates-as-required\" aria-required=\"true\" aria-invalid=\"false\" value=\"\" type=\"text\" name=\"your-name\" \/><\/span> <\/label>\n<\/p>\n<p><label> Votre e-mail (obligatoire) :<br \/>\n<span class=\"wpcf7-form-control-wrap\" data-name=\"your-email\"><input size=\"40\" maxlength=\"400\" class=\"wpcf7-form-control wpcf7-email wpcf7-validates-as-required wpcf7-text wpcf7-validates-as-email\" aria-required=\"true\" aria-invalid=\"false\" value=\"\" type=\"email\" name=\"your-email\" \/><\/span> <\/label>\n<\/p>\n<p><label> Nom de votre entreprise\/organisme\/association :<br \/>\n<span class=\"wpcf7-form-control-wrap\" data-name=\"your-entName\"><input size=\"40\" maxlength=\"400\" class=\"wpcf7-form-control wpcf7-text\" aria-invalid=\"false\" value=\"\" type=\"text\" name=\"your-entName\" \/><\/span> <\/label>\n<\/p>\n<p><label> Adresse de votre organisme :<br \/>\n<span class=\"wpcf7-form-control-wrap\" data-name=\"your-adress\"><textarea cols=\"40\" rows=\"4\" maxlength=\"2000\" class=\"wpcf7-form-control wpcf7-textarea\" aria-invalid=\"false\" name=\"your-adress\"><\/textarea><\/span> <\/label>\n<\/p>\n<p><label> Num\u00e9ro de t\u00e9l\u00e9phone :<br \/>\n<span class=\"wpcf7-form-control-wrap\" data-name=\"your-tel\"><input size=\"40\" maxlength=\"400\" class=\"wpcf7-form-control wpcf7-tel wpcf7-text wpcf7-validates-as-tel\" aria-invalid=\"false\" value=\"\" type=\"tel\" name=\"your-tel\" \/><\/span> <\/label>\n<\/p>\n<p><label> Pr\u00e9cisions ou questions :<br \/>\n<span class=\"wpcf7-form-control-wrap\" data-name=\"your-message\"><textarea cols=\"60\" rows=\"4\" maxlength=\"2000\" class=\"wpcf7-form-control wpcf7-textarea\" aria-invalid=\"false\" name=\"your-message\"><\/textarea><\/span> <\/label><br \/>\n<input class=\"wpcf7-form-control wpcf7-submit has-spinner\" type=\"submit\" value=\"Envoyer\" \/>\n<\/p><p style=\"display: none !important;\" class=\"akismet-fields-container\" data-prefix=\"_wpcf7_ak_\"><label>&#916;<textarea name=\"_wpcf7_ak_hp_textarea\" cols=\"45\" rows=\"8\" maxlength=\"100\"><\/textarea><\/label><input type=\"hidden\" id=\"ak_js_2\" name=\"_wpcf7_ak_js\" value=\"83\"\/><script>document.getElementById( \"ak_js_2\" ).setAttribute( \"value\", ( new Date() ).getTime() );<\/script><\/p><div class=\"wpcf7-response-output\" aria-hidden=\"true\"><\/div>\n<\/form>\n<\/div>\n\n<\/div>\n<\/div><\/div><\/div><div id=\"pgc-576-3-2\"  class=\"panel-grid-cell panel-grid-cell-empty\" ><\/div><\/div><div id=\"pg-576-4\"  class=\"panel-grid panel-no-style\" ><div id=\"pgc-576-4-0\"  class=\"panel-grid-cell panel-grid-cell-empty\" ><\/div><div id=\"pgc-576-4-1\"  class=\"panel-grid-cell panel-grid-cell-mobile-last\" ><div id=\"panel-576-4-1-0\" class=\"so-panel widget widget_sow-editor panel-first-child panel-last-child\" data-index=\"5\" ><div\n\t\t\t\n\t\t\tclass=\"so-widget-sow-editor so-widget-sow-editor-base\"\n\t\t\t\n\t\t>\n<div class=\"siteorigin-widget-tinymce textwidget\">\n\t<h1 style=\"text-align: justify;\">Nous faire un don<\/h1>\n<p style=\"text-align: justify;\">On a toujours besoin de moyens pour am\u00e9liorer notre fonctionnement et mener \u00e0 bien nos projets. M\u00eame de petites sommes symboliques nous aident beaucoup. Un immense merci \u00e0 vous!<\/p>\n<p><a href=\"https:\/\/www.helloasso.com\/associations\/tout-court-eure\/adhesions\/adhesion-tout-court-oise-eure-et-val-d-oise-2025\">Cliquez ici<\/a> . A la fin du processus vous pourrez t\u00e9l\u00e9charger votre re\u00e7u pour d\u00e9duction fiscale. N'h\u00e9sitez pas \u00e0 <a href=\"http:\/\/toutcourtfestival.fr\/index.php\/contacts-et-pratique\/\">nous contacter<\/a> si besoin.<\/p>\n<p style=\"text-align: justify;\">Vous serez tenu au courant des activit\u00e9s et des comptes du Tout Court ! \u00e0 travers une newsletter adress\u00e9e aux partenaires. Les comptes d\u00e9taill\u00e9s sont accessibles en ligne d\u00e8s la fin de chaque exercice&nbsp;&nbsp;<a href=\"http:\/\/toutcourtfestival.fr\/index.php\/medias\/\">depuis ce lien<\/a>, section \"<em>T\u00e9l\u00e9chargements<\/em>\".<\/p>\n<p style=\"text-align: justify;\">Si vous souhaitez qu'on ajoute votre logo \u00e0 nos communications: <a href=\"http:\/\/toutcourtfestival.fr\/index.php\/contacts-et-pratique\/\">contactez-nous<\/a> ou voyez ci-dessous la section \"<em>Devenez sponsors ou m\u00e9c\u00e8nes<\/em>\".<\/p>\n<p style=\"text-align: justify;\">&nbsp;<\/p>\n<\/div>\n<\/div><\/div><\/div><div id=\"pgc-576-4-2\"  class=\"panel-grid-cell panel-grid-cell-empty\" ><\/div><\/div><div id=\"pg-576-5\"  class=\"panel-grid panel-no-style\" ><div id=\"pgc-576-5-0\"  class=\"panel-grid-cell panel-grid-cell-empty\" ><\/div><div id=\"pgc-576-5-1\"  class=\"panel-grid-cell panel-grid-cell-mobile-last\" ><div id=\"panel-576-5-1-0\" class=\"so-panel widget widget_sow-editor panel-first-child panel-last-child\" data-index=\"6\" ><div\n\t\t\t\n\t\t\tclass=\"so-widget-sow-editor so-widget-sow-editor-base\"\n\t\t\t\n\t\t>\n<div class=\"siteorigin-widget-tinymce textwidget\">\n\t<h1 style=\"text-align: center;\"><strong>Par avance, MERCI ! \ud83d\ude42<\/strong><\/h1>\n<\/div>\n<\/div><\/div><\/div><div id=\"pgc-576-5-2\"  class=\"panel-grid-cell panel-grid-cell-empty\" ><\/div><\/div><div id=\"pg-576-6\"  class=\"panel-grid panel-no-style\" ><div id=\"pgc-576-6-0\"  class=\"panel-grid-cell\" ><div id=\"panel-576-6-0-0\" class=\"so-panel widget widget_text panel-first-child panel-last-child\" data-index=\"7\" >\t\t\t<div class=\"textwidget\"><style>.entry-title {display:none;}<\/style> <\/div>\n\t\t<\/div><\/div><\/div><\/div>","protected":false},"excerpt":{"rendered":"<p>Nous aider ou participer <\/p>\n<p> <strong>Faites nous connaitre<\/strong> <\/p>\n<p>Un moyen simple de nous aider: parlez de nous! Partagez notre site, nos pages et nos articles sur vos r\u00e9seaux sociaux, etc&#8230; <strong>Nous avons besoin de nous faire conna\u00eetre.<\/strong><\/p>\n<ul>\n<li>Page Facebook:&nbsp;<a href=\"https:\/\/www.facebook.com\/toutcourtgisors\/\">https:\/\/www.facebook.com\/toutcourtgisors\/<\/a><\/li>\n<li>Cha\u00eene Youtube:<a href=\"https:\/\/www.youtube.com\/@ToutCourtAteliers\">&nbsp;https:\/\/www.youtube.com\/@ToutCourtAteliers<\/a><\/li>\n<li>Compte TikTok : <a href=\"https:\/\/www.tiktok.com\/@ToutCourtAteliers\">https:\/\/www.tiktok.com\/@ToutCourtAteliers<\/a><\/li>\n<li>Comptes Instagram : <a href=\"https:\/\/www.instagram.com\/toutcourtateliers\">https:\/\/www.instagram.com\/toutcourtateliers<\/a> et &hellip;\n<p><a class=\"more-link btn\" href=\"https:\/\/toutcourtfestival.fr\/index.php\/nous-aider\/\">Continue reading<\/a><\/p>\n<\/li>\n<\/ul>\n","protected":false},"author":1,"featured_media":0,"parent":0,"menu_order":0,"comment_status":"closed","ping_status":"closed","template":"","meta":{"ngg_post_thumbnail":0,"jetpack_post_was_ever_published":false,"footnotes":""},"class_list":["post-576","page","type-page","status-publish","hentry","nodate","item-wrap"],"jetpack_sharing_enabled":true,"jetpack_shortlink":"https:\/\/wp.me\/P8k6iw-9i","jetpack_likes_enabled":true,"_links":{"self":[{"href":"https:\/\/toutcourtfestival.fr\/index.php\/wp-json\/wp\/v2\/pages\/576","targetHints":{"allow":["GET"]}}],"collection":[{"href":"https:\/\/toutcourtfestival.fr\/index.php\/wp-json\/wp\/v2\/pages"}],"about":[{"href":"https:\/\/toutcourtfestival.fr\/index.php\/wp-json\/wp\/v2\/types\/page"}],"author":[{"embeddable":true,"href":"https:\/\/toutcourtfestival.fr\/index.php\/wp-json\/wp\/v2\/users\/1"}],"replies":[{"embeddable":true,"href":"https:\/\/toutcourtfestival.fr\/index.php\/wp-json\/wp\/v2\/comments?post=576"}],"version-history":[{"count":4,"href":"https:\/\/toutcourtfestival.fr\/index.php\/wp-json\/wp\/v2\/pages\/576\/revisions"}],"predecessor-version":[{"id":9884,"href":"https:\/\/toutcourtfestival.fr\/index.php\/wp-json\/wp\/v2\/pages\/576\/revisions\/9884"}],"wp:attachment":[{"href":"https:\/\/toutcourtfestival.fr\/index.php\/wp-json\/wp\/v2\/media?parent=576"}],"curies":[{"name":"wp","href":"https:\/\/api.w.org\/{rel}","templated":true}]}}