{"id":6157,"date":"2018-10-25T00:12:40","date_gmt":"2018-10-24T22:12:40","guid":{"rendered":"http:\/\/toutcourtfestival.fr\/?page_id=6157"},"modified":"2019-11-13T16:42:32","modified_gmt":"2019-11-13T15:42:32","slug":"appel-a-films-2019","status":"publish","type":"page","link":"https:\/\/toutcourtfestival.fr\/index.php\/appel-a-films-2019\/","title":{"rendered":"Appel \u00e0 films 2019"},"content":{"rendered":"<div id=\"pl-6157\"  class=\"panel-layout\" ><div id=\"pg-6157-0\"  class=\"panel-grid panel-has-style\" ><div class=\"siteorigin-panels-stretch panel-row-style panel-row-style-for-6157-0\" data-stretch-type=\"full\" ><div id=\"pgc-6157-0-0\"  class=\"panel-grid-cell\" ><div id=\"panel-6157-0-0-0\" class=\"so-panel widget widget_sow-headline panel-first-child panel-last-child\" data-index=\"0\" ><div\n\t\t\t\n\t\t\tclass=\"so-widget-sow-headline so-widget-sow-headline-default-6090f20097d1-6157\"\n\t\t\t\n\t\t><div class=\"sow-headline-container \">\n\t\t\t\t\t\t\t<h1 class=\"sow-headline\">\n\t\t\t\t\t\tTout Court ! - appel \u00e0 films 2019\t\t\t\t\t\t<\/h1>\n\t\t\t\t\t\t\t\t\t\t\t<div class=\"decoration\">\n\t\t\t\t\t\t<div class=\"decoration-inside\"><\/div>\n\t\t\t\t\t<\/div>\n\t\t\t\t\t\t\t\t\t\t\t<h3 class=\"sow-sub-headline\">\n\t\t\t\t\t\tEdition 3 du 10 au 12 mai 2019\t\t\t\t\t\t<\/h3>\n\t\t\t\t\t\t<\/div>\n<\/div><\/div><\/div><\/div><\/div><div id=\"pg-6157-1\"  class=\"panel-grid panel-has-style\" ><div class=\"panel-row-style panel-row-style-for-6157-1\" ><div id=\"pgc-6157-1-0\"  class=\"panel-grid-cell panel-grid-cell-empty\" ><\/div><div id=\"pgc-6157-1-1\"  class=\"panel-grid-cell\" ><div id=\"panel-6157-1-1-0\" class=\"so-panel widget widget_sow-editor panel-first-child panel-last-child\" data-index=\"1\" ><div\n\t\t\t\n\t\t\tclass=\"so-widget-sow-editor so-widget-sow-editor-base\"\n\t\t\t\n\t\t>\n<div class=\"siteorigin-widget-tinymce textwidget\">\n\t<p style=\"text-align: justify;\">Pour inscrire un film, choisissez une section ci-dessous. Les modalit\u00e9s sont indiqu\u00e9s en bas de page. Attention: vous ne pouvez inscrire votre film qu'\u00e0 une seule section!<\/p>\n<p style=\"text-align: justify;\">N'oubliez pas de lire attentivement le <a href=\"http:\/\/toutcourtfestival.fr\/wp-content\/uploads\/2018\/10\/Tout-court-R\u00e8glement-appel-\u00e0-films-\u00e9dition-n\u00b03.pdf\" target=\"_blank\" rel=\"noopener\">r\u00e8glement du Tout Court \u00e9dition 2019<\/a>\u00a0\u00a0<span style=\"text-decoration: underline;\">L'inscription de votre film vaut acceptation de ce r\u00e8glement.\u00a0\u00a0<\/span><\/p>\n<p style=\"text-align: justify;\">Le visionnage des films inscrits et les s\u00e9lections seront en partie effectu\u00e9s par des jeunes de 11 \u00e0 25 ans. <span style=\"color: #ff0000;\"><strong>Il est donc interdit d\u2019inscrire des films hors crit\u00e8res comportant des \u00e9l\u00e9ments r\u00e9serv\u00e9s \u00e0 un public adulte<\/strong><\/span> (pornographie, violence extr\u00eame, etc\u2026). Tout film ne respectant pas cette condition sera disqualifi\u00e9 et son inscription annul\u00e9e.<\/p>\n<p style=\"text-align: justify;\">Vous pouvez inscrire plusieurs films mais un seul pourra \u00eatre s\u00e9lectionn\u00e9 par r\u00e9alisateur.<\/p>\n<p style=\"text-align: justify;\">En cas de questions ou de difficult\u00e9s, n'h\u00e9sitez pas \u00e0 <a href=\"http:\/\/toutcourtfestival.fr\/index.php\/contacts-et-pratique\/\">nous contacter.<\/a><\/p>\n<\/div>\n<\/div><\/div><\/div><div id=\"pgc-6157-1-2\"  class=\"panel-grid-cell panel-grid-cell-mobile-last\" ><div id=\"panel-6157-1-2-0\" class=\"so-panel widget widget_sow-editor panel-first-child panel-last-child\" data-index=\"2\" ><div\n\t\t\t\n\t\t\tclass=\"so-widget-sow-editor so-widget-sow-editor-base\"\n\t\t\t\n\t\t>\n<div class=\"siteorigin-widget-tinymce textwidget\">\n\t<h1 style=\"text-align: justify;\"><img data-recalc-dims=\"1\" loading=\"lazy\" decoding=\"async\" class=\"alignnone wp-image-1402 size-full\" src=\"https:\/\/i0.wp.com\/toutcourtfestival.fr\/wp-content\/uploads\/2017\/03\/ToutCourt-logo-rouge-FOND-BLANC.png?resize=1352%2C988\" alt=\"\" width=\"1352\" height=\"988\" srcset=\"https:\/\/i0.wp.com\/toutcourtfestival.fr\/wp-content\/uploads\/2017\/03\/ToutCourt-logo-rouge-FOND-BLANC.png?w=1352&amp;ssl=1 1352w, https:\/\/i0.wp.com\/toutcourtfestival.fr\/wp-content\/uploads\/2017\/03\/ToutCourt-logo-rouge-FOND-BLANC.png?resize=300%2C219&amp;ssl=1 300w, https:\/\/i0.wp.com\/toutcourtfestival.fr\/wp-content\/uploads\/2017\/03\/ToutCourt-logo-rouge-FOND-BLANC.png?resize=768%2C561&amp;ssl=1 768w, https:\/\/i0.wp.com\/toutcourtfestival.fr\/wp-content\/uploads\/2017\/03\/ToutCourt-logo-rouge-FOND-BLANC.png?resize=1024%2C748&amp;ssl=1 1024w\" sizes=\"auto, (max-width: 1352px) 100vw, 1352px\" \/><\/h1>\n<p>\u00a0<\/p>\n<\/div>\n<\/div><\/div><\/div><div id=\"pgc-6157-1-3\"  class=\"panel-grid-cell panel-grid-cell-empty\" ><\/div><\/div><\/div><div id=\"pg-6157-2\"  class=\"panel-grid panel-no-style\" ><div id=\"pgc-6157-2-0\"  class=\"panel-grid-cell panel-grid-cell-empty\" ><\/div><div id=\"pgc-6157-2-1\"  class=\"panel-grid-cell\" ><div id=\"panel-6157-2-1-0\" class=\"so-panel widget widget_sow-image panel-first-child\" data-index=\"3\" ><div\n\t\t\t\n\t\t\tclass=\"so-widget-sow-image so-widget-sow-image-default-8b5b6f678277-6157\"\n\t\t\t\n\t\t>\n<div class=\"sow-image-container\">\n\t\t<img \n\tsrc=\"https:\/\/i0.wp.com\/toutcourtfestival.fr\/wp-content\/uploads\/2018\/10\/gg.jpg?fit=768%2C432&amp;ssl=1\" width=\"768\" height=\"432\" srcset=\"https:\/\/i0.wp.com\/toutcourtfestival.fr\/wp-content\/uploads\/2018\/10\/gg.jpg?w=1920&amp;ssl=1 1920w, https:\/\/i0.wp.com\/toutcourtfestival.fr\/wp-content\/uploads\/2018\/10\/gg.jpg?resize=300%2C169&amp;ssl=1 300w, https:\/\/i0.wp.com\/toutcourtfestival.fr\/wp-content\/uploads\/2018\/10\/gg.jpg?resize=768%2C432&amp;ssl=1 768w, https:\/\/i0.wp.com\/toutcourtfestival.fr\/wp-content\/uploads\/2018\/10\/gg.jpg?resize=1024%2C576&amp;ssl=1 1024w\" alt=\"\" \t\tclass=\"so-widget-image\"\/>\n\t<\/div>\n\n<\/div><\/div><div id=\"panel-6157-2-1-1\" class=\"so-panel widget widget_sow-editor panel-last-child\" data-index=\"4\" ><div\n\t\t\t\n\t\t\tclass=\"so-widget-sow-editor so-widget-sow-editor-base\"\n\t\t\t\n\t\t>\n<div class=\"siteorigin-widget-tinymce textwidget\">\n\t<h1 style=\"text-align: center;\">Section principale<\/h1>\n<hr \/>\n<p style=\"text-align: justify;\"><span style=\"font-size: 10pt; color: #ff0000;\"><strong>Inscriptions closes, merci aux participants!<\/strong><\/span><\/p>\n<p style=\"text-align: justify;\"><span style=\"font-size: 10pt;\"><span style=\"text-decoration: underline;\">Crit\u00e8res<\/span> :<\/span><\/p>\n<ul style=\"text-align: justify;\">\n<li><span style=\"font-size: 10pt;\">Fiction<\/span><\/li>\n<li><span style=\"font-size: 10pt;\">Dur\u00e9e maximale 15 minutes (hors g\u00e9n\u00e9rique)<\/span><\/li>\n<li><span style=\"font-size: 10pt;\">Tout public<\/span><\/li>\n<li><span style=\"font-size: 10pt;\">Sous-titres fran\u00e7ais pour les films non francophones.<\/span><\/li>\n<\/ul>\n<p style=\"text-align: justify;\"><span style=\"font-size: 10pt;\">Les films d\u2019animation sont accept\u00e9s tout comme les prises de vues r\u00e9elles, aucun genre n\u2019est impos\u00e9.<\/span><\/p>\n<p style=\"text-align: justify;\"><span style=\"font-size: 10pt;\">Cette section fera l'objet de plusieurs s\u00e9lections: une&nbsp;comp\u00e9tition officielle d\u00e9partag\u00e9e par trois jurys (jury pro, jury lyc\u00e9en et jury de la ville de Gisors) ainsi que des s\u00e9lections parall\u00e8les dont les films concourront tous pour le prix du public du festival.&nbsp;<\/span><\/p>\n<p><span style=\"font-size: 10pt;\">Les prix et dotations (lots) seront communiqu\u00e9s ult\u00e9rieurement.&nbsp;<\/span><\/p>\n<p><span style=\"font-size: 10pt;\">Un film d\u00e9j\u00e0 inscrit un pr\u00e9c\u00e9dente ann\u00e9e peut retenter sa chance s'il n'a jamais \u00e9t\u00e9 s\u00e9lectionn\u00e9.<\/span><\/p>\n<p><strong><span style=\"font-size: 10pt;\">Inscription uniquement depuis&nbsp;<a href=\"http:\/\/www.filmfestplatform.com\/\" target=\"_blank\" rel=\"noopener noreferrer\">Filmfestplatform.com<\/a>.&nbsp;<\/span><\/strong><\/p>\n<p><span style=\"font-size: 10pt;\">Mode d'emploi:<\/span><\/p>\n<ol>\n<li><span style=\"font-size: 10pt;\">Allez sur&nbsp;<a href=\"http:\/\/www.filmfestplatform.com\/\" target=\"_blank\" rel=\"noopener noreferrer\">Filmfestplatform.com<\/a>.<\/span><\/li>\n<li><span style=\"font-size: 10pt;\">Cr\u00e9ez un compte (gratuit) \u00ab R\u00e9alisateur ou producteur \u00bb<\/span><\/li>\n<li><span style=\"font-size: 10pt;\">Inscrivez-y votre film en suivant les instructions fournies par la plate-forme.<\/span><\/li>\n<li><span style=\"font-size: 10pt;\">Allez dans la section \u00ab Festival \u00bb, trouvez \u00ab Tout Court ! \u00bb et cliquez sur \u00ab Postulez ! \u00bb puis suivez les instructions. Note: la plateforme demande une participation de 2 euros par festival o\u00f9 vous vous inscrivez.<\/span><\/li>\n<\/ol>\n<\/div>\n<\/div><\/div><\/div><div id=\"pgc-6157-2-2\"  class=\"panel-grid-cell\" ><div id=\"panel-6157-2-2-0\" class=\"so-panel widget widget_sow-image panel-first-child\" data-index=\"5\" ><div\n\t\t\t\n\t\t\tclass=\"so-widget-sow-image so-widget-sow-image-default-8b5b6f678277-6157\"\n\t\t\t\n\t\t>\n<div class=\"sow-image-container\">\n\t\t<img \n\tsrc=\"https:\/\/i0.wp.com\/toutcourtfestival.fr\/wp-content\/uploads\/2018\/10\/20181006_120711.jpg?fit=768%2C432&amp;ssl=1\" width=\"768\" height=\"432\" srcset=\"https:\/\/i0.wp.com\/toutcourtfestival.fr\/wp-content\/uploads\/2018\/10\/20181006_120711.jpg?w=2560&amp;ssl=1 2560w, https:\/\/i0.wp.com\/toutcourtfestival.fr\/wp-content\/uploads\/2018\/10\/20181006_120711.jpg?resize=300%2C169&amp;ssl=1 300w, https:\/\/i0.wp.com\/toutcourtfestival.fr\/wp-content\/uploads\/2018\/10\/20181006_120711.jpg?resize=768%2C432&amp;ssl=1 768w, https:\/\/i0.wp.com\/toutcourtfestival.fr\/wp-content\/uploads\/2018\/10\/20181006_120711.jpg?resize=1024%2C576&amp;ssl=1 1024w\" alt=\"\" \t\tclass=\"so-widget-image\"\/>\n\t<\/div>\n\n<\/div><\/div><div id=\"panel-6157-2-2-1\" class=\"so-panel widget widget_sow-editor panel-last-child\" data-index=\"6\" ><div\n\t\t\t\n\t\t\tclass=\"so-widget-sow-editor so-widget-sow-editor-base\"\n\t\t\t\n\t\t>\n<div class=\"siteorigin-widget-tinymce textwidget\">\n\t<h1 style=\"text-align: center;\">Section Amateur<\/h1>\n<hr \/>\n<p style=\"text-align: justify;\"><span style=\"font-size: 10pt; color: #ff0000;\"><strong>Inscriptions closes, merci aux participants!<\/strong><\/span><\/p>\n<p style=\"text-align: justify;\"><span style=\"font-size: 10pt;\"><span style=\"text-decoration: underline;\">Crit\u00e8res<\/span> :<\/span><\/p>\n<ul>\n<li style=\"text-align: justify;\"><span style=\"font-size: 10pt;\">Fiction<\/span><\/li>\n<li style=\"text-align: justify;\"><span style=\"font-size: 10pt;\">Dur\u00e9e maximale 15 minutes (hors g\u00e9n\u00e9rique)<\/span><\/li>\n<li style=\"text-align: justify;\"><span style=\"font-size: 10pt;\">Tout public<\/span><\/li>\n<li style=\"text-align: justify;\"><span style=\"font-size: 10pt;\">Sous-titres fran\u00e7ais pour les films non francophones.<\/span><\/li>\n<li><span style=\"font-size: 10pt;\">Production dans un contexte amateur. Notamment, le film ne doit pas avoir \u00e9t\u00e9 produit par une entreprise de production commerciale, un organisme de production professionnel (GREC, etc\u2026) ou un organisme de formation professionnelle aux m\u00e9tiers du cin\u00e9ma (\u00e9cole, etc\u2026).<\/span><\/li>\n<\/ul>\n<p style=\"text-align: justify;\"><span style=\"font-size: 10pt;\">Les films d\u2019animation sont accept\u00e9s tout comme les prises de vues r\u00e9elles, aucun genre n\u2019est impos\u00e9.<\/span><\/p>\n<p><span style=\"font-size: 10pt;\">Cette section fera l'objet d'une s\u00e9lection en comp\u00e9tition pour le prix du public du festival, plus peut-\u00eatre un \"prix du film amateur\" dont les modalit\u00e9s sont encore \u00e0 d\u00e9finir.&nbsp;<\/span><\/p>\n<p><span style=\"font-size: 10pt;\">Un film d\u00e9j\u00e0 inscrit une pr\u00e9c\u00e9dent ann\u00e9e peut retenter sa chance s'il n'a jamais \u00e9t\u00e9 s\u00e9lectionn\u00e9.&nbsp;<\/span><\/p>\n<p><strong><span style=\"font-size: 10pt;\">Inscription depuis&nbsp;<a href=\"http:\/\/www.filmfestplatform.com\/\" target=\"_blank\" rel=\"noopener noreferrer\">Filmfestplatform.com :<\/a><\/span><\/strong><\/p>\n<ol>\n<li><span style=\"font-size: 10pt;\">Allez sur&nbsp;<a href=\"http:\/\/www.filmfestplatform.com\/\" target=\"_blank\" rel=\"noopener noreferrer\">Filmfestplatform.com<\/a>.<\/span><\/li>\n<li><span style=\"font-size: 10pt;\">Cr\u00e9ez un compte (gratuit) \u00ab R\u00e9alisateur ou producteur \u00bb<\/span><\/li>\n<li><span style=\"font-size: 10pt;\">Inscrivez-y votre film en suivant les instructions fournies par la plate-forme.<\/span><\/li>\n<li><span style=\"font-size: 10pt;\">Allez dans la section \u00ab Festival \u00bb, trouvez \u00ab Tout Court ! \u00bb et cliquez sur \u00ab Postulez ! \u00bb puis suivez les instructions. Note: la plateforme demande une participation de 2 euros par festival o\u00f9 vous vous inscrivez.<\/span><\/li>\n<\/ol>\n<p><strong><span style=\"font-size: 10pt;\">Alternativement: <a href=\"http:\/\/toutcourtfestival.fr\/index.php\/appel-a-film-2019-section-amateur\/\">inscription par formulaire<\/a>.<\/span><\/strong><\/p>\n<\/div>\n<\/div><\/div><\/div><div id=\"pgc-6157-2-3\"  class=\"panel-grid-cell panel-grid-cell-mobile-last\" ><div id=\"panel-6157-2-3-0\" class=\"so-panel widget widget_sow-image panel-first-child\" data-index=\"7\" ><div\n\t\t\t\n\t\t\tclass=\"so-widget-sow-image so-widget-sow-image-default-8b5b6f678277-6157\"\n\t\t\t\n\t\t>\n<div class=\"sow-image-container\">\n\t\t\t<a href=\"http:\/\/toutcourtfestival.fr\/index.php\/tout-court-2017\/appel-a-films-2017\/concours-video\/\"\n\t\t\t\t\t>\n\t\t\t<img \n\tsrc=\"https:\/\/i0.wp.com\/toutcourtfestival.fr\/wp-content\/uploads\/2017\/03\/cap-n-t-2015-09-24-23h43m13s38.png?fit=768%2C432&amp;ssl=1\" width=\"768\" height=\"432\" srcset=\"https:\/\/i0.wp.com\/toutcourtfestival.fr\/wp-content\/uploads\/2017\/03\/cap-n-t-2015-09-24-23h43m13s38.png?w=1920&amp;ssl=1 1920w, https:\/\/i0.wp.com\/toutcourtfestival.fr\/wp-content\/uploads\/2017\/03\/cap-n-t-2015-09-24-23h43m13s38.png?resize=300%2C169&amp;ssl=1 300w, https:\/\/i0.wp.com\/toutcourtfestival.fr\/wp-content\/uploads\/2017\/03\/cap-n-t-2015-09-24-23h43m13s38.png?resize=768%2C432&amp;ssl=1 768w, https:\/\/i0.wp.com\/toutcourtfestival.fr\/wp-content\/uploads\/2017\/03\/cap-n-t-2015-09-24-23h43m13s38.png?resize=1024%2C576&amp;ssl=1 1024w\" title=\"Les jeunes en tournage\" alt=\"\" \t\tclass=\"so-widget-image\"\/>\n\t\t\t<\/a><\/div>\n\n<\/div><\/div><div id=\"panel-6157-2-3-1\" class=\"so-panel widget widget_sow-editor panel-last-child\" data-index=\"8\" ><div\n\t\t\t\n\t\t\tclass=\"so-widget-sow-editor so-widget-sow-editor-base\"\n\t\t\t\n\t\t>\n<div class=\"siteorigin-widget-tinymce textwidget\">\n\t<h1 style=\"text-align: center;\"><span style=\"color: #000000;\"><a style=\"color: #000000;\" href=\"http:\/\/toutcourtfestival.fr\/index.php\/tout-court-2017\/appel-a-films-2017\/concours-video\/\">Concours vid\u00e9o<\/a><\/span><\/h1>\n<p><a href=\"https:\/\/i0.wp.com\/toutcourtfestival.fr\/wp-content\/uploads\/2018\/10\/Logo-Cin%C3%A9-Rural.png\"><img data-recalc-dims=\"1\" loading=\"lazy\" decoding=\"async\" class=\"alignright wp-image-6212\" src=\"https:\/\/i0.wp.com\/toutcourtfestival.fr\/wp-content\/uploads\/2018\/10\/Logo-Cin%C3%A9-Rural-300x294.png?resize=144%2C141\" alt=\"\" width=\"144\" height=\"141\" srcset=\"https:\/\/i0.wp.com\/toutcourtfestival.fr\/wp-content\/uploads\/2018\/10\/Logo-Cin%C3%A9-Rural.png?resize=300%2C294&amp;ssl=1 300w, https:\/\/i0.wp.com\/toutcourtfestival.fr\/wp-content\/uploads\/2018\/10\/Logo-Cin%C3%A9-Rural.png?resize=768%2C752&amp;ssl=1 768w, https:\/\/i0.wp.com\/toutcourtfestival.fr\/wp-content\/uploads\/2018\/10\/Logo-Cin%C3%A9-Rural.png?resize=1024%2C1003&amp;ssl=1 1024w, https:\/\/i0.wp.com\/toutcourtfestival.fr\/wp-content\/uploads\/2018\/10\/Logo-Cin%C3%A9-Rural.png?w=1538&amp;ssl=1 1538w\" sizes=\"auto, (max-width: 144px) 100vw, 144px\" \/><\/a><\/p>\n<hr \/>\n<p style=\"text-align: justify;\"><span style=\"font-size: 10pt; color: #ff0000;\"><strong>Inscriptions closes, merci aux participants!<\/strong><\/span><\/p>\n<p><span style=\"font-size: 10pt;\"><span style=\"text-decoration: underline;\">Crit\u00e8res:<\/span><\/span><\/p>\n<ul style=\"text-align: justify;\">\n<li style=\"text-align: justify;\"><span style=\"font-size: 10pt;\">Fiction.<\/span><\/li>\n<li style=\"text-align: justify;\"><span style=\"font-size: 10pt;\">Dur\u00e9e maximale 15 minutes (hors g\u00e9n\u00e9rique)<\/span><\/li>\n<li style=\"text-align: justify;\"><span style=\"font-size: 10pt;\">Tout public.<\/span><\/li>\n<li style=\"text-align: justify;\"><span style=\"font-size: 10pt;\">Sous-titres fran\u00e7ais pour les films non francophones.<\/span><\/li>\n<li><span style=\"font-size: 10pt;\">Production dans un contexte amateur. Notamment, le film ne doit pas avoir \u00e9t\u00e9 produit par une entreprise de production commerciale, un organisme de production professionnel (GREC, etc\u2026) ou un organisme de formation professionnelle aux m\u00e9tiers du cin\u00e9ma (\u00e9cole, etc\u2026).<\/span><\/li>\n<li><span style=\"font-size: 10pt;\">Respect du sujet (voir ci-dessous)<\/span><\/li>\n<\/ul>\n<p style=\"text-align: justify;\"><span style=\"font-size: 10pt;\">Les films d\u2019animation sont accept\u00e9s tout comme les prises de vues r\u00e9elles, aucun genre n\u2019est impos\u00e9.<\/span><\/p>\n<p style=\"text-align: justify;\"><span style=\"font-size: 10pt;\">Le <span style=\"text-decoration: underline;\">sujet du concours<\/span> est compos\u00e9 d\u2019un th\u00e8me impos\u00e9, d\u2019un objet impos\u00e9 et d\u2019une phrase de dialogue impos\u00e9e. Cette derni\u00e8re peut \u00eatre prononc\u00e9e ou appara\u00eetre \u00e0 l\u2019\u00e9crit dans le film (hors g\u00e9n\u00e9rique) mais ne doit pas subir de modification - seule la ponctuation finale est libre dans le cas de l\u2019\u00e9crit.<\/span><\/p>\n<ul style=\"text-align: justify;\">\n<li style=\"text-align: justify;\"><span style=\"font-size: 10pt;\"><strong>Th\u00e8me impos\u00e9 :<\/strong> Souvenirs de famille<\/span><\/li>\n<li style=\"text-align: justify;\"><span style=\"font-size: 10pt;\"><strong>Objet impos\u00e9 :<\/strong>&nbsp;Une boussole.<\/span><\/li>\n<li style=\"text-align: justify;\"><span style=\"font-size: 10pt;\"><strong>Phrase de dialogue impos\u00e9e<\/strong> : \u00ab Juste le pr\u00e9nom. \u00bb<\/span><\/li>\n<\/ul>\n<p style=\"text-align: justify;\"><span style=\"font-size: 10pt;\">Les films seront d\u00e9partag\u00e9s par le jury lyc\u00e9en du festival. Les prix et dotations (lots) seront communiqu\u00e9s ult\u00e9rieurement. <\/span><\/p>\n<p style=\"text-align: justify;\"><span style=\"font-size: 10pt;\">Le prix sera d\u00e9cern\u00e9 par notre partenaire&nbsp;<a href=\"http:\/\/cinerural60.com\/\">Cin\u00e9-Rural 60.<\/a><\/span><\/p>\n<p><strong><span style=\"font-size: 10pt;\">Inscription: <a href=\"http:\/\/toutcourtfestival.fr\/index.php\/concours-video-du-tout-court-edition-2019\/\">cliquez ici<\/a>.<\/span><\/strong><\/p>\n<\/div>\n<\/div><\/div><\/div><div id=\"pgc-6157-2-4\"  class=\"panel-grid-cell panel-grid-cell-empty\" ><\/div><\/div><div id=\"pg-6157-3\"  class=\"panel-grid panel-no-style\" ><div id=\"pgc-6157-3-0\"  class=\"panel-grid-cell\" ><div id=\"panel-6157-3-0-0\" class=\"so-panel widget widget_text panel-first-child panel-last-child\" data-index=\"9\" >\t\t\t<div class=\"textwidget\"><style>.entry-title {display:none;}<\/style> <\/div>\n\t\t<\/div><\/div><\/div><\/div>","protected":false},"excerpt":{"rendered":"<p>Tout Court ! &#8211; appel \u00e0 films 2019 Edition 3 du 10 au 12 mai 2019 <\/p>\n<p style=\"text-align: justify;\">Pour inscrire un film, choisissez une section ci-dessous. Les modalit\u00e9s sont indiqu\u00e9s en bas de page. Attention: vous ne pouvez inscrire votre film qu&#8217;\u00e0 une seule section!<\/p>\n<p style=\"text-align: justify;\">N&#8217;oubliez pas de lire attentivement le <a href=\"http:\/\/toutcourtfestival.fr\/wp-content\/uploads\/2018\/10\/Tout-court-R\u00e8glement-appel-\u00e0-films-\u00e9dition-n\u00b03.pdf\" &hellip; <\/p>\n<p><a class=\"more-link btn\" href=\"https:\/\/toutcourtfestival.fr\/index.php\/appel-a-films-2019\/\">Continue reading<\/a><\/p>\n<p><\/a><\/p>\n","protected":false},"author":1,"featured_media":6275,"parent":0,"menu_order":0,"comment_status":"closed","ping_status":"closed","template":"","meta":{"ngg_post_thumbnail":0,"jetpack_post_was_ever_published":false,"footnotes":""},"class_list":["post-6157","page","type-page","status-publish","has-post-thumbnail","hentry","nodate","item-wrap"],"jetpack_sharing_enabled":true,"jetpack_shortlink":"https:\/\/wp.me\/P8k6iw-1Bj","jetpack_likes_enabled":true,"_links":{"self":[{"href":"https:\/\/toutcourtfestival.fr\/index.php\/wp-json\/wp\/v2\/pages\/6157","targetHints":{"allow":["GET"]}}],"collection":[{"href":"https:\/\/toutcourtfestival.fr\/index.php\/wp-json\/wp\/v2\/pages"}],"about":[{"href":"https:\/\/toutcourtfestival.fr\/index.php\/wp-json\/wp\/v2\/types\/page"}],"author":[{"embeddable":true,"href":"https:\/\/toutcourtfestival.fr\/index.php\/wp-json\/wp\/v2\/users\/1"}],"replies":[{"embeddable":true,"href":"https:\/\/toutcourtfestival.fr\/index.php\/wp-json\/wp\/v2\/comments?post=6157"}],"version-history":[{"count":0,"href":"https:\/\/toutcourtfestival.fr\/index.php\/wp-json\/wp\/v2\/pages\/6157\/revisions"}],"wp:featuredmedia":[{"embeddable":true,"href":"https:\/\/toutcourtfestival.fr\/index.php\/wp-json\/wp\/v2\/media\/6275"}],"wp:attachment":[{"href":"https:\/\/toutcourtfestival.fr\/index.php\/wp-json\/wp\/v2\/media?parent=6157"}],"curies":[{"name":"wp","href":"https:\/\/api.w.org\/{rel}","templated":true}]}}