{"id":6172,"date":"2018-10-25T00:21:30","date_gmt":"2018-10-24T22:21:30","guid":{"rendered":"http:\/\/toutcourtfestival.fr\/?page_id=6172"},"modified":"2019-12-19T14:11:10","modified_gmt":"2019-12-19T13:11:10","slug":"appel-a-film-section-amateur","status":"publish","type":"page","link":"https:\/\/toutcourtfestival.fr\/index.php\/appel-a-films-2020\/appel-a-film-section-amateur\/","title":{"rendered":"Appel \u00e0 film : section amateur"},"content":{"rendered":"<div id=\"pl-6172\"  class=\"panel-layout\" ><div id=\"pg-6172-0\"  class=\"panel-grid panel-has-style\" ><div class=\"panel-row-style panel-row-style-for-6172-0\" ><div id=\"pgc-6172-0-0\"  class=\"panel-grid-cell\" ><div id=\"panel-6172-0-0-0\" class=\"so-panel widget widget_sow-headline panel-first-child panel-last-child\" data-index=\"0\" ><div\n\t\t\t\n\t\t\tclass=\"so-widget-sow-headline so-widget-sow-headline-default-6090f20097d1-6172\"\n\t\t\t\n\t\t><div class=\"sow-headline-container \">\n\t\t\t\t\t\t\t<h1 class=\"sow-headline\">\n\t\t\t\t\t\tAppel \u00e0 film : section amateur\t\t\t\t\t\t<\/h1>\n\t\t\t\t\t\t\t\t\t\t\t<div class=\"decoration\">\n\t\t\t\t\t\t<div class=\"decoration-inside\"><\/div>\n\t\t\t\t\t<\/div>\n\t\t\t\t\t<\/div>\n<\/div><\/div><\/div><\/div><\/div><div id=\"pg-6172-1\"  class=\"panel-grid panel-has-style\" ><div class=\"panel-row-style panel-row-style-for-6172-1\" ><div id=\"pgc-6172-1-0\"  class=\"panel-grid-cell\" ><div id=\"panel-6172-1-0-0\" class=\"so-panel widget widget_sow-editor panel-first-child\" data-index=\"1\" ><div class=\"panel-widget-style panel-widget-style-for-6172-1-0-0\" ><div\n\t\t\t\n\t\t\tclass=\"so-widget-sow-editor so-widget-sow-editor-base\"\n\t\t\t\n\t\t>\n<div class=\"siteorigin-widget-tinymce textwidget\">\n\t<p style=\"text-align: justify;\">L'inscription \u00e0 la Section Amateur peut se faire soit \u00e0 travers la plate-forme <a href=\"http:\/\/www.filmfestplatform.com\" target=\"_blank\" rel=\"noopener\">filmfestplatform.com<\/a>, soit en utilisant le formulaire ci-dessous.<\/p>\n<p style=\"text-align: justify;\">Crit\u00e8res des films :<\/p>\n<ul style=\"text-align: justify;\">\n<li>Fiction<\/li>\n<li>Dur\u00e9e maximale 15 minutes (g\u00e9n\u00e9rique non compris)<\/li>\n<li>Tout public<\/li>\n<li>Sous-titres fran\u00e7ais pour les films non francophones.<\/li>\n<li>Production dans un contexte amateur. Notamment, le film ne doit pas avoir \u00e9t\u00e9 produit par une entreprise de production commerciale, un organisme de production professionnel (GREC, etc\u2026) ou un organisme de formation professionnelle aux m\u00e9tiers du cin\u00e9ma (\u00e9cole, etc\u2026).<\/li>\n<\/ul>\n<p style=\"text-align: justify;\">Les films d\u2019animation sont accept\u00e9s tout comme les prises de vues r\u00e9elles, aucun genre n\u2019est impos\u00e9.<\/p>\n<p style=\"text-align: justify;\">Cette section fera l'objet d'une s\u00e9lection en comp\u00e9tition pour le prix du public du festival, plus peut-\u00eatre un \"prix du film amateur\" dont les modalit\u00e9s sont encore \u00e0 d\u00e9finir.<\/p>\n<p style=\"text-align: justify;\">Un film d\u00e9j\u00e0 inscrit l'an pass\u00e9 peut retenter sa chance s'il n'a pas \u00e9t\u00e9 s\u00e9lectionn\u00e9.<\/p>\n<h2 style=\"text-align: justify;\">Modalit\u00e9s d'inscription<\/h2>\n<ol style=\"text-align: justify;\">\n<li>Lire le r\u00e8glement <a href=\"http:\/\/toutcourtfestival.fr\/wp-content\/uploads\/2018\/10\/Tout-court-R%C3%A8glement-appel-%C3%A0-films-%C3%A9dition-n%C2%B03.pdf\" target=\"_blank\" rel=\"noopener\">(cliquez ici pour l'afficher)<\/a>. Votre inscription vaut acceptation du r\u00e8glement.<\/li>\n<li>Remplissez le formulaire en ligne ci-dessous.<\/li>\n<li>Dans le formulaire vous pouvez indiquer un lien de visionnage de votre vid\u00e9o. Alternativement, vous pouvez nous envoyer un lien par email ou un fichier par syst\u00e8me de transfert.<\/li>\n<li>Nos \u00e9quipe vont v\u00e9rifier votre inscription et vous envoyer un email de validation sous quelques jours. Le cas \u00e9ch\u00e9ant, des questions vous seront pos\u00e9es pour compl\u00e9ter votre inscription.<\/li>\n<li>Apr\u00e8s la phase des s\u00e9lection, si votre film est retenu nous vous contacterons pour vous demander un fichier vid\u00e9o pour les projections (fichier HD, encodage H264, format AVI ou MP4).<\/li>\n<\/ol>\n<p>&nbsp;<\/p>\n<p style=\"text-align: justify;\"><span style=\"font-size: 14pt;\"><strong><span style=\"color: #ff0000;\">Date limite: 05\/01\/2020 minuit<\/span><\/strong><\/span><\/p>\n<\/div>\n<\/div><\/div><\/div><div id=\"panel-6172-1-0-1\" class=\"so-panel widget widget_frm_show_form panel-last-child\"><div class=\"frm_form_widget\"><div class=\"frm_forms  with_frm_style frm_style_style-formidable\" id=\"frm_form_6_container\" >\n<form enctype=\"multipart\/form-data\" method=\"post\" class=\"frm-show-form \" id=\"form_cvideo201822\" >\n<div class=\"frm_form_fields \">\n<fieldset>\n<legend class=\"frm_hidden\">Inscription section amateur<\/legend>\r\n\r\n<div class=\"frm_fields_container\">\n<input type=\"hidden\" name=\"frm_action\" value=\"create\" \/>\n<input type=\"hidden\" name=\"form_id\" value=\"6\" \/>\n<input type=\"hidden\" name=\"frm_hide_fields_6\" id=\"frm_hide_fields_6\" value=\"\" \/>\n<input type=\"hidden\" name=\"form_key\" value=\"cvideo201822\" \/>\n<input type=\"hidden\" name=\"item_meta[0]\" value=\"\" \/>\n<input type=\"hidden\" id=\"frm_submit_entry_6\" name=\"frm_submit_entry_6\" value=\"45b0aabb5c\" \/><input type=\"hidden\" name=\"_wp_http_referer\" value=\"\/index.php\/wp-json\/wp\/v2\/pages\/6172\" \/><div id=\"frm_field_81_container\" class=\"frm_form_field form-field  frm_top_container frm_hidden\">\r\n    <label for=\"field_section\" class=\"frm_primary_label\">Section\r\n        <span class=\"frm_required\"><\/span>\r\n    <\/label>\r\n    <input type=\"text\" id=\"field_section\" name=\"item_meta[81]\" value=\"Section Amateur\"  data-frmval=\"Section Amateur\" data-invmsg=\"Section est non valide\" aria-invalid=\"false\"  \/>\r\n    \r\n    \r\n<\/div>\n<div id=\"frm_field_53_container\" class=\"frm_form_field form-field  frm_required_field frm_top_container frm_first frm_third\">\r\n    <label for=\"field_nom3\" class=\"frm_primary_label\">Nom\r\n        <span class=\"frm_required\">*<\/span>\r\n    <\/label>\r\n    <input type=\"text\" id=\"field_nom3\" name=\"item_meta[53]\" value=\"\"  data-reqmsg=\"Ce champ ne peut pas \u00eatre vide\" aria-required=\"true\" data-invmsg=\"Nom est non valide\" aria-invalid=\"false\"  \/>\r\n    \r\n    \r\n<\/div>\n<div id=\"frm_field_54_container\" class=\"frm_form_field form-field  frm_required_field frm_top_container frm_third\">\r\n    <label for=\"field_prenom3\" class=\"frm_primary_label\">Pr\u00e9nom\r\n        <span class=\"frm_required\">*<\/span>\r\n    <\/label>\r\n    <input type=\"text\" id=\"field_prenom3\" name=\"item_meta[54]\" value=\"\"  data-reqmsg=\"Ce champ ne peut pas \u00eatre vide\" aria-required=\"true\" data-invmsg=\"Pr\u00e9nom est non valide\" aria-invalid=\"false\"  \/>\r\n    \r\n    \r\n<\/div>\n<div id=\"frm_field_79_container\" class=\"frm_form_field form-field  frm_top_container frm_third\">\r\n    <label for=\"field_age\" class=\"frm_primary_label\">Age si mineur\r\n        <span class=\"frm_required\"><\/span>\r\n    <\/label>\r\n    <input type=\"text\" id=\"field_age\" name=\"item_meta[79]\" value=\"\"  style=\"width:60px\" maxlength=\"2\" data-invmsg=\"Age si mineur est non valide\" class=\"auto_width\" aria-invalid=\"false\"  \/>\r\n    \r\n    \r\n<\/div>\n<div id=\"frm_field_55_container\" class=\"frm_form_field form-field  frm_required_field frm_top_container frm_first frm_third\">\r\n    <label for=\"field_email3\" class=\"frm_primary_label\">Adresse e-mail\r\n        <span class=\"frm_required\">*<\/span>\r\n    <\/label>\r\n    <input type=\"email\" id=\"field_email3\" name=\"item_meta[55]\" value=\"\"  data-reqmsg=\"Ce champ ne peut pas \u00eatre vide\" aria-required=\"true\" data-invmsg=\"Adresse e-mail est non valide\" aria-invalid=\"false\"  \/>\r\n    \r\n    \r\n<\/div>\n<div id=\"frm_field_56_container\" class=\"frm_form_field form-field  frm_required_field frm_top_container frm_third\">\r\n    <label for=\"field_cp\" class=\"frm_primary_label\">D\u00e9partement ou code postal\r\n        <span class=\"frm_required\">*<\/span>\r\n    <\/label>\r\n    <input type=\"text\" id=\"field_cp\" name=\"item_meta[56]\" value=\"\"  data-reqmsg=\"Ce champ ne peut pas \u00eatre vide\" aria-required=\"true\" data-invmsg=\"D\u00e9partement ou code postal est non valide\" aria-invalid=\"false\"  \/>\r\n    \r\n    \r\n<\/div>\n<div id=\"frm_field_80_container\" class=\"frm_form_field form-field  frm_required_field frm_top_container frm_third\">\r\n    <label for=\"field_ville\" class=\"frm_primary_label\">Ville\r\n        <span class=\"frm_required\">*<\/span>\r\n    <\/label>\r\n    <input type=\"text\" id=\"field_ville\" name=\"item_meta[80]\" value=\"\"  data-reqmsg=\"Ce champ ne peut pas \u00eatre vide\" aria-required=\"true\" data-invmsg=\"Ville est non valide\" aria-invalid=\"false\"  \/>\r\n    \r\n    \r\n<\/div>\n<div id=\"frm_field_57_container\" class=\"frm_form_field form-field  frm_top_container\">\r\n    <label for=\"field_responsable3\" class=\"frm_primary_label\">Coordonn\u00e9es d'un responsable majeur si vous et\/ou le r\u00e9alisateur du film est mineur\r\n        <span class=\"frm_required\"><\/span>\r\n    <\/label>\r\n    <textarea name=\"item_meta[57]\" id=\"field_responsable3\" rows=\"5\"  data-invmsg=\"Coordonn\u00e9es d&#039;un responsable majeur si vous et\/ou le r\u00e9alisateur du film est mineur is invalid\" aria-invalid=\"false\"  ><\/textarea>\r\n    \r\n    \r\n<\/div>\n<div id=\"frm_field_58_container\" class=\"frm_form_field form-field  frm_required_field frm_top_container\">\r\n    <label for=\"field_titre3\" class=\"frm_primary_label\">Titre du film\r\n        <span class=\"frm_required\">*<\/span>\r\n    <\/label>\r\n    <input type=\"text\" id=\"field_titre3\" name=\"item_meta[58]\" value=\"\"  data-reqmsg=\"Ce champ ne peut pas \u00eatre vide\" aria-required=\"true\" data-invmsg=\"Titre du film est non valide\" aria-invalid=\"false\"  \/>\r\n    \r\n    \r\n<\/div>\n<div id=\"frm_field_59_container\" class=\"frm_form_field form-field  frm_top_container frm_first frm_third\">\r\n    <label for=\"field_nomreal3\" class=\"frm_primary_label\">Nom du r\u00e9alisateur\r\n        <span class=\"frm_required\"><\/span>\r\n    <\/label>\r\n    <input type=\"text\" id=\"field_nomreal3\" name=\"item_meta[59]\" value=\"\"  data-invmsg=\"Nom du r\u00e9alisateur est non valide\" aria-invalid=\"false\"   aria-describedby=\"frm_desc_field_nomreal3\"\/>\r\n    <div id=\"frm_desc_field_nomreal3\" class=\"frm_description\">Si ce n'est pas vous-m\u00eame<\/div>\r\n    \r\n<\/div>\n<div id=\"frm_field_60_container\" class=\"frm_form_field form-field  frm_top_container frm_third\">\r\n    <label for=\"field_prenomreal3\" class=\"frm_primary_label\">Pr\u00e9nom du r\u00e9alisateur\r\n        <span class=\"frm_required\"><\/span>\r\n    <\/label>\r\n    <input type=\"text\" id=\"field_prenomreal3\" name=\"item_meta[60]\" value=\"\"  data-invmsg=\"Pr\u00e9nom du r\u00e9alisateur est non valide\" aria-invalid=\"false\"  \/>\r\n    \r\n    \r\n<\/div>\n<div id=\"frm_field_61_container\" class=\"frm_form_field form-field  frm_top_container frm_third\">\r\n    <label for=\"field_agereal3\" class=\"frm_primary_label\">Age du r\u00e9alisateur si mineur\r\n        <span class=\"frm_required\"><\/span>\r\n    <\/label>\r\n    <input type=\"text\" id=\"field_agereal3\" name=\"item_meta[61]\" value=\"\"  style=\"width:60px\" maxlength=\"2\" data-invmsg=\"Age du r\u00e9alisateur si mineur est non valide\" class=\"auto_width\" aria-invalid=\"false\"   aria-describedby=\"frm_desc_field_agereal3\"\/>\r\n    <div id=\"frm_desc_field_agereal3\" class=\"frm_description\">Indiquez le contact d'un responsable l\u00e9gal ci-dessus<\/div>\r\n    \r\n<\/div>\n<div id=\"frm_field_62_container\" class=\"frm_form_field form-field  frm_required_field frm_inline_container frm_first frm_inline\">\r\n    <label for=\"field_dureemn\" class=\"frm_primary_label\">Dur\u00e9e du film :\r\n        <span class=\"frm_required\">*<\/span>\r\n    <\/label>\r\n    <input type=\"text\" id=\"field_dureemn\" name=\"item_meta[62]\" value=\"\"  style=\"width:120px\" maxlength=\"2\" placeholder=\"min\" data-reqmsg=\"Ce champ ne peut pas \u00eatre vide\" aria-required=\"true\" data-invmsg=\"Dur\u00e9e du film : est non valide\" class=\"auto_width\" aria-invalid=\"false\"   aria-describedby=\"frm_desc_field_dureemn\"\/>\r\n    <div id=\"frm_desc_field_dureemn\" class=\"frm_description\">Hors g\u00e9n\u00e9rique<\/div>\r\n    \r\n<\/div>\n<div id=\"frm_field_75_container\" class=\"frm_form_field form-field  frm_inline_container frm_inline\">\r\n    <label for=\"field_dureesec\" class=\"frm_primary_label\">\r\n        <span class=\"frm_required\"><\/span>\r\n    <\/label>\r\n    <input type=\"text\" id=\"field_dureesec\" name=\"item_meta[75]\" value=\"\"  style=\"width:120px\" maxlength=\"2\" placeholder=\"sec\" data-invmsg=\"est non valide\" class=\"auto_width\" aria-invalid=\"false\"  \/>\r\n    \r\n    \r\n<\/div>\n<div id=\"frm_field_74_container\" class=\"frm_form_field form-field  frm_required_field frm_top_container frm_inline\">\r\n    <label for=\"field_videodureemin\" class=\"frm_primary_label\">Dur\u00e9e totale :\r\n        <span class=\"frm_required\">*<\/span>\r\n    <\/label>\r\n    <input type=\"text\" id=\"field_videodureemin\" name=\"item_meta[74]\" value=\"\"  style=\"width:120px\" maxlength=\"2\" placeholder=\"min\" data-reqmsg=\"Ce champ ne peut pas \u00eatre vide\" aria-required=\"true\" data-invmsg=\"Dur\u00e9e totale : est non valide\" class=\"auto_width\" aria-invalid=\"false\"  \/>\r\n    \r\n    \r\n<\/div>\n<div id=\"frm_field_73_container\" class=\"frm_form_field form-field  frm_inline_container frm_inline\">\r\n    <label for=\"field_videodureesec\" class=\"frm_primary_label\">\r\n        <span class=\"frm_required\"><\/span>\r\n    <\/label>\r\n    <input type=\"text\" id=\"field_videodureesec\" name=\"item_meta[73]\" value=\"\"  style=\"width:120px\" maxlength=\"2\" placeholder=\"sec\" data-invmsg=\"est non valide\" class=\"auto_width\" aria-invalid=\"false\"  \/>\r\n    \r\n    \r\n<\/div>\n<div id=\"frm_field_64_container\" class=\"frm_form_field form-field  frm_top_container frm_first frm_half\">\r\n    <label for=\"field_lien3\" class=\"frm_primary_label\">Lien vers le film en ligne\r\n        <span class=\"frm_required\"><\/span>\r\n    <\/label>\r\n    <input type=\"url\" id=\"field_lien3\" name=\"item_meta[64]\" value=\"\"  data-invmsg=\"Lien vers le film en ligne est non valide\" aria-invalid=\"false\"   aria-describedby=\"frm_desc_field_lien3\"\/>\r\n    <div id=\"frm_desc_field_lien3\" class=\"frm_description\">Vous pouvez \u00e9galement transmettre un lien <a target=\"_blank\" href=\"mailto:inscription@toutcourtfestival.fr\">par email<font size=\"1px\"><<i>cliquez<\/i>><\/font><\/a>.<\/div>\r\n    \r\n<\/div>\n<div id=\"frm_field_65_container\" class=\"frm_form_field form-field  frm_top_container frm_half\">\r\n    <label for=\"field_loginpass3\" class=\"frm_primary_label\">Login et mot de passe pour acc\u00e9der au lien (si n\u00e9cessaire)\r\n        <span class=\"frm_required\"><\/span>\r\n    <\/label>\r\n    <input type=\"text\" id=\"field_loginpass3\" name=\"item_meta[65]\" value=\"\"  data-invmsg=\"Login et mot de passe pour acc\u00e9der au lien (si n\u00e9cessaire) est non valide\" aria-invalid=\"false\"  \/>\r\n    \r\n    \r\n<\/div>\n<div id=\"frm_field_66_container\" class=\"frm_form_field form-field  frm_required_field frm_top_container frm_first frm_sixth vertical_radio\">\r\n    <label  class=\"frm_primary_label\">Type de film\r\n        <span class=\"frm_required\">*<\/span>\r\n    <\/label>\r\n    <div class=\"frm_opt_container\">\t\t<div class=\"frm_radio\" id=\"frm_radio_66-1\">\t\t\t<label  for=\"field_type3-1\">\n\t\t\t\t\t<input type=\"radio\" name=\"item_meta[66]\" id=\"field_type3-1\" value=\"Prises de vues r\u00e9elles\"\n\t\t data-reqmsg=\"Ce champ ne peut pas \u00eatre vide\" data-invmsg=\"Type de film is invalid\"   \/> Prises de vues r\u00e9elles<\/label><\/div>\n\t\t<div class=\"frm_radio\" id=\"frm_radio_66-2\">\t\t\t<label  for=\"field_type3-2\">\n\t\t\t\t\t<input type=\"radio\" name=\"item_meta[66]\" id=\"field_type3-2\" value=\"Animation\"\n\t\t data-reqmsg=\"Ce champ ne peut pas \u00eatre vide\" data-invmsg=\"Type de film is invalid\"   \/> Animation<\/label><\/div>\n\t\t<div class=\"frm_radio\" id=\"frm_radio_66-3\">\t\t\t<label  for=\"field_type3-3\">\n\t\t\t\t\t<input type=\"radio\" name=\"item_meta[66]\" id=\"field_type3-3\" value=\"Autre\"\n\t\t data-reqmsg=\"Ce champ ne peut pas \u00eatre vide\" data-invmsg=\"Type de film is invalid\"   \/> Autre<\/label><\/div>\n<\/div>\r\n    \r\n    \r\n<\/div>\n<div id=\"frm_field_68_container\" class=\"frm_form_field form-field  frm_required_field frm_top_container frm_third\">\r\n    <label for=\"field_langue3\" class=\"frm_primary_label\">Langue du film, ou film muet\r\n        <span class=\"frm_required\">*<\/span>\r\n    <\/label>\r\n    <input type=\"text\" id=\"field_langue3\" name=\"item_meta[68]\" value=\"\"  data-reqmsg=\"Ce champ ne peut pas \u00eatre vide\" aria-required=\"true\" data-invmsg=\"Langue du film, ou film muet est non valide\" aria-invalid=\"false\"   aria-describedby=\"frm_desc_field_langue3\"\/>\r\n    <div id=\"frm_desc_field_langue3\" class=\"frm_description\">Dans le cas d'un film non francophone, vous devez fournir des sous-titres fran\u00e7ais avec votre vid\u00e9o<\/div>\r\n    \r\n<\/div>\n<div id=\"frm_field_67_container\" class=\"frm_form_field form-field  frm_required_field frm_top_container frm_third\">\r\n    <label for=\"field_genre3\" class=\"frm_primary_label\">Genre du film\r\n        <span class=\"frm_required\">*<\/span>\r\n    <\/label>\r\n    <input type=\"text\" id=\"field_genre3\" name=\"item_meta[67]\" value=\"\"  data-reqmsg=\"Ce champ ne peut pas \u00eatre vide\" aria-required=\"true\" data-invmsg=\"Genre du film est non valide\" aria-invalid=\"false\"  \/>\r\n    \r\n    \r\n<\/div>\n<div id=\"frm_field_69_container\" class=\"frm_form_field form-field  frm_required_field frm_top_container\">\r\n    <label for=\"field_synopsis3\" class=\"frm_primary_label\">Synopsis\r\n        <span class=\"frm_required\">*<\/span>\r\n    <\/label>\r\n    <textarea name=\"item_meta[69]\" id=\"field_synopsis3\" rows=\"5\"  data-reqmsg=\"Ce champ ne peut pas \u00eatre vide\" aria-required=\"true\" data-invmsg=\"Synopsis is invalid\" aria-invalid=\"false\"   aria-describedby=\"frm_desc_field_synopsis3\"><\/textarea>\r\n    <div id=\"frm_desc_field_synopsis3\" class=\"frm_description\">Restez concis sans quoi on devra couper pour le programme!<\/div>\r\n    \r\n<\/div>\n<div id=\"frm_field_70_container\" class=\"frm_form_field form-field  frm_top_container\">\r\n    <label for=\"field_contexte3\" class=\"frm_primary_label\">Contexte de production (facultatif)\r\n        <span class=\"frm_required\"><\/span>\r\n    <\/label>\r\n    <textarea name=\"item_meta[70]\" id=\"field_contexte3\" rows=\"5\"  data-invmsg=\"Contexte de production (facultatif) is invalid\" aria-invalid=\"false\"   aria-describedby=\"frm_desc_field_contexte3\"><\/textarea>\r\n    <div id=\"frm_desc_field_contexte3\" class=\"frm_description\">D\u00e9crire ici comment ce film a \u00e9t\u00e9 r\u00e9alis\u00e9, par qui, dans quel contexte, etc... Ou toute autre information que vous aimeriez nous communiquer. Ces informations seront transmises au comit\u00e9 de s\u00e9lection qui en tiendra compte lors de ses d\u00e9lib\u00e9rations.<\/div>\r\n    \r\n<\/div>\n<div id=\"frm_field_71_container\" class=\"frm_form_field form-field  frm_required_field frm_none_container vertical_radio\">\r\n    <label  class=\"frm_primary_label\">Droits\r\n        <span class=\"frm_required\">*<\/span>\r\n    <\/label>\r\n    <div class=\"frm_opt_container\">\t\t<div class=\"frm_checkbox\" id=\"frm_checkbox_71-0\">\t\t\t<label  for=\"field_droits-0\">\n\t\t\t<input type=\"checkbox\" name=\"item_meta[71][]\" id=\"field_droits-0\" value=\"Je d\u00e9clare \u00eatre d\u00e9tenteur des droits d&#039;exploitation de tous les \u00e9l\u00e9ments li\u00e9s au film (musiques, images...)\"  data-reqmsg=\"Ce champ ne peut pas \u00eatre vide\" data-invmsg=\"Droits is invalid\"   aria-required=\"true\"  \/> Je d\u00e9clare \u00eatre d\u00e9tenteur des droits d'exploitation de tous les \u00e9l\u00e9ments li\u00e9s au film (musiques, images...)<\/label><\/div>\n<\/div>\r\n    \r\n    \r\n<\/div>\n<div id=\"frm_field_72_container\" class=\"frm_form_field form-field  frm_required_field frm_none_container vertical_radio\">\r\n    <label  class=\"frm_primary_label\">R\u00e8glement\r\n        <span class=\"frm_required\">*<\/span> \r\n    <\/label>\r\n    <div class=\"frm_opt_container\">\t\t<div class=\"frm_checkbox\" id=\"frm_checkbox_72-0\">\t\t\t<label  for=\"field_reglement-0\">\n\t\t\t<input type=\"checkbox\" name=\"item_meta[72][]\" id=\"field_reglement-0\" value=\"J&#039;ai lu &lt;a target=&quot;_blank&quot; href=&quot;http:\/\/toutcourtfestival.fr\/wp-content\/uploads\/2018\/10\/Tout-court-R%C3%A8glement-appel-%C3%A0-films-%C3%A9dition-n%C2%B03.pdf&quot;&gt;le r\u00e8glement du festival &lt;&lt;i&gt;cliquez&lt;\/i&gt;&gt;&lt;\/a&gt; et j&#039;en accepte les conditions.\"  data-reqmsg=\"Ce champ ne peut pas \u00eatre vide\" data-invmsg=\"R\u00e8glement is invalid\"   aria-required=\"true\"  \/> J'ai lu <a target=\"_blank\" href=\"http:\/\/toutcourtfestival.fr\/wp-content\/uploads\/2018\/10\/Tout-court-R%C3%A8glement-appel-%C3%A0-films-%C3%A9dition-n%C2%B03.pdf\">le r\u00e8glement du festival &lt;<i>cliquez<\/i>&gt;<\/a> et j'en accepte les conditions.<\/label><\/div>\n<\/div>\r\n    \r\n    \r\n<\/div>\n<div id=\"frm_field_157_container\" class=\"frm_form_field form-field  frm_none_container\">\r\n    <label for=\"g-recaptcha-response\" class=\"frm_primary_label\">reCAPTCHA\r\n        <span class=\"frm_required\"><\/span>\r\n    <\/label>\r\n    <div  id=\"field_ksj57\" class=\"g-recaptcha\" data-sitekey=\"6LfB8D0UAAAAAN2fwegoas13uWQGkdbbl7Czed16\" data-size=\"normal\" data-theme=\"light\"><\/div>\r\n    \r\n    \r\n<\/div>\n\t<input type=\"hidden\" name=\"item_key\" value=\"\" \/>\n\t\t\t<div id=\"frm_field_194_container\">\n\t\t\t<label for=\"field_mahr5\" >\n\t\t\t\tIf you are human, leave this field blank.\t\t\t<\/label>\n\t\t\t<input  id=\"field_mahr5\" type=\"text\" class=\"frm_form_field form-field frm_verify\" name=\"item_meta[194]\" value=\"\"  \/>\n\t\t<\/div>\n\t\t<input name=\"frm_state\" type=\"hidden\" value=\"TEw7kPY1mTk97SlK5yCnInJZb8yOY74d3obeJ90APgk=\" \/><div class=\"frm_submit\">\r\n\r\n<button class=\"frm_button_submit\" type=\"submit\"  >Envoyer<\/button>\r\n\r\n<\/div><\/div>\n<\/fieldset>\n<\/div>\n\n<p style=\"display: none !important;\" class=\"akismet-fields-container\" data-prefix=\"ak_\"><label>&#916;<textarea name=\"ak_hp_textarea\" cols=\"45\" rows=\"8\" maxlength=\"100\"><\/textarea><\/label><input type=\"hidden\" id=\"ak_js_1\" name=\"ak_js\" value=\"244\"\/><script>document.getElementById( \"ak_js_1\" ).setAttribute( \"value\", ( new Date() ).getTime() );<\/script><\/p><\/form>\n<\/div>\n<\/div><\/div><\/div><\/div><\/div><div id=\"pg-6172-2\"  class=\"panel-grid panel-no-style\" ><div id=\"pgc-6172-2-0\"  class=\"panel-grid-cell\" ><div id=\"panel-6172-2-0-0\" class=\"so-panel widget widget_text panel-first-child panel-last-child\" data-index=\"3\" >\t\t\t<div class=\"textwidget\"><style>.entry-title {display:none;}<\/style> <\/div>\n\t\t<\/div><\/div><\/div><\/div>","protected":false},"excerpt":{"rendered":"<p>Appel \u00e0 film : section amateur <\/p>\n<p style=\"text-align: justify;\">L&#8217;inscription \u00e0 la Section Amateur peut se faire soit \u00e0 travers la plate-forme <a href=\"http:\/\/www.filmfestplatform.com\" target=\"_blank\" rel=\"noopener\">filmfestplatform.com<\/a>, soit en utilisant le formulaire ci-dessous.<\/p>\n<p style=\"text-align: justify;\">Crit\u00e8res des films :<\/p>\n<ul style=\"text-align: justify;\">\n<li>Fiction<\/li>\n<li>Dur\u00e9e maximale 15 minutes (g\u00e9n\u00e9rique non compris)<\/li>\n<li>Tout public<\/li>\n<li>Sous-titres fran\u00e7ais pour les films &hellip;\n<p><a class=\"more-link btn\" href=\"https:\/\/toutcourtfestival.fr\/index.php\/appel-a-films-2020\/appel-a-film-section-amateur\/\">Continue reading<\/a><\/p>\n<\/li>\n<\/ul>\n","protected":false},"author":1,"featured_media":0,"parent":7353,"menu_order":0,"comment_status":"closed","ping_status":"closed","template":"","meta":{"ngg_post_thumbnail":0,"jetpack_post_was_ever_published":false,"footnotes":""},"class_list":["post-6172","page","type-page","status-publish","hentry","nodate","item-wrap"],"jetpack_sharing_enabled":true,"jetpack_shortlink":"https:\/\/wp.me\/P8k6iw-1By","jetpack_likes_enabled":true,"_links":{"self":[{"href":"https:\/\/toutcourtfestival.fr\/index.php\/wp-json\/wp\/v2\/pages\/6172","targetHints":{"allow":["GET"]}}],"collection":[{"href":"https:\/\/toutcourtfestival.fr\/index.php\/wp-json\/wp\/v2\/pages"}],"about":[{"href":"https:\/\/toutcourtfestival.fr\/index.php\/wp-json\/wp\/v2\/types\/page"}],"author":[{"embeddable":true,"href":"https:\/\/toutcourtfestival.fr\/index.php\/wp-json\/wp\/v2\/users\/1"}],"replies":[{"embeddable":true,"href":"https:\/\/toutcourtfestival.fr\/index.php\/wp-json\/wp\/v2\/comments?post=6172"}],"version-history":[{"count":0,"href":"https:\/\/toutcourtfestival.fr\/index.php\/wp-json\/wp\/v2\/pages\/6172\/revisions"}],"up":[{"embeddable":true,"href":"https:\/\/toutcourtfestival.fr\/index.php\/wp-json\/wp\/v2\/pages\/7353"}],"wp:attachment":[{"href":"https:\/\/toutcourtfestival.fr\/index.php\/wp-json\/wp\/v2\/media?parent=6172"}],"curies":[{"name":"wp","href":"https:\/\/api.w.org\/{rel}","templated":true}]}}