{"id":6448,"date":"2019-03-17T19:10:39","date_gmt":"2019-03-17T18:10:39","guid":{"rendered":"http:\/\/toutcourtfestival.fr\/?page_id=6448"},"modified":"2019-04-21T21:18:22","modified_gmt":"2019-04-21T19:18:22","slug":"selections-2019-competition-tc","status":"publish","type":"page","link":"https:\/\/toutcourtfestival.fr\/index.php\/selections-2019\/selections-2019-competition-tc\/","title":{"rendered":"S\u00e9lections 2019 &#8211; Comp\u00e9tition TC"},"content":{"rendered":"<div id=\"pl-6448\"  class=\"panel-layout\" ><div id=\"pg-6448-0\"  class=\"panel-grid panel-no-style\" ><div id=\"pgc-6448-0-0\"  class=\"panel-grid-cell\" ><div id=\"panel-6448-0-0-0\" class=\"so-panel widget widget_sow-headline panel-first-child panel-last-child\" data-index=\"0\" ><div\n\t\t\t\n\t\t\tclass=\"so-widget-sow-headline so-widget-sow-headline-default-88db78fa6322-6448\"\n\t\t\t\n\t\t><div class=\"sow-headline-container \">\n\t\t\t\t\t\t\t<h1 class=\"sow-headline\">\n\t\t\t\t\t\tS\u00e9lection comp\u00e9tition Tout Court !\t\t\t\t\t\t<\/h1>\n\t\t\t\t\t\t\t\t\t\t\t<div class=\"decoration\">\n\t\t\t\t\t\t<div class=\"decoration-inside\"><\/div>\n\t\t\t\t\t<\/div>\n\t\t\t\t\t\t\t\t\t\t\t<h3 class=\"sow-sub-headline\">\n\t\t\t\t\t\tS\u00e9lections comp\u00e9tition\t\t\t\t\t\t<\/h3>\n\t\t\t\t\t\t<\/div>\n<\/div><\/div><\/div><\/div><div id=\"pg-6448-1\"  class=\"panel-grid panel-no-style\" ><div id=\"pgc-6448-1-0\"  class=\"panel-grid-cell panel-grid-cell-empty\" ><\/div><div id=\"pgc-6448-1-1\"  class=\"panel-grid-cell panel-grid-cell-mobile-last\" ><div id=\"panel-6448-1-1-0\" class=\"so-panel widget widget_sow-editor panel-first-child panel-last-child\" data-index=\"1\" ><div\n\t\t\t\n\t\t\tclass=\"so-widget-sow-editor so-widget-sow-editor-base\"\n\t\t\t\n\t\t>\n<div class=\"siteorigin-widget-tinymce textwidget\">\n\t<p style=\"text-align: justify;\"><span style=\"font-size: 12pt;\">Films s\u00e9lectionn\u00e9s pour la comp\u00e9tition par les jeunes de l'association Tout Court ! Oise, encadr\u00e9s par les b\u00e9n\u00e9voles de l'association. Pendant 4 mois ils ont regard\u00e9 et not\u00e9 des centaines de films ! Avant d'arriver peu \u00e0 peu \u00e0 leur s\u00e9lection finale.<\/span><\/p>\n<p style=\"text-align: center;\"><span style=\"font-size: 12pt;\"><em><strong>7 films<\/strong> - Dur\u00e9e 1'18 plus \u00e9changes avec les artistes.<\/em><\/span><\/p>\n<p style=\"text-align: center;\"><span style=\"font-size: 12pt;\"><em>Projection le <strong>samedi 11 mai 2019 <\/strong>\u00e0 <strong>17h30<\/strong> \u00e0 la <strong>nouvelle salle polyvalente de Gisors<\/strong><\/em><\/span><\/p>\n<\/div>\n<\/div><\/div><\/div><div id=\"pgc-6448-1-2\"  class=\"panel-grid-cell panel-grid-cell-empty\" ><\/div><\/div><div id=\"pg-6448-2\"  class=\"panel-grid panel-no-style\" ><div id=\"pgc-6448-2-0\"  class=\"panel-grid-cell\" ><div id=\"panel-6448-2-0-0\" class=\"so-panel widget widget_sow-headline panel-first-child panel-last-child\" data-index=\"2\" ><div\n\t\t\t\n\t\t\tclass=\"so-widget-sow-headline so-widget-sow-headline-default-6090f20097d1-6448\"\n\t\t\t\n\t\t><div class=\"sow-headline-container \">\n\t\t\t\t\t\t<div class=\"decoration\">\n\t\t\t\t\t\t<div class=\"decoration-inside\"><\/div>\n\t\t\t\t\t<\/div>\n\t\t\t\t\t<\/div>\n<\/div><\/div><\/div><\/div><div id=\"pg-6448-3\"  class=\"panel-grid panel-has-style\" ><div class=\"panel-row-style panel-row-style-for-6448-3\" ><div id=\"pgc-6448-3-0\"  class=\"panel-grid-cell\" ><div id=\"panel-6448-3-0-0\" class=\"so-panel widget widget_sow-editor panel-first-child\" data-index=\"3\" ><div class=\"panel-widget-style panel-widget-style-for-6448-3-0-0\" ><div\n\t\t\t\n\t\t\tclass=\"so-widget-sow-editor so-widget-sow-editor-base\"\n\t\t\t\n\t\t>\n<div class=\"siteorigin-widget-tinymce textwidget\">\n\t<h1 style=\"text-align: justify;\"><span style=\"color: #e6e6e6;\"><strong>Hors Piste<\/strong><\/span><\/h1>\n<\/div>\n<\/div><\/div><\/div><div id=\"panel-6448-3-0-1\" class=\"so-panel widget widget_siteorigin-panels-builder panel-last-child\" data-index=\"4\" ><div id=\"pl-w5c8e86dc5f8db\"  class=\"panel-layout\" ><div id=\"pg-w5c8e86dc5f8db-0\"  class=\"panel-grid panel-no-style\" ><div id=\"pgc-w5c8e86dc5f8db-0-0\"  class=\"panel-grid-cell panel-grid-cell-empty\" ><\/div><div id=\"pgc-w5c8e86dc5f8db-0-1\"  class=\"panel-grid-cell\" ><div id=\"panel-w5c8e86dc5f8db-0-1-0\" class=\"so-panel widget widget_sow-image panel-first-child panel-last-child\" data-index=\"0\" ><div class=\"panel-widget-style panel-widget-style-for-w5c8e86dc5f8db-0-1-0\" ><div\n\t\t\t\n\t\t\tclass=\"so-widget-sow-image so-widget-sow-image-default-4e6925654b7a\"\n\t\t\t\n\t\t>\n<div class=\"sow-image-container\">\n\t\t<img \n\tsrc=\"https:\/\/i0.wp.com\/toutcourtfestival.fr\/wp-content\/uploads\/2019\/03\/HORS-PISTE-1_ref-small.png?resize=272%2C182&amp;ssl=1\" width=\"272\" height=\"182\" srcset=\"https:\/\/i0.wp.com\/toutcourtfestival.fr\/wp-content\/uploads\/2019\/03\/HORS-PISTE-1_ref-small.png?resize=272%2C182&amp;ssl=1 272w, https:\/\/i0.wp.com\/toutcourtfestival.fr\/wp-content\/uploads\/2019\/03\/HORS-PISTE-1_ref-small.png?zoom=2&amp;resize=272%2C182&amp;ssl=1 544w\" title=\"HORS PISTE 1_ref &#8211; small\" alt=\"\" \t\tclass=\"so-widget-image\"\/>\n\t<\/div>\n\n<\/div><\/div><\/div><\/div><div id=\"pgc-w5c8e86dc5f8db-0-2\"  class=\"panel-grid-cell\" ><div id=\"panel-w5c8e86dc5f8db-0-2-0\" class=\"so-panel widget widget_sow-editor panel-first-child panel-last-child\" data-index=\"1\" ><div\n\t\t\t\n\t\t\tclass=\"so-widget-sow-editor so-widget-sow-editor-base\"\n\t\t\t\n\t\t>\n<div class=\"siteorigin-widget-tinymce textwidget\">\n\t<p style=\"text-align: justify;\"><span style=\"font-size: 12pt; color: #e6e6e6;\"><em>Com\u00e9die de L\u00e9o BRUNEL, Loris CAVALIER, Camille JALABERT, Oscar MALET - 06:01 [Film d'animation]<br \/>\n<\/em><\/span><\/p>\n<p style=\"text-align: justify;\"><span style=\"font-size: 12pt; color: #e6e6e6;\">Les deux meilleurs sauveteurs de la r\u00e9gion s\u2019envolent pour une \u00e9ni\u00e8me mission. Professionnalisme et efficacit\u00e9 sont au rendez-vous, pourtant tout ne se passe pas comme pr\u00e9vu\u2026<\/span><\/p>\n<\/div>\n<\/div><\/div><\/div><\/div><\/div><\/div><\/div><\/div><\/div><div id=\"pg-6448-4\"  class=\"panel-grid panel-has-style\" ><div class=\"panel-row-style panel-row-style-for-6448-4\" ><div id=\"pgc-6448-4-0\"  class=\"panel-grid-cell\" ><div id=\"panel-6448-4-0-0\" class=\"so-panel widget widget_sow-editor panel-first-child\" data-index=\"5\" ><div class=\"panel-widget-style panel-widget-style-for-6448-4-0-0\" ><div\n\t\t\t\n\t\t\tclass=\"so-widget-sow-editor so-widget-sow-editor-base\"\n\t\t\t\n\t\t>\n<div class=\"siteorigin-widget-tinymce textwidget\">\n\t<h1 style=\"text-align: justify;\"><b>The Stained Club<\/b><\/h1>\n<\/div>\n<\/div><\/div><\/div><div id=\"panel-6448-4-0-1\" class=\"so-panel widget widget_siteorigin-panels-builder panel-last-child\" data-index=\"6\" ><div id=\"pl-w5c8e88272727e\"  class=\"panel-layout\" ><div id=\"pg-w5c8e88272727e-0\"  class=\"panel-grid panel-no-style\" ><div id=\"pgc-w5c8e88272727e-0-0\"  class=\"panel-grid-cell panel-grid-cell-empty\" ><\/div><div id=\"pgc-w5c8e88272727e-0-1\"  class=\"panel-grid-cell\" ><div id=\"panel-w5c8e88272727e-0-1-0\" class=\"so-panel widget widget_sow-image panel-first-child panel-last-child\" data-index=\"0\" ><div class=\"panel-widget-style panel-widget-style-for-w5c8e88272727e-0-1-0\" ><div\n\t\t\t\n\t\t\tclass=\"so-widget-sow-image so-widget-sow-image-default-4e6925654b7a\"\n\t\t\t\n\t\t>\n<div class=\"sow-image-container\">\n\t\t<img \n\tsrc=\"https:\/\/i0.wp.com\/toutcourtfestival.fr\/wp-content\/uploads\/2019\/03\/photo2_The_Stained_Club.jpeg?resize=272%2C182&amp;ssl=1\" width=\"272\" height=\"182\" srcset=\"https:\/\/i0.wp.com\/toutcourtfestival.fr\/wp-content\/uploads\/2019\/03\/photo2_The_Stained_Club.jpeg?resize=272%2C182&amp;ssl=1 272w, https:\/\/i0.wp.com\/toutcourtfestival.fr\/wp-content\/uploads\/2019\/03\/photo2_The_Stained_Club.jpeg?zoom=2&amp;resize=272%2C182&amp;ssl=1 544w, https:\/\/i0.wp.com\/toutcourtfestival.fr\/wp-content\/uploads\/2019\/03\/photo2_The_Stained_Club.jpeg?zoom=3&amp;resize=272%2C182&amp;ssl=1 816w\" alt=\"\" \t\tclass=\"so-widget-image\"\/>\n\t<\/div>\n\n<\/div><\/div><\/div><\/div><div id=\"pgc-w5c8e88272727e-0-2\"  class=\"panel-grid-cell\" ><div id=\"panel-w5c8e88272727e-0-2-0\" class=\"so-panel widget widget_sow-editor panel-first-child panel-last-child\" data-index=\"1\" ><div\n\t\t\t\n\t\t\tclass=\"so-widget-sow-editor so-widget-sow-editor-base\"\n\t\t\t\n\t\t>\n<div class=\"siteorigin-widget-tinymce textwidget\">\n\t<p style=\"text-align: justify;\"><span style=\"font-size: 12pt;\"><em>Science-fiction de M\u00e9lanie Lopez - 06:39 [Film d'animation]<br \/>\n<\/em><\/span><\/p>\n<p style=\"text-align: justify;\"><span style=\"font-size: 12pt;\">Finn a des taches sur son corps. Un jour, il rencontre un groupe d'enfants avec des taches diff\u00e9rentes. Un jour, il comprend que ces taches ne sont pas justes jolies.<\/span><\/p>\n<\/div>\n<\/div><\/div><\/div><\/div><\/div><\/div><\/div><\/div><\/div><div id=\"pg-6448-5\"  class=\"panel-grid panel-has-style\" ><div class=\"panel-row-style panel-row-style-for-6448-5\" ><div id=\"pgc-6448-5-0\"  class=\"panel-grid-cell\" ><div id=\"panel-6448-5-0-0\" class=\"so-panel widget widget_sow-editor panel-first-child\" data-index=\"7\" ><div class=\"panel-widget-style panel-widget-style-for-6448-5-0-0\" ><div\n\t\t\t\n\t\t\tclass=\"so-widget-sow-editor so-widget-sow-editor-base\"\n\t\t\t\n\t\t>\n<div class=\"siteorigin-widget-tinymce textwidget\">\n\t<h1 style=\"text-align: justify;\"><span style=\"color: #e6e6e6;\"><b>La collection<\/b><\/span><b><\/b><\/h1>\n<\/div>\n<\/div><\/div><\/div><div id=\"panel-6448-5-0-1\" class=\"so-panel widget widget_siteorigin-panels-builder panel-last-child\" data-index=\"8\" ><div id=\"pl-w5c8e88d0594bb\"  class=\"panel-layout\" ><div id=\"pg-w5c8e88d0594bb-0\"  class=\"panel-grid panel-no-style\" ><div id=\"pgc-w5c8e88d0594bb-0-0\"  class=\"panel-grid-cell panel-grid-cell-empty\" ><\/div><div id=\"pgc-w5c8e88d0594bb-0-1\"  class=\"panel-grid-cell\" ><div id=\"panel-w5c8e88d0594bb-0-1-0\" class=\"so-panel widget widget_sow-image panel-first-child panel-last-child\" data-index=\"0\" ><div class=\"panel-widget-style panel-widget-style-for-w5c8e88d0594bb-0-1-0\" ><div\n\t\t\t\n\t\t\tclass=\"so-widget-sow-image so-widget-sow-image-default-4e6925654b7a\"\n\t\t\t\n\t\t>\n<div class=\"sow-image-container\">\n\t\t<img \n\tsrc=\"https:\/\/i0.wp.com\/toutcourtfestival.fr\/wp-content\/uploads\/2019\/03\/photo1_La_COLLECTION.png?resize=272%2C182&amp;ssl=1\" width=\"272\" height=\"182\" srcset=\"https:\/\/i0.wp.com\/toutcourtfestival.fr\/wp-content\/uploads\/2019\/03\/photo1_La_COLLECTION.png?resize=272%2C182&amp;ssl=1 272w, https:\/\/i0.wp.com\/toutcourtfestival.fr\/wp-content\/uploads\/2019\/03\/photo1_La_COLLECTION.png?zoom=2&amp;resize=272%2C182&amp;ssl=1 544w, https:\/\/i0.wp.com\/toutcourtfestival.fr\/wp-content\/uploads\/2019\/03\/photo1_La_COLLECTION.png?zoom=3&amp;resize=272%2C182&amp;ssl=1 816w\" alt=\"\" \t\tclass=\"so-widget-image\"\/>\n\t<\/div>\n\n<\/div><\/div><\/div><\/div><div id=\"pgc-w5c8e88d0594bb-0-2\"  class=\"panel-grid-cell\" ><div id=\"panel-w5c8e88d0594bb-0-2-0\" class=\"so-panel widget widget_sow-editor panel-first-child panel-last-child\" data-index=\"1\" ><div\n\t\t\t\n\t\t\tclass=\"so-widget-sow-editor so-widget-sow-editor-base\"\n\t\t\t\n\t\t>\n<div class=\"siteorigin-widget-tinymce textwidget\">\n\t<p style=\"text-align: justify;\"><span style=\"font-size: 12pt; color: #e6e6e6;\"><em>Drame de Emmanuel Blanchard - 13:00<br \/>\n<\/em><\/span><\/p>\n<p style=\"text-align: justify;\"><span style=\"font-size: 12pt; color: #e6e6e6;\">Paris, 1942. En pleine Occupation, Victor Gence, un marchand sans scrupules, rach\u00e8te \u00e0 vil prix les \u0153uvres d\u2019arts de collectionneurs juifs. Renseign\u00e9 par une concierge, il r\u00e9ussit \u00e0 s\u2019introduire dans l\u2019appartement de Monsieur Klein, qui semble disposer d\u2019une collection proprement fabuleuse.<br \/>\n<\/span><\/p>\n<\/div>\n<\/div><\/div><\/div><\/div><\/div><\/div><\/div><\/div><\/div><div id=\"pg-6448-6\"  class=\"panel-grid panel-has-style\" ><div class=\"panel-row-style panel-row-style-for-6448-6\" ><div id=\"pgc-6448-6-0\"  class=\"panel-grid-cell\" ><div id=\"panel-6448-6-0-0\" class=\"so-panel widget widget_sow-editor panel-first-child\" data-index=\"9\" ><div class=\"panel-widget-style panel-widget-style-for-6448-6-0-0\" ><div\n\t\t\t\n\t\t\tclass=\"so-widget-sow-editor so-widget-sow-editor-base\"\n\t\t\t\n\t\t>\n<div class=\"siteorigin-widget-tinymce textwidget\">\n\t<h1 style=\"text-align: justify;\"><b>Le Mans 1955<br \/>\n<\/b><\/h1>\n<\/div>\n<\/div><\/div><\/div><div id=\"panel-6448-6-0-1\" class=\"so-panel widget widget_siteorigin-panels-builder panel-last-child\" data-index=\"10\" ><div id=\"pl-w5c8e8a1f1d4e9\"  class=\"panel-layout\" ><div id=\"pg-w5c8e8a1f1d4e9-0\"  class=\"panel-grid panel-no-style\" ><div id=\"pgc-w5c8e8a1f1d4e9-0-0\"  class=\"panel-grid-cell panel-grid-cell-empty\" ><\/div><div id=\"pgc-w5c8e8a1f1d4e9-0-1\"  class=\"panel-grid-cell\" ><div id=\"panel-w5c8e8a1f1d4e9-0-1-0\" class=\"so-panel widget widget_sow-image panel-first-child panel-last-child\" data-index=\"0\" ><div class=\"panel-widget-style panel-widget-style-for-w5c8e8a1f1d4e9-0-1-0\" ><div\n\t\t\t\n\t\t\tclass=\"so-widget-sow-image so-widget-sow-image-default-4e6925654b7a\"\n\t\t\t\n\t\t>\n<div class=\"sow-image-container\">\n\t\t<img \n\tsrc=\"https:\/\/i0.wp.com\/toutcourtfestival.fr\/wp-content\/uploads\/2019\/03\/photo1_Le_Mans_1955.jpeg?resize=272%2C182&amp;ssl=1\" width=\"272\" height=\"182\" srcset=\"https:\/\/i0.wp.com\/toutcourtfestival.fr\/wp-content\/uploads\/2019\/03\/photo1_Le_Mans_1955.jpeg?resize=272%2C182&amp;ssl=1 272w, https:\/\/i0.wp.com\/toutcourtfestival.fr\/wp-content\/uploads\/2019\/03\/photo1_Le_Mans_1955.jpeg?zoom=2&amp;resize=272%2C182&amp;ssl=1 544w, https:\/\/i0.wp.com\/toutcourtfestival.fr\/wp-content\/uploads\/2019\/03\/photo1_Le_Mans_1955.jpeg?zoom=3&amp;resize=272%2C182&amp;ssl=1 816w\" alt=\"\" \t\tclass=\"so-widget-image\"\/>\n\t<\/div>\n\n<\/div><\/div><\/div><\/div><div id=\"pgc-w5c8e8a1f1d4e9-0-2\"  class=\"panel-grid-cell\" ><div id=\"panel-w5c8e8a1f1d4e9-0-2-0\" class=\"so-panel widget widget_sow-editor panel-first-child panel-last-child\" data-index=\"1\" ><div\n\t\t\t\n\t\t\tclass=\"so-widget-sow-editor so-widget-sow-editor-base\"\n\t\t\t\n\t\t>\n<div class=\"siteorigin-widget-tinymce textwidget\">\n\t<p style=\"text-align: justify;\"><span style=\"font-size: 12pt; font-family: arial, helvetica, sans-serif;\"><em>Drame de Quentin Baillieux - 15:00 [Film d'animation]<br \/>\n<\/em><\/span><\/p>\n<p style=\"text-align: justify;\"><span style=\"font-size: 12pt;\">24h du Mans, 1955. La course est grandiose. Il y a 300 000 spectateurs. Il est 18h quand la voiture de Pierre Levegh va s'exploser dans les gradins. C'est l'h\u00e9catombe, il y a 80 morts. Mais la course continue. Pierre Levegh a un co-pilote et ami qui attend de prendre son relais : John Fitch\u2026<\/span><\/p>\n<\/div>\n<\/div><\/div><\/div><\/div><\/div><\/div><\/div><\/div><\/div><div id=\"pg-6448-7\"  class=\"panel-grid panel-has-style\" ><div class=\"panel-row-style panel-row-style-for-6448-7\" ><div id=\"pgc-6448-7-0\"  class=\"panel-grid-cell\" ><div id=\"panel-6448-7-0-0\" class=\"so-panel widget widget_sow-editor panel-first-child\" data-index=\"11\" ><div class=\"panel-widget-style panel-widget-style-for-6448-7-0-0\" ><div\n\t\t\t\n\t\t\tclass=\"so-widget-sow-editor so-widget-sow-editor-base\"\n\t\t\t\n\t\t>\n<div class=\"siteorigin-widget-tinymce textwidget\">\n\t<h1 style=\"text-align: justify;\"><span style=\"color: #e6e6e6;\"><b>Monsieur Henderson<br \/>\n<\/b><\/span><\/h1>\n<\/div>\n<\/div><\/div><\/div><div id=\"panel-6448-7-0-1\" class=\"so-panel widget widget_siteorigin-panels-builder panel-last-child\" data-index=\"12\" ><div id=\"pl-w5c8e8ab8972dc\"  class=\"panel-layout\" ><div id=\"pg-w5c8e8ab8972dc-0\"  class=\"panel-grid panel-no-style\" ><div id=\"pgc-w5c8e8ab8972dc-0-0\"  class=\"panel-grid-cell panel-grid-cell-empty\" ><\/div><div id=\"pgc-w5c8e8ab8972dc-0-1\"  class=\"panel-grid-cell\" ><div id=\"panel-w5c8e8ab8972dc-0-1-0\" class=\"so-panel widget widget_sow-image panel-first-child panel-last-child\" data-index=\"0\" ><div class=\"panel-widget-style panel-widget-style-for-w5c8e8ab8972dc-0-1-0\" ><div\n\t\t\t\n\t\t\tclass=\"so-widget-sow-image so-widget-sow-image-default-4e6925654b7a\"\n\t\t\t\n\t\t>\n<div class=\"sow-image-container\">\n\t\t<img \n\tsrc=\"https:\/\/i0.wp.com\/toutcourtfestival.fr\/wp-content\/uploads\/2019\/03\/photo1_Monsieur_Henderson.png?resize=272%2C182&amp;ssl=1\" width=\"272\" height=\"182\" srcset=\"https:\/\/i0.wp.com\/toutcourtfestival.fr\/wp-content\/uploads\/2019\/03\/photo1_Monsieur_Henderson.png?resize=272%2C182&amp;ssl=1 272w, https:\/\/i0.wp.com\/toutcourtfestival.fr\/wp-content\/uploads\/2019\/03\/photo1_Monsieur_Henderson.png?zoom=2&amp;resize=272%2C182&amp;ssl=1 544w, https:\/\/i0.wp.com\/toutcourtfestival.fr\/wp-content\/uploads\/2019\/03\/photo1_Monsieur_Henderson.png?zoom=3&amp;resize=272%2C182&amp;ssl=1 816w\" alt=\"\" \t\tclass=\"so-widget-image\"\/>\n\t<\/div>\n\n<\/div><\/div><\/div><\/div><div id=\"pgc-w5c8e8ab8972dc-0-2\"  class=\"panel-grid-cell\" ><div id=\"panel-w5c8e8ab8972dc-0-2-0\" class=\"so-panel widget widget_sow-editor panel-first-child panel-last-child\" data-index=\"1\" ><div\n\t\t\t\n\t\t\tclass=\"so-widget-sow-editor so-widget-sow-editor-base\"\n\t\t\t\n\t\t>\n<div class=\"siteorigin-widget-tinymce textwidget\">\n\t<p style=\"text-align: justify;\"><span style=\"font-size: 12pt; color: #e6e6e6;\"><em>Com\u00e9die de Thomas Scohy - 14:35<\/em><\/span><\/p>\n<p style=\"text-align: justify;\"><span style=\"font-size: 12pt; color: #e6e6e6;\">Auguste Loiseau, consciencieux thanatopracteur, rencontre une adolescente un peu \u00e9trange lors des soins fun\u00e9raires sur la d\u00e9pouille de Monsieur Henderson.<\/span><\/p>\n<\/div>\n<\/div><\/div><\/div><\/div><\/div><\/div><\/div><\/div><\/div><div id=\"pg-6448-8\"  class=\"panel-grid panel-has-style\" ><div class=\"panel-row-style panel-row-style-for-6448-8\" ><div id=\"pgc-6448-8-0\"  class=\"panel-grid-cell\" ><div id=\"panel-6448-8-0-0\" class=\"so-panel widget widget_sow-editor panel-first-child\" data-index=\"13\" ><div class=\"panel-widget-style panel-widget-style-for-6448-8-0-0\" ><div\n\t\t\t\n\t\t\tclass=\"so-widget-sow-editor so-widget-sow-editor-base\"\n\t\t\t\n\t\t>\n<div class=\"siteorigin-widget-tinymce textwidget\">\n\t<h1 style=\"text-align: justify;\">Notre mort<br \/>\n<\/h1>\n<\/div>\n<\/div><\/div><\/div><div id=\"panel-6448-8-0-1\" class=\"so-panel widget widget_siteorigin-panels-builder panel-last-child\" data-index=\"14\" ><div id=\"pl-w5c8e8b7e3487a\"  class=\"panel-layout\" ><div id=\"pg-w5c8e8b7e3487a-0\"  class=\"panel-grid panel-no-style\" ><div id=\"pgc-w5c8e8b7e3487a-0-0\"  class=\"panel-grid-cell panel-grid-cell-empty\" ><\/div><div id=\"pgc-w5c8e8b7e3487a-0-1\"  class=\"panel-grid-cell\" ><div id=\"panel-w5c8e8b7e3487a-0-1-0\" class=\"so-panel widget widget_sow-image panel-first-child panel-last-child\" data-index=\"0\" ><div class=\"panel-widget-style panel-widget-style-for-w5c8e8b7e3487a-0-1-0\" ><div\n\t\t\t\n\t\t\tclass=\"so-widget-sow-image so-widget-sow-image-default-4e6925654b7a\"\n\t\t\t\n\t\t>\n<div class=\"sow-image-container\">\n\t\t<img \n\tsrc=\"https:\/\/i0.wp.com\/toutcourtfestival.fr\/wp-content\/uploads\/2019\/03\/notre_mort_6.jpg?resize=272%2C182&amp;ssl=1\" width=\"272\" height=\"182\" srcset=\"https:\/\/i0.wp.com\/toutcourtfestival.fr\/wp-content\/uploads\/2019\/03\/notre_mort_6.jpg?resize=272%2C182&amp;ssl=1 272w, https:\/\/i0.wp.com\/toutcourtfestival.fr\/wp-content\/uploads\/2019\/03\/notre_mort_6.jpg?zoom=2&amp;resize=272%2C182&amp;ssl=1 544w, https:\/\/i0.wp.com\/toutcourtfestival.fr\/wp-content\/uploads\/2019\/03\/notre_mort_6.jpg?zoom=3&amp;resize=272%2C182&amp;ssl=1 816w\" alt=\"\" \t\tclass=\"so-widget-image\"\/>\n\t<\/div>\n\n<\/div><\/div><\/div><\/div><div id=\"pgc-w5c8e8b7e3487a-0-2\"  class=\"panel-grid-cell\" ><div id=\"panel-w5c8e8b7e3487a-0-2-0\" class=\"so-panel widget widget_sow-editor panel-first-child panel-last-child\" data-index=\"1\" ><div\n\t\t\t\n\t\t\tclass=\"so-widget-sow-editor so-widget-sow-editor-base\"\n\t\t\t\n\t\t>\n<div class=\"siteorigin-widget-tinymce textwidget\">\n\t<p style=\"text-align: justify;\"><span style=\"font-size: 12pt;\"><em>Drame de Aspen Michael Taylor - 14:25<\/em><\/span><\/p>\n<p style=\"text-align: justify;\"><span style=\"font-size: 12pt;\">Deux jeunes fr\u00e8res d\u00e9couvrent leur propre cadavre dans la montagne. Commence alors une s\u00e9rie de tests pour savoir s\u2019ils sont encore vivants ou morts.<br \/>\n<\/span><\/p>\n<\/div>\n<\/div><\/div><\/div><\/div><\/div><\/div><\/div><\/div><\/div><div id=\"pg-6448-9\"  class=\"panel-grid panel-has-style\" ><div class=\"panel-row-style panel-row-style-for-6448-9\" ><div id=\"pgc-6448-9-0\"  class=\"panel-grid-cell\" ><div id=\"panel-6448-9-0-0\" class=\"so-panel widget widget_sow-editor panel-first-child\" data-index=\"15\" ><div class=\"panel-widget-style panel-widget-style-for-6448-9-0-0\" ><div\n\t\t\t\n\t\t\tclass=\"so-widget-sow-editor so-widget-sow-editor-base\"\n\t\t\t\n\t\t>\n<div class=\"siteorigin-widget-tinymce textwidget\">\n\t<h1 style=\"text-align: justify;\"><span style=\"color: #e6e6e6;\">Dispersion<br \/>\n<\/span><\/h1>\n<\/div>\n<\/div><\/div><\/div><div id=\"panel-6448-9-0-1\" class=\"so-panel widget widget_siteorigin-panels-builder panel-last-child\" data-index=\"16\" ><div id=\"pl-w5c8e8c8c33f07\"  class=\"panel-layout\" ><div id=\"pg-w5c8e8c8c33f07-0\"  class=\"panel-grid panel-no-style\" ><div id=\"pgc-w5c8e8c8c33f07-0-0\"  class=\"panel-grid-cell panel-grid-cell-empty\" ><\/div><div id=\"pgc-w5c8e8c8c33f07-0-1\"  class=\"panel-grid-cell\" ><div id=\"panel-w5c8e8c8c33f07-0-1-0\" class=\"so-panel widget widget_sow-image panel-first-child panel-last-child\" data-index=\"0\" ><div class=\"panel-widget-style panel-widget-style-for-w5c8e8c8c33f07-0-1-0\" ><div\n\t\t\t\n\t\t\tclass=\"so-widget-sow-image so-widget-sow-image-default-4e6925654b7a\"\n\t\t\t\n\t\t>\n<div class=\"sow-image-container\">\n\t\t<img \n\tsrc=\"https:\/\/i0.wp.com\/toutcourtfestival.fr\/wp-content\/uploads\/2019\/03\/photo1_Dispersion.png?resize=272%2C182&amp;ssl=1\" width=\"272\" height=\"182\" srcset=\"https:\/\/i0.wp.com\/toutcourtfestival.fr\/wp-content\/uploads\/2019\/03\/photo1_Dispersion.png?resize=272%2C182&amp;ssl=1 272w, https:\/\/i0.wp.com\/toutcourtfestival.fr\/wp-content\/uploads\/2019\/03\/photo1_Dispersion.png?zoom=2&amp;resize=272%2C182&amp;ssl=1 544w, https:\/\/i0.wp.com\/toutcourtfestival.fr\/wp-content\/uploads\/2019\/03\/photo1_Dispersion.png?zoom=3&amp;resize=272%2C182&amp;ssl=1 816w\" alt=\"\" \t\tclass=\"so-widget-image\"\/>\n\t<\/div>\n\n<\/div><\/div><\/div><\/div><div id=\"pgc-w5c8e8c8c33f07-0-2\"  class=\"panel-grid-cell\" ><div id=\"panel-w5c8e8c8c33f07-0-2-0\" class=\"so-panel widget widget_sow-editor panel-first-child panel-last-child\" data-index=\"1\" ><div\n\t\t\t\n\t\t\tclass=\"so-widget-sow-editor so-widget-sow-editor-base\"\n\t\t\t\n\t\t>\n<div class=\"siteorigin-widget-tinymce textwidget\">\n\t<p style=\"text-align: justify;\"><span style=\"font-size: 12pt; color: #e6e6e6;\"><em>Com\u00e9die de BASILE VUILLEMIN - 08:26<\/em><\/span><\/p>\n<p style=\"text-align: justify;\"><span style=\"font-size: 12pt; color: #e6e6e6;\">Un homme utilise les services d'une soci\u00e9t\u00e9 de pompes fun\u00e8bres int\u00e9gralement automatis\u00e9e pour les fun\u00e9railles de sa m\u00e8re.<br \/>\n<\/span><\/p>\n<\/div>\n<\/div><\/div><\/div><\/div><\/div><\/div><\/div><\/div><\/div><div id=\"pg-6448-10\"  class=\"panel-grid panel-no-style\" ><div id=\"pgc-6448-10-0\"  class=\"panel-grid-cell\" ><div id=\"panel-6448-10-0-0\" class=\"so-panel widget widget_text panel-first-child panel-last-child\" data-index=\"17\" >\t\t\t<div class=\"textwidget\"><style>.entry-title {display:none;}<\/style> <\/div>\n\t\t<\/div><\/div><\/div><\/div>","protected":false},"excerpt":{"rendered":"<p>S\u00e9lection comp\u00e9tition Tout Court ! S\u00e9lections comp\u00e9tition <\/p>\n<p style=\"text-align: justify;\">Films s\u00e9lectionn\u00e9s pour la comp\u00e9tition par les jeunes de l&#8217;association Tout Court ! Oise, encadr\u00e9s par les b\u00e9n\u00e9voles de l&#8217;association. Pendant 4 mois ils ont regard\u00e9 et not\u00e9 des centaines de films ! Avant d&#8217;arriver peu \u00e0 peu \u00e0 leur s\u00e9lection finale.<\/p>\n<p style=\"text-align: center;\"><strong>7 films<\/strong> &hellip; <\/p>\n<p><a class=\"more-link btn\" href=\"https:\/\/toutcourtfestival.fr\/index.php\/selections-2019\/selections-2019-competition-tc\/\">Continue reading<\/a><\/p>\n","protected":false},"author":1,"featured_media":6477,"parent":6480,"menu_order":0,"comment_status":"closed","ping_status":"closed","template":"","meta":{"ngg_post_thumbnail":0,"jetpack_post_was_ever_published":false,"footnotes":""},"class_list":["post-6448","page","type-page","status-publish","has-post-thumbnail","hentry","nodate","item-wrap"],"jetpack_sharing_enabled":true,"jetpack_shortlink":"https:\/\/wp.me\/P8k6iw-1G0","jetpack_likes_enabled":true,"_links":{"self":[{"href":"https:\/\/toutcourtfestival.fr\/index.php\/wp-json\/wp\/v2\/pages\/6448","targetHints":{"allow":["GET"]}}],"collection":[{"href":"https:\/\/toutcourtfestival.fr\/index.php\/wp-json\/wp\/v2\/pages"}],"about":[{"href":"https:\/\/toutcourtfestival.fr\/index.php\/wp-json\/wp\/v2\/types\/page"}],"author":[{"embeddable":true,"href":"https:\/\/toutcourtfestival.fr\/index.php\/wp-json\/wp\/v2\/users\/1"}],"replies":[{"embeddable":true,"href":"https:\/\/toutcourtfestival.fr\/index.php\/wp-json\/wp\/v2\/comments?post=6448"}],"version-history":[{"count":0,"href":"https:\/\/toutcourtfestival.fr\/index.php\/wp-json\/wp\/v2\/pages\/6448\/revisions"}],"up":[{"embeddable":true,"href":"https:\/\/toutcourtfestival.fr\/index.php\/wp-json\/wp\/v2\/pages\/6480"}],"wp:featuredmedia":[{"embeddable":true,"href":"https:\/\/toutcourtfestival.fr\/index.php\/wp-json\/wp\/v2\/media\/6477"}],"wp:attachment":[{"href":"https:\/\/toutcourtfestival.fr\/index.php\/wp-json\/wp\/v2\/media?parent=6448"}],"curies":[{"name":"wp","href":"https:\/\/api.w.org\/{rel}","templated":true}]}}