{"id":6554,"date":"2019-03-20T15:31:01","date_gmt":"2019-03-20T14:31:01","guid":{"rendered":"http:\/\/toutcourtfestival.fr\/?page_id=6554"},"modified":"2019-04-26T19:22:47","modified_gmt":"2019-04-26T17:22:47","slug":"selections-2019-competition-gisors-2","status":"publish","type":"page","link":"https:\/\/toutcourtfestival.fr\/index.php\/selections-2019\/selections-2019-competition-gisors-2\/","title":{"rendered":"S\u00e9lections 2019 &#8211; Comp\u00e9tition Gisors"},"content":{"rendered":"<div id=\"pl-6554\"  class=\"panel-layout\" ><div id=\"pg-6554-0\"  class=\"panel-grid panel-no-style\" ><div id=\"pgc-6554-0-0\"  class=\"panel-grid-cell\" ><div id=\"panel-6554-0-0-0\" class=\"so-panel widget widget_sow-headline panel-first-child panel-last-child\" data-index=\"0\" ><div\n\t\t\t\n\t\t\tclass=\"so-widget-sow-headline so-widget-sow-headline-default-88db78fa6322-6554\"\n\t\t\t\n\t\t><div class=\"sow-headline-container \">\n\t\t\t\t\t\t\t<h1 class=\"sow-headline\">\n\t\t\t\t\t\tComp\u00e9tition Gisors\t\t\t\t\t\t<\/h1>\n\t\t\t\t\t\t\t\t\t\t\t<div class=\"decoration\">\n\t\t\t\t\t\t<div class=\"decoration-inside\"><\/div>\n\t\t\t\t\t<\/div>\n\t\t\t\t\t\t\t\t\t\t\t<h3 class=\"sow-sub-headline\">\n\t\t\t\t\t\tS\u00e9lections comp\u00e9tition\t\t\t\t\t\t<\/h3>\n\t\t\t\t\t\t<\/div>\n<\/div><\/div><\/div><\/div><div id=\"pg-6554-1\"  class=\"panel-grid panel-no-style\" ><div id=\"pgc-6554-1-0\"  class=\"panel-grid-cell panel-grid-cell-empty\" ><\/div><div id=\"pgc-6554-1-1\"  class=\"panel-grid-cell panel-grid-cell-mobile-last\" ><div id=\"panel-6554-1-1-0\" class=\"so-panel widget widget_sow-editor panel-first-child panel-last-child\" data-index=\"1\" ><div\n\t\t\t\n\t\t\tclass=\"so-widget-sow-editor so-widget-sow-editor-base\"\n\t\t\t\n\t\t>\n<div class=\"siteorigin-widget-tinymce textwidget\">\n\t<p style=\"text-align: justify;\"><span style=\"font-size: 12pt;\">Films s\u00e9lectionn\u00e9s pour la comp\u00e9tition par les jeunes du service jeunesse de la ville de Gisors, encadr\u00e9s par leurs animateurs et l'association Tout Court ! Eure. Pendant 4 mois ils ont regard\u00e9 et not\u00e9 des centaines de films ! Avant d'arriver peu \u00e0 peu \u00e0 leur s\u00e9lection finale.<\/span><\/p>\n<p style=\"text-align: center;\"><span style=\"font-size: 12pt;\"><em><strong>7 films<\/strong> - Dur\u00e9e 1'07 plus \u00e9changes avec les artistes.<\/em><\/span><\/p>\n<p style=\"text-align: center;\"><em>Projection le <strong>samedi 11 mai 2019&nbsp;<\/strong>\u00e0&nbsp;<strong>15h30<\/strong>&nbsp;\u00e0 la&nbsp;<strong>nouvelle salle polyvalente de Gisors<\/strong><\/em><\/p>\n<\/div>\n<\/div><\/div><\/div><div id=\"pgc-6554-1-2\"  class=\"panel-grid-cell panel-grid-cell-empty\" ><\/div><\/div><div id=\"pg-6554-2\"  class=\"panel-grid panel-no-style\" ><div id=\"pgc-6554-2-0\"  class=\"panel-grid-cell\" ><div id=\"panel-6554-2-0-0\" class=\"so-panel widget widget_sow-headline panel-first-child panel-last-child\" data-index=\"2\" ><div\n\t\t\t\n\t\t\tclass=\"so-widget-sow-headline so-widget-sow-headline-default-6090f20097d1-6554\"\n\t\t\t\n\t\t><div class=\"sow-headline-container \">\n\t\t\t\t\t\t<div class=\"decoration\">\n\t\t\t\t\t\t<div class=\"decoration-inside\"><\/div>\n\t\t\t\t\t<\/div>\n\t\t\t\t\t<\/div>\n<\/div><\/div><\/div><\/div><div id=\"pg-6554-3\"  class=\"panel-grid panel-has-style\" ><div class=\"panel-row-style panel-row-style-for-6554-3\" ><div id=\"pgc-6554-3-0\"  class=\"panel-grid-cell\" ><div id=\"panel-6554-3-0-0\" class=\"so-panel widget widget_sow-editor panel-first-child\" data-index=\"3\" ><div class=\"panel-widget-style panel-widget-style-for-6554-3-0-0\" ><div\n\t\t\t\n\t\t\tclass=\"so-widget-sow-editor so-widget-sow-editor-base\"\n\t\t\t\n\t\t>\n<div class=\"siteorigin-widget-tinymce textwidget\">\n\t<h1 style=\"text-align: justify;\"><span style=\"color: #e6e6e6;\"><b>Brazil<br \/>\n<\/b><\/span><\/h1>\n<\/div>\n<\/div><\/div><\/div><div id=\"panel-6554-3-0-1\" class=\"so-panel widget widget_siteorigin-panels-builder panel-last-child\" data-index=\"4\" ><div id=\"pl-w5cc33e6743f82\"  class=\"panel-layout\" ><div id=\"pg-w5cc33e6743f82-0\"  class=\"panel-grid panel-no-style\" ><div id=\"pgc-w5cc33e6743f82-0-0\"  class=\"panel-grid-cell panel-grid-cell-empty\" ><\/div><div id=\"pgc-w5cc33e6743f82-0-1\"  class=\"panel-grid-cell\" ><div id=\"panel-w5cc33e6743f82-0-1-0\" class=\"so-panel widget widget_sow-image panel-first-child panel-last-child\" data-index=\"0\" ><div class=\"panel-widget-style panel-widget-style-for-w5cc33e6743f82-0-1-0\" ><div\n\t\t\t\n\t\t\tclass=\"so-widget-sow-image so-widget-sow-image-default-4e6925654b7a\"\n\t\t\t\n\t\t>\n<div class=\"sow-image-container\">\n\t\t<img \n\tsrc=\"https:\/\/i0.wp.com\/toutcourtfestival.fr\/wp-content\/uploads\/2019\/03\/photo1_BRAZIL.jpeg?resize=272%2C182&amp;ssl=1\" width=\"272\" height=\"182\" srcset=\"https:\/\/i0.wp.com\/toutcourtfestival.fr\/wp-content\/uploads\/2019\/03\/photo1_BRAZIL.jpeg?resize=272%2C182&amp;ssl=1 272w, https:\/\/i0.wp.com\/toutcourtfestival.fr\/wp-content\/uploads\/2019\/03\/photo1_BRAZIL.jpeg?zoom=2&amp;resize=272%2C182&amp;ssl=1 544w, https:\/\/i0.wp.com\/toutcourtfestival.fr\/wp-content\/uploads\/2019\/03\/photo1_BRAZIL.jpeg?zoom=3&amp;resize=272%2C182&amp;ssl=1 816w\" alt=\"\" \t\tclass=\"so-widget-image\"\/>\n\t<\/div>\n\n<\/div><\/div><\/div><\/div><div id=\"pgc-w5cc33e6743f82-0-2\"  class=\"panel-grid-cell\" ><div id=\"panel-w5cc33e6743f82-0-2-0\" class=\"so-panel widget widget_sow-editor panel-first-child panel-last-child\" data-index=\"1\" ><div\n\t\t\t\n\t\t\tclass=\"so-widget-sow-editor so-widget-sow-editor-base\"\n\t\t\t\n\t\t>\n<div class=\"siteorigin-widget-tinymce textwidget\">\n\t<p style=\"text-align: justify;\"><span style=\"font-size: 12pt; color: #e6e6e6;\"><em>Com\u00e9die de Mathilde Elu - 11:00<br \/>\n<\/em><\/span><\/p>\n<p style=\"text-align: justify;\"><span style=\"font-size: 12pt; color: #e6e6e6;\">Camille en a une grosse. Et elle compte bien la garder. Camille a une grosse touffe. Et c\u2019est pas une petite pouf qui va la lui enlever. Un maillot pour la vie oui. Mais pas trop petit.<br \/>\n<\/span><\/p>\n<\/div>\n<\/div><\/div><\/div><\/div><\/div><\/div><\/div><\/div><\/div><div id=\"pg-6554-4\"  class=\"panel-grid panel-has-style\" ><div class=\"panel-row-style panel-row-style-for-6554-4\" ><div id=\"pgc-6554-4-0\"  class=\"panel-grid-cell\" ><div id=\"panel-6554-4-0-0\" class=\"so-panel widget widget_sow-editor panel-first-child\" data-index=\"5\" ><div class=\"panel-widget-style panel-widget-style-for-6554-4-0-0\" ><div\n\t\t\t\n\t\t\tclass=\"so-widget-sow-editor so-widget-sow-editor-base\"\n\t\t\t\n\t\t>\n<div class=\"siteorigin-widget-tinymce textwidget\">\n\t<h1 style=\"text-align: justify;\">\u00e0 c\u00f4t\u00e9<\/h1>\n<\/div>\n<\/div><\/div><\/div><div id=\"panel-6554-4-0-1\" class=\"so-panel widget widget_siteorigin-panels-builder panel-last-child\" data-index=\"6\" ><div id=\"pl-w5c939f8d97fee\"  class=\"panel-layout\" ><div id=\"pg-w5c939f8d97fee-0\"  class=\"panel-grid panel-no-style\" ><div id=\"pgc-w5c939f8d97fee-0-0\"  class=\"panel-grid-cell panel-grid-cell-empty\" ><\/div><div id=\"pgc-w5c939f8d97fee-0-1\"  class=\"panel-grid-cell\" ><div id=\"panel-w5c939f8d97fee-0-1-0\" class=\"so-panel widget widget_sow-image panel-first-child panel-last-child\" data-index=\"0\" ><div class=\"panel-widget-style panel-widget-style-for-w5c939f8d97fee-0-1-0\" ><div\n\t\t\t\n\t\t\tclass=\"so-widget-sow-image so-widget-sow-image-default-4e6925654b7a\"\n\t\t\t\n\t\t>\n<div class=\"sow-image-container\">\n\t\t<img \n\tsrc=\"https:\/\/i0.wp.com\/toutcourtfestival.fr\/wp-content\/uploads\/2019\/03\/photo1_%C3%A0_c%C3%B4t%C3%A9.jpeg?resize=272%2C182&amp;ssl=1\" width=\"272\" height=\"182\" alt=\"\" \t\tclass=\"so-widget-image\"\/>\n\t<\/div>\n\n<\/div><\/div><\/div><\/div><div id=\"pgc-w5c939f8d97fee-0-2\"  class=\"panel-grid-cell\" ><div id=\"panel-w5c939f8d97fee-0-2-0\" class=\"so-panel widget widget_sow-editor panel-first-child panel-last-child\" data-index=\"1\" ><div\n\t\t\t\n\t\t\tclass=\"so-widget-sow-editor so-widget-sow-editor-base\"\n\t\t\t\n\t\t>\n<div class=\"siteorigin-widget-tinymce textwidget\">\n\t<p style=\"text-align: justify;\"><span style=\"font-size: 12pt;\">Com\u00e9die de J\u00e9r\u00f4me Piel-Desruisseaux - 02:20<\/span><\/p>\n<p style=\"text-align: justify;\"><span style=\"font-size: 12pt;\">Quand une occasion se pr\u00e9sente, il ne faut pas passer \u00e0 c\u00f4t\u00e9.<br \/>\n<\/span><\/p>\n<\/div>\n<\/div><\/div><\/div><\/div><\/div><\/div><\/div><\/div><\/div><div id=\"pg-6554-5\"  class=\"panel-grid panel-has-style\" ><div class=\"panel-row-style panel-row-style-for-6554-5\" ><div id=\"pgc-6554-5-0\"  class=\"panel-grid-cell\" ><div id=\"panel-6554-5-0-0\" class=\"so-panel widget widget_sow-editor panel-first-child\" data-index=\"7\" ><div class=\"panel-widget-style panel-widget-style-for-6554-5-0-0\" ><div\n\t\t\t\n\t\t\tclass=\"so-widget-sow-editor so-widget-sow-editor-base\"\n\t\t\t\n\t\t>\n<div class=\"siteorigin-widget-tinymce textwidget\">\n\t<h1 style=\"text-align: justify;\"><span style=\"color: #e6e6e6;\"><b>En morceaux<br \/>\n<\/b><\/span><b><\/b><\/h1>\n<\/div>\n<\/div><\/div><\/div><div id=\"panel-6554-5-0-1\" class=\"so-panel widget widget_siteorigin-panels-builder panel-last-child\" data-index=\"8\" ><div id=\"pl-w5c9250176b430\"  class=\"panel-layout\" ><div id=\"pg-w5c9250176b430-0\"  class=\"panel-grid panel-no-style\" ><div id=\"pgc-w5c9250176b430-0-0\"  class=\"panel-grid-cell panel-grid-cell-empty\" ><\/div><div id=\"pgc-w5c9250176b430-0-1\"  class=\"panel-grid-cell\" ><div id=\"panel-w5c9250176b430-0-1-0\" class=\"so-panel widget widget_sow-image panel-first-child panel-last-child\" data-index=\"0\" ><div class=\"panel-widget-style panel-widget-style-for-w5c9250176b430-0-1-0\" ><div\n\t\t\t\n\t\t\tclass=\"so-widget-sow-image so-widget-sow-image-default-4e6925654b7a\"\n\t\t\t\n\t\t>\n<div class=\"sow-image-container\">\n\t\t<img \n\tsrc=\"https:\/\/i0.wp.com\/toutcourtfestival.fr\/wp-content\/uploads\/2019\/03\/photo1_En_morceaux.png?resize=272%2C182&amp;ssl=1\" width=\"272\" height=\"182\" srcset=\"https:\/\/i0.wp.com\/toutcourtfestival.fr\/wp-content\/uploads\/2019\/03\/photo1_En_morceaux.png?resize=272%2C182&amp;ssl=1 272w, https:\/\/i0.wp.com\/toutcourtfestival.fr\/wp-content\/uploads\/2019\/03\/photo1_En_morceaux.png?zoom=2&amp;resize=272%2C182&amp;ssl=1 544w, https:\/\/i0.wp.com\/toutcourtfestival.fr\/wp-content\/uploads\/2019\/03\/photo1_En_morceaux.png?zoom=3&amp;resize=272%2C182&amp;ssl=1 816w\" alt=\"\" \t\tclass=\"so-widget-image\"\/>\n\t<\/div>\n\n<\/div><\/div><\/div><\/div><div id=\"pgc-w5c9250176b430-0-2\"  class=\"panel-grid-cell\" ><div id=\"panel-w5c9250176b430-0-2-0\" class=\"so-panel widget widget_sow-editor panel-first-child panel-last-child\" data-index=\"1\" ><div\n\t\t\t\n\t\t\tclass=\"so-widget-sow-editor so-widget-sow-editor-base\"\n\t\t\t\n\t\t>\n<div class=\"siteorigin-widget-tinymce textwidget\">\n\t<p style=\"text-align: justify;\"><span style=\"font-size: 12pt; color: #e6e6e6;\"><em>Drame de GUILLAUME TORDJMAN - 14:55<br \/>\n<\/em><\/span><\/p>\n<p style=\"text-align: justify;\"><span style=\"font-size: 12pt; color: #e6e6e6;\">Meurtrie par le d\u00e9c\u00e8s de sa m\u00e8re, Yasmine, ado introvertie, se r\u00e9fugie dans le silence et la d\u00e9pression. Sa tante, qui endosse subitement le r\u00f4le de nouvelle \u00ab maman \u00bb pour elle et sa petite s\u0153ur Sonia, n\u2019arrive pas \u00e0 canaliser sa col\u00e8re.<br \/>\n<\/span><\/p>\n<\/div>\n<\/div><\/div><\/div><\/div><\/div><\/div><\/div><\/div><\/div><div id=\"pg-6554-6\"  class=\"panel-grid panel-has-style\" ><div class=\"panel-row-style panel-row-style-for-6554-6\" ><div id=\"pgc-6554-6-0\"  class=\"panel-grid-cell\" ><div id=\"panel-6554-6-0-0\" class=\"so-panel widget widget_sow-editor panel-first-child\" data-index=\"9\" ><div class=\"panel-widget-style panel-widget-style-for-6554-6-0-0\" ><div\n\t\t\t\n\t\t\tclass=\"so-widget-sow-editor so-widget-sow-editor-base\"\n\t\t\t\n\t\t>\n<div class=\"siteorigin-widget-tinymce textwidget\">\n\t<h1 style=\"text-align: justify;\"><b>La cl\u00e9 du probl\u00e8me<br \/>\n<\/b><\/h1>\n<\/div>\n<\/div><\/div><\/div><div id=\"panel-6554-6-0-1\" class=\"so-panel widget widget_siteorigin-panels-builder panel-last-child\" data-index=\"10\" ><div id=\"pl-w5c9250a3c1203\"  class=\"panel-layout\" ><div id=\"pg-w5c9250a3c1203-0\"  class=\"panel-grid panel-no-style\" ><div id=\"pgc-w5c9250a3c1203-0-0\"  class=\"panel-grid-cell panel-grid-cell-empty\" ><\/div><div id=\"pgc-w5c9250a3c1203-0-1\"  class=\"panel-grid-cell\" ><div id=\"panel-w5c9250a3c1203-0-1-0\" class=\"so-panel widget widget_sow-image panel-first-child panel-last-child\" data-index=\"0\" ><div class=\"panel-widget-style panel-widget-style-for-w5c9250a3c1203-0-1-0\" ><div\n\t\t\t\n\t\t\tclass=\"so-widget-sow-image so-widget-sow-image-default-4e6925654b7a\"\n\t\t\t\n\t\t>\n<div class=\"sow-image-container\">\n\t\t<img \n\tsrc=\"https:\/\/i0.wp.com\/toutcourtfestival.fr\/wp-content\/uploads\/2019\/03\/photo2_La_Cl%C3%A9_du_probl%C3%A8me.jpeg?resize=272%2C182&amp;ssl=1\" width=\"272\" height=\"182\" alt=\"\" \t\tclass=\"so-widget-image\"\/>\n\t<\/div>\n\n<\/div><\/div><\/div><\/div><div id=\"pgc-w5c9250a3c1203-0-2\"  class=\"panel-grid-cell\" ><div id=\"panel-w5c9250a3c1203-0-2-0\" class=\"so-panel widget widget_sow-editor panel-first-child panel-last-child\" data-index=\"1\" ><div\n\t\t\t\n\t\t\tclass=\"so-widget-sow-editor so-widget-sow-editor-base\"\n\t\t\t\n\t\t>\n<div class=\"siteorigin-widget-tinymce textwidget\">\n\t<p style=\"text-align: justify;\"><span style=\"font-size: 12pt;\"><em>Com\u00e9die de Gabin Ducourant - 02:20<br \/>\n<\/em><\/span><\/p>\n<p style=\"text-align: justify;\"><span style=\"font-size: 12pt;\">Alors qu'il sort du bureau, Andr\u00e9 va vite se rendre compte qu'une journ\u00e9e de merde peut tr\u00e8s bien commencer le soir.<br \/>\n<\/span><\/p>\n<\/div>\n<\/div><\/div><\/div><\/div><\/div><\/div><\/div><\/div><\/div><div id=\"pg-6554-7\"  class=\"panel-grid panel-has-style\" ><div class=\"panel-row-style panel-row-style-for-6554-7\" ><div id=\"pgc-6554-7-0\"  class=\"panel-grid-cell\" ><div id=\"panel-6554-7-0-0\" class=\"so-panel widget widget_sow-editor panel-first-child\" data-index=\"11\" ><div class=\"panel-widget-style panel-widget-style-for-6554-7-0-0\" ><div\n\t\t\t\n\t\t\tclass=\"so-widget-sow-editor so-widget-sow-editor-base\"\n\t\t\t\n\t\t>\n<div class=\"siteorigin-widget-tinymce textwidget\">\n\t<h1 style=\"text-align: justify;\"><span style=\"color: #e6e6e6;\">Mort aux codes<br \/>\n<\/span><\/h1>\n<\/div>\n<\/div><\/div><\/div><div id=\"panel-6554-7-0-1\" class=\"so-panel widget widget_siteorigin-panels-builder panel-last-child\" data-index=\"12\" ><div id=\"pl-w5c93a09a613b9\"  class=\"panel-layout\" ><div id=\"pg-w5c93a09a613b9-0\"  class=\"panel-grid panel-no-style\" ><div id=\"pgc-w5c93a09a613b9-0-0\"  class=\"panel-grid-cell panel-grid-cell-empty\" ><\/div><div id=\"pgc-w5c93a09a613b9-0-1\"  class=\"panel-grid-cell\" ><div id=\"panel-w5c93a09a613b9-0-1-0\" class=\"so-panel widget widget_sow-image panel-first-child panel-last-child\" data-index=\"0\" ><div class=\"panel-widget-style panel-widget-style-for-w5c93a09a613b9-0-1-0\" ><div\n\t\t\t\n\t\t\tclass=\"so-widget-sow-image so-widget-sow-image-default-4e6925654b7a\"\n\t\t\t\n\t\t>\n<div class=\"sow-image-container\">\n\t\t<img \n\tsrc=\"https:\/\/i0.wp.com\/toutcourtfestival.fr\/wp-content\/uploads\/2019\/03\/photo2_Mort_aux_codes.jpeg?resize=272%2C182&amp;ssl=1\" width=\"272\" height=\"182\" srcset=\"https:\/\/i0.wp.com\/toutcourtfestival.fr\/wp-content\/uploads\/2019\/03\/photo2_Mort_aux_codes.jpeg?resize=272%2C182&amp;ssl=1 272w, https:\/\/i0.wp.com\/toutcourtfestival.fr\/wp-content\/uploads\/2019\/03\/photo2_Mort_aux_codes.jpeg?zoom=2&amp;resize=272%2C182&amp;ssl=1 544w, https:\/\/i0.wp.com\/toutcourtfestival.fr\/wp-content\/uploads\/2019\/03\/photo2_Mort_aux_codes.jpeg?zoom=3&amp;resize=272%2C182&amp;ssl=1 816w\" alt=\"\" \t\tclass=\"so-widget-image\"\/>\n\t<\/div>\n\n<\/div><\/div><\/div><\/div><div id=\"pgc-w5c93a09a613b9-0-2\"  class=\"panel-grid-cell\" ><div id=\"panel-w5c93a09a613b9-0-2-0\" class=\"so-panel widget widget_sow-editor panel-first-child panel-last-child\" data-index=\"1\" ><div\n\t\t\t\n\t\t\tclass=\"so-widget-sow-editor so-widget-sow-editor-base\"\n\t\t\t\n\t\t>\n<div class=\"siteorigin-widget-tinymce textwidget\">\n\t<p style=\"text-align: justify;\"><span style=\"font-size: 12pt; color: #e6e6e6;\"><em>Drame de L\u00e9opold L\u00e9grand - 13:55<br \/>\n<\/em><\/span><\/p>\n<p style=\"text-align: justify;\"><span style=\"font-size: 12pt; color: #e6e6e6;\">\u00ab Malgr\u00e9 leur quartier de haute s\u00e9curit\u00e9, la mort venait d'entrer sans difficult\u00e9 dans leur appartement \u00bb<br \/>\n<\/span><\/p>\n<\/div>\n<\/div><\/div><\/div><\/div><\/div><\/div><\/div><\/div><\/div><div id=\"pg-6554-8\"  class=\"panel-grid panel-has-style\" ><div class=\"panel-row-style panel-row-style-for-6554-8\" ><div id=\"pgc-6554-8-0\"  class=\"panel-grid-cell\" ><div id=\"panel-6554-8-0-0\" class=\"so-panel widget widget_sow-editor panel-first-child\" data-index=\"13\" ><div class=\"panel-widget-style panel-widget-style-for-6554-8-0-0\" ><div\n\t\t\t\n\t\t\tclass=\"so-widget-sow-editor so-widget-sow-editor-base\"\n\t\t\t\n\t\t>\n<div class=\"siteorigin-widget-tinymce textwidget\">\n\t<h1 style=\"text-align: justify;\"><b>Happy Emily<br \/>\n<\/b><\/h1>\n<\/div>\n<\/div><\/div><\/div><div id=\"panel-6554-8-0-1\" class=\"so-panel widget widget_siteorigin-panels-builder panel-last-child\" data-index=\"14\" ><div id=\"pl-w5c93a02569b90\"  class=\"panel-layout\" ><div id=\"pg-w5c93a02569b90-0\"  class=\"panel-grid panel-no-style\" ><div id=\"pgc-w5c93a02569b90-0-0\"  class=\"panel-grid-cell panel-grid-cell-empty\" ><\/div><div id=\"pgc-w5c93a02569b90-0-1\"  class=\"panel-grid-cell\" ><div id=\"panel-w5c93a02569b90-0-1-0\" class=\"so-panel widget widget_sow-image panel-first-child panel-last-child\" data-index=\"0\" ><div class=\"panel-widget-style panel-widget-style-for-w5c93a02569b90-0-1-0\" ><div\n\t\t\t\n\t\t\tclass=\"so-widget-sow-image so-widget-sow-image-default-4e6925654b7a\"\n\t\t\t\n\t\t>\n<div class=\"sow-image-container\">\n\t\t<img \n\tsrc=\"https:\/\/i0.wp.com\/toutcourtfestival.fr\/wp-content\/uploads\/2019\/03\/photo1_Happy_Emily.jpeg?resize=272%2C182&amp;ssl=1\" width=\"272\" height=\"182\" srcset=\"https:\/\/i0.wp.com\/toutcourtfestival.fr\/wp-content\/uploads\/2019\/03\/photo1_Happy_Emily.jpeg?resize=272%2C182&amp;ssl=1 272w, https:\/\/i0.wp.com\/toutcourtfestival.fr\/wp-content\/uploads\/2019\/03\/photo1_Happy_Emily.jpeg?zoom=2&amp;resize=272%2C182&amp;ssl=1 544w, https:\/\/i0.wp.com\/toutcourtfestival.fr\/wp-content\/uploads\/2019\/03\/photo1_Happy_Emily.jpeg?zoom=3&amp;resize=272%2C182&amp;ssl=1 816w\" alt=\"\" \t\tclass=\"so-widget-image\"\/>\n\t<\/div>\n\n<\/div><\/div><\/div><\/div><div id=\"pgc-w5c93a02569b90-0-2\"  class=\"panel-grid-cell\" ><div id=\"panel-w5c93a02569b90-0-2-0\" class=\"so-panel widget widget_sow-editor panel-first-child panel-last-child\" data-index=\"1\" ><div\n\t\t\t\n\t\t\tclass=\"so-widget-sow-editor so-widget-sow-editor-base\"\n\t\t\t\n\t\t>\n<div class=\"siteorigin-widget-tinymce textwidget\">\n\t<p style=\"text-align: justify;\"><span style=\"font-size: 12pt; font-family: arial, helvetica, sans-serif;\"><em>Com\u00e9die de Suspense de Chlo\u00e9 Micout - 11:43<br \/>\n<\/em><\/span><\/p>\n<p style=\"text-align: justify;\"><span style=\"font-size: 12pt;\">Seule sur une \u00eele, une blogueuse est suivie par un drone myst\u00e9rieux.<br \/>\n<\/span><\/p>\n<\/div>\n<\/div><\/div><\/div><\/div><\/div><\/div><\/div><\/div><\/div><div id=\"pg-6554-9\"  class=\"panel-grid panel-has-style\" ><div class=\"panel-row-style panel-row-style-for-6554-9\" ><div id=\"pgc-6554-9-0\"  class=\"panel-grid-cell\" ><div id=\"panel-6554-9-0-0\" class=\"so-panel widget widget_sow-editor panel-first-child\" data-index=\"15\" ><div class=\"panel-widget-style panel-widget-style-for-6554-9-0-0\" ><div\n\t\t\t\n\t\t\tclass=\"so-widget-sow-editor so-widget-sow-editor-base\"\n\t\t\t\n\t\t>\n<div class=\"siteorigin-widget-tinymce textwidget\">\n\t<h1 style=\"text-align: justify;\"><span style=\"color: #e6e6e6;\"><strong>La jupe d'Adam<br \/>\n<\/strong><\/span><\/h1>\n<\/div>\n<\/div><\/div><\/div><div id=\"panel-6554-9-0-1\" class=\"so-panel widget widget_siteorigin-panels-builder panel-last-child\" data-index=\"16\" ><div id=\"pl-w5c92507a51efe\"  class=\"panel-layout\" ><div id=\"pg-w5c92507a51efe-0\"  class=\"panel-grid panel-no-style\" ><div id=\"pgc-w5c92507a51efe-0-0\"  class=\"panel-grid-cell panel-grid-cell-empty\" ><\/div><div id=\"pgc-w5c92507a51efe-0-1\"  class=\"panel-grid-cell\" ><div id=\"panel-w5c92507a51efe-0-1-0\" class=\"so-panel widget widget_sow-image panel-first-child panel-last-child\" data-index=\"0\" ><div class=\"panel-widget-style panel-widget-style-for-w5c92507a51efe-0-1-0\" ><div\n\t\t\t\n\t\t\tclass=\"so-widget-sow-image so-widget-sow-image-default-4e6925654b7a\"\n\t\t\t\n\t\t>\n<div class=\"sow-image-container\">\n\t\t<img \n\tsrc=\"https:\/\/i0.wp.com\/toutcourtfestival.fr\/wp-content\/uploads\/2019\/03\/photo1_La_jupe_dAdam.jpeg?resize=272%2C182&amp;ssl=1\" width=\"272\" height=\"182\" srcset=\"https:\/\/i0.wp.com\/toutcourtfestival.fr\/wp-content\/uploads\/2019\/03\/photo1_La_jupe_dAdam.jpeg?resize=272%2C182&amp;ssl=1 272w, https:\/\/i0.wp.com\/toutcourtfestival.fr\/wp-content\/uploads\/2019\/03\/photo1_La_jupe_dAdam.jpeg?zoom=2&amp;resize=272%2C182&amp;ssl=1 544w\" title=\"photo1_La_jupe_d&#8217;Adam\" alt=\"\" \t\tclass=\"so-widget-image\"\/>\n\t<\/div>\n\n<\/div><\/div><\/div><\/div><div id=\"pgc-w5c92507a51efe-0-2\"  class=\"panel-grid-cell\" ><div id=\"panel-w5c92507a51efe-0-2-0\" class=\"so-panel widget widget_sow-editor panel-first-child panel-last-child\" data-index=\"1\" ><div\n\t\t\t\n\t\t\tclass=\"so-widget-sow-editor so-widget-sow-editor-base\"\n\t\t\t\n\t\t>\n<div class=\"siteorigin-widget-tinymce textwidget\">\n\t<p style=\"text-align: justify;\"><span style=\"font-size: 12pt; color: #e6e6e6;\"><em>Com\u00e9die de Cl\u00e9ment Trehin Lalanne - 11:00<\/p>\n<p><\/em><\/span><\/p>\n<p style=\"text-align: justify;\"><span style=\"font-size: 12pt; color: #e6e6e6;\">DAVID, jeune p\u00e8re de famille c\u00e8de au caprice de son fils et lui met une jupe pour aller \u00e0 l\u2019\u00e9cole. Son ex-femme et lui sont convoqu\u00e9s par l\u2019institutrice le soir m\u00eame suite aux plaintes de parents d\u2019\u00e9l\u00e8ves. Face \u00e0 l\u2019institutrice et \u00e0 des parents d\u2019\u00e9l\u00e8ves hostiles, ils vont devoir s\u2019expliquer.<\/p>\n<p><\/span><\/p>\n<\/div>\n<\/div><\/div><\/div><\/div><\/div><\/div><\/div><\/div><\/div><div id=\"pg-6554-10\"  class=\"panel-grid panel-no-style\" ><div id=\"pgc-6554-10-0\"  class=\"panel-grid-cell\" ><div id=\"panel-6554-10-0-0\" class=\"so-panel widget widget_text panel-first-child panel-last-child\" data-index=\"17\" >\t\t\t<div class=\"textwidget\"><style>.entry-title {display:none;}<\/style> <\/div>\n\t\t<\/div><\/div><\/div><\/div>","protected":false},"excerpt":{"rendered":"<p>Comp\u00e9tition Gisors S\u00e9lections comp\u00e9tition <\/p>\n<p style=\"text-align: justify;\">Films s\u00e9lectionn\u00e9s pour la comp\u00e9tition par les jeunes du service jeunesse de la ville de Gisors, encadr\u00e9s par leurs animateurs et l&#8217;association Tout Court ! Eure. Pendant 4 mois ils ont regard\u00e9 et not\u00e9 des centaines de films ! Avant d&#8217;arriver peu \u00e0 peu \u00e0 leur s\u00e9lection finale.<\/p>\n<p &hellip; <\/p>\n<p><a class=\"more-link btn\" href=\"https:\/\/toutcourtfestival.fr\/index.php\/selections-2019\/selections-2019-competition-gisors-2\/\">Continue reading<\/a><\/p>\n","protected":false},"author":1,"featured_media":6563,"parent":6480,"menu_order":0,"comment_status":"closed","ping_status":"closed","template":"","meta":{"ngg_post_thumbnail":0,"jetpack_post_was_ever_published":false,"footnotes":""},"class_list":["post-6554","page","type-page","status-publish","has-post-thumbnail","hentry","nodate","item-wrap"],"jetpack_sharing_enabled":true,"jetpack_shortlink":"https:\/\/wp.me\/P8k6iw-1HI","jetpack_likes_enabled":true,"_links":{"self":[{"href":"https:\/\/toutcourtfestival.fr\/index.php\/wp-json\/wp\/v2\/pages\/6554","targetHints":{"allow":["GET"]}}],"collection":[{"href":"https:\/\/toutcourtfestival.fr\/index.php\/wp-json\/wp\/v2\/pages"}],"about":[{"href":"https:\/\/toutcourtfestival.fr\/index.php\/wp-json\/wp\/v2\/types\/page"}],"author":[{"embeddable":true,"href":"https:\/\/toutcourtfestival.fr\/index.php\/wp-json\/wp\/v2\/users\/1"}],"replies":[{"embeddable":true,"href":"https:\/\/toutcourtfestival.fr\/index.php\/wp-json\/wp\/v2\/comments?post=6554"}],"version-history":[{"count":0,"href":"https:\/\/toutcourtfestival.fr\/index.php\/wp-json\/wp\/v2\/pages\/6554\/revisions"}],"up":[{"embeddable":true,"href":"https:\/\/toutcourtfestival.fr\/index.php\/wp-json\/wp\/v2\/pages\/6480"}],"wp:featuredmedia":[{"embeddable":true,"href":"https:\/\/toutcourtfestival.fr\/index.php\/wp-json\/wp\/v2\/media\/6563"}],"wp:attachment":[{"href":"https:\/\/toutcourtfestival.fr\/index.php\/wp-json\/wp\/v2\/media?parent=6554"}],"curies":[{"name":"wp","href":"https:\/\/api.w.org\/{rel}","templated":true}]}}