{"id":692,"date":"2017-01-20T14:48:32","date_gmt":"2017-01-20T13:48:32","guid":{"rendered":"http:\/\/toutcourtfestival.fr\/?page_id=692"},"modified":"2017-03-05T02:01:59","modified_gmt":"2017-03-05T01:01:59","slug":"actualites","status":"publish","type":"page","link":"https:\/\/toutcourtfestival.fr\/index.php\/actualites\/","title":{"rendered":"Actualit\u00e9s"},"content":{"rendered":"<div id=\"pl-692\"  class=\"panel-layout\" ><div id=\"pg-692-0\"  class=\"panel-grid panel-no-style\" ><div id=\"pgc-692-0-0\"  class=\"panel-grid-cell\" ><div id=\"panel-692-0-0-0\" class=\"so-panel widget widget_sow-editor panel-first-child\" data-index=\"0\" ><div\n\t\t\t\n\t\t\tclass=\"so-widget-sow-editor so-widget-sow-editor-base\"\n\t\t\t\n\t\t>\n<div class=\"siteorigin-widget-tinymce textwidget\">\n\t<p>Test<\/p>\n<\/div>\n<\/div><\/div><div id=\"panel-692-0-0-1\" class=\"so-panel widget widget_sow-post-carousel panel-last-child\" data-index=\"1\" ><div\n\t\t\t\n\t\t\tclass=\"so-widget-sow-post-carousel so-widget-sow-post-carousel-base-ad93eedad001-692\"\n\t\t\t\n\t\t>\t<div\n\t\tclass=\"sow-post-carousel-wrapper sow-post-carousel-theme-base\"\n\t\tstyle=\"overflow: hidden; max-width: 100%; min-height: 182px\"\n\t>\n\t\t<div class=\"sow-carousel-title\">\n\t\t\t<div class=\"sow-carousel-navigation \">\n\t\t\t\t\t\t<a href=\"#\" class=\"sow-carousel-next\" title=\"Next\" aria-label=\"Next Posts\" role=\"button\"><\/a>\n\t\t\t\t\t\t<a href=\"#\" class=\"sow-carousel-previous\" title=\"Previous\" aria-label=\"Previous Posts\" role=\"button\"><\/a>\n\t\t\t\t\t<\/div>\n\t<\/div>\n\n<div class=\"sow-carousel-container \">\n\t\t<div class=\"sow-carousel-wrapper\"\n\t\tdata-dir=\"ltr\"\n\t\tstyle=\"opacity: 0;\"\n\t\tdata-widget=\"post\" data-fetching=\"false\" data-page=\"1\" data-ajax-url=\"https:\/\/toutcourtfestival.fr\/wp-admin\/admin-ajax.php?_widgets_nonce=7b789038a7\" data-item_count=\"50\" data-carousel_settings=\"{&quot;loop&quot;:true,&quot;animation&quot;:&quot;Ease&quot;,&quot;animation_speed&quot;:400,&quot;autoplay&quot;:&quot;&quot;,&quot;pauseOnHover&quot;:&quot;&quot;,&quot;autoplaySpeed&quot;:8000,&quot;item_overflow&quot;:true,&quot;autoplay_continuous_scroll&quot;:false}\" data-responsive=\"{&quot;desktop_slides_to_scroll&quot;:1,&quot;tablet_landscape_breakpoint&quot;:1366,&quot;tablet_landscape_slides_to_scroll&quot;:2,&quot;tablet_portrait_breakpoint&quot;:1025,&quot;tablet_portrait_slides_to_scroll&quot;:2,&quot;mobile_breakpoint&quot;:480,&quot;mobile_slides_to_scroll&quot;:1}\" data-variable_width=\"true\" \t>\n\t\t<div\n\t\t\tclass=\"sow-carousel-items\"\n\t\t\t\t\t>\n\t\t\t\t<div class=\"sow-carousel-item\" tabindex=\"-1\" style=\"float: left;\">\n\t\t<div class=\"sow-carousel-thumbnail\">\n\t\t\t\t\t\t\t<a\n\t\t\t\t\thref=\"https:\/\/toutcourtfestival.fr\/index.php\/2026\/03\/17\/tout-court-festival-edition-2026\/\"\n\t\t\t\t\t\t\t\t\t\tstyle=\"background-image: url( https:\/\/i0.wp.com\/toutcourtfestival.fr\/wp-content\/uploads\/2026\/03\/Affiche-Tout-Court-2026-Web.jpg-scaled.jpeg?resize=272%2C182&#038;ssl=1 )\"\n\t\t\t\t\taria-labelledby=\"sow-carousel-id-10324\"\n\t\t\t\t\ttabindex=\"-1\"\n\t\t\t\t>\n\t\t\t\t\t<span class=\"overlay\"><\/span>\n\t\t\t\t<\/a>\n\t\t\t\t\t<\/div>\n\t\t<h3 class=\"sow-carousel-item-title\">\n\t\t\t<a\n\t\t\t\thref=\"https:\/\/toutcourtfestival.fr\/index.php\/2026\/03\/17\/tout-court-festival-edition-2026\/\"\n\t\t\t\tid=\"sow-carousel-id-10324\"\n\t\t\t\t\t\t\t\ttabindex=\"-1\"\n\t\t\t>\n\n\t\t\t\tTout Court ! Festival \u2022 Edition 2026\t\t\t<\/a>\n\t\t<\/h3>\n\t<\/div>\n\t\t<div class=\"sow-carousel-item\" tabindex=\"-1\" style=\"float: left;\">\n\t\t<div class=\"sow-carousel-thumbnail\">\n\t\t\t\t\t\t\t<a\n\t\t\t\t\thref=\"https:\/\/toutcourtfestival.fr\/index.php\/2025\/09\/12\/tout-court-ateliers-fait-sa-rentree\/\"\n\t\t\t\t\t\t\t\t\t\tstyle=\"background-image: url( https:\/\/i0.wp.com\/toutcourtfestival.fr\/wp-content\/uploads\/2025\/09\/EQUIPE.jpg?resize=272%2C182&#038;ssl=1 )\"\n\t\t\t\t\taria-labelledby=\"sow-carousel-id-9888\"\n\t\t\t\t\ttabindex=\"-1\"\n\t\t\t\t>\n\t\t\t\t\t<span class=\"overlay\"><\/span>\n\t\t\t\t<\/a>\n\t\t\t\t\t<\/div>\n\t\t<h3 class=\"sow-carousel-item-title\">\n\t\t\t<a\n\t\t\t\thref=\"https:\/\/toutcourtfestival.fr\/index.php\/2025\/09\/12\/tout-court-ateliers-fait-sa-rentree\/\"\n\t\t\t\tid=\"sow-carousel-id-9888\"\n\t\t\t\t\t\t\t\ttabindex=\"-1\"\n\t\t\t>\n\n\t\t\t\t&#8220;Tout Court! Ateliers&#8221; fait sa rentr\u00e9e\t\t\t<\/a>\n\t\t<\/h3>\n\t<\/div>\n\t\t<div class=\"sow-carousel-item\" tabindex=\"-1\" style=\"float: left;\">\n\t\t<div class=\"sow-carousel-thumbnail\">\n\t\t\t\t\t\t\t<a\n\t\t\t\t\thref=\"https:\/\/toutcourtfestival.fr\/index.php\/2025\/03\/19\/tout-court-festival-edition-2025\/\"\n\t\t\t\t\t\t\t\t\t\tstyle=\"background-image: url( https:\/\/i0.wp.com\/toutcourtfestival.fr\/wp-content\/uploads\/2025\/02\/Flyer-2025_Page_1-1.jpg?resize=272%2C182&#038;ssl=1 )\"\n\t\t\t\t\taria-labelledby=\"sow-carousel-id-9537\"\n\t\t\t\t\ttabindex=\"-1\"\n\t\t\t\t>\n\t\t\t\t\t<span class=\"overlay\"><\/span>\n\t\t\t\t<\/a>\n\t\t\t\t\t<\/div>\n\t\t<h3 class=\"sow-carousel-item-title\">\n\t\t\t<a\n\t\t\t\thref=\"https:\/\/toutcourtfestival.fr\/index.php\/2025\/03\/19\/tout-court-festival-edition-2025\/\"\n\t\t\t\tid=\"sow-carousel-id-9537\"\n\t\t\t\t\t\t\t\ttabindex=\"-1\"\n\t\t\t>\n\n\t\t\t\tTout Court! Festival Edition 2025\t\t\t<\/a>\n\t\t<\/h3>\n\t<\/div>\n\t\t<div class=\"sow-carousel-item\" tabindex=\"-1\" style=\"float: left;\">\n\t\t<div class=\"sow-carousel-thumbnail\">\n\t\t\t\t\t\t\t<a\n\t\t\t\t\thref=\"https:\/\/toutcourtfestival.fr\/index.php\/2022\/06\/25\/cine-concert-le-bilan\/\"\n\t\t\t\t\t\t\t\t\t\tstyle=\"background-image: url( https:\/\/i0.wp.com\/toutcourtfestival.fr\/wp-content\/uploads\/2022\/06\/TC.jpg?resize=272%2C182&#038;ssl=1 )\"\n\t\t\t\t\taria-labelledby=\"sow-carousel-id-8362\"\n\t\t\t\t\ttabindex=\"-1\"\n\t\t\t\t>\n\t\t\t\t\t<span class=\"overlay\"><\/span>\n\t\t\t\t<\/a>\n\t\t\t\t\t<\/div>\n\t\t<h3 class=\"sow-carousel-item-title\">\n\t\t\t<a\n\t\t\t\thref=\"https:\/\/toutcourtfestival.fr\/index.php\/2022\/06\/25\/cine-concert-le-bilan\/\"\n\t\t\t\tid=\"sow-carousel-id-8362\"\n\t\t\t\t\t\t\t\ttabindex=\"-1\"\n\t\t\t>\n\n\t\t\t\tCin\u00e9 Concert Le Bilan\t\t\t<\/a>\n\t\t<\/h3>\n\t<\/div>\n\t\t<div class=\"sow-carousel-item\" tabindex=\"-1\" style=\"float: left;\">\n\t\t<div class=\"sow-carousel-thumbnail\">\n\t\t\t\t\t\t\t<a\n\t\t\t\t\thref=\"https:\/\/toutcourtfestival.fr\/index.php\/2022\/06\/11\/cineconcert18062022\/\"\n\t\t\t\t\t\t\t\t\t\tstyle=\"background-image: url( https:\/\/i0.wp.com\/toutcourtfestival.fr\/wp-content\/uploads\/2022\/06\/affiche-cineconcert.jpg?resize=272%2C182&#038;ssl=1 )\"\n\t\t\t\t\taria-labelledby=\"sow-carousel-id-8307\"\n\t\t\t\t\ttabindex=\"-1\"\n\t\t\t\t>\n\t\t\t\t\t<span class=\"overlay\"><\/span>\n\t\t\t\t<\/a>\n\t\t\t\t\t<\/div>\n\t\t<h3 class=\"sow-carousel-item-title\">\n\t\t\t<a\n\t\t\t\thref=\"https:\/\/toutcourtfestival.fr\/index.php\/2022\/06\/11\/cineconcert18062022\/\"\n\t\t\t\tid=\"sow-carousel-id-8307\"\n\t\t\t\t\t\t\t\ttabindex=\"-1\"\n\t\t\t>\n\n\t\t\t\tCin\u00e9-Concert samedi 18 juin 2022\t\t\t<\/a>\n\t\t<\/h3>\n\t<\/div>\n\t\t<div class=\"sow-carousel-item\" tabindex=\"-1\" style=\"float: left;\">\n\t\t<div class=\"sow-carousel-thumbnail\">\n\t\t\t\t\t\t\t<a\n\t\t\t\t\thref=\"https:\/\/toutcourtfestival.fr\/index.php\/2020\/09\/05\/cest-la-rentree-2020-2021\/\"\n\t\t\t\t\t\t\t\t\t\tstyle=\"background-image: url( https:\/\/i0.wp.com\/toutcourtfestival.fr\/wp-content\/uploads\/2020\/09\/Affiche-forum-assoces.jpg?resize=272%2C182&#038;ssl=1 )\"\n\t\t\t\t\taria-labelledby=\"sow-carousel-id-8249\"\n\t\t\t\t\ttabindex=\"-1\"\n\t\t\t\t>\n\t\t\t\t\t<span class=\"overlay\"><\/span>\n\t\t\t\t<\/a>\n\t\t\t\t\t<\/div>\n\t\t<h3 class=\"sow-carousel-item-title\">\n\t\t\t<a\n\t\t\t\thref=\"https:\/\/toutcourtfestival.fr\/index.php\/2020\/09\/05\/cest-la-rentree-2020-2021\/\"\n\t\t\t\tid=\"sow-carousel-id-8249\"\n\t\t\t\t\t\t\t\ttabindex=\"-1\"\n\t\t\t>\n\n\t\t\t\tC&#8217;est la rentr\u00e9e 2020-2021 !\t\t\t<\/a>\n\t\t<\/h3>\n\t<\/div>\n\t\t<div class=\"sow-carousel-item\" tabindex=\"-1\" style=\"float: left;\">\n\t\t<div class=\"sow-carousel-thumbnail\">\n\t\t\t\t\t\t\t<a\n\t\t\t\t\thref=\"https:\/\/toutcourtfestival.fr\/index.php\/2020\/02\/08\/selections-2020-pour-ledition-4-27-29-mars-2020\/\"\n\t\t\t\t\t\t\t\t\t\tstyle=\"background-image: url( https:\/\/i0.wp.com\/toutcourtfestival.fr\/wp-content\/uploads\/2020\/02\/Capture2.png?resize=272%2C182&#038;ssl=1 )\"\n\t\t\t\t\taria-labelledby=\"sow-carousel-id-7950\"\n\t\t\t\t\ttabindex=\"-1\"\n\t\t\t\t>\n\t\t\t\t\t<span class=\"overlay\"><\/span>\n\t\t\t\t<\/a>\n\t\t\t\t\t<\/div>\n\t\t<h3 class=\"sow-carousel-item-title\">\n\t\t\t<a\n\t\t\t\thref=\"https:\/\/toutcourtfestival.fr\/index.php\/2020\/02\/08\/selections-2020-pour-ledition-4-27-29-mars-2020\/\"\n\t\t\t\tid=\"sow-carousel-id-7950\"\n\t\t\t\t\t\t\t\ttabindex=\"-1\"\n\t\t\t>\n\n\t\t\t\tS\u00e9lection 2020 \/ 4i\u00e8me \u00e9dition 27-29 mars 2020\t\t\t<\/a>\n\t\t<\/h3>\n\t<\/div>\n\t\t<div class=\"sow-carousel-item\" tabindex=\"-1\" style=\"float: left;\">\n\t\t<div class=\"sow-carousel-thumbnail\">\n\t\t\t\t\t\t\t<a\n\t\t\t\t\thref=\"https:\/\/toutcourtfestival.fr\/index.php\/2019\/11\/17\/48h_2019\/\"\n\t\t\t\t\t\t\t\t\t\tstyle=\"background-image: url( https:\/\/i0.wp.com\/toutcourtfestival.fr\/wp-content\/uploads\/2019\/11\/2.92.jpg?resize=272%2C182&#038;ssl=1 )\"\n\t\t\t\t\taria-labelledby=\"sow-carousel-id-7472\"\n\t\t\t\t\ttabindex=\"-1\"\n\t\t\t\t>\n\t\t\t\t\t<span class=\"overlay\"><\/span>\n\t\t\t\t<\/a>\n\t\t\t\t\t<\/div>\n\t\t<h3 class=\"sow-carousel-item-title\">\n\t\t\t<a\n\t\t\t\thref=\"https:\/\/toutcourtfestival.fr\/index.php\/2019\/11\/17\/48h_2019\/\"\n\t\t\t\tid=\"sow-carousel-id-7472\"\n\t\t\t\t\t\t\t\ttabindex=\"-1\"\n\t\t\t>\n\n\t\t\t\tL&#8217;aventure des 48h mill\u00e9sime 2019 !\t\t\t<\/a>\n\t\t<\/h3>\n\t<\/div>\n\t\t<div class=\"sow-carousel-item\" tabindex=\"-1\" style=\"float: left;\">\n\t\t<div class=\"sow-carousel-thumbnail\">\n\t\t\t\t\t\t\t<a\n\t\t\t\t\thref=\"https:\/\/toutcourtfestival.fr\/index.php\/2019\/10\/14\/stage-ados-11-18-ans-a-gisors-actor-studio-jeu-dacteur-au-cinema\/\"\n\t\t\t\t\t\t\t\t\t\tstyle=\"background-image: url( https:\/\/i0.wp.com\/toutcourtfestival.fr\/wp-content\/uploads\/2019\/10\/sans-titre-b14ac1bd87fa4513b4b7e0659dad221e_sb2000x350_bb0x0x2000x350.jpg?resize=272%2C182&#038;ssl=1 )\"\n\t\t\t\t\taria-labelledby=\"sow-carousel-id-7457\"\n\t\t\t\t\ttabindex=\"-1\"\n\t\t\t\t>\n\t\t\t\t\t<span class=\"overlay\"><\/span>\n\t\t\t\t<\/a>\n\t\t\t\t\t<\/div>\n\t\t<h3 class=\"sow-carousel-item-title\">\n\t\t\t<a\n\t\t\t\thref=\"https:\/\/toutcourtfestival.fr\/index.php\/2019\/10\/14\/stage-ados-11-18-ans-a-gisors-actor-studio-jeu-dacteur-au-cinema\/\"\n\t\t\t\tid=\"sow-carousel-id-7457\"\n\t\t\t\t\t\t\t\ttabindex=\"-1\"\n\t\t\t>\n\n\t\t\t\tStage ados 11-18 ans \u00e0 Gisors : Actor Studio \/ jeu d&#8217;acteur au cin\u00e9ma\t\t\t<\/a>\n\t\t<\/h3>\n\t<\/div>\n\t\t<div class=\"sow-carousel-item\" tabindex=\"-1\" style=\"float: left;\">\n\t\t<div class=\"sow-carousel-thumbnail\">\n\t\t\t\t\t\t\t<a\n\t\t\t\t\thref=\"https:\/\/toutcourtfestival.fr\/index.php\/2019\/06\/10\/bilan-de-la-3ieme-edition\/\"\n\t\t\t\t\t\t\t\t\t\tstyle=\"background-image: url( https:\/\/i0.wp.com\/toutcourtfestival.fr\/wp-content\/uploads\/2019\/06\/P1044256.MOV_20190610_180042.962.jpg?resize=272%2C182&#038;ssl=1 )\"\n\t\t\t\t\taria-labelledby=\"sow-carousel-id-7215\"\n\t\t\t\t\ttabindex=\"-1\"\n\t\t\t\t>\n\t\t\t\t\t<span class=\"overlay\"><\/span>\n\t\t\t\t<\/a>\n\t\t\t\t\t<\/div>\n\t\t<h3 class=\"sow-carousel-item-title\">\n\t\t\t<a\n\t\t\t\thref=\"https:\/\/toutcourtfestival.fr\/index.php\/2019\/06\/10\/bilan-de-la-3ieme-edition\/\"\n\t\t\t\tid=\"sow-carousel-id-7215\"\n\t\t\t\t\t\t\t\ttabindex=\"-1\"\n\t\t\t>\n\n\t\t\t\tTout Court ! \u00e9dition 3 : le bilan\t\t\t<\/a>\n\t\t<\/h3>\n\t<\/div>\n\t\t\t<\/div>\n\t\t\t<\/div>\n\n\t<\/div>\n\t\t<input type=\"hidden\" name=\"instance_hash\" value=\"3c6ce012\"\/>\n\t<\/div>\n<\/div><\/div><\/div><\/div><\/div>","protected":false},"excerpt":{"rendered":"<p>Tout Court ! \u00e9dition 3 : le bilan <\/p>\n<p style=\"text-align: justify;\">Voici enfin le bilan de la 3i\u00e8me \u00e9dition qui s&#8217;est tenue le mois dernier \u00e0 Gisors ! On a manqu\u00e9 de temps pour l&#8217;\u00e9crire avant &#8211; en effet nous avons tout de suite encha\u00een\u00e9 sur de nouvelles activit\u00e9s, on ne ch\u00f4me jamais au Tout Court &hellip; <\/p>\n<p><a class=\"more-link btn\" href=\"https:\/\/toutcourtfestival.fr\/index.php\/2019\/06\/10\/bilan-de-la-3ieme-edition\/\">Continue reading<\/a><\/p>\n","protected":false},"author":1,"featured_media":0,"parent":0,"menu_order":0,"comment_status":"closed","ping_status":"closed","template":"","meta":{"ngg_post_thumbnail":0,"jetpack_post_was_ever_published":false,"footnotes":""},"class_list":["post-692","page","type-page","status-publish","hentry","nodate","item-wrap"],"jetpack_sharing_enabled":true,"jetpack_shortlink":"https:\/\/wp.me\/P8k6iw-ba","jetpack_likes_enabled":true,"_links":{"self":[{"href":"https:\/\/toutcourtfestival.fr\/index.php\/wp-json\/wp\/v2\/pages\/692","targetHints":{"allow":["GET"]}}],"collection":[{"href":"https:\/\/toutcourtfestival.fr\/index.php\/wp-json\/wp\/v2\/pages"}],"about":[{"href":"https:\/\/toutcourtfestival.fr\/index.php\/wp-json\/wp\/v2\/types\/page"}],"author":[{"embeddable":true,"href":"https:\/\/toutcourtfestival.fr\/index.php\/wp-json\/wp\/v2\/users\/1"}],"replies":[{"embeddable":true,"href":"https:\/\/toutcourtfestival.fr\/index.php\/wp-json\/wp\/v2\/comments?post=692"}],"version-history":[{"count":0,"href":"https:\/\/toutcourtfestival.fr\/index.php\/wp-json\/wp\/v2\/pages\/692\/revisions"}],"wp:attachment":[{"href":"https:\/\/toutcourtfestival.fr\/index.php\/wp-json\/wp\/v2\/media?parent=692"}],"curies":[{"name":"wp","href":"https:\/\/api.w.org\/{rel}","templated":true}]}}