{"id":7020,"date":"2019-04-22T15:45:13","date_gmt":"2019-04-22T13:45:13","guid":{"rendered":"http:\/\/toutcourtfestival.fr\/?page_id=7020"},"modified":"2019-04-22T16:15:18","modified_gmt":"2019-04-22T14:15:18","slug":"ateliers-pratiques-decouverte","status":"publish","type":"page","link":"https:\/\/toutcourtfestival.fr\/index.php\/selections-2019\/ateliers-pratiques-decouverte\/","title":{"rendered":"Ateliers pratiques \/ d\u00e9couverte"},"content":{"rendered":"<div id=\"pl-7020\"  class=\"panel-layout\" ><div id=\"pg-7020-0\"  class=\"panel-grid panel-no-style\" ><div id=\"pgc-7020-0-0\"  class=\"panel-grid-cell\" ><div id=\"panel-7020-0-0-0\" class=\"so-panel widget widget_sow-headline panel-first-child panel-last-child\" data-index=\"0\" ><div\n\t\t\t\n\t\t\tclass=\"so-widget-sow-headline so-widget-sow-headline-default-93ca6465d6df-7020\"\n\t\t\t\n\t\t><div class=\"sow-headline-container \">\n\t\t\t\t\t\t\t<h1 class=\"sow-headline\">\n\t\t\t\t\t\tAteliers pratiques \/ d\u00e9couverte\t\t\t\t\t\t<\/h1>\n\t\t\t\t\t\t\t\t\t\t\t<div class=\"decoration\">\n\t\t\t\t\t\t<div class=\"decoration-inside\"><\/div>\n\t\t\t\t\t<\/div>\n\t\t\t\t\t<\/div>\n<\/div><\/div><\/div><\/div><div id=\"pg-7020-1\"  class=\"panel-grid panel-no-style\" ><div id=\"pgc-7020-1-0\"  class=\"panel-grid-cell panel-grid-cell-empty\" ><\/div><div id=\"pgc-7020-1-1\"  class=\"panel-grid-cell panel-grid-cell-mobile-last\" ><div id=\"panel-7020-1-1-0\" class=\"so-panel widget widget_sow-editor panel-first-child panel-last-child\" data-index=\"1\" ><div\n\t\t\t\n\t\t\tclass=\"so-widget-sow-editor so-widget-sow-editor-base\"\n\t\t\t\n\t\t>\n<div class=\"siteorigin-widget-tinymce textwidget\">\n\t<p style=\"text-align: justify;\"><span style=\"font-size: 12pt;\">Le Tout Court ! propose diff\u00e9rents ateliers avec intervenants professionnels. D\u00e9couvrez par la pratique diff\u00e9rent aspect du cin\u00e9ma: effets sp\u00e9ciaux, r\u00e9alisation avec un smartphone et films d'animation.&nbsp;<\/span><\/p>\n<p>Attention, nombre de places limit\u00e9es! Nous vous recommandons de r\u00e9server \u00e0 l'avance depuis <a href=\"http:\/\/toutcourtfestival.fr\">le formulaire en page d\u2019accueil<\/a>&nbsp;ou bien ci-dessous.<\/p>\n<\/div>\n<\/div><\/div><\/div><div id=\"pgc-7020-1-2\"  class=\"panel-grid-cell panel-grid-cell-empty\" ><\/div><\/div><div id=\"pg-7020-2\"  class=\"panel-grid panel-has-style\" ><div class=\"panel-row-style panel-row-style-for-7020-2\" ><div id=\"pgc-7020-2-0\"  class=\"panel-grid-cell\" ><div id=\"panel-7020-2-0-0\" class=\"so-panel widget widget_sow-editor panel-first-child\" data-index=\"2\" ><div class=\"panel-widget-style panel-widget-style-for-7020-2-0-0\" ><div\n\t\t\t\n\t\t\tclass=\"so-widget-sow-editor so-widget-sow-editor-base\"\n\t\t\t\n\t\t>\n<div class=\"siteorigin-widget-tinymce textwidget\">\n\t<h1 style=\"text-align: justify;\"><span style=\"color: #e6e6e6;\"><b>Atelier Effets Sp\u00e9ciaux<\/b><\/span><\/h1>\n<\/div>\n<\/div><\/div><\/div><div id=\"panel-7020-2-0-1\" class=\"so-panel widget widget_siteorigin-panels-builder panel-last-child\" data-index=\"3\" ><div id=\"pl-w5cbdcb5970328\"  class=\"panel-layout\" ><div id=\"pg-w5cbdcb5970328-0\"  class=\"panel-grid panel-no-style\" ><div id=\"pgc-w5cbdcb5970328-0-0\"  class=\"panel-grid-cell panel-grid-cell-empty\" ><\/div><div id=\"pgc-w5cbdcb5970328-0-1\"  class=\"panel-grid-cell\" ><div id=\"panel-w5cbdcb5970328-0-1-0\" class=\"so-panel widget widget_sow-image panel-first-child panel-last-child\" data-index=\"0\" ><div class=\"panel-widget-style panel-widget-style-for-w5cbdcb5970328-0-1-0\" ><div\n\t\t\t\n\t\t\tclass=\"so-widget-sow-image so-widget-sow-image-default-4e6925654b7a\"\n\t\t\t\n\t\t>\n<div class=\"sow-image-container\">\n\t\t<img \n\tsrc=\"https:\/\/i0.wp.com\/toutcourtfestival.fr\/wp-content\/uploads\/2017\/06\/20170318_173716.jpg?resize=272%2C182&amp;ssl=1\" width=\"272\" height=\"182\" srcset=\"https:\/\/i0.wp.com\/toutcourtfestival.fr\/wp-content\/uploads\/2017\/06\/20170318_173716.jpg?resize=272%2C182&amp;ssl=1 272w, https:\/\/i0.wp.com\/toutcourtfestival.fr\/wp-content\/uploads\/2017\/06\/20170318_173716.jpg?zoom=2&amp;resize=272%2C182&amp;ssl=1 544w, https:\/\/i0.wp.com\/toutcourtfestival.fr\/wp-content\/uploads\/2017\/06\/20170318_173716.jpg?zoom=3&amp;resize=272%2C182&amp;ssl=1 816w\" alt=\"\" \t\tclass=\"so-widget-image\"\/>\n\t<\/div>\n\n<\/div><\/div><\/div><\/div><div id=\"pgc-w5cbdcb5970328-0-2\"  class=\"panel-grid-cell\" ><div id=\"panel-w5cbdcb5970328-0-2-0\" class=\"so-panel widget widget_sow-editor panel-first-child panel-last-child\" data-index=\"1\" ><div\n\t\t\t\n\t\t\tclass=\"so-widget-sow-editor so-widget-sow-editor-base\"\n\t\t\t\n\t\t>\n<div class=\"siteorigin-widget-tinymce textwidget\">\n\t<p style=\"text-align: justify;\"><span style=\"font-size: 12pt; color: #e6e6e6;\"><em>Anim\u00e9 par le r\u00e9alisateur Laurent Suter&nbsp; - dur\u00e9e 4h<br \/>\n<\/em><\/span><\/p>\n<p style=\"text-align: justify;\"><span style=\"font-size: 12pt; color: #e6e6e6;\">Depuis M\u00e9li\u00e8s le cin\u00e9ma est une source in\u00e9puisable d'inventivit\u00e9: comment faire de la magie au Cin\u00e9ma et cr\u00e9er du r\u00eave ! Laurent Suter vous d\u00e9voilera quelques ficelles du m\u00e9tier par la pratique et l'exp\u00e9rimentation. Plus de d\u00e9tails concernant les ateliers de Laurent Suter <a href=\"https:\/\/vimeo.com\/183626649\">sur cette vid\u00e9o.<\/a><br \/>\n<\/span><\/p>\n<p><span style=\"font-size: 12pt; color: #e6e6e6;\">Samedi 11 mai 2019 \u00e0 14h \u00e0 la nouvelle salle polyvalente de Gisors.<\/span><\/p>\n<\/div>\n<\/div><\/div><\/div><\/div><\/div><\/div><\/div><\/div><\/div><div id=\"pg-7020-3\"  class=\"panel-grid panel-has-style\" ><div class=\"panel-row-style panel-row-style-for-7020-3\" ><div id=\"pgc-7020-3-0\"  class=\"panel-grid-cell\" ><div id=\"panel-7020-3-0-0\" class=\"so-panel widget widget_sow-editor panel-first-child\" data-index=\"4\" ><div class=\"panel-widget-style panel-widget-style-for-7020-3-0-0\" ><div\n\t\t\t\n\t\t\tclass=\"so-widget-sow-editor so-widget-sow-editor-base\"\n\t\t\t\n\t\t>\n<div class=\"siteorigin-widget-tinymce textwidget\">\n\t<h1 style=\"text-align: justify;\"><b>Atelier Pocket Film<\/b><b><\/b><\/h1>\n<\/div>\n<\/div><\/div><\/div><div id=\"panel-7020-3-0-1\" class=\"so-panel widget widget_siteorigin-panels-builder panel-last-child\" data-index=\"5\" ><div id=\"pl-w5cbdcb10d22ad\"  class=\"panel-layout\" ><div id=\"pg-w5cbdcb10d22ad-0\"  class=\"panel-grid panel-no-style\" ><div id=\"pgc-w5cbdcb10d22ad-0-0\"  class=\"panel-grid-cell panel-grid-cell-empty\" ><\/div><div id=\"pgc-w5cbdcb10d22ad-0-1\"  class=\"panel-grid-cell\" ><div id=\"panel-w5cbdcb10d22ad-0-1-0\" class=\"so-panel widget widget_sow-image panel-first-child panel-last-child\" data-index=\"0\" ><div class=\"panel-widget-style panel-widget-style-for-w5cbdcb10d22ad-0-1-0\" ><div\n\t\t\t\n\t\t\tclass=\"so-widget-sow-image so-widget-sow-image-default-4e6925654b7a\"\n\t\t\t\n\t\t>\n<div class=\"sow-image-container\">\n\t\t<img \n\tsrc=\"https:\/\/i0.wp.com\/toutcourtfestival.fr\/wp-content\/uploads\/2019\/04\/images.jpg?resize=272%2C182&amp;ssl=1\" width=\"272\" height=\"182\" srcset=\"https:\/\/i0.wp.com\/toutcourtfestival.fr\/wp-content\/uploads\/2019\/04\/images.jpg?w=275&amp;ssl=1 275w, https:\/\/i0.wp.com\/toutcourtfestival.fr\/wp-content\/uploads\/2019\/04\/images.jpg?resize=272%2C182&amp;ssl=1 272w\" alt=\"\" \t\tclass=\"so-widget-image\"\/>\n\t<\/div>\n\n<\/div><\/div><\/div><\/div><div id=\"pgc-w5cbdcb10d22ad-0-2\"  class=\"panel-grid-cell\" ><div id=\"panel-w5cbdcb10d22ad-0-2-0\" class=\"so-panel widget widget_sow-editor panel-first-child panel-last-child\" data-index=\"1\" ><div\n\t\t\t\n\t\t\tclass=\"so-widget-sow-editor so-widget-sow-editor-base\"\n\t\t\t\n\t\t>\n<div class=\"siteorigin-widget-tinymce textwidget\">\n\t<p style=\"text-align: justify;\"><span style=\"font-size: 12pt;\"><em>Anim\u00e9 par le r\u00e9alisateur Olivier Lallart - dur\u00e9e 4h (d\u00e9bordement possible)<\/em><\/span><\/p>\n<p>De nos jours un simple t\u00e9l\u00e9phone portable suffit \u00e0 cr\u00e9er des images d'une grande qualit\u00e9 technique - mais \u00e7a ne suffit pas pour faire un film! D\u00e9couvrez par la pratique comment cr\u00e9er un petit film de A \u00e0 Z, du sc\u00e9nario au montage en passant par la production et le tournage.<\/p>\n<p>Olivier Lallart est r\u00e9alisateur de court-m\u00e9trages et animateur d'ateliers. Plus de d\u00e9tails <a href=\"https:\/\/www.olivierlallart.com\">sur son site web<\/a>.<\/p>\n<p><em><span style=\"font-size: 12pt;\"><strong>Samedi 11 mai 2019 <\/strong>\u00e0 <strong>14h<\/strong>&nbsp;\u00e0 la nouvelle <strong>salle polyvalente de Gisors<\/strong><\/span><\/em><\/p>\n<\/div>\n<\/div><\/div><\/div><\/div><\/div><\/div><\/div><\/div><\/div><div id=\"pg-7020-4\"  class=\"panel-grid panel-has-style\" ><div class=\"panel-row-style panel-row-style-for-7020-4\" ><div id=\"pgc-7020-4-0\"  class=\"panel-grid-cell\" ><div id=\"panel-7020-4-0-0\" class=\"so-panel widget widget_sow-editor panel-first-child\" data-index=\"6\" ><div class=\"panel-widget-style panel-widget-style-for-7020-4-0-0\" ><div\n\t\t\t\n\t\t\tclass=\"so-widget-sow-editor so-widget-sow-editor-base\"\n\t\t\t\n\t\t>\n<div class=\"siteorigin-widget-tinymce textwidget\">\n\t<h1 style=\"text-align: justify;\"><span style=\"color: #e6e6e6;\"><b>Atelier Films d'Animation<\/b><\/span><\/h1>\n<\/div>\n<\/div><\/div><\/div><div id=\"panel-7020-4-0-1\" class=\"so-panel widget widget_siteorigin-panels-builder panel-last-child\" data-index=\"7\" ><div id=\"pl-w5cbdcb8b661e4\"  class=\"panel-layout\" ><div id=\"pg-w5cbdcb8b661e4-0\"  class=\"panel-grid panel-no-style\" ><div id=\"pgc-w5cbdcb8b661e4-0-0\"  class=\"panel-grid-cell panel-grid-cell-empty\" ><\/div><div id=\"pgc-w5cbdcb8b661e4-0-1\"  class=\"panel-grid-cell\" ><div id=\"panel-w5cbdcb8b661e4-0-1-0\" class=\"so-panel widget widget_sow-image panel-first-child panel-last-child\" data-index=\"0\" ><div class=\"panel-widget-style panel-widget-style-for-w5cbdcb8b661e4-0-1-0\" ><div\n\t\t\t\n\t\t\tclass=\"so-widget-sow-image so-widget-sow-image-default-4e6925654b7a\"\n\t\t\t\n\t\t>\n<div class=\"sow-image-container\">\n\t\t<img \n\tsrc=\"https:\/\/i0.wp.com\/toutcourtfestival.fr\/wp-content\/uploads\/2017\/06\/20170429_1505041.jpg?resize=272%2C182&amp;ssl=1\" width=\"272\" height=\"182\" srcset=\"https:\/\/i0.wp.com\/toutcourtfestival.fr\/wp-content\/uploads\/2017\/06\/20170429_1505041.jpg?resize=272%2C182&amp;ssl=1 272w, https:\/\/i0.wp.com\/toutcourtfestival.fr\/wp-content\/uploads\/2017\/06\/20170429_1505041.jpg?zoom=2&amp;resize=272%2C182&amp;ssl=1 544w, https:\/\/i0.wp.com\/toutcourtfestival.fr\/wp-content\/uploads\/2017\/06\/20170429_1505041.jpg?zoom=3&amp;resize=272%2C182&amp;ssl=1 816w\" title=\"Atelier Animation (Nicolas Bellanger)\" alt=\"\" \t\tclass=\"so-widget-image\"\/>\n\t<\/div>\n\n<\/div><\/div><\/div><\/div><div id=\"pgc-w5cbdcb8b661e4-0-2\"  class=\"panel-grid-cell\" ><div id=\"panel-w5cbdcb8b661e4-0-2-0\" class=\"so-panel widget widget_sow-editor panel-first-child panel-last-child\" data-index=\"1\" ><div\n\t\t\t\n\t\t\tclass=\"so-widget-sow-editor so-widget-sow-editor-base\"\n\t\t\t\n\t\t>\n<div class=\"siteorigin-widget-tinymce textwidget\">\n\t<p style=\"text-align: justify;\"><span style=\"font-size: 12pt; font-family: arial, helvetica, sans-serif; color: #e6e6e6;\"><em>Anim\u00e9 par le r\u00e9alisateur Nicolas Bellanger - dur\u00e9e 3h<\/em><\/span><\/p>\n<p style=\"text-align: justify;\"><span style=\"font-size: 12pt; color: #e6e6e6;\">Animation, pixillation, stop-motion, pelure d'oignon... Tout cela n'aura plus de secret pour vous apr\u00e8s avoir manipul\u00e9 et cr\u00e9\u00e9 vos propres animations! <a href=\"http:\/\/ressources.acap-cinema.com\/atelier-cinema-danimation\/\">Voir plus de d\u00e9tails ici sur les ateliers de Nicolas Bellanger<\/a>.&nbsp;<\/span><\/p>\n<p><span style=\"font-size: 12pt; color: #e6e6e6;\"><em><strong>Dimanche 12 mai 2019<\/strong>&nbsp;\u00e0&nbsp;<strong>16h<\/strong>&nbsp;au<strong> cin\u00e9ma Jour-de-F\u00eate \u00e0 Gisors.<\/strong><\/em><\/span><\/p>\n<\/div>\n<\/div><\/div><\/div><\/div><\/div><\/div><\/div><\/div><\/div><div id=\"pg-7020-5\"  class=\"panel-grid panel-no-style\" ><div id=\"pgc-7020-5-0\"  class=\"panel-grid-cell panel-grid-cell-empty\" ><\/div><div id=\"pgc-7020-5-1\"  class=\"panel-grid-cell panel-grid-cell-mobile-last\" ><div id=\"panel-7020-5-1-0\" class=\"so-panel widget widget_sow-editor panel-first-child panel-last-child\" data-index=\"8\" ><div\n\t\t\t\n\t\t\tclass=\"so-widget-sow-editor so-widget-sow-editor-base\"\n\t\t\t\n\t\t>\n<div class=\"siteorigin-widget-tinymce textwidget\">\n\t<p style=\"text-align: justify;\">Vous pouvez r\u00e9server un atelier ci-dessous au tarif unique de 5 euros. Attention, le nombre de places est limit\u00e9!<\/p>\n<p>Propuls\u00e9 par <a href=\"https:\/\/www.helloasso.com\" rel=\"nofollow\">HelloAsso<\/a><br \/>\n<iframe id=\"haWidget\" style=\"width: 100%; height: 850px; border: none;\" src=\"https:\/\/www.helloasso.com\/associations\/tout-court-eure\/evenements\/tout-court-festival-du-court-metrage-de-gisors-edition-3\/widget\" scrolling=\"auto\"><\/iframe><\/p>\n<\/div>\n<\/div><\/div><\/div><div id=\"pgc-7020-5-2\"  class=\"panel-grid-cell panel-grid-cell-empty\" ><\/div><\/div><div id=\"pg-7020-6\"  class=\"panel-grid panel-no-style\" ><div id=\"pgc-7020-6-0\"  class=\"panel-grid-cell\" ><div id=\"panel-7020-6-0-0\" class=\"so-panel widget widget_text panel-first-child panel-last-child\" data-index=\"9\" >\t\t\t<div class=\"textwidget\"><style>.entry-title {display:none;}<\/style> <\/div>\n\t\t<\/div><\/div><\/div><\/div>","protected":false},"excerpt":{"rendered":"<p>Ateliers pratiques \/ d\u00e9couverte <\/p>\n<p style=\"text-align: justify;\">Le Tout Court ! propose diff\u00e9rents ateliers avec intervenants professionnels. D\u00e9couvrez par la pratique diff\u00e9rent aspect du cin\u00e9ma: effets sp\u00e9ciaux, r\u00e9alisation avec un smartphone et films d&#8217;animation.&nbsp;<\/p>\n<p>Attention, nombre de places limit\u00e9es! Nous vous recommandons de r\u00e9server \u00e0 l&#8217;avance depuis <a href=\"http:\/\/toutcourtfestival.fr\">le formulaire en page d\u2019accueil<\/a>&nbsp;ou bien ci-dessous.<\/p>\n<p> <b>Atelier &hellip; <\/p>\n<p><a class=\"more-link btn\" href=\"https:\/\/toutcourtfestival.fr\/index.php\/selections-2019\/ateliers-pratiques-decouverte\/\">Continue reading<\/a><\/p>\n<p><\/b><\/p>\n","protected":false},"author":1,"featured_media":2758,"parent":6480,"menu_order":0,"comment_status":"closed","ping_status":"closed","template":"","meta":{"ngg_post_thumbnail":0,"jetpack_post_was_ever_published":false,"footnotes":""},"class_list":["post-7020","page","type-page","status-publish","has-post-thumbnail","hentry","nodate","item-wrap"],"jetpack_sharing_enabled":true,"jetpack_shortlink":"https:\/\/wp.me\/P8k6iw-1Pe","jetpack_likes_enabled":true,"_links":{"self":[{"href":"https:\/\/toutcourtfestival.fr\/index.php\/wp-json\/wp\/v2\/pages\/7020","targetHints":{"allow":["GET"]}}],"collection":[{"href":"https:\/\/toutcourtfestival.fr\/index.php\/wp-json\/wp\/v2\/pages"}],"about":[{"href":"https:\/\/toutcourtfestival.fr\/index.php\/wp-json\/wp\/v2\/types\/page"}],"author":[{"embeddable":true,"href":"https:\/\/toutcourtfestival.fr\/index.php\/wp-json\/wp\/v2\/users\/1"}],"replies":[{"embeddable":true,"href":"https:\/\/toutcourtfestival.fr\/index.php\/wp-json\/wp\/v2\/comments?post=7020"}],"version-history":[{"count":0,"href":"https:\/\/toutcourtfestival.fr\/index.php\/wp-json\/wp\/v2\/pages\/7020\/revisions"}],"up":[{"embeddable":true,"href":"https:\/\/toutcourtfestival.fr\/index.php\/wp-json\/wp\/v2\/pages\/6480"}],"wp:featuredmedia":[{"embeddable":true,"href":"https:\/\/toutcourtfestival.fr\/index.php\/wp-json\/wp\/v2\/media\/2758"}],"wp:attachment":[{"href":"https:\/\/toutcourtfestival.fr\/index.php\/wp-json\/wp\/v2\/media?parent=7020"}],"curies":[{"name":"wp","href":"https:\/\/api.w.org\/{rel}","templated":true}]}}