{"id":7189,"date":"2019-04-24T01:01:50","date_gmt":"2019-04-23T23:01:50","guid":{"rendered":"http:\/\/toutcourtfestival.fr\/?page_id=7189"},"modified":"2019-04-24T01:05:38","modified_gmt":"2019-04-23T23:05:38","slug":"rencontres-jeunes-creation-2019","status":"publish","type":"page","link":"https:\/\/toutcourtfestival.fr\/index.php\/selections-2019\/rencontres-jeunes-creation-2019\/","title":{"rendered":"Rencontres Jeunes Cr\u00e9ation 2019"},"content":{"rendered":"<div id=\"pl-7189\"  class=\"panel-layout\" ><div id=\"pg-7189-0\"  class=\"panel-grid panel-no-style\" ><div id=\"pgc-7189-0-0\"  class=\"panel-grid-cell\" ><div id=\"panel-7189-0-0-0\" class=\"so-panel widget widget_sow-headline panel-first-child panel-last-child\" data-index=\"0\" ><div\n\t\t\t\n\t\t\tclass=\"so-widget-sow-headline so-widget-sow-headline-default-8afa24fa421a-7189\"\n\t\t\t\n\t\t><div class=\"sow-headline-container \">\n\t\t\t\t\t\t\t<h1 class=\"sow-headline\">\n\t\t\t\t\t\tRencontres Jeune Cr\u00e9ation\t\t\t\t\t\t<\/h1>\n\t\t\t\t\t\t\t\t\t\t\t<div class=\"decoration\">\n\t\t\t\t\t\t<div class=\"decoration-inside\"><\/div>\n\t\t\t\t\t<\/div>\n\t\t\t\t\t\t\t\t\t\t\t<h3 class=\"sow-sub-headline\">\n\t\t\t\t\t\tSamedi 11 mai 2019 - 11h - Nouvelle salle polyvalente de Gisors\t\t\t\t\t\t<\/h3>\n\t\t\t\t\t\t<\/div>\n<\/div><\/div><\/div><\/div><div id=\"pg-7189-1\"  class=\"panel-grid panel-no-style\" ><div id=\"pgc-7189-1-0\"  class=\"panel-grid-cell panel-grid-cell-empty\" ><\/div><div id=\"pgc-7189-1-1\"  class=\"panel-grid-cell panel-grid-cell-mobile-last\" ><div id=\"panel-7189-1-1-0\" class=\"so-panel widget widget_sow-editor panel-first-child panel-last-child\" data-index=\"1\" ><div\n\t\t\t\n\t\t\tclass=\"so-widget-sow-editor so-widget-sow-editor-base\"\n\t\t\t\n\t\t>\n<div class=\"siteorigin-widget-tinymce textwidget\">\n\t<p style=\"text-align: justify;\">Fid\u00e8le \u00e0 ses principe, Le Tout Court ! met en avant la jeune cr\u00e9ation \u00e0 travers une rencontre annuelle, un moment fort du festival ! De jeunes cin\u00e9astes ou vid\u00e9astes talentueux ainsi que leurs animateurs sont invit\u00e9s \u00e0 venir pr\u00e9senter leur production, r\u00e9alis\u00e9e seul ou en atelier !<\/p>\n<p style=\"text-align: justify;\">Les jeunes sont \u00e9galement invit\u00e9s \u00e0 partager un repas avec les artistes invit\u00e9s du festival, et on leur remet un badge qui leur donne acc\u00e8s \u00e0 l'ensemble des s\u00e9ances du festival. Ils peuvent ainsi rester toute la journ\u00e9e - et m\u00eame revenir le lendemain, pour \u00e9changer avec des artistes, participer \u00e0 des ateliers, regarder des films...<\/p>\n<p style=\"text-align: justify;\"><a href=\"https:\/\/i0.wp.com\/toutcourtfestival.fr\/wp-content\/uploads\/2018\/07\/PANA3753.MOV_20180719_235544.540.jpg\"><img data-recalc-dims=\"1\" loading=\"lazy\" decoding=\"async\" class=\"alignnone wp-image-5882 size-large\" src=\"https:\/\/i0.wp.com\/toutcourtfestival.fr\/wp-content\/uploads\/2018\/07\/PANA3753.MOV_20180719_235544.540-1024x576.jpg?resize=1024%2C576\" alt=\"\" width=\"1024\" height=\"576\" srcset=\"https:\/\/i0.wp.com\/toutcourtfestival.fr\/wp-content\/uploads\/2018\/07\/PANA3753.MOV_20180719_235544.540.jpg?resize=1024%2C576&amp;ssl=1 1024w, https:\/\/i0.wp.com\/toutcourtfestival.fr\/wp-content\/uploads\/2018\/07\/PANA3753.MOV_20180719_235544.540.jpg?resize=300%2C169&amp;ssl=1 300w, https:\/\/i0.wp.com\/toutcourtfestival.fr\/wp-content\/uploads\/2018\/07\/PANA3753.MOV_20180719_235544.540.jpg?resize=768%2C432&amp;ssl=1 768w, https:\/\/i0.wp.com\/toutcourtfestival.fr\/wp-content\/uploads\/2018\/07\/PANA3753.MOV_20180719_235544.540.jpg?w=1920&amp;ssl=1 1920w\" sizes=\"auto, (max-width: 1024px) 100vw, 1024px\" \/><\/a><\/p>\n<p style=\"text-align: center;\"><strong>Rencontres Jeune Cr\u00e9ation<\/strong> - Samedi 11 mai 11h - Nouvelle salle Polyvalente de Gisors<\/p>\n<\/div>\n<\/div><\/div><\/div><div id=\"pgc-7189-1-2\"  class=\"panel-grid-cell panel-grid-cell-empty\" ><\/div><\/div><div id=\"pg-7189-2\"  class=\"panel-grid panel-no-style\" ><div id=\"pgc-7189-2-0\"  class=\"panel-grid-cell\" ><div id=\"panel-7189-2-0-0\" class=\"so-panel widget widget_text panel-first-child panel-last-child\" data-index=\"2\" >\t\t\t<div class=\"textwidget\"><style>.entry-title {display:none;}<\/style> <\/div>\n\t\t<\/div><\/div><\/div><\/div>","protected":false},"excerpt":{"rendered":"<p>Rencontres Jeune Cr\u00e9ation Samedi 11 mai 2019 &#8211; 11h &#8211; Nouvelle salle polyvalente de Gisors <\/p>\n<p style=\"text-align: justify;\">Fid\u00e8le \u00e0 ses principe, Le Tout Court ! met en avant la jeune cr\u00e9ation \u00e0 travers une rencontre annuelle, un moment fort du festival ! De jeunes cin\u00e9astes ou vid\u00e9astes talentueux ainsi que leurs animateurs sont invit\u00e9s \u00e0 &hellip; <\/p>\n<p><a class=\"more-link btn\" href=\"https:\/\/toutcourtfestival.fr\/index.php\/selections-2019\/rencontres-jeunes-creation-2019\/\">Continue reading<\/a><\/p>\n","protected":false},"author":1,"featured_media":5882,"parent":6480,"menu_order":0,"comment_status":"closed","ping_status":"closed","template":"","meta":{"ngg_post_thumbnail":0,"jetpack_post_was_ever_published":false,"footnotes":""},"class_list":["post-7189","page","type-page","status-publish","has-post-thumbnail","hentry","nodate","item-wrap"],"jetpack_sharing_enabled":true,"jetpack_shortlink":"https:\/\/wp.me\/P8k6iw-1RX","jetpack_likes_enabled":true,"_links":{"self":[{"href":"https:\/\/toutcourtfestival.fr\/index.php\/wp-json\/wp\/v2\/pages\/7189","targetHints":{"allow":["GET"]}}],"collection":[{"href":"https:\/\/toutcourtfestival.fr\/index.php\/wp-json\/wp\/v2\/pages"}],"about":[{"href":"https:\/\/toutcourtfestival.fr\/index.php\/wp-json\/wp\/v2\/types\/page"}],"author":[{"embeddable":true,"href":"https:\/\/toutcourtfestival.fr\/index.php\/wp-json\/wp\/v2\/users\/1"}],"replies":[{"embeddable":true,"href":"https:\/\/toutcourtfestival.fr\/index.php\/wp-json\/wp\/v2\/comments?post=7189"}],"version-history":[{"count":0,"href":"https:\/\/toutcourtfestival.fr\/index.php\/wp-json\/wp\/v2\/pages\/7189\/revisions"}],"up":[{"embeddable":true,"href":"https:\/\/toutcourtfestival.fr\/index.php\/wp-json\/wp\/v2\/pages\/6480"}],"wp:featuredmedia":[{"embeddable":true,"href":"https:\/\/toutcourtfestival.fr\/index.php\/wp-json\/wp\/v2\/media\/5882"}],"wp:attachment":[{"href":"https:\/\/toutcourtfestival.fr\/index.php\/wp-json\/wp\/v2\/media?parent=7189"}],"curies":[{"name":"wp","href":"https:\/\/api.w.org\/{rel}","templated":true}]}}