{"id":7208,"date":"2019-05-13T12:55:29","date_gmt":"2019-05-13T10:55:29","guid":{"rendered":"https:\/\/toutcourtfestival.fr\/?page_id=7208"},"modified":"2019-06-10T21:39:22","modified_gmt":"2019-06-10T19:39:22","slug":"palmares-2019","status":"publish","type":"page","link":"https:\/\/toutcourtfestival.fr\/index.php\/selections-2019\/palmares-2019\/","title":{"rendered":"Palmar\u00e8s 2019"},"content":{"rendered":"<div id=\"pl-7208\"  class=\"panel-layout\" ><div id=\"pg-7208-0\"  class=\"panel-grid panel-no-style\" ><div id=\"pgc-7208-0-0\"  class=\"panel-grid-cell\" ><div id=\"panel-7208-0-0-0\" class=\"so-panel widget widget_sow-headline panel-first-child panel-last-child\" data-index=\"0\" ><div\n\t\t\t\n\t\t\tclass=\"so-widget-sow-headline so-widget-sow-headline-default-0115510059e4-7208\"\n\t\t\t\n\t\t><div class=\"sow-headline-container \">\n\t\t\t\t\t\t\t<h1 class=\"sow-headline\">\n\t\t\t\t\t\tPalmar\u00e8s 2019\t\t\t\t\t\t<\/h1>\n\t\t\t\t\t\t\t\t\t\t\t<div class=\"decoration\">\n\t\t\t\t\t\t<div class=\"decoration-inside\"><\/div>\n\t\t\t\t\t<\/div>\n\t\t\t\t\t\t\t\t\t\t\t<h3 class=\"sow-sub-headline\">\n\t\t\t\t\t\tGrand prix du jury\t\t\t\t\t\t<\/h3>\n\t\t\t\t\t\t<\/div>\n<\/div><\/div><\/div><\/div><div id=\"pg-7208-1\"  class=\"panel-grid panel-has-style\" ><div class=\"panel-row-style panel-row-style-for-7208-1\" ><div id=\"pgc-7208-1-0\"  class=\"panel-grid-cell\" ><div id=\"panel-7208-1-0-0\" class=\"so-panel widget widget_sow-editor panel-first-child\" data-index=\"1\" ><div class=\"panel-widget-style panel-widget-style-for-7208-1-0-0\" ><div\n\t\t\t\n\t\t\tclass=\"so-widget-sow-editor so-widget-sow-editor-base\"\n\t\t\t\n\t\t>\n<div class=\"siteorigin-widget-tinymce textwidget\">\n\t<h1 style=\"text-align: justify;\"><b>Mort aux codes<\/b><\/h1>\n<\/div>\n<\/div><\/div><\/div><div id=\"panel-7208-1-0-1\" class=\"so-panel widget widget_siteorigin-panels-builder panel-last-child\" data-index=\"2\" ><div id=\"pl-w5cd94d2206337\"  class=\"panel-layout\" ><div id=\"pg-w5cd94d2206337-0\"  class=\"panel-grid panel-no-style\" ><div id=\"pgc-w5cd94d2206337-0-0\"  class=\"panel-grid-cell panel-grid-cell-empty\" ><\/div><div id=\"pgc-w5cd94d2206337-0-1\"  class=\"panel-grid-cell\" ><div id=\"panel-w5cd94d2206337-0-1-0\" class=\"so-panel widget widget_sow-image panel-first-child panel-last-child\" data-index=\"0\" ><div class=\"panel-widget-style panel-widget-style-for-w5cd94d2206337-0-1-0\" ><div\n\t\t\t\n\t\t\tclass=\"so-widget-sow-image so-widget-sow-image-default-4e6925654b7a\"\n\t\t\t\n\t\t>\n<div class=\"sow-image-container\">\n\t\t<img \n\tsrc=\"https:\/\/i0.wp.com\/toutcourtfestival.fr\/wp-content\/uploads\/2019\/03\/photo3_Mort_aux_codes.jpeg?resize=272%2C182&amp;ssl=1\" width=\"272\" height=\"182\" srcset=\"https:\/\/i0.wp.com\/toutcourtfestival.fr\/wp-content\/uploads\/2019\/03\/photo3_Mort_aux_codes.jpeg?resize=272%2C182&amp;ssl=1 272w, https:\/\/i0.wp.com\/toutcourtfestival.fr\/wp-content\/uploads\/2019\/03\/photo3_Mort_aux_codes.jpeg?zoom=2&amp;resize=272%2C182&amp;ssl=1 544w, https:\/\/i0.wp.com\/toutcourtfestival.fr\/wp-content\/uploads\/2019\/03\/photo3_Mort_aux_codes.jpeg?zoom=3&amp;resize=272%2C182&amp;ssl=1 816w\" alt=\"\" \t\tclass=\"so-widget-image\"\/>\n\t<\/div>\n\n<\/div><\/div><\/div><\/div><div id=\"pgc-w5cd94d2206337-0-2\"  class=\"panel-grid-cell\" ><div id=\"panel-w5cd94d2206337-0-2-0\" class=\"so-panel widget widget_sow-editor panel-first-child panel-last-child\" data-index=\"1\" ><div\n\t\t\t\n\t\t\tclass=\"so-widget-sow-editor so-widget-sow-editor-base\"\n\t\t\t\n\t\t>\n<div class=\"siteorigin-widget-tinymce textwidget\">\n\t<p style=\"text-align: justify;\"><span style=\"font-size: 12pt;\"><em>Drame de L\u00e9opold L\u00e9grand - 13:55<br \/>\n<\/em><\/span><\/p>\n<p style=\"text-align: justify;\"><span style=\"font-size: 12pt;\">\u00ab Malgr\u00e9 leur quartier de haute s\u00e9curit\u00e9, la mort venait d'entrer sans difficult\u00e9 dans leur appartement \u00bb<\/span><\/p>\n<\/div>\n<\/div><\/div><\/div><\/div><\/div><\/div><\/div><\/div><\/div><div id=\"pg-7208-2\"  class=\"panel-grid panel-no-style\" ><div id=\"pgc-7208-2-0\"  class=\"panel-grid-cell\" ><div id=\"panel-7208-2-0-0\" class=\"so-panel widget widget_sow-headline panel-first-child\" data-index=\"3\" ><div\n\t\t\t\n\t\t\tclass=\"so-widget-sow-headline so-widget-sow-headline-default-0115510059e4-7208\"\n\t\t\t\n\t\t><div class=\"sow-headline-container \">\n\t\t\t\t\t\t<div class=\"decoration\">\n\t\t\t\t\t\t<div class=\"decoration-inside\"><\/div>\n\t\t\t\t\t<\/div>\n\t\t\t\t\t\t\t\t\t\t\t<h3 class=\"sow-sub-headline\">\n\t\t\t\t\t\tCoup de c\u0153ur du jury\t\t\t\t\t\t<\/h3>\n\t\t\t\t\t\t<\/div>\n<\/div><\/div><div id=\"panel-7208-2-0-1\" class=\"so-panel widget widget_sow-headline panel-last-child\" data-index=\"4\" ><div class=\"panel-widget-style panel-widget-style-for-7208-2-0-1\" ><div\n\t\t\t\n\t\t\tclass=\"so-widget-sow-headline so-widget-sow-headline-default-b8e7c7ed8a2f-7208\"\n\t\t\t\n\t\t><div class=\"sow-headline-container \">\n\t\t\t\t\t\t<div class=\"decoration\">\n\t\t\t\t\t\t<div class=\"decoration-inside\"><\/div>\n\t\t\t\t\t<\/div>\n\t\t\t\t\t\t\t\t\t\t\t<h3 class=\"sow-sub-headline\">\n\t\t\t\t\t\tet Prix du jury Lyc\u00e9en\t\t\t\t\t\t<\/h3>\n\t\t\t\t\t\t<\/div>\n<\/div><\/div><\/div><\/div><\/div><div id=\"pg-7208-3\"  class=\"panel-grid panel-has-style\" ><div class=\"panel-row-style panel-row-style-for-7208-3\" ><div id=\"pgc-7208-3-0\"  class=\"panel-grid-cell\" ><div id=\"panel-7208-3-0-0\" class=\"so-panel widget widget_sow-editor panel-first-child\" data-index=\"5\" ><div class=\"panel-widget-style panel-widget-style-for-7208-3-0-0\" ><div\n\t\t\t\n\t\t\tclass=\"so-widget-sow-editor so-widget-sow-editor-base\"\n\t\t\t\n\t\t>\n<div class=\"siteorigin-widget-tinymce textwidget\">\n\t<h1 style=\"text-align: justify;\">Le Mans 1955<\/h1>\n<\/div>\n<\/div><\/div><\/div><div id=\"panel-7208-3-0-1\" class=\"so-panel widget widget_siteorigin-panels-builder panel-last-child\" data-index=\"6\" ><div id=\"pl-w5cd94d220a9b2\"  class=\"panel-layout\" ><div id=\"pg-w5cd94d220a9b2-0\"  class=\"panel-grid panel-no-style\" ><div id=\"pgc-w5cd94d220a9b2-0-0\"  class=\"panel-grid-cell panel-grid-cell-empty\" ><\/div><div id=\"pgc-w5cd94d220a9b2-0-1\"  class=\"panel-grid-cell\" ><div id=\"panel-w5cd94d220a9b2-0-1-0\" class=\"so-panel widget widget_sow-image panel-first-child panel-last-child\" data-index=\"0\" ><div class=\"panel-widget-style panel-widget-style-for-w5cd94d220a9b2-0-1-0\" ><div\n\t\t\t\n\t\t\tclass=\"so-widget-sow-image so-widget-sow-image-default-4e6925654b7a\"\n\t\t\t\n\t\t>\n<div class=\"sow-image-container\">\n\t\t<img \n\tsrc=\"https:\/\/i0.wp.com\/toutcourtfestival.fr\/wp-content\/uploads\/2019\/03\/photo1_Le_Mans_1955.jpeg?resize=272%2C182&amp;ssl=1\" width=\"272\" height=\"182\" srcset=\"https:\/\/i0.wp.com\/toutcourtfestival.fr\/wp-content\/uploads\/2019\/03\/photo1_Le_Mans_1955.jpeg?resize=272%2C182&amp;ssl=1 272w, https:\/\/i0.wp.com\/toutcourtfestival.fr\/wp-content\/uploads\/2019\/03\/photo1_Le_Mans_1955.jpeg?zoom=2&amp;resize=272%2C182&amp;ssl=1 544w, https:\/\/i0.wp.com\/toutcourtfestival.fr\/wp-content\/uploads\/2019\/03\/photo1_Le_Mans_1955.jpeg?zoom=3&amp;resize=272%2C182&amp;ssl=1 816w\" alt=\"\" \t\tclass=\"so-widget-image\"\/>\n\t<\/div>\n\n<\/div><\/div><\/div><\/div><div id=\"pgc-w5cd94d220a9b2-0-2\"  class=\"panel-grid-cell\" ><div id=\"panel-w5cd94d220a9b2-0-2-0\" class=\"so-panel widget widget_sow-editor panel-first-child panel-last-child\" data-index=\"1\" ><div\n\t\t\t\n\t\t\tclass=\"so-widget-sow-editor so-widget-sow-editor-base\"\n\t\t\t\n\t\t>\n<div class=\"siteorigin-widget-tinymce textwidget\">\n\t<p style=\"text-align: justify;\"><span style=\"font-size: 12pt;\"><em>Drame de <strong>Drame de Quentin Baillieux - 15:00 [Film d'animation]<\/strong><\/em><\/span><\/p>\n<p style=\"text-align: justify;\"><span style=\"font-size: 12pt;\">24h du Mans, 1955. La course est grandiose. Il y a 300 000 spectateurs. Il est 18h quand la voiture de Pierre Levegh va s'exploser dans les gradins. C'est l'h\u00e9catombe, il y a 80 morts. Mais la course continue. Pierre Levegh a un co-pilote et ami qui attend de prendre son relais : John Fitch\u2026<\/span><\/p>\n<\/div>\n<\/div><\/div><\/div><\/div><\/div><\/div><\/div><\/div><\/div><div id=\"pg-7208-4\"  class=\"panel-grid panel-no-style\" ><div id=\"pgc-7208-4-0\"  class=\"panel-grid-cell\" ><div id=\"panel-7208-4-0-0\" class=\"so-panel widget widget_sow-headline panel-first-child panel-last-child\" data-index=\"7\" ><div\n\t\t\t\n\t\t\tclass=\"so-widget-sow-headline so-widget-sow-headline-default-0115510059e4-7208\"\n\t\t\t\n\t\t><div class=\"sow-headline-container \">\n\t\t\t\t\t\t<div class=\"decoration\">\n\t\t\t\t\t\t<div class=\"decoration-inside\"><\/div>\n\t\t\t\t\t<\/div>\n\t\t\t\t\t\t\t\t\t\t\t<h3 class=\"sow-sub-headline\">\n\t\t\t\t\t\tCoup de c\u0153ur du jury Lyc\u00e9en\t\t\t\t\t\t<\/h3>\n\t\t\t\t\t\t<\/div>\n<\/div><\/div><\/div><\/div><div id=\"pg-7208-5\"  class=\"panel-grid panel-has-style\" ><div class=\"panel-row-style panel-row-style-for-7208-5\" ><div id=\"pgc-7208-5-0\"  class=\"panel-grid-cell\" ><div id=\"panel-7208-5-0-0\" class=\"so-panel widget widget_sow-editor panel-first-child\" data-index=\"8\" ><div class=\"panel-widget-style panel-widget-style-for-7208-5-0-0\" ><div\n\t\t\t\n\t\t\tclass=\"so-widget-sow-editor so-widget-sow-editor-base\"\n\t\t\t\n\t\t>\n<div class=\"siteorigin-widget-tinymce textwidget\">\n\t<h1 style=\"text-align: justify;\"><b>La jupe d'Adam<\/b><\/h1>\n<\/div>\n<\/div><\/div><\/div><div id=\"panel-7208-5-0-1\" class=\"so-panel widget widget_siteorigin-panels-builder panel-last-child\" data-index=\"9\" ><div id=\"pl-w5cd94d220f1fe\"  class=\"panel-layout\" ><div id=\"pg-w5cd94d220f1fe-0\"  class=\"panel-grid panel-no-style\" ><div id=\"pgc-w5cd94d220f1fe-0-0\"  class=\"panel-grid-cell panel-grid-cell-empty\" ><\/div><div id=\"pgc-w5cd94d220f1fe-0-1\"  class=\"panel-grid-cell\" ><div id=\"panel-w5cd94d220f1fe-0-1-0\" class=\"so-panel widget widget_sow-image panel-first-child panel-last-child\" data-index=\"0\" ><div class=\"panel-widget-style panel-widget-style-for-w5cd94d220f1fe-0-1-0\" ><div\n\t\t\t\n\t\t\tclass=\"so-widget-sow-image so-widget-sow-image-default-4e6925654b7a\"\n\t\t\t\n\t\t>\n<div class=\"sow-image-container\">\n\t\t<img \n\tsrc=\"https:\/\/i0.wp.com\/toutcourtfestival.fr\/wp-content\/uploads\/2019\/03\/photo1_La_jupe_dAdam.jpeg?resize=272%2C182&amp;ssl=1\" width=\"272\" height=\"182\" srcset=\"https:\/\/i0.wp.com\/toutcourtfestival.fr\/wp-content\/uploads\/2019\/03\/photo1_La_jupe_dAdam.jpeg?resize=272%2C182&amp;ssl=1 272w, https:\/\/i0.wp.com\/toutcourtfestival.fr\/wp-content\/uploads\/2019\/03\/photo1_La_jupe_dAdam.jpeg?zoom=2&amp;resize=272%2C182&amp;ssl=1 544w\" title=\"photo1_La_jupe_d&#8217;Adam\" alt=\"\" \t\tclass=\"so-widget-image\"\/>\n\t<\/div>\n\n<\/div><\/div><\/div><\/div><div id=\"pgc-w5cd94d220f1fe-0-2\"  class=\"panel-grid-cell\" ><div id=\"panel-w5cd94d220f1fe-0-2-0\" class=\"so-panel widget widget_sow-editor panel-first-child panel-last-child\" data-index=\"1\" ><div\n\t\t\t\n\t\t\tclass=\"so-widget-sow-editor so-widget-sow-editor-base\"\n\t\t\t\n\t\t>\n<div class=\"siteorigin-widget-tinymce textwidget\">\n\t<p style=\"text-align: justify;\"><span style=\"font-size: 12pt;\"><em>Com\u00e9die de Cl\u00e9ment Trehin Lalanne - 11:00<\/em><\/span><\/p>\n<p style=\"text-align: justify;\"><span style=\"font-size: 12pt;\">DAVID, jeune p\u00e8re de famille c\u00e8de au caprice de son fils et lui met une jupe pour aller \u00e0 l\u2019\u00e9cole. Son ex-femme et lui sont convoqu\u00e9s par l\u2019institutrice le soir m\u00eame suite aux plaintes de parents d\u2019\u00e9l\u00e8ves. Face \u00e0 l\u2019institutrice et \u00e0 des parents d\u2019\u00e9l\u00e8ves hostiles, ils vont devoir s\u2019expliquer.<\/span><\/p>\n<\/div>\n<\/div><\/div><\/div><\/div><\/div><\/div><\/div><\/div><\/div><div id=\"pg-7208-6\"  class=\"panel-grid panel-no-style\" ><div id=\"pgc-7208-6-0\"  class=\"panel-grid-cell\" ><div id=\"panel-7208-6-0-0\" class=\"so-panel widget widget_sow-headline panel-first-child panel-last-child\" data-index=\"10\" ><div\n\t\t\t\n\t\t\tclass=\"so-widget-sow-headline so-widget-sow-headline-default-0115510059e4-7208\"\n\t\t\t\n\t\t><div class=\"sow-headline-container \">\n\t\t\t\t\t\t<div class=\"decoration\">\n\t\t\t\t\t\t<div class=\"decoration-inside\"><\/div>\n\t\t\t\t\t<\/div>\n\t\t\t\t\t\t\t\t\t\t\t<h3 class=\"sow-sub-headline\">\n\t\t\t\t\t\tPrix de la ville de Gisors\t\t\t\t\t\t<\/h3>\n\t\t\t\t\t\t<\/div>\n<\/div><\/div><\/div><\/div><div id=\"pg-7208-7\"  class=\"panel-grid panel-has-style\" ><div class=\"panel-row-style panel-row-style-for-7208-7\" ><div id=\"pgc-7208-7-0\"  class=\"panel-grid-cell\" ><div id=\"panel-7208-7-0-0\" class=\"so-panel widget widget_sow-editor panel-first-child\" data-index=\"11\" ><div class=\"panel-widget-style panel-widget-style-for-7208-7-0-0\" ><div\n\t\t\t\n\t\t\tclass=\"so-widget-sow-editor so-widget-sow-editor-base\"\n\t\t\t\n\t\t>\n<div class=\"siteorigin-widget-tinymce textwidget\">\n\t<h1 style=\"text-align: left;\"><b>\u00e0 c\u00f4t\u00e9<\/b><\/h1>\n<\/div>\n<\/div><\/div><\/div><div id=\"panel-7208-7-0-1\" class=\"so-panel widget widget_siteorigin-panels-builder panel-last-child\" data-index=\"12\" ><div id=\"pl-w5cd94d2212b56\"  class=\"panel-layout\" ><div id=\"pg-w5cd94d2212b56-0\"  class=\"panel-grid panel-no-style\" ><div id=\"pgc-w5cd94d2212b56-0-0\"  class=\"panel-grid-cell panel-grid-cell-empty\" ><\/div><div id=\"pgc-w5cd94d2212b56-0-1\"  class=\"panel-grid-cell\" ><div id=\"panel-w5cd94d2212b56-0-1-0\" class=\"so-panel widget widget_sow-image panel-first-child panel-last-child\" data-index=\"0\" ><div class=\"panel-widget-style panel-widget-style-for-w5cd94d2212b56-0-1-0\" ><div\n\t\t\t\n\t\t\tclass=\"so-widget-sow-image so-widget-sow-image-default-4e6925654b7a\"\n\t\t\t\n\t\t>\n<div class=\"sow-image-container\">\n\t\t<img \n\tsrc=\"https:\/\/i0.wp.com\/toutcourtfestival.fr\/wp-content\/uploads\/2019\/03\/photo1_%C3%A0_c%C3%B4t%C3%A9.jpeg?resize=272%2C182&amp;ssl=1\" width=\"272\" height=\"182\" alt=\"\" \t\tclass=\"so-widget-image\"\/>\n\t<\/div>\n\n<\/div><\/div><\/div><\/div><div id=\"pgc-w5cd94d2212b56-0-2\"  class=\"panel-grid-cell\" ><div id=\"panel-w5cd94d2212b56-0-2-0\" class=\"so-panel widget widget_sow-editor panel-first-child panel-last-child\" data-index=\"1\" ><div\n\t\t\t\n\t\t\tclass=\"so-widget-sow-editor so-widget-sow-editor-base\"\n\t\t\t\n\t\t>\n<div class=\"siteorigin-widget-tinymce textwidget\">\n\t<p style=\"text-align: justify;\"><span style=\"font-size: 12pt;\"><em>Com\u00e9die de J\u00e9r\u00f4me Piel-Desruisseaux - 02:20<\/em><\/span><\/p>\n<p style=\"text-align: justify;\"><span style=\"font-size: 12pt;\">Quand une occasion se pr\u00e9sente, il ne faut pas passer \u00e0 c\u00f4t\u00e9.<\/span><\/p>\n<\/div>\n<\/div><\/div><\/div><\/div><\/div><\/div><\/div><\/div><\/div><div id=\"pg-7208-8\"  class=\"panel-grid panel-no-style\" ><div id=\"pgc-7208-8-0\"  class=\"panel-grid-cell\" ><div id=\"panel-7208-8-0-0\" class=\"so-panel widget widget_sow-headline panel-first-child panel-last-child\" data-index=\"13\" ><div\n\t\t\t\n\t\t\tclass=\"so-widget-sow-headline so-widget-sow-headline-default-0115510059e4-7208\"\n\t\t\t\n\t\t><div class=\"sow-headline-container \">\n\t\t\t\t\t\t<div class=\"decoration\">\n\t\t\t\t\t\t<div class=\"decoration-inside\"><\/div>\n\t\t\t\t\t<\/div>\n\t\t\t\t\t\t\t\t\t\t\t<h3 class=\"sow-sub-headline\">\n\t\t\t\t\t\tPrix du public\t\t\t\t\t\t<\/h3>\n\t\t\t\t\t\t<\/div>\n<\/div><\/div><\/div><\/div><div id=\"pg-7208-9\"  class=\"panel-grid panel-has-style\" ><div class=\"panel-row-style panel-row-style-for-7208-9\" ><div id=\"pgc-7208-9-0\"  class=\"panel-grid-cell\" ><div id=\"panel-7208-9-0-0\" class=\"so-panel widget widget_sow-editor panel-first-child\" data-index=\"14\" ><div class=\"panel-widget-style panel-widget-style-for-7208-9-0-0\" ><div\n\t\t\t\n\t\t\tclass=\"so-widget-sow-editor so-widget-sow-editor-base\"\n\t\t\t\n\t\t>\n<div class=\"siteorigin-widget-tinymce textwidget\">\n\t<h1 style=\"text-align: justify;\"><b>Tomb\u00e9 du camion<\/b><b><\/b><\/h1>\n<\/div>\n<\/div><\/div><\/div><div id=\"panel-7208-9-0-1\" class=\"so-panel widget widget_siteorigin-panels-builder panel-last-child\" data-index=\"15\" ><div id=\"pl-w5cd94d2215fb2\"  class=\"panel-layout\" ><div id=\"pg-w5cd94d2215fb2-0\"  class=\"panel-grid panel-no-style\" ><div id=\"pgc-w5cd94d2215fb2-0-0\"  class=\"panel-grid-cell panel-grid-cell-empty\" ><\/div><div id=\"pgc-w5cd94d2215fb2-0-1\"  class=\"panel-grid-cell\" ><div id=\"panel-w5cd94d2215fb2-0-1-0\" class=\"so-panel widget widget_sow-image panel-first-child panel-last-child\" data-index=\"0\" ><div class=\"panel-widget-style panel-widget-style-for-w5cd94d2215fb2-0-1-0\" ><div\n\t\t\t\n\t\t\tclass=\"so-widget-sow-image so-widget-sow-image-default-4e6925654b7a\"\n\t\t\t\n\t\t>\n<div class=\"sow-image-container\">\n\t\t<img \n\tsrc=\"https:\/\/i0.wp.com\/toutcourtfestival.fr\/wp-content\/uploads\/2019\/04\/photo1_Tomb%C3%A9_du_camion.png?resize=272%2C182&amp;ssl=1\" width=\"272\" height=\"182\" alt=\"\" \t\tclass=\"so-widget-image\"\/>\n\t<\/div>\n\n<\/div><\/div><\/div><\/div><div id=\"pgc-w5cd94d2215fb2-0-2\"  class=\"panel-grid-cell\" ><div id=\"panel-w5cd94d2215fb2-0-2-0\" class=\"so-panel widget widget_sow-editor panel-first-child panel-last-child\" data-index=\"1\" ><div\n\t\t\t\n\t\t\tclass=\"so-widget-sow-editor so-widget-sow-editor-base\"\n\t\t\t\n\t\t>\n<div class=\"siteorigin-widget-tinymce textwidget\">\n\t<p style=\"text-align: justify;\"><span style=\"font-size: 12pt;\"><em>Com\u00e9die dramatique de Tarik Laghdiri - 12:10<\/em><\/span><\/p>\n<p style=\"text-align: justify;\"><span style=\"font-size: 12pt;\">Un soir, deux copains volent un camion gar\u00e9 dans un entrep\u00f4t. Lorsqu\u2019ils d\u00e9couvrent de quoi il est charg\u00e9, ils doivent faire preuve d\u2019ing\u00e9niosit\u00e9 pour s\u2019en d\u00e9barrasser.<\/span><\/p>\n<\/div>\n<\/div><\/div><\/div><\/div><\/div><\/div><\/div><\/div><\/div><div id=\"pg-7208-10\"  class=\"panel-grid panel-no-style\" ><div id=\"pgc-7208-10-0\"  class=\"panel-grid-cell\" ><div id=\"panel-7208-10-0-0\" class=\"so-panel widget widget_sow-headline panel-first-child panel-last-child\" data-index=\"16\" ><div\n\t\t\t\n\t\t\tclass=\"so-widget-sow-headline so-widget-sow-headline-default-0115510059e4-7208\"\n\t\t\t\n\t\t><div class=\"sow-headline-container \">\n\t\t\t\t\t\t<div class=\"decoration\">\n\t\t\t\t\t\t<div class=\"decoration-inside\"><\/div>\n\t\t\t\t\t<\/div>\n\t\t\t\t\t\t\t\t\t\t\t<h3 class=\"sow-sub-headline\">\n\t\t\t\t\t\tPrix des enfants du Tout Court !\t\t\t\t\t\t<\/h3>\n\t\t\t\t\t\t<\/div>\n<\/div><\/div><\/div><\/div><div id=\"pg-7208-11\"  class=\"panel-grid panel-has-style\" ><div class=\"panel-row-style panel-row-style-for-7208-11\" ><div id=\"pgc-7208-11-0\"  class=\"panel-grid-cell\" ><div id=\"panel-7208-11-0-0\" class=\"so-panel widget widget_sow-editor panel-first-child\" data-index=\"17\" ><div class=\"panel-widget-style panel-widget-style-for-7208-11-0-0\" ><div\n\t\t\t\n\t\t\tclass=\"so-widget-sow-editor so-widget-sow-editor-base\"\n\t\t\t\n\t\t>\n<div class=\"siteorigin-widget-tinymce textwidget\">\n\t<h1 style=\"text-align: justify;\">The tree<\/h1>\n<\/div>\n<\/div><\/div><\/div><div id=\"panel-7208-11-0-1\" class=\"so-panel widget widget_siteorigin-panels-builder panel-last-child\" data-index=\"18\" ><div id=\"pl-w5cd94d221924a\"  class=\"panel-layout\" ><div id=\"pg-w5cd94d221924a-0\"  class=\"panel-grid panel-no-style\" ><div id=\"pgc-w5cd94d221924a-0-0\"  class=\"panel-grid-cell panel-grid-cell-empty\" ><\/div><div id=\"pgc-w5cd94d221924a-0-1\"  class=\"panel-grid-cell\" ><div id=\"panel-w5cd94d221924a-0-1-0\" class=\"so-panel widget widget_sow-image panel-first-child panel-last-child\" data-index=\"0\" ><div class=\"panel-widget-style panel-widget-style-for-w5cd94d221924a-0-1-0\" ><div\n\t\t\t\n\t\t\tclass=\"so-widget-sow-image so-widget-sow-image-default-4e6925654b7a\"\n\t\t\t\n\t\t>\n<div class=\"sow-image-container\">\n\t\t<img \n\tsrc=\"https:\/\/i0.wp.com\/toutcourtfestival.fr\/wp-content\/uploads\/2019\/03\/THE-TREE-2.png?resize=272%2C182&amp;ssl=1\" width=\"272\" height=\"182\" srcset=\"https:\/\/i0.wp.com\/toutcourtfestival.fr\/wp-content\/uploads\/2019\/03\/THE-TREE-2.png?resize=272%2C182&amp;ssl=1 272w, https:\/\/i0.wp.com\/toutcourtfestival.fr\/wp-content\/uploads\/2019\/03\/THE-TREE-2.png?zoom=2&amp;resize=272%2C182&amp;ssl=1 544w, https:\/\/i0.wp.com\/toutcourtfestival.fr\/wp-content\/uploads\/2019\/03\/THE-TREE-2.png?zoom=3&amp;resize=272%2C182&amp;ssl=1 816w\" title=\"THE TREE 2\" alt=\"\" \t\tclass=\"so-widget-image\"\/>\n\t<\/div>\n\n<\/div><\/div><\/div><\/div><div id=\"pgc-w5cd94d221924a-0-2\"  class=\"panel-grid-cell\" ><div id=\"panel-w5cd94d221924a-0-2-0\" class=\"so-panel widget widget_sow-editor panel-first-child panel-last-child\" data-index=\"1\" ><div\n\t\t\t\n\t\t\tclass=\"so-widget-sow-editor so-widget-sow-editor-base\"\n\t\t\t\n\t\t>\n<div class=\"siteorigin-widget-tinymce textwidget\">\n\t<p style=\"text-align: justify;\"><span style=\"font-size: 12pt;\">De YANG Han, MALEK Basil - 06:31 [Film d'animation]<br \/>\n<\/span><\/p>\n<p style=\"text-align: justify;\"><span style=\"font-size: 12pt;\">Dans un monde d\u00e9sertique, un vieil homme passe ses journ\u00e9es \u00e0 recueillir des gouttes d'eau pour \u00e9tancher la soif d'un arbre mort.<\/span><\/p>\n<\/div>\n<\/div><\/div><\/div><\/div><\/div><\/div><\/div><\/div><\/div><div id=\"pg-7208-12\"  class=\"panel-grid panel-no-style\" ><div id=\"pgc-7208-12-0\"  class=\"panel-grid-cell\" ><div id=\"panel-7208-12-0-0\" class=\"so-panel widget widget_text panel-first-child panel-last-child\" data-index=\"19\" >\t\t\t<div class=\"textwidget\"><style>.entry-title {display:none;}<\/style> <\/div>\n\t\t<\/div><\/div><\/div><\/div>","protected":false},"excerpt":{"rendered":"<p>Palmar\u00e8s 2019 Grand prix du jury <b>Mort aux codes<\/b> <\/p>\n<p style=\"text-align: justify;\">Drame de L\u00e9opold L\u00e9grand &#8211; 13:55 <\/p>\n<p style=\"text-align: justify;\">\u00ab Malgr\u00e9 leur quartier de haute s\u00e9curit\u00e9, la mort venait d&#8217;entrer sans difficult\u00e9 dans leur appartement \u00bb<\/p>\n<p> Coup de c\u0153ur du jury et Prix du jury Lyc\u00e9en Le Mans 1955 <\/p>\n<p style=\"text-align: justify;\">Drame de <strong>Drame &hellip; <\/strong><\/p>\n<p><a class=\"more-link btn\" href=\"https:\/\/toutcourtfestival.fr\/index.php\/selections-2019\/palmares-2019\/\">Continue reading<\/a><\/p>\n","protected":false},"author":1,"featured_media":0,"parent":6480,"menu_order":0,"comment_status":"closed","ping_status":"closed","template":"","meta":{"ngg_post_thumbnail":0,"jetpack_post_was_ever_published":false,"footnotes":""},"class_list":["post-7208","page","type-page","status-publish","hentry","nodate","item-wrap"],"jetpack_sharing_enabled":true,"jetpack_shortlink":"https:\/\/wp.me\/P8k6iw-1Sg","jetpack_likes_enabled":true,"_links":{"self":[{"href":"https:\/\/toutcourtfestival.fr\/index.php\/wp-json\/wp\/v2\/pages\/7208","targetHints":{"allow":["GET"]}}],"collection":[{"href":"https:\/\/toutcourtfestival.fr\/index.php\/wp-json\/wp\/v2\/pages"}],"about":[{"href":"https:\/\/toutcourtfestival.fr\/index.php\/wp-json\/wp\/v2\/types\/page"}],"author":[{"embeddable":true,"href":"https:\/\/toutcourtfestival.fr\/index.php\/wp-json\/wp\/v2\/users\/1"}],"replies":[{"embeddable":true,"href":"https:\/\/toutcourtfestival.fr\/index.php\/wp-json\/wp\/v2\/comments?post=7208"}],"version-history":[{"count":0,"href":"https:\/\/toutcourtfestival.fr\/index.php\/wp-json\/wp\/v2\/pages\/7208\/revisions"}],"up":[{"embeddable":true,"href":"https:\/\/toutcourtfestival.fr\/index.php\/wp-json\/wp\/v2\/pages\/6480"}],"wp:attachment":[{"href":"https:\/\/toutcourtfestival.fr\/index.php\/wp-json\/wp\/v2\/media?parent=7208"}],"curies":[{"name":"wp","href":"https:\/\/api.w.org\/{rel}","templated":true}]}}