{"id":7771,"date":"2020-02-03T21:54:39","date_gmt":"2020-02-03T20:54:39","guid":{"rendered":"https:\/\/toutcourtfestival.fr\/?page_id=7771"},"modified":"2020-02-07T16:15:46","modified_gmt":"2020-02-07T15:15:46","slug":"selections-2020-competition-anciens","status":"publish","type":"page","link":"https:\/\/toutcourtfestival.fr\/index.php\/selection-2020\/selections-2020-competition-anciens\/","title":{"rendered":"S\u00e9lections 2020 &#8211; Comp\u00e9tition &#8211; Anciens"},"content":{"rendered":"<div id=\"pl-7771\"  class=\"panel-layout\" ><div id=\"pg-7771-0\"  class=\"panel-grid panel-no-style\" ><div id=\"pgc-7771-0-0\"  class=\"panel-grid-cell\" ><div id=\"panel-7771-0-0-0\" class=\"so-panel widget widget_sow-headline panel-first-child panel-last-child\" data-index=\"0\" ><div\n\t\t\t\n\t\t\tclass=\"so-widget-sow-headline so-widget-sow-headline-default-88db78fa6322-7771\"\n\t\t\t\n\t\t><div class=\"sow-headline-container \">\n\t\t\t\t\t\t\t<h1 class=\"sow-headline\">\n\t\t\t\t\t\tS\u00e9lection des Anciens\t\t\t\t\t\t<\/h1>\n\t\t\t\t\t\t\t\t\t\t\t<div class=\"decoration\">\n\t\t\t\t\t\t<div class=\"decoration-inside\"><\/div>\n\t\t\t\t\t<\/div>\n\t\t\t\t\t\t\t\t\t\t\t<h3 class=\"sow-sub-headline\">\n\t\t\t\t\t\tS\u00e9lections comp\u00e9tition\t\t\t\t\t\t<\/h3>\n\t\t\t\t\t\t<\/div>\n<\/div><\/div><\/div><\/div><div id=\"pg-7771-1\"  class=\"panel-grid panel-no-style\" ><div id=\"pgc-7771-1-0\"  class=\"panel-grid-cell panel-grid-cell-empty\" ><\/div><div id=\"pgc-7771-1-1\"  class=\"panel-grid-cell panel-grid-cell-mobile-last\" ><div id=\"panel-7771-1-1-0\" class=\"so-panel widget widget_sow-editor panel-first-child panel-last-child\" data-index=\"1\" ><div\n\t\t\t\n\t\t\tclass=\"so-widget-sow-editor so-widget-sow-editor-base\"\n\t\t\t\n\t\t>\n<div class=\"siteorigin-widget-tinymce textwidget\">\n\t<p style=\"text-align: justify;\"><span style=\"font-size: 12pt;\">Films s\u00e9lectionn\u00e9s pour la&nbsp;<strong>comp\u00e9tition&nbsp;<\/strong>par les jeunes \"anciens\" de l'association Tout Court ! encadr\u00e9s par les b\u00e9n\u00e9voles. Ils ont d\u00e9j\u00e0 r\u00e9alis\u00e9 des s\u00e9lections lors de pr\u00e9c\u00e9dentes \u00e9ditions du festival. Pendant 4 mois ils ont regard\u00e9 et not\u00e9 des centaines de films ! Avant d'arriver peu \u00e0 peu \u00e0 leur s\u00e9lection finale.<\/span><\/p>\n<p style=\"text-align: center;\"><span style=\"font-size: 12pt;\"><em><strong>7 films<\/strong> - Dur\u00e9e 1'15 plus \u00e9changes avec les artistes.<\/em><\/span><\/p>\n<p style=\"text-align: center;\"><span style=\"font-size: 12pt;\"><em>Projection le <strong>samedi 28 mars 2020 <\/strong>\u00e0 <strong>17h30<\/strong> \u00e0 la <strong>nouvelle salle polyvalente de Gisors<\/strong><\/em><\/span><\/p>\n<\/div>\n<\/div><\/div><\/div><div id=\"pgc-7771-1-2\"  class=\"panel-grid-cell panel-grid-cell-empty\" ><\/div><\/div><div id=\"pg-7771-2\"  class=\"panel-grid panel-no-style\" ><div id=\"pgc-7771-2-0\"  class=\"panel-grid-cell\" ><div id=\"panel-7771-2-0-0\" class=\"so-panel widget widget_sow-headline panel-first-child panel-last-child\" data-index=\"2\" ><div\n\t\t\t\n\t\t\tclass=\"so-widget-sow-headline so-widget-sow-headline-default-6090f20097d1-7771\"\n\t\t\t\n\t\t><div class=\"sow-headline-container \">\n\t\t\t\t\t\t<div class=\"decoration\">\n\t\t\t\t\t\t<div class=\"decoration-inside\"><\/div>\n\t\t\t\t\t<\/div>\n\t\t\t\t\t<\/div>\n<\/div><\/div><\/div><\/div><div id=\"pg-7771-3\"  class=\"panel-grid panel-has-style\" ><div class=\"panel-row-style panel-row-style-for-7771-3\" ><div id=\"pgc-7771-3-0\"  class=\"panel-grid-cell\" ><div id=\"panel-7771-3-0-0\" class=\"so-panel widget widget_sow-editor panel-first-child\" data-index=\"3\" ><div class=\"panel-widget-style panel-widget-style-for-7771-3-0-0\" ><div\n\t\t\t\n\t\t\tclass=\"so-widget-sow-editor so-widget-sow-editor-base\"\n\t\t\t\n\t\t>\n<div class=\"siteorigin-widget-tinymce textwidget\">\n\t<h1 style=\"text-align: justify;\"><span style=\"color: #e6e6e6;\"><strong>Figurant<\/strong><\/span><\/h1>\n<\/div>\n<\/div><\/div><\/div><div id=\"panel-7771-3-0-1\" class=\"so-panel widget widget_siteorigin-panels-builder panel-last-child\" data-index=\"4\" ><div id=\"pl-w5e3889c4459ef\"  class=\"panel-layout\" ><div id=\"pg-w5e3889c4459ef-0\"  class=\"panel-grid panel-no-style\" ><div id=\"pgc-w5e3889c4459ef-0-0\"  class=\"panel-grid-cell panel-grid-cell-empty\" ><\/div><div id=\"pgc-w5e3889c4459ef-0-1\"  class=\"panel-grid-cell\" ><div id=\"panel-w5e3889c4459ef-0-1-0\" class=\"so-panel widget widget_sow-image panel-first-child panel-last-child\" data-index=\"0\" ><div class=\"panel-widget-style panel-widget-style-for-w5e3889c4459ef-0-1-0\" ><div\n\t\t\t\n\t\t\tclass=\"so-widget-sow-image so-widget-sow-image-default-4e6925654b7a\"\n\t\t\t\n\t\t>\n<div class=\"sow-image-container\">\n\t\t<img \n\tsrc=\"https:\/\/i0.wp.com\/toutcourtfestival.fr\/wp-content\/uploads\/2020\/02\/photo1_Figurant.jpeg?resize=272%2C182&amp;ssl=1\" width=\"272\" height=\"182\" srcset=\"https:\/\/i0.wp.com\/toutcourtfestival.fr\/wp-content\/uploads\/2020\/02\/photo1_Figurant.jpeg?resize=272%2C182&amp;ssl=1 272w, https:\/\/i0.wp.com\/toutcourtfestival.fr\/wp-content\/uploads\/2020\/02\/photo1_Figurant.jpeg?zoom=2&amp;resize=272%2C182&amp;ssl=1 544w, https:\/\/i0.wp.com\/toutcourtfestival.fr\/wp-content\/uploads\/2020\/02\/photo1_Figurant.jpeg?zoom=3&amp;resize=272%2C182&amp;ssl=1 816w\" alt=\"\" \t\tclass=\"so-widget-image\"\/>\n\t<\/div>\n\n<\/div><\/div><\/div><\/div><div id=\"pgc-w5e3889c4459ef-0-2\"  class=\"panel-grid-cell\" ><div id=\"panel-w5e3889c4459ef-0-2-0\" class=\"so-panel widget widget_sow-editor panel-first-child panel-last-child\" data-index=\"1\" ><div\n\t\t\t\n\t\t\tclass=\"so-widget-sow-editor so-widget-sow-editor-base\"\n\t\t\t\n\t\t>\n<div class=\"siteorigin-widget-tinymce textwidget\">\n\t<p style=\"text-align: justify;\"><span style=\"font-size: 12pt; color: #e6e6e6;\"><em>Drame de Jan Vejnar - 13:45<\/p>\n<p><\/em><\/span><\/p>\n<p style=\"text-align: justify;\"><span style=\"font-size: 12pt; color: #e6e6e6;\">Un homme suit un groupe de travailleurs temporaires dans une zone industrielle. Il est rapidement priv\u00e9 de ses v\u00eatements et de son identit\u00e9, arm\u00e9 et habill\u00e9 d\u2019un uniforme militaire. Sa d\u00e9termination \u00e0 ne pas rester \u00e0 la tra\u00eene est alors \u00e9prouv\u00e9e par une s\u00e9rie d\u2019\u00e9v\u00e9nements inqui\u00e9tants.<br \/>\n<\/span><\/p>\n<\/div>\n<\/div><\/div><\/div><\/div><\/div><\/div><\/div><\/div><\/div><div id=\"pg-7771-4\"  class=\"panel-grid panel-has-style\" ><div class=\"panel-row-style panel-row-style-for-7771-4\" ><div id=\"pgc-7771-4-0\"  class=\"panel-grid-cell\" ><div id=\"panel-7771-4-0-0\" class=\"so-panel widget widget_sow-editor panel-first-child\" data-index=\"5\" ><div class=\"panel-widget-style panel-widget-style-for-7771-4-0-0\" ><div\n\t\t\t\n\t\t\tclass=\"so-widget-sow-editor so-widget-sow-editor-base\"\n\t\t\t\n\t\t>\n<div class=\"siteorigin-widget-tinymce textwidget\">\n\t<h1 style=\"text-align: justify;\"><b>Trauma Industries<\/b><\/h1>\n<\/div>\n<\/div><\/div><\/div><div id=\"panel-7771-4-0-1\" class=\"so-panel widget widget_siteorigin-panels-builder panel-last-child\" data-index=\"6\" ><div id=\"pl-w5e388a2d84591\"  class=\"panel-layout\" ><div id=\"pg-w5e388a2d84591-0\"  class=\"panel-grid panel-no-style\" ><div id=\"pgc-w5e388a2d84591-0-0\"  class=\"panel-grid-cell panel-grid-cell-empty\" ><\/div><div id=\"pgc-w5e388a2d84591-0-1\"  class=\"panel-grid-cell\" ><div id=\"panel-w5e388a2d84591-0-1-0\" class=\"so-panel widget widget_sow-image panel-first-child panel-last-child\" data-index=\"0\" ><div class=\"panel-widget-style panel-widget-style-for-w5e388a2d84591-0-1-0\" ><div\n\t\t\t\n\t\t\tclass=\"so-widget-sow-image so-widget-sow-image-default-4e6925654b7a\"\n\t\t\t\n\t\t>\n<div class=\"sow-image-container\">\n\t\t<img \n\tsrc=\"https:\/\/i0.wp.com\/toutcourtfestival.fr\/wp-content\/uploads\/2020\/02\/photo1_Trauma_Industries.jpeg?resize=272%2C182&amp;ssl=1\" width=\"272\" height=\"182\" srcset=\"https:\/\/i0.wp.com\/toutcourtfestival.fr\/wp-content\/uploads\/2020\/02\/photo1_Trauma_Industries.jpeg?resize=272%2C182&amp;ssl=1 272w, https:\/\/i0.wp.com\/toutcourtfestival.fr\/wp-content\/uploads\/2020\/02\/photo1_Trauma_Industries.jpeg?zoom=2&amp;resize=272%2C182&amp;ssl=1 544w\" alt=\"\" \t\tclass=\"so-widget-image\"\/>\n\t<\/div>\n\n<\/div><\/div><\/div><\/div><div id=\"pgc-w5e388a2d84591-0-2\"  class=\"panel-grid-cell\" ><div id=\"panel-w5e388a2d84591-0-2-0\" class=\"so-panel widget widget_sow-editor panel-first-child panel-last-child\" data-index=\"1\" ><div\n\t\t\t\n\t\t\tclass=\"so-widget-sow-editor so-widget-sow-editor-base\"\n\t\t\t\n\t\t>\n<div class=\"siteorigin-widget-tinymce textwidget\">\n\t<p style=\"text-align: justify;\"><span style=\"font-size: 12pt;\"><em>Science-fiction de Jethro Massey - 13:03<\/p>\n<p><\/em><\/span><\/p>\n<p style=\"text-align: justify;\"><span style=\"font-size: 12pt;\">C'est un grand jour pour Joseph, sa famille l'emm\u00e8ne \u00e0 l'usine de jouets Smile-Rite\u00ae pour son douzi\u00e8me anniversaire. Et tout le monde sait que lorsqu'on f\u00eate ses douze ans, c'est le moment de devenir un homme...<br \/>\n<\/span><\/p>\n<\/div>\n<\/div><\/div><\/div><\/div><\/div><\/div><\/div><\/div><\/div><div id=\"pg-7771-5\"  class=\"panel-grid panel-has-style\" ><div class=\"panel-row-style panel-row-style-for-7771-5\" ><div id=\"pgc-7771-5-0\"  class=\"panel-grid-cell\" ><div id=\"panel-7771-5-0-0\" class=\"so-panel widget widget_sow-editor panel-first-child\" data-index=\"7\" ><div class=\"panel-widget-style panel-widget-style-for-7771-5-0-0\" ><div\n\t\t\t\n\t\t\tclass=\"so-widget-sow-editor so-widget-sow-editor-base\"\n\t\t\t\n\t\t>\n<div class=\"siteorigin-widget-tinymce textwidget\">\n\t<h1 style=\"text-align: justify;\"><span style=\"color: #e6e6e6;\"><b>Limbo Fungos<\/b><\/span><b><\/b><\/h1>\n<\/div>\n<\/div><\/div><\/div><div id=\"panel-7771-5-0-1\" class=\"so-panel widget widget_siteorigin-panels-builder panel-last-child\" data-index=\"8\" ><div id=\"pl-w5e388ae5184b1\"  class=\"panel-layout\" ><div id=\"pg-w5e388ae5184b1-0\"  class=\"panel-grid panel-no-style\" ><div id=\"pgc-w5e388ae5184b1-0-0\"  class=\"panel-grid-cell panel-grid-cell-empty\" ><\/div><div id=\"pgc-w5e388ae5184b1-0-1\"  class=\"panel-grid-cell\" ><div id=\"panel-w5e388ae5184b1-0-1-0\" class=\"so-panel widget widget_sow-image panel-first-child panel-last-child\" data-index=\"0\" ><div class=\"panel-widget-style panel-widget-style-for-w5e388ae5184b1-0-1-0\" ><div\n\t\t\t\n\t\t\tclass=\"so-widget-sow-image so-widget-sow-image-default-4e6925654b7a\"\n\t\t\t\n\t\t>\n<div class=\"sow-image-container\">\n\t\t<img \n\tsrc=\"https:\/\/i0.wp.com\/toutcourtfestival.fr\/wp-content\/uploads\/2020\/02\/photo1_LIMBO_FUNGOS.jpeg?resize=272%2C182&amp;ssl=1\" width=\"272\" height=\"182\" srcset=\"https:\/\/i0.wp.com\/toutcourtfestival.fr\/wp-content\/uploads\/2020\/02\/photo1_LIMBO_FUNGOS.jpeg?resize=272%2C182&amp;ssl=1 272w, https:\/\/i0.wp.com\/toutcourtfestival.fr\/wp-content\/uploads\/2020\/02\/photo1_LIMBO_FUNGOS.jpeg?zoom=2&amp;resize=272%2C182&amp;ssl=1 544w, https:\/\/i0.wp.com\/toutcourtfestival.fr\/wp-content\/uploads\/2020\/02\/photo1_LIMBO_FUNGOS.jpeg?zoom=3&amp;resize=272%2C182&amp;ssl=1 816w\" alt=\"\" \t\tclass=\"so-widget-image\"\/>\n\t<\/div>\n\n<\/div><\/div><\/div><\/div><div id=\"pgc-w5e388ae5184b1-0-2\"  class=\"panel-grid-cell\" ><div id=\"panel-w5e388ae5184b1-0-2-0\" class=\"so-panel widget widget_sow-editor panel-first-child panel-last-child\" data-index=\"1\" ><div\n\t\t\t\n\t\t\tclass=\"so-widget-sow-editor so-widget-sow-editor-base\"\n\t\t\t\n\t\t>\n<div class=\"siteorigin-widget-tinymce textwidget\">\n\t<p style=\"text-align: justify;\"><span style=\"font-size: 12pt; color: #e6e6e6;\"><em>Science-fiction de l'\u00e9cole ENSAV La Cambre - Alexis M\u00e9nard - 11:00 [Film d'animation]<\/p>\n<p><\/em><\/span><\/p>\n<p style=\"text-align: justify;\"><span style=\"font-size: 12pt; color: #e6e6e6;\">Un spationaute tente de survivre sur une plan\u00e8te o\u00f9 tout lui semble hostile.<br \/>\nUne catastrophe qui d\u00e9truit son unique refuge le pousse \u00e0 anticiper sa tentative d\u2019\u00e9vasion \u00e0 bord d\u2019un petit vaisseaux qu\u2019il construit depuis des ann\u00e9es, mais tout ne se passe pas comme pr\u00e9vu.<\/p>\n<p><\/span><\/p>\n<\/div>\n<\/div><\/div><\/div><\/div><\/div><\/div><\/div><\/div><\/div><div id=\"pg-7771-6\"  class=\"panel-grid panel-has-style\" ><div class=\"panel-row-style panel-row-style-for-7771-6\" ><div id=\"pgc-7771-6-0\"  class=\"panel-grid-cell\" ><div id=\"panel-7771-6-0-0\" class=\"so-panel widget widget_sow-editor panel-first-child\" data-index=\"9\" ><div class=\"panel-widget-style panel-widget-style-for-7771-6-0-0\" ><div\n\t\t\t\n\t\t\tclass=\"so-widget-sow-editor so-widget-sow-editor-base\"\n\t\t\t\n\t\t>\n<div class=\"siteorigin-widget-tinymce textwidget\">\n\t<h1 style=\"text-align: justify;\"><b>Sous la glace<br \/>\n<\/b><\/h1>\n<\/div>\n<\/div><\/div><\/div><div id=\"panel-7771-6-0-1\" class=\"so-panel widget widget_siteorigin-panels-builder panel-last-child\" data-index=\"10\" ><div id=\"pl-w5e3d7f22a452d\"  class=\"panel-layout\" ><div id=\"pg-w5e3d7f22a452d-0\"  class=\"panel-grid panel-no-style\" ><div id=\"pgc-w5e3d7f22a452d-0-0\"  class=\"panel-grid-cell panel-grid-cell-empty\" ><\/div><div id=\"pgc-w5e3d7f22a452d-0-1\"  class=\"panel-grid-cell\" ><div id=\"panel-w5e3d7f22a452d-0-1-0\" class=\"so-panel widget widget_sow-image panel-first-child panel-last-child\" data-index=\"0\" ><div class=\"panel-widget-style panel-widget-style-for-w5e3d7f22a452d-0-1-0\" ><div\n\t\t\t\n\t\t\tclass=\"so-widget-sow-image so-widget-sow-image-default-4e6925654b7a\"\n\t\t\t\n\t\t>\n<div class=\"sow-image-container\">\n\t\t<img \n\tsrc=\"https:\/\/i0.wp.com\/toutcourtfestival.fr\/wp-content\/uploads\/2020\/02\/Sous-la-glace.png?resize=272%2C182&amp;ssl=1\" width=\"272\" height=\"182\" srcset=\"https:\/\/i0.wp.com\/toutcourtfestival.fr\/wp-content\/uploads\/2020\/02\/Sous-la-glace.png?resize=272%2C182&amp;ssl=1 272w, https:\/\/i0.wp.com\/toutcourtfestival.fr\/wp-content\/uploads\/2020\/02\/Sous-la-glace.png?zoom=2&amp;resize=272%2C182&amp;ssl=1 544w, https:\/\/i0.wp.com\/toutcourtfestival.fr\/wp-content\/uploads\/2020\/02\/Sous-la-glace.png?zoom=3&amp;resize=272%2C182&amp;ssl=1 816w\" title=\"Sous la glace\" alt=\"\" \t\tclass=\"so-widget-image\"\/>\n\t<\/div>\n\n<\/div><\/div><\/div><\/div><div id=\"pgc-w5e3d7f22a452d-0-2\"  class=\"panel-grid-cell\" ><div id=\"panel-w5e3d7f22a452d-0-2-0\" class=\"so-panel widget widget_sow-editor panel-first-child panel-last-child\" data-index=\"1\" ><div\n\t\t\t\n\t\t\tclass=\"so-widget-sow-editor so-widget-sow-editor-base\"\n\t\t\t\n\t\t>\n<div class=\"siteorigin-widget-tinymce textwidget\">\n\t<p style=\"text-align: justify;\"><span style=\"font-size: 12pt; font-family: arial, helvetica, sans-serif;\"><em>Com\u00e9die de l'\u00e9cole ENSI - Milan BAULARD, Isma\u00efl BERRAHMA, Flore DUPONT, Laurie ESTAMPES, Quentin NORY, Hugo POTIN - 06:50 [Film d'animation]<\/p>\n<p><\/em><\/span><\/p>\n<p style=\"text-align: justify;\"><span style=\"font-size: 12pt;\">Un h\u00e9ron p\u00eache sur un lac alors que l\u2019hiver arrive.<br \/>\n<\/span><\/p>\n<\/div>\n<\/div><\/div><\/div><\/div><\/div><\/div><\/div><\/div><\/div><div id=\"pg-7771-7\"  class=\"panel-grid panel-has-style\" ><div class=\"panel-row-style panel-row-style-for-7771-7\" ><div id=\"pgc-7771-7-0\"  class=\"panel-grid-cell\" ><div id=\"panel-7771-7-0-0\" class=\"so-panel widget widget_sow-editor panel-first-child\" data-index=\"11\" ><div class=\"panel-widget-style panel-widget-style-for-7771-7-0-0\" ><div\n\t\t\t\n\t\t\tclass=\"so-widget-sow-editor so-widget-sow-editor-base\"\n\t\t\t\n\t\t>\n<div class=\"siteorigin-widget-tinymce textwidget\">\n\t<h1 style=\"text-align: justify;\"><span style=\"color: #e6e6e6;\"><b>Un homme, un vrai<br \/>\n<\/b><\/span><\/h1>\n<\/div>\n<\/div><\/div><\/div><div id=\"panel-7771-7-0-1\" class=\"so-panel widget widget_siteorigin-panels-builder panel-last-child\" data-index=\"12\" ><div id=\"pl-w5e388cd4360df\"  class=\"panel-layout\" ><div id=\"pg-w5e388cd4360df-0\"  class=\"panel-grid panel-no-style\" ><div id=\"pgc-w5e388cd4360df-0-0\"  class=\"panel-grid-cell panel-grid-cell-empty\" ><\/div><div id=\"pgc-w5e388cd4360df-0-1\"  class=\"panel-grid-cell\" ><div id=\"panel-w5e388cd4360df-0-1-0\" class=\"so-panel widget widget_sow-image panel-first-child panel-last-child\" data-index=\"0\" ><div class=\"panel-widget-style panel-widget-style-for-w5e388cd4360df-0-1-0\" ><div\n\t\t\t\n\t\t\tclass=\"so-widget-sow-image so-widget-sow-image-default-4e6925654b7a\"\n\t\t\t\n\t\t>\n<div class=\"sow-image-container\">\n\t\t<img \n\tsrc=\"https:\/\/i0.wp.com\/toutcourtfestival.fr\/wp-content\/uploads\/2020\/02\/photo1_Un_homme__un_vrai.png?resize=272%2C182&amp;ssl=1\" width=\"272\" height=\"182\" srcset=\"https:\/\/i0.wp.com\/toutcourtfestival.fr\/wp-content\/uploads\/2020\/02\/photo1_Un_homme__un_vrai.png?resize=272%2C182&amp;ssl=1 272w, https:\/\/i0.wp.com\/toutcourtfestival.fr\/wp-content\/uploads\/2020\/02\/photo1_Un_homme__un_vrai.png?zoom=2&amp;resize=272%2C182&amp;ssl=1 544w, https:\/\/i0.wp.com\/toutcourtfestival.fr\/wp-content\/uploads\/2020\/02\/photo1_Un_homme__un_vrai.png?zoom=3&amp;resize=272%2C182&amp;ssl=1 816w\" alt=\"\" \t\tclass=\"so-widget-image\"\/>\n\t<\/div>\n\n<\/div><\/div><\/div><\/div><div id=\"pgc-w5e388cd4360df-0-2\"  class=\"panel-grid-cell\" ><div id=\"panel-w5e388cd4360df-0-2-0\" class=\"so-panel widget widget_sow-editor panel-first-child panel-last-child\" data-index=\"1\" ><div\n\t\t\t\n\t\t\tclass=\"so-widget-sow-editor so-widget-sow-editor-base\"\n\t\t\t\n\t\t>\n<div class=\"siteorigin-widget-tinymce textwidget\">\n\t<p style=\"text-align: justify;\"><span style=\"font-size: 12pt; color: #e6e6e6;\"><em>Drame de Aurelien Mathieu - 03:28<br \/>\n<\/em><\/span><\/p>\n<p style=\"text-align: justify;\"><span style=\"font-size: 12pt; color: #e6e6e6;\">Un p\u00e8re partage avec son fils sa vision de ce que doit \u00eatre un homme, un vrai, autour d'un entra\u00eenement de rugby.<br \/>\n<\/span><\/p>\n<\/div>\n<\/div><\/div><\/div><\/div><\/div><\/div><\/div><\/div><\/div><div id=\"pg-7771-8\"  class=\"panel-grid panel-has-style\" ><div class=\"panel-row-style panel-row-style-for-7771-8\" ><div id=\"pgc-7771-8-0\"  class=\"panel-grid-cell\" ><div id=\"panel-7771-8-0-0\" class=\"so-panel widget widget_sow-editor panel-first-child\" data-index=\"13\" ><div class=\"panel-widget-style panel-widget-style-for-7771-8-0-0\" ><div\n\t\t\t\n\t\t\tclass=\"so-widget-sow-editor so-widget-sow-editor-base\"\n\t\t\t\n\t\t>\n<div class=\"siteorigin-widget-tinymce textwidget\">\n\t<h1 style=\"text-align: justify;\">Pipo et l'amour aveugle<br \/>\n<\/h1>\n<\/div>\n<\/div><\/div><\/div><div id=\"panel-7771-8-0-1\" class=\"so-panel widget widget_siteorigin-panels-builder panel-last-child\" data-index=\"14\" ><div id=\"pl-w5e388cd437a5a\"  class=\"panel-layout\" ><div id=\"pg-w5e388cd437a5a-0\"  class=\"panel-grid panel-no-style\" ><div id=\"pgc-w5e388cd437a5a-0-0\"  class=\"panel-grid-cell panel-grid-cell-empty\" ><\/div><div id=\"pgc-w5e388cd437a5a-0-1\"  class=\"panel-grid-cell\" ><div id=\"panel-w5e388cd437a5a-0-1-0\" class=\"so-panel widget widget_sow-image panel-first-child panel-last-child\" data-index=\"0\" ><div class=\"panel-widget-style panel-widget-style-for-w5e388cd437a5a-0-1-0\" ><div\n\t\t\t\n\t\t\tclass=\"so-widget-sow-image so-widget-sow-image-default-4e6925654b7a\"\n\t\t\t\n\t\t>\n<div class=\"sow-image-container\">\n\t\t<img \n\tsrc=\"https:\/\/i0.wp.com\/toutcourtfestival.fr\/wp-content\/uploads\/2020\/02\/photo3_Pipo_et_lamour_aveugle.jpeg?resize=272%2C182&amp;ssl=1\" width=\"272\" height=\"182\" srcset=\"https:\/\/i0.wp.com\/toutcourtfestival.fr\/wp-content\/uploads\/2020\/02\/photo3_Pipo_et_lamour_aveugle.jpeg?resize=272%2C182&amp;ssl=1 272w, https:\/\/i0.wp.com\/toutcourtfestival.fr\/wp-content\/uploads\/2020\/02\/photo3_Pipo_et_lamour_aveugle.jpeg?zoom=2&amp;resize=272%2C182&amp;ssl=1 544w, https:\/\/i0.wp.com\/toutcourtfestival.fr\/wp-content\/uploads\/2020\/02\/photo3_Pipo_et_lamour_aveugle.jpeg?zoom=3&amp;resize=272%2C182&amp;ssl=1 816w\" title=\"photo3_Pipo_et_l&#8217;amour_aveugle\" alt=\"\" \t\tclass=\"so-widget-image\"\/>\n\t<\/div>\n\n<\/div><\/div><\/div><\/div><div id=\"pgc-w5e388cd437a5a-0-2\"  class=\"panel-grid-cell\" ><div id=\"panel-w5e388cd437a5a-0-2-0\" class=\"so-panel widget widget_sow-editor panel-first-child panel-last-child\" data-index=\"1\" ><div\n\t\t\t\n\t\t\tclass=\"so-widget-sow-editor so-widget-sow-editor-base\"\n\t\t\t\n\t\t>\n<div class=\"siteorigin-widget-tinymce textwidget\">\n\t<p style=\"text-align: justify;\"><span style=\"font-size: 12pt;\"><em>Conte de Hugo Le Gourrierec - 13:16<br \/>\n<\/em><\/span><\/p>\n<p style=\"text-align: justify;\"><span style=\"font-size: 12pt;\">Dans un monde d\u00e9shumanis\u00e9 o\u00f9 les \u00e9motions sont rationn\u00e9es et mesur\u00e9es par des jauges, un jeune ouvrier, Pipo, tombe sous le charme d\u2019une jeune femme assise sur un banc. Il va tout faire pour attirer son attention et la s\u00e9duire avec ses \u00ab mots \u00bb \u00e0 lui.<\/p>\n<p><\/span><\/p>\n<\/div>\n<\/div><\/div><\/div><\/div><\/div><\/div><\/div><\/div><\/div><div id=\"pg-7771-9\"  class=\"panel-grid panel-has-style\" ><div class=\"panel-row-style panel-row-style-for-7771-9\" ><div id=\"pgc-7771-9-0\"  class=\"panel-grid-cell\" ><div id=\"panel-7771-9-0-0\" class=\"so-panel widget widget_sow-editor panel-first-child\" data-index=\"15\" ><div class=\"panel-widget-style panel-widget-style-for-7771-9-0-0\" ><div\n\t\t\t\n\t\t\tclass=\"so-widget-sow-editor so-widget-sow-editor-base\"\n\t\t\t\n\t\t>\n<div class=\"siteorigin-widget-tinymce textwidget\">\n\t<h1 style=\"text-align: justify;\"><span style=\"color: #e6e6e6;\">La fatigue<br \/>\n<\/span><\/h1>\n<\/div>\n<\/div><\/div><\/div><div id=\"panel-7771-9-0-1\" class=\"so-panel widget widget_siteorigin-panels-builder panel-last-child\" data-index=\"16\" ><div id=\"pl-w5e388cd439481\"  class=\"panel-layout\" ><div id=\"pg-w5e388cd439481-0\"  class=\"panel-grid panel-no-style\" ><div id=\"pgc-w5e388cd439481-0-0\"  class=\"panel-grid-cell panel-grid-cell-empty\" ><\/div><div id=\"pgc-w5e388cd439481-0-1\"  class=\"panel-grid-cell\" ><div id=\"panel-w5e388cd439481-0-1-0\" class=\"so-panel widget widget_sow-image panel-first-child panel-last-child\" data-index=\"0\" ><div class=\"panel-widget-style panel-widget-style-for-w5e388cd439481-0-1-0\" ><div\n\t\t\t\n\t\t\tclass=\"so-widget-sow-image so-widget-sow-image-default-4e6925654b7a\"\n\t\t\t\n\t\t>\n<div class=\"sow-image-container\">\n\t\t<img \n\tsrc=\"https:\/\/i0.wp.com\/toutcourtfestival.fr\/wp-content\/uploads\/2020\/02\/photo3_La_Fatigue.jpeg?resize=272%2C182&amp;ssl=1\" width=\"272\" height=\"182\" srcset=\"https:\/\/i0.wp.com\/toutcourtfestival.fr\/wp-content\/uploads\/2020\/02\/photo3_La_Fatigue.jpeg?resize=272%2C182&amp;ssl=1 272w, https:\/\/i0.wp.com\/toutcourtfestival.fr\/wp-content\/uploads\/2020\/02\/photo3_La_Fatigue.jpeg?zoom=2&amp;resize=272%2C182&amp;ssl=1 544w, https:\/\/i0.wp.com\/toutcourtfestival.fr\/wp-content\/uploads\/2020\/02\/photo3_La_Fatigue.jpeg?zoom=3&amp;resize=272%2C182&amp;ssl=1 816w\" alt=\"\" \t\tclass=\"so-widget-image\"\/>\n\t<\/div>\n\n<\/div><\/div><\/div><\/div><div id=\"pgc-w5e388cd439481-0-2\"  class=\"panel-grid-cell\" ><div id=\"panel-w5e388cd439481-0-2-0\" class=\"so-panel widget widget_sow-editor panel-first-child panel-last-child\" data-index=\"1\" ><div\n\t\t\t\n\t\t\tclass=\"so-widget-sow-editor so-widget-sow-editor-base\"\n\t\t\t\n\t\t>\n<div class=\"siteorigin-widget-tinymce textwidget\">\n\t<p style=\"text-align: justify;\"><span style=\"font-size: 12pt; color: #e6e6e6;\"><em>Science-fiction de LOUISE GIB - 14:17<br \/>\n<\/em><\/span><\/p>\n<p style=\"text-align: justify;\"><span style=\"font-size: 12pt; color: #e6e6e6;\">Salom\u00e9e se bat pour adopter un enfant; Zachary n\u2019arrive pas \u00e0 joindre les deux bouts. Ils ne souhaitent qu\u2019une chose: qu\u2019on leur accorde les m\u00eames droits qu\u2019aux humains. Ils rencontreront tous deux l\u2019adversit\u00e9. Chacun \u00e0 sa mani\u00e8re, chacun de son c\u00f4t\u00e9, s\u2019influen\u00e7ant l\u2019un l\u2019autre sans le soup\u00e7onner.<\/p>\n<p><\/span><\/p>\n<\/div>\n<\/div><\/div><\/div><\/div><\/div><\/div><\/div><\/div><\/div><div id=\"pg-7771-10\"  class=\"panel-grid panel-no-style\" ><div id=\"pgc-7771-10-0\"  class=\"panel-grid-cell\" ><div id=\"panel-7771-10-0-0\" class=\"so-panel widget widget_text panel-first-child panel-last-child\" data-index=\"17\" >\t\t\t<div class=\"textwidget\"><style>.entry-title {display:none;}<\/style> <\/div>\n\t\t<\/div><\/div><\/div><\/div>","protected":false},"excerpt":{"rendered":"<p>S\u00e9lection des Anciens S\u00e9lections comp\u00e9tition <\/p>\n<p style=\"text-align: justify;\">Films s\u00e9lectionn\u00e9s pour la&nbsp;<strong>comp\u00e9tition&nbsp;<\/strong>par les jeunes &#8220;anciens&#8221; de l&#8217;association Tout Court ! encadr\u00e9s par les b\u00e9n\u00e9voles. Ils ont d\u00e9j\u00e0 r\u00e9alis\u00e9 des s\u00e9lections lors de pr\u00e9c\u00e9dentes \u00e9ditions du festival. Pendant 4 mois ils ont regard\u00e9 et not\u00e9 des centaines de films ! Avant d&#8217;arriver peu \u00e0 peu \u00e0 leur &hellip; <\/p>\n<p><a class=\"more-link btn\" href=\"https:\/\/toutcourtfestival.fr\/index.php\/selection-2020\/selections-2020-competition-anciens\/\">Continue reading<\/a><\/p>\n","protected":false},"author":1,"featured_media":7679,"parent":7675,"menu_order":0,"comment_status":"closed","ping_status":"closed","template":"","meta":{"ngg_post_thumbnail":0,"jetpack_post_was_ever_published":false,"footnotes":""},"class_list":["post-7771","page","type-page","status-publish","has-post-thumbnail","hentry","nodate","item-wrap"],"jetpack_sharing_enabled":true,"jetpack_shortlink":"https:\/\/wp.me\/P8k6iw-21l","jetpack_likes_enabled":true,"_links":{"self":[{"href":"https:\/\/toutcourtfestival.fr\/index.php\/wp-json\/wp\/v2\/pages\/7771","targetHints":{"allow":["GET"]}}],"collection":[{"href":"https:\/\/toutcourtfestival.fr\/index.php\/wp-json\/wp\/v2\/pages"}],"about":[{"href":"https:\/\/toutcourtfestival.fr\/index.php\/wp-json\/wp\/v2\/types\/page"}],"author":[{"embeddable":true,"href":"https:\/\/toutcourtfestival.fr\/index.php\/wp-json\/wp\/v2\/users\/1"}],"replies":[{"embeddable":true,"href":"https:\/\/toutcourtfestival.fr\/index.php\/wp-json\/wp\/v2\/comments?post=7771"}],"version-history":[{"count":0,"href":"https:\/\/toutcourtfestival.fr\/index.php\/wp-json\/wp\/v2\/pages\/7771\/revisions"}],"up":[{"embeddable":true,"href":"https:\/\/toutcourtfestival.fr\/index.php\/wp-json\/wp\/v2\/pages\/7675"}],"wp:featuredmedia":[{"embeddable":true,"href":"https:\/\/toutcourtfestival.fr\/index.php\/wp-json\/wp\/v2\/media\/7679"}],"wp:attachment":[{"href":"https:\/\/toutcourtfestival.fr\/index.php\/wp-json\/wp\/v2\/media?parent=7771"}],"curies":[{"name":"wp","href":"https:\/\/api.w.org\/{rel}","templated":true}]}}