{"id":7828,"date":"2020-02-03T23:06:33","date_gmt":"2020-02-03T22:06:33","guid":{"rendered":"https:\/\/toutcourtfestival.fr\/?page_id=7828"},"modified":"2020-02-08T13:24:33","modified_gmt":"2020-02-08T12:24:33","slug":"selections-2020-encadrants","status":"publish","type":"page","link":"https:\/\/toutcourtfestival.fr\/index.php\/selection-2020\/selections-2020-encadrants\/","title":{"rendered":"S\u00e9lections 2020 &#8211; Encadrants"},"content":{"rendered":"<div id=\"pl-7828\"  class=\"panel-layout\" ><div id=\"pg-7828-0\"  class=\"panel-grid panel-no-style\" ><div id=\"pgc-7828-0-0\"  class=\"panel-grid-cell\" ><div id=\"panel-7828-0-0-0\" class=\"so-panel widget widget_sow-headline panel-first-child panel-last-child\" data-index=\"0\" ><div\n\t\t\t\n\t\t\tclass=\"so-widget-sow-headline so-widget-sow-headline-default-a61a51d93230-7828\"\n\t\t\t\n\t\t><div class=\"sow-headline-container \">\n\t\t\t\t\t\t\t<h1 class=\"sow-headline\">\n\t\t\t\t\t\tS\u00e9lection des encadrants\t\t\t\t\t\t<\/h1>\n\t\t\t\t\t\t\t\t\t\t\t<div class=\"decoration\">\n\t\t\t\t\t\t<div class=\"decoration-inside\"><\/div>\n\t\t\t\t\t<\/div>\n\t\t\t\t\t\t\t\t\t\t\t<h3 class=\"sow-sub-headline\">\n\t\t\t\t\t\tS\u00e9lections parall\u00e8les\t\t\t\t\t\t<\/h3>\n\t\t\t\t\t\t<\/div>\n<\/div><\/div><\/div><\/div><div id=\"pg-7828-1\"  class=\"panel-grid panel-no-style\" ><div id=\"pgc-7828-1-0\"  class=\"panel-grid-cell panel-grid-cell-empty\" ><\/div><div id=\"pgc-7828-1-1\"  class=\"panel-grid-cell panel-grid-cell-mobile-last\" ><div id=\"panel-7828-1-1-0\" class=\"so-panel widget widget_sow-editor panel-first-child panel-last-child\" data-index=\"1\" ><div\n\t\t\t\n\t\t\tclass=\"so-widget-sow-editor so-widget-sow-editor-base\"\n\t\t\t\n\t\t>\n<div class=\"siteorigin-widget-tinymce textwidget\">\n\t<p style=\"text-align: justify;\"><span style=\"font-size: 12pt;\">Plusieurs adultes ont encadr\u00e9 les jeunes des deux comit\u00e9s de s\u00e9lection : animateurs du service jeunesse de Gisors et b\u00e9n\u00e9voles du Tout Court ! Ils ont visionn\u00e9, v\u00e9rifi\u00e9 et filtr\u00e9 des centaines de films avant de les montrer aux jeunes s\u00e9lectionneurs. Ils ont \u00e9t\u00e9 touch\u00e9s, \u00e9mus, amus\u00e9s par des \u0153uvres qui ont parfois moins convaincu les jeunes - question d'\u00e2ge, de g\u00e9n\u00e9ration... Ils ont souhait\u00e9 offrir au public du festival une s\u00e9lection hors-comp\u00e9tition des films qui les ont le plus enthousiasm\u00e9s : la s\u00e9lection des encadrants !<\/span><\/p>\n<p style=\"text-align: center;\"><span style=\"font-size: 12pt;\"><em><strong>5 films<\/strong> - Dur\u00e9e 1' 02 plus \u00e9changes avec les artistes.<\/em><\/span><\/p>\n<p style=\"text-align: center;\"><em><span style=\"font-size: 12pt;\">Projection le <strong>vendredi 27 mars 2020<\/strong>&nbsp;\u00e0 <strong>19h30<\/strong> en ouverture du festival \u00e0 la <strong>nouvelle salle polyvalente de Gisors<\/strong><\/span><\/em><\/p>\n<\/div>\n<\/div><\/div><\/div><div id=\"pgc-7828-1-2\"  class=\"panel-grid-cell panel-grid-cell-empty\" ><\/div><\/div><div id=\"pg-7828-2\"  class=\"panel-grid panel-no-style\" ><div id=\"pgc-7828-2-0\"  class=\"panel-grid-cell\" ><div id=\"panel-7828-2-0-0\" class=\"so-panel widget widget_sow-headline panel-first-child panel-last-child\" data-index=\"2\" ><div\n\t\t\t\n\t\t\tclass=\"so-widget-sow-headline so-widget-sow-headline-default-6090f20097d1-7828\"\n\t\t\t\n\t\t><div class=\"sow-headline-container \">\n\t\t\t\t\t\t<div class=\"decoration\">\n\t\t\t\t\t\t<div class=\"decoration-inside\"><\/div>\n\t\t\t\t\t<\/div>\n\t\t\t\t\t<\/div>\n<\/div><\/div><\/div><\/div><div id=\"pg-7828-3\"  class=\"panel-grid panel-has-style\" ><div class=\"panel-row-style panel-row-style-for-7828-3\" ><div id=\"pgc-7828-3-0\"  class=\"panel-grid-cell\" ><div id=\"panel-7828-3-0-0\" class=\"so-panel widget widget_sow-editor panel-first-child\" data-index=\"3\" ><div class=\"panel-widget-style panel-widget-style-for-7828-3-0-0\" ><div\n\t\t\t\n\t\t\tclass=\"so-widget-sow-editor so-widget-sow-editor-base\"\n\t\t\t\n\t\t>\n<div class=\"siteorigin-widget-tinymce textwidget\">\n\t<h1 style=\"text-align: justify;\"><span style=\"color: #e6e6e6;\"><strong>L' homme poule<\/strong><\/span><\/h1>\n<\/div>\n<\/div><\/div><\/div><div id=\"panel-7828-3-0-1\" class=\"so-panel widget widget_siteorigin-panels-builder panel-last-child\" data-index=\"4\" ><div id=\"pl-w5e38996973afd\"  class=\"panel-layout\" ><div id=\"pg-w5e38996973afd-0\"  class=\"panel-grid panel-no-style\" ><div id=\"pgc-w5e38996973afd-0-0\"  class=\"panel-grid-cell panel-grid-cell-empty\" ><\/div><div id=\"pgc-w5e38996973afd-0-1\"  class=\"panel-grid-cell\" ><div id=\"panel-w5e38996973afd-0-1-0\" class=\"so-panel widget widget_sow-image panel-first-child panel-last-child\" data-index=\"0\" ><div class=\"panel-widget-style panel-widget-style-for-w5e38996973afd-0-1-0\" ><div\n\t\t\t\n\t\t\tclass=\"so-widget-sow-image so-widget-sow-image-default-4e6925654b7a\"\n\t\t\t\n\t\t>\n<div class=\"sow-image-container\">\n\t\t<img \n\tsrc=\"https:\/\/i0.wp.com\/toutcourtfestival.fr\/wp-content\/uploads\/2020\/02\/photo1_Lhomme_poule.jpeg?resize=272%2C182&amp;ssl=1\" width=\"272\" height=\"182\" srcset=\"https:\/\/i0.wp.com\/toutcourtfestival.fr\/wp-content\/uploads\/2020\/02\/photo1_Lhomme_poule.jpeg?resize=272%2C182&amp;ssl=1 272w, https:\/\/i0.wp.com\/toutcourtfestival.fr\/wp-content\/uploads\/2020\/02\/photo1_Lhomme_poule.jpeg?zoom=2&amp;resize=272%2C182&amp;ssl=1 544w\" title=\"photo1_L&#8217;homme_poule\" alt=\"\" \t\tclass=\"so-widget-image\"\/>\n\t<\/div>\n\n<\/div><\/div><\/div><\/div><div id=\"pgc-w5e38996973afd-0-2\"  class=\"panel-grid-cell\" ><div id=\"panel-w5e38996973afd-0-2-0\" class=\"so-panel widget widget_sow-editor panel-first-child panel-last-child\" data-index=\"1\" ><div\n\t\t\t\n\t\t\tclass=\"so-widget-sow-editor so-widget-sow-editor-base\"\n\t\t\t\n\t\t>\n<div class=\"siteorigin-widget-tinymce textwidget\">\n\t<p style=\"text-align: justify;\"><span style=\"font-size: 12pt; color: #e6e6e6;\"><em>Drame de Thiebault Gu\u00e9rin - 14:35<\/p>\n<p><\/em><\/span><\/p>\n<p style=\"text-align: justify;\"><span style=\"font-size: 12pt; color: #e6e6e6;\">Jean \u00e9prouve le sentiment d'appartenir au monde des volailles et se  fabrique m\u00e9thodiquement un costume de poule. Marginalis\u00e9 mais port\u00e9 par l'affection de sa s\u0153ur, il reste fid\u00e8le \u00e0 l'id\u00e9e qu'il s'est fait de lui-m\u00eame.<\/p>\n<p><\/span><\/p>\n<\/div>\n<\/div><\/div><\/div><\/div><\/div><\/div><\/div><\/div><\/div><div id=\"pg-7828-4\"  class=\"panel-grid panel-has-style\" ><div class=\"panel-row-style panel-row-style-for-7828-4\" ><div id=\"pgc-7828-4-0\"  class=\"panel-grid-cell\" ><div id=\"panel-7828-4-0-0\" class=\"so-panel widget widget_sow-editor panel-first-child\" data-index=\"5\" ><div class=\"panel-widget-style panel-widget-style-for-7828-4-0-0\" ><div\n\t\t\t\n\t\t\tclass=\"so-widget-sow-editor so-widget-sow-editor-base\"\n\t\t\t\n\t\t>\n<div class=\"siteorigin-widget-tinymce textwidget\">\n\t<h1 style=\"text-align: justify;\"><b>Peete<\/b><\/h1>\n<\/div>\n<\/div><\/div><\/div><div id=\"panel-7828-4-0-1\" class=\"so-panel widget widget_siteorigin-panels-builder panel-last-child\" data-index=\"6\" ><div id=\"pl-w5e38996975549\"  class=\"panel-layout\" ><div id=\"pg-w5e38996975549-0\"  class=\"panel-grid panel-no-style\" ><div id=\"pgc-w5e38996975549-0-0\"  class=\"panel-grid-cell panel-grid-cell-empty\" ><\/div><div id=\"pgc-w5e38996975549-0-1\"  class=\"panel-grid-cell\" ><div id=\"panel-w5e38996975549-0-1-0\" class=\"so-panel widget widget_sow-image panel-first-child panel-last-child\" data-index=\"0\" ><div class=\"panel-widget-style panel-widget-style-for-w5e38996975549-0-1-0\" ><div\n\t\t\t\n\t\t\tclass=\"so-widget-sow-image so-widget-sow-image-default-4e6925654b7a\"\n\t\t\t\n\t\t>\n<div class=\"sow-image-container\">\n\t\t<img \n\tsrc=\"https:\/\/i0.wp.com\/toutcourtfestival.fr\/wp-content\/uploads\/2020\/02\/photo1_PEETE.jpeg?resize=272%2C182&amp;ssl=1\" width=\"272\" height=\"182\" srcset=\"https:\/\/i0.wp.com\/toutcourtfestival.fr\/wp-content\/uploads\/2020\/02\/photo1_PEETE.jpeg?resize=272%2C182&amp;ssl=1 272w, https:\/\/i0.wp.com\/toutcourtfestival.fr\/wp-content\/uploads\/2020\/02\/photo1_PEETE.jpeg?zoom=2&amp;resize=272%2C182&amp;ssl=1 544w, https:\/\/i0.wp.com\/toutcourtfestival.fr\/wp-content\/uploads\/2020\/02\/photo1_PEETE.jpeg?zoom=3&amp;resize=272%2C182&amp;ssl=1 816w\" alt=\"\" \t\tclass=\"so-widget-image\"\/>\n\t<\/div>\n\n<\/div><\/div><\/div><\/div><div id=\"pgc-w5e38996975549-0-2\"  class=\"panel-grid-cell\" ><div id=\"panel-w5e38996975549-0-2-0\" class=\"so-panel widget widget_sow-editor panel-first-child panel-last-child\" data-index=\"1\" ><div\n\t\t\t\n\t\t\tclass=\"so-widget-sow-editor so-widget-sow-editor-base\"\n\t\t\t\n\t\t>\n<div class=\"siteorigin-widget-tinymce textwidget\">\n\t<p style=\"text-align: justify;\"><span style=\"font-size: 12pt;\"><em>Drame de Simon Madore - 10:14<\/p>\n<p><\/em><\/span><\/p>\n<p style=\"text-align: justify;\"><span style=\"font-size: 12pt;\">Peete, homme \u00e0 l'allure marginale, s'installe dans un quartier blafard o\u00f9 il fait la rencontre d'un \u00eatre qui, \u00e0 sa grande surprise, est aussi marginal que lui.<\/p>\n<p><\/span><\/p>\n<\/div>\n<\/div><\/div><\/div><\/div><\/div><\/div><\/div><\/div><\/div><div id=\"pg-7828-5\"  class=\"panel-grid panel-has-style\" ><div class=\"panel-row-style panel-row-style-for-7828-5\" ><div id=\"pgc-7828-5-0\"  class=\"panel-grid-cell\" ><div id=\"panel-7828-5-0-0\" class=\"so-panel widget widget_sow-editor panel-first-child\" data-index=\"7\" ><div class=\"panel-widget-style panel-widget-style-for-7828-5-0-0\" ><div\n\t\t\t\n\t\t\tclass=\"so-widget-sow-editor so-widget-sow-editor-base\"\n\t\t\t\n\t\t>\n<div class=\"siteorigin-widget-tinymce textwidget\">\n\t<h1 style=\"text-align: justify;\"><span style=\"color: #e6e6e6;\"><b>Mateoren ama<\/b><\/span><b><\/b><\/h1>\n<\/div>\n<\/div><\/div><\/div><div id=\"panel-7828-5-0-1\" class=\"so-panel widget widget_siteorigin-panels-builder panel-last-child\" data-index=\"8\" ><div id=\"pl-w5e3ea88156be5\"  class=\"panel-layout\" ><div id=\"pg-w5e3ea88156be5-0\"  class=\"panel-grid panel-no-style\" ><div id=\"pgc-w5e3ea88156be5-0-0\"  class=\"panel-grid-cell panel-grid-cell-empty\" ><\/div><div id=\"pgc-w5e3ea88156be5-0-1\"  class=\"panel-grid-cell\" ><div id=\"panel-w5e3ea88156be5-0-1-0\" class=\"so-panel widget widget_sow-image panel-first-child panel-last-child\" data-index=\"0\" ><div class=\"panel-widget-style panel-widget-style-for-w5e3ea88156be5-0-1-0\" ><div\n\t\t\t\n\t\t\tclass=\"so-widget-sow-image so-widget-sow-image-default-4e6925654b7a\"\n\t\t\t\n\t\t>\n<div class=\"sow-image-container\">\n\t\t<img \n\tsrc=\"https:\/\/i0.wp.com\/toutcourtfestival.fr\/wp-content\/uploads\/2020\/02\/photo3_Mateoren_ama.jpeg?resize=272%2C182&amp;ssl=1\" width=\"272\" height=\"182\" srcset=\"https:\/\/i0.wp.com\/toutcourtfestival.fr\/wp-content\/uploads\/2020\/02\/photo3_Mateoren_ama.jpeg?resize=272%2C182&amp;ssl=1 272w, https:\/\/i0.wp.com\/toutcourtfestival.fr\/wp-content\/uploads\/2020\/02\/photo3_Mateoren_ama.jpeg?zoom=2&amp;resize=272%2C182&amp;ssl=1 544w, https:\/\/i0.wp.com\/toutcourtfestival.fr\/wp-content\/uploads\/2020\/02\/photo3_Mateoren_ama.jpeg?zoom=3&amp;resize=272%2C182&amp;ssl=1 816w\" alt=\"\" \t\tclass=\"so-widget-image\"\/>\n\t<\/div>\n\n<\/div><\/div><\/div><\/div><div id=\"pgc-w5e3ea88156be5-0-2\"  class=\"panel-grid-cell\" ><div id=\"panel-w5e3ea88156be5-0-2-0\" class=\"so-panel widget widget_sow-editor panel-first-child panel-last-child\" data-index=\"1\" ><div\n\t\t\t\n\t\t\tclass=\"so-widget-sow-editor so-widget-sow-editor-base\"\n\t\t\t\n\t\t>\n<div class=\"siteorigin-widget-tinymce textwidget\">\n\t<p style=\"text-align: justify;\"><span style=\"font-size: 12pt; color: #e6e6e6;\"><em>Drame de Aitor Arregi - 14:30<\/p>\n<p><\/em><\/span><\/p>\n<p style=\"text-align: justify;\"><span style=\"font-size: 12pt; color: #e6e6e6;\">Apr\u00e8s une saison sans voir sa m\u00e8re, Angel Mari d\u00e9cide de faire n\u00e9cessit\u00e9 vertue et d'aller lui rendre visite \u00e0 la maison de retraite o\u00f9 elle est intern\u00e9e. Il n\u2019aime pas voir de quelle mani\u00e8re sa m\u00e8re a disparu sous la peau d'une vieille dame s\u00e9nile qui ne reconna\u00eet pas ses propres enfants\u2026<\/p>\n<p><\/span><\/p>\n<\/div>\n<\/div><\/div><\/div><\/div><\/div><\/div><\/div><\/div><\/div><div id=\"pg-7828-6\"  class=\"panel-grid panel-has-style\" ><div class=\"panel-row-style panel-row-style-for-7828-6\" ><div id=\"pgc-7828-6-0\"  class=\"panel-grid-cell\" ><div id=\"panel-7828-6-0-0\" class=\"so-panel widget widget_sow-editor panel-first-child\" data-index=\"9\" ><div class=\"panel-widget-style panel-widget-style-for-7828-6-0-0\" ><div\n\t\t\t\n\t\t\tclass=\"so-widget-sow-editor so-widget-sow-editor-base\"\n\t\t\t\n\t\t>\n<div class=\"siteorigin-widget-tinymce textwidget\">\n\t<h1 style=\"text-align: justify;\"><b>Una mujer completa<br \/>\n<\/b><\/h1>\n<\/div>\n<\/div><\/div><\/div><div id=\"panel-7828-6-0-1\" class=\"so-panel widget widget_siteorigin-panels-builder panel-last-child\" data-index=\"10\" ><div id=\"pl-w5e389a58aa561\"  class=\"panel-layout\" ><div id=\"pg-w5e389a58aa561-0\"  class=\"panel-grid panel-no-style\" ><div id=\"pgc-w5e389a58aa561-0-0\"  class=\"panel-grid-cell panel-grid-cell-empty\" ><\/div><div id=\"pgc-w5e389a58aa561-0-1\"  class=\"panel-grid-cell\" ><div id=\"panel-w5e389a58aa561-0-1-0\" class=\"so-panel widget widget_sow-image panel-first-child panel-last-child\" data-index=\"0\" ><div class=\"panel-widget-style panel-widget-style-for-w5e389a58aa561-0-1-0\" ><div\n\t\t\t\n\t\t\tclass=\"so-widget-sow-image so-widget-sow-image-default-4e6925654b7a\"\n\t\t\t\n\t\t>\n<div class=\"sow-image-container\">\n\t\t<img \n\tsrc=\"https:\/\/i0.wp.com\/toutcourtfestival.fr\/wp-content\/uploads\/2020\/02\/photo1_Una_mujer_completa.jpeg?resize=272%2C182&amp;ssl=1\" width=\"272\" height=\"182\" srcset=\"https:\/\/i0.wp.com\/toutcourtfestival.fr\/wp-content\/uploads\/2020\/02\/photo1_Una_mujer_completa.jpeg?resize=272%2C182&amp;ssl=1 272w, https:\/\/i0.wp.com\/toutcourtfestival.fr\/wp-content\/uploads\/2020\/02\/photo1_Una_mujer_completa.jpeg?zoom=2&amp;resize=272%2C182&amp;ssl=1 544w, https:\/\/i0.wp.com\/toutcourtfestival.fr\/wp-content\/uploads\/2020\/02\/photo1_Una_mujer_completa.jpeg?zoom=3&amp;resize=272%2C182&amp;ssl=1 816w\" alt=\"\" \t\tclass=\"so-widget-image\"\/>\n\t<\/div>\n\n<\/div><\/div><\/div><\/div><div id=\"pgc-w5e389a58aa561-0-2\"  class=\"panel-grid-cell\" ><div id=\"panel-w5e389a58aa561-0-2-0\" class=\"so-panel widget widget_sow-editor panel-first-child panel-last-child\" data-index=\"1\" ><div\n\t\t\t\n\t\t\tclass=\"so-widget-sow-editor so-widget-sow-editor-base\"\n\t\t\t\n\t\t>\n<div class=\"siteorigin-widget-tinymce textwidget\">\n\t<p style=\"text-align: justify;\"><span style=\"font-size: 12pt; font-family: arial, helvetica, sans-serif;\"><em>Drame de Machado Ceres - 11:00<\/p>\n<p><\/em><\/span><\/p>\n<p style=\"text-align: justify;\"><span style=\"font-size: 12pt;\">Berta et Hugo sont deux \u00e9trangers dans une chambre d'h\u00f4tel. Leurs vies n'ont rien en commun... mais ils sont plus proches qu'ils ne le pensent.<\/p>\n<p><\/span><\/p>\n<\/div>\n<\/div><\/div><\/div><\/div><\/div><\/div><\/div><\/div><\/div><div id=\"pg-7828-7\"  class=\"panel-grid panel-has-style\" ><div class=\"panel-row-style panel-row-style-for-7828-7\" ><div id=\"pgc-7828-7-0\"  class=\"panel-grid-cell\" ><div id=\"panel-7828-7-0-0\" class=\"so-panel widget widget_sow-editor panel-first-child\" data-index=\"11\" ><div class=\"panel-widget-style panel-widget-style-for-7828-7-0-0\" ><div\n\t\t\t\n\t\t\tclass=\"so-widget-sow-editor so-widget-sow-editor-base\"\n\t\t\t\n\t\t>\n<div class=\"siteorigin-widget-tinymce textwidget\">\n\t<h1 style=\"text-align: justify;\"><span style=\"color: #e6e6e6;\"><b>M\u00e9morable<br \/>\n<\/b><\/span><\/h1>\n<\/div>\n<\/div><\/div><\/div><div id=\"panel-7828-7-0-1\" class=\"so-panel widget widget_siteorigin-panels-builder panel-last-child\" data-index=\"12\" ><div id=\"pl-w5e389a58ac708\"  class=\"panel-layout\" ><div id=\"pg-w5e389a58ac708-0\"  class=\"panel-grid panel-no-style\" ><div id=\"pgc-w5e389a58ac708-0-0\"  class=\"panel-grid-cell panel-grid-cell-empty\" ><\/div><div id=\"pgc-w5e389a58ac708-0-1\"  class=\"panel-grid-cell\" ><div id=\"panel-w5e389a58ac708-0-1-0\" class=\"so-panel widget widget_sow-image panel-first-child panel-last-child\" data-index=\"0\" ><div class=\"panel-widget-style panel-widget-style-for-w5e389a58ac708-0-1-0\" ><div\n\t\t\t\n\t\t\tclass=\"so-widget-sow-image so-widget-sow-image-default-4e6925654b7a\"\n\t\t\t\n\t\t>\n<div class=\"sow-image-container\">\n\t\t<img \n\tsrc=\"https:\/\/i0.wp.com\/toutcourtfestival.fr\/wp-content\/uploads\/2020\/02\/photo1_M%C3%A9morable.jpeg?resize=272%2C182&amp;ssl=1\" width=\"272\" height=\"182\" alt=\"\" \t\tclass=\"so-widget-image\"\/>\n\t<\/div>\n\n<\/div><\/div><\/div><\/div><div id=\"pgc-w5e389a58ac708-0-2\"  class=\"panel-grid-cell\" ><div id=\"panel-w5e389a58ac708-0-2-0\" class=\"so-panel widget widget_sow-editor panel-first-child panel-last-child\" data-index=\"1\" ><div\n\t\t\t\n\t\t\tclass=\"so-widget-sow-editor so-widget-sow-editor-base\"\n\t\t\t\n\t\t>\n<div class=\"siteorigin-widget-tinymce textwidget\">\n\t<p style=\"text-align: justify;\"><span style=\"font-size: 12pt; color: #e6e6e6;\"><em>Drame de Bruno COLLET - 12:02 [Film d'animation]<\/p>\n<p><\/em><\/span><\/p>\n<p style=\"text-align: justify;\"><span style=\"font-size: 12pt; color: #e6e6e6;\">Depuis peu, Louis, artiste peintre, et sa femme Michelle vivent d\u2019\u00e9tranges \u00e9v\u00e9nements. L\u2019univers qui les entoure semble en mutation. Lentement, les meubles, les objets, des personnes perdent de leur r\u00e9alisme. Ils se d\u00e9structurent, parfois se d\u00e9litent\u2026<\/p>\n<p><\/span><\/p>\n<\/div>\n<\/div><\/div><\/div><\/div><\/div><\/div><\/div><\/div><\/div><div id=\"pg-7828-8\"  class=\"panel-grid panel-no-style\" ><div id=\"pgc-7828-8-0\"  class=\"panel-grid-cell\" ><div id=\"panel-7828-8-0-0\" class=\"so-panel widget widget_text panel-first-child panel-last-child\" data-index=\"13\" >\t\t\t<div class=\"textwidget\"><style>.entry-title {display:none;}<\/style> <\/div>\n\t\t<\/div><\/div><\/div><\/div>","protected":false},"excerpt":{"rendered":"<p>S\u00e9lection des encadrants S\u00e9lections parall\u00e8les <\/p>\n<p style=\"text-align: justify;\">Plusieurs adultes ont encadr\u00e9 les jeunes des deux comit\u00e9s de s\u00e9lection : animateurs du service jeunesse de Gisors et b\u00e9n\u00e9voles du Tout Court ! Ils ont visionn\u00e9, v\u00e9rifi\u00e9 et filtr\u00e9 des centaines de films avant de les montrer aux jeunes s\u00e9lectionneurs. Ils ont \u00e9t\u00e9 touch\u00e9s, \u00e9mus, amus\u00e9s par &hellip; <\/p>\n<p><a class=\"more-link btn\" href=\"https:\/\/toutcourtfestival.fr\/index.php\/selection-2020\/selections-2020-encadrants\/\">Continue reading<\/a><\/p>\n","protected":false},"author":1,"featured_media":7830,"parent":7675,"menu_order":0,"comment_status":"closed","ping_status":"closed","template":"","meta":{"ngg_post_thumbnail":0,"jetpack_post_was_ever_published":false,"footnotes":""},"class_list":["post-7828","page","type-page","status-publish","has-post-thumbnail","hentry","nodate","item-wrap"],"jetpack_sharing_enabled":true,"jetpack_shortlink":"https:\/\/wp.me\/P8k6iw-22g","jetpack_likes_enabled":true,"_links":{"self":[{"href":"https:\/\/toutcourtfestival.fr\/index.php\/wp-json\/wp\/v2\/pages\/7828","targetHints":{"allow":["GET"]}}],"collection":[{"href":"https:\/\/toutcourtfestival.fr\/index.php\/wp-json\/wp\/v2\/pages"}],"about":[{"href":"https:\/\/toutcourtfestival.fr\/index.php\/wp-json\/wp\/v2\/types\/page"}],"author":[{"embeddable":true,"href":"https:\/\/toutcourtfestival.fr\/index.php\/wp-json\/wp\/v2\/users\/1"}],"replies":[{"embeddable":true,"href":"https:\/\/toutcourtfestival.fr\/index.php\/wp-json\/wp\/v2\/comments?post=7828"}],"version-history":[{"count":0,"href":"https:\/\/toutcourtfestival.fr\/index.php\/wp-json\/wp\/v2\/pages\/7828\/revisions"}],"up":[{"embeddable":true,"href":"https:\/\/toutcourtfestival.fr\/index.php\/wp-json\/wp\/v2\/pages\/7675"}],"wp:featuredmedia":[{"embeddable":true,"href":"https:\/\/toutcourtfestival.fr\/index.php\/wp-json\/wp\/v2\/media\/7830"}],"wp:attachment":[{"href":"https:\/\/toutcourtfestival.fr\/index.php\/wp-json\/wp\/v2\/media?parent=7828"}],"curies":[{"name":"wp","href":"https:\/\/api.w.org\/{rel}","templated":true}]}}