{"id":7931,"date":"2020-02-07T16:55:36","date_gmt":"2020-02-07T15:55:36","guid":{"rendered":"https:\/\/toutcourtfestival.fr\/?page_id=7931"},"modified":"2020-02-09T00:36:59","modified_gmt":"2020-02-08T23:36:59","slug":"selection-2020-ateliers","status":"publish","type":"page","link":"https:\/\/toutcourtfestival.fr\/index.php\/selection-2020\/selection-2020-ateliers\/","title":{"rendered":"S\u00e9lection 2020 &#8211; Ateliers"},"content":{"rendered":"<div id=\"pl-7931\"  class=\"panel-layout\" ><div id=\"pg-7931-0\"  class=\"panel-grid panel-no-style\" ><div id=\"pgc-7931-0-0\"  class=\"panel-grid-cell\" ><div id=\"panel-7931-0-0-0\" class=\"so-panel widget widget_sow-headline panel-first-child panel-last-child\" data-index=\"0\" ><div\n\t\t\t\n\t\t\tclass=\"so-widget-sow-headline so-widget-sow-headline-default-93ca6465d6df-7931\"\n\t\t\t\n\t\t><div class=\"sow-headline-container \">\n\t\t\t\t\t\t\t<h1 class=\"sow-headline\">\n\t\t\t\t\t\tAteliers pratiques \/ d\u00e9couverte\t\t\t\t\t\t<\/h1>\n\t\t\t\t\t\t\t\t\t\t\t<div class=\"decoration\">\n\t\t\t\t\t\t<div class=\"decoration-inside\"><\/div>\n\t\t\t\t\t<\/div>\n\t\t\t\t\t<\/div>\n<\/div><\/div><\/div><\/div><div id=\"pg-7931-1\"  class=\"panel-grid panel-no-style\" ><div id=\"pgc-7931-1-0\"  class=\"panel-grid-cell panel-grid-cell-empty\" ><\/div><div id=\"pgc-7931-1-1\"  class=\"panel-grid-cell panel-grid-cell-mobile-last\" ><div id=\"panel-7931-1-1-0\" class=\"so-panel widget widget_sow-editor panel-first-child panel-last-child\" data-index=\"1\" ><div\n\t\t\t\n\t\t\tclass=\"so-widget-sow-editor so-widget-sow-editor-base\"\n\t\t\t\n\t\t>\n<div class=\"siteorigin-widget-tinymce textwidget\">\n\t<p style=\"text-align: justify;\"><span style=\"font-size: 12pt;\">Le Tout Court ! propose diff\u00e9rents ateliers avec intervenants professionnels. D\u00e9couvrez par la pratique diff\u00e9rent aspect du cin\u00e9ma: r\u00e9alisation avec un smartphone et films d'animation. Un troisi\u00e8me atelier sera peut-\u00eatre programm\u00e9, \u00e0 confirmer.<\/span><\/p>\n<p>Attention, nombre de places limit\u00e9&nbsp;! Nous vous recommandons de r\u00e9server ci-dessous.<\/p>\n<\/div>\n<\/div><\/div><\/div><div id=\"pgc-7931-1-2\"  class=\"panel-grid-cell panel-grid-cell-empty\" ><\/div><\/div><div id=\"pg-7931-2\"  class=\"panel-grid panel-has-style\" ><div class=\"panel-row-style panel-row-style-for-7931-2\" ><div id=\"pgc-7931-2-0\"  class=\"panel-grid-cell\" ><div id=\"panel-7931-2-0-0\" class=\"so-panel widget widget_sow-editor panel-first-child\" data-index=\"2\" ><div class=\"panel-widget-style panel-widget-style-for-7931-2-0-0\" ><div\n\t\t\t\n\t\t\tclass=\"so-widget-sow-editor so-widget-sow-editor-base\"\n\t\t\t\n\t\t>\n<div class=\"siteorigin-widget-tinymce textwidget\">\n\t<h1 style=\"text-align: justify;\"><span style=\"color: #e6e6e6;\"><b>Atelier Pocket Films<\/b><\/span><\/h1>\n<\/div>\n<\/div><\/div><\/div><div id=\"panel-7931-2-0-1\" class=\"so-panel widget widget_siteorigin-panels-builder panel-last-child\" data-index=\"3\" ><div id=\"pl-w5e3eaa88651fa\"  class=\"panel-layout\" ><div id=\"pg-w5e3eaa88651fa-0\"  class=\"panel-grid panel-no-style\" ><div id=\"pgc-w5e3eaa88651fa-0-0\"  class=\"panel-grid-cell panel-grid-cell-empty\" ><\/div><div id=\"pgc-w5e3eaa88651fa-0-1\"  class=\"panel-grid-cell\" ><div id=\"panel-w5e3eaa88651fa-0-1-0\" class=\"so-panel widget widget_sow-image panel-first-child panel-last-child\" data-index=\"0\" ><div class=\"panel-widget-style panel-widget-style-for-w5e3eaa88651fa-0-1-0\" ><div\n\t\t\t\n\t\t\tclass=\"so-widget-sow-image so-widget-sow-image-default-4e6925654b7a\"\n\t\t\t\n\t\t>\n<div class=\"sow-image-container\">\n\t\t<img \n\tsrc=\"https:\/\/i0.wp.com\/toutcourtfestival.fr\/wp-content\/uploads\/2019\/06\/20190511_172553.jpg?resize=272%2C182&amp;ssl=1\" width=\"272\" height=\"182\" srcset=\"https:\/\/i0.wp.com\/toutcourtfestival.fr\/wp-content\/uploads\/2019\/06\/20190511_172553.jpg?resize=272%2C182&amp;ssl=1 272w, https:\/\/i0.wp.com\/toutcourtfestival.fr\/wp-content\/uploads\/2019\/06\/20190511_172553.jpg?zoom=2&amp;resize=272%2C182&amp;ssl=1 544w, https:\/\/i0.wp.com\/toutcourtfestival.fr\/wp-content\/uploads\/2019\/06\/20190511_172553.jpg?zoom=3&amp;resize=272%2C182&amp;ssl=1 816w\" alt=\"\" \t\tclass=\"so-widget-image\"\/>\n\t<\/div>\n\n<\/div><\/div><\/div><\/div><div id=\"pgc-w5e3eaa88651fa-0-2\"  class=\"panel-grid-cell\" ><div id=\"panel-w5e3eaa88651fa-0-2-0\" class=\"so-panel widget widget_sow-editor panel-first-child panel-last-child\" data-index=\"1\" ><div\n\t\t\t\n\t\t\tclass=\"so-widget-sow-editor so-widget-sow-editor-base\"\n\t\t\t\n\t\t>\n<div class=\"siteorigin-widget-tinymce textwidget\">\n\t<p><em><span style=\"color: #e8e8e8;\">Anim\u00e9 par le r\u00e9alisateur Olivier Lallart - dur\u00e9e 4h (d\u00e9bordement possible)<\/span><\/em><\/p>\n<p><span style=\"color: #e8e8e8;\">De nos jours, un simple t\u00e9l\u00e9phone portable suffit \u00e0 cr\u00e9er des images d'une grande qualit\u00e9 technique - mais \u00e7a ne suffit pas pour faire un film&nbsp;! D\u00e9couvrez par la pratique comment cr\u00e9er un petit film de A \u00e0 Z, du sc\u00e9nario au montage en passant par la production et le tournage.<\/span><\/p>\n<p><span style=\"color: #e8e8e8;\">Olivier Lallart est r\u00e9alisateur de courts-m\u00e9trages et animateur d'ateliers. Plus de d\u00e9tails sur son site web.<\/span><\/p>\n<p><span style=\"color: #e8e8e8;\"><strong>Samedi 28 mars 2020 \u00e0 14h<\/strong>&nbsp;\u00e0 la nouvelle <strong>salle polyvalente de Gisors<\/strong><\/span><\/p>\n<\/div>\n<\/div><\/div><\/div><\/div><\/div><\/div><\/div><\/div><\/div><div id=\"pg-7931-3\"  class=\"panel-grid panel-has-style\" ><div class=\"panel-row-style panel-row-style-for-7931-3\" ><div id=\"pgc-7931-3-0\"  class=\"panel-grid-cell\" ><div id=\"panel-7931-3-0-0\" class=\"so-panel widget widget_sow-editor panel-first-child\" data-index=\"4\" ><div class=\"panel-widget-style panel-widget-style-for-7931-3-0-0\" ><div\n\t\t\t\n\t\t\tclass=\"so-widget-sow-editor so-widget-sow-editor-base\"\n\t\t\t\n\t\t>\n<div class=\"siteorigin-widget-tinymce textwidget\">\n\t<h1 style=\"text-align: justify;\"><span style=\"color: #333333;\"><b>Atelier Films d'Animation<\/b><\/span><\/h1>\n<\/div>\n<\/div><\/div><\/div><div id=\"panel-7931-3-0-1\" class=\"so-panel widget widget_siteorigin-panels-builder panel-last-child\" data-index=\"5\" ><div id=\"pl-w5e3d8a660a993\"  class=\"panel-layout\" ><div id=\"pg-w5e3d8a660a993-0\"  class=\"panel-grid panel-no-style\" ><div id=\"pgc-w5e3d8a660a993-0-0\"  class=\"panel-grid-cell panel-grid-cell-empty\" ><\/div><div id=\"pgc-w5e3d8a660a993-0-1\"  class=\"panel-grid-cell\" ><div id=\"panel-w5e3d8a660a993-0-1-0\" class=\"so-panel widget widget_sow-image panel-first-child panel-last-child\" data-index=\"0\" ><div class=\"panel-widget-style panel-widget-style-for-w5e3d8a660a993-0-1-0\" ><div\n\t\t\t\n\t\t\tclass=\"so-widget-sow-image so-widget-sow-image-default-4e6925654b7a\"\n\t\t\t\n\t\t>\n<div class=\"sow-image-container\">\n\t\t<img \n\tsrc=\"https:\/\/i0.wp.com\/toutcourtfestival.fr\/wp-content\/uploads\/2017\/06\/20170429_1505041.jpg?resize=272%2C182&amp;ssl=1\" width=\"272\" height=\"182\" srcset=\"https:\/\/i0.wp.com\/toutcourtfestival.fr\/wp-content\/uploads\/2017\/06\/20170429_1505041.jpg?resize=272%2C182&amp;ssl=1 272w, https:\/\/i0.wp.com\/toutcourtfestival.fr\/wp-content\/uploads\/2017\/06\/20170429_1505041.jpg?zoom=2&amp;resize=272%2C182&amp;ssl=1 544w, https:\/\/i0.wp.com\/toutcourtfestival.fr\/wp-content\/uploads\/2017\/06\/20170429_1505041.jpg?zoom=3&amp;resize=272%2C182&amp;ssl=1 816w\" title=\"Atelier Animation (Nicolas Bellanger)\" alt=\"\" \t\tclass=\"so-widget-image\"\/>\n\t<\/div>\n\n<\/div><\/div><\/div><\/div><div id=\"pgc-w5e3d8a660a993-0-2\"  class=\"panel-grid-cell\" ><div id=\"panel-w5e3d8a660a993-0-2-0\" class=\"so-panel widget widget_sow-editor panel-first-child panel-last-child\" data-index=\"1\" ><div\n\t\t\t\n\t\t\tclass=\"so-widget-sow-editor so-widget-sow-editor-base\"\n\t\t\t\n\t\t>\n<div class=\"siteorigin-widget-tinymce textwidget\">\n\t<p style=\"text-align: justify;\"><span style=\"font-size: 12pt; font-family: arial, helvetica, sans-serif; color: #000000;\"><em>Anim\u00e9 par le r\u00e9alisateur Nicolas Bellanger - dur\u00e9e 3h<\/em><\/span><\/p>\n<p style=\"text-align: justify;\"><span style=\"font-size: 12pt; color: #000000;\">Animation, pixillation, stop-motion, pelure d'oignon... Tout cela n'aura plus de secret pour vous apr\u00e8s avoir manipul\u00e9 et cr\u00e9\u00e9 vos propres animations! <a style=\"color: #000000;\" href=\"http:\/\/ressources.acap-cinema.com\/atelier-cinema-danimation\/\">Voir plus de d\u00e9tails ici sur les ateliers de Nicolas Bellanger<\/a>.&nbsp;<\/span><\/p>\n<p><span style=\"font-size: 12pt; color: #000000;\"><em><strong>Dimanche 29 mars 2020<\/strong> \u00e0 <b>15h30 <\/b>ou<b> 16h<\/b> (l'horaire sera bient\u00f4t confirm\u00e9e) \u00e0 la nouvelle <strong>Salle Polyvalente de Gisors.<\/strong><\/em><\/span><\/p>\n<\/div>\n<\/div><\/div><\/div><\/div><\/div><\/div><\/div><\/div><\/div><div id=\"pg-7931-4\"  class=\"panel-grid panel-no-style\" ><div id=\"pgc-7931-4-0\"  class=\"panel-grid-cell panel-grid-cell-empty\" ><\/div><div id=\"pgc-7931-4-1\"  class=\"panel-grid-cell panel-grid-cell-mobile-last\" ><div id=\"panel-7931-4-1-0\" class=\"so-panel widget widget_sow-editor panel-first-child panel-last-child\" data-index=\"6\" ><div\n\t\t\t\n\t\t\tclass=\"so-widget-sow-editor so-widget-sow-editor-base\"\n\t\t\t\n\t\t>\n<div class=\"siteorigin-widget-tinymce textwidget\">\n\t<p style=\"text-align: justify;\">Vous pouvez r\u00e9server un atelier ci-dessous au tarif unique de 5 euros. Attention, le nombre de places est limit\u00e9!<\/p>\n<p>Propuls\u00e9 par <a href=\"https:\/\/www.helloasso.com\" rel=\"nofollow\">HelloAsso<\/a><br \/>\n<iframe id=\"haWidget\" style=\"width: 100%; height: 1000px; border: none;\" src=\"https:\/\/www.helloasso.com\/associations\/tout-court-eure\/evenements\/tout-court-festival-du-court-metrage-de-gisors-edition-3\/widget\" scrolling=\"auto\"><\/iframe><\/p>\n<\/div>\n<\/div><\/div><\/div><div id=\"pgc-7931-4-2\"  class=\"panel-grid-cell panel-grid-cell-empty\" ><\/div><\/div><div id=\"pg-7931-5\"  class=\"panel-grid panel-no-style\" ><div id=\"pgc-7931-5-0\"  class=\"panel-grid-cell\" ><div id=\"panel-7931-5-0-0\" class=\"so-panel widget widget_text panel-first-child panel-last-child\" data-index=\"7\" >\t\t\t<div class=\"textwidget\"><style>.entry-title {display:none;}<\/style> <\/div>\n\t\t<\/div><\/div><\/div><\/div>","protected":false},"excerpt":{"rendered":"<p>Ateliers pratiques \/ d\u00e9couverte <\/p>\n<p style=\"text-align: justify;\">Le Tout Court ! propose diff\u00e9rents ateliers avec intervenants professionnels. D\u00e9couvrez par la pratique diff\u00e9rent aspect du cin\u00e9ma: r\u00e9alisation avec un smartphone et films d&#8217;animation. Un troisi\u00e8me atelier sera peut-\u00eatre programm\u00e9, \u00e0 confirmer.<\/p>\n<p>Attention, nombre de places limit\u00e9&nbsp;! Nous vous recommandons de r\u00e9server ci-dessous.<\/p>\n<p> <b>Atelier Pocket Films<\/b> <\/p>\n<p>Anim\u00e9 par &hellip; <\/p>\n<p><a class=\"more-link btn\" href=\"https:\/\/toutcourtfestival.fr\/index.php\/selection-2020\/selection-2020-ateliers\/\">Continue reading<\/a><\/p>\n","protected":false},"author":1,"featured_media":7333,"parent":7675,"menu_order":0,"comment_status":"closed","ping_status":"closed","template":"","meta":{"ngg_post_thumbnail":0,"jetpack_post_was_ever_published":false,"footnotes":""},"class_list":["post-7931","page","type-page","status-publish","has-post-thumbnail","hentry","nodate","item-wrap"],"jetpack_sharing_enabled":true,"jetpack_shortlink":"https:\/\/wp.me\/P8k6iw-23V","jetpack_likes_enabled":true,"_links":{"self":[{"href":"https:\/\/toutcourtfestival.fr\/index.php\/wp-json\/wp\/v2\/pages\/7931","targetHints":{"allow":["GET"]}}],"collection":[{"href":"https:\/\/toutcourtfestival.fr\/index.php\/wp-json\/wp\/v2\/pages"}],"about":[{"href":"https:\/\/toutcourtfestival.fr\/index.php\/wp-json\/wp\/v2\/types\/page"}],"author":[{"embeddable":true,"href":"https:\/\/toutcourtfestival.fr\/index.php\/wp-json\/wp\/v2\/users\/1"}],"replies":[{"embeddable":true,"href":"https:\/\/toutcourtfestival.fr\/index.php\/wp-json\/wp\/v2\/comments?post=7931"}],"version-history":[{"count":0,"href":"https:\/\/toutcourtfestival.fr\/index.php\/wp-json\/wp\/v2\/pages\/7931\/revisions"}],"up":[{"embeddable":true,"href":"https:\/\/toutcourtfestival.fr\/index.php\/wp-json\/wp\/v2\/pages\/7675"}],"wp:featuredmedia":[{"embeddable":true,"href":"https:\/\/toutcourtfestival.fr\/index.php\/wp-json\/wp\/v2\/media\/7333"}],"wp:attachment":[{"href":"https:\/\/toutcourtfestival.fr\/index.php\/wp-json\/wp\/v2\/media?parent=7931"}],"curies":[{"name":"wp","href":"https:\/\/api.w.org\/{rel}","templated":true}]}}