{"id":8170,"date":"2020-04-28T22:50:25","date_gmt":"2020-04-28T20:50:25","guid":{"rendered":"https:\/\/toutcourtfestival.fr\/?page_id=8170"},"modified":"2021-01-27T23:32:26","modified_gmt":"2021-01-27T22:32:26","slug":"appel-a-films-2021","status":"publish","type":"page","link":"https:\/\/toutcourtfestival.fr\/index.php\/appel-a-films-2021\/","title":{"rendered":"Appel \u00e0 films 2021"},"content":{"rendered":"<div id=\"pl-8170\"  class=\"panel-layout\" ><div id=\"pg-8170-0\"  class=\"panel-grid panel-has-style\" ><div class=\"siteorigin-panels-stretch panel-row-style panel-row-style-for-8170-0\" data-stretch-type=\"full\" ><div id=\"pgc-8170-0-0\"  class=\"panel-grid-cell\" ><div id=\"panel-8170-0-0-0\" class=\"so-panel widget widget_sow-headline panel-first-child panel-last-child\" data-index=\"0\" ><div\n\t\t\t\n\t\t\tclass=\"so-widget-sow-headline so-widget-sow-headline-default-6090f20097d1-8170\"\n\t\t\t\n\t\t><div class=\"sow-headline-container \">\n\t\t\t\t\t\t\t<h1 class=\"sow-headline\">\n\t\t\t\t\t\tTout Court ! - appel \u00e0 films 2021\t\t\t\t\t\t<\/h1>\n\t\t\t\t\t\t\t\t\t\t\t<div class=\"decoration\">\n\t\t\t\t\t\t<div class=\"decoration-inside\"><\/div>\n\t\t\t\t\t<\/div>\n\t\t\t\t\t\t\t\t\t\t\t<h3 class=\"sow-sub-headline\">\n\t\t\t\t\t\tEdition du 8 au 11 juillet 2021\t\t\t\t\t\t<\/h3>\n\t\t\t\t\t\t<\/div>\n<\/div><\/div><\/div><\/div><\/div><div id=\"pg-8170-1\"  class=\"panel-grid panel-has-style\" ><div class=\"panel-row-style panel-row-style-for-8170-1\" ><div id=\"pgc-8170-1-0\"  class=\"panel-grid-cell panel-grid-cell-empty\" ><\/div><div id=\"pgc-8170-1-1\"  class=\"panel-grid-cell\" ><div id=\"panel-8170-1-1-0\" class=\"so-panel widget widget_sow-editor panel-first-child panel-last-child\" data-index=\"1\" ><div\n\t\t\t\n\t\t\tclass=\"so-widget-sow-editor so-widget-sow-editor-base\"\n\t\t\t\n\t\t>\n<div class=\"siteorigin-widget-tinymce textwidget\">\n\t<p style=\"text-align: justify;\">Pour inscrire un film, choisissez une section ci-dessous. Les modalit\u00e9s sont indiqu\u00e9s en bas de page. Attention: vous ne pouvez inscrire votre film qu'\u00e0 une seule section!<\/p>\n<p style=\"text-align: justify;\">Date limite d'inscription:<span style=\"color: #ff0000;\"><strong> dimanche 3 janvier 2021<\/strong><\/span>&nbsp;\u00e0 minuit<\/p>\n<p style=\"text-align: justify;\">N'oubliez pas de lire attentivement le <a href=\"https:\/\/toutcourtfestival.fr\/wp-content\/uploads\/2019\/12\/Tout-court-R\u00e8glement-\u00e9dition-2021.pdf\">r\u00e8glement du Tout Court \u00e9dition 2021<\/a>&nbsp;&nbsp;<span style=\"text-decoration: underline;\">L'inscription de votre film vaut acceptation de ce r\u00e8glement.&nbsp;&nbsp;<\/span><\/p>\n<p style=\"text-align: justify;\">Le visionnage des films inscrits et les s\u00e9lections seront en partie effectu\u00e9s par des jeunes de 11 \u00e0 18 ans. <span style=\"color: #ff0000;\"><strong>Il est donc interdit d\u2019inscrire des films hors crit\u00e8res comportant des \u00e9l\u00e9ments r\u00e9serv\u00e9s \u00e0 un public adulte<\/strong><\/span> (pornographie, violence extr\u00eame, etc\u2026). Tout film ne respectant pas cette condition sera disqualifi\u00e9 et son inscription annul\u00e9e.<\/p>\n<p style=\"text-align: justify;\">Vous pouvez soumettre plusieurs films mais un seul pourra \u00eatre s\u00e9lectionn\u00e9 par r\u00e9alisateur (sauf cas exceptionnel mentionn\u00e9 en note ci-dessous).<\/p>\n<p style=\"text-align: justify;\"><span style=\"text-decoration: underline;\">Note<\/span>: exceptionnellement 2021 sera une \u00e9dition double, fusionnant avec celle de 2020 qui n'a pu se tenir en raison de la crise covid-19. La <a href=\"https:\/\/toutcourtfestival.fr\/index.php\/selection-2020\/\" target=\"_blank\" rel=\"noopener\">s\u00e9lection 2020<\/a> reste donc valable et s'ajoute \u00e0 la s\u00e9lection 2021 effectu\u00e9e sur le pr\u00e9sent appel \u00e0 film. Un r\u00e9alisateur d\u00e9j\u00e0 s\u00e9lectionn\u00e9 en 2020 peut soumettre un nouveau film pour 2021.&nbsp;<\/p>\n<p style=\"text-align: justify;\">En cas de questions ou de difficult\u00e9s, n'h\u00e9sitez pas \u00e0 <a href=\"http:\/\/toutcourtfestival.fr\/index.php\/contacts-et-pratique\/\">nous contacter.<\/a><\/p>\n<\/div>\n<\/div><\/div><\/div><div id=\"pgc-8170-1-2\"  class=\"panel-grid-cell panel-grid-cell-mobile-last\" ><div id=\"panel-8170-1-2-0\" class=\"so-panel widget widget_sow-editor panel-first-child panel-last-child\" data-index=\"2\" ><div\n\t\t\t\n\t\t\tclass=\"so-widget-sow-editor so-widget-sow-editor-base\"\n\t\t\t\n\t\t>\n<div class=\"siteorigin-widget-tinymce textwidget\">\n\t<h1 style=\"text-align: justify;\"><img data-recalc-dims=\"1\" loading=\"lazy\" decoding=\"async\" class=\"alignnone wp-image-1402 size-full\" src=\"https:\/\/i0.wp.com\/toutcourtfestival.fr\/wp-content\/uploads\/2017\/03\/ToutCourt-logo-rouge-FOND-BLANC.png?resize=1352%2C988\" alt=\"\" width=\"1352\" height=\"988\" srcset=\"https:\/\/i0.wp.com\/toutcourtfestival.fr\/wp-content\/uploads\/2017\/03\/ToutCourt-logo-rouge-FOND-BLANC.png?w=1352&amp;ssl=1 1352w, https:\/\/i0.wp.com\/toutcourtfestival.fr\/wp-content\/uploads\/2017\/03\/ToutCourt-logo-rouge-FOND-BLANC.png?resize=300%2C219&amp;ssl=1 300w, https:\/\/i0.wp.com\/toutcourtfestival.fr\/wp-content\/uploads\/2017\/03\/ToutCourt-logo-rouge-FOND-BLANC.png?resize=768%2C561&amp;ssl=1 768w, https:\/\/i0.wp.com\/toutcourtfestival.fr\/wp-content\/uploads\/2017\/03\/ToutCourt-logo-rouge-FOND-BLANC.png?resize=1024%2C748&amp;ssl=1 1024w\" sizes=\"auto, (max-width: 1352px) 100vw, 1352px\" \/><\/h1>\n<p>\u00a0<\/p>\n<\/div>\n<\/div><\/div><\/div><div id=\"pgc-8170-1-3\"  class=\"panel-grid-cell panel-grid-cell-empty\" ><\/div><\/div><\/div><div id=\"pg-8170-2\"  class=\"panel-grid panel-no-style\" ><div id=\"pgc-8170-2-0\"  class=\"panel-grid-cell panel-grid-cell-empty\" ><\/div><div id=\"pgc-8170-2-1\"  class=\"panel-grid-cell\" ><div id=\"panel-8170-2-1-0\" class=\"so-panel widget widget_sow-image panel-first-child\" data-index=\"3\" ><div\n\t\t\t\n\t\t\tclass=\"so-widget-sow-image so-widget-sow-image-default-8b5b6f678277-8170\"\n\t\t\t\n\t\t>\n<div class=\"sow-image-container\">\n\t\t<img \n\tsrc=\"https:\/\/i0.wp.com\/toutcourtfestival.fr\/wp-content\/uploads\/2018\/10\/gg.jpg?fit=768%2C432&amp;ssl=1\" width=\"768\" height=\"432\" srcset=\"https:\/\/i0.wp.com\/toutcourtfestival.fr\/wp-content\/uploads\/2018\/10\/gg.jpg?w=1920&amp;ssl=1 1920w, https:\/\/i0.wp.com\/toutcourtfestival.fr\/wp-content\/uploads\/2018\/10\/gg.jpg?resize=300%2C169&amp;ssl=1 300w, https:\/\/i0.wp.com\/toutcourtfestival.fr\/wp-content\/uploads\/2018\/10\/gg.jpg?resize=768%2C432&amp;ssl=1 768w, https:\/\/i0.wp.com\/toutcourtfestival.fr\/wp-content\/uploads\/2018\/10\/gg.jpg?resize=1024%2C576&amp;ssl=1 1024w\" alt=\"\" \t\tclass=\"so-widget-image\"\/>\n\t<\/div>\n\n<\/div><\/div><div id=\"panel-8170-2-1-1\" class=\"so-panel widget widget_sow-editor panel-last-child\" data-index=\"4\" ><div\n\t\t\t\n\t\t\tclass=\"so-widget-sow-editor so-widget-sow-editor-base\"\n\t\t\t\n\t\t>\n<div class=\"siteorigin-widget-tinymce textwidget\">\n\t<h1 style=\"text-align: justify;\">Section principale<\/h1>\n<hr \/>\n<p style=\"text-align: justify;\"><span style=\"font-size: 12pt;\"><span style=\"text-decoration: underline;\">Crit\u00e8res<\/span> :<\/span><\/p>\n<ul style=\"text-align: justify;\">\n<li><span style=\"font-size: 12pt;\">Fiction<\/span><\/li>\n<li><span style=\"font-size: 12pt;\">Dur\u00e9e maximale 15 minutes (hors g\u00e9n\u00e9rique)<\/span><\/li>\n<li><span style=\"font-size: 12pt;\">Tout public<\/span><\/li>\n<li><span style=\"font-size: 12pt;\">Sous-titres fran\u00e7ais pour les films non francophones.<\/span><\/li>\n<\/ul>\n<p style=\"text-align: justify;\"><span style=\"font-size: 12pt;\">Les films d\u2019animation sont accept\u00e9s tout comme les prises de vues r\u00e9elles, aucun genre n\u2019est impos\u00e9.<\/span><\/p>\n<p style=\"text-align: justify;\"><span style=\"font-size: 12pt;\">Cette section fera l'objet de plusieurs s\u00e9lections: une&nbsp;comp\u00e9tition officielle d\u00e9partag\u00e9e par trois jurys (jury pro, jury lyc\u00e9en et jury de la ville de Gisors) ainsi que des s\u00e9lections parall\u00e8les dont les films concourront tous pour le prix du public du festival.&nbsp;<\/span><\/p>\n<p style=\"text-align: justify;\"><span style=\"font-size: 12pt;\">Les prix et dotations (lots) seront communiqu\u00e9s ult\u00e9rieurement.&nbsp;<\/span><\/p>\n<p style=\"text-align: justify;\"><span style=\"font-size: 12pt;\">Un film d\u00e9j\u00e0 inscrit un pr\u00e9c\u00e9dente ann\u00e9e peut retenter sa chance s'il n'a jamais \u00e9t\u00e9 s\u00e9lectionn\u00e9.<\/span><\/p>\n<p style=\"text-align: justify;\"><span style=\"font-size: 12pt;\"><strong>Inscription uniquement depuis&nbsp;<a href=\"http:\/\/www.filmfestplatform.com\/\" target=\"_blank\" rel=\"noopener noreferrer\">Filmfestplatform.com<\/a>.&nbsp;<\/strong><\/span><\/p>\n<p style=\"text-align: justify;\"><span style=\"font-size: 12pt;\">Mode d'emploi:<\/span><\/p>\n<ol>\n<li style=\"text-align: justify;\"><span style=\"font-size: 12pt;\">Allez sur&nbsp;<a href=\"http:\/\/www.filmfestplatform.com\/\" target=\"_blank\" rel=\"noopener noreferrer\">Filmfestplatform.com<\/a>.<\/span><\/li>\n<li style=\"text-align: justify;\"><span style=\"font-size: 12pt;\">Cr\u00e9ez un compte (gratuit) \u00ab R\u00e9alisateur ou producteur \u00bb<\/span><\/li>\n<li style=\"text-align: justify;\"><span style=\"font-size: 12pt;\">Inscrivez-y votre film en suivant les instructions fournies par la plate-forme.<\/span><\/li>\n<li style=\"text-align: justify;\"><span style=\"font-size: 12pt;\">Allez dans la section \u00ab Festival \u00bb, trouvez \u00ab Tout Court ! \u00bb et cliquez sur \u00ab Postulez ! \u00bb puis suivez les instructions. Note: la plateforme demande une participation de 2 euros par festival o\u00f9 vous vous inscrivez.<\/span><\/li>\n<\/ol>\n<\/div>\n<\/div><\/div><\/div><div id=\"pgc-8170-2-2\"  class=\"panel-grid-cell panel-grid-cell-mobile-last\" ><div id=\"panel-8170-2-2-0\" class=\"so-panel widget widget_sow-image panel-first-child\" data-index=\"5\" ><div\n\t\t\t\n\t\t\tclass=\"so-widget-sow-image so-widget-sow-image-default-8b5b6f678277-8170\"\n\t\t\t\n\t\t>\n<div class=\"sow-image-container\">\n\t\t\t<a href=\"https:\/\/toutcourtfestival.fr\/index.php\/appel-a-films-2020\/appel-a-film-section-amateur\/\"\n\t\t\t\t\t>\n\t\t\t<img \n\tsrc=\"https:\/\/i0.wp.com\/toutcourtfestival.fr\/wp-content\/uploads\/2019\/09\/cap-n-t-2015-09-24-23h43m13s38.png?fit=698%2C396&amp;ssl=1\" width=\"698\" height=\"396\" srcset=\"https:\/\/i0.wp.com\/toutcourtfestival.fr\/wp-content\/uploads\/2019\/09\/cap-n-t-2015-09-24-23h43m13s38.png?w=698&amp;ssl=1 698w, https:\/\/i0.wp.com\/toutcourtfestival.fr\/wp-content\/uploads\/2019\/09\/cap-n-t-2015-09-24-23h43m13s38.png?resize=300%2C170&amp;ssl=1 300w\" alt=\"\" \t\tclass=\"so-widget-image\"\/>\n\t\t\t<\/a><\/div>\n\n<\/div><\/div><div id=\"panel-8170-2-2-1\" class=\"so-panel widget widget_sow-editor panel-last-child\" data-index=\"6\" ><div\n\t\t\t\n\t\t\tclass=\"so-widget-sow-editor so-widget-sow-editor-base\"\n\t\t\t\n\t\t>\n<div class=\"siteorigin-widget-tinymce textwidget\">\n\t<h1 style=\"text-align: center;\">Section Amateur<\/h1>\n<hr \/>\n<p style=\"text-align: justify;\"><span style=\"font-size: 12pt;\"><span style=\"text-decoration: underline;\">Crit\u00e8res<\/span> :<\/span><\/p>\n<ul>\n<li style=\"text-align: justify;\"><span style=\"font-size: 12pt;\">Fiction<\/span><\/li>\n<li style=\"text-align: justify;\"><span style=\"font-size: 12pt;\">Dur\u00e9e maximale 15 minutes (hors g\u00e9n\u00e9rique)<\/span><\/li>\n<li style=\"text-align: justify;\"><span style=\"font-size: 12pt;\">Tout public<\/span><\/li>\n<li style=\"text-align: justify;\"><span style=\"font-size: 12pt;\">Sous-titres fran\u00e7ais pour les films non francophones.<\/span><\/li>\n<li><span style=\"font-size: 12pt;\">Production dans un contexte amateur. Notamment, le film ne doit pas avoir \u00e9t\u00e9 produit par une entreprise de production commerciale, un organisme de production professionnel (GREC, etc\u2026) ou un organisme de formation professionnelle aux m\u00e9tiers du cin\u00e9ma (\u00e9cole, etc\u2026).<\/span><\/li>\n<\/ul>\n<p style=\"text-align: justify;\"><span style=\"font-size: 12pt;\">Les films d\u2019animation sont accept\u00e9s tout comme les prises de vues r\u00e9elles, aucun genre n\u2019est impos\u00e9.<\/span><\/p>\n<p><span style=\"font-size: 12pt;\">Cette section fera l'objet d'une s\u00e9lection en comp\u00e9tition pour le prix du public du festival, plus peut-\u00eatre un \"prix du film amateur\" dont les modalit\u00e9s sont encore \u00e0 d\u00e9finir.&nbsp;<\/span><\/p>\n<p><span style=\"font-size: 12pt;\">Un film d\u00e9j\u00e0 inscrit une pr\u00e9c\u00e9dent ann\u00e9e peut retenter sa chance s'il n'a jamais \u00e9t\u00e9 s\u00e9lectionn\u00e9.&nbsp;<\/span><\/p>\n<p><span style=\"font-size: 12pt;\"><strong>Inscription depuis&nbsp;<a href=\"http:\/\/www.filmfestplatform.com\/\" target=\"_blank\" rel=\"noopener noreferrer\">Filmfestplatform.com :<\/a><\/strong><\/span><\/p>\n<ol>\n<li><span style=\"font-size: 12pt;\">Allez sur&nbsp;<a href=\"http:\/\/www.filmfestplatform.com\/\" target=\"_blank\" rel=\"noopener noreferrer\">Filmfestplatform.com<\/a>.<\/span><\/li>\n<li><span style=\"font-size: 12pt;\">Cr\u00e9ez un compte (gratuit) \u00ab R\u00e9alisateur ou producteur \u00bb<\/span><\/li>\n<li><span style=\"font-size: 12pt;\">Inscrivez-y votre film en suivant les instructions fournies par la plate-forme.<\/span><\/li>\n<li><span style=\"font-size: 12pt;\">Allez dans la section \u00ab Festival \u00bb, trouvez \u00ab Tout Court ! \u00bb et cliquez sur \u00ab Postulez ! \u00bb puis suivez les instructions. Note: la plateforme demande une participation de 2 euros par festival o\u00f9 vous vous inscrivez.<\/span><\/li>\n<\/ol>\n<p><span style=\"font-size: 12pt;\"><strong>Alternativement: <a href=\"https:\/\/toutcourtfestival.fr\/index.php\/appel-a-films-2021\/appel-a-film-section-amateur\/\">inscription par formulaire<\/a>.<\/strong><\/span><\/p>\n<\/div>\n<\/div><\/div><\/div><div id=\"pgc-8170-2-3\"  class=\"panel-grid-cell panel-grid-cell-empty\" ><\/div><\/div><div id=\"pg-8170-3\"  class=\"panel-grid panel-no-style\" ><div id=\"pgc-8170-3-0\"  class=\"panel-grid-cell\" ><div id=\"panel-8170-3-0-0\" class=\"so-panel widget widget_text panel-first-child panel-last-child\" data-index=\"7\" >\t\t\t<div class=\"textwidget\"><style>.entry-title {display:none;}<\/style> <\/div>\n\t\t<\/div><\/div><\/div><\/div>","protected":false},"excerpt":{"rendered":"<p>Tout Court ! &#8211; appel \u00e0 films 2021 Edition du 8 au 11 juillet 2021 <\/p>\n<p style=\"text-align: justify;\">Pour inscrire un film, choisissez une section ci-dessous. Les modalit\u00e9s sont indiqu\u00e9s en bas de page. Attention: vous ne pouvez inscrire votre film qu&#8217;\u00e0 une seule section!<\/p>\n<p style=\"text-align: justify;\">Date limite d&#8217;inscription:<strong> dimanche 3 janvier 2021<\/strong>&nbsp;\u00e0 minuit<\/p>\n<p &hellip; <\/p>\n<p><a class=\"more-link btn\" href=\"https:\/\/toutcourtfestival.fr\/index.php\/appel-a-films-2021\/\">Continue reading<\/a><\/p>\n","protected":false},"author":1,"featured_media":0,"parent":0,"menu_order":0,"comment_status":"closed","ping_status":"closed","template":"","meta":{"ngg_post_thumbnail":0,"jetpack_post_was_ever_published":false,"footnotes":""},"class_list":["post-8170","page","type-page","status-publish","hentry","nodate","item-wrap"],"jetpack_sharing_enabled":true,"jetpack_shortlink":"https:\/\/wp.me\/P8k6iw-27M","jetpack_likes_enabled":true,"_links":{"self":[{"href":"https:\/\/toutcourtfestival.fr\/index.php\/wp-json\/wp\/v2\/pages\/8170","targetHints":{"allow":["GET"]}}],"collection":[{"href":"https:\/\/toutcourtfestival.fr\/index.php\/wp-json\/wp\/v2\/pages"}],"about":[{"href":"https:\/\/toutcourtfestival.fr\/index.php\/wp-json\/wp\/v2\/types\/page"}],"author":[{"embeddable":true,"href":"https:\/\/toutcourtfestival.fr\/index.php\/wp-json\/wp\/v2\/users\/1"}],"replies":[{"embeddable":true,"href":"https:\/\/toutcourtfestival.fr\/index.php\/wp-json\/wp\/v2\/comments?post=8170"}],"version-history":[{"count":0,"href":"https:\/\/toutcourtfestival.fr\/index.php\/wp-json\/wp\/v2\/pages\/8170\/revisions"}],"wp:attachment":[{"href":"https:\/\/toutcourtfestival.fr\/index.php\/wp-json\/wp\/v2\/media?parent=8170"}],"curies":[{"name":"wp","href":"https:\/\/api.w.org\/{rel}","templated":true}]}}