{"id":8256,"date":"2020-09-05T00:14:14","date_gmt":"2020-09-04T22:14:14","guid":{"rendered":"https:\/\/toutcourtfestival.fr\/?page_id=8256"},"modified":"2020-09-05T00:21:38","modified_gmt":"2020-09-04T22:21:38","slug":"scenario_lab","status":"publish","type":"page","link":"https:\/\/toutcourtfestival.fr\/index.php\/scenario_lab\/","title":{"rendered":"Sc\u00e9nario Lab"},"content":{"rendered":"<div id=\"pl-8256\"  class=\"panel-layout\" ><div id=\"pg-8256-0\"  class=\"panel-grid panel-no-style\" ><div id=\"pgc-8256-0-0\"  class=\"panel-grid-cell\" ><div id=\"panel-8256-0-0-0\" class=\"so-panel widget widget_sow-headline panel-first-child panel-last-child\" data-index=\"0\" ><div\n\t\t\t\n\t\t\tclass=\"so-widget-sow-headline so-widget-sow-headline-default-5b1417cc5f9f-8256\"\n\t\t\t\n\t\t><div class=\"sow-headline-container \">\n\t\t\t\t\t\t\t<h1 class=\"sow-headline\">\n\t\t\t\t\t\tSc\u00e9nario Lab\t\t\t\t\t\t<\/h1>\n\t\t\t\t\t\t\t\t\t\t\t<div class=\"decoration\">\n\t\t\t\t\t\t<div class=\"decoration-inside\"><\/div>\n\t\t\t\t\t<\/div>\n\t\t\t\t\t<\/div>\n<\/div><\/div><\/div><\/div><div id=\"pg-8256-1\"  class=\"panel-grid panel-no-style\" ><div id=\"pgc-8256-1-0\"  class=\"panel-grid-cell panel-grid-cell-empty\" ><\/div><div id=\"pgc-8256-1-1\"  class=\"panel-grid-cell panel-grid-cell-mobile-last\" ><div id=\"panel-8256-1-1-0\" class=\"so-panel widget widget_sow-editor panel-first-child panel-last-child\" data-index=\"1\" ><div\n\t\t\t\n\t\t\tclass=\"so-widget-sow-editor so-widget-sow-editor-base\"\n\t\t\t\n\t\t>\n<div class=\"siteorigin-widget-tinymce textwidget\">\n\t<div dir=\"auto\" style=\"text-align: justify;\">Le <strong>Scenario Lab<\/strong>&nbsp; est ouvert aux adultes (+ de 16 ans) ayant un projet de film en cours d\u2019\u00e9criture, quel que soit son \u00e9tat d\u2019avancement. L\u2019atelier prend la forme d\u2019un accompagnement \u00e0 l\u2019\u00e9criture jusqu\u2019\u00e0 l\u2019\u00e9tape du dossier artistique, et d\u2019\u00e9changes entre participants. Il est anim\u00e9 par le sc\u00e9nariste et r\u00e9alisateur Dominique Choisy.&nbsp;<\/div>\n<div dir=\"auto\">\n<div dir=\"auto\" style=\"text-align: justify;\">&nbsp;<\/div>\n<div dir=\"auto\" style=\"text-align: justify;\"><a href=\"https:\/\/toutcourtfestival.fr\/index.php\/contacts-et-pratique\/\">=&gt; Nous contacter pour les d\u00e9tails.<\/a><\/div>\n<div class=\"o9v6fnle cxmmr5t8 oygrvhab hcukyx3x c1et5uql ii04i59q\" style=\"text-align: justify;\">\n<div dir=\"auto\">&nbsp;<\/div>\n<\/div>\n<div dir=\"auto\" style=\"text-align: justify;\"><a href=\"https:\/\/i0.wp.com\/toutcourtfestival.fr\/wp-content\/uploads\/2020\/09\/Scenario-Lab.png?ssl=1\"><img data-recalc-dims=\"1\" loading=\"lazy\" decoding=\"async\" class=\"alignnone size-large wp-image-8251\" src=\"https:\/\/i0.wp.com\/toutcourtfestival.fr\/wp-content\/uploads\/2020\/09\/Scenario-Lab.png?resize=727%2C1024&#038;ssl=1\" alt=\"\" width=\"727\" height=\"1024\" srcset=\"https:\/\/i0.wp.com\/toutcourtfestival.fr\/wp-content\/uploads\/2020\/09\/Scenario-Lab.png?resize=727%2C1024&amp;ssl=1 727w, https:\/\/i0.wp.com\/toutcourtfestival.fr\/wp-content\/uploads\/2020\/09\/Scenario-Lab.png?resize=213%2C300&amp;ssl=1 213w, https:\/\/i0.wp.com\/toutcourtfestival.fr\/wp-content\/uploads\/2020\/09\/Scenario-Lab.png?resize=768%2C1081&amp;ssl=1 768w, https:\/\/i0.wp.com\/toutcourtfestival.fr\/wp-content\/uploads\/2020\/09\/Scenario-Lab.png?resize=1091%2C1536&amp;ssl=1 1091w, https:\/\/i0.wp.com\/toutcourtfestival.fr\/wp-content\/uploads\/2020\/09\/Scenario-Lab.png?resize=1454%2C2048&amp;ssl=1 1454w, https:\/\/i0.wp.com\/toutcourtfestival.fr\/wp-content\/uploads\/2020\/09\/Scenario-Lab.png?w=1796&amp;ssl=1 1796w\" sizes=\"auto, (max-width: 727px) 100vw, 727px\" \/><\/a><\/div>\n<\/div>\n<\/div>\n<\/div><\/div><\/div><div id=\"pgc-8256-1-2\"  class=\"panel-grid-cell panel-grid-cell-empty\" ><\/div><\/div><div id=\"pg-8256-2\"  class=\"panel-grid panel-no-style\" ><div id=\"pgc-8256-2-0\"  class=\"panel-grid-cell\" ><div id=\"panel-8256-2-0-0\" class=\"so-panel widget widget_text panel-first-child panel-last-child\" data-index=\"2\" >\t\t\t<div class=\"textwidget\"><style>.entry-title {display:none;}<\/style> <\/div>\n\t\t<\/div><\/div><\/div><\/div>","protected":false},"excerpt":{"rendered":"<p>Sc\u00e9nario Lab Le <strong>Scenario Lab<\/strong>&nbsp; est ouvert aux adultes (+ de 16 ans) ayant un projet de film en cours d\u2019\u00e9criture, quel que soit son \u00e9tat d\u2019avancement. L\u2019atelier prend la forme d\u2019un accompagnement \u00e0 l\u2019\u00e9criture jusqu\u2019\u00e0 l\u2019\u00e9tape du dossier artistique, et d\u2019\u00e9changes entre participants. Il est anim\u00e9 par le sc\u00e9nariste et r\u00e9alisateur Dominique Choisy.&nbsp; &nbsp; &hellip; <\/p>\n<p><a class=\"more-link btn\" href=\"https:\/\/toutcourtfestival.fr\/index.php\/scenario_lab\/\">Continue reading<\/a><\/p>\n","protected":false},"author":1,"featured_media":8251,"parent":0,"menu_order":0,"comment_status":"closed","ping_status":"closed","template":"","meta":{"ngg_post_thumbnail":0,"jetpack_post_was_ever_published":false,"footnotes":""},"class_list":["post-8256","page","type-page","status-publish","has-post-thumbnail","hentry","nodate","item-wrap"],"jetpack_sharing_enabled":true,"jetpack_shortlink":"https:\/\/wp.me\/P8k6iw-29a","jetpack_likes_enabled":true,"_links":{"self":[{"href":"https:\/\/toutcourtfestival.fr\/index.php\/wp-json\/wp\/v2\/pages\/8256","targetHints":{"allow":["GET"]}}],"collection":[{"href":"https:\/\/toutcourtfestival.fr\/index.php\/wp-json\/wp\/v2\/pages"}],"about":[{"href":"https:\/\/toutcourtfestival.fr\/index.php\/wp-json\/wp\/v2\/types\/page"}],"author":[{"embeddable":true,"href":"https:\/\/toutcourtfestival.fr\/index.php\/wp-json\/wp\/v2\/users\/1"}],"replies":[{"embeddable":true,"href":"https:\/\/toutcourtfestival.fr\/index.php\/wp-json\/wp\/v2\/comments?post=8256"}],"version-history":[{"count":0,"href":"https:\/\/toutcourtfestival.fr\/index.php\/wp-json\/wp\/v2\/pages\/8256\/revisions"}],"wp:featuredmedia":[{"embeddable":true,"href":"https:\/\/toutcourtfestival.fr\/index.php\/wp-json\/wp\/v2\/media\/8251"}],"wp:attachment":[{"href":"https:\/\/toutcourtfestival.fr\/index.php\/wp-json\/wp\/v2\/media?parent=8256"}],"curies":[{"name":"wp","href":"https:\/\/api.w.org\/{rel}","templated":true}]}}