{"id":8531,"date":"2023-02-20T01:11:37","date_gmt":"2023-02-20T00:11:37","guid":{"rendered":"https:\/\/toutcourtfestival.fr\/?page_id=8531"},"modified":"2023-02-20T23:44:57","modified_gmt":"2023-02-20T22:44:57","slug":"selections-2023-selection-competition-n1","status":"publish","type":"page","link":"https:\/\/toutcourtfestival.fr\/index.php\/selections-2023\/selections-2023-selection-competition-n1\/","title":{"rendered":"S\u00e9lections 2023 &#8211; S\u00e9lection comp\u00e9tition n\u00b01"},"content":{"rendered":"<div id=\"pl-8531\"  class=\"panel-layout\" ><div id=\"pg-8531-0\"  class=\"panel-grid panel-no-style\" ><div id=\"pgc-8531-0-0\"  class=\"panel-grid-cell\" ><div id=\"panel-8531-0-0-0\" class=\"so-panel widget widget_sow-headline panel-first-child panel-last-child\" data-index=\"0\" ><div\n\t\t\t\n\t\t\tclass=\"so-widget-sow-headline so-widget-sow-headline-default-88db78fa6322-8531\"\n\t\t\t\n\t\t><div class=\"sow-headline-container \">\n\t\t\t\t\t\t\t<h1 class=\"sow-headline\">\n\t\t\t\t\t\tS\u00e9lection comp\u00e9tition n\u00b01\t\t\t\t\t\t<\/h1>\n\t\t\t\t\t\t\t\t\t\t\t<div class=\"decoration\">\n\t\t\t\t\t\t<div class=\"decoration-inside\"><\/div>\n\t\t\t\t\t<\/div>\n\t\t\t\t\t\t\t\t\t\t\t<h3 class=\"sow-sub-headline\">\n\t\t\t\t\t\tS\u00e9lections comp\u00e9tition\t\t\t\t\t\t<\/h3>\n\t\t\t\t\t\t<\/div>\n<\/div><\/div><\/div><\/div><div id=\"pg-8531-1\"  class=\"panel-grid panel-no-style\" ><div id=\"pgc-8531-1-0\"  class=\"panel-grid-cell panel-grid-cell-empty\" ><\/div><div id=\"pgc-8531-1-1\"  class=\"panel-grid-cell panel-grid-cell-mobile-last\" ><div id=\"panel-8531-1-1-0\" class=\"so-panel widget widget_sow-editor panel-first-child panel-last-child\" data-index=\"1\" ><div\n\t\t\t\n\t\t\tclass=\"so-widget-sow-editor so-widget-sow-editor-base\"\n\t\t\t\n\t\t>\n<div class=\"siteorigin-widget-tinymce textwidget\">\n\t<p style=\"text-align: justify;\"><span style=\"font-size: 12pt;\">Premi\u00e8re s\u00e9ance de films s\u00e9lectionn\u00e9s pour la comp\u00e9tition par les ados de l'association Tout Court ! Encadr\u00e9s par leurs a\u00een\u00e9s et les b\u00e9n\u00e9voles, Ils ont fait leur choix parmis une cinquantaine de films pr\u00e9s\u00e9lectionn\u00e9s par les adultes de l'association. <\/span><span style=\"font-size: 12pt;\">Pendant 4 mois, ils ont patiemment regard\u00e9, not\u00e9 et d\u00e9battu des court-m\u00e9trages lors des s\u00e9ances du samedi des Ateliers Cin\u00e9ma du Tout Court ! avant d'arriver peu \u00e0 peu \u00e0 leur s\u00e9lection finale \u00e0 l'issue de trois tables rondes.<\/span><\/p>\n<p style=\"text-align: center;\"><span style=\"font-size: 12pt;\"><em><strong>5 films<\/strong> - Dur\u00e9e 1h19 plus \u00e9change avec les artistes.<\/em><\/span><\/p>\n<p style=\"text-align: center;\"><em>Projection le <strong>samedi 25 mars 2023 <\/strong>\u00e0&nbsp;<strong>15h30<\/strong> \u00e0 la&nbsp;<strong>salle polyvalente de Gisors<\/strong><\/em><\/p>\n<\/div>\n<\/div><\/div><\/div><div id=\"pgc-8531-1-2\"  class=\"panel-grid-cell panel-grid-cell-empty\" ><\/div><\/div><div id=\"pg-8531-2\"  class=\"panel-grid panel-no-style\" ><div id=\"pgc-8531-2-0\"  class=\"panel-grid-cell\" ><div id=\"panel-8531-2-0-0\" class=\"so-panel widget widget_sow-headline panel-first-child panel-last-child\" data-index=\"2\" ><div\n\t\t\t\n\t\t\tclass=\"so-widget-sow-headline so-widget-sow-headline-default-6090f20097d1-8531\"\n\t\t\t\n\t\t><div class=\"sow-headline-container \">\n\t\t\t\t\t\t<div class=\"decoration\">\n\t\t\t\t\t\t<div class=\"decoration-inside\"><\/div>\n\t\t\t\t\t<\/div>\n\t\t\t\t\t<\/div>\n<\/div><\/div><\/div><\/div><div id=\"pg-8531-3\"  class=\"panel-grid panel-has-style\" ><div class=\"panel-row-style panel-row-style-for-8531-3\" ><div id=\"pgc-8531-3-0\"  class=\"panel-grid-cell\" ><div id=\"panel-8531-3-0-0\" class=\"so-panel widget widget_sow-editor panel-first-child\" data-index=\"3\" ><div class=\"panel-widget-style panel-widget-style-for-8531-3-0-0\" ><div\n\t\t\t\n\t\t\tclass=\"so-widget-sow-editor so-widget-sow-editor-base\"\n\t\t\t\n\t\t>\n<div class=\"siteorigin-widget-tinymce textwidget\">\n\t<h1 style=\"text-align: justify;\"><span style=\"color: #e6e6e6;\"><b>Wired Up<br \/>\n<\/b><\/span><\/h1>\n<\/div>\n<\/div><\/div><\/div><div id=\"panel-8531-3-0-1\" class=\"so-panel widget widget_siteorigin-panels-builder panel-last-child\" data-index=\"4\" ><div id=\"pl-w63f2bb49d8caf\"  class=\"panel-layout\" ><div id=\"pg-w63f2bb49d8caf-0\"  class=\"panel-grid panel-no-style\" ><div id=\"pgc-w63f2bb49d8caf-0-0\"  class=\"panel-grid-cell panel-grid-cell-empty\" ><\/div><div id=\"pgc-w63f2bb49d8caf-0-1\"  class=\"panel-grid-cell\" ><div id=\"panel-w63f2bb49d8caf-0-1-0\" class=\"so-panel widget widget_sow-image panel-first-child panel-last-child\" data-index=\"0\" ><div class=\"panel-widget-style panel-widget-style-for-w63f2bb49d8caf-0-1-0\" ><div\n\t\t\t\n\t\t\tclass=\"so-widget-sow-image so-widget-sow-image-default-4e6925654b7a\"\n\t\t\t\n\t\t>\n<div class=\"sow-image-container\">\n\t\t<img \n\tsrc=\"https:\/\/i0.wp.com\/toutcourtfestival.fr\/wp-content\/uploads\/2023\/02\/1.-Wired-Up.mp4_20230220_010844.073-1.jpg?resize=272%2C182&amp;ssl=1\" width=\"272\" height=\"182\" srcset=\"https:\/\/i0.wp.com\/toutcourtfestival.fr\/wp-content\/uploads\/2023\/02\/1.-Wired-Up.mp4_20230220_010844.073-1.jpg?resize=272%2C182&amp;ssl=1 272w, https:\/\/i0.wp.com\/toutcourtfestival.fr\/wp-content\/uploads\/2023\/02\/1.-Wired-Up.mp4_20230220_010844.073-1.jpg?zoom=2&amp;resize=272%2C182&amp;ssl=1 544w, https:\/\/i0.wp.com\/toutcourtfestival.fr\/wp-content\/uploads\/2023\/02\/1.-Wired-Up.mp4_20230220_010844.073-1.jpg?zoom=3&amp;resize=272%2C182&amp;ssl=1 816w\" title=\"1. Wired-Up.mp4_20230220_010844.073\" alt=\"\" \t\tclass=\"so-widget-image\"\/>\n\t<\/div>\n\n<\/div><\/div><\/div><\/div><div id=\"pgc-w63f2bb49d8caf-0-2\"  class=\"panel-grid-cell\" ><div id=\"panel-w63f2bb49d8caf-0-2-0\" class=\"so-panel widget widget_sow-editor panel-first-child panel-last-child\" data-index=\"1\" ><div\n\t\t\t\n\t\t\tclass=\"so-widget-sow-editor so-widget-sow-editor-base\"\n\t\t\t\n\t\t>\n<div class=\"siteorigin-widget-tinymce textwidget\">\n\t<p style=\"text-align: justify;\"><span style=\"font-size: 12pt; color: #e6e6e6;\"><em>Ecole Georges M\u00e9li\u00e8s - Camille Beaug\u00e9 , Rapha\u00ebl Kuder , Sol\u00e8ne Rousseau , Salom\u00e9 Bengold ,  H\u00e9lo\u00efse Fournet , Paul Avril - France - 7\u201930\u201d [Film d'animation]<\/em><\/span><\/p>\n<p style=\"text-align: justify;\"><span style=\"font-size: 12pt; color: #e6e6e6;\">Dans une ville futuriste o\u00f9 un smog permanant r\u00e8gne sur les bas-fonds, une andro\u00efde tueuse au service du gouvernement manque d\u2019\u00e9chouer sa mission lorsqu\u2019elle voit percer \u00e0 travers la brume d\u2019\u00e9tranges rayons qui l\u2019hypnotisent et l\u2019obs\u00e8dent...<br \/>\n<\/span><\/p>\n<p>&nbsp;<\/p>\n<\/div>\n<\/div><\/div><\/div><\/div><\/div><\/div><\/div><\/div><\/div><div id=\"pg-8531-4\"  class=\"panel-grid panel-has-style\" ><div class=\"panel-row-style panel-row-style-for-8531-4\" ><div id=\"pgc-8531-4-0\"  class=\"panel-grid-cell\" ><div id=\"panel-8531-4-0-0\" class=\"so-panel widget widget_sow-editor panel-first-child\" data-index=\"5\" ><div class=\"panel-widget-style panel-widget-style-for-8531-4-0-0\" ><div\n\t\t\t\n\t\t\tclass=\"so-widget-sow-editor so-widget-sow-editor-base\"\n\t\t\t\n\t\t>\n<div class=\"siteorigin-widget-tinymce textwidget\">\n\t<h1 style=\"text-align: justify;\">Les marchands de glace<\/h1>\n<\/div>\n<\/div><\/div><\/div><div id=\"panel-8531-4-0-1\" class=\"so-panel widget widget_siteorigin-panels-builder panel-last-child\" data-index=\"6\" ><div id=\"pl-w63f2bbae80627\"  class=\"panel-layout\" ><div id=\"pg-w63f2bbae80627-0\"  class=\"panel-grid panel-no-style\" ><div id=\"pgc-w63f2bbae80627-0-0\"  class=\"panel-grid-cell panel-grid-cell-empty\" ><\/div><div id=\"pgc-w63f2bbae80627-0-1\"  class=\"panel-grid-cell\" ><div id=\"panel-w63f2bbae80627-0-1-0\" class=\"so-panel widget widget_sow-image panel-first-child panel-last-child\" data-index=\"0\" ><div class=\"panel-widget-style panel-widget-style-for-w63f2bbae80627-0-1-0\" ><div\n\t\t\t\n\t\t\tclass=\"so-widget-sow-image so-widget-sow-image-default-4e6925654b7a\"\n\t\t\t\n\t\t>\n<div class=\"sow-image-container\">\n\t\t<img \n\tsrc=\"https:\/\/i0.wp.com\/toutcourtfestival.fr\/wp-content\/uploads\/2023\/02\/2.ICE-MERCHANTS-by-Joao-Gonzalez-h.265-07_2022.mp4_20230219_225238.297.jpg?resize=272%2C182&amp;ssl=1\" width=\"272\" height=\"182\" srcset=\"https:\/\/i0.wp.com\/toutcourtfestival.fr\/wp-content\/uploads\/2023\/02\/2.ICE-MERCHANTS-by-Joao-Gonzalez-h.265-07_2022.mp4_20230219_225238.297.jpg?resize=272%2C182&amp;ssl=1 272w, https:\/\/i0.wp.com\/toutcourtfestival.fr\/wp-content\/uploads\/2023\/02\/2.ICE-MERCHANTS-by-Joao-Gonzalez-h.265-07_2022.mp4_20230219_225238.297.jpg?zoom=2&amp;resize=272%2C182&amp;ssl=1 544w, https:\/\/i0.wp.com\/toutcourtfestival.fr\/wp-content\/uploads\/2023\/02\/2.ICE-MERCHANTS-by-Joao-Gonzalez-h.265-07_2022.mp4_20230219_225238.297.jpg?zoom=3&amp;resize=272%2C182&amp;ssl=1 816w\" title=\"2.ICE MERCHANTS (by Jo\u00e3o Gonzalez) -h.265 (07_2022).mp4_20230219_225238.297\" alt=\"\" \t\tclass=\"so-widget-image\"\/>\n\t<\/div>\n\n<\/div><\/div><\/div><\/div><div id=\"pgc-w63f2bbae80627-0-2\"  class=\"panel-grid-cell\" ><div id=\"panel-w63f2bbae80627-0-2-0\" class=\"so-panel widget widget_sow-editor panel-first-child panel-last-child\" data-index=\"1\" ><div\n\t\t\t\n\t\t\tclass=\"so-widget-sow-editor so-widget-sow-editor-base\"\n\t\t\t\n\t\t>\n<div class=\"siteorigin-widget-tinymce textwidget\">\n\t<p style=\"text-align: justify;\"><span style=\"font-size: 12pt;\">Conte de Jo\u00e3o Gonzalez - France, Portugal - 14\u2019 [Film d'animation]<\/span><\/p>\n<p style=\"text-align: justify;\"><span style=\"font-size: 12pt;\">Tous les jours, un homme et son fils sautent en parachute de leur maison froide, \u00e0 flan d\u2019une vertigineuse falaise, pour aller au village au sol, loin, o\u00f9 ils vendent la glace qu\u2019ils produisent chaque jour.<\/span><\/p>\n<\/div>\n<\/div><\/div><\/div><\/div><\/div><\/div><\/div><\/div><\/div><div id=\"pg-8531-5\"  class=\"panel-grid panel-has-style\" ><div class=\"panel-row-style panel-row-style-for-8531-5\" ><div id=\"pgc-8531-5-0\"  class=\"panel-grid-cell\" ><div id=\"panel-8531-5-0-0\" class=\"so-panel widget widget_sow-editor panel-first-child\" data-index=\"7\" ><div class=\"panel-widget-style panel-widget-style-for-8531-5-0-0\" ><div\n\t\t\t\n\t\t\tclass=\"so-widget-sow-editor so-widget-sow-editor-base\"\n\t\t\t\n\t\t>\n<div class=\"siteorigin-widget-tinymce textwidget\">\n\t<h1 style=\"text-align: justify;\"><span style=\"color: #e6e6e6;\"><b>Hors jeu<\/b><\/span><b><\/b><\/h1>\n<\/div>\n<\/div><\/div><\/div><div id=\"panel-8531-5-0-1\" class=\"so-panel widget widget_siteorigin-panels-builder panel-last-child\" data-index=\"8\" ><div id=\"pl-w63f2bc7c1bec3\"  class=\"panel-layout\" ><div id=\"pg-w63f2bc7c1bec3-0\"  class=\"panel-grid panel-no-style\" ><div id=\"pgc-w63f2bc7c1bec3-0-0\"  class=\"panel-grid-cell panel-grid-cell-empty\" ><\/div><div id=\"pgc-w63f2bc7c1bec3-0-1\"  class=\"panel-grid-cell\" ><div id=\"panel-w63f2bc7c1bec3-0-1-0\" class=\"so-panel widget widget_sow-image panel-first-child panel-last-child\" data-index=\"0\" ><div class=\"panel-widget-style panel-widget-style-for-w63f2bc7c1bec3-0-1-0\" ><div\n\t\t\t\n\t\t\tclass=\"so-widget-sow-image so-widget-sow-image-default-4e6925654b7a\"\n\t\t\t\n\t\t>\n<div class=\"sow-image-container\">\n\t\t<img \n\tsrc=\"https:\/\/i0.wp.com\/toutcourtfestival.fr\/wp-content\/uploads\/2023\/02\/PHOTO-1.jpg?resize=272%2C182&amp;ssl=1\" width=\"272\" height=\"182\" srcset=\"https:\/\/i0.wp.com\/toutcourtfestival.fr\/wp-content\/uploads\/2023\/02\/PHOTO-1.jpg?resize=272%2C182&amp;ssl=1 272w, https:\/\/i0.wp.com\/toutcourtfestival.fr\/wp-content\/uploads\/2023\/02\/PHOTO-1.jpg?zoom=2&amp;resize=272%2C182&amp;ssl=1 544w, https:\/\/i0.wp.com\/toutcourtfestival.fr\/wp-content\/uploads\/2023\/02\/PHOTO-1.jpg?zoom=3&amp;resize=272%2C182&amp;ssl=1 816w\" title=\"PHOTO 1\" alt=\"\" \t\tclass=\"so-widget-image\"\/>\n\t<\/div>\n\n<\/div><\/div><\/div><\/div><div id=\"pgc-w63f2bc7c1bec3-0-2\"  class=\"panel-grid-cell\" ><div id=\"panel-w63f2bc7c1bec3-0-2-0\" class=\"so-panel widget widget_sow-editor panel-first-child panel-last-child\" data-index=\"1\" ><div\n\t\t\t\n\t\t\tclass=\"so-widget-sow-editor so-widget-sow-editor-base\"\n\t\t\t\n\t\t>\n<div class=\"siteorigin-widget-tinymce textwidget\">\n\t<p style=\"text-align: justify;\"><span style=\"font-size: 12pt; color: #e6e6e6;\"><em>Drame de Sophie Martin - France - 21\u201937\u201d<br \/>\n<\/em><\/span><\/p>\n<p style=\"text-align: justify;\"><span style=\"font-size: 12pt; color: #e6e6e6;\">Camille, m\u00e8re c\u00e9libataire et aide \u00e0 domicile, essaye tant bien que mal d\u2019\u00e9lever son fils Th\u00e9o, sujet \u00e0 des forts troubles du langage. Oblig\u00e9e de remplacer une coll\u00e8gue, elle est contrainte de s\u2019occuper de Monsieur Conti, un vieil homme taiseux.<\/p>\n<p><\/span><\/p>\n<\/div>\n<\/div><\/div><\/div><\/div><\/div><\/div><\/div><\/div><\/div><div id=\"pg-8531-6\"  class=\"panel-grid panel-has-style\" ><div class=\"panel-row-style panel-row-style-for-8531-6\" ><div id=\"pgc-8531-6-0\"  class=\"panel-grid-cell\" ><div id=\"panel-8531-6-0-0\" class=\"so-panel widget widget_sow-editor panel-first-child\" data-index=\"9\" ><div class=\"panel-widget-style panel-widget-style-for-8531-6-0-0\" ><div\n\t\t\t\n\t\t\tclass=\"so-widget-sow-editor so-widget-sow-editor-base\"\n\t\t\t\n\t\t>\n<div class=\"siteorigin-widget-tinymce textwidget\">\n\t<h1 style=\"text-align: justify;\"><b>Bitume<br \/>\n<\/b><\/h1>\n<\/div>\n<\/div><\/div><\/div><div id=\"panel-8531-6-0-1\" class=\"so-panel widget widget_siteorigin-panels-builder panel-last-child\" data-index=\"10\" ><div id=\"pl-w63f2bce4e4999\"  class=\"panel-layout\" ><div id=\"pg-w63f2bce4e4999-0\"  class=\"panel-grid panel-no-style\" ><div id=\"pgc-w63f2bce4e4999-0-0\"  class=\"panel-grid-cell panel-grid-cell-empty\" ><\/div><div id=\"pgc-w63f2bce4e4999-0-1\"  class=\"panel-grid-cell\" ><div id=\"panel-w63f2bce4e4999-0-1-0\" class=\"so-panel widget widget_sow-image panel-first-child panel-last-child\" data-index=\"0\" ><div class=\"panel-widget-style panel-widget-style-for-w63f2bce4e4999-0-1-0\" ><div\n\t\t\t\n\t\t\tclass=\"so-widget-sow-image so-widget-sow-image-default-4e6925654b7a\"\n\t\t\t\n\t\t>\n<div class=\"sow-image-container\">\n\t\t<img \n\tsrc=\"https:\/\/i0.wp.com\/toutcourtfestival.fr\/wp-content\/uploads\/2023\/02\/4.-Bitume-24.59.mp4_20230219_231525.046-1-e1676845988175.jpg?resize=272%2C182&amp;ssl=1\" width=\"272\" height=\"182\" srcset=\"https:\/\/i0.wp.com\/toutcourtfestival.fr\/wp-content\/uploads\/2023\/02\/4.-Bitume-24.59.mp4_20230219_231525.046-1-e1676845988175.jpg?resize=272%2C182&amp;ssl=1 272w, https:\/\/i0.wp.com\/toutcourtfestival.fr\/wp-content\/uploads\/2023\/02\/4.-Bitume-24.59.mp4_20230219_231525.046-1-e1676845988175.jpg?zoom=2&amp;resize=272%2C182&amp;ssl=1 544w, https:\/\/i0.wp.com\/toutcourtfestival.fr\/wp-content\/uploads\/2023\/02\/4.-Bitume-24.59.mp4_20230219_231525.046-1-e1676845988175.jpg?zoom=3&amp;resize=272%2C182&amp;ssl=1 816w\" title=\"4. Bitume &#8211; 24.59.mp4_20230219_231525.046\" alt=\"\" \t\tclass=\"so-widget-image\"\/>\n\t<\/div>\n\n<\/div><\/div><\/div><\/div><div id=\"pgc-w63f2bce4e4999-0-2\"  class=\"panel-grid-cell\" ><div id=\"panel-w63f2bce4e4999-0-2-0\" class=\"so-panel widget widget_sow-editor panel-first-child panel-last-child\" data-index=\"1\" ><div\n\t\t\t\n\t\t\tclass=\"so-widget-sow-editor so-widget-sow-editor-base\"\n\t\t\t\n\t\t>\n<div class=\"siteorigin-widget-tinymce textwidget\">\n\t<p style=\"text-align: justify;\"><span style=\"font-size: 12pt;\"><em>Drame de L\u00e9o Blandino - France - 24\u201959\u201d<br \/>\n<\/em><\/span><\/p>\n<p style=\"text-align: justify;\"><span style=\"font-size: 12pt;\">Alors qu\u2019il est contraint de reprendre le volant pour assurer un transport urgent vers l\u2019Angleterre malgr\u00e9 les dangers de sa fatigue, Merlin, un chauffeur routier, va \u00eatre touch\u00e9 par des ph\u00e9nom\u00e8nes paranormaux.<\/p>\n<p><\/span><\/p>\n<\/div>\n<\/div><\/div><\/div><\/div><\/div><\/div><\/div><\/div><\/div><div id=\"pg-8531-7\"  class=\"panel-grid panel-has-style\" ><div class=\"panel-row-style panel-row-style-for-8531-7\" ><div id=\"pgc-8531-7-0\"  class=\"panel-grid-cell\" ><div id=\"panel-8531-7-0-0\" class=\"so-panel widget widget_sow-editor panel-first-child\" data-index=\"11\" ><div class=\"panel-widget-style panel-widget-style-for-8531-7-0-0\" ><div\n\t\t\t\n\t\t\tclass=\"so-widget-sow-editor so-widget-sow-editor-base\"\n\t\t\t\n\t\t>\n<div class=\"siteorigin-widget-tinymce textwidget\">\n\t<h1 style=\"text-align: justify;\"><span style=\"color: #e6e6e6;\">La maleta<br \/>\n<\/span><\/h1>\n<\/div>\n<\/div><\/div><\/div><div id=\"panel-8531-7-0-1\" class=\"so-panel widget widget_siteorigin-panels-builder panel-last-child\" data-index=\"12\" ><div id=\"pl-w63f2be1ecba29\"  class=\"panel-layout\" ><div id=\"pg-w63f2be1ecba29-0\"  class=\"panel-grid panel-no-style\" ><div id=\"pgc-w63f2be1ecba29-0-0\"  class=\"panel-grid-cell panel-grid-cell-empty\" ><\/div><div id=\"pgc-w63f2be1ecba29-0-1\"  class=\"panel-grid-cell\" ><div id=\"panel-w63f2be1ecba29-0-1-0\" class=\"so-panel widget widget_sow-image panel-first-child panel-last-child\" data-index=\"0\" ><div class=\"panel-widget-style panel-widget-style-for-w63f2be1ecba29-0-1-0\" ><div\n\t\t\t\n\t\t\tclass=\"so-widget-sow-image so-widget-sow-image-default-4e6925654b7a\"\n\t\t\t\n\t\t>\n<div class=\"sow-image-container\">\n\t\t<img \n\tsrc=\"https:\/\/i0.wp.com\/toutcourtfestival.fr\/wp-content\/uploads\/2023\/02\/5.-La-maleta-11.51.mp4_20230219_231737.085-e1679921566806.jpg?resize=272%2C182&amp;ssl=1\" width=\"272\" height=\"182\" srcset=\"https:\/\/i0.wp.com\/toutcourtfestival.fr\/wp-content\/uploads\/2023\/02\/5.-La-maleta-11.51.mp4_20230219_231737.085-e1679921566806.jpg?resize=272%2C182&amp;ssl=1 272w, https:\/\/i0.wp.com\/toutcourtfestival.fr\/wp-content\/uploads\/2023\/02\/5.-La-maleta-11.51.mp4_20230219_231737.085-e1679921566806.jpg?zoom=2&amp;resize=272%2C182&amp;ssl=1 544w, https:\/\/i0.wp.com\/toutcourtfestival.fr\/wp-content\/uploads\/2023\/02\/5.-La-maleta-11.51.mp4_20230219_231737.085-e1679921566806.jpg?zoom=3&amp;resize=272%2C182&amp;ssl=1 816w\" title=\"5. La maleta &#8211; 11.51.mp4_20230219_231737.085\" alt=\"\" \t\tclass=\"so-widget-image\"\/>\n\t<\/div>\n\n<\/div><\/div><\/div><\/div><div id=\"pgc-w63f2be1ecba29-0-2\"  class=\"panel-grid-cell\" ><div id=\"panel-w63f2be1ecba29-0-2-0\" class=\"so-panel widget widget_sow-editor panel-first-child panel-last-child\" data-index=\"1\" ><div\n\t\t\t\n\t\t\tclass=\"so-widget-sow-editor so-widget-sow-editor-base\"\n\t\t\t\n\t\t>\n<div class=\"siteorigin-widget-tinymce textwidget\">\n\t<p style=\"text-align: justify;\"><span style=\"font-size: 12pt; color: #e6e6e6;\"><em>Com\u00e9die de Olivier Riche, David Merlin-Dufey - France - 11\u201951\u201d<br \/>\n<\/em><\/span><\/p>\n<p style=\"text-align: justify;\"><span style=\"font-size: 12pt; color: #e6e6e6;\">Georges et Fernand r\u00eavent de gagner beaucoup d\u2019argent en grattant de nombreux tickets du jeu La Maleta, des tickets vol\u00e9s...<br \/>\n<\/span><\/p>\n<\/div>\n<\/div><\/div><\/div><\/div><\/div><\/div><\/div><\/div><\/div><div id=\"pg-8531-8\"  class=\"panel-grid panel-no-style\" ><div id=\"pgc-8531-8-0\"  class=\"panel-grid-cell\" ><div id=\"panel-8531-8-0-0\" class=\"so-panel widget widget_text panel-first-child panel-last-child\" data-index=\"13\" >\t\t\t<div class=\"textwidget\"><style>.entry-title {display:none;}<\/style> <\/div>\n\t\t<\/div><\/div><\/div><\/div>","protected":false},"excerpt":{"rendered":"<p>S\u00e9lection comp\u00e9tition n\u00b01 S\u00e9lections comp\u00e9tition <\/p>\n<p style=\"text-align: justify;\">Premi\u00e8re s\u00e9ance de films s\u00e9lectionn\u00e9s pour la comp\u00e9tition par les ados de l&#8217;association Tout Court ! Encadr\u00e9s par leurs a\u00een\u00e9s et les b\u00e9n\u00e9voles, Ils ont fait leur choix parmis une cinquantaine de films pr\u00e9s\u00e9lectionn\u00e9s par les adultes de l&#8217;association. Pendant 4 mois, ils ont patiemment regard\u00e9, not\u00e9 et &hellip; <\/p>\n<p><a class=\"more-link btn\" href=\"https:\/\/toutcourtfestival.fr\/index.php\/selections-2023\/selections-2023-selection-competition-n1\/\">Continue reading<\/a><\/p>\n","protected":false},"author":1,"featured_media":8457,"parent":8395,"menu_order":0,"comment_status":"closed","ping_status":"closed","template":"","meta":{"ngg_post_thumbnail":0,"jetpack_post_was_ever_published":false,"footnotes":""},"class_list":["post-8531","page","type-page","status-publish","has-post-thumbnail","hentry","nodate","item-wrap"],"jetpack_sharing_enabled":true,"jetpack_shortlink":"https:\/\/wp.me\/P8k6iw-2dB","jetpack_likes_enabled":true,"_links":{"self":[{"href":"https:\/\/toutcourtfestival.fr\/index.php\/wp-json\/wp\/v2\/pages\/8531","targetHints":{"allow":["GET"]}}],"collection":[{"href":"https:\/\/toutcourtfestival.fr\/index.php\/wp-json\/wp\/v2\/pages"}],"about":[{"href":"https:\/\/toutcourtfestival.fr\/index.php\/wp-json\/wp\/v2\/types\/page"}],"author":[{"embeddable":true,"href":"https:\/\/toutcourtfestival.fr\/index.php\/wp-json\/wp\/v2\/users\/1"}],"replies":[{"embeddable":true,"href":"https:\/\/toutcourtfestival.fr\/index.php\/wp-json\/wp\/v2\/comments?post=8531"}],"version-history":[{"count":0,"href":"https:\/\/toutcourtfestival.fr\/index.php\/wp-json\/wp\/v2\/pages\/8531\/revisions"}],"up":[{"embeddable":true,"href":"https:\/\/toutcourtfestival.fr\/index.php\/wp-json\/wp\/v2\/pages\/8395"}],"wp:featuredmedia":[{"embeddable":true,"href":"https:\/\/toutcourtfestival.fr\/index.php\/wp-json\/wp\/v2\/media\/8457"}],"wp:attachment":[{"href":"https:\/\/toutcourtfestival.fr\/index.php\/wp-json\/wp\/v2\/media?parent=8531"}],"curies":[{"name":"wp","href":"https:\/\/api.w.org\/{rel}","templated":true}]}}