{"id":8657,"date":"2023-02-20T02:48:55","date_gmt":"2023-02-20T01:48:55","guid":{"rendered":"https:\/\/toutcourtfestival.fr\/?page_id=8657"},"modified":"2023-02-23T22:19:58","modified_gmt":"2023-02-23T21:19:58","slug":"selections-2023-selection-des-encadrants","status":"publish","type":"page","link":"https:\/\/toutcourtfestival.fr\/index.php\/selections-2023\/selections-2023-selection-des-encadrants\/","title":{"rendered":"S\u00e9lections 2023 &#8211; S\u00e9lection des encadrants"},"content":{"rendered":"<div id=\"pl-8657\"  class=\"panel-layout\" ><div id=\"pg-8657-0\"  class=\"panel-grid panel-no-style\" ><div id=\"pgc-8657-0-0\"  class=\"panel-grid-cell\" ><div id=\"panel-8657-0-0-0\" class=\"so-panel widget widget_sow-headline panel-first-child panel-last-child\" data-index=\"0\" ><div\n\t\t\t\n\t\t\tclass=\"so-widget-sow-headline so-widget-sow-headline-default-a61a51d93230-8657\"\n\t\t\t\n\t\t><div class=\"sow-headline-container \">\n\t\t\t\t\t\t\t<h1 class=\"sow-headline\">\n\t\t\t\t\t\tS\u00e9lection des encadrants\t\t\t\t\t\t<\/h1>\n\t\t\t\t\t\t\t\t\t\t\t<div class=\"decoration\">\n\t\t\t\t\t\t<div class=\"decoration-inside\"><\/div>\n\t\t\t\t\t<\/div>\n\t\t\t\t\t\t\t\t\t\t\t<h3 class=\"sow-sub-headline\">\n\t\t\t\t\t\tS\u00e9lections parall\u00e8les\t\t\t\t\t\t<\/h3>\n\t\t\t\t\t\t<\/div>\n<\/div><\/div><\/div><\/div><div id=\"pg-8657-1\"  class=\"panel-grid panel-no-style\" ><div id=\"pgc-8657-1-0\"  class=\"panel-grid-cell panel-grid-cell-empty\" ><\/div><div id=\"pgc-8657-1-1\"  class=\"panel-grid-cell panel-grid-cell-mobile-last\" ><div id=\"panel-8657-1-1-0\" class=\"so-panel widget widget_sow-editor panel-first-child panel-last-child\" data-index=\"1\" ><div\n\t\t\t\n\t\t\tclass=\"so-widget-sow-editor so-widget-sow-editor-base\"\n\t\t\t\n\t\t>\n<div class=\"siteorigin-widget-tinymce textwidget\">\n\t<p style=\"text-align: justify;\"><span style=\"font-size: 12pt;\">Plusieurs adultes b\u00e9n\u00e9voles du Tout Court ! ont encadr\u00e9 les jeunes du comit\u00e9 de s\u00e9lection. Ils ont visionn\u00e9, v\u00e9rifi\u00e9 et filtr\u00e9 plus de 750 de films avant de montrer aux jeunes une pr\u00e9s\u00e9lection d'une cinquantaine de films. Ils ont \u00e9t\u00e9 touch\u00e9s, \u00e9mus, amus\u00e9s par des \u0153uvres qui ont parfois moins convaincu les jeunes - question d'\u00e2ge, de g\u00e9n\u00e9ration... Ils ont souhait\u00e9 offrir au public du festival une s\u00e9lection hors-comp\u00e9tition des films qui les ont le plus enthousiasm\u00e9s : la s\u00e9lection des encadrants !<\/span><\/p>\n<p style=\"text-align: center;\"><span style=\"font-size: 12pt;\"><em><strong>5 films<\/strong> - Dur\u00e9e 1h15 plus \u00e9changes avec les artistes.<\/em><\/span><\/p>\n<p style=\"text-align: center;\"><em><span style=\"font-size: 12pt;\">Projection le <strong>vendredi 25 mars 2023<\/strong>&nbsp;\u00e0 <strong>19h30<\/strong> en ouverture du festival \u00e0 la <strong>salle polyvalente de Gisors<\/strong><\/span><\/em><\/p>\n<\/div>\n<\/div><\/div><\/div><div id=\"pgc-8657-1-2\"  class=\"panel-grid-cell panel-grid-cell-empty\" ><\/div><\/div><div id=\"pg-8657-2\"  class=\"panel-grid panel-no-style\" ><div id=\"pgc-8657-2-0\"  class=\"panel-grid-cell\" ><div id=\"panel-8657-2-0-0\" class=\"so-panel widget widget_sow-headline panel-first-child panel-last-child\" data-index=\"2\" ><div\n\t\t\t\n\t\t\tclass=\"so-widget-sow-headline so-widget-sow-headline-default-6090f20097d1-8657\"\n\t\t\t\n\t\t><div class=\"sow-headline-container \">\n\t\t\t\t\t\t<div class=\"decoration\">\n\t\t\t\t\t\t<div class=\"decoration-inside\"><\/div>\n\t\t\t\t\t<\/div>\n\t\t\t\t\t<\/div>\n<\/div><\/div><\/div><\/div><div id=\"pg-8657-3\"  class=\"panel-grid panel-has-style\" ><div class=\"panel-row-style panel-row-style-for-8657-3\" ><div id=\"pgc-8657-3-0\"  class=\"panel-grid-cell\" ><div id=\"panel-8657-3-0-0\" class=\"so-panel widget widget_sow-editor panel-first-child\" data-index=\"3\" ><div class=\"panel-widget-style panel-widget-style-for-8657-3-0-0\" ><div\n\t\t\t\n\t\t\tclass=\"so-widget-sow-editor so-widget-sow-editor-base\"\n\t\t\t\n\t\t>\n<div class=\"siteorigin-widget-tinymce textwidget\">\n\t<h1 style=\"text-align: justify;\"><span style=\"color: #e6e6e6;\"><strong>Janvier 66<\/strong><\/span><\/h1>\n<\/div>\n<\/div><\/div><\/div><div id=\"panel-8657-3-0-1\" class=\"so-panel widget widget_siteorigin-panels-builder panel-last-child\" data-index=\"4\" ><div id=\"pl-w63f2d48587b5f\"  class=\"panel-layout\" ><div id=\"pg-w63f2d48587b5f-0\"  class=\"panel-grid panel-no-style\" ><div id=\"pgc-w63f2d48587b5f-0-0\"  class=\"panel-grid-cell panel-grid-cell-empty\" ><\/div><div id=\"pgc-w63f2d48587b5f-0-1\"  class=\"panel-grid-cell\" ><div id=\"panel-w63f2d48587b5f-0-1-0\" class=\"so-panel widget widget_sow-image panel-first-child panel-last-child\" data-index=\"0\" ><div class=\"panel-widget-style panel-widget-style-for-w63f2d48587b5f-0-1-0\" ><div\n\t\t\t\n\t\t\tclass=\"so-widget-sow-image so-widget-sow-image-default-4e6925654b7a\"\n\t\t\t\n\t\t>\n<div class=\"sow-image-container\">\n\t\t<img \n\tsrc=\"https:\/\/i0.wp.com\/toutcourtfestival.fr\/wp-content\/uploads\/2023\/02\/Enero-del-66-VO.mp4_20230219_234336.723-e1676846728199.jpg?resize=272%2C182&amp;ssl=1\" width=\"272\" height=\"182\" srcset=\"https:\/\/i0.wp.com\/toutcourtfestival.fr\/wp-content\/uploads\/2023\/02\/Enero-del-66-VO.mp4_20230219_234336.723-e1676846728199.jpg?resize=272%2C182&amp;ssl=1 272w, https:\/\/i0.wp.com\/toutcourtfestival.fr\/wp-content\/uploads\/2023\/02\/Enero-del-66-VO.mp4_20230219_234336.723-e1676846728199.jpg?zoom=2&amp;resize=272%2C182&amp;ssl=1 544w, https:\/\/i0.wp.com\/toutcourtfestival.fr\/wp-content\/uploads\/2023\/02\/Enero-del-66-VO.mp4_20230219_234336.723-e1676846728199.jpg?zoom=3&amp;resize=272%2C182&amp;ssl=1 816w\" title=\"Enero del 66 VO.mp4_20230219_234336.723\" alt=\"\" \t\tclass=\"so-widget-image\"\/>\n\t<\/div>\n\n<\/div><\/div><\/div><\/div><div id=\"pgc-w63f2d48587b5f-0-2\"  class=\"panel-grid-cell\" ><div id=\"panel-w63f2d48587b5f-0-2-0\" class=\"so-panel widget widget_sow-editor panel-first-child panel-last-child\" data-index=\"1\" ><div\n\t\t\t\n\t\t\tclass=\"so-widget-sow-editor so-widget-sow-editor-base\"\n\t\t\t\n\t\t>\n<div class=\"siteorigin-widget-tinymce textwidget\">\n\t<p style=\"text-align: justify;\"><span style=\"font-size: 12pt; color: #e6e6e6;\"><em>Drame de Jaime Garc\u00eda Parra - Espagne - 14\u2019<br \/>\n<\/em><\/span><\/p>\n<p style=\"text-align: justify;\"><span style=\"font-size: 12pt; color: #e6e6e6;\">Au fin fond de la c\u00f4te espagnole, sous la torpeur du soleil, un drame pitoresque se joue entre paysans du coin, devant les yeux amus\u00e9s d'un couple de touristes batifolant sur une plage encore pr\u00e9serv\u00e9... Ce qu'ils ne savent pas, c'est que leur petite histoire est sur le point de rencontrer la grande!<br \/>\n<\/span><\/p>\n<\/div>\n<\/div><\/div><\/div><\/div><\/div><\/div><\/div><\/div><\/div><div id=\"pg-8657-4\"  class=\"panel-grid panel-has-style\" ><div class=\"panel-row-style panel-row-style-for-8657-4\" ><div id=\"pgc-8657-4-0\"  class=\"panel-grid-cell\" ><div id=\"panel-8657-4-0-0\" class=\"so-panel widget widget_sow-editor panel-first-child\" data-index=\"5\" ><div class=\"panel-widget-style panel-widget-style-for-8657-4-0-0\" ><div\n\t\t\t\n\t\t\tclass=\"so-widget-sow-editor so-widget-sow-editor-base\"\n\t\t\t\n\t\t>\n<div class=\"siteorigin-widget-tinymce textwidget\">\n\t<h1 style=\"text-align: justify;\"><b>A m\u00eame le sol<\/b><\/h1>\n<\/div>\n<\/div><\/div><\/div><div id=\"panel-8657-4-0-1\" class=\"so-panel widget widget_siteorigin-panels-builder panel-last-child\" data-index=\"6\" ><div id=\"pl-w63f2d569e6af9\"  class=\"panel-layout\" ><div id=\"pg-w63f2d569e6af9-0\"  class=\"panel-grid panel-no-style\" ><div id=\"pgc-w63f2d569e6af9-0-0\"  class=\"panel-grid-cell panel-grid-cell-empty\" ><\/div><div id=\"pgc-w63f2d569e6af9-0-1\"  class=\"panel-grid-cell\" ><div id=\"panel-w63f2d569e6af9-0-1-0\" class=\"so-panel widget widget_sow-image panel-first-child panel-last-child\" data-index=\"0\" ><div class=\"panel-widget-style panel-widget-style-for-w63f2d569e6af9-0-1-0\" ><div\n\t\t\t\n\t\t\tclass=\"so-widget-sow-image so-widget-sow-image-default-4e6925654b7a\"\n\t\t\t\n\t\t>\n<div class=\"sow-image-container\">\n\t\t<img \n\tsrc=\"https:\/\/i0.wp.com\/toutcourtfestival.fr\/wp-content\/uploads\/2023\/02\/A_Meme_le_Sol_01.jpg?resize=272%2C182&amp;ssl=1\" width=\"272\" height=\"182\" srcset=\"https:\/\/i0.wp.com\/toutcourtfestival.fr\/wp-content\/uploads\/2023\/02\/A_Meme_le_Sol_01.jpg?resize=272%2C182&amp;ssl=1 272w, https:\/\/i0.wp.com\/toutcourtfestival.fr\/wp-content\/uploads\/2023\/02\/A_Meme_le_Sol_01.jpg?zoom=2&amp;resize=272%2C182&amp;ssl=1 544w, https:\/\/i0.wp.com\/toutcourtfestival.fr\/wp-content\/uploads\/2023\/02\/A_Meme_le_Sol_01.jpg?zoom=3&amp;resize=272%2C182&amp;ssl=1 816w\" alt=\"\" \t\tclass=\"so-widget-image\"\/>\n\t<\/div>\n\n<\/div><\/div><\/div><\/div><div id=\"pgc-w63f2d569e6af9-0-2\"  class=\"panel-grid-cell\" ><div id=\"panel-w63f2d569e6af9-0-2-0\" class=\"so-panel widget widget_sow-editor panel-first-child panel-last-child\" data-index=\"1\" ><div\n\t\t\t\n\t\t\tclass=\"so-widget-sow-editor so-widget-sow-editor-base\"\n\t\t\t\n\t\t>\n<div class=\"siteorigin-widget-tinymce textwidget\">\n\t<p style=\"text-align: justify;\"><span style=\"font-size: 12pt;\"><em>Drame de l'\u00e9cole Supinfocom Rubika - Lucie Dupeyrat, Nathan Ygouf, Marine Sauvageot, Chirag Paul, Claire Savoye, Jade Astoux - France - 6\u201928\u201d [Film d'animation]<br \/>\n<\/em><\/span><\/p>\n<p style=\"text-align: justify;\"><span style=\"font-size: 12pt;\">Au cours de son d\u00e9m\u00e9nagement, Lily, une jeune femme ambitieuse et p\u00e9tillante, fait la rencontre d'\u00c9di, un dr\u00f4le de SDF tr\u00e8s timide et de B\u00e9lix son joyeux compagnon \u00e0 quatre pattes. Curieuse d'en apprendre plus sur ce duo atypique, elle s'attache rapidement \u00e0 eux.<br \/>\n<\/span><\/p>\n<\/div>\n<\/div><\/div><\/div><\/div><\/div><\/div><\/div><\/div><\/div><div id=\"pg-8657-5\"  class=\"panel-grid panel-has-style\" ><div class=\"panel-row-style panel-row-style-for-8657-5\" ><div id=\"pgc-8657-5-0\"  class=\"panel-grid-cell\" ><div id=\"panel-8657-5-0-0\" class=\"so-panel widget widget_sow-editor panel-first-child\" data-index=\"7\" ><div class=\"panel-widget-style panel-widget-style-for-8657-5-0-0\" ><div\n\t\t\t\n\t\t\tclass=\"so-widget-sow-editor so-widget-sow-editor-base\"\n\t\t\t\n\t\t>\n<div class=\"siteorigin-widget-tinymce textwidget\">\n\t<h1 style=\"text-align: justify;\"><span style=\"color: #e6e6e6;\"><b>Le Monde en soi<br \/>\n<\/b><\/span><b><\/b><\/h1>\n<\/div>\n<\/div><\/div><\/div><div id=\"panel-8657-5-0-1\" class=\"so-panel widget widget_siteorigin-panels-builder panel-last-child\" data-index=\"8\" ><div id=\"pl-w63f2d6140a6a3\"  class=\"panel-layout\" ><div id=\"pg-w63f2d6140a6a3-0\"  class=\"panel-grid panel-no-style\" ><div id=\"pgc-w63f2d6140a6a3-0-0\"  class=\"panel-grid-cell panel-grid-cell-empty\" ><\/div><div id=\"pgc-w63f2d6140a6a3-0-1\"  class=\"panel-grid-cell\" ><div id=\"panel-w63f2d6140a6a3-0-1-0\" class=\"so-panel widget widget_sow-image panel-first-child panel-last-child\" data-index=\"0\" ><div class=\"panel-widget-style panel-widget-style-for-w63f2d6140a6a3-0-1-0\" ><div\n\t\t\t\n\t\t\tclass=\"so-widget-sow-image so-widget-sow-image-default-4e6925654b7a\"\n\t\t\t\n\t\t>\n<div class=\"sow-image-container\">\n\t\t<img \n\tsrc=\"https:\/\/i0.wp.com\/toutcourtfestival.fr\/wp-content\/uploads\/2023\/02\/4.-Le-Monde-en-soi.mp4_20230220_030730.848.jpg?resize=272%2C182&amp;ssl=1\" width=\"272\" height=\"182\" srcset=\"https:\/\/i0.wp.com\/toutcourtfestival.fr\/wp-content\/uploads\/2023\/02\/4.-Le-Monde-en-soi.mp4_20230220_030730.848.jpg?resize=272%2C182&amp;ssl=1 272w, https:\/\/i0.wp.com\/toutcourtfestival.fr\/wp-content\/uploads\/2023\/02\/4.-Le-Monde-en-soi.mp4_20230220_030730.848.jpg?zoom=2&amp;resize=272%2C182&amp;ssl=1 544w, https:\/\/i0.wp.com\/toutcourtfestival.fr\/wp-content\/uploads\/2023\/02\/4.-Le-Monde-en-soi.mp4_20230220_030730.848.jpg?zoom=3&amp;resize=272%2C182&amp;ssl=1 816w\" title=\"4. Le Monde en soi.mp4_20230220_030730.848\" alt=\"\" \t\tclass=\"so-widget-image\"\/>\n\t<\/div>\n\n<\/div><\/div><\/div><\/div><div id=\"pgc-w63f2d6140a6a3-0-2\"  class=\"panel-grid-cell\" ><div id=\"panel-w63f2d6140a6a3-0-2-0\" class=\"so-panel widget widget_sow-editor panel-first-child panel-last-child\" data-index=\"1\" ><div\n\t\t\t\n\t\t\tclass=\"so-widget-sow-editor so-widget-sow-editor-base\"\n\t\t\t\n\t\t>\n<div class=\"siteorigin-widget-tinymce textwidget\">\n\t<p style=\"text-align: justify;\"><span style=\"font-size: 12pt; color: #e6e6e6;\"><em>Drame de Sandrine Stoianov , Jean-Charles Finck - France - 18\u201947\u201d [Film d'animation]<br \/>\n<\/em><\/span><\/p>\n<p style=\"text-align: justify;\"><span style=\"font-size: 12pt; color: #e6e6e6;\">Une jeune peintre pr\u00e9parant sa 1\u00e8re exposition s'investit dans sa cr\u00e9ation jusqu'\u00e0 perdre pied avec le r\u00e9el et sombrer dans un chaos hallucinatoire. Dans la claustration d'une clinique, elle se reconstruit lentement par la peinture et l'observation quotidienne d'un \u00e9cureuil \u00e0 travers la fen\u00eatre.<\/p>\n<p><\/span><\/p>\n<\/div>\n<\/div><\/div><\/div><\/div><\/div><\/div><\/div><\/div><\/div><div id=\"pg-8657-6\"  class=\"panel-grid panel-has-style\" ><div class=\"panel-row-style panel-row-style-for-8657-6\" ><div id=\"pgc-8657-6-0\"  class=\"panel-grid-cell\" ><div id=\"panel-8657-6-0-0\" class=\"so-panel widget widget_sow-editor panel-first-child\" data-index=\"9\" ><div class=\"panel-widget-style panel-widget-style-for-8657-6-0-0\" ><div\n\t\t\t\n\t\t\tclass=\"so-widget-sow-editor so-widget-sow-editor-base\"\n\t\t\t\n\t\t>\n<div class=\"siteorigin-widget-tinymce textwidget\">\n\t<h1 style=\"text-align: justify;\"><b>Dorlis<\/b><\/h1>\n<\/div>\n<\/div><\/div><\/div><div id=\"panel-8657-6-0-1\" class=\"so-panel widget widget_siteorigin-panels-builder panel-last-child\" data-index=\"10\" ><div id=\"pl-w63f2d7d7f2757\"  class=\"panel-layout\" ><div id=\"pg-w63f2d7d7f2757-0\"  class=\"panel-grid panel-no-style\" ><div id=\"pgc-w63f2d7d7f2757-0-0\"  class=\"panel-grid-cell panel-grid-cell-empty\" ><\/div><div id=\"pgc-w63f2d7d7f2757-0-1\"  class=\"panel-grid-cell\" ><div id=\"panel-w63f2d7d7f2757-0-1-0\" class=\"so-panel widget widget_sow-image panel-first-child panel-last-child\" data-index=\"0\" ><div class=\"panel-widget-style panel-widget-style-for-w63f2d7d7f2757-0-1-0\" ><div\n\t\t\t\n\t\t\tclass=\"so-widget-sow-image so-widget-sow-image-default-4e6925654b7a\"\n\t\t\t\n\t\t>\n<div class=\"sow-image-container\">\n\t\t<img \n\tsrc=\"https:\/\/i0.wp.com\/toutcourtfestival.fr\/wp-content\/uploads\/2023\/02\/5.-Dorlis.mp4_20230220_031247.294-e1676859275147.jpg?resize=272%2C182&amp;ssl=1\" width=\"272\" height=\"182\" srcset=\"https:\/\/i0.wp.com\/toutcourtfestival.fr\/wp-content\/uploads\/2023\/02\/5.-Dorlis.mp4_20230220_031247.294-e1676859275147.jpg?resize=272%2C182&amp;ssl=1 272w, https:\/\/i0.wp.com\/toutcourtfestival.fr\/wp-content\/uploads\/2023\/02\/5.-Dorlis.mp4_20230220_031247.294-e1676859275147.jpg?zoom=2&amp;resize=272%2C182&amp;ssl=1 544w, https:\/\/i0.wp.com\/toutcourtfestival.fr\/wp-content\/uploads\/2023\/02\/5.-Dorlis.mp4_20230220_031247.294-e1676859275147.jpg?zoom=3&amp;resize=272%2C182&amp;ssl=1 816w\" title=\"5. Dorlis.mp4_20230220_031247.294\" alt=\"\" \t\tclass=\"so-widget-image\"\/>\n\t<\/div>\n\n<\/div><\/div><\/div><\/div><div id=\"pgc-w63f2d7d7f2757-0-2\"  class=\"panel-grid-cell\" ><div id=\"panel-w63f2d7d7f2757-0-2-0\" class=\"so-panel widget widget_sow-editor panel-first-child panel-last-child\" data-index=\"1\" ><div\n\t\t\t\n\t\t\tclass=\"so-widget-sow-editor so-widget-sow-editor-base\"\n\t\t\t\n\t\t>\n<div class=\"siteorigin-widget-tinymce textwidget\">\n\t<p style=\"text-align: justify;\"><span style=\"font-size: 12pt; font-family: arial, helvetica, sans-serif;\"><em>Drame de Enricka MH - France - 25\u2019<\/em><\/span><\/p>\n<p style=\"text-align: justify;\"><span style=\"font-size: 12pt;\">Nora, 15 ans, est contrainte de suivre sa m\u00e8re et sa petite s\u0153ur pour vivre chez Henri, son grand-p\u00e8re, paralys\u00e9 depuis un AVC. Tr\u00e8s vite, l'atmosph\u00e8re de la maison et la pr\u00e9sence de Henri, vont r\u00e9veiller chez Nora des souvenirs d'enfance qui vont s'incarner dans la crainte d'un esprit malfaisant...<br \/>\n<\/span><\/p>\n<\/div>\n<\/div><\/div><\/div><\/div><\/div><\/div><\/div><\/div><\/div><div id=\"pg-8657-7\"  class=\"panel-grid panel-has-style\" ><div class=\"panel-row-style panel-row-style-for-8657-7\" ><div id=\"pgc-8657-7-0\"  class=\"panel-grid-cell\" ><div id=\"panel-8657-7-0-0\" class=\"so-panel widget widget_sow-editor panel-first-child\" data-index=\"11\" ><div class=\"panel-widget-style panel-widget-style-for-8657-7-0-0\" ><div\n\t\t\t\n\t\t\tclass=\"so-widget-sow-editor so-widget-sow-editor-base\"\n\t\t\t\n\t\t>\n<div class=\"siteorigin-widget-tinymce textwidget\">\n\t<h1 style=\"text-align: justify;\"><span style=\"color: #e6e6e6;\"><b>Derni\u00e8re valse<\/p>\n<p><\/b><\/span><\/h1>\n<\/div>\n<\/div><\/div><\/div><div id=\"panel-8657-7-0-1\" class=\"so-panel widget widget_siteorigin-panels-builder panel-last-child\" data-index=\"12\" ><div id=\"pl-w63f7d87ec84b6\"  class=\"panel-layout\" ><div id=\"pg-w63f7d87ec84b6-0\"  class=\"panel-grid panel-no-style\" ><div id=\"pgc-w63f7d87ec84b6-0-0\"  class=\"panel-grid-cell panel-grid-cell-empty\" ><\/div><div id=\"pgc-w63f7d87ec84b6-0-1\"  class=\"panel-grid-cell\" ><div id=\"panel-w63f7d87ec84b6-0-1-0\" class=\"so-panel widget widget_sow-image panel-first-child panel-last-child\" data-index=\"0\" ><div class=\"panel-widget-style panel-widget-style-for-w63f7d87ec84b6-0-1-0\" ><div\n\t\t\t\n\t\t\tclass=\"so-widget-sow-image so-widget-sow-image-default-4e6925654b7a\"\n\t\t\t\n\t\t>\n<div class=\"sow-image-container\">\n\t\t<img \n\tsrc=\"https:\/\/i0.wp.com\/toutcourtfestival.fr\/wp-content\/uploads\/2023\/02\/6.-DERNIERE-VALSE.mp4_20230219_234101.461-e1676859405456.jpg?resize=272%2C182&amp;ssl=1\" width=\"272\" height=\"182\" srcset=\"https:\/\/i0.wp.com\/toutcourtfestival.fr\/wp-content\/uploads\/2023\/02\/6.-DERNIERE-VALSE.mp4_20230219_234101.461-e1676859405456.jpg?resize=272%2C182&amp;ssl=1 272w, https:\/\/i0.wp.com\/toutcourtfestival.fr\/wp-content\/uploads\/2023\/02\/6.-DERNIERE-VALSE.mp4_20230219_234101.461-e1676859405456.jpg?zoom=2&amp;resize=272%2C182&amp;ssl=1 544w, https:\/\/i0.wp.com\/toutcourtfestival.fr\/wp-content\/uploads\/2023\/02\/6.-DERNIERE-VALSE.mp4_20230219_234101.461-e1676859405456.jpg?zoom=3&amp;resize=272%2C182&amp;ssl=1 816w\" title=\"6. DERNIERE VALSE.mp4_20230219_234101.461\" alt=\"\" \t\tclass=\"so-widget-image\"\/>\n\t<\/div>\n\n<\/div><\/div><\/div><\/div><div id=\"pgc-w63f7d87ec84b6-0-2\"  class=\"panel-grid-cell\" ><div id=\"panel-w63f7d87ec84b6-0-2-0\" class=\"so-panel widget widget_sow-editor panel-first-child panel-last-child\" data-index=\"1\" ><div\n\t\t\t\n\t\t\tclass=\"so-widget-sow-editor so-widget-sow-editor-base\"\n\t\t\t\n\t\t>\n<div class=\"siteorigin-widget-tinymce textwidget\">\n\t<p style=\"text-align: justify;\"><span style=\"font-size: 12pt; color: #e6e6e6;\"><em>Com\u00e9die dramatique de Maud Bettina-Marie, r\u00e9alis\u00e9 par Jean-Baptiste DELANNOY - 10\u201950\u201d<\/em><\/span><\/p>\n<p>&nbsp;<\/p>\n<p style=\"text-align: justify;\"><span style=\"font-size: 12pt; color: #e6e6e6;\">Jean, 80 ans, vient de perdre son \u00e9pouse. Lui qui avait l'habitude d'aller danser avec sa femme tous les dimanches ne pourra d\u00e9sormais plusse faire.Pour sa petite fille, il n'en est pas question. Elle d\u00e9cide de prendre des cours de valse pour emmener son grand-p\u00e8re danser.<\/span><\/p>\n<p>&nbsp;<\/p>\n<\/div>\n<\/div><\/div><\/div><\/div><\/div><\/div><\/div><\/div><\/div><div id=\"pg-8657-8\"  class=\"panel-grid panel-no-style\" ><div id=\"pgc-8657-8-0\"  class=\"panel-grid-cell\" ><div id=\"panel-8657-8-0-0\" class=\"so-panel widget widget_text panel-first-child panel-last-child\" data-index=\"13\" >\t\t\t<div class=\"textwidget\"><style>.entry-title {display:none;}<\/style> <\/div>\n\t\t<\/div><\/div><\/div><\/div>","protected":false},"excerpt":{"rendered":"<p>S\u00e9lection des encadrants S\u00e9lections parall\u00e8les <\/p>\n<p style=\"text-align: justify;\">Plusieurs adultes b\u00e9n\u00e9voles du Tout Court ! ont encadr\u00e9 les jeunes du comit\u00e9 de s\u00e9lection. Ils ont visionn\u00e9, v\u00e9rifi\u00e9 et filtr\u00e9 plus de 750 de films avant de montrer aux jeunes une pr\u00e9s\u00e9lection d&#8217;une cinquantaine de films. Ils ont \u00e9t\u00e9 touch\u00e9s, \u00e9mus, amus\u00e9s par des \u0153uvres qui ont &hellip; <\/p>\n<p><a class=\"more-link btn\" href=\"https:\/\/toutcourtfestival.fr\/index.php\/selections-2023\/selections-2023-selection-des-encadrants\/\">Continue reading<\/a><\/p>\n","protected":false},"author":1,"featured_media":8467,"parent":8395,"menu_order":0,"comment_status":"closed","ping_status":"closed","template":"","meta":{"ngg_post_thumbnail":0,"jetpack_post_was_ever_published":false,"footnotes":""},"class_list":["post-8657","page","type-page","status-publish","has-post-thumbnail","hentry","nodate","item-wrap"],"jetpack_sharing_enabled":true,"jetpack_shortlink":"https:\/\/wp.me\/P8k6iw-2fD","jetpack_likes_enabled":true,"_links":{"self":[{"href":"https:\/\/toutcourtfestival.fr\/index.php\/wp-json\/wp\/v2\/pages\/8657","targetHints":{"allow":["GET"]}}],"collection":[{"href":"https:\/\/toutcourtfestival.fr\/index.php\/wp-json\/wp\/v2\/pages"}],"about":[{"href":"https:\/\/toutcourtfestival.fr\/index.php\/wp-json\/wp\/v2\/types\/page"}],"author":[{"embeddable":true,"href":"https:\/\/toutcourtfestival.fr\/index.php\/wp-json\/wp\/v2\/users\/1"}],"replies":[{"embeddable":true,"href":"https:\/\/toutcourtfestival.fr\/index.php\/wp-json\/wp\/v2\/comments?post=8657"}],"version-history":[{"count":0,"href":"https:\/\/toutcourtfestival.fr\/index.php\/wp-json\/wp\/v2\/pages\/8657\/revisions"}],"up":[{"embeddable":true,"href":"https:\/\/toutcourtfestival.fr\/index.php\/wp-json\/wp\/v2\/pages\/8395"}],"wp:featuredmedia":[{"embeddable":true,"href":"https:\/\/toutcourtfestival.fr\/index.php\/wp-json\/wp\/v2\/media\/8467"}],"wp:attachment":[{"href":"https:\/\/toutcourtfestival.fr\/index.php\/wp-json\/wp\/v2\/media?parent=8657"}],"curies":[{"name":"wp","href":"https:\/\/api.w.org\/{rel}","templated":true}]}}