{"id":8716,"date":"2023-02-20T03:56:01","date_gmt":"2023-02-20T02:56:01","guid":{"rendered":"https:\/\/toutcourtfestival.fr\/?page_id=8716"},"modified":"2023-02-20T04:27:50","modified_gmt":"2023-02-20T03:27:50","slug":"selection-2023-nocturne","status":"publish","type":"page","link":"https:\/\/toutcourtfestival.fr\/index.php\/selections-2023\/selection-2023-nocturne\/","title":{"rendered":"S\u00e9lection 2023 &#8211; Nocturne"},"content":{"rendered":"<div id=\"pl-8716\"  class=\"panel-layout\" ><div id=\"pg-8716-0\"  class=\"panel-grid panel-no-style\" ><div id=\"pgc-8716-0-0\"  class=\"panel-grid-cell\" ><div id=\"panel-8716-0-0-0\" class=\"so-panel widget widget_sow-headline panel-first-child panel-last-child\" data-index=\"0\" ><div\n\t\t\t\n\t\t\tclass=\"so-widget-sow-headline so-widget-sow-headline-default-a61a51d93230-8716\"\n\t\t\t\n\t\t><div class=\"sow-headline-container \">\n\t\t\t\t\t\t\t<h1 class=\"sow-headline\">\n\t\t\t\t\t\tNocturne\t\t\t\t\t\t<\/h1>\n\t\t\t\t\t\t\t\t\t\t\t<div class=\"decoration\">\n\t\t\t\t\t\t<div class=\"decoration-inside\"><\/div>\n\t\t\t\t\t<\/div>\n\t\t\t\t\t\t\t\t\t\t\t<h3 class=\"sow-sub-headline\">\n\t\t\t\t\t\tS\u00e9lections parall\u00e8les\t\t\t\t\t\t<\/h3>\n\t\t\t\t\t\t<\/div>\n<\/div><\/div><\/div><\/div><div id=\"pg-8716-1\"  class=\"panel-grid panel-no-style\" ><div id=\"pgc-8716-1-0\"  class=\"panel-grid-cell panel-grid-cell-empty\" ><\/div><div id=\"pgc-8716-1-1\"  class=\"panel-grid-cell panel-grid-cell-mobile-last\" ><div id=\"panel-8716-1-1-0\" class=\"so-panel widget widget_sow-editor panel-first-child panel-last-child\" data-index=\"1\" ><div\n\t\t\t\n\t\t\tclass=\"so-widget-sow-editor so-widget-sow-editor-base\"\n\t\t\t\n\t\t>\n<div class=\"siteorigin-widget-tinymce textwidget\">\n\t<p style=\"text-align: justify;\">Parce qu'on ne va quand m\u00eame pas terminer une bonne soir\u00e9e cin\u00e9ma un samedi soir \u00e0 22h30, on vous accompagne dans la nuit pour une nocturne en deuxi\u00e8me partie de soir\u00e9e, apr\u00e8s la remise des prix et le cin\u00e9-concert !<\/p>\n<p style=\"text-align: center;\"><span style=\"font-size: 12pt;\"><em><strong>6 films<\/strong> - Dur\u00e9e 1h44 plus \u00e9changes avec les artistes.<\/em><\/span><\/p>\n<p style=\"text-align: center;\"><em><span style=\"font-size: 12pt;\">Projection le <strong>samedi 25 mars 2023 <\/strong>\u00e0 <strong>22h30<\/strong> \u00e0 la <strong>salle polyvalente de Gisors<\/strong>.<\/span><\/em><\/p>\n<\/div>\n<\/div><\/div><\/div><div id=\"pgc-8716-1-2\"  class=\"panel-grid-cell panel-grid-cell-empty\" ><\/div><\/div><div id=\"pg-8716-2\"  class=\"panel-grid panel-no-style\" ><div id=\"pgc-8716-2-0\"  class=\"panel-grid-cell\" ><div id=\"panel-8716-2-0-0\" class=\"so-panel widget widget_sow-headline panel-first-child panel-last-child\" data-index=\"2\" ><div\n\t\t\t\n\t\t\tclass=\"so-widget-sow-headline so-widget-sow-headline-default-6090f20097d1-8716\"\n\t\t\t\n\t\t><div class=\"sow-headline-container \">\n\t\t\t\t\t\t<div class=\"decoration\">\n\t\t\t\t\t\t<div class=\"decoration-inside\"><\/div>\n\t\t\t\t\t<\/div>\n\t\t\t\t\t<\/div>\n<\/div><\/div><\/div><\/div><div id=\"pg-8716-3\"  class=\"panel-grid panel-has-style\" ><div class=\"panel-row-style panel-row-style-for-8716-3\" ><div id=\"pgc-8716-3-0\"  class=\"panel-grid-cell\" ><div id=\"panel-8716-3-0-0\" class=\"so-panel widget widget_sow-editor panel-first-child\" data-index=\"3\" ><div class=\"panel-widget-style panel-widget-style-for-8716-3-0-0\" ><div\n\t\t\t\n\t\t\tclass=\"so-widget-sow-editor so-widget-sow-editor-base\"\n\t\t\t\n\t\t>\n<div class=\"siteorigin-widget-tinymce textwidget\">\n\t<h1 style=\"text-align: justify;\"><span style=\"color: #e6e6e6;\"><b>Nouveau voisin<\/p>\n<p><\/b><\/span><b><\/b><\/h1>\n<\/div>\n<\/div><\/div><\/div><div id=\"panel-8716-3-0-1\" class=\"so-panel widget widget_siteorigin-panels-builder panel-last-child\" data-index=\"4\" ><div id=\"pl-w63f2e26194cd8\"  class=\"panel-layout\" ><div id=\"pg-w63f2e26194cd8-0\"  class=\"panel-grid panel-no-style\" ><div id=\"pgc-w63f2e26194cd8-0-0\"  class=\"panel-grid-cell panel-grid-cell-empty\" ><\/div><div id=\"pgc-w63f2e26194cd8-0-1\"  class=\"panel-grid-cell\" ><div id=\"panel-w63f2e26194cd8-0-1-0\" class=\"so-panel widget widget_sow-image panel-first-child panel-last-child\" data-index=\"0\" ><div class=\"panel-widget-style panel-widget-style-for-w63f2e26194cd8-0-1-0\" ><div\n\t\t\t\n\t\t\tclass=\"so-widget-sow-image so-widget-sow-image-default-4e6925654b7a\"\n\t\t\t\n\t\t>\n<div class=\"sow-image-container\">\n\t\t<img \n\tsrc=\"https:\/\/i0.wp.com\/toutcourtfestival.fr\/wp-content\/uploads\/2023\/02\/1.-Nouveau-voisin.mp4_20230220_040029.202.jpg?resize=272%2C182&amp;ssl=1\" width=\"272\" height=\"182\" srcset=\"https:\/\/i0.wp.com\/toutcourtfestival.fr\/wp-content\/uploads\/2023\/02\/1.-Nouveau-voisin.mp4_20230220_040029.202.jpg?resize=272%2C182&amp;ssl=1 272w, https:\/\/i0.wp.com\/toutcourtfestival.fr\/wp-content\/uploads\/2023\/02\/1.-Nouveau-voisin.mp4_20230220_040029.202.jpg?zoom=2&amp;resize=272%2C182&amp;ssl=1 544w, https:\/\/i0.wp.com\/toutcourtfestival.fr\/wp-content\/uploads\/2023\/02\/1.-Nouveau-voisin.mp4_20230220_040029.202.jpg?zoom=3&amp;resize=272%2C182&amp;ssl=1 816w\" title=\"1. Nouveau voisin.mp4_20230220_040029.202\" alt=\"\" \t\tclass=\"so-widget-image\"\/>\n\t<\/div>\n\n<\/div><\/div><\/div><\/div><div id=\"pgc-w63f2e26194cd8-0-2\"  class=\"panel-grid-cell\" ><div id=\"panel-w63f2e26194cd8-0-2-0\" class=\"so-panel widget widget_sow-editor panel-first-child panel-last-child\" data-index=\"1\" ><div\n\t\t\t\n\t\t\tclass=\"so-widget-sow-editor so-widget-sow-editor-base\"\n\t\t\t\n\t\t>\n<div class=\"siteorigin-widget-tinymce textwidget\">\n\t<p style=\"text-align: justify;\"><span style=\"font-size: 12pt; color: #e6e6e6;\"><em>Com\u00e9die de Vincent Hazard - France - 4\u201947\u201d<\/p>\n<p><\/em><\/span><\/p>\n<p style=\"text-align: justify;\"><span style=\"font-size: 12pt; color: #e6e6e6;\">Ben emm\u00e9nage dans un nouvel appartement et essaye de se faire bien voir de ses nouveaux voisins, ce qui est important quand on est non-voyant. Mais rapidement Ben se rend compte que le courant ne passe pas avec sa voisine de palier\u2026<\/p>\n<p><\/span><\/p>\n<\/div>\n<\/div><\/div><\/div><\/div><\/div><\/div><\/div><\/div><\/div><div id=\"pg-8716-4\"  class=\"panel-grid panel-has-style\" ><div class=\"panel-row-style panel-row-style-for-8716-4\" ><div id=\"pgc-8716-4-0\"  class=\"panel-grid-cell\" ><div id=\"panel-8716-4-0-0\" class=\"so-panel widget widget_sow-editor panel-first-child\" data-index=\"5\" ><div class=\"panel-widget-style panel-widget-style-for-8716-4-0-0\" ><div\n\t\t\t\n\t\t\tclass=\"so-widget-sow-editor so-widget-sow-editor-base\"\n\t\t\t\n\t\t>\n<div class=\"siteorigin-widget-tinymce textwidget\">\n\t<h1 style=\"text-align: justify;\"><b>\u00c9lo\u00efse Lou<\/p>\n<p><\/b><\/h1>\n<\/div>\n<\/div><\/div><\/div><div id=\"panel-8716-4-0-1\" class=\"so-panel widget widget_siteorigin-panels-builder panel-last-child\" data-index=\"6\" ><div id=\"pl-w63f2e39356a06\"  class=\"panel-layout\" ><div id=\"pg-w63f2e39356a06-0\"  class=\"panel-grid panel-no-style\" ><div id=\"pgc-w63f2e39356a06-0-0\"  class=\"panel-grid-cell panel-grid-cell-empty\" ><\/div><div id=\"pgc-w63f2e39356a06-0-1\"  class=\"panel-grid-cell\" ><div id=\"panel-w63f2e39356a06-0-1-0\" class=\"so-panel widget widget_sow-image panel-first-child panel-last-child\" data-index=\"0\" ><div class=\"panel-widget-style panel-widget-style-for-w63f2e39356a06-0-1-0\" ><div\n\t\t\t\n\t\t\tclass=\"so-widget-sow-image so-widget-sow-image-default-4e6925654b7a\"\n\t\t\t\n\t\t>\n<div class=\"sow-image-container\">\n\t\t<img \n\tsrc=\"https:\/\/i0.wp.com\/toutcourtfestival.fr\/wp-content\/uploads\/2023\/02\/photo-2-1620482374919.jpg?resize=272%2C182&amp;ssl=1\" width=\"272\" height=\"182\" srcset=\"https:\/\/i0.wp.com\/toutcourtfestival.fr\/wp-content\/uploads\/2023\/02\/photo-2-1620482374919.jpg?resize=272%2C182&amp;ssl=1 272w, https:\/\/i0.wp.com\/toutcourtfestival.fr\/wp-content\/uploads\/2023\/02\/photo-2-1620482374919.jpg?zoom=2&amp;resize=272%2C182&amp;ssl=1 544w, https:\/\/i0.wp.com\/toutcourtfestival.fr\/wp-content\/uploads\/2023\/02\/photo-2-1620482374919.jpg?zoom=3&amp;resize=272%2C182&amp;ssl=1 816w\" alt=\"\" \t\tclass=\"so-widget-image\"\/>\n\t<\/div>\n\n<\/div><\/div><\/div><\/div><div id=\"pgc-w63f2e39356a06-0-2\"  class=\"panel-grid-cell\" ><div id=\"panel-w63f2e39356a06-0-2-0\" class=\"so-panel widget widget_sow-editor panel-first-child panel-last-child\" data-index=\"1\" ><div\n\t\t\t\n\t\t\tclass=\"so-widget-sow-editor so-widget-sow-editor-base\"\n\t\t\t\n\t\t>\n<div class=\"siteorigin-widget-tinymce textwidget\">\n\t<p style=\"text-align: justify;\"><span style=\"font-size: 12pt;\"><em>Drame de Marc BARADAT - France - 23\u201910\u201d<\/p>\n<p><\/em><\/span><\/p>\n<p style=\"text-align: justify;\"><span style=\"font-size: 12pt;\">Christophe stationne r\u00e9guli\u00e8rement devant la maison o\u00f9 vit sa fille de 16 ans qui ne le conna\u00eet pas. Ce jour-l\u00e0, \u00c9lo\u00efse sort \u00e9nerv\u00e9e. Elle aper\u00e7oit Christophe et lui demande de la prendre en stop. Elle lui annonce en chemin qu\u2019elle se rend chez son p\u00e8re dont elle vient d\u2019apprendre l\u2019existence\u2026<\/p>\n<p><\/span><\/p>\n<\/div>\n<\/div><\/div><\/div><\/div><\/div><\/div><\/div><\/div><\/div><div id=\"pg-8716-5\"  class=\"panel-grid panel-has-style\" ><div class=\"panel-row-style panel-row-style-for-8716-5\" ><div id=\"pgc-8716-5-0\"  class=\"panel-grid-cell\" ><div id=\"panel-8716-5-0-0\" class=\"so-panel widget widget_sow-editor panel-first-child\" data-index=\"7\" ><div class=\"panel-widget-style panel-widget-style-for-8716-5-0-0\" ><div\n\t\t\t\n\t\t\tclass=\"so-widget-sow-editor so-widget-sow-editor-base\"\n\t\t\t\n\t\t>\n<div class=\"siteorigin-widget-tinymce textwidget\">\n\t<h1 style=\"text-align: justify;\"><span style=\"color: #e6e6e6;\"><b>La valise rouge<\/p>\n<p><\/b><\/span><b><\/b><\/h1>\n<\/div>\n<\/div><\/div><\/div><div id=\"panel-8716-5-0-1\" class=\"so-panel widget widget_siteorigin-panels-builder panel-last-child\" data-index=\"8\" ><div id=\"pl-w63f2e4d2bd8f8\"  class=\"panel-layout\" ><div id=\"pg-w63f2e4d2bd8f8-0\"  class=\"panel-grid panel-no-style\" ><div id=\"pgc-w63f2e4d2bd8f8-0-0\"  class=\"panel-grid-cell panel-grid-cell-empty\" ><\/div><div id=\"pgc-w63f2e4d2bd8f8-0-1\"  class=\"panel-grid-cell\" ><div id=\"panel-w63f2e4d2bd8f8-0-1-0\" class=\"so-panel widget widget_sow-image panel-first-child panel-last-child\" data-index=\"0\" ><div class=\"panel-widget-style panel-widget-style-for-w63f2e4d2bd8f8-0-1-0\" ><div\n\t\t\t\n\t\t\tclass=\"so-widget-sow-image so-widget-sow-image-default-4e6925654b7a\"\n\t\t\t\n\t\t>\n<div class=\"sow-image-container\">\n\t\t<img \n\tsrc=\"https:\/\/i0.wp.com\/toutcourtfestival.fr\/wp-content\/uploads\/2023\/02\/3.-La-valise-rouge.mp4_20230220_041004.123-e1676862663651.jpg?resize=272%2C182&amp;ssl=1\" width=\"272\" height=\"182\" srcset=\"https:\/\/i0.wp.com\/toutcourtfestival.fr\/wp-content\/uploads\/2023\/02\/3.-La-valise-rouge.mp4_20230220_041004.123-e1676862663651.jpg?resize=272%2C182&amp;ssl=1 272w, https:\/\/i0.wp.com\/toutcourtfestival.fr\/wp-content\/uploads\/2023\/02\/3.-La-valise-rouge.mp4_20230220_041004.123-e1676862663651.jpg?zoom=2&amp;resize=272%2C182&amp;ssl=1 544w\" title=\"3. La valise rouge.mp4_20230220_041004.123\" alt=\"\" \t\tclass=\"so-widget-image\"\/>\n\t<\/div>\n\n<\/div><\/div><\/div><\/div><div id=\"pgc-w63f2e4d2bd8f8-0-2\"  class=\"panel-grid-cell\" ><div id=\"panel-w63f2e4d2bd8f8-0-2-0\" class=\"so-panel widget widget_sow-editor panel-first-child panel-last-child\" data-index=\"1\" ><div\n\t\t\t\n\t\t\tclass=\"so-widget-sow-editor so-widget-sow-editor-base\"\n\t\t\t\n\t\t>\n<div class=\"siteorigin-widget-tinymce textwidget\">\n\t<p style=\"text-align: justify;\"><span style=\"font-size: 12pt; color: #e6e6e6;\"><em>Drame de Cyrus Neshvad , CYRUS NESHVAD - Luxembourg - 17\u201930\u201d<\/p>\n<p><\/em><\/span><\/p>\n<p style=\"text-align: justify;\"><span style=\"font-size: 12pt; color: #e6e6e6;\">Une fille voil\u00e9e de 16 ans \u00e0 peine est terrifi\u00e9e.  Elle repousse sans cesse le moment o\u00f9 il lui faudra sortir de l\u2019a\u00e9roport de Luxembourg.<\/p>\n<p><\/span><\/p>\n<\/div>\n<\/div><\/div><\/div><\/div><\/div><\/div><\/div><\/div><\/div><div id=\"pg-8716-6\"  class=\"panel-grid panel-has-style\" ><div class=\"panel-row-style panel-row-style-for-8716-6\" ><div id=\"pgc-8716-6-0\"  class=\"panel-grid-cell\" ><div id=\"panel-8716-6-0-0\" class=\"so-panel widget widget_sow-editor panel-first-child\" data-index=\"9\" ><div class=\"panel-widget-style panel-widget-style-for-8716-6-0-0\" ><div\n\t\t\t\n\t\t\tclass=\"so-widget-sow-editor so-widget-sow-editor-base\"\n\t\t\t\n\t\t>\n<div class=\"siteorigin-widget-tinymce textwidget\">\n\t<h1 style=\"text-align: justify;\"><b>Le bannissement<\/p>\n<p><\/b><\/h1>\n<\/div>\n<\/div><\/div><\/div><div id=\"panel-8716-6-0-1\" class=\"so-panel widget widget_siteorigin-panels-builder panel-last-child\" data-index=\"10\" ><div id=\"pl-w63f2e57997570\"  class=\"panel-layout\" ><div id=\"pg-w63f2e57997570-0\"  class=\"panel-grid panel-no-style\" ><div id=\"pgc-w63f2e57997570-0-0\"  class=\"panel-grid-cell panel-grid-cell-empty\" ><\/div><div id=\"pgc-w63f2e57997570-0-1\"  class=\"panel-grid-cell\" ><div id=\"panel-w63f2e57997570-0-1-0\" class=\"so-panel widget widget_sow-image panel-first-child panel-last-child\" data-index=\"0\" ><div class=\"panel-widget-style panel-widget-style-for-w63f2e57997570-0-1-0\" ><div\n\t\t\t\n\t\t\tclass=\"so-widget-sow-image so-widget-sow-image-default-4e6925654b7a\"\n\t\t\t\n\t\t>\n<div class=\"sow-image-container\">\n\t\t<img \n\tsrc=\"https:\/\/i0.wp.com\/toutcourtfestival.fr\/wp-content\/uploads\/2023\/02\/poster-1656424357782-e1676862826222.jpeg?resize=272%2C182&amp;ssl=1\" width=\"272\" height=\"182\" srcset=\"https:\/\/i0.wp.com\/toutcourtfestival.fr\/wp-content\/uploads\/2023\/02\/poster-1656424357782-e1676862826222.jpeg?resize=272%2C182&amp;ssl=1 272w, https:\/\/i0.wp.com\/toutcourtfestival.fr\/wp-content\/uploads\/2023\/02\/poster-1656424357782-e1676862826222.jpeg?zoom=2&amp;resize=272%2C182&amp;ssl=1 544w, https:\/\/i0.wp.com\/toutcourtfestival.fr\/wp-content\/uploads\/2023\/02\/poster-1656424357782-e1676862826222.jpeg?zoom=3&amp;resize=272%2C182&amp;ssl=1 816w\" title=\"poster-1656424357782\" alt=\"\" \t\tclass=\"so-widget-image\"\/>\n\t<\/div>\n\n<\/div><\/div><\/div><\/div><div id=\"pgc-w63f2e57997570-0-2\"  class=\"panel-grid-cell\" ><div id=\"panel-w63f2e57997570-0-2-0\" class=\"so-panel widget widget_sow-editor panel-first-child panel-last-child\" data-index=\"1\" ><div\n\t\t\t\n\t\t\tclass=\"so-widget-sow-editor so-widget-sow-editor-base\"\n\t\t\t\n\t\t>\n<div class=\"siteorigin-widget-tinymce textwidget\">\n\t<p style=\"text-align: justify;\"><span style=\"font-size: 12pt; font-family: arial, helvetica, sans-serif;\"><em>Drame de Yilmaz \u00d6zdil - Turquie, Irak - 20\u2019<\/p>\n<p><\/em><\/span><\/p>\n<p style=\"text-align: justify;\"><span style=\"font-size: 12pt;\">Ziko est un somnambule qui vient d'\u00eatre banni de son village pour avoir commis un \"p\u00e9ch\u00e9\" dans son sommeil. Pour atteindre la ville il doit traverser des villages qui l'attendent avec haine.Un chasseur sourd-muet doit \u00e9galement faire le m\u00eame trajet.<\/p>\n<p><\/span><\/p>\n<\/div>\n<\/div><\/div><\/div><\/div><\/div><\/div><\/div><\/div><\/div><div id=\"pg-8716-7\"  class=\"panel-grid panel-has-style\" ><div class=\"panel-row-style panel-row-style-for-8716-7\" ><div id=\"pgc-8716-7-0\"  class=\"panel-grid-cell\" ><div id=\"panel-8716-7-0-0\" class=\"so-panel widget widget_sow-editor panel-first-child\" data-index=\"11\" ><div class=\"panel-widget-style panel-widget-style-for-8716-7-0-0\" ><div\n\t\t\t\n\t\t\tclass=\"so-widget-sow-editor so-widget-sow-editor-base\"\n\t\t\t\n\t\t>\n<div class=\"siteorigin-widget-tinymce textwidget\">\n\t<h1 style=\"text-align: justify;\"><span style=\"color: #e6e6e6;\"><b>Inconnu au bataillon<\/p>\n<p><\/b><\/span><\/h1>\n<\/div>\n<\/div><\/div><\/div><div id=\"panel-8716-7-0-1\" class=\"so-panel widget widget_siteorigin-panels-builder panel-last-child\" data-index=\"12\" ><div id=\"pl-w63f2e6ac026f8\"  class=\"panel-layout\" ><div id=\"pg-w63f2e6ac026f8-0\"  class=\"panel-grid panel-no-style\" ><div id=\"pgc-w63f2e6ac026f8-0-0\"  class=\"panel-grid-cell panel-grid-cell-empty\" ><\/div><div id=\"pgc-w63f2e6ac026f8-0-1\"  class=\"panel-grid-cell\" ><div id=\"panel-w63f2e6ac026f8-0-1-0\" class=\"so-panel widget widget_sow-image panel-first-child panel-last-child\" data-index=\"0\" ><div class=\"panel-widget-style panel-widget-style-for-w63f2e6ac026f8-0-1-0\" ><div\n\t\t\t\n\t\t\tclass=\"so-widget-sow-image so-widget-sow-image-default-4e6925654b7a\"\n\t\t\t\n\t\t>\n<div class=\"sow-image-container\">\n\t\t<img \n\tsrc=\"https:\/\/i0.wp.com\/toutcourtfestival.fr\/wp-content\/uploads\/2023\/02\/5.-Inconnu-au-bataillon.mp4_20230219_235344.069-e1676847319245.jpg?resize=272%2C182&amp;ssl=1\" width=\"272\" height=\"182\" srcset=\"https:\/\/i0.wp.com\/toutcourtfestival.fr\/wp-content\/uploads\/2023\/02\/5.-Inconnu-au-bataillon.mp4_20230219_235344.069-e1676847319245.jpg?resize=272%2C182&amp;ssl=1 272w, https:\/\/i0.wp.com\/toutcourtfestival.fr\/wp-content\/uploads\/2023\/02\/5.-Inconnu-au-bataillon.mp4_20230219_235344.069-e1676847319245.jpg?zoom=2&amp;resize=272%2C182&amp;ssl=1 544w, https:\/\/i0.wp.com\/toutcourtfestival.fr\/wp-content\/uploads\/2023\/02\/5.-Inconnu-au-bataillon.mp4_20230219_235344.069-e1676847319245.jpg?zoom=3&amp;resize=272%2C182&amp;ssl=1 816w\" title=\"5. Inconnu au bataillon.mp4_20230219_235344.069\" alt=\"\" \t\tclass=\"so-widget-image\"\/>\n\t<\/div>\n\n<\/div><\/div><\/div><\/div><div id=\"pgc-w63f2e6ac026f8-0-2\"  class=\"panel-grid-cell\" ><div id=\"panel-w63f2e6ac026f8-0-2-0\" class=\"so-panel widget widget_sow-editor panel-first-child panel-last-child\" data-index=\"1\" ><div\n\t\t\t\n\t\t\tclass=\"so-widget-sow-editor so-widget-sow-editor-base\"\n\t\t\t\n\t\t>\n<div class=\"siteorigin-widget-tinymce textwidget\">\n\t<p style=\"text-align: justify;\"><span style=\"font-size: 12pt; color: #e6e6e6;\"><em>Humour de Alexis Loukakis - France - 22\u2019<br \/>\n<\/em><\/span><\/p>\n<p style=\"text-align: justify;\"><span style=\"font-size: 12pt; color: #e6e6e6;\">Dans un r\u00e9giment d\u2019infanterie bas\u00e9 dans la Somme, le caporal Solal et les militaires Malard, Klein et Maestracci sont d\u00e9sign\u00e9s pour sillonner les champs de bataille \u00e0 la recherche du cadavre id\u00e9al\u2026<br \/>\n<\/span><\/p>\n<\/div>\n<\/div><\/div><\/div><\/div><\/div><\/div><\/div><\/div><\/div><div id=\"pg-8716-8\"  class=\"panel-grid panel-has-style\" ><div class=\"panel-row-style panel-row-style-for-8716-8\" ><div id=\"pgc-8716-8-0\"  class=\"panel-grid-cell\" ><div id=\"panel-8716-8-0-0\" class=\"so-panel widget widget_sow-editor panel-first-child\" data-index=\"13\" ><div class=\"panel-widget-style panel-widget-style-for-8716-8-0-0\" ><div\n\t\t\t\n\t\t\tclass=\"so-widget-sow-editor so-widget-sow-editor-base\"\n\t\t\t\n\t\t>\n<div class=\"siteorigin-widget-tinymce textwidget\">\n\t<h1 style=\"text-align: justify;\">Anxiog\u00e8ne<\/p>\n<\/h1>\n<\/div>\n<\/div><\/div><\/div><div id=\"panel-8716-8-0-1\" class=\"so-panel widget widget_siteorigin-panels-builder panel-last-child\" data-index=\"14\" ><div id=\"pl-w63f2e87c42ed4\"  class=\"panel-layout\" ><div id=\"pg-w63f2e87c42ed4-0\"  class=\"panel-grid panel-no-style\" ><div id=\"pgc-w63f2e87c42ed4-0-0\"  class=\"panel-grid-cell panel-grid-cell-empty\" ><\/div><div id=\"pgc-w63f2e87c42ed4-0-1\"  class=\"panel-grid-cell\" ><div id=\"panel-w63f2e87c42ed4-0-1-0\" class=\"so-panel widget widget_sow-image panel-first-child panel-last-child\" data-index=\"0\" ><div class=\"panel-widget-style panel-widget-style-for-w63f2e87c42ed4-0-1-0\" ><div\n\t\t\t\n\t\t\tclass=\"so-widget-sow-image so-widget-sow-image-default-4e6925654b7a\"\n\t\t\t\n\t\t>\n<div class=\"sow-image-container\">\n\t\t<img \n\tsrc=\"https:\/\/i0.wp.com\/toutcourtfestival.fr\/wp-content\/uploads\/2023\/02\/6.-Anxiogene.mp4_20230220_042531.033-e1676863604267.jpg?resize=272%2C182&amp;ssl=1\" width=\"272\" height=\"182\" srcset=\"https:\/\/i0.wp.com\/toutcourtfestival.fr\/wp-content\/uploads\/2023\/02\/6.-Anxiogene.mp4_20230220_042531.033-e1676863604267.jpg?resize=272%2C182&amp;ssl=1 272w, https:\/\/i0.wp.com\/toutcourtfestival.fr\/wp-content\/uploads\/2023\/02\/6.-Anxiogene.mp4_20230220_042531.033-e1676863604267.jpg?zoom=2&amp;resize=272%2C182&amp;ssl=1 544w, https:\/\/i0.wp.com\/toutcourtfestival.fr\/wp-content\/uploads\/2023\/02\/6.-Anxiogene.mp4_20230220_042531.033-e1676863604267.jpg?zoom=3&amp;resize=272%2C182&amp;ssl=1 816w\" title=\"6. Anxiog\u00e8ne.mp4_20230220_042531.033\" alt=\"\" \t\tclass=\"so-widget-image\"\/>\n\t<\/div>\n\n<\/div><\/div><\/div><\/div><div id=\"pgc-w63f2e87c42ed4-0-2\"  class=\"panel-grid-cell\" ><div id=\"panel-w63f2e87c42ed4-0-2-0\" class=\"so-panel widget widget_sow-editor panel-first-child panel-last-child\" data-index=\"1\" ><div\n\t\t\t\n\t\t\tclass=\"so-widget-sow-editor so-widget-sow-editor-base\"\n\t\t\t\n\t\t>\n<div class=\"siteorigin-widget-tinymce textwidget\">\n\t<p style=\"text-align: justify;\"><span style=\"font-size: 12pt;\"><em>Com\u00e9die de Gaspard Mathevet , Emilien Fabrizio - France - 16\u201959\u201d<br \/>\n<\/em><\/span><\/p>\n<p style=\"text-align: justify;\"><span style=\"font-size: 12pt;\">Un repas romantique qui se termine en catastrophe. Une poursuite endiabl\u00e9e avec quatre Mariachis furieux. Une r\u00e9union d'entreprise qui d\u00e9g\u00e9n\u00e8re en baston de saloon. Voici la vie magnifique et mouvement\u00e9e de Monsieur P\u00e9richon ou plut\u00f4t ses r\u00eaves et ses angoisses ?!<br \/>\n<\/span><\/p>\n<\/div>\n<\/div><\/div><\/div><\/div><\/div><\/div><\/div><\/div><\/div><div id=\"pg-8716-9\"  class=\"panel-grid panel-no-style\" ><div id=\"pgc-8716-9-0\"  class=\"panel-grid-cell\" ><div id=\"panel-8716-9-0-0\" class=\"so-panel widget widget_text panel-first-child panel-last-child\" data-index=\"15\" >\t\t\t<div class=\"textwidget\"><style>.entry-title {display:none;}<\/style> <\/div>\n\t\t<\/div><\/div><\/div><\/div>","protected":false},"excerpt":{"rendered":"<p>Nocturne S\u00e9lections parall\u00e8les <\/p>\n<p style=\"text-align: justify;\">Parce qu&#8217;on ne va quand m\u00eame pas terminer une bonne soir\u00e9e cin\u00e9ma un samedi soir \u00e0 22h30, on vous accompagne dans la nuit pour une nocturne en deuxi\u00e8me partie de soir\u00e9e, apr\u00e8s la remise des prix et le cin\u00e9-concert !<\/p>\n<p style=\"text-align: center;\"><strong>6 films<\/strong> &#8211; Dur\u00e9e 1h44 plus \u00e9changes avec &hellip; <\/p>\n<p><a class=\"more-link btn\" href=\"https:\/\/toutcourtfestival.fr\/index.php\/selections-2023\/selection-2023-nocturne\/\">Continue reading<\/a><\/p>\n","protected":false},"author":1,"featured_media":8742,"parent":8395,"menu_order":0,"comment_status":"closed","ping_status":"closed","template":"","meta":{"ngg_post_thumbnail":0,"jetpack_post_was_ever_published":false,"footnotes":""},"class_list":["post-8716","page","type-page","status-publish","has-post-thumbnail","hentry","nodate","item-wrap"],"jetpack_sharing_enabled":true,"jetpack_shortlink":"https:\/\/wp.me\/P8k6iw-2gA","jetpack_likes_enabled":true,"_links":{"self":[{"href":"https:\/\/toutcourtfestival.fr\/index.php\/wp-json\/wp\/v2\/pages\/8716","targetHints":{"allow":["GET"]}}],"collection":[{"href":"https:\/\/toutcourtfestival.fr\/index.php\/wp-json\/wp\/v2\/pages"}],"about":[{"href":"https:\/\/toutcourtfestival.fr\/index.php\/wp-json\/wp\/v2\/types\/page"}],"author":[{"embeddable":true,"href":"https:\/\/toutcourtfestival.fr\/index.php\/wp-json\/wp\/v2\/users\/1"}],"replies":[{"embeddable":true,"href":"https:\/\/toutcourtfestival.fr\/index.php\/wp-json\/wp\/v2\/comments?post=8716"}],"version-history":[{"count":0,"href":"https:\/\/toutcourtfestival.fr\/index.php\/wp-json\/wp\/v2\/pages\/8716\/revisions"}],"up":[{"embeddable":true,"href":"https:\/\/toutcourtfestival.fr\/index.php\/wp-json\/wp\/v2\/pages\/8395"}],"wp:featuredmedia":[{"embeddable":true,"href":"https:\/\/toutcourtfestival.fr\/index.php\/wp-json\/wp\/v2\/media\/8742"}],"wp:attachment":[{"href":"https:\/\/toutcourtfestival.fr\/index.php\/wp-json\/wp\/v2\/media?parent=8716"}],"curies":[{"name":"wp","href":"https:\/\/api.w.org\/{rel}","templated":true}]}}