{"id":8772,"date":"2023-02-20T20:39:02","date_gmt":"2023-02-20T19:39:02","guid":{"rendered":"https:\/\/toutcourtfestival.fr\/?page_id=8772"},"modified":"2026-03-24T01:26:40","modified_gmt":"2026-03-24T00:26:40","slug":"billetterie-en-ligne","status":"publish","type":"page","link":"https:\/\/toutcourtfestival.fr\/index.php\/billetterie-en-ligne\/","title":{"rendered":"Billetterie en ligne"},"content":{"rendered":"<div id=\"pl-8772\"  class=\"panel-layout\" ><div id=\"pg-8772-0\"  class=\"panel-grid panel-has-style\" ><div class=\"panel-row-style panel-row-style-for-8772-0\" ><div id=\"pgc-8772-0-0\"  class=\"panel-grid-cell\" ><div id=\"panel-8772-0-0-0\" class=\"so-panel widget widget_sow-headline panel-first-child panel-last-child\" data-index=\"0\" ><div\n\t\t\t\n\t\t\tclass=\"so-widget-sow-headline so-widget-sow-headline-default-fb75b4ca24a1-8772\"\n\t\t\t\n\t\t><div class=\"sow-headline-container \">\n\t\t\t\t\t\t\t<h1 class=\"sow-headline\">\n\t\t\t\t\t\tTout Court ! \u00e9dition 2026 - 27-29 mars\t\t\t\t\t\t<\/h1>\n\t\t\t\t\t\t\t\t\t\t\t<div class=\"decoration\">\n\t\t\t\t\t\t<div class=\"decoration-inside\"><\/div>\n\t\t\t\t\t<\/div>\n\t\t\t\t\t\t\t\t\t\t\t<h3 class=\"sow-sub-headline\">\n\t\t\t\t\t\tBilletterie s\u00e9ances et cin\u00e9-concert + r\u00e9servations Ateliers\t\t\t\t\t\t<\/h3>\n\t\t\t\t\t\t<\/div>\n<\/div><\/div><\/div><\/div><\/div><div id=\"pg-8772-1\"  class=\"panel-grid panel-no-style\" ><div id=\"pgc-8772-1-0\"  class=\"panel-grid-cell panel-grid-cell-empty\" ><\/div><div id=\"pgc-8772-1-1\"  class=\"panel-grid-cell panel-grid-cell-mobile-last\" ><div id=\"panel-8772-1-1-0\" class=\"so-panel widget widget_sow-editor panel-first-child panel-last-child\" data-index=\"1\" ><div\n\t\t\t\n\t\t\tclass=\"so-widget-sow-editor so-widget-sow-editor-base\"\n\t\t\t\n\t\t>\n<div class=\"siteorigin-widget-tinymce textwidget\">\n\t<p style=\"text-align: justify;\">Vous pourrez acheter vos billets sur place au moment du festival (en esp\u00e8ces ou CB) ou r\u00e9server d\u00e8s maintenant en ligne avec le formulaire ci-dessous (par CB).&nbsp; <span style=\"text-decoration: underline;\">Attention<\/span>: le nombre de place pour les ateliers est limit\u00e9.<\/p>\n<p style=\"text-align: justify;\">Voir le <a href=\"https:\/\/toutcourtfestival.fr\/wp-content\/uploads\/2026\/03\/Programme-2026-version-WEB.pdf\" target=\"_blank\" rel=\"noopener\">programme complet du festival<\/a>.&nbsp;Les s\u00e9lections sont \u00e9galement d\u00e9taill\u00e9es sur <a href=\"https:\/\/toutcourtfestival.fr\/index.php\/selections-2026\/\">cette page<\/a>.<\/p>\n<p><iframe id=\"haWidget\" style=\"width: 100%; height: 1000px; border: none;\" src=\"https:\/\/www.helloasso.com\/associations\/tout-court-eure\/evenements\/tout-court-festival-de-cinema-de-gisors-2026\/widget\"><br \/>\n<\/iframe><\/p>\n<p>&nbsp;<\/p>\n<\/div>\n<\/div><\/div><\/div><div id=\"pgc-8772-1-2\"  class=\"panel-grid-cell panel-grid-cell-empty\" ><\/div><\/div><div id=\"pg-8772-2\"  class=\"panel-grid panel-no-style\" ><div id=\"pgc-8772-2-0\"  class=\"panel-grid-cell\" ><div id=\"panel-8772-2-0-0\" class=\"so-panel widget widget_text panel-first-child panel-last-child\" data-index=\"2\" >\t\t\t<div class=\"textwidget\"><style>.entry-title {display:none;}<\/style> <\/div>\n\t\t<\/div><\/div><\/div><\/div>","protected":false},"excerpt":{"rendered":"<p>Tout Court ! \u00e9dition 2026 &#8211; 27-29 mars Billetterie s\u00e9ances et cin\u00e9-concert + r\u00e9servations Ateliers <\/p>\n<p style=\"text-align: justify;\">Vous pourrez acheter vos billets sur place au moment du festival (en esp\u00e8ces ou CB) ou r\u00e9server d\u00e8s maintenant en ligne avec le formulaire ci-dessous (par CB).&nbsp; Attention: le nombre de place pour les ateliers est limit\u00e9.<\/p>\n<p &hellip; <\/p>\n<p><a class=\"more-link btn\" href=\"https:\/\/toutcourtfestival.fr\/index.php\/billetterie-en-ligne\/\">Continue reading<\/a><\/p>\n","protected":false},"author":1,"featured_media":0,"parent":0,"menu_order":0,"comment_status":"closed","ping_status":"closed","template":"","meta":{"ngg_post_thumbnail":0,"jetpack_post_was_ever_published":false,"footnotes":""},"class_list":["post-8772","page","type-page","status-publish","hentry","nodate","item-wrap"],"jetpack_sharing_enabled":true,"jetpack_shortlink":"https:\/\/wp.me\/P8k6iw-2hu","jetpack_likes_enabled":true,"_links":{"self":[{"href":"https:\/\/toutcourtfestival.fr\/index.php\/wp-json\/wp\/v2\/pages\/8772","targetHints":{"allow":["GET"]}}],"collection":[{"href":"https:\/\/toutcourtfestival.fr\/index.php\/wp-json\/wp\/v2\/pages"}],"about":[{"href":"https:\/\/toutcourtfestival.fr\/index.php\/wp-json\/wp\/v2\/types\/page"}],"author":[{"embeddable":true,"href":"https:\/\/toutcourtfestival.fr\/index.php\/wp-json\/wp\/v2\/users\/1"}],"replies":[{"embeddable":true,"href":"https:\/\/toutcourtfestival.fr\/index.php\/wp-json\/wp\/v2\/comments?post=8772"}],"version-history":[{"count":25,"href":"https:\/\/toutcourtfestival.fr\/index.php\/wp-json\/wp\/v2\/pages\/8772\/revisions"}],"predecessor-version":[{"id":10394,"href":"https:\/\/toutcourtfestival.fr\/index.php\/wp-json\/wp\/v2\/pages\/8772\/revisions\/10394"}],"wp:attachment":[{"href":"https:\/\/toutcourtfestival.fr\/index.php\/wp-json\/wp\/v2\/media?parent=8772"}],"curies":[{"name":"wp","href":"https:\/\/api.w.org\/{rel}","templated":true}]}}