{"id":9271,"date":"2024-02-15T01:51:48","date_gmt":"2024-02-15T00:51:48","guid":{"rendered":"https:\/\/toutcourtfestival.fr\/?page_id=9271"},"modified":"2024-02-15T02:01:16","modified_gmt":"2024-02-15T01:01:16","slug":"selections-2024-selection-des-encadrants","status":"publish","type":"page","link":"https:\/\/toutcourtfestival.fr\/index.php\/archives\/tout-court-2024\/selection-2024\/selections-2024-selection-des-encadrants\/","title":{"rendered":"S\u00e9lections 2024 &#8211; S\u00e9lection des encadrants"},"content":{"rendered":"<div id=\"pl-9271\"  class=\"panel-layout\" ><div id=\"pg-9271-0\"  class=\"panel-grid panel-no-style\" ><div id=\"pgc-9271-0-0\"  class=\"panel-grid-cell\" ><div id=\"panel-9271-0-0-0\" class=\"so-panel widget widget_sow-headline panel-first-child panel-last-child\" data-index=\"0\" ><div\n\t\t\t\n\t\t\tclass=\"so-widget-sow-headline so-widget-sow-headline-default-3c6557d8c08b-9271\"\n\t\t\t\n\t\t><div class=\"sow-headline-container \">\n\t\t\t\t\t\t\t<h1 class=\"sow-headline\">\n\t\t\t\t\t\tS\u00e9lection des encadrants\t\t\t\t\t\t<\/h1>\n\t\t\t\t\t\t\t\t\t\t\t<div class=\"decoration\">\n\t\t\t\t\t\t<div class=\"decoration-inside\"><\/div>\n\t\t\t\t\t<\/div>\n\t\t\t\t\t\t\t\t\t\t\t<h3 class=\"sow-sub-headline\">\n\t\t\t\t\t\tS\u00e9lections parall\u00e8les\t\t\t\t\t\t<\/h3>\n\t\t\t\t\t\t<\/div>\n<\/div><\/div><\/div><\/div><div id=\"pg-9271-1\"  class=\"panel-grid panel-no-style\" ><div id=\"pgc-9271-1-0\"  class=\"panel-grid-cell panel-grid-cell-empty\" ><\/div><div id=\"pgc-9271-1-1\"  class=\"panel-grid-cell panel-grid-cell-mobile-last\" ><div id=\"panel-9271-1-1-0\" class=\"so-panel widget widget_sow-editor panel-first-child panel-last-child\" data-index=\"1\" ><div\n\t\t\t\n\t\t\tclass=\"so-widget-sow-editor so-widget-sow-editor-base\"\n\t\t\t\n\t\t>\n<div class=\"siteorigin-widget-tinymce textwidget\">\n\t<p style=\"text-align: justify;\"><span style=\"font-size: 12pt;\">Plusieurs adultes b\u00e9n\u00e9voles du Tout Court ! ont encadr\u00e9 les jeunes du comit\u00e9 de s\u00e9lection. Ils ont visionn\u00e9, v\u00e9rifi\u00e9 et filtr\u00e9 plus de 900 films avant de montrer aux jeunes une pr\u00e9s\u00e9lection d'une cinquantaine de films. Ils ont \u00e9t\u00e9 touch\u00e9s, \u00e9mus, amus\u00e9s par des \u0153uvres qui ont parfois moins convaincu les jeunes - question d'\u00e2ge, de g\u00e9n\u00e9ration... Ils ont souhait\u00e9 offrir au public du festival une s\u00e9lection hors-comp\u00e9tition des films qui les ont le plus enthousiasm\u00e9s : la s\u00e9lection des encadrants !<\/span><\/p>\n<p style=\"text-align: center;\"><span style=\"font-size: 12pt;\"><em><strong>4 films<\/strong> - Dur\u00e9e 1h14 plus \u00e9changes avec les artistes.<\/em><\/span><\/p>\n<p style=\"text-align: center;\"><em><span style=\"font-size: 12pt;\">Projection le <strong>vendredi 22 mars 2024<\/strong>&nbsp;\u00e0 <strong>19h30<\/strong> en ouverture du festival \u00e0 la <strong>salle polyvalente de Gisors<\/strong><\/span><\/em><\/p>\n<\/div>\n<\/div><\/div><\/div><div id=\"pgc-9271-1-2\"  class=\"panel-grid-cell panel-grid-cell-empty\" ><\/div><\/div><div id=\"pg-9271-2\"  class=\"panel-grid panel-no-style\" ><div id=\"pgc-9271-2-0\"  class=\"panel-grid-cell\" ><div id=\"panel-9271-2-0-0\" class=\"so-panel widget widget_sow-headline panel-first-child panel-last-child\" data-index=\"2\" ><div\n\t\t\t\n\t\t\tclass=\"so-widget-sow-headline so-widget-sow-headline-default-6090f20097d1-9271\"\n\t\t\t\n\t\t><div class=\"sow-headline-container \">\n\t\t\t\t\t\t<div class=\"decoration\">\n\t\t\t\t\t\t<div class=\"decoration-inside\"><\/div>\n\t\t\t\t\t<\/div>\n\t\t\t\t\t<\/div>\n<\/div><\/div><\/div><\/div><div id=\"pg-9271-3\"  class=\"panel-grid panel-has-style\" ><div class=\"panel-row-style panel-row-style-for-9271-3\" ><div id=\"pgc-9271-3-0\"  class=\"panel-grid-cell\" ><div id=\"panel-9271-3-0-0\" class=\"so-panel widget widget_sow-editor panel-first-child\" data-index=\"3\" ><div class=\"panel-widget-style panel-widget-style-for-9271-3-0-0\" ><div\n\t\t\t\n\t\t\tclass=\"so-widget-sow-editor so-widget-sow-editor-base\"\n\t\t\t\n\t\t>\n<div class=\"siteorigin-widget-tinymce textwidget\">\n\t<h1 style=\"text-align: justify;\"><span style=\"color: #e6e6e6;\"><strong>Les effaceurs<br \/>\n<\/strong><\/span><\/h1>\n<\/div>\n<\/div><\/div><\/div><div id=\"panel-9271-3-0-1\" class=\"so-panel widget widget_siteorigin-panels-builder panel-last-child\" data-index=\"4\" ><div id=\"pl-w65cd607044eea\"  class=\"panel-layout\" ><div id=\"pg-w65cd607044eea-0\"  class=\"panel-grid panel-no-style\" ><div id=\"pgc-w65cd607044eea-0-0\"  class=\"panel-grid-cell panel-grid-cell-empty\" ><\/div><div id=\"pgc-w65cd607044eea-0-1\"  class=\"panel-grid-cell\" ><div id=\"panel-w65cd607044eea-0-1-0\" class=\"so-panel widget widget_sow-image panel-first-child panel-last-child\" data-index=\"0\" ><div class=\"panel-widget-style panel-widget-style-for-w65cd607044eea-0-1-0\" ><div\n\t\t\t\n\t\t\tclass=\"so-widget-sow-image so-widget-sow-image-default-4e6925654b7a\"\n\t\t\t\n\t\t>\n<div class=\"sow-image-container\">\n\t\t<img \n\tsrc=\"https:\/\/i0.wp.com\/toutcourtfestival.fr\/wp-content\/uploads\/2024\/02\/3703_thumb.jpg?resize=272%2C182&amp;ssl=1\" width=\"272\" height=\"182\" srcset=\"https:\/\/i0.wp.com\/toutcourtfestival.fr\/wp-content\/uploads\/2024\/02\/3703_thumb.jpg?resize=272%2C182&amp;ssl=1 272w, https:\/\/i0.wp.com\/toutcourtfestival.fr\/wp-content\/uploads\/2024\/02\/3703_thumb.jpg?zoom=2&amp;resize=272%2C182&amp;ssl=1 544w, https:\/\/i0.wp.com\/toutcourtfestival.fr\/wp-content\/uploads\/2024\/02\/3703_thumb.jpg?zoom=3&amp;resize=272%2C182&amp;ssl=1 816w\" alt=\"\" \t\tclass=\"so-widget-image\"\/>\n\t<\/div>\n\n<\/div><\/div><\/div><\/div><div id=\"pgc-w65cd607044eea-0-2\"  class=\"panel-grid-cell\" ><div id=\"panel-w65cd607044eea-0-2-0\" class=\"so-panel widget widget_sow-editor panel-first-child panel-last-child\" data-index=\"1\" ><div\n\t\t\t\n\t\t\tclass=\"so-widget-sow-editor so-widget-sow-editor-base\"\n\t\t\t\n\t\t>\n<div class=\"siteorigin-widget-tinymce textwidget\">\n\t<p style=\"text-align: justify;\"><span style=\"font-size: 12pt; color: #e6e6e6;\"><em>Com\u00e9die de Fr\u00e9d\u00e9rick Vin - France - 22\u201944\u201d<\/p>\n<p><\/em><\/span><\/p>\n<p style=\"text-align: justify;\"><span style=\"font-size: 12pt; color: #e6e6e6;\">Sur le Tour de France, deux hommes ont un m\u00e9tier singulier. Ils sont charg\u00e9s d\u2019effacer les sexes et autres inscriptions orduri\u00e8res ou politiques peintes sur les routes, avant le passage des coureurs et de la t\u00e9l\u00e9vision. Pour son premier jour, l\u2019un d\u2019eux va surtout devoir trouver une solution pour ne pas perdre sa fianc\u00e9e. <\/p>\n<p><\/span><\/p>\n<\/div>\n<\/div><\/div><\/div><\/div><\/div><\/div><\/div><\/div><\/div><div id=\"pg-9271-4\"  class=\"panel-grid panel-has-style\" ><div class=\"panel-row-style panel-row-style-for-9271-4\" ><div id=\"pgc-9271-4-0\"  class=\"panel-grid-cell\" ><div id=\"panel-9271-4-0-0\" class=\"so-panel widget widget_sow-editor panel-first-child\" data-index=\"5\" ><div class=\"panel-widget-style panel-widget-style-for-9271-4-0-0\" ><div\n\t\t\t\n\t\t\tclass=\"so-widget-sow-editor so-widget-sow-editor-base\"\n\t\t\t\n\t\t>\n<div class=\"siteorigin-widget-tinymce textwidget\">\n\t<h1 style=\"text-align: justify;\"><b>Animal sauce ail<br \/>\n<\/b><\/h1>\n<\/div>\n<\/div><\/div><\/div><div id=\"panel-9271-4-0-1\" class=\"so-panel widget widget_siteorigin-panels-builder panel-last-child\" data-index=\"6\" ><div id=\"pl-w65cd610cd8694\"  class=\"panel-layout\" ><div id=\"pg-w65cd610cd8694-0\"  class=\"panel-grid panel-no-style\" ><div id=\"pgc-w65cd610cd8694-0-0\"  class=\"panel-grid-cell panel-grid-cell-empty\" ><\/div><div id=\"pgc-w65cd610cd8694-0-1\"  class=\"panel-grid-cell\" ><div id=\"panel-w65cd610cd8694-0-1-0\" class=\"so-panel widget widget_sow-image panel-first-child panel-last-child\" data-index=\"0\" ><div class=\"panel-widget-style panel-widget-style-for-w65cd610cd8694-0-1-0\" ><div\n\t\t\t\n\t\t\tclass=\"so-widget-sow-image so-widget-sow-image-default-4e6925654b7a\"\n\t\t\t\n\t\t>\n<div class=\"sow-image-container\">\n\t\t<img \n\tsrc=\"https:\/\/i0.wp.com\/toutcourtfestival.fr\/wp-content\/uploads\/2024\/02\/Animal_Sauce_Ail_01.jpg?resize=272%2C182&amp;ssl=1\" width=\"272\" height=\"182\" srcset=\"https:\/\/i0.wp.com\/toutcourtfestival.fr\/wp-content\/uploads\/2024\/02\/Animal_Sauce_Ail_01.jpg?resize=272%2C182&amp;ssl=1 272w, https:\/\/i0.wp.com\/toutcourtfestival.fr\/wp-content\/uploads\/2024\/02\/Animal_Sauce_Ail_01.jpg?zoom=2&amp;resize=272%2C182&amp;ssl=1 544w, https:\/\/i0.wp.com\/toutcourtfestival.fr\/wp-content\/uploads\/2024\/02\/Animal_Sauce_Ail_01.jpg?zoom=3&amp;resize=272%2C182&amp;ssl=1 816w\" alt=\"\" \t\tclass=\"so-widget-image\"\/>\n\t<\/div>\n\n<\/div><\/div><\/div><\/div><div id=\"pgc-w65cd610cd8694-0-2\"  class=\"panel-grid-cell\" ><div id=\"panel-w65cd610cd8694-0-2-0\" class=\"so-panel widget widget_sow-editor panel-first-child panel-last-child\" data-index=\"1\" ><div\n\t\t\t\n\t\t\tclass=\"so-widget-sow-editor so-widget-sow-editor-base\"\n\t\t\t\n\t\t>\n<div class=\"siteorigin-widget-tinymce textwidget\">\n\t<p style=\"text-align: justify;\"><span style=\"font-size: 12pt;\"><em>Com\u00e9die de Ysaline Debut , Isa Cotte , Aur\u00e9lien Duchez , Camille Rostan , Cl\u00e9ment Mouchel , Diane Mazella - France - 6\u201937\u201d [Film d'animation]<\/p>\n<p><\/em><\/span><\/p>\n<p style=\"text-align: justify;\"><span style=\"font-size: 12pt;\">C'est non loin de tout mais pr\u00e8s de rien, \u00e0 Perperte les Oies, que courent \u00e0 leur perte les Pepertoies. Les habitants de ce petit village, riche en volailles \u00e0 cou long, surexploitent chaque nouvelle esp\u00e8ce, des oies aux t\u00eatards, en passant par les grenouilles. Chaque nouvelle gestion de leur environnement et de leur consommation est racont\u00e9e \u00e0 travers des \u00e9missions t\u00e9l\u00e9vis\u00e9es, toutes plus bricol\u00e9es les unes que les autres. Ainsi, du journaze jusqu'au terrain connu, nous suivons une \u00e9volution d\u00e9croissante jusqu'\u00e0 une fin imminente.<\/p>\n<p><\/span><\/p>\n<\/div>\n<\/div><\/div><\/div><\/div><\/div><\/div><\/div><\/div><\/div><div id=\"pg-9271-5\"  class=\"panel-grid panel-has-style\" ><div class=\"panel-row-style panel-row-style-for-9271-5\" ><div id=\"pgc-9271-5-0\"  class=\"panel-grid-cell\" ><div id=\"panel-9271-5-0-0\" class=\"so-panel widget widget_sow-editor panel-first-child\" data-index=\"7\" ><div class=\"panel-widget-style panel-widget-style-for-9271-5-0-0\" ><div\n\t\t\t\n\t\t\tclass=\"so-widget-sow-editor so-widget-sow-editor-base\"\n\t\t\t\n\t\t>\n<div class=\"siteorigin-widget-tinymce textwidget\">\n\t<h1 style=\"text-align: justify;\"><span style=\"color: #e6e6e6;\"><b>\u00c0 45 ans<\/p>\n<p><\/b><\/span><b><\/b><\/h1>\n<\/div>\n<\/div><\/div><\/div><div id=\"panel-9271-5-0-1\" class=\"so-panel widget widget_siteorigin-panels-builder panel-last-child\" data-index=\"8\" ><div id=\"pl-w65cd6171ef499\"  class=\"panel-layout\" ><div id=\"pg-w65cd6171ef499-0\"  class=\"panel-grid panel-no-style\" ><div id=\"pgc-w65cd6171ef499-0-0\"  class=\"panel-grid-cell panel-grid-cell-empty\" ><\/div><div id=\"pgc-w65cd6171ef499-0-1\"  class=\"panel-grid-cell\" ><div id=\"panel-w65cd6171ef499-0-1-0\" class=\"so-panel widget widget_sow-image panel-first-child panel-last-child\" data-index=\"0\" ><div class=\"panel-widget-style panel-widget-style-for-w65cd6171ef499-0-1-0\" ><div\n\t\t\t\n\t\t\tclass=\"so-widget-sow-image so-widget-sow-image-default-4e6925654b7a\"\n\t\t\t\n\t\t>\n<div class=\"sow-image-container\">\n\t\t<img \n\tsrc=\"https:\/\/i0.wp.com\/toutcourtfestival.fr\/wp-content\/uploads\/2024\/02\/1009_thumb.jpg?resize=272%2C182&amp;ssl=1\" width=\"272\" height=\"182\" srcset=\"https:\/\/i0.wp.com\/toutcourtfestival.fr\/wp-content\/uploads\/2024\/02\/1009_thumb.jpg?resize=272%2C182&amp;ssl=1 272w, https:\/\/i0.wp.com\/toutcourtfestival.fr\/wp-content\/uploads\/2024\/02\/1009_thumb.jpg?zoom=2&amp;resize=272%2C182&amp;ssl=1 544w, https:\/\/i0.wp.com\/toutcourtfestival.fr\/wp-content\/uploads\/2024\/02\/1009_thumb.jpg?zoom=3&amp;resize=272%2C182&amp;ssl=1 816w\" alt=\"\" \t\tclass=\"so-widget-image\"\/>\n\t<\/div>\n\n<\/div><\/div><\/div><\/div><div id=\"pgc-w65cd6171ef499-0-2\"  class=\"panel-grid-cell\" ><div id=\"panel-w65cd6171ef499-0-2-0\" class=\"so-panel widget widget_sow-editor panel-first-child panel-last-child\" data-index=\"1\" ><div\n\t\t\t\n\t\t\tclass=\"so-widget-sow-editor so-widget-sow-editor-base\"\n\t\t\t\n\t\t>\n<div class=\"siteorigin-widget-tinymce textwidget\">\n\t<p style=\"text-align: justify;\"><span style=\"font-size: 12pt; color: #e6e6e6;\"><em>Drame de Prunelle Perle SAKOFIO - France, Centrafrique - 20\u201926\u201d<\/p>\n<p><\/em><\/span><\/p>\n<p style=\"text-align: justify;\"><span style=\"font-size: 12pt; color: #e6e6e6;\">Evelyne, 45 ans, d\u00e9cide de revenir sur les bancs de l'\u00e9cole pour obtenir son baccalaur\u00e9at et ainsi avoir un travail avec lequel elle peut pallier aux besoins de sa famille. Sa fille Julianna est g\u00ean\u00e9e d\u2019\u00eatre dans la m\u00eame classe qu'elle et son mari Simplice s'oppose \u00e0 son initiative. Ainsi, pressions et d\u00e9couragements sont au rendez-vous.<\/p>\n<p><\/span><\/p>\n<\/div>\n<\/div><\/div><\/div><\/div><\/div><\/div><\/div><\/div><\/div><div id=\"pg-9271-6\"  class=\"panel-grid panel-has-style\" ><div class=\"panel-row-style panel-row-style-for-9271-6\" ><div id=\"pgc-9271-6-0\"  class=\"panel-grid-cell\" ><div id=\"panel-9271-6-0-0\" class=\"so-panel widget widget_sow-editor panel-first-child\" data-index=\"9\" ><div class=\"panel-widget-style panel-widget-style-for-9271-6-0-0\" ><div\n\t\t\t\n\t\t\tclass=\"so-widget-sow-editor so-widget-sow-editor-base\"\n\t\t\t\n\t\t>\n<div class=\"siteorigin-widget-tinymce textwidget\">\n\t<h1 style=\"text-align: justify;\"><b>Avec l'humanit\u00e9 qui convient<br \/>\n<\/b><\/h1>\n<\/div>\n<\/div><\/div><\/div><div id=\"panel-9271-6-0-1\" class=\"so-panel widget widget_siteorigin-panels-builder panel-last-child\" data-index=\"10\" ><div id=\"pl-w65cd61e79df64\"  class=\"panel-layout\" ><div id=\"pg-w65cd61e79df64-0\"  class=\"panel-grid panel-no-style\" ><div id=\"pgc-w65cd61e79df64-0-0\"  class=\"panel-grid-cell panel-grid-cell-empty\" ><\/div><div id=\"pgc-w65cd61e79df64-0-1\"  class=\"panel-grid-cell\" ><div id=\"panel-w65cd61e79df64-0-1-0\" class=\"so-panel widget widget_sow-image panel-first-child panel-last-child\" data-index=\"0\" ><div class=\"panel-widget-style panel-widget-style-for-w65cd61e79df64-0-1-0\" ><div\n\t\t\t\n\t\t\tclass=\"so-widget-sow-image so-widget-sow-image-default-4e6925654b7a\"\n\t\t\t\n\t\t>\n<div class=\"sow-image-container\">\n\t\t<img \n\tsrc=\"https:\/\/i0.wp.com\/toutcourtfestival.fr\/wp-content\/uploads\/2024\/02\/9927_thumb.jpg?resize=272%2C182&amp;ssl=1\" width=\"272\" height=\"182\" srcset=\"https:\/\/i0.wp.com\/toutcourtfestival.fr\/wp-content\/uploads\/2024\/02\/9927_thumb.jpg?resize=272%2C182&amp;ssl=1 272w, https:\/\/i0.wp.com\/toutcourtfestival.fr\/wp-content\/uploads\/2024\/02\/9927_thumb.jpg?zoom=2&amp;resize=272%2C182&amp;ssl=1 544w, https:\/\/i0.wp.com\/toutcourtfestival.fr\/wp-content\/uploads\/2024\/02\/9927_thumb.jpg?zoom=3&amp;resize=272%2C182&amp;ssl=1 816w\" alt=\"\" \t\tclass=\"so-widget-image\"\/>\n\t<\/div>\n\n<\/div><\/div><\/div><\/div><div id=\"pgc-w65cd61e79df64-0-2\"  class=\"panel-grid-cell\" ><div id=\"panel-w65cd61e79df64-0-2-0\" class=\"so-panel widget widget_sow-editor panel-first-child panel-last-child\" data-index=\"1\" ><div\n\t\t\t\n\t\t\tclass=\"so-widget-sow-editor so-widget-sow-editor-base\"\n\t\t\t\n\t\t>\n<div class=\"siteorigin-widget-tinymce textwidget\">\n\t<p style=\"text-align: justify;\"><span style=\"font-size: 12pt; font-family: arial, helvetica, sans-serif;\"><em>Suspense de Kasper CHECINSKI - France - 24\u201958\u201d<br \/>\n<\/em><\/span><\/p>\n<p style=\"text-align: justify;\"><span style=\"font-size: 12pt;\">Dans une antenne P\u00f4le Emploi en pleine restructuration, H\u00e9l\u00e8ne, directrice adjointe, re\u00e7oit un e-mail alarmant de la part d\u2019une ch\u00f4meuse d\u00e9sesp\u00e9r\u00e9e. Cette derni\u00e8re menace de venir mettre fin \u00e0 ses jours dans les locaux de l'agence. Avec l\u2019aide de son \u00e9quipe, H\u00e9l\u00e8ne va tenter de d\u00e9m\u00ealer les dysfonctionnements internes \u00e0 l\u2019origine de l\u2019affaire afin d\u2019emp\u00eacher l\u2019irr\u00e9parable. Le temps est compt\u00e9.<\/p>\n<p><\/span><\/p>\n<\/div>\n<\/div><\/div><\/div><\/div><\/div><\/div><\/div><\/div><\/div><div id=\"pg-9271-7\"  class=\"panel-grid panel-no-style\" ><div id=\"pgc-9271-7-0\"  class=\"panel-grid-cell\" ><div id=\"panel-9271-7-0-0\" class=\"so-panel widget widget_text panel-first-child panel-last-child\" data-index=\"11\" >\t\t\t<div class=\"textwidget\"><style>.entry-title {display:none;}<\/style> <\/div>\n\t\t<\/div><\/div><\/div><\/div>","protected":false},"excerpt":{"rendered":"<p>S\u00e9lection des encadrants S\u00e9lections parall\u00e8les <\/p>\n<p style=\"text-align: justify;\">Plusieurs adultes b\u00e9n\u00e9voles du Tout Court ! ont encadr\u00e9 les jeunes du comit\u00e9 de s\u00e9lection. Ils ont visionn\u00e9, v\u00e9rifi\u00e9 et filtr\u00e9 plus de 900 films avant de montrer aux jeunes une pr\u00e9s\u00e9lection d&#8217;une cinquantaine de films. Ils ont \u00e9t\u00e9 touch\u00e9s, \u00e9mus, amus\u00e9s par des \u0153uvres qui ont parfois &hellip; <\/p>\n<p><a class=\"more-link btn\" href=\"https:\/\/toutcourtfestival.fr\/index.php\/archives\/tout-court-2024\/selection-2024\/selections-2024-selection-des-encadrants\/\">Continue reading<\/a><\/p>\n","protected":false},"author":1,"featured_media":9199,"parent":9183,"menu_order":0,"comment_status":"closed","ping_status":"closed","template":"","meta":{"ngg_post_thumbnail":0,"jetpack_post_was_ever_published":false,"footnotes":""},"class_list":["post-9271","page","type-page","status-publish","has-post-thumbnail","hentry","nodate","item-wrap"],"jetpack_sharing_enabled":true,"jetpack_shortlink":"https:\/\/wp.me\/P8k6iw-2px","jetpack_likes_enabled":true,"_links":{"self":[{"href":"https:\/\/toutcourtfestival.fr\/index.php\/wp-json\/wp\/v2\/pages\/9271","targetHints":{"allow":["GET"]}}],"collection":[{"href":"https:\/\/toutcourtfestival.fr\/index.php\/wp-json\/wp\/v2\/pages"}],"about":[{"href":"https:\/\/toutcourtfestival.fr\/index.php\/wp-json\/wp\/v2\/types\/page"}],"author":[{"embeddable":true,"href":"https:\/\/toutcourtfestival.fr\/index.php\/wp-json\/wp\/v2\/users\/1"}],"replies":[{"embeddable":true,"href":"https:\/\/toutcourtfestival.fr\/index.php\/wp-json\/wp\/v2\/comments?post=9271"}],"version-history":[{"count":7,"href":"https:\/\/toutcourtfestival.fr\/index.php\/wp-json\/wp\/v2\/pages\/9271\/revisions"}],"predecessor-version":[{"id":9281,"href":"https:\/\/toutcourtfestival.fr\/index.php\/wp-json\/wp\/v2\/pages\/9271\/revisions\/9281"}],"up":[{"embeddable":true,"href":"https:\/\/toutcourtfestival.fr\/index.php\/wp-json\/wp\/v2\/pages\/9183"}],"wp:featuredmedia":[{"embeddable":true,"href":"https:\/\/toutcourtfestival.fr\/index.php\/wp-json\/wp\/v2\/media\/9199"}],"wp:attachment":[{"href":"https:\/\/toutcourtfestival.fr\/index.php\/wp-json\/wp\/v2\/media?parent=9271"}],"curies":[{"name":"wp","href":"https:\/\/api.w.org\/{rel}","templated":true}]}}