{"id":9283,"date":"2024-02-15T02:06:19","date_gmt":"2024-02-15T01:06:19","guid":{"rendered":"https:\/\/toutcourtfestival.fr\/?page_id=9283"},"modified":"2024-02-15T02:21:20","modified_gmt":"2024-02-15T01:21:20","slug":"selection-2024-films-danimation","status":"publish","type":"page","link":"https:\/\/toutcourtfestival.fr\/index.php\/archives\/tout-court-2024\/selection-2024\/selection-2024-films-danimation\/","title":{"rendered":"S\u00e9lection 2024 : films d&#8217;animation"},"content":{"rendered":"<div id=\"pl-9283\"  class=\"panel-layout\" ><div id=\"pg-9283-0\"  class=\"panel-grid panel-no-style\" ><div id=\"pgc-9283-0-0\"  class=\"panel-grid-cell\" ><div id=\"panel-9283-0-0-0\" class=\"so-panel widget widget_sow-headline panel-first-child panel-last-child\" data-index=\"0\" ><div\n\t\t\t\n\t\t\tclass=\"so-widget-sow-headline so-widget-sow-headline-default-3c6557d8c08b-9283\"\n\t\t\t\n\t\t><div class=\"sow-headline-container \">\n\t\t\t\t\t\t\t<h1 class=\"sow-headline\">\n\t\t\t\t\t\tS\u00e9lection films d'animation\t\t\t\t\t\t<\/h1>\n\t\t\t\t\t\t\t\t\t\t\t<div class=\"decoration\">\n\t\t\t\t\t\t<div class=\"decoration-inside\"><\/div>\n\t\t\t\t\t<\/div>\n\t\t\t\t\t\t\t\t\t\t\t<h3 class=\"sow-sub-headline\">\n\t\t\t\t\t\tS\u00e9lections parall\u00e8les\t\t\t\t\t\t<\/h3>\n\t\t\t\t\t\t<\/div>\n<\/div><\/div><\/div><\/div><div id=\"pg-9283-1\"  class=\"panel-grid panel-no-style\" ><div id=\"pgc-9283-1-0\"  class=\"panel-grid-cell panel-grid-cell-empty\" ><\/div><div id=\"pgc-9283-1-1\"  class=\"panel-grid-cell panel-grid-cell-mobile-last\" ><div id=\"panel-9283-1-1-0\" class=\"so-panel widget widget_sow-editor panel-first-child panel-last-child\" data-index=\"1\" ><div\n\t\t\t\n\t\t\tclass=\"so-widget-sow-editor so-widget-sow-editor-base\"\n\t\t\t\n\t\t>\n<div class=\"siteorigin-widget-tinymce textwidget\">\n\t<p style=\"text-align: justify;\"><span style=\"font-size: 12pt;\">L'animation est \u00e0 l'honneur cette ann\u00e9e au Tout Court ! Souvent rel\u00e9gu\u00e9e aux films pour enfants, ou ignor\u00e9e dans les festival, nous avons voulu la mettre en avant cette ann\u00e9e en lui consacrant une s\u00e9lection parall\u00e8le sp\u00e9ciale !<\/span><\/p>\n<p>Pour adultes et adolescents.<\/p>\n<p style=\"text-align: center;\"><em><strong>7 films<\/strong> - Dur\u00e9e 1h19 suivi d'un \u00e9change avec les artistes.<\/em><\/p>\n<p style=\"text-align: center;\"><em><span style=\"font-size: 12pt;\">Projection le <strong>samedi 23 mars 2024<\/strong>&nbsp;\u00e0 <strong>14h00<\/strong> \u00e0 la <strong>salle polyvalente de Gisors<\/strong><\/span><\/em><\/p>\n<\/div>\n<\/div><\/div><\/div><div id=\"pgc-9283-1-2\"  class=\"panel-grid-cell panel-grid-cell-empty\" ><\/div><\/div><div id=\"pg-9283-2\"  class=\"panel-grid panel-no-style\" ><div id=\"pgc-9283-2-0\"  class=\"panel-grid-cell\" ><div id=\"panel-9283-2-0-0\" class=\"so-panel widget widget_sow-headline panel-first-child panel-last-child\" data-index=\"2\" ><div\n\t\t\t\n\t\t\tclass=\"so-widget-sow-headline so-widget-sow-headline-default-6090f20097d1-9283\"\n\t\t\t\n\t\t><div class=\"sow-headline-container \">\n\t\t\t\t\t\t<div class=\"decoration\">\n\t\t\t\t\t\t<div class=\"decoration-inside\"><\/div>\n\t\t\t\t\t<\/div>\n\t\t\t\t\t<\/div>\n<\/div><\/div><\/div><\/div><div id=\"pg-9283-3\"  class=\"panel-grid panel-has-style\" ><div class=\"panel-row-style panel-row-style-for-9283-3\" ><div id=\"pgc-9283-3-0\"  class=\"panel-grid-cell\" ><div id=\"panel-9283-3-0-0\" class=\"so-panel widget widget_sow-editor panel-first-child\" data-index=\"3\" ><div class=\"panel-widget-style panel-widget-style-for-9283-3-0-0\" ><div\n\t\t\t\n\t\t\tclass=\"so-widget-sow-editor so-widget-sow-editor-base\"\n\t\t\t\n\t\t>\n<div class=\"siteorigin-widget-tinymce textwidget\">\n\t<h1 style=\"text-align: justify;\"><span style=\"color: #e6e6e6;\"><strong>Au 8\u00e8me Jour<br \/>\n<\/strong><\/span><\/h1>\n<\/div>\n<\/div><\/div><\/div><div id=\"panel-9283-3-0-1\" class=\"so-panel widget widget_siteorigin-panels-builder panel-last-child\" data-index=\"4\" ><div id=\"pl-w65cd638c4c946\"  class=\"panel-layout\" ><div id=\"pg-w65cd638c4c946-0\"  class=\"panel-grid panel-no-style\" ><div id=\"pgc-w65cd638c4c946-0-0\"  class=\"panel-grid-cell panel-grid-cell-empty\" ><\/div><div id=\"pgc-w65cd638c4c946-0-1\"  class=\"panel-grid-cell\" ><div id=\"panel-w65cd638c4c946-0-1-0\" class=\"so-panel widget widget_sow-image panel-first-child panel-last-child\" data-index=\"0\" ><div class=\"panel-widget-style panel-widget-style-for-w65cd638c4c946-0-1-0\" ><div\n\t\t\t\n\t\t\tclass=\"so-widget-sow-image so-widget-sow-image-default-4e6925654b7a\"\n\t\t\t\n\t\t>\n<div class=\"sow-image-container\">\n\t\t<img \n\tsrc=\"https:\/\/i0.wp.com\/toutcourtfestival.fr\/wp-content\/uploads\/2024\/02\/Au-8eme-Jour_02.jpg?resize=272%2C182&amp;ssl=1\" width=\"272\" height=\"182\" srcset=\"https:\/\/i0.wp.com\/toutcourtfestival.fr\/wp-content\/uploads\/2024\/02\/Au-8eme-Jour_02.jpg?resize=272%2C182&amp;ssl=1 272w, https:\/\/i0.wp.com\/toutcourtfestival.fr\/wp-content\/uploads\/2024\/02\/Au-8eme-Jour_02.jpg?zoom=2&amp;resize=272%2C182&amp;ssl=1 544w, https:\/\/i0.wp.com\/toutcourtfestival.fr\/wp-content\/uploads\/2024\/02\/Au-8eme-Jour_02.jpg?zoom=3&amp;resize=272%2C182&amp;ssl=1 816w\" title=\"Au 8eme Jour_02\" alt=\"\" \t\tclass=\"so-widget-image\"\/>\n\t<\/div>\n\n<\/div><\/div><\/div><\/div><div id=\"pgc-w65cd638c4c946-0-2\"  class=\"panel-grid-cell\" ><div id=\"panel-w65cd638c4c946-0-2-0\" class=\"so-panel widget widget_sow-editor panel-first-child panel-last-child\" data-index=\"1\" ><div\n\t\t\t\n\t\t\tclass=\"so-widget-sow-editor so-widget-sow-editor-base\"\n\t\t\t\n\t\t>\n<div class=\"siteorigin-widget-tinymce textwidget\">\n\t<p style=\"text-align: justify;\"><span style=\"font-size: 12pt; color: #e6e6e6;\"><em>Fantastique de Agathe S\u00e9n\u00e9chal , Alicia Massez , Elise Debruyne , Flavie Carin , Th\u00e9o Duhautois - France - 8\u201912\u201d [Film d'animation]<\/p>\n<p><\/em><\/span><\/p>\n<p style=\"text-align: justify;\"><span style=\"font-size: 12pt; color: #e6e6e6;\">Il a fallu 7 jours pour cr\u00e9er le monde, il n'en aura fallu qu'un pour bouleverser son \u00e9quilibre.<\/p>\n<p><\/span><\/p>\n<\/div>\n<\/div><\/div><\/div><\/div><\/div><\/div><\/div><\/div><\/div><div id=\"pg-9283-4\"  class=\"panel-grid panel-has-style\" ><div class=\"panel-row-style panel-row-style-for-9283-4\" ><div id=\"pgc-9283-4-0\"  class=\"panel-grid-cell\" ><div id=\"panel-9283-4-0-0\" class=\"so-panel widget widget_sow-editor panel-first-child\" data-index=\"5\" ><div class=\"panel-widget-style panel-widget-style-for-9283-4-0-0\" ><div\n\t\t\t\n\t\t\tclass=\"so-widget-sow-editor so-widget-sow-editor-base\"\n\t\t\t\n\t\t>\n<div class=\"siteorigin-widget-tinymce textwidget\">\n\t<h1 style=\"text-align: justify;\"><b>Vercors<\/p>\n<p><\/b><\/h1>\n<\/div>\n<\/div><\/div><\/div><div id=\"panel-9283-4-0-1\" class=\"so-panel widget widget_siteorigin-panels-builder panel-last-child\" data-index=\"6\" ><div id=\"pl-w65cd644250a8e\"  class=\"panel-layout\" ><div id=\"pg-w65cd644250a8e-0\"  class=\"panel-grid panel-no-style\" ><div id=\"pgc-w65cd644250a8e-0-0\"  class=\"panel-grid-cell panel-grid-cell-empty\" ><\/div><div id=\"pgc-w65cd644250a8e-0-1\"  class=\"panel-grid-cell\" ><div id=\"panel-w65cd644250a8e-0-1-0\" class=\"so-panel widget widget_sow-image panel-first-child panel-last-child\" data-index=\"0\" ><div class=\"panel-widget-style panel-widget-style-for-w65cd644250a8e-0-1-0\" ><div\n\t\t\t\n\t\t\tclass=\"so-widget-sow-image so-widget-sow-image-default-4e6925654b7a\"\n\t\t\t\n\t\t>\n<div class=\"sow-image-container\">\n\t\t<img \n\tsrc=\"https:\/\/i0.wp.com\/toutcourtfestival.fr\/wp-content\/uploads\/2024\/02\/VERCORS_%C2%A9_Les_Astronautes_01.jpg?resize=272%2C182&amp;ssl=1\" width=\"272\" height=\"182\" alt=\"\" \t\tclass=\"so-widget-image\"\/>\n\t<\/div>\n\n<\/div><\/div><\/div><\/div><div id=\"pgc-w65cd644250a8e-0-2\"  class=\"panel-grid-cell\" ><div id=\"panel-w65cd644250a8e-0-2-0\" class=\"so-panel widget widget_sow-editor panel-first-child panel-last-child\" data-index=\"1\" ><div\n\t\t\t\n\t\t\tclass=\"so-widget-sow-editor so-widget-sow-editor-base\"\n\t\t\t\n\t\t>\n<div class=\"siteorigin-widget-tinymce textwidget\">\n\t<p style=\"text-align: justify;\"><span style=\"font-size: 12pt;\"><em>Drame de Lyonel Charmette - France - 19\u201940\u201d [Film d'animation]<\/p>\n<p><\/em><\/span><\/p>\n<p style=\"text-align: justify;\"><span style=\"font-size: 12pt;\">Dans un camp perdu aux abords du Vercors, cinq r\u00e9sistants oubli\u00e9s par leur \u00e9tat-major luttent contre l\u2019ennui, la frustration, et un quotidien difficile. A force d\u2019inaction, Joseph, le petit nouveau, se met \u00e0 tenir t\u00eate \u00e0 son oncle, en charge des maquisards. Petit \u00e0 petit, la folie s\u2019empare de Joseph et se propage chez les autres.<\/p>\n<p><\/span><\/p>\n<\/div>\n<\/div><\/div><\/div><\/div><\/div><\/div><\/div><\/div><\/div><div id=\"pg-9283-5\"  class=\"panel-grid panel-has-style\" ><div class=\"panel-row-style panel-row-style-for-9283-5\" ><div id=\"pgc-9283-5-0\"  class=\"panel-grid-cell\" ><div id=\"panel-9283-5-0-0\" class=\"so-panel widget widget_sow-editor panel-first-child\" data-index=\"7\" ><div class=\"panel-widget-style panel-widget-style-for-9283-5-0-0\" ><div\n\t\t\t\n\t\t\tclass=\"so-widget-sow-editor so-widget-sow-editor-base\"\n\t\t\t\n\t\t>\n<div class=\"siteorigin-widget-tinymce textwidget\">\n\t<h1 style=\"text-align: justify;\"><span style=\"color: #e6e6e6;\"><b>La saison pourpre<br \/>\n<\/b><\/span><b><\/b><\/h1>\n<\/div>\n<\/div><\/div><\/div><div id=\"panel-9283-5-0-1\" class=\"so-panel widget widget_siteorigin-panels-builder panel-last-child\" data-index=\"8\" ><div id=\"pl-w65cd64adcb492\"  class=\"panel-layout\" ><div id=\"pg-w65cd64adcb492-0\"  class=\"panel-grid panel-no-style\" ><div id=\"pgc-w65cd64adcb492-0-0\"  class=\"panel-grid-cell panel-grid-cell-empty\" ><\/div><div id=\"pgc-w65cd64adcb492-0-1\"  class=\"panel-grid-cell\" ><div id=\"panel-w65cd64adcb492-0-1-0\" class=\"so-panel widget widget_sow-image panel-first-child panel-last-child\" data-index=\"0\" ><div class=\"panel-widget-style panel-widget-style-for-w65cd64adcb492-0-1-0\" ><div\n\t\t\t\n\t\t\tclass=\"so-widget-sow-image so-widget-sow-image-default-4e6925654b7a\"\n\t\t\t\n\t\t>\n<div class=\"sow-image-container\">\n\t\t<img \n\tsrc=\"https:\/\/i0.wp.com\/toutcourtfestival.fr\/wp-content\/uploads\/2024\/02\/2744_thumb-2.jpg?resize=272%2C182&amp;ssl=1\" width=\"272\" height=\"182\" srcset=\"https:\/\/i0.wp.com\/toutcourtfestival.fr\/wp-content\/uploads\/2024\/02\/2744_thumb-2.jpg?resize=272%2C182&amp;ssl=1 272w, https:\/\/i0.wp.com\/toutcourtfestival.fr\/wp-content\/uploads\/2024\/02\/2744_thumb-2.jpg?zoom=2&amp;resize=272%2C182&amp;ssl=1 544w, https:\/\/i0.wp.com\/toutcourtfestival.fr\/wp-content\/uploads\/2024\/02\/2744_thumb-2.jpg?zoom=3&amp;resize=272%2C182&amp;ssl=1 816w\" title=\"2744_thumb (2)\" alt=\"\" \t\tclass=\"so-widget-image\"\/>\n\t<\/div>\n\n<\/div><\/div><\/div><\/div><div id=\"pgc-w65cd64adcb492-0-2\"  class=\"panel-grid-cell\" ><div id=\"panel-w65cd64adcb492-0-2-0\" class=\"so-panel widget widget_sow-editor panel-first-child panel-last-child\" data-index=\"1\" ><div\n\t\t\t\n\t\t\tclass=\"so-widget-sow-editor so-widget-sow-editor-base\"\n\t\t\t\n\t\t>\n<div class=\"siteorigin-widget-tinymce textwidget\">\n\t<p style=\"text-align: justify;\"><span style=\"font-size: 12pt; color: #e6e6e6;\"><em>Fable de Cl\u00e9mence Bouchereau - France - 9\u201940\u201d [Film d'animation]<br \/>\n<\/em><\/span><\/p>\n<p style=\"text-align: justify;\"><span style=\"font-size: 12pt; color: #e6e6e6;\">Aux abords d\u2019une mangrove, un groupe de filles vit au rythme du climat et des oies sauvages alentours. Elles s'observent vivre et grandir \u00e0 des \u00e2ges diff\u00e9rents. Le temps passe, des tensions naissent et des rivalit\u00e9s s'installent.<\/p>\n<p><\/span><\/p>\n<\/div>\n<\/div><\/div><\/div><\/div><\/div><\/div><\/div><\/div><\/div><div id=\"pg-9283-6\"  class=\"panel-grid panel-has-style\" ><div class=\"panel-row-style panel-row-style-for-9283-6\" ><div id=\"pgc-9283-6-0\"  class=\"panel-grid-cell\" ><div id=\"panel-9283-6-0-0\" class=\"so-panel widget widget_sow-editor panel-first-child\" data-index=\"9\" ><div class=\"panel-widget-style panel-widget-style-for-9283-6-0-0\" ><div\n\t\t\t\n\t\t\tclass=\"so-widget-sow-editor so-widget-sow-editor-base\"\n\t\t\t\n\t\t>\n<div class=\"siteorigin-widget-tinymce textwidget\">\n\t<h1 style=\"text-align: justify;\"><b>Une grande roue au milieu du d\u00e9sert<\/p>\n<p><\/b><\/h1>\n<\/div>\n<\/div><\/div><\/div><div id=\"panel-9283-6-0-1\" class=\"so-panel widget widget_siteorigin-panels-builder panel-last-child\" data-index=\"10\" ><div id=\"pl-w65cd651a287a5\"  class=\"panel-layout\" ><div id=\"pg-w65cd651a287a5-0\"  class=\"panel-grid panel-no-style\" ><div id=\"pgc-w65cd651a287a5-0-0\"  class=\"panel-grid-cell panel-grid-cell-empty\" ><\/div><div id=\"pgc-w65cd651a287a5-0-1\"  class=\"panel-grid-cell\" ><div id=\"panel-w65cd651a287a5-0-1-0\" class=\"so-panel widget widget_sow-image panel-first-child panel-last-child\" data-index=\"0\" ><div class=\"panel-widget-style panel-widget-style-for-w65cd651a287a5-0-1-0\" ><div\n\t\t\t\n\t\t\tclass=\"so-widget-sow-image so-widget-sow-image-default-4e6925654b7a\"\n\t\t\t\n\t\t>\n<div class=\"sow-image-container\">\n\t\t<img \n\tsrc=\"https:\/\/i0.wp.com\/toutcourtfestival.fr\/wp-content\/uploads\/2024\/02\/2006_thumb-2-1.jpg?resize=272%2C182&amp;ssl=1\" width=\"272\" height=\"182\" srcset=\"https:\/\/i0.wp.com\/toutcourtfestival.fr\/wp-content\/uploads\/2024\/02\/2006_thumb-2-1.jpg?resize=272%2C182&amp;ssl=1 272w, https:\/\/i0.wp.com\/toutcourtfestival.fr\/wp-content\/uploads\/2024\/02\/2006_thumb-2-1.jpg?zoom=2&amp;resize=272%2C182&amp;ssl=1 544w, https:\/\/i0.wp.com\/toutcourtfestival.fr\/wp-content\/uploads\/2024\/02\/2006_thumb-2-1.jpg?zoom=3&amp;resize=272%2C182&amp;ssl=1 816w\" title=\"2006_thumb (2)\" alt=\"\" \t\tclass=\"so-widget-image\"\/>\n\t<\/div>\n\n<\/div><\/div><\/div><\/div><div id=\"pgc-w65cd651a287a5-0-2\"  class=\"panel-grid-cell\" ><div id=\"panel-w65cd651a287a5-0-2-0\" class=\"so-panel widget widget_sow-editor panel-first-child panel-last-child\" data-index=\"1\" ><div\n\t\t\t\n\t\t\tclass=\"so-widget-sow-editor so-widget-sow-editor-base\"\n\t\t\t\n\t\t>\n<div class=\"siteorigin-widget-tinymce textwidget\">\n\t<p style=\"text-align: justify;\"><span style=\"font-size: 12pt; font-family: arial, helvetica, sans-serif;\"><em>Autres de L\u00e9na\u00efg Le Moigne - France - 10\u201923\u201d [Film d'animation]<\/p>\n<p><\/em><\/span><\/p>\n<p style=\"text-align: justify;\"><span style=\"font-size: 12pt;\">Au cours d\u2019un d\u00eener en famille, une jeune femme raconte son exp\u00e9rience de membre d\u2019une organisation humanitaire en Irak.<\/p>\n<p><\/span><\/p>\n<\/div>\n<\/div><\/div><\/div><\/div><\/div><\/div><\/div><\/div><\/div><div id=\"pg-9283-7\"  class=\"panel-grid panel-has-style\" ><div class=\"panel-row-style panel-row-style-for-9283-7\" ><div id=\"pgc-9283-7-0\"  class=\"panel-grid-cell\" ><div id=\"panel-9283-7-0-0\" class=\"so-panel widget widget_sow-editor panel-first-child\" data-index=\"11\" ><div class=\"panel-widget-style panel-widget-style-for-9283-7-0-0\" ><div\n\t\t\t\n\t\t\tclass=\"so-widget-sow-editor so-widget-sow-editor-base\"\n\t\t\t\n\t\t>\n<div class=\"siteorigin-widget-tinymce textwidget\">\n\t<h1 style=\"text-align: justify;\"><span style=\"color: #e6e6e6;\"><b>Pachyderme<\/p>\n<p><\/b><\/span><\/h1>\n<\/div>\n<\/div><\/div><\/div><div id=\"panel-9283-7-0-1\" class=\"so-panel widget widget_siteorigin-panels-builder panel-last-child\" data-index=\"12\" ><div id=\"pl-w65cd657e43d21\"  class=\"panel-layout\" ><div id=\"pg-w65cd657e43d21-0\"  class=\"panel-grid panel-no-style\" ><div id=\"pgc-w65cd657e43d21-0-0\"  class=\"panel-grid-cell panel-grid-cell-empty\" ><\/div><div id=\"pgc-w65cd657e43d21-0-1\"  class=\"panel-grid-cell\" ><div id=\"panel-w65cd657e43d21-0-1-0\" class=\"so-panel widget widget_sow-image panel-first-child panel-last-child\" data-index=\"0\" ><div class=\"panel-widget-style panel-widget-style-for-w65cd657e43d21-0-1-0\" ><div\n\t\t\t\n\t\t\tclass=\"so-widget-sow-image so-widget-sow-image-default-4e6925654b7a\"\n\t\t\t\n\t\t>\n<div class=\"sow-image-container\">\n\t\t<img \n\tsrc=\"https:\/\/i0.wp.com\/toutcourtfestival.fr\/wp-content\/uploads\/2024\/02\/poster-1634137631031-2.jpg?resize=272%2C182&amp;ssl=1\" width=\"272\" height=\"182\" srcset=\"https:\/\/i0.wp.com\/toutcourtfestival.fr\/wp-content\/uploads\/2024\/02\/poster-1634137631031-2.jpg?w=1772&amp;ssl=1 1772w, https:\/\/i0.wp.com\/toutcourtfestival.fr\/wp-content\/uploads\/2024\/02\/poster-1634137631031-2.jpg?resize=300%2C200&amp;ssl=1 300w, https:\/\/i0.wp.com\/toutcourtfestival.fr\/wp-content\/uploads\/2024\/02\/poster-1634137631031-2.jpg?resize=1024%2C682&amp;ssl=1 1024w, https:\/\/i0.wp.com\/toutcourtfestival.fr\/wp-content\/uploads\/2024\/02\/poster-1634137631031-2.jpg?resize=768%2C512&amp;ssl=1 768w, https:\/\/i0.wp.com\/toutcourtfestival.fr\/wp-content\/uploads\/2024\/02\/poster-1634137631031-2.jpg?resize=1536%2C1024&amp;ssl=1 1536w, https:\/\/i0.wp.com\/toutcourtfestival.fr\/wp-content\/uploads\/2024\/02\/poster-1634137631031-2.jpg?resize=1140%2C760&amp;ssl=1 1140w, https:\/\/i0.wp.com\/toutcourtfestival.fr\/wp-content\/uploads\/2024\/02\/poster-1634137631031-2.jpg?resize=272%2C182&amp;ssl=1 272w\" title=\"poster-1634137631031 (2)\" alt=\"\" \t\tclass=\"so-widget-image\"\/>\n\t<\/div>\n\n<\/div><\/div><\/div><\/div><div id=\"pgc-w65cd657e43d21-0-2\"  class=\"panel-grid-cell\" ><div id=\"panel-w65cd657e43d21-0-2-0\" class=\"so-panel widget widget_sow-editor panel-first-child panel-last-child\" data-index=\"1\" ><div\n\t\t\t\n\t\t\tclass=\"so-widget-sow-editor so-widget-sow-editor-base\"\n\t\t\t\n\t\t>\n<div class=\"siteorigin-widget-tinymce textwidget\">\n\t<p style=\"text-align: justify;\"><span style=\"font-size: 12pt; color: #e6e6e6;\"><em>Drame de St\u00e9phanie CLEMENT - France - 11\u2019 [Film d'animation]<\/p>\n<p><\/em><\/span><\/p>\n<p style=\"text-align: justify;\"><span style=\"font-size: 12pt; color: #e6e6e6;\">Comme chaque \u00e9t\u00e9, Louise est confi\u00e9e \u00e0 ses grands-parents pour quelques jours de vacances \u00e0 la campagne. Entre la baignade au lac, la p\u00eache avec grand-papa, tout semble aussi doux que les tartes aux fraises de mamie. Pourtant cette ann\u00e9e, il va neiger en plein \u00e9t\u00e9 et un monstre va mourir.<\/p>\n<p><\/span><\/p>\n<\/div>\n<\/div><\/div><\/div><\/div><\/div><\/div><\/div><\/div><\/div><div id=\"pg-9283-8\"  class=\"panel-grid panel-has-style\" ><div class=\"panel-row-style panel-row-style-for-9283-8\" ><div id=\"pgc-9283-8-0\"  class=\"panel-grid-cell\" ><div id=\"panel-9283-8-0-0\" class=\"so-panel widget widget_sow-editor panel-first-child\" data-index=\"13\" ><div class=\"panel-widget-style panel-widget-style-for-9283-8-0-0\" ><div\n\t\t\t\n\t\t\tclass=\"so-widget-sow-editor so-widget-sow-editor-base\"\n\t\t\t\n\t\t>\n<div class=\"siteorigin-widget-tinymce textwidget\">\n\t<h1 style=\"text-align: justify;\"><b>Orage<\/p>\n<p><\/b><\/h1>\n<\/div>\n<\/div><\/div><\/div><div id=\"panel-9283-8-0-1\" class=\"so-panel widget widget_siteorigin-panels-builder panel-last-child\" data-index=\"14\" ><div id=\"pl-w65cd66ce28c4b\"  class=\"panel-layout\" ><div id=\"pg-w65cd66ce28c4b-0\"  class=\"panel-grid panel-no-style\" ><div id=\"pgc-w65cd66ce28c4b-0-0\"  class=\"panel-grid-cell panel-grid-cell-empty\" ><\/div><div id=\"pgc-w65cd66ce28c4b-0-1\"  class=\"panel-grid-cell\" ><div id=\"panel-w65cd66ce28c4b-0-1-0\" class=\"so-panel widget widget_sow-image panel-first-child panel-last-child\" data-index=\"0\" ><div class=\"panel-widget-style panel-widget-style-for-w65cd66ce28c4b-0-1-0\" ><div\n\t\t\t\n\t\t\tclass=\"so-widget-sow-image so-widget-sow-image-default-4e6925654b7a\"\n\t\t\t\n\t\t>\n<div class=\"sow-image-container\">\n\t\t<img \n\tsrc=\"https:\/\/i0.wp.com\/toutcourtfestival.fr\/wp-content\/uploads\/2024\/02\/8404_picture.jpg?resize=272%2C182&amp;ssl=1\" width=\"272\" height=\"182\" srcset=\"https:\/\/i0.wp.com\/toutcourtfestival.fr\/wp-content\/uploads\/2024\/02\/8404_picture.jpg?resize=272%2C182&amp;ssl=1 272w, https:\/\/i0.wp.com\/toutcourtfestival.fr\/wp-content\/uploads\/2024\/02\/8404_picture.jpg?zoom=2&amp;resize=272%2C182&amp;ssl=1 544w, https:\/\/i0.wp.com\/toutcourtfestival.fr\/wp-content\/uploads\/2024\/02\/8404_picture.jpg?zoom=3&amp;resize=272%2C182&amp;ssl=1 816w\" alt=\"\" \t\tclass=\"so-widget-image\"\/>\n\t<\/div>\n\n<\/div><\/div><\/div><\/div><div id=\"pgc-w65cd66ce28c4b-0-2\"  class=\"panel-grid-cell\" ><div id=\"panel-w65cd66ce28c4b-0-2-0\" class=\"so-panel widget widget_sow-editor panel-first-child panel-last-child\" data-index=\"1\" ><div\n\t\t\t\n\t\t\tclass=\"so-widget-sow-editor so-widget-sow-editor-base\"\n\t\t\t\n\t\t>\n<div class=\"siteorigin-widget-tinymce textwidget\">\n\t<p style=\"text-align: justify;\"><span style=\"font-size: 12pt; font-family: arial, helvetica, sans-serif;\"><em>Com\u00e9die dramatique de Beno\u00eet Michelet - France - 15\u201950\u201d [Film d'animation]<\/p>\n<p><\/em><\/span><\/p>\n<p style=\"text-align: justify;\"><span style=\"font-size: 12pt;\">Le quotidien de C\u00e9line est comme un long silence pesant. Son p\u00e8re, Jean-Pierre, est un peu bonhomme et maladroit. Sa m\u00e8re, Anne-Marie, est excessivement s\u00e9v\u00e8re. Heureusement, son petit fr\u00e8re Paul est l\u00e0, pr\u00eat \u00e0 vivre les derniers instants d\u2019une \u00e9poque bient\u00f4t r\u00e9volue.<\/p>\n<p><\/span><\/p>\n<\/div>\n<\/div><\/div><\/div><\/div><\/div><\/div><\/div><\/div><\/div><div id=\"pg-9283-9\"  class=\"panel-grid panel-has-style\" ><div class=\"panel-row-style panel-row-style-for-9283-9\" ><div id=\"pgc-9283-9-0\"  class=\"panel-grid-cell\" ><div id=\"panel-9283-9-0-0\" class=\"so-panel widget widget_sow-editor panel-first-child\" data-index=\"15\" ><div class=\"panel-widget-style panel-widget-style-for-9283-9-0-0\" ><div\n\t\t\t\n\t\t\tclass=\"so-widget-sow-editor so-widget-sow-editor-base\"\n\t\t\t\n\t\t>\n<div class=\"siteorigin-widget-tinymce textwidget\">\n\t<h1 style=\"text-align: justify;\"><span style=\"color: #e6e6e6;\"><b>Childeric, Les Nerfs de la Guerre<\/p>\n<p><\/b><\/span><\/h1>\n<\/div>\n<\/div><\/div><\/div><div id=\"panel-9283-9-0-1\" class=\"so-panel widget widget_siteorigin-panels-builder panel-last-child\" data-index=\"16\" ><div id=\"pl-w65cd66ce2c2c1\"  class=\"panel-layout\" ><div id=\"pg-w65cd66ce2c2c1-0\"  class=\"panel-grid panel-no-style\" ><div id=\"pgc-w65cd66ce2c2c1-0-0\"  class=\"panel-grid-cell panel-grid-cell-empty\" ><\/div><div id=\"pgc-w65cd66ce2c2c1-0-1\"  class=\"panel-grid-cell\" ><div id=\"panel-w65cd66ce2c2c1-0-1-0\" class=\"so-panel widget widget_sow-image panel-first-child panel-last-child\" data-index=\"0\" ><div class=\"panel-widget-style panel-widget-style-for-w65cd66ce2c2c1-0-1-0\" ><div\n\t\t\t\n\t\t\tclass=\"so-widget-sow-image so-widget-sow-image-default-4e6925654b7a\"\n\t\t\t\n\t\t>\n<div class=\"sow-image-container\">\n\t\t<img \n\tsrc=\"https:\/\/i0.wp.com\/toutcourtfestival.fr\/wp-content\/uploads\/2024\/02\/6279_thumb.jpg?resize=272%2C182&amp;ssl=1\" width=\"272\" height=\"182\" srcset=\"https:\/\/i0.wp.com\/toutcourtfestival.fr\/wp-content\/uploads\/2024\/02\/6279_thumb.jpg?resize=272%2C182&amp;ssl=1 272w, https:\/\/i0.wp.com\/toutcourtfestival.fr\/wp-content\/uploads\/2024\/02\/6279_thumb.jpg?zoom=2&amp;resize=272%2C182&amp;ssl=1 544w, https:\/\/i0.wp.com\/toutcourtfestival.fr\/wp-content\/uploads\/2024\/02\/6279_thumb.jpg?zoom=3&amp;resize=272%2C182&amp;ssl=1 816w\" alt=\"\" \t\tclass=\"so-widget-image\"\/>\n\t<\/div>\n\n<\/div><\/div><\/div><\/div><div id=\"pgc-w65cd66ce2c2c1-0-2\"  class=\"panel-grid-cell\" ><div id=\"panel-w65cd66ce2c2c1-0-2-0\" class=\"so-panel widget widget_sow-editor panel-first-child panel-last-child\" data-index=\"1\" ><div\n\t\t\t\n\t\t\tclass=\"so-widget-sow-editor so-widget-sow-editor-base\"\n\t\t\t\n\t\t>\n<div class=\"siteorigin-widget-tinymce textwidget\">\n\t<p style=\"text-align: justify;\"><span style=\"font-size: 12pt; color: #e6e6e6;\"><em>Humour de Louise Petit , Emma Guyot DLH , Lou DHELENS , Juliette Laurent , C\u00e9line Korno , Lucie Tantot - France - 5\u20196\u201d [Film d'animation]<\/p>\n<p><\/em><\/span><\/p>\n<p style=\"text-align: justify;\"><span style=\"font-size: 12pt; color: #e6e6e6;\">Notre \u00e9quipe suit le jeune chef Childeric \u00e0 la veille d'un assaut d\u00e9cisif. Vocation, loyaut\u00e9 et sacrifices, Childeric nous fait d\u00e9couvrir le quotidien d\u2019un camp de chevaliers au Moyen-Age.<\/p>\n<p><\/span><\/p>\n<\/div>\n<\/div><\/div><\/div><\/div><\/div><\/div><\/div><\/div><\/div><div id=\"pg-9283-10\"  class=\"panel-grid panel-no-style\" ><div id=\"pgc-9283-10-0\"  class=\"panel-grid-cell\" ><div id=\"panel-9283-10-0-0\" class=\"so-panel widget widget_text panel-first-child panel-last-child\" data-index=\"17\" >\t\t\t<div class=\"textwidget\"><style>.entry-title {display:none;}<\/style> <\/div>\n\t\t<\/div><\/div><\/div><\/div>","protected":false},"excerpt":{"rendered":"<p>S\u00e9lection films d&#8217;animation S\u00e9lections parall\u00e8les <\/p>\n<p style=\"text-align: justify;\">L&#8217;animation est \u00e0 l&#8217;honneur cette ann\u00e9e au Tout Court ! Souvent rel\u00e9gu\u00e9e aux films pour enfants, ou ignor\u00e9e dans les festival, nous avons voulu la mettre en avant cette ann\u00e9e en lui consacrant une s\u00e9lection parall\u00e8le sp\u00e9ciale !<\/p>\n<p>Pour adultes et adolescents.<\/p>\n<p style=\"text-align: center;\"><strong>7 films<\/strong> &#8211; Dur\u00e9e &hellip; <\/p>\n<p><a class=\"more-link btn\" href=\"https:\/\/toutcourtfestival.fr\/index.php\/archives\/tout-court-2024\/selection-2024\/selection-2024-films-danimation\/\">Continue reading<\/a><\/p>\n","protected":false},"author":1,"featured_media":9298,"parent":9183,"menu_order":0,"comment_status":"closed","ping_status":"closed","template":"","meta":{"ngg_post_thumbnail":0,"jetpack_post_was_ever_published":false,"footnotes":""},"class_list":["post-9283","page","type-page","status-publish","has-post-thumbnail","hentry","nodate","item-wrap"],"jetpack_sharing_enabled":true,"jetpack_shortlink":"https:\/\/wp.me\/P8k6iw-2pJ","jetpack_likes_enabled":true,"_links":{"self":[{"href":"https:\/\/toutcourtfestival.fr\/index.php\/wp-json\/wp\/v2\/pages\/9283","targetHints":{"allow":["GET"]}}],"collection":[{"href":"https:\/\/toutcourtfestival.fr\/index.php\/wp-json\/wp\/v2\/pages"}],"about":[{"href":"https:\/\/toutcourtfestival.fr\/index.php\/wp-json\/wp\/v2\/types\/page"}],"author":[{"embeddable":true,"href":"https:\/\/toutcourtfestival.fr\/index.php\/wp-json\/wp\/v2\/users\/1"}],"replies":[{"embeddable":true,"href":"https:\/\/toutcourtfestival.fr\/index.php\/wp-json\/wp\/v2\/comments?post=9283"}],"version-history":[{"count":8,"href":"https:\/\/toutcourtfestival.fr\/index.php\/wp-json\/wp\/v2\/pages\/9283\/revisions"}],"predecessor-version":[{"id":9299,"href":"https:\/\/toutcourtfestival.fr\/index.php\/wp-json\/wp\/v2\/pages\/9283\/revisions\/9299"}],"up":[{"embeddable":true,"href":"https:\/\/toutcourtfestival.fr\/index.php\/wp-json\/wp\/v2\/pages\/9183"}],"wp:featuredmedia":[{"embeddable":true,"href":"https:\/\/toutcourtfestival.fr\/index.php\/wp-json\/wp\/v2\/media\/9298"}],"wp:attachment":[{"href":"https:\/\/toutcourtfestival.fr\/index.php\/wp-json\/wp\/v2\/media?parent=9283"}],"curies":[{"name":"wp","href":"https:\/\/api.w.org\/{rel}","templated":true}]}}