{"id":9596,"date":"2025-02-12T21:42:04","date_gmt":"2025-02-12T20:42:04","guid":{"rendered":"https:\/\/toutcourtfestival.fr\/?page_id=9596"},"modified":"2025-02-21T15:56:28","modified_gmt":"2025-02-21T14:56:28","slug":"selection-competition-n2-2025","status":"publish","type":"page","link":"https:\/\/toutcourtfestival.fr\/index.php\/archives\/toutcourt-2025\/selection-2025\/selection-competition-n2-2025\/","title":{"rendered":"S\u00e9lections 2025 \u2013 Comp\u00e9tition 2"},"content":{"rendered":"<div id=\"pl-9596\"  class=\"panel-layout\" ><div id=\"pg-9596-0\"  class=\"panel-grid panel-no-style\" ><div id=\"pgc-9596-0-0\"  class=\"panel-grid-cell\" ><div id=\"panel-9596-0-0-0\" class=\"so-panel widget widget_sow-headline panel-first-child panel-last-child\" data-index=\"0\" ><div\n\t\t\t\n\t\t\tclass=\"so-widget-sow-headline so-widget-sow-headline-default-d3b91947853d-9596\"\n\t\t\t\n\t\t><div class=\"sow-headline-container \">\n\t\t\t\t\t\t\t<h1 class=\"sow-headline\">\n\t\t\t\t\t\tS\u00e9lection comp\u00e9tition n\u00b02\t\t\t\t\t\t<\/h1>\n\t\t\t\t\t\t\t\t\t\t\t<div class=\"decoration\">\n\t\t\t\t\t\t<div class=\"decoration-inside\"><\/div>\n\t\t\t\t\t<\/div>\n\t\t\t\t\t\t\t\t\t\t\t<h3 class=\"sow-sub-headline\">\n\t\t\t\t\t\tS\u00e9lections comp\u00e9tition\t\t\t\t\t\t<\/h3>\n\t\t\t\t\t\t<\/div>\n<\/div><\/div><\/div><\/div><div id=\"pg-9596-1\"  class=\"panel-grid panel-no-style\" ><div id=\"pgc-9596-1-0\"  class=\"panel-grid-cell panel-grid-cell-empty\" ><\/div><div id=\"pgc-9596-1-1\"  class=\"panel-grid-cell panel-grid-cell-mobile-last\" ><div id=\"panel-9596-1-1-0\" class=\"so-panel widget widget_sow-editor panel-first-child panel-last-child\" data-index=\"1\" ><div\n\t\t\t\n\t\t\tclass=\"so-widget-sow-editor so-widget-sow-editor-base\"\n\t\t\t\n\t\t>\n<div class=\"siteorigin-widget-tinymce textwidget\">\n\t<p style=\"text-align: justify;\"><span style=\"font-size: 12pt;\">Deuxi\u00e8me s\u00e9ance de films s\u00e9lectionn\u00e9s pour la comp\u00e9tition par les ados de l'association Tout Court ! Encadr\u00e9s par leurs a\u00een\u00e9s et les b\u00e9n\u00e9voles, Ils ont fait leur choix parmi une cinquantaine de films pr\u00e9s\u00e9lectionn\u00e9s par les adultes de l'association. <\/span><span style=\"font-size: 12pt;\">Pendant 4 mois, ils ont patiemment regard\u00e9, not\u00e9 et d\u00e9battu des court-m\u00e9trages lors des s\u00e9ances du samedi des Ateliers Cin\u00e9ma du Tout Court ! avant d'arriver peu \u00e0 peu \u00e0 leur s\u00e9lection finale \u00e0 l'issue de trois tables rondes.<\/span><\/p>\n<p style=\"text-align: center;\"><span style=\"font-size: 12pt;\"><em><strong>4 films<\/strong> - Dur\u00e9e 1h14 plus \u00e9changes avec les artistes.<\/em><\/span><\/p>\n<p style=\"text-align: center;\"><em>Projection le <strong>samedi 29 mars 2025 <\/strong>\u00e0&nbsp;<strong>17h30<\/strong> \u00e0 la&nbsp;<strong>salle polyvalente de Gisors<\/strong><\/em><\/p>\n<\/div>\n<\/div><\/div><\/div><div id=\"pgc-9596-1-2\"  class=\"panel-grid-cell panel-grid-cell-empty\" ><\/div><\/div><div id=\"pg-9596-2\"  class=\"panel-grid panel-no-style\" ><div id=\"pgc-9596-2-0\"  class=\"panel-grid-cell\" ><div id=\"panel-9596-2-0-0\" class=\"so-panel widget widget_sow-headline panel-first-child panel-last-child\" data-index=\"2\" ><div\n\t\t\t\n\t\t\tclass=\"so-widget-sow-headline so-widget-sow-headline-default-6090f20097d1-9596\"\n\t\t\t\n\t\t><div class=\"sow-headline-container \">\n\t\t\t\t\t\t<div class=\"decoration\">\n\t\t\t\t\t\t<div class=\"decoration-inside\"><\/div>\n\t\t\t\t\t<\/div>\n\t\t\t\t\t<\/div>\n<\/div><\/div><\/div><\/div><div id=\"pg-9596-3\"  class=\"panel-grid panel-has-style\" ><div class=\"panel-row-style panel-row-style-for-9596-3\" ><div id=\"pgc-9596-3-0\"  class=\"panel-grid-cell\" ><div id=\"panel-9596-3-0-0\" class=\"so-panel widget widget_sow-editor panel-first-child\" data-index=\"3\" ><div class=\"panel-widget-style panel-widget-style-for-9596-3-0-0\" ><div\n\t\t\t\n\t\t\tclass=\"so-widget-sow-editor so-widget-sow-editor-base\"\n\t\t\t\n\t\t>\n<div class=\"siteorigin-widget-tinymce textwidget\">\n\t<h1 style=\"text-align: justify;\"><span style=\"color: #e6e6e6;\"><b>Vodka Fanta<\/b><\/span><\/h1>\n<p>&nbsp;<\/p>\n<\/div>\n<\/div><\/div><\/div><div id=\"panel-9596-3-0-1\" class=\"so-panel widget widget_siteorigin-panels-builder panel-last-child\" data-index=\"4\" ><div id=\"pl-w67b893f2449ae\"  class=\"panel-layout\" ><div id=\"pg-w67b893f2449ae-0\"  class=\"panel-grid panel-no-style\" ><div id=\"pgc-w67b893f2449ae-0-0\"  class=\"panel-grid-cell panel-grid-cell-empty\" ><\/div><div id=\"pgc-w67b893f2449ae-0-1\"  class=\"panel-grid-cell\" ><div id=\"panel-w67b893f2449ae-0-1-0\" class=\"so-panel widget widget_sow-image panel-first-child panel-last-child\" data-index=\"0\" ><div class=\"panel-widget-style panel-widget-style-for-w67b893f2449ae-0-1-0\" ><div\n\t\t\t\n\t\t\tclass=\"so-widget-sow-image so-widget-sow-image-default-4e6925654b7a\"\n\t\t\t\n\t\t>\n<div class=\"sow-image-container\">\n\t\t<img \n\tsrc=\"https:\/\/i0.wp.com\/toutcourtfestival.fr\/wp-content\/uploads\/2025\/02\/9656_thumb-scaled.jpg?resize=272%2C182&amp;ssl=1\" width=\"272\" height=\"182\" srcset=\"https:\/\/i0.wp.com\/toutcourtfestival.fr\/wp-content\/uploads\/2025\/02\/9656_thumb-scaled.jpg?resize=272%2C182&amp;ssl=1 272w, https:\/\/i0.wp.com\/toutcourtfestival.fr\/wp-content\/uploads\/2025\/02\/9656_thumb-scaled.jpg?zoom=2&amp;resize=272%2C182&amp;ssl=1 544w, https:\/\/i0.wp.com\/toutcourtfestival.fr\/wp-content\/uploads\/2025\/02\/9656_thumb-scaled.jpg?zoom=3&amp;resize=272%2C182&amp;ssl=1 816w\" title=\"9656_thumb\" alt=\"\" \t\tclass=\"so-widget-image\"\/>\n\t<\/div>\n\n<\/div><\/div><\/div><\/div><div id=\"pgc-w67b893f2449ae-0-2\"  class=\"panel-grid-cell\" ><div id=\"panel-w67b893f2449ae-0-2-0\" class=\"so-panel widget widget_sow-editor panel-first-child panel-last-child\" data-index=\"1\" ><div\n\t\t\t\n\t\t\tclass=\"so-widget-sow-editor so-widget-sow-editor-base\"\n\t\t\t\n\t\t>\n<div class=\"siteorigin-widget-tinymce textwidget\">\n\t<p style=\"text-align: justify;\"><span style=\"font-size: 12pt; color: #e6e6e6;\"><em>Com\u00e9die de Elisabeth Silveiro - France - 20\u2019<\/em><\/span><\/p>\n<p style=\"text-align: justify;\"><span style=\"font-size: 12pt; color: #e6e6e6;\">Elena (70 ans), retrait\u00e9e ukrainienne, atterrit \u00e0 Montpellier pour rendre visite \u00e0 son fils, mais celui-ci ne vient pas la chercher \u00e0 l'a\u00e9roport. S'apitoyant sur la d\u00e9tresse de cette femme, Fanta (25 ans), une jeune employ\u00e9e de l'a\u00e9roport, d\u00e9cide de l'aider...<\/span><\/p>\n<p>&nbsp;<\/p>\n<p>&nbsp;<\/p>\n<\/div>\n<\/div><\/div><\/div><\/div><\/div><\/div><\/div><\/div><\/div><div id=\"pg-9596-4\"  class=\"panel-grid panel-has-style\" ><div class=\"panel-row-style panel-row-style-for-9596-4\" ><div id=\"pgc-9596-4-0\"  class=\"panel-grid-cell\" ><div id=\"panel-9596-4-0-0\" class=\"so-panel widget widget_sow-editor panel-first-child\" data-index=\"5\" ><div class=\"panel-widget-style panel-widget-style-for-9596-4-0-0\" ><div\n\t\t\t\n\t\t\tclass=\"so-widget-sow-editor so-widget-sow-editor-base\"\n\t\t\t\n\t\t>\n<div class=\"siteorigin-widget-tinymce textwidget\">\n\t<h1 style=\"text-align: justify;\">Que du papier<\/h1>\n<\/div>\n<\/div><\/div><\/div><div id=\"panel-9596-4-0-1\" class=\"so-panel widget widget_siteorigin-panels-builder panel-last-child\" data-index=\"6\" ><div id=\"pl-w67b893f2476c2\"  class=\"panel-layout\" ><div id=\"pg-w67b893f2476c2-0\"  class=\"panel-grid panel-no-style\" ><div id=\"pgc-w67b893f2476c2-0-0\"  class=\"panel-grid-cell panel-grid-cell-empty\" ><\/div><div id=\"pgc-w67b893f2476c2-0-1\"  class=\"panel-grid-cell\" ><div id=\"panel-w67b893f2476c2-0-1-0\" class=\"so-panel widget widget_sow-image panel-first-child panel-last-child\" data-index=\"0\" ><div class=\"panel-widget-style panel-widget-style-for-w67b893f2476c2-0-1-0\" ><div\n\t\t\t\n\t\t\tclass=\"so-widget-sow-image so-widget-sow-image-default-4e6925654b7a\"\n\t\t\t\n\t\t>\n<div class=\"sow-image-container\">\n\t\t<img \n\tsrc=\"https:\/\/i0.wp.com\/toutcourtfestival.fr\/wp-content\/uploads\/2025\/02\/8383_thumb.png?resize=272%2C182&amp;ssl=1\" width=\"272\" height=\"182\" srcset=\"https:\/\/i0.wp.com\/toutcourtfestival.fr\/wp-content\/uploads\/2025\/02\/8383_thumb.png?resize=272%2C182&amp;ssl=1 272w, https:\/\/i0.wp.com\/toutcourtfestival.fr\/wp-content\/uploads\/2025\/02\/8383_thumb.png?zoom=2&amp;resize=272%2C182&amp;ssl=1 544w, https:\/\/i0.wp.com\/toutcourtfestival.fr\/wp-content\/uploads\/2025\/02\/8383_thumb.png?zoom=3&amp;resize=272%2C182&amp;ssl=1 816w\" alt=\"\" \t\tclass=\"so-widget-image\"\/>\n\t<\/div>\n\n<\/div><\/div><\/div><\/div><div id=\"pgc-w67b893f2476c2-0-2\"  class=\"panel-grid-cell\" ><div id=\"panel-w67b893f2476c2-0-2-0\" class=\"so-panel widget widget_sow-editor panel-first-child panel-last-child\" data-index=\"1\" ><div\n\t\t\t\n\t\t\tclass=\"so-widget-sow-editor so-widget-sow-editor-base\"\n\t\t\t\n\t\t>\n<div class=\"siteorigin-widget-tinymce textwidget\">\n\t<p style=\"text-align: justify;\"><span style=\"font-size: 12pt;\">Drame de maxime vouillon - France - 12\u201920\u201d [Film d'animation]<\/span><\/p>\n<p style=\"text-align: justify;\"><span style=\"font-size: 12pt;\">Deux enfants attendent le retour de leur m\u00e8re sur le perron d'un orphelinat.<\/span><\/p>\n<\/div>\n<\/div><\/div><\/div><\/div><\/div><\/div><\/div><\/div><\/div><div id=\"pg-9596-5\"  class=\"panel-grid panel-has-style\" ><div class=\"panel-row-style panel-row-style-for-9596-5\" ><div id=\"pgc-9596-5-0\"  class=\"panel-grid-cell\" ><div id=\"panel-9596-5-0-0\" class=\"so-panel widget widget_sow-editor panel-first-child\" data-index=\"7\" ><div class=\"panel-widget-style panel-widget-style-for-9596-5-0-0\" ><div\n\t\t\t\n\t\t\tclass=\"so-widget-sow-editor so-widget-sow-editor-base\"\n\t\t\t\n\t\t>\n<div class=\"siteorigin-widget-tinymce textwidget\">\n\t<h1 style=\"text-align: justify;\"><span style=\"color: #e6e6e6;\"><b>Laissez-moi danser<\/b><\/span><\/h1>\n<p>&nbsp;<\/p>\n<\/div>\n<\/div><\/div><\/div><div id=\"panel-9596-5-0-1\" class=\"so-panel widget widget_siteorigin-panels-builder panel-last-child\" data-index=\"8\" ><div id=\"pl-w67b893f24a888\"  class=\"panel-layout\" ><div id=\"pg-w67b893f24a888-0\"  class=\"panel-grid panel-no-style\" ><div id=\"pgc-w67b893f24a888-0-0\"  class=\"panel-grid-cell panel-grid-cell-empty\" ><\/div><div id=\"pgc-w67b893f24a888-0-1\"  class=\"panel-grid-cell\" ><div id=\"panel-w67b893f24a888-0-1-0\" class=\"so-panel widget widget_sow-image panel-first-child panel-last-child\" data-index=\"0\" ><div class=\"panel-widget-style panel-widget-style-for-w67b893f24a888-0-1-0\" ><div\n\t\t\t\n\t\t\tclass=\"so-widget-sow-image so-widget-sow-image-default-4e6925654b7a\"\n\t\t\t\n\t\t>\n<div class=\"sow-image-container\">\n\t\t<img \n\tsrc=\"https:\/\/i0.wp.com\/toutcourtfestival.fr\/wp-content\/uploads\/2025\/02\/7512_picture-e1740148736916.jpeg?resize=272%2C182&amp;ssl=1\" width=\"272\" height=\"182\" srcset=\"https:\/\/i0.wp.com\/toutcourtfestival.fr\/wp-content\/uploads\/2025\/02\/7512_picture-e1740148736916.jpeg?resize=272%2C182&amp;ssl=1 272w, https:\/\/i0.wp.com\/toutcourtfestival.fr\/wp-content\/uploads\/2025\/02\/7512_picture-e1740148736916.jpeg?zoom=2&amp;resize=272%2C182&amp;ssl=1 544w, https:\/\/i0.wp.com\/toutcourtfestival.fr\/wp-content\/uploads\/2025\/02\/7512_picture-e1740148736916.jpeg?zoom=3&amp;resize=272%2C182&amp;ssl=1 816w\" title=\"7512_picture\" alt=\"\" \t\tclass=\"so-widget-image\"\/>\n\t<\/div>\n\n<\/div><\/div><\/div><\/div><div id=\"pgc-w67b893f24a888-0-2\"  class=\"panel-grid-cell\" ><div id=\"panel-w67b893f24a888-0-2-0\" class=\"so-panel widget widget_sow-editor panel-first-child panel-last-child\" data-index=\"1\" ><div\n\t\t\t\n\t\t\tclass=\"so-widget-sow-editor so-widget-sow-editor-base\"\n\t\t\t\n\t\t>\n<div class=\"siteorigin-widget-tinymce textwidget\">\n\t<p style=\"text-align: justify;\"><span style=\"font-size: 12pt; color: #e6e6e6;\"><em>Com\u00e9die dramatique de Lou Zidi - France - 22\u2019<\/em><\/span><\/p>\n<p style=\"text-align: justify;\"><span style=\"font-size: 12pt; color: #e6e6e6;\">Ange et Julia reviennent pour la premi\u00e8re fois en dix ans dans le village Corse o\u00f9 ils ont grandit. Ils ont la d\u00e9licate t\u00e2che d\u2019annoncer \u00e0 leur m\u00e8re Mado, atteinte d\u2019un Alzheimer pr\u00e9coce, son placement en EHPAD. Mais cette m\u00e8re, devenue haut en couleur, compte bien d\u00e9cider de son avenir\u2026<br \/>\n<\/span><\/p>\n<\/div>\n<\/div><\/div><\/div><\/div><\/div><\/div><\/div><\/div><\/div><div id=\"pg-9596-6\"  class=\"panel-grid panel-has-style\" ><div class=\"panel-row-style panel-row-style-for-9596-6\" ><div id=\"pgc-9596-6-0\"  class=\"panel-grid-cell\" ><div id=\"panel-9596-6-0-0\" class=\"so-panel widget widget_sow-editor panel-first-child\" data-index=\"9\" ><div class=\"panel-widget-style panel-widget-style-for-9596-6-0-0\" ><div\n\t\t\t\n\t\t\tclass=\"so-widget-sow-editor so-widget-sow-editor-base\"\n\t\t\t\n\t\t>\n<div class=\"siteorigin-widget-tinymce textwidget\">\n\t<h1 style=\"text-align: justify;\"><b>Dr\u00f4le d'oiseau<\/b><\/h1>\n<p>&nbsp;<\/p>\n<\/div>\n<\/div><\/div><\/div><div id=\"panel-9596-6-0-1\" class=\"so-panel widget widget_siteorigin-panels-builder panel-last-child\" data-index=\"10\" ><div id=\"pl-w67b893f24cd5d\"  class=\"panel-layout\" ><div id=\"pg-w67b893f24cd5d-0\"  class=\"panel-grid panel-no-style\" ><div id=\"pgc-w67b893f24cd5d-0-0\"  class=\"panel-grid-cell panel-grid-cell-empty\" ><\/div><div id=\"pgc-w67b893f24cd5d-0-1\"  class=\"panel-grid-cell\" ><div id=\"panel-w67b893f24cd5d-0-1-0\" class=\"so-panel widget widget_sow-image panel-first-child panel-last-child\" data-index=\"0\" ><div class=\"panel-widget-style panel-widget-style-for-w67b893f24cd5d-0-1-0\" ><div\n\t\t\t\n\t\t\tclass=\"so-widget-sow-image so-widget-sow-image-default-4e6925654b7a\"\n\t\t\t\n\t\t>\n<div class=\"sow-image-container\">\n\t\t<img \n\tsrc=\"https:\/\/i0.wp.com\/toutcourtfestival.fr\/wp-content\/uploads\/2025\/02\/278_thumb-e1740148904249.png?resize=272%2C182&amp;ssl=1\" width=\"272\" height=\"182\" srcset=\"https:\/\/i0.wp.com\/toutcourtfestival.fr\/wp-content\/uploads\/2025\/02\/278_thumb-e1740148904249.png?resize=272%2C182&amp;ssl=1 272w, https:\/\/i0.wp.com\/toutcourtfestival.fr\/wp-content\/uploads\/2025\/02\/278_thumb-e1740148904249.png?zoom=2&amp;resize=272%2C182&amp;ssl=1 544w, https:\/\/i0.wp.com\/toutcourtfestival.fr\/wp-content\/uploads\/2025\/02\/278_thumb-e1740148904249.png?zoom=3&amp;resize=272%2C182&amp;ssl=1 816w\" title=\"278_thumb\" alt=\"\" \t\tclass=\"so-widget-image\"\/>\n\t<\/div>\n\n<\/div><\/div><\/div><\/div><div id=\"pgc-w67b893f24cd5d-0-2\"  class=\"panel-grid-cell\" ><div id=\"panel-w67b893f24cd5d-0-2-0\" class=\"so-panel widget widget_sow-editor panel-first-child panel-last-child\" data-index=\"1\" ><div\n\t\t\t\n\t\t\tclass=\"so-widget-sow-editor so-widget-sow-editor-base\"\n\t\t\t\n\t\t>\n<div class=\"siteorigin-widget-tinymce textwidget\">\n\t<p style=\"text-align: justify;\"><span style=\"font-size: 12pt;\"><em>Com\u00e9die dramatique de Achille Balthazar - Belgique - 19\u201953\u201d<\/em><\/span><\/p>\n<p style=\"text-align: justify;\"><span style=\"font-size: 12pt;\">Henri est gardien de mus\u00e9e. Il s'exprime peu, voire pas du tout. Son quotidien est boulevers\u00e9 le jour o\u00f9 Fanny, la fille de l'agent d'entretien du mus\u00e9e, entre dans sa vie. Elle est bruyante, pose trop de questions et bouscule toutes ses habitudes.<\/span><\/p>\n<p>&nbsp;<\/p>\n<\/div>\n<\/div><\/div><\/div><\/div><\/div><\/div><\/div><\/div><\/div><div id=\"pg-9596-7\"  class=\"panel-grid panel-no-style\" ><div id=\"pgc-9596-7-0\"  class=\"panel-grid-cell\" ><div id=\"panel-9596-7-0-0\" class=\"so-panel widget widget_text panel-first-child panel-last-child\" data-index=\"11\" >\t\t\t<div class=\"textwidget\"><style>.entry-title {display:none;}<\/style> <\/div>\n\t\t<\/div><\/div><\/div><\/div>","protected":false},"excerpt":{"rendered":"<p>S\u00e9lection comp\u00e9tition n\u00b02 S\u00e9lections comp\u00e9tition <\/p>\n<p style=\"text-align: justify;\">Deuxi\u00e8me s\u00e9ance de films s\u00e9lectionn\u00e9s pour la comp\u00e9tition par les ados de l&#8217;association Tout Court ! Encadr\u00e9s par leurs a\u00een\u00e9s et les b\u00e9n\u00e9voles, Ils ont fait leur choix parmi une cinquantaine de films pr\u00e9s\u00e9lectionn\u00e9s par les adultes de l&#8217;association. Pendant 4 mois, ils ont patiemment regard\u00e9, not\u00e9 et &hellip; <\/p>\n<p><a class=\"more-link btn\" href=\"https:\/\/toutcourtfestival.fr\/index.php\/archives\/toutcourt-2025\/selection-2025\/selection-competition-n2-2025\/\">Continue reading<\/a><\/p>\n","protected":false},"author":4,"featured_media":0,"parent":9544,"menu_order":0,"comment_status":"closed","ping_status":"closed","template":"","meta":{"ngg_post_thumbnail":0,"jetpack_post_was_ever_published":false,"footnotes":""},"class_list":["post-9596","page","type-page","status-publish","hentry","nodate","item-wrap"],"jetpack_sharing_enabled":true,"jetpack_shortlink":"https:\/\/wp.me\/P8k6iw-2uM","jetpack_likes_enabled":true,"_links":{"self":[{"href":"https:\/\/toutcourtfestival.fr\/index.php\/wp-json\/wp\/v2\/pages\/9596","targetHints":{"allow":["GET"]}}],"collection":[{"href":"https:\/\/toutcourtfestival.fr\/index.php\/wp-json\/wp\/v2\/pages"}],"about":[{"href":"https:\/\/toutcourtfestival.fr\/index.php\/wp-json\/wp\/v2\/types\/page"}],"author":[{"embeddable":true,"href":"https:\/\/toutcourtfestival.fr\/index.php\/wp-json\/wp\/v2\/users\/4"}],"replies":[{"embeddable":true,"href":"https:\/\/toutcourtfestival.fr\/index.php\/wp-json\/wp\/v2\/comments?post=9596"}],"version-history":[{"count":9,"href":"https:\/\/toutcourtfestival.fr\/index.php\/wp-json\/wp\/v2\/pages\/9596\/revisions"}],"predecessor-version":[{"id":9673,"href":"https:\/\/toutcourtfestival.fr\/index.php\/wp-json\/wp\/v2\/pages\/9596\/revisions\/9673"}],"up":[{"embeddable":true,"href":"https:\/\/toutcourtfestival.fr\/index.php\/wp-json\/wp\/v2\/pages\/9544"}],"wp:attachment":[{"href":"https:\/\/toutcourtfestival.fr\/index.php\/wp-json\/wp\/v2\/media?parent=9596"}],"curies":[{"name":"wp","href":"https:\/\/api.w.org\/{rel}","templated":true}]}}