{"id":9610,"date":"2025-02-13T16:37:54","date_gmt":"2025-02-13T15:37:54","guid":{"rendered":"https:\/\/toutcourtfestival.fr\/?page_id=9610"},"modified":"2025-02-21T16:02:52","modified_gmt":"2025-02-21T15:02:52","slug":"selection-nocturne","status":"publish","type":"page","link":"https:\/\/toutcourtfestival.fr\/index.php\/archives\/toutcourt-2025\/selection-2025\/selection-nocturne\/","title":{"rendered":"S\u00e9lection Nocturne"},"content":{"rendered":"<div id=\"pl-9610\"  class=\"panel-layout\" ><div id=\"pg-9610-0\"  class=\"panel-grid panel-no-style\" ><div id=\"pgc-9610-0-0\"  class=\"panel-grid-cell\" ><div id=\"panel-9610-0-0-0\" class=\"so-panel widget widget_sow-headline panel-first-child panel-last-child\" data-index=\"0\" ><div\n\t\t\t\n\t\t\tclass=\"so-widget-sow-headline so-widget-sow-headline-default-a61a51d93230-9610\"\n\t\t\t\n\t\t><div class=\"sow-headline-container \">\n\t\t\t\t\t\t\t<h1 class=\"sow-headline\">\n\t\t\t\t\t\tNocturne\t\t\t\t\t\t<\/h1>\n\t\t\t\t\t\t\t\t\t\t\t<div class=\"decoration\">\n\t\t\t\t\t\t<div class=\"decoration-inside\"><\/div>\n\t\t\t\t\t<\/div>\n\t\t\t\t\t\t\t\t\t\t\t<h3 class=\"sow-sub-headline\">\n\t\t\t\t\t\tS\u00e9lections parall\u00e8les\t\t\t\t\t\t<\/h3>\n\t\t\t\t\t\t<\/div>\n<\/div><\/div><\/div><\/div><div id=\"pg-9610-1\"  class=\"panel-grid panel-no-style\" ><div id=\"pgc-9610-1-0\"  class=\"panel-grid-cell panel-grid-cell-empty\" ><\/div><div id=\"pgc-9610-1-1\"  class=\"panel-grid-cell panel-grid-cell-mobile-last\" ><div id=\"panel-9610-1-1-0\" class=\"so-panel widget widget_sow-editor panel-first-child panel-last-child\" data-index=\"1\" ><div\n\t\t\t\n\t\t\tclass=\"so-widget-sow-editor so-widget-sow-editor-base\"\n\t\t\t\n\t\t>\n<div class=\"siteorigin-widget-tinymce textwidget\">\n\t<p style=\"text-align: justify;\">Parce qu'on ne va quand m\u00eame pas terminer une bonne soir\u00e9e cin\u00e9ma un samedi soir \u00e0 22h30, on vous accompagne dans la nuit pour une nocturne en deuxi\u00e8me partie de soir\u00e9e, apr\u00e8s la remise des prix et le cin\u00e9-concert !<\/p>\n<p style=\"text-align: center;\"><span style=\"font-size: 12pt;\"><em><strong>7 films<\/strong> - Dur\u00e9e 1h26 plus \u00e9changes avec les artistes.<\/em><\/span><\/p>\n<p style=\"text-align: center;\"><em><span style=\"font-size: 12pt;\">Projection le <strong>samedi 29 mars 2025 <\/strong>\u00e0 <strong>22h30<\/strong> \u00e0 la <strong>salle polyvalente de Gisors<\/strong>.<\/span><\/em><\/p>\n<\/div>\n<\/div><\/div><\/div><div id=\"pgc-9610-1-2\"  class=\"panel-grid-cell panel-grid-cell-empty\" ><\/div><\/div><div id=\"pg-9610-2\"  class=\"panel-grid panel-no-style\" ><div id=\"pgc-9610-2-0\"  class=\"panel-grid-cell\" ><div id=\"panel-9610-2-0-0\" class=\"so-panel widget widget_sow-headline panel-first-child panel-last-child\" data-index=\"2\" ><div\n\t\t\t\n\t\t\tclass=\"so-widget-sow-headline so-widget-sow-headline-default-6090f20097d1-9610\"\n\t\t\t\n\t\t><div class=\"sow-headline-container \">\n\t\t\t\t\t\t<div class=\"decoration\">\n\t\t\t\t\t\t<div class=\"decoration-inside\"><\/div>\n\t\t\t\t\t<\/div>\n\t\t\t\t\t<\/div>\n<\/div><\/div><\/div><\/div><div id=\"pg-9610-3\"  class=\"panel-grid panel-has-style\" ><div class=\"panel-row-style panel-row-style-for-9610-3\" ><div id=\"pgc-9610-3-0\"  class=\"panel-grid-cell\" ><div id=\"panel-9610-3-0-0\" class=\"so-panel widget widget_sow-editor panel-first-child\" data-index=\"3\" ><div class=\"panel-widget-style panel-widget-style-for-9610-3-0-0\" ><div\n\t\t\t\n\t\t\tclass=\"so-widget-sow-editor so-widget-sow-editor-base\"\n\t\t\t\n\t\t>\n<div class=\"siteorigin-widget-tinymce textwidget\">\n\t<h1 style=\"text-align: justify;\"><span style=\"color: #e6e6e6;\"><b>Portrait d'une femme disparue<\/b><\/span><\/h1>\n<p>&nbsp;<\/p>\n<\/div>\n<\/div><\/div><\/div><div id=\"panel-9610-3-0-1\" class=\"so-panel widget widget_siteorigin-panels-builder panel-last-child\" data-index=\"4\" ><div id=\"pl-w67b894c6e3891\"  class=\"panel-layout\" ><div id=\"pg-w67b894c6e3891-0\"  class=\"panel-grid panel-no-style\" ><div id=\"pgc-w67b894c6e3891-0-0\"  class=\"panel-grid-cell panel-grid-cell-empty\" ><\/div><div id=\"pgc-w67b894c6e3891-0-1\"  class=\"panel-grid-cell\" ><div id=\"panel-w67b894c6e3891-0-1-0\" class=\"so-panel widget widget_sow-image panel-first-child panel-last-child\" data-index=\"0\" ><div class=\"panel-widget-style panel-widget-style-for-w67b894c6e3891-0-1-0\" ><div\n\t\t\t\n\t\t\tclass=\"so-widget-sow-image so-widget-sow-image-default-4e6925654b7a\"\n\t\t\t\n\t\t>\n<div class=\"sow-image-container\">\n\t\t<img \n\tsrc=\"https:\/\/i0.wp.com\/toutcourtfestival.fr\/wp-content\/uploads\/2025\/02\/6104_thumb.png?resize=272%2C182&amp;ssl=1\" width=\"272\" height=\"182\" srcset=\"https:\/\/i0.wp.com\/toutcourtfestival.fr\/wp-content\/uploads\/2025\/02\/6104_thumb.png?resize=272%2C182&amp;ssl=1 272w, https:\/\/i0.wp.com\/toutcourtfestival.fr\/wp-content\/uploads\/2025\/02\/6104_thumb.png?zoom=2&amp;resize=272%2C182&amp;ssl=1 544w, https:\/\/i0.wp.com\/toutcourtfestival.fr\/wp-content\/uploads\/2025\/02\/6104_thumb.png?zoom=3&amp;resize=272%2C182&amp;ssl=1 816w\" alt=\"\" \t\tclass=\"so-widget-image\"\/>\n\t<\/div>\n\n<\/div><\/div><\/div><\/div><div id=\"pgc-w67b894c6e3891-0-2\"  class=\"panel-grid-cell\" ><div id=\"panel-w67b894c6e3891-0-2-0\" class=\"so-panel widget widget_sow-editor panel-first-child panel-last-child\" data-index=\"1\" ><div\n\t\t\t\n\t\t\tclass=\"so-widget-sow-editor so-widget-sow-editor-base\"\n\t\t\t\n\t\t>\n<div class=\"siteorigin-widget-tinymce textwidget\">\n\t<p style=\"text-align: justify;\"><span style=\"font-size: 12pt; color: #e6e6e6;\"><em>Autres de Nelson Polfliet - France, Belgique - 20\u2019<\/em><\/span><\/p>\n<p style=\"text-align: justify;\"><span style=\"font-size: 12pt; color: #e6e6e6;\">Us\u00e9e par sa routine quotidienne, Sabine, cinquante-neuf ans, poissonni\u00e8re, d\u00e9cide de quitter sa boutique et de s'aventurer hors de son village. Son \u00e9chappatoire le plus rapide, le bus scolaire du village qui l'am\u00e8ne au mus\u00e9e des Beaux-Arts \u00e0 Gand o\u00f9 un audioguide du mus\u00e9e l'aide \u00e0 trouver un nouveau souffle qu'elle recherchait sans le savoir\u2026<\/span><\/p>\n<p>&nbsp;<\/p>\n<\/div>\n<\/div><\/div><\/div><\/div><\/div><\/div><\/div><\/div><\/div><div id=\"pg-9610-4\"  class=\"panel-grid panel-has-style\" ><div class=\"panel-row-style panel-row-style-for-9610-4\" ><div id=\"pgc-9610-4-0\"  class=\"panel-grid-cell\" ><div id=\"panel-9610-4-0-0\" class=\"so-panel widget widget_sow-editor panel-first-child\" data-index=\"5\" ><div class=\"panel-widget-style panel-widget-style-for-9610-4-0-0\" ><div\n\t\t\t\n\t\t\tclass=\"so-widget-sow-editor so-widget-sow-editor-base\"\n\t\t\t\n\t\t>\n<div class=\"siteorigin-widget-tinymce textwidget\">\n\t<h1 style=\"text-align: justify;\"><b>Le milieu du garage<\/b><\/h1>\n<p>&nbsp;<\/p>\n<\/div>\n<\/div><\/div><\/div><div id=\"panel-9610-4-0-1\" class=\"so-panel widget widget_siteorigin-panels-builder panel-last-child\" data-index=\"6\" ><div id=\"pl-w67b894c6e6b15\"  class=\"panel-layout\" ><div id=\"pg-w67b894c6e6b15-0\"  class=\"panel-grid panel-no-style\" ><div id=\"pgc-w67b894c6e6b15-0-0\"  class=\"panel-grid-cell panel-grid-cell-empty\" ><\/div><div id=\"pgc-w67b894c6e6b15-0-1\"  class=\"panel-grid-cell\" ><div id=\"panel-w67b894c6e6b15-0-1-0\" class=\"so-panel widget widget_sow-image panel-first-child panel-last-child\" data-index=\"0\" ><div class=\"panel-widget-style panel-widget-style-for-w67b894c6e6b15-0-1-0\" ><div\n\t\t\t\n\t\t\tclass=\"so-widget-sow-image so-widget-sow-image-default-4e6925654b7a\"\n\t\t\t\n\t\t>\n<div class=\"sow-image-container\">\n\t\t<img \n\tsrc=\"https:\/\/i0.wp.com\/toutcourtfestival.fr\/wp-content\/uploads\/2025\/02\/8003_thumb.jpg?resize=272%2C182&amp;ssl=1\" width=\"272\" height=\"182\" srcset=\"https:\/\/i0.wp.com\/toutcourtfestival.fr\/wp-content\/uploads\/2025\/02\/8003_thumb.jpg?resize=272%2C182&amp;ssl=1 272w, https:\/\/i0.wp.com\/toutcourtfestival.fr\/wp-content\/uploads\/2025\/02\/8003_thumb.jpg?zoom=2&amp;resize=272%2C182&amp;ssl=1 544w, https:\/\/i0.wp.com\/toutcourtfestival.fr\/wp-content\/uploads\/2025\/02\/8003_thumb.jpg?zoom=3&amp;resize=272%2C182&amp;ssl=1 816w\" alt=\"\" \t\tclass=\"so-widget-image\"\/>\n\t<\/div>\n\n<\/div><\/div><\/div><\/div><div id=\"pgc-w67b894c6e6b15-0-2\"  class=\"panel-grid-cell\" ><div id=\"panel-w67b894c6e6b15-0-2-0\" class=\"so-panel widget widget_sow-editor panel-first-child panel-last-child\" data-index=\"1\" ><div\n\t\t\t\n\t\t\tclass=\"so-widget-sow-editor so-widget-sow-editor-base\"\n\t\t\t\n\t\t>\n<div class=\"siteorigin-widget-tinymce textwidget\">\n\t<p style=\"text-align: justify;\"><span style=\"font-size: 12pt;\"><em>Fantastique de Lisa Bolduc - Canada - 13\u20191\u201d<\/em><\/span><\/p>\n<p style=\"text-align: justify;\"><span style=\"font-size: 12pt;\">L'arriv\u00e9e myst\u00e9rieuse d'un \u00e9norme coffre dans le garage de la maison de Pierre vient chambouler sa vie. \u00c0 55 ans, avec le temps qui passe trop lentement et les r\u00eaves qui se sont envol\u00e9s, la solitude semble soudainement moins pesante. L'apparition \u00e9trange de l'objet devient l'unique obsession de Pierre, et la d\u00e9couverte de son contenu, un nouvel objectif de vie.<\/span><\/p>\n<p>&nbsp;<\/p>\n<\/div>\n<\/div><\/div><\/div><\/div><\/div><\/div><\/div><\/div><\/div><div id=\"pg-9610-5\"  class=\"panel-grid panel-has-style\" ><div class=\"panel-row-style panel-row-style-for-9610-5\" ><div id=\"pgc-9610-5-0\"  class=\"panel-grid-cell\" ><div id=\"panel-9610-5-0-0\" class=\"so-panel widget widget_sow-editor panel-first-child\" data-index=\"7\" ><div class=\"panel-widget-style panel-widget-style-for-9610-5-0-0\" ><div\n\t\t\t\n\t\t\tclass=\"so-widget-sow-editor so-widget-sow-editor-base\"\n\t\t\t\n\t\t>\n<div class=\"siteorigin-widget-tinymce textwidget\">\n\t<h1 style=\"text-align: justify;\"><span style=\"color: #e6e6e6;\"><b>La chasse au sanglier<\/b><\/span><\/h1>\n<p>&nbsp;<\/p>\n<\/div>\n<\/div><\/div><\/div><div id=\"panel-9610-5-0-1\" class=\"so-panel widget widget_siteorigin-panels-builder panel-last-child\" data-index=\"8\" ><div id=\"pl-w67b894c6e84e0\"  class=\"panel-layout\" ><div id=\"pg-w67b894c6e84e0-0\"  class=\"panel-grid panel-no-style\" ><div id=\"pgc-w67b894c6e84e0-0-0\"  class=\"panel-grid-cell panel-grid-cell-empty\" ><\/div><div id=\"pgc-w67b894c6e84e0-0-1\"  class=\"panel-grid-cell\" ><div id=\"panel-w67b894c6e84e0-0-1-0\" class=\"so-panel widget widget_sow-image panel-first-child panel-last-child\" data-index=\"0\" ><div class=\"panel-widget-style panel-widget-style-for-w67b894c6e84e0-0-1-0\" ><div\n\t\t\t\n\t\t\tclass=\"so-widget-sow-image so-widget-sow-image-default-4e6925654b7a\"\n\t\t\t\n\t\t>\n<div class=\"sow-image-container\">\n\t\t<img \n\tsrc=\"https:\/\/i0.wp.com\/toutcourtfestival.fr\/wp-content\/uploads\/2025\/02\/6860_picture-e1740335401176.png?resize=272%2C182&amp;ssl=1\" width=\"272\" height=\"182\" srcset=\"https:\/\/i0.wp.com\/toutcourtfestival.fr\/wp-content\/uploads\/2025\/02\/6860_picture-e1740335401176.png?resize=272%2C182&amp;ssl=1 272w, https:\/\/i0.wp.com\/toutcourtfestival.fr\/wp-content\/uploads\/2025\/02\/6860_picture-e1740335401176.png?zoom=2&amp;resize=272%2C182&amp;ssl=1 544w, https:\/\/i0.wp.com\/toutcourtfestival.fr\/wp-content\/uploads\/2025\/02\/6860_picture-e1740335401176.png?zoom=3&amp;resize=272%2C182&amp;ssl=1 816w\" title=\"6860_picture\" alt=\"\" \t\tclass=\"so-widget-image\"\/>\n\t<\/div>\n\n<\/div><\/div><\/div><\/div><div id=\"pgc-w67b894c6e84e0-0-2\"  class=\"panel-grid-cell\" ><div id=\"panel-w67b894c6e84e0-0-2-0\" class=\"so-panel widget widget_sow-editor panel-first-child panel-last-child\" data-index=\"1\" ><div\n\t\t\t\n\t\t\tclass=\"so-widget-sow-editor so-widget-sow-editor-base\"\n\t\t\t\n\t\t>\n<div class=\"siteorigin-widget-tinymce textwidget\">\n\t<p style=\"text-align: justify;\"><span style=\"font-size: 12pt; color: #e6e6e6;\"><em>Portrait de Jonathan CARON - France - 13\u201920\u201d<\/em><\/span><\/p>\n<p style=\"text-align: justify;\"><span style=\"font-size: 12pt; color: #e6e6e6;\">Un ado fait face \u00e0 des sentiments confus lorsqu'il participe \u00e0 sa premi\u00e8re partie de chasse, qui dans sa communaut\u00e9, est une \u00e9tape importante dans la vie d'un homme.<\/span><\/p>\n<p>&nbsp;<\/p>\n<\/div>\n<\/div><\/div><\/div><\/div><\/div><\/div><\/div><\/div><\/div><div id=\"pg-9610-6\"  class=\"panel-grid panel-has-style\" ><div class=\"panel-row-style panel-row-style-for-9610-6\" ><div id=\"pgc-9610-6-0\"  class=\"panel-grid-cell\" ><div id=\"panel-9610-6-0-0\" class=\"so-panel widget widget_sow-editor panel-first-child\" data-index=\"9\" ><div class=\"panel-widget-style panel-widget-style-for-9610-6-0-0\" ><div\n\t\t\t\n\t\t\tclass=\"so-widget-sow-editor so-widget-sow-editor-base\"\n\t\t\t\n\t\t>\n<div class=\"siteorigin-widget-tinymce textwidget\">\n\t<h1 style=\"text-align: justify;\"><b>Amen<\/b><\/h1>\n<p>&nbsp;<\/p>\n<\/div>\n<\/div><\/div><\/div><div id=\"panel-9610-6-0-1\" class=\"so-panel widget widget_siteorigin-panels-builder panel-last-child\" data-index=\"10\" ><div id=\"pl-w67b894c6e9aeb\"  class=\"panel-layout\" ><div id=\"pg-w67b894c6e9aeb-0\"  class=\"panel-grid panel-no-style\" ><div id=\"pgc-w67b894c6e9aeb-0-0\"  class=\"panel-grid-cell panel-grid-cell-empty\" ><\/div><div id=\"pgc-w67b894c6e9aeb-0-1\"  class=\"panel-grid-cell\" ><div id=\"panel-w67b894c6e9aeb-0-1-0\" class=\"so-panel widget widget_sow-image panel-first-child panel-last-child\" data-index=\"0\" ><div class=\"panel-widget-style panel-widget-style-for-w67b894c6e9aeb-0-1-0\" ><div\n\t\t\t\n\t\t\tclass=\"so-widget-sow-image so-widget-sow-image-default-4e6925654b7a\"\n\t\t\t\n\t\t>\n<div class=\"sow-image-container\">\n\t\t<img \n\tsrc=\"https:\/\/i0.wp.com\/toutcourtfestival.fr\/wp-content\/uploads\/2025\/02\/739_thumb.png?resize=272%2C182&amp;ssl=1\" width=\"272\" height=\"182\" srcset=\"https:\/\/i0.wp.com\/toutcourtfestival.fr\/wp-content\/uploads\/2025\/02\/739_thumb.png?resize=272%2C182&amp;ssl=1 272w, https:\/\/i0.wp.com\/toutcourtfestival.fr\/wp-content\/uploads\/2025\/02\/739_thumb.png?zoom=2&amp;resize=272%2C182&amp;ssl=1 544w, https:\/\/i0.wp.com\/toutcourtfestival.fr\/wp-content\/uploads\/2025\/02\/739_thumb.png?zoom=3&amp;resize=272%2C182&amp;ssl=1 816w\" alt=\"\" \t\tclass=\"so-widget-image\"\/>\n\t<\/div>\n\n<\/div><\/div><\/div><\/div><div id=\"pgc-w67b894c6e9aeb-0-2\"  class=\"panel-grid-cell\" ><div id=\"panel-w67b894c6e9aeb-0-2-0\" class=\"so-panel widget widget_sow-editor panel-first-child panel-last-child\" data-index=\"1\" ><div\n\t\t\t\n\t\t\tclass=\"so-widget-sow-editor so-widget-sow-editor-base\"\n\t\t\t\n\t\t>\n<div class=\"siteorigin-widget-tinymce textwidget\">\n\t<p style=\"text-align: justify;\"><span style=\"font-size: 12pt; font-family: arial, helvetica, sans-serif;\"><em>HAventure de Orph\u00e9e COUTIER , Bettina DEMARTY , Kimi\u00e9 MAINGONNAT , Laur\u00e8ne PEREGO , Louise POULAIN , Avril ZUNDEL - France - 6\u201946\u201d [Film d'animation]<\/em><\/span><\/p>\n<p style=\"text-align: justify;\"><span style=\"font-size: 12pt;\">O\"Des cochons vivent paisiblement dans un monast\u00e8re. Un jour l\u2019un d\u2019eux est emmen\u00e9 hors de l\u2019enclos par un des moines. Il entre dans un sombre lieu rempli d\u2019outils tranchants et de saucissons et il comprend alors le sort qui l\u2019attend: les moines vont l\u2019abattre et en faire de la chaire \u00e0 saucisse ! Tel un h\u00e9ros, guid\u00e9 par une force divine, il r\u00e9ussit \u00e0 s'\u00e9chapper et \u00e0 lib\u00e9rer ses amis. Commence alors une \u00e9vasion dans le monast\u00e8re, parviendront-ils \u00e0 s'\u00e9chapper? <\/span><\/p>\n<p>&nbsp;<\/p>\n<\/div>\n<\/div><\/div><\/div><\/div><\/div><\/div><\/div><\/div><\/div><div id=\"pg-9610-7\"  class=\"panel-grid panel-has-style\" ><div class=\"panel-row-style panel-row-style-for-9610-7\" ><div id=\"pgc-9610-7-0\"  class=\"panel-grid-cell\" ><div id=\"panel-9610-7-0-0\" class=\"so-panel widget widget_sow-editor panel-first-child\" data-index=\"11\" ><div class=\"panel-widget-style panel-widget-style-for-9610-7-0-0\" ><div\n\t\t\t\n\t\t\tclass=\"so-widget-sow-editor so-widget-sow-editor-base\"\n\t\t\t\n\t\t>\n<div class=\"siteorigin-widget-tinymce textwidget\">\n\t<h1 style=\"text-align: justify;\"><span style=\"color: #e6e6e6;\"><b>Nieve roja<\/b><\/span><\/h1>\n<p>&nbsp;<\/p>\n<\/div>\n<\/div><\/div><\/div><div id=\"panel-9610-7-0-1\" class=\"so-panel widget widget_siteorigin-panels-builder panel-last-child\" data-index=\"12\" ><div id=\"pl-w67b894c6ebae6\"  class=\"panel-layout\" ><div id=\"pg-w67b894c6ebae6-0\"  class=\"panel-grid panel-no-style\" ><div id=\"pgc-w67b894c6ebae6-0-0\"  class=\"panel-grid-cell panel-grid-cell-empty\" ><\/div><div id=\"pgc-w67b894c6ebae6-0-1\"  class=\"panel-grid-cell\" ><div id=\"panel-w67b894c6ebae6-0-1-0\" class=\"so-panel widget widget_sow-image panel-first-child panel-last-child\" data-index=\"0\" ><div class=\"panel-widget-style panel-widget-style-for-w67b894c6ebae6-0-1-0\" ><div\n\t\t\t\n\t\t\tclass=\"so-widget-sow-image so-widget-sow-image-default-4e6925654b7a\"\n\t\t\t\n\t\t>\n<div class=\"sow-image-container\">\n\t\t<img \n\tsrc=\"https:\/\/i0.wp.com\/toutcourtfestival.fr\/wp-content\/uploads\/2025\/02\/8262_thumb.png?resize=272%2C182&amp;ssl=1\" width=\"272\" height=\"182\" srcset=\"https:\/\/i0.wp.com\/toutcourtfestival.fr\/wp-content\/uploads\/2025\/02\/8262_thumb.png?resize=272%2C182&amp;ssl=1 272w, https:\/\/i0.wp.com\/toutcourtfestival.fr\/wp-content\/uploads\/2025\/02\/8262_thumb.png?zoom=2&amp;resize=272%2C182&amp;ssl=1 544w, https:\/\/i0.wp.com\/toutcourtfestival.fr\/wp-content\/uploads\/2025\/02\/8262_thumb.png?zoom=3&amp;resize=272%2C182&amp;ssl=1 816w\" alt=\"\" \t\tclass=\"so-widget-image\"\/>\n\t<\/div>\n\n<\/div><\/div><\/div><\/div><div id=\"pgc-w67b894c6ebae6-0-2\"  class=\"panel-grid-cell\" ><div id=\"panel-w67b894c6ebae6-0-2-0\" class=\"so-panel widget widget_sow-editor panel-first-child panel-last-child\" data-index=\"1\" ><div\n\t\t\t\n\t\t\tclass=\"so-widget-sow-editor so-widget-sow-editor-base\"\n\t\t\t\n\t\t>\n<div class=\"siteorigin-widget-tinymce textwidget\">\n\t<p style=\"text-align: justify;\"><span style=\"font-size: 12pt; color: #e6e6e6;\"><em>Drame de Susana Olmedo \u00c1lvarez , Aurelia Gil Junco - Espagne - 5\u2019 [Film d'animation]<\/em><\/span><\/p>\n<p style=\"text-align: justify;\"><span style=\"font-size: 12pt; color: #e6e6e6;\">\"Une petite fille et un vampire vivent dans un village au bord de la for\u00eat, o\u00f9 ils passent le temps ensemble. Un incident et un souvenir du pass\u00e9 de la jeune fille vont remettre en question leur relation et le cours de leur vie pour toujours.<br \/>\n\"<\/span><\/p>\n<p>&nbsp;<\/p>\n<\/div>\n<\/div><\/div><\/div><\/div><\/div><\/div><\/div><\/div><\/div><div id=\"pg-9610-8\"  class=\"panel-grid panel-has-style\" ><div class=\"panel-row-style panel-row-style-for-9610-8\" ><div id=\"pgc-9610-8-0\"  class=\"panel-grid-cell\" ><div id=\"panel-9610-8-0-0\" class=\"so-panel widget widget_sow-editor panel-first-child\" data-index=\"13\" ><div class=\"panel-widget-style panel-widget-style-for-9610-8-0-0\" ><div\n\t\t\t\n\t\t\tclass=\"so-widget-sow-editor so-widget-sow-editor-base\"\n\t\t\t\n\t\t>\n<div class=\"siteorigin-widget-tinymce textwidget\">\n\t<h1 style=\"text-align: justify;\">Rando<\/h1>\n<\/div>\n<\/div><\/div><\/div><div id=\"panel-9610-8-0-1\" class=\"so-panel widget widget_siteorigin-panels-builder panel-last-child\" data-index=\"14\" ><div id=\"pl-w67b894c6ed70e\"  class=\"panel-layout\" ><div id=\"pg-w67b894c6ed70e-0\"  class=\"panel-grid panel-no-style\" ><div id=\"pgc-w67b894c6ed70e-0-0\"  class=\"panel-grid-cell panel-grid-cell-empty\" ><\/div><div id=\"pgc-w67b894c6ed70e-0-1\"  class=\"panel-grid-cell\" ><div id=\"panel-w67b894c6ed70e-0-1-0\" class=\"so-panel widget widget_sow-image panel-first-child panel-last-child\" data-index=\"0\" ><div class=\"panel-widget-style panel-widget-style-for-w67b894c6ed70e-0-1-0\" ><div\n\t\t\t\n\t\t\tclass=\"so-widget-sow-image so-widget-sow-image-default-4e6925654b7a\"\n\t\t\t\n\t\t>\n<div class=\"sow-image-container\">\n\t\t<img \n\tsrc=\"https:\/\/i0.wp.com\/toutcourtfestival.fr\/wp-content\/uploads\/2025\/02\/2683_picture-scaled.jpg?resize=272%2C182&amp;ssl=1\" width=\"272\" height=\"182\" srcset=\"https:\/\/i0.wp.com\/toutcourtfestival.fr\/wp-content\/uploads\/2025\/02\/2683_picture-scaled.jpg?resize=272%2C182&amp;ssl=1 272w, https:\/\/i0.wp.com\/toutcourtfestival.fr\/wp-content\/uploads\/2025\/02\/2683_picture-scaled.jpg?zoom=2&amp;resize=272%2C182&amp;ssl=1 544w, https:\/\/i0.wp.com\/toutcourtfestival.fr\/wp-content\/uploads\/2025\/02\/2683_picture-scaled.jpg?zoom=3&amp;resize=272%2C182&amp;ssl=1 816w\" title=\"Screenshot\" alt=\"\" \t\tclass=\"so-widget-image\"\/>\n\t<\/div>\n\n<\/div><\/div><\/div><\/div><div id=\"pgc-w67b894c6ed70e-0-2\"  class=\"panel-grid-cell\" ><div id=\"panel-w67b894c6ed70e-0-2-0\" class=\"so-panel widget widget_sow-editor panel-first-child panel-last-child\" data-index=\"1\" ><div\n\t\t\t\n\t\t\tclass=\"so-widget-sow-editor so-widget-sow-editor-base\"\n\t\t\t\n\t\t>\n<div class=\"siteorigin-widget-tinymce textwidget\">\n\t<p style=\"text-align: justify;\"><span style=\"font-size: 12pt;\"><em>Com\u00e9die de Mathieu Gari - France - 21\u201913\u201d<\/em><\/span><\/p>\n<p style=\"text-align: justify;\"><span style=\"font-size: 12pt;\">Une trentenaire fait tout son possible pour ne pas se retrouver seule le jour de son anniversaire, quitte \u00e0 tenter de s\u2019incruster aupr\u00e8s d\u2019un coll\u00e8gue de travail, puis au sein d\u2019un couple de randonneurs. En fin de journ\u00e9e, se retrouvant perdue sur un haut plateau alpin, elle finit par se lier d\u2019amiti\u00e9 avec une passionn\u00e9e de chamois.<\/span><\/p>\n<p>&nbsp;<\/p>\n<\/div>\n<\/div><\/div><\/div><\/div><\/div><\/div><\/div><\/div><\/div><div id=\"pg-9610-9\"  class=\"panel-grid panel-has-style\" ><div class=\"panel-row-style panel-row-style-for-9610-9\" ><div id=\"pgc-9610-9-0\"  class=\"panel-grid-cell\" ><div id=\"panel-9610-9-0-0\" class=\"so-panel widget widget_sow-editor panel-first-child\" data-index=\"15\" ><div class=\"panel-widget-style panel-widget-style-for-9610-9-0-0\" ><div\n\t\t\t\n\t\t\tclass=\"so-widget-sow-editor so-widget-sow-editor-base\"\n\t\t\t\n\t\t>\n<div class=\"siteorigin-widget-tinymce textwidget\">\n\t<h1 style=\"text-align: justify;\"><span style=\"color: #e6e6e6;\"><b>Depredador<\/b><\/span><\/h1>\n<p>&nbsp;<\/p>\n<\/div>\n<\/div><\/div><\/div><div id=\"panel-9610-9-0-1\" class=\"so-panel widget widget_siteorigin-panels-builder panel-last-child\" data-index=\"16\" ><div id=\"pl-w67b894c6ef49e\"  class=\"panel-layout\" ><div id=\"pg-w67b894c6ef49e-0\"  class=\"panel-grid panel-no-style\" ><div id=\"pgc-w67b894c6ef49e-0-0\"  class=\"panel-grid-cell panel-grid-cell-empty\" ><\/div><div id=\"pgc-w67b894c6ef49e-0-1\"  class=\"panel-grid-cell\" ><div id=\"panel-w67b894c6ef49e-0-1-0\" class=\"so-panel widget widget_sow-image panel-first-child panel-last-child\" data-index=\"0\" ><div class=\"panel-widget-style panel-widget-style-for-w67b894c6ef49e-0-1-0\" ><div\n\t\t\t\n\t\t\tclass=\"so-widget-sow-image so-widget-sow-image-default-4e6925654b7a\"\n\t\t\t\n\t\t>\n<div class=\"sow-image-container\">\n\t\t<img \n\tsrc=\"https:\/\/i0.wp.com\/toutcourtfestival.fr\/wp-content\/uploads\/2025\/02\/5128_thumb-scaled-e1739461890318.jpg?resize=272%2C182&amp;ssl=1\" width=\"272\" height=\"182\" srcset=\"https:\/\/i0.wp.com\/toutcourtfestival.fr\/wp-content\/uploads\/2025\/02\/5128_thumb-scaled-e1739461890318.jpg?resize=272%2C182&amp;ssl=1 272w, https:\/\/i0.wp.com\/toutcourtfestival.fr\/wp-content\/uploads\/2025\/02\/5128_thumb-scaled-e1739461890318.jpg?zoom=2&amp;resize=272%2C182&amp;ssl=1 544w, https:\/\/i0.wp.com\/toutcourtfestival.fr\/wp-content\/uploads\/2025\/02\/5128_thumb-scaled-e1739461890318.jpg?zoom=3&amp;resize=272%2C182&amp;ssl=1 816w\" title=\"5128_thumb\" alt=\"\" \t\tclass=\"so-widget-image\"\/>\n\t<\/div>\n\n<\/div><\/div><\/div><\/div><div id=\"pgc-w67b894c6ef49e-0-2\"  class=\"panel-grid-cell\" ><div id=\"panel-w67b894c6ef49e-0-2-0\" class=\"so-panel widget widget_sow-editor panel-first-child panel-last-child\" data-index=\"1\" ><div\n\t\t\t\n\t\t\tclass=\"so-widget-sow-editor so-widget-sow-editor-base\"\n\t\t\t\n\t\t>\n<div class=\"siteorigin-widget-tinymce textwidget\">\n\t<p style=\"text-align: justify;\"><span style=\"font-size: 12pt; color: #e6e6e6;\"><em>Drame de Javier Fesser - Espagne - 7\u2019<\/em><\/span><\/p>\n<p style=\"text-align: justify;\"><span style=\"font-size: 12pt; color: #e6e6e6;\">Deux amis voyagent dans un endroit isol\u00e9 lorsque leur voiture subit une panne tragique.<\/span><\/p>\n<p>&nbsp;<\/p>\n<\/div>\n<\/div><\/div><\/div><\/div><\/div><\/div><\/div><\/div><\/div><div id=\"pg-9610-10\"  class=\"panel-grid panel-no-style\" ><div id=\"pgc-9610-10-0\"  class=\"panel-grid-cell\" ><div id=\"panel-9610-10-0-0\" class=\"so-panel widget widget_text panel-first-child panel-last-child\" data-index=\"17\" >\t\t\t<div class=\"textwidget\"><style>.entry-title {display:none;}<\/style> <\/div>\n\t\t<\/div><\/div><\/div><\/div>","protected":false},"excerpt":{"rendered":"<p>Nocturne S\u00e9lections parall\u00e8les <\/p>\n<p style=\"text-align: justify;\">Parce qu&#8217;on ne va quand m\u00eame pas terminer une bonne soir\u00e9e cin\u00e9ma un samedi soir \u00e0 22h30, on vous accompagne dans la nuit pour une nocturne en deuxi\u00e8me partie de soir\u00e9e, apr\u00e8s la remise des prix et le cin\u00e9-concert !<\/p>\n<p style=\"text-align: center;\"><strong>7 films<\/strong> &#8211; Dur\u00e9e 1h26 plus \u00e9changes avec &hellip; <\/p>\n<p><a class=\"more-link btn\" href=\"https:\/\/toutcourtfestival.fr\/index.php\/archives\/toutcourt-2025\/selection-2025\/selection-nocturne\/\">Continue reading<\/a><\/p>\n","protected":false},"author":4,"featured_media":0,"parent":9544,"menu_order":0,"comment_status":"closed","ping_status":"closed","template":"","meta":{"ngg_post_thumbnail":0,"jetpack_post_was_ever_published":false,"footnotes":""},"class_list":["post-9610","page","type-page","status-publish","hentry","nodate","item-wrap"],"jetpack_sharing_enabled":true,"jetpack_shortlink":"https:\/\/wp.me\/P8k6iw-2v0","jetpack_likes_enabled":true,"_links":{"self":[{"href":"https:\/\/toutcourtfestival.fr\/index.php\/wp-json\/wp\/v2\/pages\/9610","targetHints":{"allow":["GET"]}}],"collection":[{"href":"https:\/\/toutcourtfestival.fr\/index.php\/wp-json\/wp\/v2\/pages"}],"about":[{"href":"https:\/\/toutcourtfestival.fr\/index.php\/wp-json\/wp\/v2\/types\/page"}],"author":[{"embeddable":true,"href":"https:\/\/toutcourtfestival.fr\/index.php\/wp-json\/wp\/v2\/users\/4"}],"replies":[{"embeddable":true,"href":"https:\/\/toutcourtfestival.fr\/index.php\/wp-json\/wp\/v2\/comments?post=9610"}],"version-history":[{"count":5,"href":"https:\/\/toutcourtfestival.fr\/index.php\/wp-json\/wp\/v2\/pages\/9610\/revisions"}],"predecessor-version":[{"id":9677,"href":"https:\/\/toutcourtfestival.fr\/index.php\/wp-json\/wp\/v2\/pages\/9610\/revisions\/9677"}],"up":[{"embeddable":true,"href":"https:\/\/toutcourtfestival.fr\/index.php\/wp-json\/wp\/v2\/pages\/9544"}],"wp:attachment":[{"href":"https:\/\/toutcourtfestival.fr\/index.php\/wp-json\/wp\/v2\/media?parent=9610"}],"curies":[{"name":"wp","href":"https:\/\/api.w.org\/{rel}","templated":true}]}}