{"id":9622,"date":"2025-02-13T16:57:25","date_gmt":"2025-02-13T15:57:25","guid":{"rendered":"https:\/\/toutcourtfestival.fr\/?page_id=9622"},"modified":"2025-02-21T16:05:23","modified_gmt":"2025-02-21T15:05:23","slug":"selection-d-ouverture-2025","status":"publish","type":"page","link":"https:\/\/toutcourtfestival.fr\/index.php\/archives\/toutcourt-2025\/selection-2025\/selection-d-ouverture-2025\/","title":{"rendered":"S\u00e9lection d&#8217;ouverture 2025"},"content":{"rendered":"<div id=\"pl-9622\"  class=\"panel-layout\" ><div id=\"pg-9622-0\"  class=\"panel-grid panel-no-style\" ><div id=\"pgc-9622-0-0\"  class=\"panel-grid-cell\" ><div id=\"panel-9622-0-0-0\" class=\"so-panel widget widget_sow-headline panel-first-child panel-last-child\" data-index=\"0\" ><div\n\t\t\t\n\t\t\tclass=\"so-widget-sow-headline so-widget-sow-headline-default-3c6557d8c08b-9622\"\n\t\t\t\n\t\t><div class=\"sow-headline-container \">\n\t\t\t\t\t\t\t<h1 class=\"sow-headline\">\n\t\t\t\t\t\tS\u00e9lection d'ouverture\t\t\t\t\t\t<\/h1>\n\t\t\t\t\t\t\t\t\t\t\t<div class=\"decoration\">\n\t\t\t\t\t\t<div class=\"decoration-inside\"><\/div>\n\t\t\t\t\t<\/div>\n\t\t\t\t\t\t\t\t\t\t\t<h3 class=\"sow-sub-headline\">\n\t\t\t\t\t\tS\u00e9lections parall\u00e8les\t\t\t\t\t\t<\/h3>\n\t\t\t\t\t\t<\/div>\n<\/div><\/div><\/div><\/div><div id=\"pg-9622-1\"  class=\"panel-grid panel-no-style\" ><div id=\"pgc-9622-1-0\"  class=\"panel-grid-cell panel-grid-cell-empty\" ><\/div><div id=\"pgc-9622-1-1\"  class=\"panel-grid-cell panel-grid-cell-mobile-last\" ><div id=\"panel-9622-1-1-0\" class=\"so-panel widget widget_sow-editor panel-first-child panel-last-child\" data-index=\"1\" ><div\n\t\t\t\n\t\t\tclass=\"so-widget-sow-editor so-widget-sow-editor-base\"\n\t\t\t\n\t\t>\n<div class=\"siteorigin-widget-tinymce textwidget\">\n\t<p style=\"text-align: justify;\"><span style=\"font-size: 12pt;\">Plusieurs adultes b\u00e9n\u00e9voles du Tout Court ! ont encadr\u00e9 les jeunes du comit\u00e9 de s\u00e9lection. Ils ont visionn\u00e9, v\u00e9rifi\u00e9 et filtr\u00e9 1002 films avant de montrer aux jeunes une pr\u00e9s\u00e9lection d'une cinquantaine de films. Ils ont \u00e9t\u00e9 touch\u00e9s, \u00e9mus, amus\u00e9s par des \u0153uvres qui ont parfois moins convaincu les jeunes - question d'\u00e2ge, de g\u00e9n\u00e9ration\u2026 Ils ont souhait\u00e9 offrir au public du festival une s\u00e9lection hors comp\u00e9tition des films qui les ont le plus enthousiasm\u00e9s : la s\u00e9lection des encadrants !<\/span><\/p>\n<p style=\"text-align: center;\"><span style=\"font-size: 12pt;\"><em><strong>5 films<\/strong> - Dur\u00e9e 1h17 plus \u00e9changes avec les artistes.<\/em><\/span><\/p>\n<p style=\"text-align: center;\"><em><span style=\"font-size: 12pt;\">Projection le <strong>vendredi 28 mars 2025<\/strong>&nbsp;\u00e0 <strong>19h30<\/strong> en ouverture du festival \u00e0 la <strong>salle polyvalente de Gisors<\/strong><\/span><\/em><\/p>\n<\/div>\n<\/div><\/div><\/div><div id=\"pgc-9622-1-2\"  class=\"panel-grid-cell panel-grid-cell-empty\" ><\/div><\/div><div id=\"pg-9622-2\"  class=\"panel-grid panel-no-style\" ><div id=\"pgc-9622-2-0\"  class=\"panel-grid-cell\" ><div id=\"panel-9622-2-0-0\" class=\"so-panel widget widget_sow-headline panel-first-child panel-last-child\" data-index=\"2\" ><div\n\t\t\t\n\t\t\tclass=\"so-widget-sow-headline so-widget-sow-headline-default-6090f20097d1-9622\"\n\t\t\t\n\t\t><div class=\"sow-headline-container \">\n\t\t\t\t\t\t<div class=\"decoration\">\n\t\t\t\t\t\t<div class=\"decoration-inside\"><\/div>\n\t\t\t\t\t<\/div>\n\t\t\t\t\t<\/div>\n<\/div><\/div><\/div><\/div><div id=\"pg-9622-3\"  class=\"panel-grid panel-has-style\" ><div class=\"panel-row-style panel-row-style-for-9622-3\" ><div id=\"pgc-9622-3-0\"  class=\"panel-grid-cell\" ><div id=\"panel-9622-3-0-0\" class=\"so-panel widget widget_sow-editor panel-first-child\" data-index=\"3\" ><div class=\"panel-widget-style panel-widget-style-for-9622-3-0-0\" ><div\n\t\t\t\n\t\t\tclass=\"so-widget-sow-editor so-widget-sow-editor-base\"\n\t\t\t\n\t\t>\n<div class=\"siteorigin-widget-tinymce textwidget\">\n\t<h1 style=\"text-align: justify;\"><span style=\"color: #e6e6e6;\"><strong>Int\u00e9gration<\/strong><\/span><\/h1>\n<\/div>\n<\/div><\/div><\/div><div id=\"panel-9622-3-0-1\" class=\"so-panel widget widget_siteorigin-panels-builder panel-last-child\" data-index=\"4\" ><div id=\"pl-w67b89371b6847\"  class=\"panel-layout\" ><div id=\"pg-w67b89371b6847-0\"  class=\"panel-grid panel-no-style\" ><div id=\"pgc-w67b89371b6847-0-0\"  class=\"panel-grid-cell panel-grid-cell-empty\" ><\/div><div id=\"pgc-w67b89371b6847-0-1\"  class=\"panel-grid-cell\" ><div id=\"panel-w67b89371b6847-0-1-0\" class=\"so-panel widget widget_sow-image panel-first-child panel-last-child\" data-index=\"0\" ><div class=\"panel-widget-style panel-widget-style-for-w67b89371b6847-0-1-0\" ><div\n\t\t\t\n\t\t\tclass=\"so-widget-sow-image so-widget-sow-image-default-4e6925654b7a\"\n\t\t\t\n\t\t>\n<div class=\"sow-image-container\">\n\t\t<img \n\tsrc=\"https:\/\/i0.wp.com\/toutcourtfestival.fr\/wp-content\/uploads\/2025\/02\/2234_thumb.png?resize=272%2C182&amp;ssl=1\" width=\"272\" height=\"182\" srcset=\"https:\/\/i0.wp.com\/toutcourtfestival.fr\/wp-content\/uploads\/2025\/02\/2234_thumb.png?resize=272%2C182&amp;ssl=1 272w, https:\/\/i0.wp.com\/toutcourtfestival.fr\/wp-content\/uploads\/2025\/02\/2234_thumb.png?zoom=2&amp;resize=272%2C182&amp;ssl=1 544w, https:\/\/i0.wp.com\/toutcourtfestival.fr\/wp-content\/uploads\/2025\/02\/2234_thumb.png?zoom=3&amp;resize=272%2C182&amp;ssl=1 816w\" alt=\"\" \t\tclass=\"so-widget-image\"\/>\n\t<\/div>\n\n<\/div><\/div><\/div><\/div><div id=\"pgc-w67b89371b6847-0-2\"  class=\"panel-grid-cell\" ><div id=\"panel-w67b89371b6847-0-2-0\" class=\"so-panel widget widget_sow-editor panel-first-child panel-last-child\" data-index=\"1\" ><div\n\t\t\t\n\t\t\tclass=\"so-widget-sow-editor so-widget-sow-editor-base\"\n\t\t\t\n\t\t>\n<div class=\"siteorigin-widget-tinymce textwidget\">\n\t<p style=\"text-align: justify;\"><span style=\"font-size: 12pt; color: #e6e6e6;\"><em>Polar de Emmanuel Bellegarde - France - 10\u201953\u201d<\/em><\/span><\/p>\n<p style=\"text-align: justify;\"><span style=\"font-size: 12pt; color: #e6e6e6;\">Dans un parking sous-terrain, Anthony, 25 ans, effectue sa journ\u00e9e d\u2019int\u00e9gration au sein de l\u2019\u00e9quipe d\u2019agents de s\u00e9curit\u00e9 dirig\u00e9e par son fr\u00e8re David. Mais lors de l\u2019interpellation d\u2019un vendeur \u00e0 la sauvette, David d\u00e9rape et commet l\u2019irr\u00e9parable. Choqu\u00e9, Anthony se r\u00e9fugie dans les toilettes du parking et tombe sur un t\u00e9moin de la bavure de son fr\u00e8re\u2026 <\/span><\/p>\n<p>&nbsp;<\/p>\n<\/div>\n<\/div><\/div><\/div><\/div><\/div><\/div><\/div><\/div><\/div><div id=\"pg-9622-4\"  class=\"panel-grid panel-has-style\" ><div class=\"panel-row-style panel-row-style-for-9622-4\" ><div id=\"pgc-9622-4-0\"  class=\"panel-grid-cell\" ><div id=\"panel-9622-4-0-0\" class=\"so-panel widget widget_sow-editor panel-first-child\" data-index=\"5\" ><div class=\"panel-widget-style panel-widget-style-for-9622-4-0-0\" ><div\n\t\t\t\n\t\t\tclass=\"so-widget-sow-editor so-widget-sow-editor-base\"\n\t\t\t\n\t\t>\n<div class=\"siteorigin-widget-tinymce textwidget\">\n\t<h1 style=\"text-align: justify;\"><b>L'enfant \u00e0 la peau blanche<\/b><\/h1>\n<\/div>\n<\/div><\/div><\/div><div id=\"panel-9622-4-0-1\" class=\"so-panel widget widget_siteorigin-panels-builder panel-last-child\" data-index=\"6\" ><div id=\"pl-w67b89371ba7ef\"  class=\"panel-layout\" ><div id=\"pg-w67b89371ba7ef-0\"  class=\"panel-grid panel-no-style\" ><div id=\"pgc-w67b89371ba7ef-0-0\"  class=\"panel-grid-cell panel-grid-cell-empty\" ><\/div><div id=\"pgc-w67b89371ba7ef-0-1\"  class=\"panel-grid-cell\" ><div id=\"panel-w67b89371ba7ef-0-1-0\" class=\"so-panel widget widget_sow-image panel-first-child panel-last-child\" data-index=\"0\" ><div class=\"panel-widget-style panel-widget-style-for-w67b89371ba7ef-0-1-0\" ><div\n\t\t\t\n\t\t\tclass=\"so-widget-sow-image so-widget-sow-image-default-4e6925654b7a\"\n\t\t\t\n\t\t>\n<div class=\"sow-image-container\">\n\t\t<img \n\tsrc=\"https:\/\/i0.wp.com\/toutcourtfestival.fr\/wp-content\/uploads\/2025\/02\/2746_thumb-scaled.jpg?resize=272%2C182&amp;ssl=1\" width=\"272\" height=\"182\" srcset=\"https:\/\/i0.wp.com\/toutcourtfestival.fr\/wp-content\/uploads\/2025\/02\/2746_thumb-scaled.jpg?resize=272%2C182&amp;ssl=1 272w, https:\/\/i0.wp.com\/toutcourtfestival.fr\/wp-content\/uploads\/2025\/02\/2746_thumb-scaled.jpg?zoom=2&amp;resize=272%2C182&amp;ssl=1 544w, https:\/\/i0.wp.com\/toutcourtfestival.fr\/wp-content\/uploads\/2025\/02\/2746_thumb-scaled.jpg?zoom=3&amp;resize=272%2C182&amp;ssl=1 816w\" title=\"2746_thumb\" alt=\"\" \t\tclass=\"so-widget-image\"\/>\n\t<\/div>\n\n<\/div><\/div><\/div><\/div><div id=\"pgc-w67b89371ba7ef-0-2\"  class=\"panel-grid-cell\" ><div id=\"panel-w67b89371ba7ef-0-2-0\" class=\"so-panel widget widget_sow-editor panel-first-child panel-last-child\" data-index=\"1\" ><div\n\t\t\t\n\t\t\tclass=\"so-widget-sow-editor so-widget-sow-editor-base\"\n\t\t\t\n\t\t>\n<div class=\"siteorigin-widget-tinymce textwidget\">\n\t<p style=\"text-align: justify;\"><span style=\"font-size: 12pt;\"><em>Drame de Simon Panay - France - 15\u2019<\/em><\/span><\/p>\n<p style=\"text-align: justify;\"><span style=\"font-size: 12pt;\">Confi\u00e9 par son p\u00e8re \u00e0 un groupe de chercheurs d'or, un enfant albinos cristallise tous les espoirs.<\/span><\/p>\n<p>&nbsp;<\/p>\n<\/div>\n<\/div><\/div><\/div><\/div><\/div><\/div><\/div><\/div><\/div><div id=\"pg-9622-5\"  class=\"panel-grid panel-has-style\" ><div class=\"panel-row-style panel-row-style-for-9622-5\" ><div id=\"pgc-9622-5-0\"  class=\"panel-grid-cell\" ><div id=\"panel-9622-5-0-0\" class=\"so-panel widget widget_sow-editor panel-first-child\" data-index=\"7\" ><div class=\"panel-widget-style panel-widget-style-for-9622-5-0-0\" ><div\n\t\t\t\n\t\t\tclass=\"so-widget-sow-editor so-widget-sow-editor-base\"\n\t\t\t\n\t\t>\n<div class=\"siteorigin-widget-tinymce textwidget\">\n\t<h1 style=\"text-align: justify;\"><span style=\"color: #e6e6e6;\"><b>Les cimes<\/b><\/span><\/h1>\n<p>&nbsp;<\/p>\n<\/div>\n<\/div><\/div><\/div><div id=\"panel-9622-5-0-1\" class=\"so-panel widget widget_siteorigin-panels-builder panel-last-child\" data-index=\"8\" ><div id=\"pl-w67b89371bfa0d\"  class=\"panel-layout\" ><div id=\"pg-w67b89371bfa0d-0\"  class=\"panel-grid panel-no-style\" ><div id=\"pgc-w67b89371bfa0d-0-0\"  class=\"panel-grid-cell panel-grid-cell-empty\" ><\/div><div id=\"pgc-w67b89371bfa0d-0-1\"  class=\"panel-grid-cell\" ><div id=\"panel-w67b89371bfa0d-0-1-0\" class=\"so-panel widget widget_sow-image panel-first-child panel-last-child\" data-index=\"0\" ><div class=\"panel-widget-style panel-widget-style-for-w67b89371bfa0d-0-1-0\" ><div\n\t\t\t\n\t\t\tclass=\"so-widget-sow-image so-widget-sow-image-default-4e6925654b7a\"\n\t\t\t\n\t\t>\n<div class=\"sow-image-container\">\n\t\t<img \n\tsrc=\"https:\/\/i0.wp.com\/toutcourtfestival.fr\/wp-content\/uploads\/2025\/02\/3958_picture.jpg?resize=272%2C182&amp;ssl=1\" width=\"272\" height=\"182\" srcset=\"https:\/\/i0.wp.com\/toutcourtfestival.fr\/wp-content\/uploads\/2025\/02\/3958_picture.jpg?resize=272%2C182&amp;ssl=1 272w, https:\/\/i0.wp.com\/toutcourtfestival.fr\/wp-content\/uploads\/2025\/02\/3958_picture.jpg?zoom=2&amp;resize=272%2C182&amp;ssl=1 544w, https:\/\/i0.wp.com\/toutcourtfestival.fr\/wp-content\/uploads\/2025\/02\/3958_picture.jpg?zoom=3&amp;resize=272%2C182&amp;ssl=1 816w\" alt=\"\" \t\tclass=\"so-widget-image\"\/>\n\t<\/div>\n\n<\/div><\/div><\/div><\/div><div id=\"pgc-w67b89371bfa0d-0-2\"  class=\"panel-grid-cell\" ><div id=\"panel-w67b89371bfa0d-0-2-0\" class=\"so-panel widget widget_sow-editor panel-first-child panel-last-child\" data-index=\"1\" ><div\n\t\t\t\n\t\t\tclass=\"so-widget-sow-editor so-widget-sow-editor-base\"\n\t\t\t\n\t\t>\n<div class=\"siteorigin-widget-tinymce textwidget\">\n\t<p style=\"text-align: justify;\"><span style=\"font-size: 12pt; color: #e6e6e6;\"><em>Com\u00e9die de Lucile Prin - France - 24\u2019<\/em><\/span><\/p>\n<p style=\"text-align: justify;\"><span style=\"font-size: 12pt; color: #e6e6e6;\">\"Agents de maintenance en haute montagne, Marius et Lorna vont d\u2019une antenne relais \u00e0 l\u2019autre.<br \/>\nEn route pour une nouvelle intervention, la tension monte tandis que la brume s\u2019\u00e9paissit.\"<\/span><\/p>\n<p>&nbsp;<\/p>\n<\/div>\n<\/div><\/div><\/div><\/div><\/div><\/div><\/div><\/div><\/div><div id=\"pg-9622-6\"  class=\"panel-grid panel-has-style\" ><div class=\"panel-row-style panel-row-style-for-9622-6\" ><div id=\"pgc-9622-6-0\"  class=\"panel-grid-cell\" ><div id=\"panel-9622-6-0-0\" class=\"so-panel widget widget_sow-editor panel-first-child\" data-index=\"9\" ><div class=\"panel-widget-style panel-widget-style-for-9622-6-0-0\" ><div\n\t\t\t\n\t\t\tclass=\"so-widget-sow-editor so-widget-sow-editor-base\"\n\t\t\t\n\t\t>\n<div class=\"siteorigin-widget-tinymce textwidget\">\n\t<h1 style=\"text-align: justify;\"><b>BAISSE LES BRAS !<br \/>\n<\/b><\/h1>\n<\/div>\n<\/div><\/div><\/div><div id=\"panel-9622-6-0-1\" class=\"so-panel widget widget_siteorigin-panels-builder panel-last-child\" data-index=\"10\" ><div id=\"pl-w67b89371c0e5f\"  class=\"panel-layout\" ><div id=\"pg-w67b89371c0e5f-0\"  class=\"panel-grid panel-no-style\" ><div id=\"pgc-w67b89371c0e5f-0-0\"  class=\"panel-grid-cell panel-grid-cell-empty\" ><\/div><div id=\"pgc-w67b89371c0e5f-0-1\"  class=\"panel-grid-cell\" ><div id=\"panel-w67b89371c0e5f-0-1-0\" class=\"so-panel widget widget_sow-image panel-first-child panel-last-child\" data-index=\"0\" ><div class=\"panel-widget-style panel-widget-style-for-w67b89371c0e5f-0-1-0\" ><div\n\t\t\t\n\t\t\tclass=\"so-widget-sow-image so-widget-sow-image-default-4e6925654b7a\"\n\t\t\t\n\t\t>\n<div class=\"sow-image-container\">\n\t\t<img \n\tsrc=\"https:\/\/i0.wp.com\/toutcourtfestival.fr\/wp-content\/uploads\/2025\/02\/5131_thumb.jpg?resize=272%2C182&amp;ssl=1\" width=\"272\" height=\"182\" srcset=\"https:\/\/i0.wp.com\/toutcourtfestival.fr\/wp-content\/uploads\/2025\/02\/5131_thumb.jpg?resize=272%2C182&amp;ssl=1 272w, https:\/\/i0.wp.com\/toutcourtfestival.fr\/wp-content\/uploads\/2025\/02\/5131_thumb.jpg?zoom=2&amp;resize=272%2C182&amp;ssl=1 544w, https:\/\/i0.wp.com\/toutcourtfestival.fr\/wp-content\/uploads\/2025\/02\/5131_thumb.jpg?zoom=3&amp;resize=272%2C182&amp;ssl=1 816w\" alt=\"\" \t\tclass=\"so-widget-image\"\/>\n\t<\/div>\n\n<\/div><\/div><\/div><\/div><div id=\"pgc-w67b89371c0e5f-0-2\"  class=\"panel-grid-cell\" ><div id=\"panel-w67b89371c0e5f-0-2-0\" class=\"so-panel widget widget_sow-editor panel-first-child panel-last-child\" data-index=\"1\" ><div\n\t\t\t\n\t\t\tclass=\"so-widget-sow-editor so-widget-sow-editor-base\"\n\t\t\t\n\t\t>\n<div class=\"siteorigin-widget-tinymce textwidget\">\n\t<p style=\"text-align: justify;\"><span style=\"font-size: 12pt; font-family: arial, helvetica, sans-serif;\"><em>Portrait de Fr\u00e9d\u00e9ric PHILIBERT - France - 7\u201913\u201d [Film d'animation]<\/em><\/span><\/p>\n<p style=\"text-align: justify;\"><span style=\"font-size: 12pt;\">Les parents de No\u00e9 r\u00e9p\u00e8tent inlassablement cette phrase \u00e0 leur fils qui a les bras en perp\u00e9tuel mouvement lorsqu\u2019il parle ou a de grandes \u00e9motions. No\u00e9 \u00e0 18 ans. Il est majeur pour la soci\u00e9t\u00e9 ... Mais, absolument pas autonome. Sa s\u0153ur, qu\u2019il adore, quitte la maison familiale pour aller faire ses \u00e9tudes dans une autre ville. Sa vie est chamboul\u00e9e.<\/span><\/p>\n<p>&nbsp;<\/p>\n<\/div>\n<\/div><\/div><\/div><\/div><\/div><\/div><\/div><\/div><\/div><div id=\"pg-9622-7\"  class=\"panel-grid panel-has-style\" ><div class=\"panel-row-style panel-row-style-for-9622-7\" ><div id=\"pgc-9622-7-0\"  class=\"panel-grid-cell\" ><div id=\"panel-9622-7-0-0\" class=\"so-panel widget widget_sow-editor panel-first-child\" data-index=\"11\" ><div class=\"panel-widget-style panel-widget-style-for-9622-7-0-0\" ><div\n\t\t\t\n\t\t\tclass=\"so-widget-sow-editor so-widget-sow-editor-base\"\n\t\t\t\n\t\t>\n<div class=\"siteorigin-widget-tinymce textwidget\">\n\t<h1 style=\"text-align: justify;\"><span style=\"color: #e6e6e6;\"><b>Accalmie<\/b><\/span><\/h1>\n<p>&nbsp;<\/p>\n<\/div>\n<\/div><\/div><\/div><div id=\"panel-9622-7-0-1\" class=\"so-panel widget widget_siteorigin-panels-builder panel-last-child\" data-index=\"12\" ><div id=\"pl-w67b895e455e17\"  class=\"panel-layout\" ><div id=\"pg-w67b895e455e17-0\"  class=\"panel-grid panel-no-style\" ><div id=\"pgc-w67b895e455e17-0-0\"  class=\"panel-grid-cell panel-grid-cell-empty\" ><\/div><div id=\"pgc-w67b895e455e17-0-1\"  class=\"panel-grid-cell\" ><div id=\"panel-w67b895e455e17-0-1-0\" class=\"so-panel widget widget_sow-image panel-first-child panel-last-child\" data-index=\"0\" ><div class=\"panel-widget-style panel-widget-style-for-w67b895e455e17-0-1-0\" ><div\n\t\t\t\n\t\t\tclass=\"so-widget-sow-image so-widget-sow-image-default-4e6925654b7a\"\n\t\t\t\n\t\t>\n<div class=\"sow-image-container\">\n\t\t<img \n\tsrc=\"https:\/\/i0.wp.com\/toutcourtfestival.fr\/wp-content\/uploads\/2025\/02\/157_picture-scaled.jpg?resize=272%2C182&amp;ssl=1\" width=\"272\" height=\"182\" srcset=\"https:\/\/i0.wp.com\/toutcourtfestival.fr\/wp-content\/uploads\/2025\/02\/157_picture-scaled.jpg?resize=272%2C182&amp;ssl=1 272w, https:\/\/i0.wp.com\/toutcourtfestival.fr\/wp-content\/uploads\/2025\/02\/157_picture-scaled.jpg?zoom=2&amp;resize=272%2C182&amp;ssl=1 544w, https:\/\/i0.wp.com\/toutcourtfestival.fr\/wp-content\/uploads\/2025\/02\/157_picture-scaled.jpg?zoom=3&amp;resize=272%2C182&amp;ssl=1 816w\" title=\"157_picture\" alt=\"\" \t\tclass=\"so-widget-image\"\/>\n\t<\/div>\n\n<\/div><\/div><\/div><\/div><div id=\"pgc-w67b895e455e17-0-2\"  class=\"panel-grid-cell\" ><div id=\"panel-w67b895e455e17-0-2-0\" class=\"so-panel widget widget_sow-editor panel-first-child panel-last-child\" data-index=\"1\" ><div\n\t\t\t\n\t\t\tclass=\"so-widget-sow-editor so-widget-sow-editor-base\"\n\t\t\t\n\t\t>\n<div class=\"siteorigin-widget-tinymce textwidget\">\n\t<p style=\"text-align: justify;\"><span style=\"font-size: 12pt; color: #e6e6e6;\"><em>Com\u00e9die de Martin Geisler - France - 20\u2019<\/em><\/span><\/p>\n<p style=\"text-align: justify;\"><span style=\"font-size: 12pt; color: #e6e6e6;\">\"Annabelle est devenue invisible aux yeux de sa famille. Elle m\u00e8ne sa vie en pilote automatique. Ahmad un jeune albanais, un chien et une chevauch\u00e9e montagnarde vont venir rebattre les cartes de son existence.<\/span><\/p>\n<\/div>\n<\/div><\/div><\/div><\/div><\/div><\/div><\/div><\/div><\/div><div id=\"pg-9622-8\"  class=\"panel-grid panel-no-style\" ><div id=\"pgc-9622-8-0\"  class=\"panel-grid-cell\" ><div id=\"panel-9622-8-0-0\" class=\"so-panel widget widget_text panel-first-child panel-last-child\" data-index=\"13\" >\t\t\t<div class=\"textwidget\"><style>.entry-title {display:none;}<\/style> <\/div>\n\t\t<\/div><\/div><\/div><\/div>","protected":false},"excerpt":{"rendered":"<p>S\u00e9lection d&#8217;ouverture S\u00e9lections parall\u00e8les <\/p>\n<p style=\"text-align: justify;\">Plusieurs adultes b\u00e9n\u00e9voles du Tout Court ! ont encadr\u00e9 les jeunes du comit\u00e9 de s\u00e9lection. Ils ont visionn\u00e9, v\u00e9rifi\u00e9 et filtr\u00e9 1002 films avant de montrer aux jeunes une pr\u00e9s\u00e9lection d&#8217;une cinquantaine de films. Ils ont \u00e9t\u00e9 touch\u00e9s, \u00e9mus, amus\u00e9s par des \u0153uvres qui ont parfois moins convaincu les &hellip; <\/p>\n<p><a class=\"more-link btn\" href=\"https:\/\/toutcourtfestival.fr\/index.php\/archives\/toutcourt-2025\/selection-2025\/selection-d-ouverture-2025\/\">Continue reading<\/a><\/p>\n","protected":false},"author":4,"featured_media":0,"parent":9544,"menu_order":0,"comment_status":"closed","ping_status":"closed","template":"","meta":{"ngg_post_thumbnail":0,"jetpack_post_was_ever_published":false,"footnotes":""},"class_list":["post-9622","page","type-page","status-publish","hentry","nodate","item-wrap"],"jetpack_sharing_enabled":true,"jetpack_shortlink":"https:\/\/wp.me\/P8k6iw-2vc","jetpack_likes_enabled":true,"_links":{"self":[{"href":"https:\/\/toutcourtfestival.fr\/index.php\/wp-json\/wp\/v2\/pages\/9622","targetHints":{"allow":["GET"]}}],"collection":[{"href":"https:\/\/toutcourtfestival.fr\/index.php\/wp-json\/wp\/v2\/pages"}],"about":[{"href":"https:\/\/toutcourtfestival.fr\/index.php\/wp-json\/wp\/v2\/types\/page"}],"author":[{"embeddable":true,"href":"https:\/\/toutcourtfestival.fr\/index.php\/wp-json\/wp\/v2\/users\/4"}],"replies":[{"embeddable":true,"href":"https:\/\/toutcourtfestival.fr\/index.php\/wp-json\/wp\/v2\/comments?post=9622"}],"version-history":[{"count":7,"href":"https:\/\/toutcourtfestival.fr\/index.php\/wp-json\/wp\/v2\/pages\/9622\/revisions"}],"predecessor-version":[{"id":9679,"href":"https:\/\/toutcourtfestival.fr\/index.php\/wp-json\/wp\/v2\/pages\/9622\/revisions\/9679"}],"up":[{"embeddable":true,"href":"https:\/\/toutcourtfestival.fr\/index.php\/wp-json\/wp\/v2\/pages\/9544"}],"wp:attachment":[{"href":"https:\/\/toutcourtfestival.fr\/index.php\/wp-json\/wp\/v2\/media?parent=9622"}],"curies":[{"name":"wp","href":"https:\/\/api.w.org\/{rel}","templated":true}]}}