{"id":9958,"date":"2026-02-20T08:06:45","date_gmt":"2026-02-20T07:06:45","guid":{"rendered":"https:\/\/toutcourtfestival.fr\/?page_id=9958"},"modified":"2026-03-22T19:36:02","modified_gmt":"2026-03-22T18:36:02","slug":"selections-2026-competition-2","status":"publish","type":"page","link":"https:\/\/toutcourtfestival.fr\/index.php\/selections-2026\/selections-2026-competition-2\/","title":{"rendered":"S\u00e9lections 2026 \u2022 Comp\u00e9tition 2"},"content":{"rendered":"<div id=\"pl-9958\"  class=\"panel-layout\" ><div id=\"pg-9958-0\"  class=\"panel-grid panel-no-style\" ><div id=\"pgc-9958-0-0\"  class=\"panel-grid-cell\" ><div id=\"panel-9958-0-0-0\" class=\"so-panel widget widget_sow-headline panel-first-child panel-last-child\" data-index=\"0\" ><div\n\t\t\t\n\t\t\tclass=\"so-widget-sow-headline so-widget-sow-headline-default-d3b91947853d-9958\"\n\t\t\t\n\t\t><div class=\"sow-headline-container \">\n\t\t\t\t\t\t\t<h1 class=\"sow-headline\">\n\t\t\t\t\t\tS\u00e9lection 2026 \u2022 Comp\u00e9tition n\u00b02\t\t\t\t\t\t<\/h1>\n\t\t\t\t\t\t\t\t\t\t\t<div class=\"decoration\">\n\t\t\t\t\t\t<div class=\"decoration-inside\"><\/div>\n\t\t\t\t\t<\/div>\n\t\t\t\t\t\t\t\t\t\t\t<h3 class=\"sow-sub-headline\">\n\t\t\t\t\t\tS\u00e9lections comp\u00e9tition\t\t\t\t\t\t<\/h3>\n\t\t\t\t\t\t<\/div>\n<\/div><\/div><\/div><\/div><div id=\"pg-9958-1\"  class=\"panel-grid panel-no-style\" ><div id=\"pgc-9958-1-0\"  class=\"panel-grid-cell panel-grid-cell-empty\" ><\/div><div id=\"pgc-9958-1-1\"  class=\"panel-grid-cell panel-grid-cell-mobile-last\" ><div id=\"panel-9958-1-1-0\" class=\"so-panel widget widget_sow-editor panel-first-child panel-last-child\" data-index=\"1\" ><div\n\t\t\t\n\t\t\tclass=\"so-widget-sow-editor so-widget-sow-editor-base\"\n\t\t\t\n\t\t>\n<div class=\"siteorigin-widget-tinymce textwidget\">\n\t<p style=\"text-align: justify;\"><span style=\"font-size: 12pt;\">Deuxi\u00e8me s\u00e9ance de films s\u00e9lectionn\u00e9s pour la comp\u00e9tition par les ados de l'association Tout Court ! Encadr\u00e9s par leurs a\u00een\u00e9s et les b\u00e9n\u00e9voles, Ils ont fait leur choix parmi une cinquantaine de films pr\u00e9s\u00e9lectionn\u00e9s par les adultes de l'association. <\/span><span style=\"font-size: 12pt;\">Pendant 4 mois, ils ont patiemment regard\u00e9, not\u00e9 et d\u00e9battu des court-m\u00e9trages lors des s\u00e9ances du samedi des Ateliers Cin\u00e9ma du Tout Court ! avant d'arriver peu \u00e0 peu \u00e0 leur s\u00e9lection finale \u00e0 l'issue de trois tables rondes.<\/span><\/p>\n<p style=\"text-align: center;\"><span style=\"font-size: 12pt;\"><em><strong>6 films<\/strong> - Dur\u00e9e 1h15 plus \u00e9changes avec les artistes.<\/em><\/span><\/p>\n<p style=\"text-align: center;\"><em>Projection le <strong>samedi 28 mars 2026 <\/strong>\u00e0\u00a0<strong>17h30<\/strong> \u00e0 l<strong>'espace Dany Doriz (ex-salle polyvalente) de Gisors<\/strong><\/em><\/p>\n<\/div>\n<\/div><\/div><\/div><div id=\"pgc-9958-1-2\"  class=\"panel-grid-cell panel-grid-cell-empty\" ><\/div><\/div><div id=\"pg-9958-2\"  class=\"panel-grid panel-no-style\" ><div id=\"pgc-9958-2-0\"  class=\"panel-grid-cell\" ><div id=\"panel-9958-2-0-0\" class=\"so-panel widget widget_sow-headline panel-first-child panel-last-child\" data-index=\"2\" ><div\n\t\t\t\n\t\t\tclass=\"so-widget-sow-headline so-widget-sow-headline-default-6090f20097d1-9958\"\n\t\t\t\n\t\t><div class=\"sow-headline-container \">\n\t\t\t\t\t\t<div class=\"decoration\">\n\t\t\t\t\t\t<div class=\"decoration-inside\"><\/div>\n\t\t\t\t\t<\/div>\n\t\t\t\t\t<\/div>\n<\/div><\/div><\/div><\/div><div id=\"pg-9958-3\"  class=\"panel-grid panel-has-style\" ><div class=\"panel-row-style panel-row-style-for-9958-3\" ><div id=\"pgc-9958-3-0\"  class=\"panel-grid-cell\" ><div id=\"panel-9958-3-0-0\" class=\"so-panel widget widget_sow-editor panel-first-child\" data-index=\"3\" ><div class=\"panel-widget-style panel-widget-style-for-9958-3-0-0\" ><div\n\t\t\t\n\t\t\tclass=\"so-widget-sow-editor so-widget-sow-editor-base\"\n\t\t\t\n\t\t>\n<div class=\"siteorigin-widget-tinymce textwidget\">\n\t<h1 style=\"text-align: justify;\"><span style=\"color: #e6e6e6;\"><b>Supernul<\/b><\/span><\/h1>\n<p>&nbsp;<\/p>\n<\/div>\n<\/div><\/div><\/div><div id=\"panel-9958-3-0-1\" class=\"so-panel widget widget_siteorigin-panels-builder panel-last-child\" data-index=\"4\" ><div id=\"pl-w69c03692b4f97\"  class=\"panel-layout\" ><div id=\"pg-w69c03692b4f97-0\"  class=\"panel-grid panel-no-style\" ><div id=\"pgc-w69c03692b4f97-0-0\"  class=\"panel-grid-cell panel-grid-cell-empty\" ><\/div><div id=\"pgc-w69c03692b4f97-0-1\"  class=\"panel-grid-cell\" ><div id=\"panel-w69c03692b4f97-0-1-0\" class=\"so-panel widget widget_sow-image panel-first-child panel-last-child\" data-index=\"0\" ><div class=\"panel-widget-style panel-widget-style-for-w69c03692b4f97-0-1-0\" ><div\n\t\t\t\n\t\t\tclass=\"so-widget-sow-image so-widget-sow-image-default-4e6925654b7a\"\n\t\t\t\n\t\t>\n<div class=\"sow-image-container\">\n\t\t<img \n\tsrc=\"https:\/\/i0.wp.com\/toutcourtfestival.fr\/wp-content\/uploads\/2026\/03\/SN_VIGNETTE_low-scaled.jpg?resize=272%2C182&amp;ssl=1\" width=\"272\" height=\"182\" srcset=\"https:\/\/i0.wp.com\/toutcourtfestival.fr\/wp-content\/uploads\/2026\/03\/SN_VIGNETTE_low-scaled.jpg?resize=272%2C182&amp;ssl=1 272w, https:\/\/i0.wp.com\/toutcourtfestival.fr\/wp-content\/uploads\/2026\/03\/SN_VIGNETTE_low-scaled.jpg?zoom=2&amp;resize=272%2C182&amp;ssl=1 544w, https:\/\/i0.wp.com\/toutcourtfestival.fr\/wp-content\/uploads\/2026\/03\/SN_VIGNETTE_low-scaled.jpg?zoom=3&amp;resize=272%2C182&amp;ssl=1 816w\" title=\"SN_VIGNETTE_low\" alt=\"\" \t\tclass=\"so-widget-image\"\/>\n\t<\/div>\n\n<\/div><\/div><\/div><\/div><div id=\"pgc-w69c03692b4f97-0-2\"  class=\"panel-grid-cell\" ><div id=\"panel-w69c03692b4f97-0-2-0\" class=\"so-panel widget widget_sow-editor panel-first-child panel-last-child\" data-index=\"1\" ><div\n\t\t\t\n\t\t\tclass=\"so-widget-sow-editor so-widget-sow-editor-base\"\n\t\t\t\n\t\t>\n<div class=\"siteorigin-widget-tinymce textwidget\">\n\t<p style=\"text-align: justify;\"><span style=\"font-size: 12pt; color: #e6e6e6;\"><em>Com\u00e9die de Anthony L\u00e9gal - France - 7\u201947\u201d<\/em><\/span><\/p>\n<p style=\"text-align: justify;\"><span style=\"font-size: 12pt; color: #e6e6e6;\">Dans un monde o\u00f9 les super-h\u00e9ros doivent mettre leurs super pouvoirs au service de la soci\u00e9t\u00e9, Renaud, dot\u00e9 de capacit\u00e9s toutes plus foireuses les unes que les autres, tente de convaincre France Super Travail qu'il n'est pas concern\u00e9 par cette obligation.<\/span><\/p>\n<p>&nbsp;<\/p>\n<p>&nbsp;<\/p>\n<\/div>\n<\/div><\/div><\/div><\/div><\/div><\/div><\/div><\/div><\/div><div id=\"pg-9958-4\"  class=\"panel-grid panel-has-style\" ><div class=\"panel-row-style panel-row-style-for-9958-4\" ><div id=\"pgc-9958-4-0\"  class=\"panel-grid-cell\" ><div id=\"panel-9958-4-0-0\" class=\"so-panel widget widget_sow-editor panel-first-child\" data-index=\"5\" ><div class=\"panel-widget-style panel-widget-style-for-9958-4-0-0\" ><div\n\t\t\t\n\t\t\tclass=\"so-widget-sow-editor so-widget-sow-editor-base\"\n\t\t\t\n\t\t>\n<div class=\"siteorigin-widget-tinymce textwidget\">\n\t<h1 style=\"text-align: justify;\">Kamarade<\/h1>\n<\/div>\n<\/div><\/div><\/div><div id=\"panel-9958-4-0-1\" class=\"so-panel widget widget_siteorigin-panels-builder panel-last-child\" data-index=\"6\" ><div id=\"pl-w69910237ebc5e\"  class=\"panel-layout\" ><div id=\"pg-w69910237ebc5e-0\"  class=\"panel-grid panel-no-style\" ><div id=\"pgc-w69910237ebc5e-0-0\"  class=\"panel-grid-cell panel-grid-cell-empty\" ><\/div><div id=\"pgc-w69910237ebc5e-0-1\"  class=\"panel-grid-cell\" ><div id=\"panel-w69910237ebc5e-0-1-0\" class=\"so-panel widget widget_sow-image panel-first-child panel-last-child\" data-index=\"0\" ><div class=\"panel-widget-style panel-widget-style-for-w69910237ebc5e-0-1-0\" ><div\n\t\t\t\n\t\t\tclass=\"so-widget-sow-image so-widget-sow-image-default-4e6925654b7a\"\n\t\t\t\n\t\t>\n<div class=\"sow-image-container\">\n\t\t<img \n\tsrc=\"https:\/\/i0.wp.com\/toutcourtfestival.fr\/wp-content\/uploads\/2026\/02\/1663_picture.jpg?resize=272%2C182&amp;ssl=1\" width=\"272\" height=\"182\" srcset=\"https:\/\/i0.wp.com\/toutcourtfestival.fr\/wp-content\/uploads\/2026\/02\/1663_picture.jpg?resize=272%2C182&amp;ssl=1 272w, https:\/\/i0.wp.com\/toutcourtfestival.fr\/wp-content\/uploads\/2026\/02\/1663_picture.jpg?zoom=2&amp;resize=272%2C182&amp;ssl=1 544w, https:\/\/i0.wp.com\/toutcourtfestival.fr\/wp-content\/uploads\/2026\/02\/1663_picture.jpg?zoom=3&amp;resize=272%2C182&amp;ssl=1 816w\" alt=\"\" \t\tclass=\"so-widget-image\"\/>\n\t<\/div>\n\n<\/div><\/div><\/div><\/div><div id=\"pgc-w69910237ebc5e-0-2\"  class=\"panel-grid-cell\" ><div id=\"panel-w69910237ebc5e-0-2-0\" class=\"so-panel widget widget_sow-editor panel-first-child panel-last-child\" data-index=\"1\" ><div\n\t\t\t\n\t\t\tclass=\"so-widget-sow-editor so-widget-sow-editor-base\"\n\t\t\t\n\t\t>\n<div class=\"siteorigin-widget-tinymce textwidget\">\n\t<p style=\"text-align: justify;\"><span style=\"font-size: 12pt;\">Fantastique de l'\u00e9cole Supinfocom Rubika - Garance Valere , Valentin Okoundou , Hubert Chauvaux , Alice Bourget , Louise Laurent , Fleuriane Le Guillou - France - 8\u201918\u201d [Film d'animation]<\/span><\/p>\n<p style=\"text-align: justify;\"><span style=\"font-size: 12pt;\">Dans une station spatiale sovi\u00e9tique, le robot Katerina accueille Iouri, son camarade cosmonaute. Ensemble, ils rempliront leur mission spatiale et rendront fi\u00e8re leur m\u00e8re patrie. D\u00e8s son arriv\u00e9e, une routine s'installe et une amiti\u00e9 na\u00eet. Mais un jour, quelque chose bouleverse Iouri. Il change, s\u2019\u00e9loigne, sans rien expliquer. Katerina tente de comprendre ce qu'il se passe, et devra finalement faire l'exp\u00e9rience d'une \u00e9motion humaine complexe : la solitude.<\/span><\/p>\n<\/div>\n<\/div><\/div><\/div><\/div><\/div><\/div><\/div><\/div><\/div><div id=\"pg-9958-5\"  class=\"panel-grid panel-has-style\" ><div class=\"panel-row-style panel-row-style-for-9958-5\" ><div id=\"pgc-9958-5-0\"  class=\"panel-grid-cell\" ><div id=\"panel-9958-5-0-0\" class=\"so-panel widget widget_sow-editor panel-first-child\" data-index=\"7\" ><div class=\"panel-widget-style panel-widget-style-for-9958-5-0-0\" ><div\n\t\t\t\n\t\t\tclass=\"so-widget-sow-editor so-widget-sow-editor-base\"\n\t\t\t\n\t\t>\n<div class=\"siteorigin-widget-tinymce textwidget\">\n\t<h1 style=\"text-align: justify;\"><span style=\"color: #e6e6e6;\"><b>La barri\u00e8re<\/b><\/span><\/h1>\n<p>&nbsp;<\/p>\n<\/div>\n<\/div><\/div><\/div><div id=\"panel-9958-5-0-1\" class=\"so-panel widget widget_siteorigin-panels-builder panel-last-child\" data-index=\"8\" ><div id=\"pl-w69910237ed8e3\"  class=\"panel-layout\" ><div id=\"pg-w69910237ed8e3-0\"  class=\"panel-grid panel-no-style\" ><div id=\"pgc-w69910237ed8e3-0-0\"  class=\"panel-grid-cell panel-grid-cell-empty\" ><\/div><div id=\"pgc-w69910237ed8e3-0-1\"  class=\"panel-grid-cell\" ><div id=\"panel-w69910237ed8e3-0-1-0\" class=\"so-panel widget widget_sow-image panel-first-child panel-last-child\" data-index=\"0\" ><div class=\"panel-widget-style panel-widget-style-for-w69910237ed8e3-0-1-0\" ><div\n\t\t\t\n\t\t\tclass=\"so-widget-sow-image so-widget-sow-image-default-4e6925654b7a\"\n\t\t\t\n\t\t>\n<div class=\"sow-image-container\">\n\t\t<img \n\tsrc=\"https:\/\/i0.wp.com\/toutcourtfestival.fr\/wp-content\/uploads\/2026\/02\/9783_thumb-scaled.jpg?resize=272%2C182&amp;ssl=1\" width=\"272\" height=\"182\" srcset=\"https:\/\/i0.wp.com\/toutcourtfestival.fr\/wp-content\/uploads\/2026\/02\/9783_thumb-scaled.jpg?resize=272%2C182&amp;ssl=1 272w, https:\/\/i0.wp.com\/toutcourtfestival.fr\/wp-content\/uploads\/2026\/02\/9783_thumb-scaled.jpg?zoom=2&amp;resize=272%2C182&amp;ssl=1 544w, https:\/\/i0.wp.com\/toutcourtfestival.fr\/wp-content\/uploads\/2026\/02\/9783_thumb-scaled.jpg?zoom=3&amp;resize=272%2C182&amp;ssl=1 816w\" title=\"9783_thumb\" alt=\"\" \t\tclass=\"so-widget-image\"\/>\n\t<\/div>\n\n<\/div><\/div><\/div><\/div><div id=\"pgc-w69910237ed8e3-0-2\"  class=\"panel-grid-cell\" ><div id=\"panel-w69910237ed8e3-0-2-0\" class=\"so-panel widget widget_sow-editor panel-first-child panel-last-child\" data-index=\"1\" ><div\n\t\t\t\n\t\t\tclass=\"so-widget-sow-editor so-widget-sow-editor-base\"\n\t\t\t\n\t\t>\n<div class=\"siteorigin-widget-tinymce textwidget\">\n\t<p style=\"text-align: justify;\"><span style=\"font-size: 12pt; color: #e6e6e6;\"><em>Com\u00e9die dramatique de Christophe Deram - France - 17\u201949\u201d<\/em><\/span><\/p>\n<p style=\"text-align: justify;\"><span style=\"font-size: 12pt; color: #e6e6e6;\">G\u00e9raldine, jeune r\u00e9alisatrice, bloque une route d\u00e9serte pour un tournage pr\u00e8s de Calais. Peu de gens y passent, hormis Amar, un r\u00e9fugi\u00e9 syrien. G\u00ean\u00e9e par son barrage et son talkie-walkie qui ne cesse de lui donner des ordres, G\u00e9raldine s'efforce de mener \u00e0 bien sa mission sous le regard intrigu\u00e9 et amus\u00e9 d'Amar. Cette rencontre inattendue liera furtivement les destins de ces deux \u00eatres solitaires.<\/span><\/p>\n<\/div>\n<\/div><\/div><\/div><\/div><\/div><\/div><\/div><\/div><\/div><div id=\"pg-9958-6\"  class=\"panel-grid panel-has-style\" ><div class=\"panel-row-style panel-row-style-for-9958-6\" ><div id=\"pgc-9958-6-0\"  class=\"panel-grid-cell\" ><div id=\"panel-9958-6-0-0\" class=\"so-panel widget widget_sow-editor panel-first-child\" data-index=\"9\" ><div class=\"panel-widget-style panel-widget-style-for-9958-6-0-0\" ><div\n\t\t\t\n\t\t\tclass=\"so-widget-sow-editor so-widget-sow-editor-base\"\n\t\t\t\n\t\t>\n<div class=\"siteorigin-widget-tinymce textwidget\">\n\t<h1 style=\"text-align: justify;\"><b>Choupi & Zinou<\/b><\/h1>\n<p>&nbsp;<\/p>\n<\/div>\n<\/div><\/div><\/div><div id=\"panel-9958-6-0-1\" class=\"so-panel widget widget_siteorigin-panels-builder panel-last-child\" data-index=\"10\" ><div id=\"pl-w69910237ef013\"  class=\"panel-layout\" ><div id=\"pg-w69910237ef013-0\"  class=\"panel-grid panel-no-style\" ><div id=\"pgc-w69910237ef013-0-0\"  class=\"panel-grid-cell panel-grid-cell-empty\" ><\/div><div id=\"pgc-w69910237ef013-0-1\"  class=\"panel-grid-cell\" ><div id=\"panel-w69910237ef013-0-1-0\" class=\"so-panel widget widget_sow-image panel-first-child panel-last-child\" data-index=\"0\" ><div class=\"panel-widget-style panel-widget-style-for-w69910237ef013-0-1-0\" ><div\n\t\t\t\n\t\t\tclass=\"so-widget-sow-image so-widget-sow-image-default-4e6925654b7a\"\n\t\t\t\n\t\t>\n<div class=\"sow-image-container\">\n\t\t<img \n\tsrc=\"https:\/\/i0.wp.com\/toutcourtfestival.fr\/wp-content\/uploads\/2026\/02\/5993_poster-scaled-e1771110277205.jpg?resize=272%2C182&amp;ssl=1\" width=\"272\" height=\"182\" srcset=\"https:\/\/i0.wp.com\/toutcourtfestival.fr\/wp-content\/uploads\/2026\/02\/5993_poster-scaled-e1771110277205.jpg?resize=272%2C182&amp;ssl=1 272w, https:\/\/i0.wp.com\/toutcourtfestival.fr\/wp-content\/uploads\/2026\/02\/5993_poster-scaled-e1771110277205.jpg?zoom=2&amp;resize=272%2C182&amp;ssl=1 544w, https:\/\/i0.wp.com\/toutcourtfestival.fr\/wp-content\/uploads\/2026\/02\/5993_poster-scaled-e1771110277205.jpg?zoom=3&amp;resize=272%2C182&amp;ssl=1 816w\" title=\"5993_poster\" alt=\"\" \t\tclass=\"so-widget-image\"\/>\n\t<\/div>\n\n<\/div><\/div><\/div><\/div><div id=\"pgc-w69910237ef013-0-2\"  class=\"panel-grid-cell\" ><div id=\"panel-w69910237ef013-0-2-0\" class=\"so-panel widget widget_sow-editor panel-first-child panel-last-child\" data-index=\"1\" ><div\n\t\t\t\n\t\t\tclass=\"so-widget-sow-editor so-widget-sow-editor-base\"\n\t\t\t\n\t\t>\n<div class=\"siteorigin-widget-tinymce textwidget\">\n\t<p style=\"text-align: justify;\"><span style=\"font-size: 12pt;\"><em>Drame de l'\u00e9cole Piktura - Constance Braun , Maxence Lambois , Lauriane Devaux , Mathilde Zupancie , Charlie Bossuyt , Julien Miternique , Gwendoline Leprince - France - 9\u201923\u201d [Film d'animation]<\/em><\/span><\/p>\n<p style=\"text-align: justify;\"><span style=\"font-size: 12pt;\">Deux soeurs accompagnent leurs animaux de compagnie dans la vieillesse.<\/span><\/p>\n<p>&nbsp;<\/p>\n<\/div>\n<\/div><\/div><\/div><\/div><\/div><\/div><\/div><\/div><\/div><div id=\"pg-9958-7\"  class=\"panel-grid panel-has-style\" ><div class=\"panel-row-style panel-row-style-for-9958-7\" ><div id=\"pgc-9958-7-0\"  class=\"panel-grid-cell\" ><div id=\"panel-9958-7-0-0\" class=\"so-panel widget widget_sow-editor panel-first-child\" data-index=\"11\" ><div class=\"panel-widget-style panel-widget-style-for-9958-7-0-0\" ><div\n\t\t\t\n\t\t\tclass=\"so-widget-sow-editor so-widget-sow-editor-base\"\n\t\t\t\n\t\t>\n<div class=\"siteorigin-widget-tinymce textwidget\">\n\t<h1 style=\"text-align: justify;\"><span style=\"color: #e6e6e6;\"><b>Hyper<\/b><\/span><\/h1>\n<p>&nbsp;<\/p>\n<\/div>\n<\/div><\/div><\/div><div id=\"panel-9958-7-0-1\" class=\"so-panel widget widget_siteorigin-panels-builder panel-last-child\" data-index=\"12\" ><div id=\"pl-w69910237f0aaa\"  class=\"panel-layout\" ><div id=\"pg-w69910237f0aaa-0\"  class=\"panel-grid panel-no-style\" ><div id=\"pgc-w69910237f0aaa-0-0\"  class=\"panel-grid-cell panel-grid-cell-empty\" ><\/div><div id=\"pgc-w69910237f0aaa-0-1\"  class=\"panel-grid-cell\" ><div id=\"panel-w69910237f0aaa-0-1-0\" class=\"so-panel widget widget_sow-image panel-first-child panel-last-child\" data-index=\"0\" ><div class=\"panel-widget-style panel-widget-style-for-w69910237f0aaa-0-1-0\" ><div\n\t\t\t\n\t\t\tclass=\"so-widget-sow-image so-widget-sow-image-default-4e6925654b7a\"\n\t\t\t\n\t\t>\n<div class=\"sow-image-container\">\n\t\t<img \n\tsrc=\"https:\/\/i0.wp.com\/toutcourtfestival.fr\/wp-content\/uploads\/2026\/02\/890_thumb-scaled-e1774949597391.jpg?resize=272%2C182&amp;ssl=1\" width=\"272\" height=\"182\" srcset=\"https:\/\/i0.wp.com\/toutcourtfestival.fr\/wp-content\/uploads\/2026\/02\/890_thumb-scaled-e1774949597391.jpg?resize=272%2C182&amp;ssl=1 272w, https:\/\/i0.wp.com\/toutcourtfestival.fr\/wp-content\/uploads\/2026\/02\/890_thumb-scaled-e1774949597391.jpg?zoom=2&amp;resize=272%2C182&amp;ssl=1 544w, https:\/\/i0.wp.com\/toutcourtfestival.fr\/wp-content\/uploads\/2026\/02\/890_thumb-scaled-e1774949597391.jpg?zoom=3&amp;resize=272%2C182&amp;ssl=1 816w\" title=\"890_thumb\" alt=\"\" \t\tclass=\"so-widget-image\"\/>\n\t<\/div>\n\n<\/div><\/div><\/div><\/div><div id=\"pgc-w69910237f0aaa-0-2\"  class=\"panel-grid-cell\" ><div id=\"panel-w69910237f0aaa-0-2-0\" class=\"so-panel widget widget_sow-editor panel-first-child panel-last-child\" data-index=\"1\" ><div\n\t\t\t\n\t\t\tclass=\"so-widget-sow-editor so-widget-sow-editor-base\"\n\t\t\t\n\t\t>\n<div class=\"siteorigin-widget-tinymce textwidget\">\n\t<p style=\"text-align: justify;\"><span style=\"font-size: 12pt; color: #e6e6e6;\"><em>Com\u00e9die sentimentale de Lucie Langlois - France - 9\u201910\u201d<\/em><\/span><\/p>\n<p style=\"text-align: justify;\"><span style=\"font-size: 12pt; color: #e6e6e6;\">Toutes les nuits depuis des mois, Ada r\u00eave qu\u2019elle est dans un supermarch\u00e9. Elle y voit un signe : c\u2019est en faisant ses courses qu\u2019elle rencontrera l\u2019homme de sa vie.<\/span><\/p>\n<\/div>\n<\/div><\/div><\/div><\/div><\/div><\/div><\/div><\/div><\/div><div id=\"pg-9958-8\"  class=\"panel-grid panel-has-style\" ><div class=\"panel-row-style panel-row-style-for-9958-8\" ><div id=\"pgc-9958-8-0\"  class=\"panel-grid-cell\" ><div id=\"panel-9958-8-0-0\" class=\"so-panel widget widget_sow-editor panel-first-child\" data-index=\"13\" ><div class=\"panel-widget-style panel-widget-style-for-9958-8-0-0\" ><div\n\t\t\t\n\t\t\tclass=\"so-widget-sow-editor so-widget-sow-editor-base\"\n\t\t\t\n\t\t>\n<div class=\"siteorigin-widget-tinymce textwidget\">\n\t<h1 style=\"text-align: justify;\"><b>Gardiennes de nuit<\/b><\/h1>\n<p>&nbsp;<\/p>\n<\/div>\n<\/div><\/div><\/div><div id=\"panel-9958-8-0-1\" class=\"so-panel widget widget_siteorigin-panels-builder panel-last-child\" data-index=\"14\" ><div id=\"pl-w6991037191cf6\"  class=\"panel-layout\" ><div id=\"pg-w6991037191cf6-0\"  class=\"panel-grid panel-no-style\" ><div id=\"pgc-w6991037191cf6-0-0\"  class=\"panel-grid-cell panel-grid-cell-empty\" ><\/div><div id=\"pgc-w6991037191cf6-0-1\"  class=\"panel-grid-cell\" ><div id=\"panel-w6991037191cf6-0-1-0\" class=\"so-panel widget widget_sow-image panel-first-child panel-last-child\" data-index=\"0\" ><div class=\"panel-widget-style panel-widget-style-for-w6991037191cf6-0-1-0\" ><div\n\t\t\t\n\t\t\tclass=\"so-widget-sow-image so-widget-sow-image-default-4e6925654b7a\"\n\t\t\t\n\t\t>\n<div class=\"sow-image-container\">\n\t\t<img \n\tsrc=\"https:\/\/i0.wp.com\/toutcourtfestival.fr\/wp-content\/uploads\/2026\/02\/1802_thumb-scaled-e1771110852714.png?resize=272%2C182&amp;ssl=1\" width=\"272\" height=\"182\" srcset=\"https:\/\/i0.wp.com\/toutcourtfestival.fr\/wp-content\/uploads\/2026\/02\/1802_thumb-scaled-e1771110852714.png?resize=272%2C182&amp;ssl=1 272w, https:\/\/i0.wp.com\/toutcourtfestival.fr\/wp-content\/uploads\/2026\/02\/1802_thumb-scaled-e1771110852714.png?zoom=2&amp;resize=272%2C182&amp;ssl=1 544w, https:\/\/i0.wp.com\/toutcourtfestival.fr\/wp-content\/uploads\/2026\/02\/1802_thumb-scaled-e1771110852714.png?zoom=3&amp;resize=272%2C182&amp;ssl=1 816w\" title=\"1802_thumb\" alt=\"\" \t\tclass=\"so-widget-image\"\/>\n\t<\/div>\n\n<\/div><\/div><\/div><\/div><div id=\"pgc-w6991037191cf6-0-2\"  class=\"panel-grid-cell\" ><div id=\"panel-w6991037191cf6-0-2-0\" class=\"so-panel widget widget_sow-editor panel-first-child panel-last-child\" data-index=\"1\" ><div\n\t\t\t\n\t\t\tclass=\"so-widget-sow-editor so-widget-sow-editor-base\"\n\t\t\t\n\t\t>\n<div class=\"siteorigin-widget-tinymce textwidget\">\n\t<p style=\"text-align: justify;\"><span style=\"font-size: 12pt;\"><em>Drame de Nina Khada - France - 23\u201932\u201d<\/em><\/span><\/p>\n<p style=\"text-align: justify;\"><span style=\"font-size: 12pt;\">Nora a vingt ans et accompagne la d\u00e9pouille de sa grand-m\u00e8re en Alg\u00e9rie. Une fois sur place, sa famille la dissuade d'assister \u00e0 l'enterrement. Coinc\u00e9e entre les quatre murs de la maison familiale o\u00f9 elle veille le corps de sa grand-m\u00e8re elle enrage, en silence.<\/span><\/p>\n<p>&nbsp;<\/p>\n<\/div>\n<\/div><\/div><\/div><\/div><\/div><\/div><\/div><\/div><\/div><div id=\"pg-9958-9\"  class=\"panel-grid panel-no-style\" ><div id=\"pgc-9958-9-0\"  class=\"panel-grid-cell\" ><div id=\"panel-9958-9-0-0\" class=\"so-panel widget widget_text panel-first-child panel-last-child\" data-index=\"15\" >\t\t\t<div class=\"textwidget\"><style>.entry-title {display:none;}<\/style> <\/div>\n\t\t<\/div><\/div><\/div><\/div>","protected":false},"excerpt":{"rendered":"<p>S\u00e9lection 2026 \u2022 Comp\u00e9tition n\u00b02 S\u00e9lections comp\u00e9tition <\/p>\n<p style=\"text-align: justify;\">Deuxi\u00e8me s\u00e9ance de films s\u00e9lectionn\u00e9s pour la comp\u00e9tition par les ados de l&#8217;association Tout Court ! Encadr\u00e9s par leurs a\u00een\u00e9s et les b\u00e9n\u00e9voles, Ils ont fait leur choix parmi une cinquantaine de films pr\u00e9s\u00e9lectionn\u00e9s par les adultes de l&#8217;association. Pendant 4 mois, ils ont patiemment regard\u00e9, &hellip; <\/p>\n<p><a class=\"more-link btn\" href=\"https:\/\/toutcourtfestival.fr\/index.php\/selections-2026\/selections-2026-competition-2\/\">Continue reading<\/a><\/p>\n","protected":false},"author":4,"featured_media":0,"parent":9949,"menu_order":0,"comment_status":"closed","ping_status":"closed","template":"","meta":{"ngg_post_thumbnail":0,"jetpack_post_was_ever_published":false,"footnotes":""},"class_list":["post-9958","page","type-page","status-publish","hentry","nodate","item-wrap"],"jetpack_sharing_enabled":true,"jetpack_shortlink":"https:\/\/wp.me\/P8k6iw-2AC","jetpack_likes_enabled":true,"_links":{"self":[{"href":"https:\/\/toutcourtfestival.fr\/index.php\/wp-json\/wp\/v2\/pages\/9958","targetHints":{"allow":["GET"]}}],"collection":[{"href":"https:\/\/toutcourtfestival.fr\/index.php\/wp-json\/wp\/v2\/pages"}],"about":[{"href":"https:\/\/toutcourtfestival.fr\/index.php\/wp-json\/wp\/v2\/types\/page"}],"author":[{"embeddable":true,"href":"https:\/\/toutcourtfestival.fr\/index.php\/wp-json\/wp\/v2\/users\/4"}],"replies":[{"embeddable":true,"href":"https:\/\/toutcourtfestival.fr\/index.php\/wp-json\/wp\/v2\/comments?post=9958"}],"version-history":[{"count":7,"href":"https:\/\/toutcourtfestival.fr\/index.php\/wp-json\/wp\/v2\/pages\/9958\/revisions"}],"predecessor-version":[{"id":10393,"href":"https:\/\/toutcourtfestival.fr\/index.php\/wp-json\/wp\/v2\/pages\/9958\/revisions\/10393"}],"up":[{"embeddable":true,"href":"https:\/\/toutcourtfestival.fr\/index.php\/wp-json\/wp\/v2\/pages\/9949"}],"wp:attachment":[{"href":"https:\/\/toutcourtfestival.fr\/index.php\/wp-json\/wp\/v2\/media?parent=9958"}],"curies":[{"name":"wp","href":"https:\/\/api.w.org\/{rel}","templated":true}]}}