{"id":999,"date":"2017-03-01T16:40:11","date_gmt":"2017-03-01T15:40:11","guid":{"rendered":"http:\/\/toutcourtfestival.fr\/?page_id=999"},"modified":"2017-06-01T10:40:09","modified_gmt":"2017-06-01T08:40:09","slug":"concours-video","status":"publish","type":"page","link":"https:\/\/toutcourtfestival.fr\/index.php\/concours-video\/","title":{"rendered":"Concours vid\u00e9o !"},"content":{"rendered":"<div id=\"pl-999\"  class=\"panel-layout\" ><div id=\"pg-999-0\"  class=\"panel-grid panel-has-style\" ><div class=\"panel-row-style panel-row-style-for-999-0\" ><div id=\"pgc-999-0-0\"  class=\"panel-grid-cell\" ><div id=\"panel-999-0-0-0\" class=\"so-panel widget widget_sow-headline panel-first-child panel-last-child\" data-index=\"0\" ><div\n\t\t\t\n\t\t\tclass=\"so-widget-sow-headline so-widget-sow-headline-default-6090f20097d1-999\"\n\t\t\t\n\t\t><div class=\"sow-headline-container \">\n\t\t\t\t\t\t\t<h1 class=\"sow-headline\">\n\t\t\t\t\t\tConcours vid\u00e9o ouvert aux amateurs et films d'ateliers\t\t\t\t\t\t<\/h1>\n\t\t\t\t\t\t\t\t\t\t\t<div class=\"decoration\">\n\t\t\t\t\t\t<div class=\"decoration-inside\"><\/div>\n\t\t\t\t\t<\/div>\n\t\t\t\t\t<\/div>\n<\/div><\/div><\/div><\/div><\/div><div id=\"pg-999-1\"  class=\"panel-grid panel-no-style\" ><div id=\"pgc-999-1-0\"  class=\"panel-grid-cell\" ><div id=\"panel-999-1-0-0\" class=\"so-panel widget widget_sow-editor panel-first-child panel-last-child\" data-index=\"1\" ><div class=\"panel-widget-style panel-widget-style-for-999-1-0-0\" ><div\n\t\t\t\n\t\t\tclass=\"so-widget-sow-editor so-widget-sow-editor-base\"\n\t\t\t\n\t\t>\n<div class=\"siteorigin-widget-tinymce textwidget\">\n\t<p style=\"text-align: left;\">Le Tout Court ! festival du court-m\u00e9trages de Gisors organise un concours ouvert aux amateurs et films d\u2019ateliers!<\/p>\n<p style=\"text-align: justify;\"><span style=\"color: #ff0000; font-size: 12pt;\"><strong>Les inscriptions pour le concours de l'\u00e9dition 2017 sont closes. Merci \u00e0 tous les participants!<\/strong><\/span><\/p>\n<p style=\"text-align: justify;\">La remise des prix aura lieu le 9 juillet 2017 pendant le Tout Court !<\/p>\n<p style=\"text-align: justify;\">Le sujet du concours est compos\u00e9 d\u2019un th\u00e8me impos\u00e9, d\u2019un \u00e9l\u00e9ment sc\u00e9naristique impos\u00e9 et d\u2019une phrase de dialogue impos\u00e9e. Cette derni\u00e8re peut \u00eatre prononc\u00e9e ou appara\u00eetre \u00e0 l\u2019\u00e9crit dans le film (hors g\u00e9n\u00e9rique) mais ne doit pas subir de modification - seule la ponctuation finale est libre dans le cas de l\u2019\u00e9crit.<\/p>\n<ul style=\"text-align: justify;\">\n<li style=\"text-align: justify;\"><strong>Th\u00e8me impos\u00e9 :<\/strong> Pourquoi ?<\/li>\n<li style=\"text-align: justify;\"><strong>\u00c9l\u00e9ment sc\u00e9naristique impos\u00e9 :<\/strong> Quelque chose s\u2019\u00e9teint.<\/li>\n<li style=\"text-align: justify;\"><strong>Phrase de dialogue impos\u00e9e<\/strong> : \u00ab Ce n\u2019est pas ce que tu crois \u00bb ou bien \u00ab C\u2019est pas ce que tu crois \u00bb.<\/li>\n<\/ul>\n<p>Les films concourants devront r\u00e9pondre aux <strong>crit\u00e8res suivants :<\/strong><\/p>\n<ul>\n<li>Production et r\u00e9alisation amateur ou en ateliers (associatifs, scolaires, etc\u2026)<\/li>\n<li>Fiction.<\/li>\n<li>Dur\u00e9e maximale 15 minutes (g\u00e9n\u00e9rique non compris)<\/li>\n<li>Tout public.<\/li>\n<li>Respect du sujet.<\/li>\n<li>Sous-titres fran\u00e7ais pour les films non francophones.<\/li>\n<\/ul>\n<p>Les films d\u2019animation sont accept\u00e9s tout comme les prises de vues r\u00e9elles, aucun genre n\u2019est impos\u00e9.<\/p>\n<p style=\"text-align: justify;\">&nbsp;<\/p>\n<h2 style=\"text-align: justify;\">&nbsp;<\/h2>\n<\/div>\n<\/div><\/div><\/div><\/div><div id=\"pgc-999-1-1\"  class=\"panel-grid-cell\" ><div id=\"panel-999-1-1-0\" class=\"so-panel widget widget_sow-editor panel-first-child\" data-index=\"2\" ><div\n\t\t\t\n\t\t\tclass=\"so-widget-sow-editor so-widget-sow-editor-base\"\n\t\t\t\n\t\t>\n<div class=\"siteorigin-widget-tinymce textwidget\">\n\t<p><iframe loading=\"lazy\" src=\"\/\/www.youtube.com\/embed\/5RnlpCZci1g\" width=\"450\" height=\"252\" allowfullscreen=\"allowfullscreen\"><\/iframe><\/p>\n<\/div>\n<\/div><\/div><div id=\"panel-999-1-1-1\" class=\"so-panel widget widget_sow-editor panel-last-child\" data-index=\"3\" ><div\n\t\t\t\n\t\t\tclass=\"so-widget-sow-editor so-widget-sow-editor-base\"\n\t\t\t\n\t\t>\n<div class=\"siteorigin-widget-tinymce textwidget\">\n\t<h1>Inscriptions<\/h1>\n<p><strong><span style=\"color: #ff0000;\">Inscription closes pour l'\u00e9diction 2017, merci \u00e0 tous les participants!<\/span><\/strong><\/p>\n<ol>\n<li>T\u00e9l\u00e9charger le&nbsp;<strong><a href=\"http:\/\/toutcourtfestival.fr\/wp-content\/uploads\/2017\/01\/Festival-Tout-Court-de-Gisors-2017-Formulaire-inscription-avec-r\u00e8glement.pdf\">formulaire d'inscription en cliquant ici<\/a>.<\/strong><\/li>\n<li>Lisez le r\u00e8glement qui fait suite au formulaire dans le m\u00eame document. Votre inscription vaudra acceptation de ce r\u00e8glement.<\/li>\n<li>Remplissez le formulaire et renvoyez-le par email \u00e0 l'adresse indiqu\u00e9 sur le document.<\/li>\n<li>Envoyez nous votre film \u00e0 travers un service de transfert de fichier ou bien indiquez-nous un lien web s'il est visible en ligne.<\/li>\n<\/ol>\n<p>Date limite d'inscription: <strong>31\/05\/2017<\/strong><\/p>\n<p>&nbsp;<\/p>\n<\/div>\n<\/div><\/div><\/div><\/div><div id=\"pg-999-2\"  class=\"panel-grid panel-no-style\" ><div id=\"pgc-999-2-0\"  class=\"panel-grid-cell\" ><div id=\"panel-999-2-0-0\" class=\"so-panel widget widget_sow-image panel-first-child panel-last-child\" data-index=\"4\" ><div\n\t\t\t\n\t\t\tclass=\"so-widget-sow-image so-widget-sow-image-default-c67d20f9f743-999\"\n\t\t\t\n\t\t>\n<div class=\"sow-image-container\">\n\t\t<img \n\tsrc=\"https:\/\/i0.wp.com\/toutcourtfestival.fr\/wp-content\/uploads\/2017\/03\/17349717_10211331709504283_7239196324701442247_o.jpg?fit=1200%2C630&amp;ssl=1\" width=\"1200\" height=\"630\" srcset=\"https:\/\/i0.wp.com\/toutcourtfestival.fr\/wp-content\/uploads\/2017\/03\/17349717_10211331709504283_7239196324701442247_o.jpg?w=1200&amp;ssl=1 1200w, https:\/\/i0.wp.com\/toutcourtfestival.fr\/wp-content\/uploads\/2017\/03\/17349717_10211331709504283_7239196324701442247_o.jpg?resize=300%2C158&amp;ssl=1 300w, https:\/\/i0.wp.com\/toutcourtfestival.fr\/wp-content\/uploads\/2017\/03\/17349717_10211331709504283_7239196324701442247_o.jpg?resize=768%2C403&amp;ssl=1 768w, https:\/\/i0.wp.com\/toutcourtfestival.fr\/wp-content\/uploads\/2017\/03\/17349717_10211331709504283_7239196324701442247_o.jpg?resize=1024%2C538&amp;ssl=1 1024w\" title=\"@Raph d&#039;Ys\" alt=\"\" \t\tclass=\"so-widget-image\"\/>\n\t<\/div>\n\n<\/div><\/div><\/div><\/div><div id=\"pg-999-3\"  class=\"panel-grid panel-no-style\" ><div id=\"pgc-999-3-0\"  class=\"panel-grid-cell\" ><div id=\"panel-999-3-0-0\" class=\"so-panel widget widget_text panel-first-child panel-last-child\" data-index=\"5\" >\t\t\t<div class=\"textwidget\"><style>.entry-title {display:none;}<\/style> <\/div>\n\t\t<\/div><\/div><\/div><\/div>","protected":false},"excerpt":{"rendered":"<p>Concours vid\u00e9o ouvert aux amateurs et films d&#8217;ateliers <\/p>\n<p style=\"text-align: left;\">Le Tout Court ! festival du court-m\u00e9trages de Gisors organise un concours ouvert aux amateurs et films d\u2019ateliers!<\/p>\n<p style=\"text-align: justify;\"><strong>Les inscriptions pour le concours de l&#8217;\u00e9dition 2017 sont closes. Merci \u00e0 tous les participants!<\/strong><\/p>\n<p style=\"text-align: justify;\">La remise des prix aura lieu le 9 &hellip; <\/p>\n<p><a class=\"more-link btn\" href=\"https:\/\/toutcourtfestival.fr\/index.php\/concours-video\/\">Continue reading<\/a><\/p>\n","protected":false},"author":1,"featured_media":1001,"parent":0,"menu_order":0,"comment_status":"closed","ping_status":"closed","template":"","meta":{"ngg_post_thumbnail":0,"jetpack_post_was_ever_published":false,"footnotes":""},"class_list":["post-999","page","type-page","status-publish","has-post-thumbnail","hentry","nodate","item-wrap"],"jetpack_sharing_enabled":true,"jetpack_shortlink":"https:\/\/wp.me\/P8k6iw-g7","jetpack_likes_enabled":true,"_links":{"self":[{"href":"https:\/\/toutcourtfestival.fr\/index.php\/wp-json\/wp\/v2\/pages\/999","targetHints":{"allow":["GET"]}}],"collection":[{"href":"https:\/\/toutcourtfestival.fr\/index.php\/wp-json\/wp\/v2\/pages"}],"about":[{"href":"https:\/\/toutcourtfestival.fr\/index.php\/wp-json\/wp\/v2\/types\/page"}],"author":[{"embeddable":true,"href":"https:\/\/toutcourtfestival.fr\/index.php\/wp-json\/wp\/v2\/users\/1"}],"replies":[{"embeddable":true,"href":"https:\/\/toutcourtfestival.fr\/index.php\/wp-json\/wp\/v2\/comments?post=999"}],"version-history":[{"count":0,"href":"https:\/\/toutcourtfestival.fr\/index.php\/wp-json\/wp\/v2\/pages\/999\/revisions"}],"wp:featuredmedia":[{"embeddable":true,"href":"https:\/\/toutcourtfestival.fr\/index.php\/wp-json\/wp\/v2\/media\/1001"}],"wp:attachment":[{"href":"https:\/\/toutcourtfestival.fr\/index.php\/wp-json\/wp\/v2\/media?parent=999"}],"curies":[{"name":"wp","href":"https:\/\/api.w.org\/{rel}","templated":true}]}}